{"id":12632,"date":"2025-05-28T22:12:12","date_gmt":"2025-05-28T22:12:12","guid":{"rendered":"https:\/\/vitablanca.ma\/product\/rose-baie-shampoing-keratine-x-aloe-vera\/"},"modified":"2026-03-12T21:28:10","modified_gmt":"2026-03-12T21:28:10","slug":"rose-baie-shampoing-keratine-x-aloe-vera","status":"publish","type":"product","link":"https:\/\/vitablanca.ma\/en\/product\/rose-baie-shampoing-keratine-x-aloe-vera\/","title":{"rendered":"Rose Baie Keratin Shampoo x Aloe Vera"},"content":{"rendered":"<div id=\"shopify-section-header\" class=\"shopify-section shopify-section--header\" data-mce-fragment=\"1\">\n<header id=\"section-header\" class=\"Header Header--initialized Header--withIcons\" data-section-id=\"header\" data-section-type=\"header\" data-section-settings='{  \"navigationStyle\": \"center\",  \"hasTransparentHeader\": false,  \"isSticky\": true}' role=\"banner\" data-mce-fragment=\"1\"><\/p>\n<div class=\"Header__Wrapper\" data-mce-fragment=\"1\">\n<div class=\"Header__FlexItem Header__FlexItem--logo\" data-mce-fragment=\"1\">\n<div class=\"Header__Logo\" data-mce-fragment=\"1\">Moisturizing and protective treatment shampoo with Aloe vera.<\/div>\n<div class=\"Header__Logo\" data-mce-fragment=\"1\"><\/div>\n<div class=\"Header__Logo\" data-mce-fragment=\"1\">Keratin protects, smooths, and restores strength and shine to your hair. Hair is composed of 95% % of this keratin, which protects it from UV rays, seawater, and other external factors that attack it.<\/div>\n<div class=\"Header__Logo\" data-mce-fragment=\"1\"><\/div>\n<div class=\"Header__Logo\" data-mce-fragment=\"1\">Composed of 98% water, Aloe Vera gel hydrates and strengthens hair. Your hair will be softer, stronger, shinier, and less brittle.<\/div>\n<div class=\"Header__Logo\" data-mce-fragment=\"1\"><\/div>\n<div class=\"Header__Logo\" data-mce-fragment=\"1\">Aloe Vera is also an excellent product for regulating sebum secretion in your scalp, thanks to its purifying action. Indeed, this plant is an excellent cleansing product (for both dry and oily hair) which will allow you to space out your shampoos in the long term.<\/div>\n<div class=\"Header__Logo\" data-mce-fragment=\"1\"><\/div>\n<div class=\"Header__Logo\" data-mce-fragment=\"1\">Rich in vitamins A, B6, and B9, aloe vera helps your hair grow faster. It stimulates blood circulation in your scalp, thus promoting faster hair growth.<\/div>\n<div class=\"Header__Logo\" data-mce-fragment=\"1\"><\/div>\n<div class=\"Header__Logo\" data-mce-fragment=\"1\">Aloe vera is an excellent remedy for itchy, irritated scalps, dandruff, or seborrheic dermatitis. It calms and relieves itching and also helps repair scalp skin.<\/div>\n<\/div>\n<\/div>\n<\/header>\n<\/div>","protected":false},"excerpt":{"rendered":"<p>Shampoing traitant hydratant et protecteur \u00e0 base d\u2019Aloe vera. La k\u00e9ratine prot\u00e8ge, lisse, et redonne force et brillance \u00e0 vos cheveux. Le cheveu est compos\u00e9 \u00e0 95 % de cette k\u00e9ratine qui le prot\u00e8ge contre les UV, l\u2019eau de mer et d\u2019autres facteurs ext\u00e9rieurs qui l\u2019agressent. Compos\u00e9 \u00e0 98% d\u2019eau, le gel d\u2019Alo\u00e9 Vera hydrate [&hellip;]<\/p>\n","protected":false},"featured_media":12630,"template":"","meta":{"om_disable_all_campaigns":false},"product_brand":[],"product_cat":[15],"product_tag":[],"class_list":{"0":"post-12632","1":"product","2":"type-product","3":"status-publish","4":"has-post-thumbnail","6":"product_cat-beaute-sante-complements-alimentaires-soins-et-bien-etre-au-meilleur-prix","8":"first","9":"outofstock","10":"sale","11":"taxable","12":"shipping-taxable","13":"purchasable","14":"product-type-simple"},"yoast_head":"<!-- This site is optimized with the Yoast SEO plugin v27.5 - https:\/\/yoast.com\/product\/yoast-seo-wordpress\/ -->\n<title>Rose Baie Shampoing K\u00e9ratine x Aloe Vera - Maroc Prix<\/title>\n<meta name=\"description\" content=\"Rose Baie Shampoing K\u00e9ratine x Aloe Vera\" \/>\n<meta name=\"robots\" content=\"index, follow, max-snippet:-1, max-image-preview:large, max-video-preview:-1\" \/>\n<link rel=\"canonical\" href=\"https:\/\/vitablanca.ma\/en\/product\/rose-baie-shampoing-keratine-x-aloe-vera\/\" \/>\n<meta property=\"og:locale\" content=\"en_US\" \/>\n<meta property=\"og:type\" content=\"article\" \/>\n<meta property=\"og:title\" content=\"Rose Baie Shampoing K\u00e9ratine x Aloe Vera - Maroc Prix\" \/>\n<meta property=\"og:description\" content=\"Rose Baie Shampoing K\u00e9ratine x Aloe Vera\" \/>\n<meta property=\"og:url\" content=\"https:\/\/vitablanca.ma\/en\/product\/rose-baie-shampoing-keratine-x-aloe-vera\/\" \/>\n<meta property=\"og:site_name\" content=\"Vitablanca.ma &ndash; Sant&eacute;, vitalit&eacute; et bien-&ecirc;tre pour tous les Marocains\" \/>\n<meta property=\"article:publisher\" content=\"https:\/\/www.facebook.com\/profile.php?id=61576678196717\" \/>\n<meta property=\"article:modified_time\" content=\"2026-03-12T21:28:10+00:00\" \/>\n<meta property=\"og:image\" content=\"https:\/\/vitablanca.ma\/wp-content\/uploads\/2025\/05\/PicsArt_12-16-04.32.33.jpg\" \/>\n\t<meta property=\"og:image:width\" content=\"1080\" \/>\n\t<meta property=\"og:image:height\" content=\"1080\" \/>\n\t<meta property=\"og:image:type\" content=\"image\/jpeg\" \/>\n<meta name=\"twitter:card\" content=\"summary_large_image\" \/>\n<meta name=\"twitter:label1\" content=\"Est. reading time\" \/>\n\t<meta name=\"twitter:data1\" content=\"1 minute\" \/>\n<script type=\"application\/ld+json\" class=\"yoast-schema-graph\">{\"@context\":\"https:\\\/\\\/schema.org\",\"@graph\":[{\"@type\":[\"WebPage\",\"ItemPage\"],\"@id\":\"https:\\\/\\\/vitablanca.ma\\\/produit\\\/rose-baie-shampoing-keratine-x-aloe-vera\\\/\",\"url\":\"https:\\\/\\\/vitablanca.ma\\\/produit\\\/rose-baie-shampoing-keratine-x-aloe-vera\\\/\",\"name\":\"Rose Baie Shampoing K\u00e9ratine x Aloe Vera - Maroc Prix\",\"isPartOf\":{\"@id\":\"https:\\\/\\\/vitablanca.ma\\\/#website\"},\"primaryImageOfPage\":{\"@id\":\"https:\\\/\\\/vitablanca.ma\\\/produit\\\/rose-baie-shampoing-keratine-x-aloe-vera\\\/#primaryimage\"},\"image\":{\"@id\":\"https:\\\/\\\/vitablanca.ma\\\/produit\\\/rose-baie-shampoing-keratine-x-aloe-vera\\\/#primaryimage\"},\"thumbnailUrl\":\"https:\\\/\\\/vitablanca.ma\\\/wp-content\\\/uploads\\\/2025\\\/05\\\/PicsArt_12-16-04.32.33.jpg\",\"datePublished\":\"2025-05-28T22:12:12+00:00\",\"dateModified\":\"2026-03-12T21:28:10+00:00\",\"description\":\"Rose Baie Shampoing K\u00e9ratine x Aloe Vera\",\"breadcrumb\":{\"@id\":\"https:\\\/\\\/vitablanca.ma\\\/produit\\\/rose-baie-shampoing-keratine-x-aloe-vera\\\/#breadcrumb\"},\"inLanguage\":\"en-US\",\"potentialAction\":[{\"@type\":\"ReadAction\",\"target\":[\"https:\\\/\\\/vitablanca.ma\\\/produit\\\/rose-baie-shampoing-keratine-x-aloe-vera\\\/\"]}]},{\"@type\":\"ImageObject\",\"inLanguage\":\"en-US\",\"@id\":\"https:\\\/\\\/vitablanca.ma\\\/produit\\\/rose-baie-shampoing-keratine-x-aloe-vera\\\/#primaryimage\",\"url\":\"https:\\\/\\\/vitablanca.ma\\\/wp-content\\\/uploads\\\/2025\\\/05\\\/PicsArt_12-16-04.32.33.jpg\",\"contentUrl\":\"https:\\\/\\\/vitablanca.ma\\\/wp-content\\\/uploads\\\/2025\\\/05\\\/PicsArt_12-16-04.32.33.jpg\",\"width\":1080,\"height\":1080},{\"@type\":\"BreadcrumbList\",\"@id\":\"https:\\\/\\\/vitablanca.ma\\\/produit\\\/rose-baie-shampoing-keratine-x-aloe-vera\\\/#breadcrumb\",\"itemListElement\":[{\"@type\":\"ListItem\",\"position\":1,\"name\":\"Home\",\"item\":\"https:\\\/\\\/vitablanca.ma\\\/\"},{\"@type\":\"ListItem\",\"position\":2,\"name\":\"Tous Les Produits\",\"item\":\"https:\\\/\\\/vitablanca.ma\\\/tous-les-produits\\\/\"},{\"@type\":\"ListItem\",\"position\":3,\"name\":\"Rose Baie Shampoing K\u00e9ratine x Aloe Vera\"}]},{\"@type\":\"WebSite\",\"@id\":\"https:\\\/\\\/vitablanca.ma\\\/#website\",\"url\":\"https:\\\/\\\/vitablanca.ma\\\/\",\"name\":\"VitaBlanca.ma | Compl\u00e9ments alimentaires, sant\u00e9 & beaut\u00e9 au Maroc\",\"description\":\"vendre vitamines et compl\u00e9ments premium des USA &amp; Canada, Nouvelle Z\u00e9lande,Maroc (NOW Foods, Solgar, Manuka). Livraison rapide partout au Maroc.\",\"publisher\":{\"@id\":\"https:\\\/\\\/vitablanca.ma\\\/#organization\"},\"alternateName\":\"VitaBlanca.ma\",\"potentialAction\":[{\"@type\":\"SearchAction\",\"target\":{\"@type\":\"EntryPoint\",\"urlTemplate\":\"https:\\\/\\\/vitablanca.ma\\\/?s={search_term_string}\"},\"query-input\":{\"@type\":\"PropertyValueSpecification\",\"valueRequired\":true,\"valueName\":\"search_term_string\"}}],\"inLanguage\":\"en-US\"},{\"@type\":\"Organization\",\"@id\":\"https:\\\/\\\/vitablanca.ma\\\/#organization\",\"name\":\"VitaBlanca\",\"url\":\"https:\\\/\\\/vitablanca.ma\\\/\",\"logo\":{\"@type\":\"ImageObject\",\"inLanguage\":\"en-US\",\"@id\":\"https:\\\/\\\/vitablanca.ma\\\/#\\\/schema\\\/logo\\\/image\\\/\",\"url\":\"https:\\\/\\\/vitablanca.ma\\\/wp-content\\\/uploads\\\/2025\\\/05\\\/cropped-vitablanca.png\",\"contentUrl\":\"https:\\\/\\\/vitablanca.ma\\\/wp-content\\\/uploads\\\/2025\\\/05\\\/cropped-vitablanca.png\",\"width\":360,\"height\":67,\"caption\":\"VitaBlanca\"},\"image\":{\"@id\":\"https:\\\/\\\/vitablanca.ma\\\/#\\\/schema\\\/logo\\\/image\\\/\"},\"sameAs\":[\"https:\\\/\\\/www.facebook.com\\\/profile.php?id=61576678196717\",\"https:\\\/\\\/www.tiktok.com\\\/@vitablanca.ma\",\"https:\\\/\\\/www.instagram.com\\\/vitablanca.ma\\\/\"]}]}<\/script>\n<!-- \/ Yoast SEO plugin. -->","yoast_head_json":{"title":"Rose Baie Keratin Shampoo x Aloe Vera - Morocco Price","description":"Rose Baie Keratin Shampoo x Aloe Vera","robots":{"index":"index","follow":"follow","max-snippet":"max-snippet:-1","max-image-preview":"max-image-preview:large","max-video-preview":"max-video-preview:-1"},"canonical":"https:\/\/vitablanca.ma\/en\/product\/rose-baie-shampoing-keratine-x-aloe-vera\/","og_locale":"en_US","og_type":"article","og_title":"Rose Baie Shampoing K\u00e9ratine x Aloe Vera - Maroc Prix","og_description":"Rose Baie Shampoing K\u00e9ratine x Aloe Vera","og_url":"https:\/\/vitablanca.ma\/en\/product\/rose-baie-shampoing-keratine-x-aloe-vera\/","og_site_name":"Vitablanca.ma &ndash; Sant&eacute;, vitalit&eacute; et bien-&ecirc;tre pour tous les Marocains","article_publisher":"https:\/\/www.facebook.com\/profile.php?id=61576678196717","article_modified_time":"2026-03-12T21:28:10+00:00","og_image":[{"width":1080,"height":1080,"url":"https:\/\/vitablanca.ma\/wp-content\/uploads\/2025\/05\/PicsArt_12-16-04.32.33.jpg","type":"image\/jpeg"}],"twitter_card":"summary_large_image","twitter_misc":{"Est. reading time":"1 minute"},"schema":{"@context":"https:\/\/schema.org","@graph":[{"@type":["WebPage","ItemPage"],"@id":"https:\/\/vitablanca.ma\/produit\/rose-baie-shampoing-keratine-x-aloe-vera\/","url":"https:\/\/vitablanca.ma\/produit\/rose-baie-shampoing-keratine-x-aloe-vera\/","name":"Rose Baie Keratin Shampoo x Aloe Vera - Morocco Price","isPartOf":{"@id":"https:\/\/vitablanca.ma\/#website"},"primaryImageOfPage":{"@id":"https:\/\/vitablanca.ma\/produit\/rose-baie-shampoing-keratine-x-aloe-vera\/#primaryimage"},"image":{"@id":"https:\/\/vitablanca.ma\/produit\/rose-baie-shampoing-keratine-x-aloe-vera\/#primaryimage"},"thumbnailUrl":"https:\/\/vitablanca.ma\/wp-content\/uploads\/2025\/05\/PicsArt_12-16-04.32.33.jpg","datePublished":"2025-05-28T22:12:12+00:00","dateModified":"2026-03-12T21:28:10+00:00","description":"Rose Baie Keratin Shampoo x Aloe Vera","breadcrumb":{"@id":"https:\/\/vitablanca.ma\/produit\/rose-baie-shampoing-keratine-x-aloe-vera\/#breadcrumb"},"inLanguage":"en-US","potentialAction":[{"@type":"ReadAction","target":["https:\/\/vitablanca.ma\/produit\/rose-baie-shampoing-keratine-x-aloe-vera\/"]}]},{"@type":"ImageObject","inLanguage":"en-US","@id":"https:\/\/vitablanca.ma\/produit\/rose-baie-shampoing-keratine-x-aloe-vera\/#primaryimage","url":"https:\/\/vitablanca.ma\/wp-content\/uploads\/2025\/05\/PicsArt_12-16-04.32.33.jpg","contentUrl":"https:\/\/vitablanca.ma\/wp-content\/uploads\/2025\/05\/PicsArt_12-16-04.32.33.jpg","width":1080,"height":1080},{"@type":"BreadcrumbList","@id":"https:\/\/vitablanca.ma\/produit\/rose-baie-shampoing-keratine-x-aloe-vera\/#breadcrumb","itemListElement":[{"@type":"ListItem","position":1,"name":"Home","item":"https:\/\/vitablanca.ma\/"},{"@type":"ListItem","position":2,"name":"Tous Les Produits","item":"https:\/\/vitablanca.ma\/tous-les-produits\/"},{"@type":"ListItem","position":3,"name":"Rose Baie Shampoing K\u00e9ratine x Aloe Vera"}]},{"@type":"WebSite","@id":"https:\/\/vitablanca.ma\/#website","url":"https:\/\/vitablanca.ma\/","name":"VitaBlanca.ma | Food supplements, health &amp; beauty in Morocco","description":"sell premium vitamins and supplements from USA &amp; Canada, New Zealand, Morocco (NOW Foods, Solgar, Manuka). Fast delivery anywhere in Morocco.","publisher":{"@id":"https:\/\/vitablanca.ma\/#organization"},"alternateName":"VitaBlanca.ma","potentialAction":[{"@type":"SearchAction","target":{"@type":"EntryPoint","urlTemplate":"https:\/\/vitablanca.ma\/?s={search_term_string}"},"query-input":{"@type":"PropertyValueSpecification","valueRequired":true,"valueName":"search_term_string"}}],"inLanguage":"en-US"},{"@type":"Organization","@id":"https:\/\/vitablanca.ma\/#organization","name":"VitaBlanca","url":"https:\/\/vitablanca.ma\/","logo":{"@type":"ImageObject","inLanguage":"en-US","@id":"https:\/\/vitablanca.ma\/#\/schema\/logo\/image\/","url":"https:\/\/vitablanca.ma\/wp-content\/uploads\/2025\/05\/cropped-vitablanca.png","contentUrl":"https:\/\/vitablanca.ma\/wp-content\/uploads\/2025\/05\/cropped-vitablanca.png","width":360,"height":67,"caption":"VitaBlanca"},"image":{"@id":"https:\/\/vitablanca.ma\/#\/schema\/logo\/image\/"},"sameAs":["https:\/\/www.facebook.com\/profile.php?id=61576678196717","https:\/\/www.tiktok.com\/@vitablanca.ma","https:\/\/www.instagram.com\/vitablanca.ma\/"]}]}},"jetpack_sharing_enabled":true,"_links":{"self":[{"href":"https:\/\/vitablanca.ma\/en\/wp-json\/wp\/v2\/product\/12632","targetHints":{"allow":["GET"]}}],"collection":[{"href":"https:\/\/vitablanca.ma\/en\/wp-json\/wp\/v2\/product"}],"about":[{"href":"https:\/\/vitablanca.ma\/en\/wp-json\/wp\/v2\/types\/product"}],"wp:featuredmedia":[{"embeddable":true,"href":"https:\/\/vitablanca.ma\/en\/wp-json\/wp\/v2\/media\/12630"}],"wp:attachment":[{"href":"https:\/\/vitablanca.ma\/en\/wp-json\/wp\/v2\/media?parent=12632"}],"wp:term":[{"taxonomy":"product_brand","embeddable":true,"href":"https:\/\/vitablanca.ma\/en\/wp-json\/wp\/v2\/product_brand?post=12632"},{"taxonomy":"product_cat","embeddable":true,"href":"https:\/\/vitablanca.ma\/en\/wp-json\/wp\/v2\/product_cat?post=12632"},{"taxonomy":"product_tag","embeddable":true,"href":"https:\/\/vitablanca.ma\/en\/wp-json\/wp\/v2\/product_tag?post=12632"}],"curies":[{"name":"wp","href":"https:\/\/api.w.org\/{rel}","templated":true}]}}