{"id":12613,"date":"2025-05-28T22:11:39","date_gmt":"2025-05-28T22:11:39","guid":{"rendered":"https:\/\/vitablanca.ma\/product\/rose-baie-shampoing-a-la-keratine-et-a-lhuile-de-figue-de-barbarie\/"},"modified":"2025-05-28T22:11:39","modified_gmt":"2025-05-28T22:11:39","slug":"rose-baie-shampoing-a-la-keratine-et-a-lhuile-de-figue-de-barbarie","status":"publish","type":"product","link":"https:\/\/vitablanca.ma\/en\/product\/rose-baie-shampoing-a-la-keratine-et-a-lhuile-de-figue-de-barbarie\/","title":{"rendered":"Rose Baie Keratin and Prickly Pear Oil Shampoo"},"content":{"rendered":"<p data-mce-fragment=\"1\">Moisturizing treatment shampoo with prickly pear oil.<br data-mce-fragment=\"1\">Recommended for hair that tends to be oily, curly or frizzy.<br data-mce-fragment=\"1\">It eliminates frizz, moisturizes and makes your hair shine.<\/p>\n<p data-mce-fragment=\"1\">KERATIN protects, smoothes, and restores strength and shine to your hair.<\/p>\n<p data-mce-fragment=\"1\">Barbary Fig has a sebum-regulating action. With its high vitamin E content, it helps to<br data-mce-fragment=\"1\">deeply care for hair without ever making it too oily or too dry.<\/p>\n<p data-mce-fragment=\"1\"><strong>Paraben and Sulfate Free.<\/strong><\/p>","protected":false},"excerpt":{"rendered":"<p>Shampoing traitant hydratant \u00e0 base d\u2019huile de figue de Barbarie.Recommand\u00e9 pour les cheveux \u00e0 tendance grasse, fris\u00e9s ou cr\u00e9pus.Il \u00e9limine les frisottis, hydrate et fait briller vos cheveux. LA KERATINE prot\u00e8ge, lisse, et redonne force et brillance \u00e0 vos cheveux. La Figue de Barabarie a une action s\u00e9bo-r\u00e9gulatrice. Avec sa forte contenance en vitamine E, [&hellip;]<\/p>\n","protected":false},"featured_media":12612,"template":"","meta":{"om_disable_all_campaigns":false},"product_brand":[],"product_cat":[15],"product_tag":[],"class_list":{"0":"post-12613","1":"product","2":"type-product","3":"status-publish","4":"has-post-thumbnail","6":"product_cat-beaute-sante-complements-alimentaires-soins-et-bien-etre-au-meilleur-prix","8":"first","9":"instock","10":"sale","11":"taxable","12":"shipping-taxable","13":"purchasable","14":"product-type-simple"},"yoast_head":"<!-- This site is optimized with the Yoast SEO plugin v27.4 - https:\/\/yoast.com\/product\/yoast-seo-wordpress\/ -->\n<title>Rose Baie Shampoing \u00c0 La K\u00e9ratine Et \u00c0 L\u2019huile De Figue De Barbarie - Maroc Prix<\/title>\n<meta name=\"description\" content=\"Rose Baie Shampoing \u00c0 La K\u00e9ratine Et \u00c0 L\u2019huile De Figue De Barbarie\" \/>\n<meta name=\"robots\" content=\"index, follow, max-snippet:-1, max-image-preview:large, max-video-preview:-1\" \/>\n<link rel=\"canonical\" href=\"https:\/\/vitablanca.ma\/en\/product\/rose-baie-shampoing-a-la-keratine-et-a-lhuile-de-figue-de-barbarie\/\" \/>\n<meta property=\"og:locale\" content=\"en_US\" \/>\n<meta property=\"og:type\" content=\"article\" \/>\n<meta property=\"og:title\" content=\"Rose Baie Shampoing \u00c0 La K\u00e9ratine Et \u00c0 L\u2019huile De Figue De Barbarie - Maroc Prix\" \/>\n<meta property=\"og:description\" content=\"Rose Baie Shampoing \u00c0 La K\u00e9ratine Et \u00c0 L\u2019huile De Figue De Barbarie\" \/>\n<meta property=\"og:url\" content=\"https:\/\/vitablanca.ma\/en\/product\/rose-baie-shampoing-a-la-keratine-et-a-lhuile-de-figue-de-barbarie\/\" \/>\n<meta property=\"og:site_name\" content=\"Vitablanca.ma &ndash; Sant&eacute;, vitalit&eacute; et bien-&ecirc;tre pour tous les Marocains\" \/>\n<meta property=\"article:publisher\" content=\"https:\/\/www.facebook.com\/profile.php?id=61576678196717\" \/>\n<meta property=\"og:image\" content=\"https:\/\/vitablanca.ma\/wp-content\/uploads\/2025\/05\/FIGUE-DE-BARBARIE_007-Copie.jpg\" \/>\n\t<meta property=\"og:image:width\" content=\"1500\" \/>\n\t<meta property=\"og:image:height\" content=\"1500\" \/>\n\t<meta property=\"og:image:type\" content=\"image\/jpeg\" \/>\n<meta name=\"twitter:card\" content=\"summary_large_image\" \/>\n<script type=\"application\/ld+json\" class=\"yoast-schema-graph\">{\"@context\":\"https:\\\/\\\/schema.org\",\"@graph\":[{\"@type\":[\"WebPage\",\"ItemPage\"],\"@id\":\"https:\\\/\\\/vitablanca.ma\\\/produit\\\/rose-baie-shampoing-a-la-keratine-et-a-lhuile-de-figue-de-barbarie\\\/\",\"url\":\"https:\\\/\\\/vitablanca.ma\\\/produit\\\/rose-baie-shampoing-a-la-keratine-et-a-lhuile-de-figue-de-barbarie\\\/\",\"name\":\"Rose Baie Shampoing \u00c0 La K\u00e9ratine Et \u00c0 L\u2019huile De Figue De Barbarie - Maroc Prix\",\"isPartOf\":{\"@id\":\"https:\\\/\\\/vitablanca.ma\\\/#website\"},\"primaryImageOfPage\":{\"@id\":\"https:\\\/\\\/vitablanca.ma\\\/produit\\\/rose-baie-shampoing-a-la-keratine-et-a-lhuile-de-figue-de-barbarie\\\/#primaryimage\"},\"image\":{\"@id\":\"https:\\\/\\\/vitablanca.ma\\\/produit\\\/rose-baie-shampoing-a-la-keratine-et-a-lhuile-de-figue-de-barbarie\\\/#primaryimage\"},\"thumbnailUrl\":\"https:\\\/\\\/vitablanca.ma\\\/wp-content\\\/uploads\\\/2025\\\/05\\\/FIGUE-DE-BARBARIE_007-Copie.jpg\",\"datePublished\":\"2025-05-28T22:11:39+00:00\",\"description\":\"Rose Baie Shampoing \u00c0 La K\u00e9ratine Et \u00c0 L\u2019huile De Figue De Barbarie\",\"breadcrumb\":{\"@id\":\"https:\\\/\\\/vitablanca.ma\\\/produit\\\/rose-baie-shampoing-a-la-keratine-et-a-lhuile-de-figue-de-barbarie\\\/#breadcrumb\"},\"inLanguage\":\"en-US\",\"potentialAction\":[{\"@type\":\"ReadAction\",\"target\":[\"https:\\\/\\\/vitablanca.ma\\\/produit\\\/rose-baie-shampoing-a-la-keratine-et-a-lhuile-de-figue-de-barbarie\\\/\"]}]},{\"@type\":\"ImageObject\",\"inLanguage\":\"en-US\",\"@id\":\"https:\\\/\\\/vitablanca.ma\\\/produit\\\/rose-baie-shampoing-a-la-keratine-et-a-lhuile-de-figue-de-barbarie\\\/#primaryimage\",\"url\":\"https:\\\/\\\/vitablanca.ma\\\/wp-content\\\/uploads\\\/2025\\\/05\\\/FIGUE-DE-BARBARIE_007-Copie.jpg\",\"contentUrl\":\"https:\\\/\\\/vitablanca.ma\\\/wp-content\\\/uploads\\\/2025\\\/05\\\/FIGUE-DE-BARBARIE_007-Copie.jpg\",\"width\":1500,\"height\":1500},{\"@type\":\"BreadcrumbList\",\"@id\":\"https:\\\/\\\/vitablanca.ma\\\/produit\\\/rose-baie-shampoing-a-la-keratine-et-a-lhuile-de-figue-de-barbarie\\\/#breadcrumb\",\"itemListElement\":[{\"@type\":\"ListItem\",\"position\":1,\"name\":\"Home\",\"item\":\"https:\\\/\\\/vitablanca.ma\\\/\"},{\"@type\":\"ListItem\",\"position\":2,\"name\":\"Tous Les Produits\",\"item\":\"https:\\\/\\\/vitablanca.ma\\\/tous-les-produits\\\/\"},{\"@type\":\"ListItem\",\"position\":3,\"name\":\"Rose Baie Shampoing \u00c0 La K\u00e9ratine Et \u00c0 L\u2019huile De Figue De Barbarie\"}]},{\"@type\":\"WebSite\",\"@id\":\"https:\\\/\\\/vitablanca.ma\\\/#website\",\"url\":\"https:\\\/\\\/vitablanca.ma\\\/\",\"name\":\"VitaBlanca.ma | Compl\u00e9ments alimentaires, sant\u00e9 & beaut\u00e9 au Maroc\",\"description\":\"vendre vitamines et compl\u00e9ments premium des USA &amp; Canada, Nouvelle Z\u00e9lande,Maroc (NOW Foods, Solgar, Manuka). Livraison rapide partout au Maroc.\",\"publisher\":{\"@id\":\"https:\\\/\\\/vitablanca.ma\\\/#organization\"},\"alternateName\":\"VitaBlanca.ma\",\"potentialAction\":[{\"@type\":\"SearchAction\",\"target\":{\"@type\":\"EntryPoint\",\"urlTemplate\":\"https:\\\/\\\/vitablanca.ma\\\/?s={search_term_string}\"},\"query-input\":{\"@type\":\"PropertyValueSpecification\",\"valueRequired\":true,\"valueName\":\"search_term_string\"}}],\"inLanguage\":\"en-US\"},{\"@type\":\"Organization\",\"@id\":\"https:\\\/\\\/vitablanca.ma\\\/#organization\",\"name\":\"VitaBlanca\",\"url\":\"https:\\\/\\\/vitablanca.ma\\\/\",\"logo\":{\"@type\":\"ImageObject\",\"inLanguage\":\"en-US\",\"@id\":\"https:\\\/\\\/vitablanca.ma\\\/#\\\/schema\\\/logo\\\/image\\\/\",\"url\":\"https:\\\/\\\/vitablanca.ma\\\/wp-content\\\/uploads\\\/2025\\\/05\\\/cropped-vitablanca.png\",\"contentUrl\":\"https:\\\/\\\/vitablanca.ma\\\/wp-content\\\/uploads\\\/2025\\\/05\\\/cropped-vitablanca.png\",\"width\":360,\"height\":67,\"caption\":\"VitaBlanca\"},\"image\":{\"@id\":\"https:\\\/\\\/vitablanca.ma\\\/#\\\/schema\\\/logo\\\/image\\\/\"},\"sameAs\":[\"https:\\\/\\\/www.facebook.com\\\/profile.php?id=61576678196717\",\"https:\\\/\\\/www.tiktok.com\\\/@vitablanca.ma\",\"https:\\\/\\\/www.instagram.com\\\/vitablanca.ma\\\/\"]}]}<\/script>\n<!-- \/ Yoast SEO plugin. -->","yoast_head_json":{"title":"Rose Baie Keratin and Prickly Pear Oil Shampoo - Morocco Price","description":"Rose Baie Keratin and Prickly Pear Oil Shampoo","robots":{"index":"index","follow":"follow","max-snippet":"max-snippet:-1","max-image-preview":"max-image-preview:large","max-video-preview":"max-video-preview:-1"},"canonical":"https:\/\/vitablanca.ma\/en\/product\/rose-baie-shampoing-a-la-keratine-et-a-lhuile-de-figue-de-barbarie\/","og_locale":"en_US","og_type":"article","og_title":"Rose Baie Shampoing \u00c0 La K\u00e9ratine Et \u00c0 L\u2019huile De Figue De Barbarie - Maroc Prix","og_description":"Rose Baie Shampoing \u00c0 La K\u00e9ratine Et \u00c0 L\u2019huile De Figue De Barbarie","og_url":"https:\/\/vitablanca.ma\/en\/product\/rose-baie-shampoing-a-la-keratine-et-a-lhuile-de-figue-de-barbarie\/","og_site_name":"Vitablanca.ma &ndash; Sant&eacute;, vitalit&eacute; et bien-&ecirc;tre pour tous les Marocains","article_publisher":"https:\/\/www.facebook.com\/profile.php?id=61576678196717","og_image":[{"width":1500,"height":1500,"url":"https:\/\/vitablanca.ma\/wp-content\/uploads\/2025\/05\/FIGUE-DE-BARBARIE_007-Copie.jpg","type":"image\/jpeg"}],"twitter_card":"summary_large_image","schema":{"@context":"https:\/\/schema.org","@graph":[{"@type":["WebPage","ItemPage"],"@id":"https:\/\/vitablanca.ma\/produit\/rose-baie-shampoing-a-la-keratine-et-a-lhuile-de-figue-de-barbarie\/","url":"https:\/\/vitablanca.ma\/produit\/rose-baie-shampoing-a-la-keratine-et-a-lhuile-de-figue-de-barbarie\/","name":"Rose Baie Keratin and Prickly Pear Oil Shampoo - Morocco Price","isPartOf":{"@id":"https:\/\/vitablanca.ma\/#website"},"primaryImageOfPage":{"@id":"https:\/\/vitablanca.ma\/produit\/rose-baie-shampoing-a-la-keratine-et-a-lhuile-de-figue-de-barbarie\/#primaryimage"},"image":{"@id":"https:\/\/vitablanca.ma\/produit\/rose-baie-shampoing-a-la-keratine-et-a-lhuile-de-figue-de-barbarie\/#primaryimage"},"thumbnailUrl":"https:\/\/vitablanca.ma\/wp-content\/uploads\/2025\/05\/FIGUE-DE-BARBARIE_007-Copie.jpg","datePublished":"2025-05-28T22:11:39+00:00","description":"Rose Baie Keratin and Prickly Pear Oil Shampoo","breadcrumb":{"@id":"https:\/\/vitablanca.ma\/produit\/rose-baie-shampoing-a-la-keratine-et-a-lhuile-de-figue-de-barbarie\/#breadcrumb"},"inLanguage":"en-US","potentialAction":[{"@type":"ReadAction","target":["https:\/\/vitablanca.ma\/produit\/rose-baie-shampoing-a-la-keratine-et-a-lhuile-de-figue-de-barbarie\/"]}]},{"@type":"ImageObject","inLanguage":"en-US","@id":"https:\/\/vitablanca.ma\/produit\/rose-baie-shampoing-a-la-keratine-et-a-lhuile-de-figue-de-barbarie\/#primaryimage","url":"https:\/\/vitablanca.ma\/wp-content\/uploads\/2025\/05\/FIGUE-DE-BARBARIE_007-Copie.jpg","contentUrl":"https:\/\/vitablanca.ma\/wp-content\/uploads\/2025\/05\/FIGUE-DE-BARBARIE_007-Copie.jpg","width":1500,"height":1500},{"@type":"BreadcrumbList","@id":"https:\/\/vitablanca.ma\/produit\/rose-baie-shampoing-a-la-keratine-et-a-lhuile-de-figue-de-barbarie\/#breadcrumb","itemListElement":[{"@type":"ListItem","position":1,"name":"Home","item":"https:\/\/vitablanca.ma\/"},{"@type":"ListItem","position":2,"name":"Tous Les Produits","item":"https:\/\/vitablanca.ma\/tous-les-produits\/"},{"@type":"ListItem","position":3,"name":"Rose Baie Shampoing \u00c0 La K\u00e9ratine Et \u00c0 L\u2019huile De Figue De Barbarie"}]},{"@type":"WebSite","@id":"https:\/\/vitablanca.ma\/#website","url":"https:\/\/vitablanca.ma\/","name":"VitaBlanca.ma | Food supplements, health &amp; beauty in Morocco","description":"sell premium vitamins and supplements from USA &amp; Canada, New Zealand, Morocco (NOW Foods, Solgar, Manuka). Fast delivery anywhere in Morocco.","publisher":{"@id":"https:\/\/vitablanca.ma\/#organization"},"alternateName":"VitaBlanca.ma","potentialAction":[{"@type":"SearchAction","target":{"@type":"EntryPoint","urlTemplate":"https:\/\/vitablanca.ma\/?s={search_term_string}"},"query-input":{"@type":"PropertyValueSpecification","valueRequired":true,"valueName":"search_term_string"}}],"inLanguage":"en-US"},{"@type":"Organization","@id":"https:\/\/vitablanca.ma\/#organization","name":"VitaBlanca","url":"https:\/\/vitablanca.ma\/","logo":{"@type":"ImageObject","inLanguage":"en-US","@id":"https:\/\/vitablanca.ma\/#\/schema\/logo\/image\/","url":"https:\/\/vitablanca.ma\/wp-content\/uploads\/2025\/05\/cropped-vitablanca.png","contentUrl":"https:\/\/vitablanca.ma\/wp-content\/uploads\/2025\/05\/cropped-vitablanca.png","width":360,"height":67,"caption":"VitaBlanca"},"image":{"@id":"https:\/\/vitablanca.ma\/#\/schema\/logo\/image\/"},"sameAs":["https:\/\/www.facebook.com\/profile.php?id=61576678196717","https:\/\/www.tiktok.com\/@vitablanca.ma","https:\/\/www.instagram.com\/vitablanca.ma\/"]}]}},"jetpack_sharing_enabled":true,"_links":{"self":[{"href":"https:\/\/vitablanca.ma\/en\/wp-json\/wp\/v2\/product\/12613","targetHints":{"allow":["GET"]}}],"collection":[{"href":"https:\/\/vitablanca.ma\/en\/wp-json\/wp\/v2\/product"}],"about":[{"href":"https:\/\/vitablanca.ma\/en\/wp-json\/wp\/v2\/types\/product"}],"wp:featuredmedia":[{"embeddable":true,"href":"https:\/\/vitablanca.ma\/en\/wp-json\/wp\/v2\/media\/12612"}],"wp:attachment":[{"href":"https:\/\/vitablanca.ma\/en\/wp-json\/wp\/v2\/media?parent=12613"}],"wp:term":[{"taxonomy":"product_brand","embeddable":true,"href":"https:\/\/vitablanca.ma\/en\/wp-json\/wp\/v2\/product_brand?post=12613"},{"taxonomy":"product_cat","embeddable":true,"href":"https:\/\/vitablanca.ma\/en\/wp-json\/wp\/v2\/product_cat?post=12613"},{"taxonomy":"product_tag","embeddable":true,"href":"https:\/\/vitablanca.ma\/en\/wp-json\/wp\/v2\/product_tag?post=12613"}],"curies":[{"name":"wp","href":"https:\/\/api.w.org\/{rel}","templated":true}]}}