{"id":12611,"date":"2025-05-28T22:11:35","date_gmt":"2025-05-28T22:11:35","guid":{"rendered":"https:\/\/vitablanca.ma\/product\/disaar-shampooing-colorant-marron-pour-cheveux-a-base-de-ginseng-et-dhuile-de-serpent-pour-couvrir-les-cheveux-gris-blancs\/"},"modified":"2025-05-28T22:11:35","modified_gmt":"2025-05-28T22:11:35","slug":"disaar-shampooing-colorant-marron-pour-cheveux-a-base-de-ginseng-et-dhuile-de-serpent-pour-couvrir-les-cheveux-gris-blancs","status":"publish","type":"product","link":"https:\/\/vitablanca.ma\/en\/product\/disaar-shampooing-colorant-marron-pour-cheveux-a-base-de-ginseng-et-dhuile-de-serpent-pour-couvrir-les-cheveux-gris-blancs\/","title":{"rendered":"Disaar Brown Hair Dye Shampoo with Ginseng and Snake Oil to Cover Gray-White Hair"},"content":{"rendered":"<p>400ml net capacity, meet your using needs, convenient for your daily household use. Non-greasy, comfortable to use.<\/p>\n<p>2. Pure plant extracts help improve chemical components that damage hair and skin.<\/p>\n<p>3. Easy to use, wear gloves and squeeze out the shampoo, rub for a few minutes, just like a regular shampoo.<\/p>\n<p>4. Quickly colors your gray hair and covers it instantly, leaving your hair shiny, efficient and practical.<\/p>\n<p>5. Safe ingredients, mild and non-irritating, will not harm your scalp or hair, you can use it with confidence.<\/p>\n<p>\u00a0<\/p>\n<p>\u00a0<\/p>\n<p>Specification:<\/p>\n<p>Condition: 100 % Brand New Item Type: Hair Dye Shampoo<\/p>\n<p>Net content: 400 ml<\/p>\n<p>Applicable hair type: all hair types<\/p>\n<p>\u00a0<\/p>","protected":false},"excerpt":{"rendered":"<p>Capacit\u00e9 nette de 400 ml, r\u00e9pond \u00e0 vos besoins d&rsquo;utilisation, pratique pour votre usage domestique quotidien. Non gras, agr\u00e9able \u00e0 utiliser. 2. Les extraits de plantes pures aident \u00e0 am\u00e9liorer les composants chimiques qui endommagent les cheveux et la peau. 3. Facile \u00e0 utiliser, portez des gants et pressez le shampooing, frottez pendant quelques minutes, [&hellip;]<\/p>\n","protected":false},"featured_media":12609,"template":"","meta":{"om_disable_all_campaigns":false},"product_brand":[],"product_cat":[15],"product_tag":[],"class_list":{"0":"post-12611","1":"product","2":"type-product","3":"status-publish","4":"has-post-thumbnail","6":"product_cat-beaute-sante-complements-alimentaires-soins-et-bien-etre-au-meilleur-prix","8":"first","9":"instock","10":"taxable","11":"shipping-taxable","12":"purchasable","13":"product-type-simple"},"yoast_head":"<!-- This site is optimized with the Yoast SEO plugin v27.4 - https:\/\/yoast.com\/product\/yoast-seo-wordpress\/ -->\n<title>Disaar Shampooing Colorant Marron pour Cheveux \u00e0 base de ginseng et d&#039;huile de serpent, pour Couvrir les Cheveux Gris-blancs - Maroc Prix<\/title>\n<meta name=\"description\" content=\"Disaar Shampooing Colorant Marron pour Cheveux \u00e0 base de ginseng et d&#039;huile de serpent, pour Couvrir les Cheveux Gris-blancs\" \/>\n<meta name=\"robots\" content=\"index, follow, max-snippet:-1, max-image-preview:large, max-video-preview:-1\" \/>\n<link rel=\"canonical\" href=\"https:\/\/vitablanca.ma\/en\/product\/disaar-shampooing-colorant-marron-pour-cheveux-a-base-de-ginseng-et-dhuile-de-serpent-pour-couvrir-les-cheveux-gris-blancs\/\" \/>\n<meta property=\"og:locale\" content=\"en_US\" \/>\n<meta property=\"og:type\" content=\"article\" \/>\n<meta property=\"og:title\" content=\"Disaar Shampooing Colorant Marron pour Cheveux \u00e0 base de ginseng et d&#039;huile de serpent, pour Couvrir les Cheveux Gris-blancs - Maroc Prix\" \/>\n<meta property=\"og:description\" content=\"Disaar Shampooing Colorant Marron pour Cheveux \u00e0 base de ginseng et d&#039;huile de serpent, pour Couvrir les Cheveux Gris-blancs\" \/>\n<meta property=\"og:url\" content=\"https:\/\/vitablanca.ma\/en\/product\/disaar-shampooing-colorant-marron-pour-cheveux-a-base-de-ginseng-et-dhuile-de-serpent-pour-couvrir-les-cheveux-gris-blancs\/\" \/>\n<meta property=\"og:site_name\" content=\"Vitablanca.ma &ndash; Sant&eacute;, vitalit&eacute; et bien-&ecirc;tre pour tous les Marocains\" \/>\n<meta property=\"article:publisher\" content=\"https:\/\/www.facebook.com\/profile.php?id=61576678196717\" \/>\n<meta property=\"og:image\" content=\"https:\/\/vitablanca.ma\/wp-content\/uploads\/2025\/05\/disaar-shampooing-colorant-marron-pour-cheveux-a-base-de-ginseng-et-d-huile-de-serpent-pour-couvrir-les-cheveux-gris-blancs.jpg\" \/>\n\t<meta property=\"og:image:width\" content=\"800\" \/>\n\t<meta property=\"og:image:height\" content=\"800\" \/>\n\t<meta property=\"og:image:type\" content=\"image\/jpeg\" \/>\n<meta name=\"twitter:card\" content=\"summary_large_image\" \/>\n<meta name=\"twitter:label1\" content=\"Est. reading time\" \/>\n\t<meta name=\"twitter:data1\" content=\"1 minute\" \/>\n<script type=\"application\/ld+json\" class=\"yoast-schema-graph\">{\"@context\":\"https:\\\/\\\/schema.org\",\"@graph\":[{\"@type\":[\"WebPage\",\"ItemPage\"],\"@id\":\"https:\\\/\\\/vitablanca.ma\\\/produit\\\/disaar-shampooing-colorant-marron-pour-cheveux-a-base-de-ginseng-et-dhuile-de-serpent-pour-couvrir-les-cheveux-gris-blancs\\\/\",\"url\":\"https:\\\/\\\/vitablanca.ma\\\/produit\\\/disaar-shampooing-colorant-marron-pour-cheveux-a-base-de-ginseng-et-dhuile-de-serpent-pour-couvrir-les-cheveux-gris-blancs\\\/\",\"name\":\"Disaar Shampooing Colorant Marron pour Cheveux \u00e0 base de ginseng et d'huile de serpent, pour Couvrir les Cheveux Gris-blancs - Maroc Prix\",\"isPartOf\":{\"@id\":\"https:\\\/\\\/vitablanca.ma\\\/#website\"},\"primaryImageOfPage\":{\"@id\":\"https:\\\/\\\/vitablanca.ma\\\/produit\\\/disaar-shampooing-colorant-marron-pour-cheveux-a-base-de-ginseng-et-dhuile-de-serpent-pour-couvrir-les-cheveux-gris-blancs\\\/#primaryimage\"},\"image\":{\"@id\":\"https:\\\/\\\/vitablanca.ma\\\/produit\\\/disaar-shampooing-colorant-marron-pour-cheveux-a-base-de-ginseng-et-dhuile-de-serpent-pour-couvrir-les-cheveux-gris-blancs\\\/#primaryimage\"},\"thumbnailUrl\":\"https:\\\/\\\/vitablanca.ma\\\/wp-content\\\/uploads\\\/2025\\\/05\\\/disaar-shampooing-colorant-marron-pour-cheveux-a-base-de-ginseng-et-d-huile-de-serpent-pour-couvrir-les-cheveux-gris-blancs.jpg\",\"datePublished\":\"2025-05-28T22:11:35+00:00\",\"description\":\"Disaar Shampooing Colorant Marron pour Cheveux \u00e0 base de ginseng et d'huile de serpent, pour Couvrir les Cheveux Gris-blancs\",\"breadcrumb\":{\"@id\":\"https:\\\/\\\/vitablanca.ma\\\/produit\\\/disaar-shampooing-colorant-marron-pour-cheveux-a-base-de-ginseng-et-dhuile-de-serpent-pour-couvrir-les-cheveux-gris-blancs\\\/#breadcrumb\"},\"inLanguage\":\"en-US\",\"potentialAction\":[{\"@type\":\"ReadAction\",\"target\":[\"https:\\\/\\\/vitablanca.ma\\\/produit\\\/disaar-shampooing-colorant-marron-pour-cheveux-a-base-de-ginseng-et-dhuile-de-serpent-pour-couvrir-les-cheveux-gris-blancs\\\/\"]}]},{\"@type\":\"ImageObject\",\"inLanguage\":\"en-US\",\"@id\":\"https:\\\/\\\/vitablanca.ma\\\/produit\\\/disaar-shampooing-colorant-marron-pour-cheveux-a-base-de-ginseng-et-dhuile-de-serpent-pour-couvrir-les-cheveux-gris-blancs\\\/#primaryimage\",\"url\":\"https:\\\/\\\/vitablanca.ma\\\/wp-content\\\/uploads\\\/2025\\\/05\\\/disaar-shampooing-colorant-marron-pour-cheveux-a-base-de-ginseng-et-d-huile-de-serpent-pour-couvrir-les-cheveux-gris-blancs.jpg\",\"contentUrl\":\"https:\\\/\\\/vitablanca.ma\\\/wp-content\\\/uploads\\\/2025\\\/05\\\/disaar-shampooing-colorant-marron-pour-cheveux-a-base-de-ginseng-et-d-huile-de-serpent-pour-couvrir-les-cheveux-gris-blancs.jpg\",\"width\":800,\"height\":800},{\"@type\":\"BreadcrumbList\",\"@id\":\"https:\\\/\\\/vitablanca.ma\\\/produit\\\/disaar-shampooing-colorant-marron-pour-cheveux-a-base-de-ginseng-et-dhuile-de-serpent-pour-couvrir-les-cheveux-gris-blancs\\\/#breadcrumb\",\"itemListElement\":[{\"@type\":\"ListItem\",\"position\":1,\"name\":\"Home\",\"item\":\"https:\\\/\\\/vitablanca.ma\\\/\"},{\"@type\":\"ListItem\",\"position\":2,\"name\":\"Tous Les Produits\",\"item\":\"https:\\\/\\\/vitablanca.ma\\\/tous-les-produits\\\/\"},{\"@type\":\"ListItem\",\"position\":3,\"name\":\"Disaar Shampooing Colorant Marron pour Cheveux \u00e0 base de ginseng et d&#8217;huile de serpent, pour Couvrir les Cheveux Gris-blancs\"}]},{\"@type\":\"WebSite\",\"@id\":\"https:\\\/\\\/vitablanca.ma\\\/#website\",\"url\":\"https:\\\/\\\/vitablanca.ma\\\/\",\"name\":\"VitaBlanca.ma | Compl\u00e9ments alimentaires, sant\u00e9 & beaut\u00e9 au Maroc\",\"description\":\"vendre vitamines et compl\u00e9ments premium des USA &amp; Canada, Nouvelle Z\u00e9lande,Maroc (NOW Foods, Solgar, Manuka). Livraison rapide partout au Maroc.\",\"publisher\":{\"@id\":\"https:\\\/\\\/vitablanca.ma\\\/#organization\"},\"alternateName\":\"VitaBlanca.ma\",\"potentialAction\":[{\"@type\":\"SearchAction\",\"target\":{\"@type\":\"EntryPoint\",\"urlTemplate\":\"https:\\\/\\\/vitablanca.ma\\\/?s={search_term_string}\"},\"query-input\":{\"@type\":\"PropertyValueSpecification\",\"valueRequired\":true,\"valueName\":\"search_term_string\"}}],\"inLanguage\":\"en-US\"},{\"@type\":\"Organization\",\"@id\":\"https:\\\/\\\/vitablanca.ma\\\/#organization\",\"name\":\"VitaBlanca\",\"url\":\"https:\\\/\\\/vitablanca.ma\\\/\",\"logo\":{\"@type\":\"ImageObject\",\"inLanguage\":\"en-US\",\"@id\":\"https:\\\/\\\/vitablanca.ma\\\/#\\\/schema\\\/logo\\\/image\\\/\",\"url\":\"https:\\\/\\\/vitablanca.ma\\\/wp-content\\\/uploads\\\/2025\\\/05\\\/cropped-vitablanca.png\",\"contentUrl\":\"https:\\\/\\\/vitablanca.ma\\\/wp-content\\\/uploads\\\/2025\\\/05\\\/cropped-vitablanca.png\",\"width\":360,\"height\":67,\"caption\":\"VitaBlanca\"},\"image\":{\"@id\":\"https:\\\/\\\/vitablanca.ma\\\/#\\\/schema\\\/logo\\\/image\\\/\"},\"sameAs\":[\"https:\\\/\\\/www.facebook.com\\\/profile.php?id=61576678196717\",\"https:\\\/\\\/www.tiktok.com\\\/@vitablanca.ma\",\"https:\\\/\\\/www.instagram.com\\\/vitablanca.ma\\\/\"]}]}<\/script>\n<!-- \/ Yoast SEO plugin. -->","yoast_head_json":{"title":"Disaar Brown Hair Dye Shampoo with Ginseng and Snake Oil to Cover Gray-White Hair - Morocco Price","description":"Disaar Brown Hair Dye Shampoo with Ginseng and Snake Oil to Cover Gray-White Hair","robots":{"index":"index","follow":"follow","max-snippet":"max-snippet:-1","max-image-preview":"max-image-preview:large","max-video-preview":"max-video-preview:-1"},"canonical":"https:\/\/vitablanca.ma\/en\/product\/disaar-shampooing-colorant-marron-pour-cheveux-a-base-de-ginseng-et-dhuile-de-serpent-pour-couvrir-les-cheveux-gris-blancs\/","og_locale":"en_US","og_type":"article","og_title":"Disaar Shampooing Colorant Marron pour Cheveux \u00e0 base de ginseng et d'huile de serpent, pour Couvrir les Cheveux Gris-blancs - Maroc Prix","og_description":"Disaar Shampooing Colorant Marron pour Cheveux \u00e0 base de ginseng et d'huile de serpent, pour Couvrir les Cheveux Gris-blancs","og_url":"https:\/\/vitablanca.ma\/en\/product\/disaar-shampooing-colorant-marron-pour-cheveux-a-base-de-ginseng-et-dhuile-de-serpent-pour-couvrir-les-cheveux-gris-blancs\/","og_site_name":"Vitablanca.ma &ndash; Sant&eacute;, vitalit&eacute; et bien-&ecirc;tre pour tous les Marocains","article_publisher":"https:\/\/www.facebook.com\/profile.php?id=61576678196717","og_image":[{"width":800,"height":800,"url":"https:\/\/vitablanca.ma\/wp-content\/uploads\/2025\/05\/disaar-shampooing-colorant-marron-pour-cheveux-a-base-de-ginseng-et-d-huile-de-serpent-pour-couvrir-les-cheveux-gris-blancs.jpg","type":"image\/jpeg"}],"twitter_card":"summary_large_image","twitter_misc":{"Est. reading time":"1 minute"},"schema":{"@context":"https:\/\/schema.org","@graph":[{"@type":["WebPage","ItemPage"],"@id":"https:\/\/vitablanca.ma\/produit\/disaar-shampooing-colorant-marron-pour-cheveux-a-base-de-ginseng-et-dhuile-de-serpent-pour-couvrir-les-cheveux-gris-blancs\/","url":"https:\/\/vitablanca.ma\/produit\/disaar-shampooing-colorant-marron-pour-cheveux-a-base-de-ginseng-et-dhuile-de-serpent-pour-couvrir-les-cheveux-gris-blancs\/","name":"Disaar Brown Hair Dye Shampoo with Ginseng and Snake Oil to Cover Gray-White Hair - Morocco Price","isPartOf":{"@id":"https:\/\/vitablanca.ma\/#website"},"primaryImageOfPage":{"@id":"https:\/\/vitablanca.ma\/produit\/disaar-shampooing-colorant-marron-pour-cheveux-a-base-de-ginseng-et-dhuile-de-serpent-pour-couvrir-les-cheveux-gris-blancs\/#primaryimage"},"image":{"@id":"https:\/\/vitablanca.ma\/produit\/disaar-shampooing-colorant-marron-pour-cheveux-a-base-de-ginseng-et-dhuile-de-serpent-pour-couvrir-les-cheveux-gris-blancs\/#primaryimage"},"thumbnailUrl":"https:\/\/vitablanca.ma\/wp-content\/uploads\/2025\/05\/disaar-shampooing-colorant-marron-pour-cheveux-a-base-de-ginseng-et-d-huile-de-serpent-pour-couvrir-les-cheveux-gris-blancs.jpg","datePublished":"2025-05-28T22:11:35+00:00","description":"Disaar Brown Hair Dye Shampoo with Ginseng and Snake Oil to Cover Gray-White Hair","breadcrumb":{"@id":"https:\/\/vitablanca.ma\/produit\/disaar-shampooing-colorant-marron-pour-cheveux-a-base-de-ginseng-et-dhuile-de-serpent-pour-couvrir-les-cheveux-gris-blancs\/#breadcrumb"},"inLanguage":"en-US","potentialAction":[{"@type":"ReadAction","target":["https:\/\/vitablanca.ma\/produit\/disaar-shampooing-colorant-marron-pour-cheveux-a-base-de-ginseng-et-dhuile-de-serpent-pour-couvrir-les-cheveux-gris-blancs\/"]}]},{"@type":"ImageObject","inLanguage":"en-US","@id":"https:\/\/vitablanca.ma\/produit\/disaar-shampooing-colorant-marron-pour-cheveux-a-base-de-ginseng-et-dhuile-de-serpent-pour-couvrir-les-cheveux-gris-blancs\/#primaryimage","url":"https:\/\/vitablanca.ma\/wp-content\/uploads\/2025\/05\/disaar-shampooing-colorant-marron-pour-cheveux-a-base-de-ginseng-et-d-huile-de-serpent-pour-couvrir-les-cheveux-gris-blancs.jpg","contentUrl":"https:\/\/vitablanca.ma\/wp-content\/uploads\/2025\/05\/disaar-shampooing-colorant-marron-pour-cheveux-a-base-de-ginseng-et-d-huile-de-serpent-pour-couvrir-les-cheveux-gris-blancs.jpg","width":800,"height":800},{"@type":"BreadcrumbList","@id":"https:\/\/vitablanca.ma\/produit\/disaar-shampooing-colorant-marron-pour-cheveux-a-base-de-ginseng-et-dhuile-de-serpent-pour-couvrir-les-cheveux-gris-blancs\/#breadcrumb","itemListElement":[{"@type":"ListItem","position":1,"name":"Home","item":"https:\/\/vitablanca.ma\/"},{"@type":"ListItem","position":2,"name":"Tous Les Produits","item":"https:\/\/vitablanca.ma\/tous-les-produits\/"},{"@type":"ListItem","position":3,"name":"Disaar Shampooing Colorant Marron pour Cheveux \u00e0 base de ginseng et d&#8217;huile de serpent, pour Couvrir les Cheveux Gris-blancs"}]},{"@type":"WebSite","@id":"https:\/\/vitablanca.ma\/#website","url":"https:\/\/vitablanca.ma\/","name":"VitaBlanca.ma | Food supplements, health &amp; beauty in Morocco","description":"sell premium vitamins and supplements from USA &amp; Canada, New Zealand, Morocco (NOW Foods, Solgar, Manuka). Fast delivery anywhere in Morocco.","publisher":{"@id":"https:\/\/vitablanca.ma\/#organization"},"alternateName":"VitaBlanca.ma","potentialAction":[{"@type":"SearchAction","target":{"@type":"EntryPoint","urlTemplate":"https:\/\/vitablanca.ma\/?s={search_term_string}"},"query-input":{"@type":"PropertyValueSpecification","valueRequired":true,"valueName":"search_term_string"}}],"inLanguage":"en-US"},{"@type":"Organization","@id":"https:\/\/vitablanca.ma\/#organization","name":"VitaBlanca","url":"https:\/\/vitablanca.ma\/","logo":{"@type":"ImageObject","inLanguage":"en-US","@id":"https:\/\/vitablanca.ma\/#\/schema\/logo\/image\/","url":"https:\/\/vitablanca.ma\/wp-content\/uploads\/2025\/05\/cropped-vitablanca.png","contentUrl":"https:\/\/vitablanca.ma\/wp-content\/uploads\/2025\/05\/cropped-vitablanca.png","width":360,"height":67,"caption":"VitaBlanca"},"image":{"@id":"https:\/\/vitablanca.ma\/#\/schema\/logo\/image\/"},"sameAs":["https:\/\/www.facebook.com\/profile.php?id=61576678196717","https:\/\/www.tiktok.com\/@vitablanca.ma","https:\/\/www.instagram.com\/vitablanca.ma\/"]}]}},"jetpack_sharing_enabled":true,"_links":{"self":[{"href":"https:\/\/vitablanca.ma\/en\/wp-json\/wp\/v2\/product\/12611","targetHints":{"allow":["GET"]}}],"collection":[{"href":"https:\/\/vitablanca.ma\/en\/wp-json\/wp\/v2\/product"}],"about":[{"href":"https:\/\/vitablanca.ma\/en\/wp-json\/wp\/v2\/types\/product"}],"wp:featuredmedia":[{"embeddable":true,"href":"https:\/\/vitablanca.ma\/en\/wp-json\/wp\/v2\/media\/12609"}],"wp:attachment":[{"href":"https:\/\/vitablanca.ma\/en\/wp-json\/wp\/v2\/media?parent=12611"}],"wp:term":[{"taxonomy":"product_brand","embeddable":true,"href":"https:\/\/vitablanca.ma\/en\/wp-json\/wp\/v2\/product_brand?post=12611"},{"taxonomy":"product_cat","embeddable":true,"href":"https:\/\/vitablanca.ma\/en\/wp-json\/wp\/v2\/product_cat?post=12611"},{"taxonomy":"product_tag","embeddable":true,"href":"https:\/\/vitablanca.ma\/en\/wp-json\/wp\/v2\/product_tag?post=12611"}],"curies":[{"name":"wp","href":"https:\/\/api.w.org\/{rel}","templated":true}]}}