{"id":12600,"date":"2025-05-28T22:11:16","date_gmt":"2025-05-28T22:11:16","guid":{"rendered":"https:\/\/vitablanca.ma\/product\/shea-moisture-manuka-honey-yogurt-hydrate-repair-shampoo-384ml\/"},"modified":"2026-03-19T12:59:56","modified_gmt":"2026-03-19T12:59:56","slug":"shea-moisture-manuka-honey-yogurt-hydrate-repair-shampoo-384ml","status":"publish","type":"product","link":"https:\/\/vitablanca.ma\/en\/product\/shea-moisture-manuka-honey-yogurt-hydrate-repair-shampoo-384ml\/","title":{"rendered":"SHEA MOISTURE manuka honey &amp; yogurt hydrate + repair shampoo 384ML"},"content":{"rendered":"<p>Cleanse your hair thoroughly with the<span>\u00a0<\/span><strong>Manuka Honey &amp; Yogurt Hydrate &amp; Recover Shampoo Shea Mosture<\/strong>, a sulfate-free shampoo that effectively removes impurities, oil, and product buildup while providing hair with intensive moisture, replenishing proteins, and shine-boosting nutrients. Enveloping hair in a strengthening, ultra-hydrating blend of certified organic shea butter, manuka honey, and yogurt, the restorative formula transforms frizzy, brittle hair by improving its softness, texture, and manageability.\u00a0<\/p>\n<p><em>Sulfate-free, phthalate-free, paraben-free, propylene glycol-free, mineral oil-free and petroleum-free.<\/em><\/p>\n<p><em>Not tested on animals.<\/em><\/p>","protected":false},"excerpt":{"rendered":"<p>Nettoyez vos cheveux en profondeur avec le\u00a0Manuka Honey &amp; Yogurt Hydrate &amp; Recover Shampoo Shea Mosture, un shampooing sans sulfate qui \u00e9limine efficacement les impuret\u00e9s, le s\u00e9bum et l&rsquo;accumulation de produits tout en apportant aux cheveux une hydratation intensive, des prot\u00e9ines reconstituantes et des nutriments qui rehaussent la brillance. Enveloppant les cheveux dans un m\u00e9lange [&hellip;]<\/p>\n","protected":false},"featured_media":12599,"template":"","meta":{"om_disable_all_campaigns":false},"product_brand":[],"product_cat":[15],"product_tag":[],"class_list":{"0":"post-12600","1":"product","2":"type-product","3":"status-publish","4":"has-post-thumbnail","6":"product_cat-beaute-sante-complements-alimentaires-soins-et-bien-etre-au-meilleur-prix","8":"first","9":"outofstock","10":"taxable","11":"shipping-taxable","12":"purchasable","13":"product-type-simple"},"yoast_head":"<!-- This site is optimized with the Yoast SEO plugin v27.4 - https:\/\/yoast.com\/product\/yoast-seo-wordpress\/ -->\n<title>SHEA MOISTURE manuka honey &amp; yogurt hydrate 384ML - Maroc<\/title>\n<meta name=\"description\" content=\"D\u00e9couvrez le Shea Moisture Manuka Honey &amp; Yogurt Shampoo 384ml au Maroc. Ce shampoing sans sulfate hydrate et r\u00e9pare intens\u00e9ment les cheveux tr\u00e8s secs\" \/>\n<meta name=\"robots\" content=\"index, follow, max-snippet:-1, max-image-preview:large, max-video-preview:-1\" \/>\n<link rel=\"canonical\" href=\"https:\/\/vitablanca.ma\/en\/product\/shea-moisture-manuka-honey-yogurt-hydrate-repair-shampoo-384ml\/\" \/>\n<meta property=\"og:locale\" content=\"en_US\" \/>\n<meta property=\"og:type\" content=\"article\" \/>\n<meta property=\"og:title\" content=\"SHEA MOISTURE manuka honey &amp; yogurt hydrate 384ML - Maroc\" \/>\n<meta property=\"og:description\" content=\"D\u00e9couvrez le Shea Moisture Manuka Honey &amp; Yogurt Shampoo 384ml au Maroc. Ce shampoing sans sulfate hydrate et r\u00e9pare intens\u00e9ment les cheveux tr\u00e8s secs\" \/>\n<meta property=\"og:url\" content=\"https:\/\/vitablanca.ma\/en\/product\/shea-moisture-manuka-honey-yogurt-hydrate-repair-shampoo-384ml\/\" \/>\n<meta property=\"og:site_name\" content=\"Vitablanca.ma &ndash; Sant&eacute;, vitalit&eacute; et bien-&ecirc;tre pour tous les Marocains\" \/>\n<meta property=\"article:publisher\" content=\"https:\/\/www.facebook.com\/profile.php?id=61576678196717\" \/>\n<meta property=\"article:modified_time\" content=\"2026-03-19T12:59:56+00:00\" \/>\n<meta property=\"og:image\" content=\"https:\/\/vitablanca.ma\/wp-content\/uploads\/2025\/05\/shea-moisture-cheveux-manuka-honey-and-yogurt-hydrate-repair-shampoo-conditioner.jpg\" \/>\n\t<meta property=\"og:image:width\" content=\"800\" \/>\n\t<meta property=\"og:image:height\" content=\"800\" \/>\n\t<meta property=\"og:image:type\" content=\"image\/jpeg\" \/>\n<meta name=\"twitter:card\" content=\"summary_large_image\" \/>\n<meta name=\"twitter:label1\" content=\"Est. reading time\" \/>\n\t<meta name=\"twitter:data1\" content=\"1 minute\" \/>\n<script type=\"application\/ld+json\" class=\"yoast-schema-graph\">{\"@context\":\"https:\\\/\\\/schema.org\",\"@graph\":[{\"@type\":[\"WebPage\",\"ItemPage\"],\"@id\":\"https:\\\/\\\/vitablanca.ma\\\/produit\\\/shea-moisture-manuka-honey-yogurt-hydrate-repair-shampoo-384ml\\\/\",\"url\":\"https:\\\/\\\/vitablanca.ma\\\/produit\\\/shea-moisture-manuka-honey-yogurt-hydrate-repair-shampoo-384ml\\\/\",\"name\":\"SHEA MOISTURE manuka honey & yogurt hydrate 384ML - Maroc\",\"isPartOf\":{\"@id\":\"https:\\\/\\\/vitablanca.ma\\\/#website\"},\"primaryImageOfPage\":{\"@id\":\"https:\\\/\\\/vitablanca.ma\\\/produit\\\/shea-moisture-manuka-honey-yogurt-hydrate-repair-shampoo-384ml\\\/#primaryimage\"},\"image\":{\"@id\":\"https:\\\/\\\/vitablanca.ma\\\/produit\\\/shea-moisture-manuka-honey-yogurt-hydrate-repair-shampoo-384ml\\\/#primaryimage\"},\"thumbnailUrl\":\"https:\\\/\\\/vitablanca.ma\\\/wp-content\\\/uploads\\\/2025\\\/05\\\/shea-moisture-cheveux-manuka-honey-and-yogurt-hydrate-repair-shampoo-conditioner.jpg\",\"datePublished\":\"2025-05-28T22:11:16+00:00\",\"dateModified\":\"2026-03-19T12:59:56+00:00\",\"description\":\"D\u00e9couvrez le Shea Moisture Manuka Honey & Yogurt Shampoo 384ml au Maroc. Ce shampoing sans sulfate hydrate et r\u00e9pare intens\u00e9ment les cheveux tr\u00e8s secs\",\"breadcrumb\":{\"@id\":\"https:\\\/\\\/vitablanca.ma\\\/produit\\\/shea-moisture-manuka-honey-yogurt-hydrate-repair-shampoo-384ml\\\/#breadcrumb\"},\"inLanguage\":\"en-US\",\"potentialAction\":[{\"@type\":\"ReadAction\",\"target\":[\"https:\\\/\\\/vitablanca.ma\\\/produit\\\/shea-moisture-manuka-honey-yogurt-hydrate-repair-shampoo-384ml\\\/\"]}]},{\"@type\":\"ImageObject\",\"inLanguage\":\"en-US\",\"@id\":\"https:\\\/\\\/vitablanca.ma\\\/produit\\\/shea-moisture-manuka-honey-yogurt-hydrate-repair-shampoo-384ml\\\/#primaryimage\",\"url\":\"https:\\\/\\\/vitablanca.ma\\\/wp-content\\\/uploads\\\/2025\\\/05\\\/shea-moisture-cheveux-manuka-honey-and-yogurt-hydrate-repair-shampoo-conditioner.jpg\",\"contentUrl\":\"https:\\\/\\\/vitablanca.ma\\\/wp-content\\\/uploads\\\/2025\\\/05\\\/shea-moisture-cheveux-manuka-honey-and-yogurt-hydrate-repair-shampoo-conditioner.jpg\",\"width\":800,\"height\":800},{\"@type\":\"BreadcrumbList\",\"@id\":\"https:\\\/\\\/vitablanca.ma\\\/produit\\\/shea-moisture-manuka-honey-yogurt-hydrate-repair-shampoo-384ml\\\/#breadcrumb\",\"itemListElement\":[{\"@type\":\"ListItem\",\"position\":1,\"name\":\"Home\",\"item\":\"https:\\\/\\\/vitablanca.ma\\\/\"},{\"@type\":\"ListItem\",\"position\":2,\"name\":\"Tous Les Produits\",\"item\":\"https:\\\/\\\/vitablanca.ma\\\/tous-les-produits\\\/\"},{\"@type\":\"ListItem\",\"position\":3,\"name\":\"SHEA MOISTURE manuka honey &amp; yogurt hydrate + repair shampoo 384ML\"}]},{\"@type\":\"WebSite\",\"@id\":\"https:\\\/\\\/vitablanca.ma\\\/#website\",\"url\":\"https:\\\/\\\/vitablanca.ma\\\/\",\"name\":\"VitaBlanca.ma | Compl\u00e9ments alimentaires, sant\u00e9 & beaut\u00e9 au Maroc\",\"description\":\"vendre vitamines et compl\u00e9ments premium des USA &amp; Canada, Nouvelle Z\u00e9lande,Maroc (NOW Foods, Solgar, Manuka). Livraison rapide partout au Maroc.\",\"publisher\":{\"@id\":\"https:\\\/\\\/vitablanca.ma\\\/#organization\"},\"alternateName\":\"VitaBlanca.ma\",\"potentialAction\":[{\"@type\":\"SearchAction\",\"target\":{\"@type\":\"EntryPoint\",\"urlTemplate\":\"https:\\\/\\\/vitablanca.ma\\\/?s={search_term_string}\"},\"query-input\":{\"@type\":\"PropertyValueSpecification\",\"valueRequired\":true,\"valueName\":\"search_term_string\"}}],\"inLanguage\":\"en-US\"},{\"@type\":\"Organization\",\"@id\":\"https:\\\/\\\/vitablanca.ma\\\/#organization\",\"name\":\"VitaBlanca\",\"url\":\"https:\\\/\\\/vitablanca.ma\\\/\",\"logo\":{\"@type\":\"ImageObject\",\"inLanguage\":\"en-US\",\"@id\":\"https:\\\/\\\/vitablanca.ma\\\/#\\\/schema\\\/logo\\\/image\\\/\",\"url\":\"https:\\\/\\\/vitablanca.ma\\\/wp-content\\\/uploads\\\/2025\\\/05\\\/cropped-vitablanca.png\",\"contentUrl\":\"https:\\\/\\\/vitablanca.ma\\\/wp-content\\\/uploads\\\/2025\\\/05\\\/cropped-vitablanca.png\",\"width\":360,\"height\":67,\"caption\":\"VitaBlanca\"},\"image\":{\"@id\":\"https:\\\/\\\/vitablanca.ma\\\/#\\\/schema\\\/logo\\\/image\\\/\"},\"sameAs\":[\"https:\\\/\\\/www.facebook.com\\\/profile.php?id=61576678196717\",\"https:\\\/\\\/www.tiktok.com\\\/@vitablanca.ma\",\"https:\\\/\\\/www.instagram.com\\\/vitablanca.ma\\\/\"]}]}<\/script>\n<!-- \/ Yoast SEO plugin. -->","yoast_head_json":{"title":"SHEA MOISTURE manuka honey &amp; yogurt hydrates 384ML - Morocco","description":"Discover Shea Moisture Manuka Honey &amp; Yogurt Shampoo 384ml in Morocco. This sulfate-free shampoo intensely hydrates and repairs very dry hair.","robots":{"index":"index","follow":"follow","max-snippet":"max-snippet:-1","max-image-preview":"max-image-preview:large","max-video-preview":"max-video-preview:-1"},"canonical":"https:\/\/vitablanca.ma\/en\/product\/shea-moisture-manuka-honey-yogurt-hydrate-repair-shampoo-384ml\/","og_locale":"en_US","og_type":"article","og_title":"SHEA MOISTURE manuka honey & yogurt hydrate 384ML - Maroc","og_description":"D\u00e9couvrez le Shea Moisture Manuka Honey & Yogurt Shampoo 384ml au Maroc. Ce shampoing sans sulfate hydrate et r\u00e9pare intens\u00e9ment les cheveux tr\u00e8s secs","og_url":"https:\/\/vitablanca.ma\/en\/product\/shea-moisture-manuka-honey-yogurt-hydrate-repair-shampoo-384ml\/","og_site_name":"Vitablanca.ma &ndash; Sant&eacute;, vitalit&eacute; et bien-&ecirc;tre pour tous les Marocains","article_publisher":"https:\/\/www.facebook.com\/profile.php?id=61576678196717","article_modified_time":"2026-03-19T12:59:56+00:00","og_image":[{"width":800,"height":800,"url":"https:\/\/vitablanca.ma\/wp-content\/uploads\/2025\/05\/shea-moisture-cheveux-manuka-honey-and-yogurt-hydrate-repair-shampoo-conditioner.jpg","type":"image\/jpeg"}],"twitter_card":"summary_large_image","twitter_misc":{"Est. reading time":"1 minute"},"schema":{"@context":"https:\/\/schema.org","@graph":[{"@type":["WebPage","ItemPage"],"@id":"https:\/\/vitablanca.ma\/produit\/shea-moisture-manuka-honey-yogurt-hydrate-repair-shampoo-384ml\/","url":"https:\/\/vitablanca.ma\/produit\/shea-moisture-manuka-honey-yogurt-hydrate-repair-shampoo-384ml\/","name":"SHEA MOISTURE manuka honey &amp; yogurt hydrates 384ML - Morocco","isPartOf":{"@id":"https:\/\/vitablanca.ma\/#website"},"primaryImageOfPage":{"@id":"https:\/\/vitablanca.ma\/produit\/shea-moisture-manuka-honey-yogurt-hydrate-repair-shampoo-384ml\/#primaryimage"},"image":{"@id":"https:\/\/vitablanca.ma\/produit\/shea-moisture-manuka-honey-yogurt-hydrate-repair-shampoo-384ml\/#primaryimage"},"thumbnailUrl":"https:\/\/vitablanca.ma\/wp-content\/uploads\/2025\/05\/shea-moisture-cheveux-manuka-honey-and-yogurt-hydrate-repair-shampoo-conditioner.jpg","datePublished":"2025-05-28T22:11:16+00:00","dateModified":"2026-03-19T12:59:56+00:00","description":"Discover Shea Moisture Manuka Honey &amp; Yogurt Shampoo 384ml in Morocco. This sulfate-free shampoo intensely hydrates and repairs very dry hair.","breadcrumb":{"@id":"https:\/\/vitablanca.ma\/produit\/shea-moisture-manuka-honey-yogurt-hydrate-repair-shampoo-384ml\/#breadcrumb"},"inLanguage":"en-US","potentialAction":[{"@type":"ReadAction","target":["https:\/\/vitablanca.ma\/produit\/shea-moisture-manuka-honey-yogurt-hydrate-repair-shampoo-384ml\/"]}]},{"@type":"ImageObject","inLanguage":"en-US","@id":"https:\/\/vitablanca.ma\/produit\/shea-moisture-manuka-honey-yogurt-hydrate-repair-shampoo-384ml\/#primaryimage","url":"https:\/\/vitablanca.ma\/wp-content\/uploads\/2025\/05\/shea-moisture-cheveux-manuka-honey-and-yogurt-hydrate-repair-shampoo-conditioner.jpg","contentUrl":"https:\/\/vitablanca.ma\/wp-content\/uploads\/2025\/05\/shea-moisture-cheveux-manuka-honey-and-yogurt-hydrate-repair-shampoo-conditioner.jpg","width":800,"height":800},{"@type":"BreadcrumbList","@id":"https:\/\/vitablanca.ma\/produit\/shea-moisture-manuka-honey-yogurt-hydrate-repair-shampoo-384ml\/#breadcrumb","itemListElement":[{"@type":"ListItem","position":1,"name":"Home","item":"https:\/\/vitablanca.ma\/"},{"@type":"ListItem","position":2,"name":"Tous Les Produits","item":"https:\/\/vitablanca.ma\/tous-les-produits\/"},{"@type":"ListItem","position":3,"name":"SHEA MOISTURE manuka honey &amp; yogurt hydrate + repair shampoo 384ML"}]},{"@type":"WebSite","@id":"https:\/\/vitablanca.ma\/#website","url":"https:\/\/vitablanca.ma\/","name":"VitaBlanca.ma | Food supplements, health &amp; beauty in Morocco","description":"sell premium vitamins and supplements from USA &amp; Canada, New Zealand, Morocco (NOW Foods, Solgar, Manuka). Fast delivery anywhere in Morocco.","publisher":{"@id":"https:\/\/vitablanca.ma\/#organization"},"alternateName":"VitaBlanca.ma","potentialAction":[{"@type":"SearchAction","target":{"@type":"EntryPoint","urlTemplate":"https:\/\/vitablanca.ma\/?s={search_term_string}"},"query-input":{"@type":"PropertyValueSpecification","valueRequired":true,"valueName":"search_term_string"}}],"inLanguage":"en-US"},{"@type":"Organization","@id":"https:\/\/vitablanca.ma\/#organization","name":"VitaBlanca","url":"https:\/\/vitablanca.ma\/","logo":{"@type":"ImageObject","inLanguage":"en-US","@id":"https:\/\/vitablanca.ma\/#\/schema\/logo\/image\/","url":"https:\/\/vitablanca.ma\/wp-content\/uploads\/2025\/05\/cropped-vitablanca.png","contentUrl":"https:\/\/vitablanca.ma\/wp-content\/uploads\/2025\/05\/cropped-vitablanca.png","width":360,"height":67,"caption":"VitaBlanca"},"image":{"@id":"https:\/\/vitablanca.ma\/#\/schema\/logo\/image\/"},"sameAs":["https:\/\/www.facebook.com\/profile.php?id=61576678196717","https:\/\/www.tiktok.com\/@vitablanca.ma","https:\/\/www.instagram.com\/vitablanca.ma\/"]}]}},"jetpack_sharing_enabled":true,"_links":{"self":[{"href":"https:\/\/vitablanca.ma\/en\/wp-json\/wp\/v2\/product\/12600","targetHints":{"allow":["GET"]}}],"collection":[{"href":"https:\/\/vitablanca.ma\/en\/wp-json\/wp\/v2\/product"}],"about":[{"href":"https:\/\/vitablanca.ma\/en\/wp-json\/wp\/v2\/types\/product"}],"wp:featuredmedia":[{"embeddable":true,"href":"https:\/\/vitablanca.ma\/en\/wp-json\/wp\/v2\/media\/12599"}],"wp:attachment":[{"href":"https:\/\/vitablanca.ma\/en\/wp-json\/wp\/v2\/media?parent=12600"}],"wp:term":[{"taxonomy":"product_brand","embeddable":true,"href":"https:\/\/vitablanca.ma\/en\/wp-json\/wp\/v2\/product_brand?post=12600"},{"taxonomy":"product_cat","embeddable":true,"href":"https:\/\/vitablanca.ma\/en\/wp-json\/wp\/v2\/product_cat?post=12600"},{"taxonomy":"product_tag","embeddable":true,"href":"https:\/\/vitablanca.ma\/en\/wp-json\/wp\/v2\/product_tag?post=12600"}],"curies":[{"name":"wp","href":"https:\/\/api.w.org\/{rel}","templated":true}]}}