{"id":12582,"date":"2025-05-28T22:04:32","date_gmt":"2025-05-28T22:04:32","guid":{"rendered":"https:\/\/vitablanca.ma\/product\/the-ritual-of-ayurveda-lotion-pour-les-mains-70-ml\/"},"modified":"2026-01-20T15:37:36","modified_gmt":"2026-01-20T15:37:36","slug":"the-ritual-of-ayurveda-lotion-pour-les-mains-70-ml","status":"publish","type":"product","link":"https:\/\/vitablanca.ma\/en\/product\/the-ritual-of-ayurveda-lotion-pour-les-mains-70-ml\/","title":{"rendered":"THE RITUAL OF AYURVEDA HAND LOTION 70 ML"},"content":{"rendered":"<p>Superbly moisturized skin is in your hands, thanks to this instant care hand lotion from The Ritual of Ayurveda. Containing over 95% of natural ingredients, it has been specially developed to soften and moisturize your hands. Enriched with ancient Ayurvedic ingredients like skin-softening sweet almond oil, the lotion is scented with the delicately sweet fragrance of Indian rose. The lightweight lotion absorbs quickly into the skin, making it suitable for all skin types.<\/p>","protected":false},"excerpt":{"rendered":"<p>Une peau superbement hydrat\u00e9e est entre vos mains, gr\u00e2ce \u00e0 cette lotion pour les mains de soin instantan\u00e9 The Ritual of Ayurveda. Contenant plus de 95% d&rsquo;ingr\u00e9dients naturels, il a \u00e9t\u00e9 sp\u00e9cialement d\u00e9velopp\u00e9 pour adoucir et hydrater vos mains. Enrichie d&rsquo;anciens ingr\u00e9dients ayurv\u00e9diques comme l&rsquo;huile d&rsquo;amande douce adoucissante pour la peau, la lotion est parfum\u00e9e [&hellip;]<\/p>\n","protected":false},"featured_media":12581,"template":"","meta":{"om_disable_all_campaigns":false},"product_brand":[5971],"product_cat":[18,15],"product_tag":[5974,5977,5973,5978,5976,5975,5960,5956,5972],"class_list":{"0":"post-12582","1":"product","2":"type-product","3":"status-publish","4":"has-post-thumbnail","6":"product_brand-rituals-maroc-prix","7":"product_cat-beaute-sante","8":"product_cat-beaute-sante-complements-alimentaires-soins-et-bien-etre-au-meilleur-prix","9":"product_tag-bien-etre-luxe-maroc","10":"product_tag-brume-rituals","11":"product_tag-parfum-rituals","12":"product_tag-produits-rituals-maroc","13":"product_tag-ritual-of-ayurveda-maroc","14":"product_tag-ritual-of-sakura-maroc","15":"product_tag-rituals-cosmetics-maroc","16":"product_tag-rituals-maroc","17":"product_tag-soins-corps-rituals","19":"first","20":"instock","21":"sale","22":"taxable","23":"shipping-taxable","24":"purchasable","25":"product-type-simple"},"yoast_head":"<!-- This site is optimized with the Yoast SEO plugin v27.4 - https:\/\/yoast.com\/product\/yoast-seo-wordpress\/ -->\n<title>THE RITUAL OF AYURVEDA LOTION POUR LES MAINS 70 ML - Maroc Prix<\/title>\n<meta name=\"description\" content=\"THE RITUAL OF AYURVEDA LOTION POUR LES MAINS 70 ML\" \/>\n<meta name=\"robots\" content=\"index, follow, max-snippet:-1, max-image-preview:large, max-video-preview:-1\" \/>\n<link rel=\"canonical\" href=\"https:\/\/vitablanca.ma\/en\/product\/the-ritual-of-ayurveda-lotion-pour-les-mains-70-ml\/\" \/>\n<meta property=\"og:locale\" content=\"en_US\" \/>\n<meta property=\"og:type\" content=\"article\" \/>\n<meta property=\"og:title\" content=\"THE RITUAL OF AYURVEDA LOTION POUR LES MAINS 70 ML - Maroc Prix\" \/>\n<meta property=\"og:description\" content=\"THE RITUAL OF AYURVEDA LOTION POUR LES MAINS 70 ML\" \/>\n<meta property=\"og:url\" content=\"https:\/\/vitablanca.ma\/en\/product\/the-ritual-of-ayurveda-lotion-pour-les-mains-70-ml\/\" \/>\n<meta property=\"og:site_name\" content=\"Vitablanca.ma &ndash; Sant&eacute;, vitalit&eacute; et bien-&ecirc;tre pour tous les Marocains\" \/>\n<meta property=\"article:publisher\" content=\"https:\/\/www.facebook.com\/profile.php?id=61576678196717\" \/>\n<meta property=\"article:modified_time\" content=\"2026-01-20T15:37:36+00:00\" \/>\n<meta property=\"og:image\" content=\"https:\/\/vitablanca.ma\/wp-content\/uploads\/2025\/05\/ezgif.com-gif-maker_5_c5629ac9-6dec-451c-bee2-5692e15963e9.jpg\" \/>\n\t<meta property=\"og:image:width\" content=\"1000\" \/>\n\t<meta property=\"og:image:height\" content=\"1000\" \/>\n\t<meta property=\"og:image:type\" content=\"image\/jpeg\" \/>\n<meta name=\"twitter:card\" content=\"summary_large_image\" \/>\n<script type=\"application\/ld+json\" class=\"yoast-schema-graph\">{\"@context\":\"https:\\\/\\\/schema.org\",\"@graph\":[{\"@type\":[\"WebPage\",\"ItemPage\"],\"@id\":\"https:\\\/\\\/vitablanca.ma\\\/produit\\\/the-ritual-of-ayurveda-lotion-pour-les-mains-70-ml\\\/\",\"url\":\"https:\\\/\\\/vitablanca.ma\\\/produit\\\/the-ritual-of-ayurveda-lotion-pour-les-mains-70-ml\\\/\",\"name\":\"THE RITUAL OF AYURVEDA LOTION POUR LES MAINS 70 ML - Maroc Prix\",\"isPartOf\":{\"@id\":\"https:\\\/\\\/vitablanca.ma\\\/#website\"},\"primaryImageOfPage\":{\"@id\":\"https:\\\/\\\/vitablanca.ma\\\/produit\\\/the-ritual-of-ayurveda-lotion-pour-les-mains-70-ml\\\/#primaryimage\"},\"image\":{\"@id\":\"https:\\\/\\\/vitablanca.ma\\\/produit\\\/the-ritual-of-ayurveda-lotion-pour-les-mains-70-ml\\\/#primaryimage\"},\"thumbnailUrl\":\"https:\\\/\\\/vitablanca.ma\\\/wp-content\\\/uploads\\\/2025\\\/05\\\/ezgif.com-gif-maker_5_c5629ac9-6dec-451c-bee2-5692e15963e9.jpg\",\"datePublished\":\"2025-05-28T22:04:32+00:00\",\"dateModified\":\"2026-01-20T15:37:36+00:00\",\"description\":\"THE RITUAL OF AYURVEDA LOTION POUR LES MAINS 70 ML\",\"breadcrumb\":{\"@id\":\"https:\\\/\\\/vitablanca.ma\\\/produit\\\/the-ritual-of-ayurveda-lotion-pour-les-mains-70-ml\\\/#breadcrumb\"},\"inLanguage\":\"en-US\",\"potentialAction\":[{\"@type\":\"ReadAction\",\"target\":[\"https:\\\/\\\/vitablanca.ma\\\/produit\\\/the-ritual-of-ayurveda-lotion-pour-les-mains-70-ml\\\/\"]}]},{\"@type\":\"ImageObject\",\"inLanguage\":\"en-US\",\"@id\":\"https:\\\/\\\/vitablanca.ma\\\/produit\\\/the-ritual-of-ayurveda-lotion-pour-les-mains-70-ml\\\/#primaryimage\",\"url\":\"https:\\\/\\\/vitablanca.ma\\\/wp-content\\\/uploads\\\/2025\\\/05\\\/ezgif.com-gif-maker_5_c5629ac9-6dec-451c-bee2-5692e15963e9.jpg\",\"contentUrl\":\"https:\\\/\\\/vitablanca.ma\\\/wp-content\\\/uploads\\\/2025\\\/05\\\/ezgif.com-gif-maker_5_c5629ac9-6dec-451c-bee2-5692e15963e9.jpg\",\"width\":1000,\"height\":1000},{\"@type\":\"BreadcrumbList\",\"@id\":\"https:\\\/\\\/vitablanca.ma\\\/produit\\\/the-ritual-of-ayurveda-lotion-pour-les-mains-70-ml\\\/#breadcrumb\",\"itemListElement\":[{\"@type\":\"ListItem\",\"position\":1,\"name\":\"Home\",\"item\":\"https:\\\/\\\/vitablanca.ma\\\/\"},{\"@type\":\"ListItem\",\"position\":2,\"name\":\"Tous Les Produits\",\"item\":\"https:\\\/\\\/vitablanca.ma\\\/tous-les-produits\\\/\"},{\"@type\":\"ListItem\",\"position\":3,\"name\":\"THE RITUAL OF AYURVEDA LOTION POUR LES MAINS 70 ML\"}]},{\"@type\":\"WebSite\",\"@id\":\"https:\\\/\\\/vitablanca.ma\\\/#website\",\"url\":\"https:\\\/\\\/vitablanca.ma\\\/\",\"name\":\"VitaBlanca.ma | Compl\u00e9ments alimentaires, sant\u00e9 & beaut\u00e9 au Maroc\",\"description\":\"vendre vitamines et compl\u00e9ments premium des USA &amp; Canada, Nouvelle Z\u00e9lande,Maroc (NOW Foods, Solgar, Manuka). Livraison rapide partout au Maroc.\",\"publisher\":{\"@id\":\"https:\\\/\\\/vitablanca.ma\\\/#organization\"},\"alternateName\":\"VitaBlanca.ma\",\"potentialAction\":[{\"@type\":\"SearchAction\",\"target\":{\"@type\":\"EntryPoint\",\"urlTemplate\":\"https:\\\/\\\/vitablanca.ma\\\/?s={search_term_string}\"},\"query-input\":{\"@type\":\"PropertyValueSpecification\",\"valueRequired\":true,\"valueName\":\"search_term_string\"}}],\"inLanguage\":\"en-US\"},{\"@type\":\"Organization\",\"@id\":\"https:\\\/\\\/vitablanca.ma\\\/#organization\",\"name\":\"VitaBlanca\",\"url\":\"https:\\\/\\\/vitablanca.ma\\\/\",\"logo\":{\"@type\":\"ImageObject\",\"inLanguage\":\"en-US\",\"@id\":\"https:\\\/\\\/vitablanca.ma\\\/#\\\/schema\\\/logo\\\/image\\\/\",\"url\":\"https:\\\/\\\/vitablanca.ma\\\/wp-content\\\/uploads\\\/2025\\\/05\\\/cropped-vitablanca.png\",\"contentUrl\":\"https:\\\/\\\/vitablanca.ma\\\/wp-content\\\/uploads\\\/2025\\\/05\\\/cropped-vitablanca.png\",\"width\":360,\"height\":67,\"caption\":\"VitaBlanca\"},\"image\":{\"@id\":\"https:\\\/\\\/vitablanca.ma\\\/#\\\/schema\\\/logo\\\/image\\\/\"},\"sameAs\":[\"https:\\\/\\\/www.facebook.com\\\/profile.php?id=61576678196717\",\"https:\\\/\\\/www.tiktok.com\\\/@vitablanca.ma\",\"https:\\\/\\\/www.instagram.com\\\/vitablanca.ma\\\/\"]}]}<\/script>\n<!-- \/ Yoast SEO plugin. -->","yoast_head_json":{"title":"THE RITUAL OF AYURVEDA HAND LOTION 70 ML - Morocco Price","description":"THE RITUAL OF AYURVEDA HAND LOTION 70 ML","robots":{"index":"index","follow":"follow","max-snippet":"max-snippet:-1","max-image-preview":"max-image-preview:large","max-video-preview":"max-video-preview:-1"},"canonical":"https:\/\/vitablanca.ma\/en\/product\/the-ritual-of-ayurveda-lotion-pour-les-mains-70-ml\/","og_locale":"en_US","og_type":"article","og_title":"THE RITUAL OF AYURVEDA LOTION POUR LES MAINS 70 ML - Maroc Prix","og_description":"THE RITUAL OF AYURVEDA LOTION POUR LES MAINS 70 ML","og_url":"https:\/\/vitablanca.ma\/en\/product\/the-ritual-of-ayurveda-lotion-pour-les-mains-70-ml\/","og_site_name":"Vitablanca.ma &ndash; Sant&eacute;, vitalit&eacute; et bien-&ecirc;tre pour tous les Marocains","article_publisher":"https:\/\/www.facebook.com\/profile.php?id=61576678196717","article_modified_time":"2026-01-20T15:37:36+00:00","og_image":[{"width":1000,"height":1000,"url":"https:\/\/vitablanca.ma\/wp-content\/uploads\/2025\/05\/ezgif.com-gif-maker_5_c5629ac9-6dec-451c-bee2-5692e15963e9.jpg","type":"image\/jpeg"}],"twitter_card":"summary_large_image","schema":{"@context":"https:\/\/schema.org","@graph":[{"@type":["WebPage","ItemPage"],"@id":"https:\/\/vitablanca.ma\/produit\/the-ritual-of-ayurveda-lotion-pour-les-mains-70-ml\/","url":"https:\/\/vitablanca.ma\/produit\/the-ritual-of-ayurveda-lotion-pour-les-mains-70-ml\/","name":"THE RITUAL OF AYURVEDA HAND LOTION 70 ML - Morocco Price","isPartOf":{"@id":"https:\/\/vitablanca.ma\/#website"},"primaryImageOfPage":{"@id":"https:\/\/vitablanca.ma\/produit\/the-ritual-of-ayurveda-lotion-pour-les-mains-70-ml\/#primaryimage"},"image":{"@id":"https:\/\/vitablanca.ma\/produit\/the-ritual-of-ayurveda-lotion-pour-les-mains-70-ml\/#primaryimage"},"thumbnailUrl":"https:\/\/vitablanca.ma\/wp-content\/uploads\/2025\/05\/ezgif.com-gif-maker_5_c5629ac9-6dec-451c-bee2-5692e15963e9.jpg","datePublished":"2025-05-28T22:04:32+00:00","dateModified":"2026-01-20T15:37:36+00:00","description":"THE RITUAL OF AYURVEDA HAND LOTION 70 ML","breadcrumb":{"@id":"https:\/\/vitablanca.ma\/produit\/the-ritual-of-ayurveda-lotion-pour-les-mains-70-ml\/#breadcrumb"},"inLanguage":"en-US","potentialAction":[{"@type":"ReadAction","target":["https:\/\/vitablanca.ma\/produit\/the-ritual-of-ayurveda-lotion-pour-les-mains-70-ml\/"]}]},{"@type":"ImageObject","inLanguage":"en-US","@id":"https:\/\/vitablanca.ma\/produit\/the-ritual-of-ayurveda-lotion-pour-les-mains-70-ml\/#primaryimage","url":"https:\/\/vitablanca.ma\/wp-content\/uploads\/2025\/05\/ezgif.com-gif-maker_5_c5629ac9-6dec-451c-bee2-5692e15963e9.jpg","contentUrl":"https:\/\/vitablanca.ma\/wp-content\/uploads\/2025\/05\/ezgif.com-gif-maker_5_c5629ac9-6dec-451c-bee2-5692e15963e9.jpg","width":1000,"height":1000},{"@type":"BreadcrumbList","@id":"https:\/\/vitablanca.ma\/produit\/the-ritual-of-ayurveda-lotion-pour-les-mains-70-ml\/#breadcrumb","itemListElement":[{"@type":"ListItem","position":1,"name":"Home","item":"https:\/\/vitablanca.ma\/"},{"@type":"ListItem","position":2,"name":"Tous Les Produits","item":"https:\/\/vitablanca.ma\/tous-les-produits\/"},{"@type":"ListItem","position":3,"name":"THE RITUAL OF AYURVEDA LOTION POUR LES MAINS 70 ML"}]},{"@type":"WebSite","@id":"https:\/\/vitablanca.ma\/#website","url":"https:\/\/vitablanca.ma\/","name":"VitaBlanca.ma | Food supplements, health &amp; beauty in Morocco","description":"sell premium vitamins and supplements from USA &amp; Canada, New Zealand, Morocco (NOW Foods, Solgar, Manuka). Fast delivery anywhere in Morocco.","publisher":{"@id":"https:\/\/vitablanca.ma\/#organization"},"alternateName":"VitaBlanca.ma","potentialAction":[{"@type":"SearchAction","target":{"@type":"EntryPoint","urlTemplate":"https:\/\/vitablanca.ma\/?s={search_term_string}"},"query-input":{"@type":"PropertyValueSpecification","valueRequired":true,"valueName":"search_term_string"}}],"inLanguage":"en-US"},{"@type":"Organization","@id":"https:\/\/vitablanca.ma\/#organization","name":"VitaBlanca","url":"https:\/\/vitablanca.ma\/","logo":{"@type":"ImageObject","inLanguage":"en-US","@id":"https:\/\/vitablanca.ma\/#\/schema\/logo\/image\/","url":"https:\/\/vitablanca.ma\/wp-content\/uploads\/2025\/05\/cropped-vitablanca.png","contentUrl":"https:\/\/vitablanca.ma\/wp-content\/uploads\/2025\/05\/cropped-vitablanca.png","width":360,"height":67,"caption":"VitaBlanca"},"image":{"@id":"https:\/\/vitablanca.ma\/#\/schema\/logo\/image\/"},"sameAs":["https:\/\/www.facebook.com\/profile.php?id=61576678196717","https:\/\/www.tiktok.com\/@vitablanca.ma","https:\/\/www.instagram.com\/vitablanca.ma\/"]}]}},"jetpack_sharing_enabled":true,"_links":{"self":[{"href":"https:\/\/vitablanca.ma\/en\/wp-json\/wp\/v2\/product\/12582","targetHints":{"allow":["GET"]}}],"collection":[{"href":"https:\/\/vitablanca.ma\/en\/wp-json\/wp\/v2\/product"}],"about":[{"href":"https:\/\/vitablanca.ma\/en\/wp-json\/wp\/v2\/types\/product"}],"wp:featuredmedia":[{"embeddable":true,"href":"https:\/\/vitablanca.ma\/en\/wp-json\/wp\/v2\/media\/12581"}],"wp:attachment":[{"href":"https:\/\/vitablanca.ma\/en\/wp-json\/wp\/v2\/media?parent=12582"}],"wp:term":[{"taxonomy":"product_brand","embeddable":true,"href":"https:\/\/vitablanca.ma\/en\/wp-json\/wp\/v2\/product_brand?post=12582"},{"taxonomy":"product_cat","embeddable":true,"href":"https:\/\/vitablanca.ma\/en\/wp-json\/wp\/v2\/product_cat?post=12582"},{"taxonomy":"product_tag","embeddable":true,"href":"https:\/\/vitablanca.ma\/en\/wp-json\/wp\/v2\/product_tag?post=12582"}],"curies":[{"name":"wp","href":"https:\/\/api.w.org\/{rel}","templated":true}]}}