{"id":12578,"date":"2025-05-28T22:02:08","date_gmt":"2025-05-28T22:02:08","guid":{"rendered":"https:\/\/vitablanca.ma\/product\/crest-pro-health-densify-daily-protection-dentifrice\/"},"modified":"2025-12-28T14:25:11","modified_gmt":"2025-12-28T14:25:11","slug":"crest-pro-health-densify-daily-protection-dentifrice","status":"publish","type":"product","link":"https:\/\/vitablanca.ma\/en\/product\/crest-pro-health-densify-daily-protection-dentifrice\/","title":{"rendered":"Crest Pro-Health Densify Daily Protection Toothpaste"},"content":{"rendered":"<p>Crest Pro-Health Densify toothpaste rebuilds tooth surface density every time you brush to extend the life of your teeth by remineralizing enamel. Discover the 2X Enamel Protection System that remineralizes weakened enamel and prevents demineralization to prevent future density loss for a lasting smile. Contains fluoride for cavity protection.<\/p>\n<p data-start=\"986\" data-end=\"1290\"><strong data-start=\"986\" data-end=\"1042\">Crest Pro-Health Densify Daily Protection Toothpaste<\/strong> est une solution innovante pour la protection compl\u00e8te des dents et des gencives. Sa formule avanc\u00e9e aide \u00e0 <strong data-start=\"1151\" data-end=\"1172\">renforcer l\u2019\u00e9mail<\/strong>, prot\u00e9ger contre les caries et am\u00e9liorer la densit\u00e9 dentaire jour apr\u00e8s jour, pour un sourire plus fort et plus sain.<\/p>\n<p data-start=\"1292\" data-end=\"1447\">Con\u00e7u pour un usage quotidien, ce dentifrice agit en profondeur afin de pr\u00e9server la solidit\u00e9 des dents tout en offrant une sensation de fra\u00eecheur durable.<\/p>\n<h3 data-start=\"1449\" data-end=\"1477\"><strong data-start=\"1453\" data-end=\"1477\">Main benefits<\/strong><\/h3>\n<ul data-start=\"1478\" data-end=\"1671\">\n<li data-start=\"1478\" data-end=\"1507\">\n<p data-start=\"1480\" data-end=\"1507\">Renforce l\u2019\u00e9mail affaibli<\/p>\n<\/li>\n<li data-start=\"1508\" data-end=\"1569\">\n<p data-start=\"1510\" data-end=\"1569\">Aide \u00e0 densifier les dents avec une utilisation r\u00e9guli\u00e8re<\/p>\n<\/li>\n<li data-start=\"1570\" data-end=\"1599\">\n<p data-start=\"1572\" data-end=\"1599\">Prot\u00e8ge contre les caries<\/p>\n<\/li>\n<li data-start=\"1600\" data-end=\"1634\">\n<p data-start=\"1602\" data-end=\"1634\">Soutient la sant\u00e9 des gencives<\/p>\n<\/li>\n<li data-start=\"1635\" data-end=\"1671\">\n<p data-start=\"1637\" data-end=\"1671\">Offre une fra\u00eecheur longue dur\u00e9e<\/p>\n<\/li>\n<\/ul>\n<h3 data-start=\"1673\" data-end=\"1722\"><strong data-start=\"1677\" data-end=\"1722\">Pourquoi choisir Crest Pro-Health Densify<\/strong><\/h3>\n<p data-start=\"1723\" data-end=\"1944\">Crest est une marque mondialement reconnue dans le domaine de l\u2019hygi\u00e8ne bucco-dentaire. La gamme Pro-Health est d\u00e9velopp\u00e9e avec des technologies avanc\u00e9es pour offrir une protection compl\u00e8te, efficace et s\u00fbre au quotidien.<\/p>\n<h3 data-start=\"1946\" data-end=\"1965\"><strong data-start=\"1950\" data-end=\"1965\">Use<\/strong><\/h3>\n<p data-start=\"1966\" data-end=\"2075\">Brosser les dents au moins deux fois par jour, de pr\u00e9f\u00e9rence apr\u00e8s chaque repas, pour des r\u00e9sultats optimaux.<\/p>","protected":false},"excerpt":{"rendered":"<p data-start=\"755\" data-end=\"938\">Crest Pro-Health Densify Daily Protection est un dentifrice avanc\u00e9 con\u00e7u pour renforcer l\u2019\u00e9mail, prot\u00e9ger les gencives et aider \u00e0 densifier les dents avec une utilisation quotidienne.<\/p>","protected":false},"featured_media":12577,"template":"","meta":{"om_disable_all_campaigns":false},"product_brand":[5556],"product_cat":[18],"product_tag":[5559,5586,5579,5563,5578,5560,5584,5580,5581,5562,5557,5582,5583,5585,5558,5561],"class_list":{"0":"post-12578","1":"product","2":"type-product","3":"status-publish","4":"has-post-thumbnail","6":"product_brand-crest-maroc-prix","7":"product_cat-beaute-sante","8":"product_tag-blanchiment-dents-maison-maroc","9":"product_tag-blanchiment-dents-maroc","10":"product_tag-crest-densify-maroc","11":"product_tag-crest-maroc","12":"product_tag-crest-pro-health-maroc","13":"product_tag-dentifrice-americain-maroc","14":"product_tag-dentifrice-anti-caries-maroc","15":"product_tag-dentifrice-crest-maroc","16":"product_tag-dentifrice-protection-dents-maroc","17":"product_tag-hygiene-dentaire-premium-maroc","18":"product_tag-marque-crest-maroc","19":"product_tag-renforcer-email-maroc","20":"product_tag-sante-bucco-dentaire-maroc","21":"product_tag-soin-gencives-maroc","22":"product_tag-soins-bucco-dentaires-maroc","23":"product_tag-white-strips-maroc","25":"first","26":"instock","27":"taxable","28":"shipping-taxable","29":"purchasable","30":"product-type-simple"},"yoast_head":"<!-- This site is optimized with the Yoast SEO plugin v27.4 - https:\/\/yoast.com\/product\/yoast-seo-wordpress\/ -->\n<title>Crest Pro-Health Densify Daily Protection Dentifrice - Maroc Prix<\/title>\n<meta name=\"description\" content=\"Crest Pro-Health Densify renforce l\u2019\u00e9mail, prot\u00e8ge les gencives et aide \u00e0 densifier les dents jour apr\u00e8s jour. Dentifrice avanc\u00e9 Crest, disponible au Maroc.\" \/>\n<meta name=\"robots\" content=\"index, follow, max-snippet:-1, max-image-preview:large, max-video-preview:-1\" \/>\n<link rel=\"canonical\" href=\"https:\/\/vitablanca.ma\/en\/product\/crest-pro-health-densify-daily-protection-dentifrice\/\" \/>\n<meta property=\"og:locale\" content=\"en_US\" \/>\n<meta property=\"og:type\" content=\"article\" \/>\n<meta property=\"og:title\" content=\"Crest Pro-Health Densify Daily Protection Dentifrice - Maroc Prix\" \/>\n<meta property=\"og:description\" content=\"Crest Pro-Health Densify renforce l\u2019\u00e9mail, prot\u00e8ge les gencives et aide \u00e0 densifier les dents jour apr\u00e8s jour. Dentifrice avanc\u00e9 Crest, disponible au Maroc.\" \/>\n<meta property=\"og:url\" content=\"https:\/\/vitablanca.ma\/en\/product\/crest-pro-health-densify-daily-protection-dentifrice\/\" \/>\n<meta property=\"og:site_name\" content=\"Vitablanca.ma &ndash; Sant&eacute;, vitalit&eacute; et bien-&ecirc;tre pour tous les Marocains\" \/>\n<meta property=\"article:publisher\" content=\"https:\/\/www.facebook.com\/profile.php?id=61576678196717\" \/>\n<meta property=\"article:modified_time\" content=\"2025-12-28T14:25:11+00:00\" \/>\n<meta property=\"og:image\" content=\"https:\/\/vitablanca.ma\/wp-content\/uploads\/2025\/05\/crest-densify.jpg\" \/>\n\t<meta property=\"og:image:width\" content=\"800\" \/>\n\t<meta property=\"og:image:height\" content=\"800\" \/>\n\t<meta property=\"og:image:type\" content=\"image\/jpeg\" \/>\n<meta name=\"twitter:card\" content=\"summary_large_image\" \/>\n<meta name=\"twitter:label1\" content=\"Est. reading time\" \/>\n\t<meta name=\"twitter:data1\" content=\"2 minutes\" \/>\n<script type=\"application\/ld+json\" class=\"yoast-schema-graph\">{\"@context\":\"https:\\\/\\\/schema.org\",\"@graph\":[{\"@type\":[\"WebPage\",\"ItemPage\"],\"@id\":\"https:\\\/\\\/vitablanca.ma\\\/produit\\\/crest-pro-health-densify-daily-protection-dentifrice\\\/\",\"url\":\"https:\\\/\\\/vitablanca.ma\\\/produit\\\/crest-pro-health-densify-daily-protection-dentifrice\\\/\",\"name\":\"Crest Pro-Health Densify Daily Protection Dentifrice - Maroc Prix\",\"isPartOf\":{\"@id\":\"https:\\\/\\\/vitablanca.ma\\\/#website\"},\"primaryImageOfPage\":{\"@id\":\"https:\\\/\\\/vitablanca.ma\\\/produit\\\/crest-pro-health-densify-daily-protection-dentifrice\\\/#primaryimage\"},\"image\":{\"@id\":\"https:\\\/\\\/vitablanca.ma\\\/produit\\\/crest-pro-health-densify-daily-protection-dentifrice\\\/#primaryimage\"},\"thumbnailUrl\":\"https:\\\/\\\/vitablanca.ma\\\/wp-content\\\/uploads\\\/2025\\\/05\\\/crest-densify.jpg\",\"datePublished\":\"2025-05-28T22:02:08+00:00\",\"dateModified\":\"2025-12-28T14:25:11+00:00\",\"description\":\"Crest Pro-Health Densify renforce l\u2019\u00e9mail, prot\u00e8ge les gencives et aide \u00e0 densifier les dents jour apr\u00e8s jour. Dentifrice avanc\u00e9 Crest, disponible au Maroc.\",\"breadcrumb\":{\"@id\":\"https:\\\/\\\/vitablanca.ma\\\/produit\\\/crest-pro-health-densify-daily-protection-dentifrice\\\/#breadcrumb\"},\"inLanguage\":\"en-US\",\"potentialAction\":[{\"@type\":\"ReadAction\",\"target\":[\"https:\\\/\\\/vitablanca.ma\\\/produit\\\/crest-pro-health-densify-daily-protection-dentifrice\\\/\"]}]},{\"@type\":\"ImageObject\",\"inLanguage\":\"en-US\",\"@id\":\"https:\\\/\\\/vitablanca.ma\\\/produit\\\/crest-pro-health-densify-daily-protection-dentifrice\\\/#primaryimage\",\"url\":\"https:\\\/\\\/vitablanca.ma\\\/wp-content\\\/uploads\\\/2025\\\/05\\\/crest-densify.jpg\",\"contentUrl\":\"https:\\\/\\\/vitablanca.ma\\\/wp-content\\\/uploads\\\/2025\\\/05\\\/crest-densify.jpg\",\"width\":800,\"height\":800},{\"@type\":\"BreadcrumbList\",\"@id\":\"https:\\\/\\\/vitablanca.ma\\\/produit\\\/crest-pro-health-densify-daily-protection-dentifrice\\\/#breadcrumb\",\"itemListElement\":[{\"@type\":\"ListItem\",\"position\":1,\"name\":\"Home\",\"item\":\"https:\\\/\\\/vitablanca.ma\\\/\"},{\"@type\":\"ListItem\",\"position\":2,\"name\":\"Tous Les Produits\",\"item\":\"https:\\\/\\\/vitablanca.ma\\\/tous-les-produits\\\/\"},{\"@type\":\"ListItem\",\"position\":3,\"name\":\"Crest Pro-Health Densify Daily Protection Dentifrice\"}]},{\"@type\":\"WebSite\",\"@id\":\"https:\\\/\\\/vitablanca.ma\\\/#website\",\"url\":\"https:\\\/\\\/vitablanca.ma\\\/\",\"name\":\"VitaBlanca.ma | Compl\u00e9ments alimentaires, sant\u00e9 & beaut\u00e9 au Maroc\",\"description\":\"vendre vitamines et compl\u00e9ments premium des USA &amp; Canada, Nouvelle Z\u00e9lande,Maroc (NOW Foods, Solgar, Manuka). Livraison rapide partout au Maroc.\",\"publisher\":{\"@id\":\"https:\\\/\\\/vitablanca.ma\\\/#organization\"},\"alternateName\":\"VitaBlanca.ma\",\"potentialAction\":[{\"@type\":\"SearchAction\",\"target\":{\"@type\":\"EntryPoint\",\"urlTemplate\":\"https:\\\/\\\/vitablanca.ma\\\/?s={search_term_string}\"},\"query-input\":{\"@type\":\"PropertyValueSpecification\",\"valueRequired\":true,\"valueName\":\"search_term_string\"}}],\"inLanguage\":\"en-US\"},{\"@type\":\"Organization\",\"@id\":\"https:\\\/\\\/vitablanca.ma\\\/#organization\",\"name\":\"VitaBlanca\",\"url\":\"https:\\\/\\\/vitablanca.ma\\\/\",\"logo\":{\"@type\":\"ImageObject\",\"inLanguage\":\"en-US\",\"@id\":\"https:\\\/\\\/vitablanca.ma\\\/#\\\/schema\\\/logo\\\/image\\\/\",\"url\":\"https:\\\/\\\/vitablanca.ma\\\/wp-content\\\/uploads\\\/2025\\\/05\\\/cropped-vitablanca.png\",\"contentUrl\":\"https:\\\/\\\/vitablanca.ma\\\/wp-content\\\/uploads\\\/2025\\\/05\\\/cropped-vitablanca.png\",\"width\":360,\"height\":67,\"caption\":\"VitaBlanca\"},\"image\":{\"@id\":\"https:\\\/\\\/vitablanca.ma\\\/#\\\/schema\\\/logo\\\/image\\\/\"},\"sameAs\":[\"https:\\\/\\\/www.facebook.com\\\/profile.php?id=61576678196717\",\"https:\\\/\\\/www.tiktok.com\\\/@vitablanca.ma\",\"https:\\\/\\\/www.instagram.com\\\/vitablanca.ma\\\/\"]}]}<\/script>\n<!-- \/ Yoast SEO plugin. -->","yoast_head_json":{"title":"Crest Pro-Health Densify Daily Protection Toothpaste - Morocco Price","description":"Crest Pro-Health Densify renforce l\u2019\u00e9mail, prot\u00e8ge les gencives et aide \u00e0 densifier les dents jour apr\u00e8s jour. Dentifrice avanc\u00e9 Crest, disponible au Maroc.","robots":{"index":"index","follow":"follow","max-snippet":"max-snippet:-1","max-image-preview":"max-image-preview:large","max-video-preview":"max-video-preview:-1"},"canonical":"https:\/\/vitablanca.ma\/en\/product\/crest-pro-health-densify-daily-protection-dentifrice\/","og_locale":"en_US","og_type":"article","og_title":"Crest Pro-Health Densify Daily Protection Dentifrice - Maroc Prix","og_description":"Crest Pro-Health Densify renforce l\u2019\u00e9mail, prot\u00e8ge les gencives et aide \u00e0 densifier les dents jour apr\u00e8s jour. Dentifrice avanc\u00e9 Crest, disponible au Maroc.","og_url":"https:\/\/vitablanca.ma\/en\/product\/crest-pro-health-densify-daily-protection-dentifrice\/","og_site_name":"Vitablanca.ma &ndash; Sant&eacute;, vitalit&eacute; et bien-&ecirc;tre pour tous les Marocains","article_publisher":"https:\/\/www.facebook.com\/profile.php?id=61576678196717","article_modified_time":"2025-12-28T14:25:11+00:00","og_image":[{"width":800,"height":800,"url":"https:\/\/vitablanca.ma\/wp-content\/uploads\/2025\/05\/crest-densify.jpg","type":"image\/jpeg"}],"twitter_card":"summary_large_image","twitter_misc":{"Est. reading time":"2 minutes"},"schema":{"@context":"https:\/\/schema.org","@graph":[{"@type":["WebPage","ItemPage"],"@id":"https:\/\/vitablanca.ma\/produit\/crest-pro-health-densify-daily-protection-dentifrice\/","url":"https:\/\/vitablanca.ma\/produit\/crest-pro-health-densify-daily-protection-dentifrice\/","name":"Crest Pro-Health Densify Daily Protection Toothpaste - Morocco Price","isPartOf":{"@id":"https:\/\/vitablanca.ma\/#website"},"primaryImageOfPage":{"@id":"https:\/\/vitablanca.ma\/produit\/crest-pro-health-densify-daily-protection-dentifrice\/#primaryimage"},"image":{"@id":"https:\/\/vitablanca.ma\/produit\/crest-pro-health-densify-daily-protection-dentifrice\/#primaryimage"},"thumbnailUrl":"https:\/\/vitablanca.ma\/wp-content\/uploads\/2025\/05\/crest-densify.jpg","datePublished":"2025-05-28T22:02:08+00:00","dateModified":"2025-12-28T14:25:11+00:00","description":"Crest Pro-Health Densify renforce l\u2019\u00e9mail, prot\u00e8ge les gencives et aide \u00e0 densifier les dents jour apr\u00e8s jour. Dentifrice avanc\u00e9 Crest, disponible au Maroc.","breadcrumb":{"@id":"https:\/\/vitablanca.ma\/produit\/crest-pro-health-densify-daily-protection-dentifrice\/#breadcrumb"},"inLanguage":"en-US","potentialAction":[{"@type":"ReadAction","target":["https:\/\/vitablanca.ma\/produit\/crest-pro-health-densify-daily-protection-dentifrice\/"]}]},{"@type":"ImageObject","inLanguage":"en-US","@id":"https:\/\/vitablanca.ma\/produit\/crest-pro-health-densify-daily-protection-dentifrice\/#primaryimage","url":"https:\/\/vitablanca.ma\/wp-content\/uploads\/2025\/05\/crest-densify.jpg","contentUrl":"https:\/\/vitablanca.ma\/wp-content\/uploads\/2025\/05\/crest-densify.jpg","width":800,"height":800},{"@type":"BreadcrumbList","@id":"https:\/\/vitablanca.ma\/produit\/crest-pro-health-densify-daily-protection-dentifrice\/#breadcrumb","itemListElement":[{"@type":"ListItem","position":1,"name":"Home","item":"https:\/\/vitablanca.ma\/"},{"@type":"ListItem","position":2,"name":"Tous Les Produits","item":"https:\/\/vitablanca.ma\/tous-les-produits\/"},{"@type":"ListItem","position":3,"name":"Crest Pro-Health Densify Daily Protection Dentifrice"}]},{"@type":"WebSite","@id":"https:\/\/vitablanca.ma\/#website","url":"https:\/\/vitablanca.ma\/","name":"VitaBlanca.ma | Food supplements, health &amp; beauty in Morocco","description":"sell premium vitamins and supplements from USA &amp; Canada, New Zealand, Morocco (NOW Foods, Solgar, Manuka). Fast delivery anywhere in Morocco.","publisher":{"@id":"https:\/\/vitablanca.ma\/#organization"},"alternateName":"VitaBlanca.ma","potentialAction":[{"@type":"SearchAction","target":{"@type":"EntryPoint","urlTemplate":"https:\/\/vitablanca.ma\/?s={search_term_string}"},"query-input":{"@type":"PropertyValueSpecification","valueRequired":true,"valueName":"search_term_string"}}],"inLanguage":"en-US"},{"@type":"Organization","@id":"https:\/\/vitablanca.ma\/#organization","name":"VitaBlanca","url":"https:\/\/vitablanca.ma\/","logo":{"@type":"ImageObject","inLanguage":"en-US","@id":"https:\/\/vitablanca.ma\/#\/schema\/logo\/image\/","url":"https:\/\/vitablanca.ma\/wp-content\/uploads\/2025\/05\/cropped-vitablanca.png","contentUrl":"https:\/\/vitablanca.ma\/wp-content\/uploads\/2025\/05\/cropped-vitablanca.png","width":360,"height":67,"caption":"VitaBlanca"},"image":{"@id":"https:\/\/vitablanca.ma\/#\/schema\/logo\/image\/"},"sameAs":["https:\/\/www.facebook.com\/profile.php?id=61576678196717","https:\/\/www.tiktok.com\/@vitablanca.ma","https:\/\/www.instagram.com\/vitablanca.ma\/"]}]}},"jetpack_sharing_enabled":true,"_links":{"self":[{"href":"https:\/\/vitablanca.ma\/en\/wp-json\/wp\/v2\/product\/12578","targetHints":{"allow":["GET"]}}],"collection":[{"href":"https:\/\/vitablanca.ma\/en\/wp-json\/wp\/v2\/product"}],"about":[{"href":"https:\/\/vitablanca.ma\/en\/wp-json\/wp\/v2\/types\/product"}],"wp:featuredmedia":[{"embeddable":true,"href":"https:\/\/vitablanca.ma\/en\/wp-json\/wp\/v2\/media\/12577"}],"wp:attachment":[{"href":"https:\/\/vitablanca.ma\/en\/wp-json\/wp\/v2\/media?parent=12578"}],"wp:term":[{"taxonomy":"product_brand","embeddable":true,"href":"https:\/\/vitablanca.ma\/en\/wp-json\/wp\/v2\/product_brand?post=12578"},{"taxonomy":"product_cat","embeddable":true,"href":"https:\/\/vitablanca.ma\/en\/wp-json\/wp\/v2\/product_cat?post=12578"},{"taxonomy":"product_tag","embeddable":true,"href":"https:\/\/vitablanca.ma\/en\/wp-json\/wp\/v2\/product_tag?post=12578"}],"curies":[{"name":"wp","href":"https:\/\/api.w.org\/{rel}","templated":true}]}}