{"id":12544,"date":"2025-05-28T22:01:30","date_gmt":"2025-05-28T22:01:30","guid":{"rendered":"https:\/\/vitablanca.ma\/product\/crest-3d-white-levels-12\/"},"modified":"2026-03-23T22:48:00","modified_gmt":"2026-03-23T22:48:00","slug":"crest-3d-white-levels-12","status":"publish","type":"product","link":"https:\/\/vitablanca.ma\/en\/product\/crest-3d-white-levels-12\/","title":{"rendered":"CREST 3D white levels 12"},"content":{"rendered":"<p>Crest 3D White Whitestrips are a great way to whiten teeth.<br \/>\nPourquoi d\u00e9penser pour des traitements professionnels de blanchiment des dents ? Les bandes Crest 3D White Whitestrips Effet professionnel sont tout aussi efficaces, parce que leur formule contient le m\u00eame ingr\u00e9dient sans danger pour l\u2019\u00e9mail qu\u2019utilisent les dentistes.<\/p>\n<p data-start=\"1080\" data-end=\"1407\"><strong data-start=\"1080\" data-end=\"1120\">Crest 3D White Whitestrips Levels 12<\/strong> est une solution de blanchiment dentaire professionnelle d\u00e9velopp\u00e9e pour offrir des r\u00e9sultats visibles et durables sans quitter votre domicile. Gr\u00e2ce \u00e0 la technologie blanchissante avanc\u00e9e de Crest, ce kit permet d\u2019\u00e9claircir les dents jusqu\u2019\u00e0 <strong data-start=\"1364\" data-end=\"1378\">12 niveaux<\/strong>, tout en respectant l\u2019\u00e9mail.<\/p>\n<h3 data-start=\"1409\" data-end=\"1453\"><strong data-start=\"1413\" data-end=\"1453\">Blanchiment Professionnel \u00e0 Domicile<\/strong><\/h3>\n<p data-start=\"1454\" data-end=\"1669\">Les bandes blanchissantes Crest utilisent le m\u00eame ingr\u00e9dient actif que celui employ\u00e9 par les dentistes, garantissant une efficacit\u00e9 maximale contre les taches caus\u00e9es par le caf\u00e9, le th\u00e9, le tabac ou l\u2019alimentation.<\/p>\n<h3 data-start=\"1671\" data-end=\"1699\"><strong data-start=\"1675\" data-end=\"1699\">Principaux Bienfaits<\/strong><\/h3>\n<ul data-start=\"1700\" data-end=\"1914\">\n<li data-start=\"1700\" data-end=\"1742\">\n<p data-start=\"1702\" data-end=\"1742\">\u00c9claircit les dents jusqu\u2019\u00e0 12 niveaux<\/p>\n<\/li>\n<li data-start=\"1743\" data-end=\"1793\">\n<p data-start=\"1745\" data-end=\"1793\">\u00c9limine les taches profondes et superficielles<\/p>\n<\/li>\n<li data-start=\"1794\" data-end=\"1847\">\n<p data-start=\"1796\" data-end=\"1847\">R\u00e9sultats visibles d\u00e8s les premi\u00e8res utilisations<\/p>\n<\/li>\n<li data-start=\"1848\" data-end=\"1878\">\n<p data-start=\"1850\" data-end=\"1878\">Respecte l\u2019\u00e9mail des dents<\/p>\n<\/li>\n<li data-start=\"1879\" data-end=\"1914\">\n<p data-start=\"1881\" data-end=\"1914\">Facile \u00e0 utiliser, sans douleur<\/p>\n<\/li>\n<\/ul>\n<h3 data-start=\"1916\" data-end=\"1965\"><strong data-start=\"1920\" data-end=\"1965\">Pourquoi Choisir Crest 3D White Levels 12<\/strong><\/h3>\n<p data-start=\"1966\" data-end=\"2193\">Crest est une marque mondiale de r\u00e9f\u00e9rence en soins bucco-dentaires. Les Whitestrips Levels 12 sont con\u00e7us pour offrir un blanchiment puissant, homog\u00e8ne et s\u00e9curis\u00e9, avec des r\u00e9sultats comparables \u00e0 un traitement professionnel.<\/p>\n<h3 data-start=\"2195\" data-end=\"2221\"><strong data-start=\"2199\" data-end=\"2221\">Mode d\u2019Utilisation<\/strong><\/h3>\n<p data-start=\"2222\" data-end=\"2414\">Appliquer les bandes blanchissantes sur les dents propres et s\u00e8ches selon les instructions. Utilisation quotidienne pendant la dur\u00e9e recommand\u00e9e pour obtenir un sourire plus blanc et lumineux.<\/p>\n<h3 data-start=\"2416\" data-end=\"2450\"><strong data-start=\"2420\" data-end=\"2450\">\u00c0 Qui S\u2019Adresse Ce Produit<\/strong><\/h3>\n<ul data-start=\"2451\" data-end=\"2659\">\n<li data-start=\"2451\" data-end=\"2509\">\n<p data-start=\"2453\" data-end=\"2509\">Personnes souhaitant blanchir leurs dents efficacement<\/p>\n<\/li>\n<li data-start=\"2510\" data-end=\"2553\">\n<p data-start=\"2512\" data-end=\"2553\">Fumeurs ou consommateurs de caf\u00e9 et th\u00e9<\/p>\n<\/li>\n<li data-start=\"2554\" data-end=\"2607\">\n<p data-start=\"2556\" data-end=\"2607\">Toute personne cherchant un sourire plus \u00e9clatant<\/p>\n<\/li>\n<li data-start=\"2608\" data-end=\"2659\">\n<p data-start=\"2610\" data-end=\"2659\">Utilisateurs pr\u00e9f\u00e9rant un traitement \u00e0 domicile<\/p>\n<\/li>\n<\/ul>","protected":false},"excerpt":{"rendered":"<p>Les bandes Crest 3D White Whitestrips sont un excellent moyen de blanchir les dents. Pourquoi d\u00e9penser pour des traitements professionnels de blanchiment des dents ? Les bandes Crest 3D White Whitestrips Effet professionnel sont tout aussi efficaces, parce que leur formule contient le m\u00eame ingr\u00e9dient sans danger pour l\u2019\u00e9mail qu\u2019utilisent les dentistes. Crest 3D White [&hellip;]<\/p>\n","protected":false},"featured_media":12541,"template":"","meta":{"om_disable_all_campaigns":false},"product_brand":[5556],"product_cat":[18],"product_tag":[5573,5559,4328,5563,5571,5560,5574,5562,5592,5557,5558,5577,5561,5576,5591],"class_list":{"0":"post-12544","1":"product","2":"type-product","3":"status-publish","4":"has-post-thumbnail","6":"product_brand-crest-maroc-prix","7":"product_cat-beaute-sante","8":"product_tag-blanchiment-dentaire-maroc","9":"product_tag-blanchiment-dents-maison-maroc","10":"product_tag-crest-3d-white-maroc","11":"product_tag-crest-maroc","12":"product_tag-crest-original-maroc","13":"product_tag-dentifrice-americain-maroc","14":"product_tag-dents-blanches-maroc","15":"product_tag-hygiene-dentaire-premium-maroc","16":"product_tag-kit-blanchiment-dents-maroc","17":"product_tag-marque-crest-maroc","18":"product_tag-soins-bucco-dentaires-maroc","19":"product_tag-sourire-blanc-maroc","20":"product_tag-white-strips-maroc","21":"product_tag-whitening-strips-maroc","22":"product_tag-whitestrips-levels-12-maroc","24":"first","25":"instock","26":"taxable","27":"shipping-taxable","28":"purchasable","29":"product-type-variable"},"yoast_head":"<!-- This site is optimized with the Yoast SEO plugin v27.5 - https:\/\/yoast.com\/product\/yoast-seo-wordpress\/ -->\n<title>Crest 3D White Whitestrips Levels 12 Blanchiment Dentaire | Maroc<\/title>\n<meta name=\"description\" content=\"Crest 3D White Whitestrips Levels 12 offre un blanchiment dentaire professionnel \u00e0 domicile. Dents visiblement plus blanches en quelques jours.\" \/>\n<meta name=\"robots\" content=\"index, follow, max-snippet:-1, max-image-preview:large, max-video-preview:-1\" \/>\n<link rel=\"canonical\" href=\"https:\/\/vitablanca.ma\/en\/product\/crest-3d-white-levels-12\/\" \/>\n<meta property=\"og:locale\" content=\"en_US\" \/>\n<meta property=\"og:type\" content=\"article\" \/>\n<meta property=\"og:title\" content=\"Crest 3D White Whitestrips Levels 12 Blanchiment Dentaire | Maroc\" \/>\n<meta property=\"og:description\" content=\"Crest 3D White Whitestrips Levels 12 offre un blanchiment dentaire professionnel \u00e0 domicile. Dents visiblement plus blanches en quelques jours.\" \/>\n<meta property=\"og:url\" content=\"https:\/\/vitablanca.ma\/en\/product\/crest-3d-white-levels-12\/\" \/>\n<meta property=\"og:site_name\" content=\"Vitablanca.ma &ndash; Sant&eacute;, vitalit&eacute; et bien-&ecirc;tre pour tous les Marocains\" \/>\n<meta property=\"article:publisher\" content=\"https:\/\/www.facebook.com\/profile.php?id=61576678196717\" \/>\n<meta property=\"article:modified_time\" content=\"2026-03-23T22:48:00+00:00\" \/>\n<meta property=\"og:image\" content=\"https:\/\/vitablanca.ma\/wp-content\/uploads\/2025\/05\/crest-strips12.jpg\" \/>\n\t<meta property=\"og:image:width\" content=\"800\" \/>\n\t<meta property=\"og:image:height\" content=\"800\" \/>\n\t<meta property=\"og:image:type\" content=\"image\/jpeg\" \/>\n<meta name=\"twitter:card\" content=\"summary_large_image\" \/>\n<meta name=\"twitter:label1\" content=\"Est. reading time\" \/>\n\t<meta name=\"twitter:data1\" content=\"2 minutes\" \/>\n<script type=\"application\/ld+json\" class=\"yoast-schema-graph\">{\"@context\":\"https:\\\/\\\/schema.org\",\"@graph\":[{\"@type\":[\"WebPage\",\"ItemPage\"],\"@id\":\"https:\\\/\\\/vitablanca.ma\\\/produit\\\/crest-3d-white-levels-12\\\/\",\"url\":\"https:\\\/\\\/vitablanca.ma\\\/produit\\\/crest-3d-white-levels-12\\\/\",\"name\":\"Crest 3D White Whitestrips Levels 12 Blanchiment Dentaire | Maroc\",\"isPartOf\":{\"@id\":\"https:\\\/\\\/vitablanca.ma\\\/#website\"},\"primaryImageOfPage\":{\"@id\":\"https:\\\/\\\/vitablanca.ma\\\/produit\\\/crest-3d-white-levels-12\\\/#primaryimage\"},\"image\":{\"@id\":\"https:\\\/\\\/vitablanca.ma\\\/produit\\\/crest-3d-white-levels-12\\\/#primaryimage\"},\"thumbnailUrl\":\"https:\\\/\\\/vitablanca.ma\\\/wp-content\\\/uploads\\\/2025\\\/05\\\/crest-strips12.jpg\",\"datePublished\":\"2025-05-28T22:01:30+00:00\",\"dateModified\":\"2026-03-23T22:48:00+00:00\",\"description\":\"Crest 3D White Whitestrips Levels 12 offre un blanchiment dentaire professionnel \u00e0 domicile. Dents visiblement plus blanches en quelques jours.\",\"breadcrumb\":{\"@id\":\"https:\\\/\\\/vitablanca.ma\\\/produit\\\/crest-3d-white-levels-12\\\/#breadcrumb\"},\"inLanguage\":\"en-US\",\"potentialAction\":[{\"@type\":\"ReadAction\",\"target\":[\"https:\\\/\\\/vitablanca.ma\\\/produit\\\/crest-3d-white-levels-12\\\/\"]}]},{\"@type\":\"ImageObject\",\"inLanguage\":\"en-US\",\"@id\":\"https:\\\/\\\/vitablanca.ma\\\/produit\\\/crest-3d-white-levels-12\\\/#primaryimage\",\"url\":\"https:\\\/\\\/vitablanca.ma\\\/wp-content\\\/uploads\\\/2025\\\/05\\\/crest-strips12.jpg\",\"contentUrl\":\"https:\\\/\\\/vitablanca.ma\\\/wp-content\\\/uploads\\\/2025\\\/05\\\/crest-strips12.jpg\",\"width\":800,\"height\":800},{\"@type\":\"BreadcrumbList\",\"@id\":\"https:\\\/\\\/vitablanca.ma\\\/produit\\\/crest-3d-white-levels-12\\\/#breadcrumb\",\"itemListElement\":[{\"@type\":\"ListItem\",\"position\":1,\"name\":\"Home\",\"item\":\"https:\\\/\\\/vitablanca.ma\\\/\"},{\"@type\":\"ListItem\",\"position\":2,\"name\":\"Tous Les Produits\",\"item\":\"https:\\\/\\\/vitablanca.ma\\\/tous-les-produits\\\/\"},{\"@type\":\"ListItem\",\"position\":3,\"name\":\"CREST 3D white levels 12\"}]},{\"@type\":\"WebSite\",\"@id\":\"https:\\\/\\\/vitablanca.ma\\\/#website\",\"url\":\"https:\\\/\\\/vitablanca.ma\\\/\",\"name\":\"VitaBlanca.ma | Compl\u00e9ments alimentaires, sant\u00e9 & beaut\u00e9 au Maroc\",\"description\":\"vendre vitamines et compl\u00e9ments premium des USA &amp; Canada, Nouvelle Z\u00e9lande,Maroc (NOW Foods, Solgar, Manuka). Livraison rapide partout au Maroc.\",\"publisher\":{\"@id\":\"https:\\\/\\\/vitablanca.ma\\\/#organization\"},\"alternateName\":\"VitaBlanca.ma\",\"potentialAction\":[{\"@type\":\"SearchAction\",\"target\":{\"@type\":\"EntryPoint\",\"urlTemplate\":\"https:\\\/\\\/vitablanca.ma\\\/?s={search_term_string}\"},\"query-input\":{\"@type\":\"PropertyValueSpecification\",\"valueRequired\":true,\"valueName\":\"search_term_string\"}}],\"inLanguage\":\"en-US\"},{\"@type\":\"Organization\",\"@id\":\"https:\\\/\\\/vitablanca.ma\\\/#organization\",\"name\":\"VitaBlanca\",\"url\":\"https:\\\/\\\/vitablanca.ma\\\/\",\"logo\":{\"@type\":\"ImageObject\",\"inLanguage\":\"en-US\",\"@id\":\"https:\\\/\\\/vitablanca.ma\\\/#\\\/schema\\\/logo\\\/image\\\/\",\"url\":\"https:\\\/\\\/vitablanca.ma\\\/wp-content\\\/uploads\\\/2025\\\/05\\\/cropped-vitablanca.png\",\"contentUrl\":\"https:\\\/\\\/vitablanca.ma\\\/wp-content\\\/uploads\\\/2025\\\/05\\\/cropped-vitablanca.png\",\"width\":360,\"height\":67,\"caption\":\"VitaBlanca\"},\"image\":{\"@id\":\"https:\\\/\\\/vitablanca.ma\\\/#\\\/schema\\\/logo\\\/image\\\/\"},\"sameAs\":[\"https:\\\/\\\/www.facebook.com\\\/profile.php?id=61576678196717\",\"https:\\\/\\\/www.tiktok.com\\\/@vitablanca.ma\",\"https:\\\/\\\/www.instagram.com\\\/vitablanca.ma\\\/\"]}]}<\/script>\n<!-- \/ Yoast SEO plugin. -->","yoast_head_json":{"title":"Crest 3D White Whitestrips Levels 12 Blanchiment Dentaire | Maroc","description":"Crest 3D White Whitestrips Levels 12 offre un blanchiment dentaire professionnel \u00e0 domicile. Dents visiblement plus blanches en quelques jours.","robots":{"index":"index","follow":"follow","max-snippet":"max-snippet:-1","max-image-preview":"max-image-preview:large","max-video-preview":"max-video-preview:-1"},"canonical":"https:\/\/vitablanca.ma\/en\/product\/crest-3d-white-levels-12\/","og_locale":"en_US","og_type":"article","og_title":"Crest 3D White Whitestrips Levels 12 Blanchiment Dentaire | Maroc","og_description":"Crest 3D White Whitestrips Levels 12 offre un blanchiment dentaire professionnel \u00e0 domicile. Dents visiblement plus blanches en quelques jours.","og_url":"https:\/\/vitablanca.ma\/en\/product\/crest-3d-white-levels-12\/","og_site_name":"Vitablanca.ma &ndash; Sant&eacute;, vitalit&eacute; et bien-&ecirc;tre pour tous les Marocains","article_publisher":"https:\/\/www.facebook.com\/profile.php?id=61576678196717","article_modified_time":"2026-03-23T22:48:00+00:00","og_image":[{"width":800,"height":800,"url":"https:\/\/vitablanca.ma\/wp-content\/uploads\/2025\/05\/crest-strips12.jpg","type":"image\/jpeg"}],"twitter_card":"summary_large_image","twitter_misc":{"Est. reading time":"2 minutes"},"schema":{"@context":"https:\/\/schema.org","@graph":[{"@type":["WebPage","ItemPage"],"@id":"https:\/\/vitablanca.ma\/produit\/crest-3d-white-levels-12\/","url":"https:\/\/vitablanca.ma\/produit\/crest-3d-white-levels-12\/","name":"Crest 3D White Whitestrips Levels 12 Blanchiment Dentaire | Maroc","isPartOf":{"@id":"https:\/\/vitablanca.ma\/#website"},"primaryImageOfPage":{"@id":"https:\/\/vitablanca.ma\/produit\/crest-3d-white-levels-12\/#primaryimage"},"image":{"@id":"https:\/\/vitablanca.ma\/produit\/crest-3d-white-levels-12\/#primaryimage"},"thumbnailUrl":"https:\/\/vitablanca.ma\/wp-content\/uploads\/2025\/05\/crest-strips12.jpg","datePublished":"2025-05-28T22:01:30+00:00","dateModified":"2026-03-23T22:48:00+00:00","description":"Crest 3D White Whitestrips Levels 12 offre un blanchiment dentaire professionnel \u00e0 domicile. Dents visiblement plus blanches en quelques jours.","breadcrumb":{"@id":"https:\/\/vitablanca.ma\/produit\/crest-3d-white-levels-12\/#breadcrumb"},"inLanguage":"en-US","potentialAction":[{"@type":"ReadAction","target":["https:\/\/vitablanca.ma\/produit\/crest-3d-white-levels-12\/"]}]},{"@type":"ImageObject","inLanguage":"en-US","@id":"https:\/\/vitablanca.ma\/produit\/crest-3d-white-levels-12\/#primaryimage","url":"https:\/\/vitablanca.ma\/wp-content\/uploads\/2025\/05\/crest-strips12.jpg","contentUrl":"https:\/\/vitablanca.ma\/wp-content\/uploads\/2025\/05\/crest-strips12.jpg","width":800,"height":800},{"@type":"BreadcrumbList","@id":"https:\/\/vitablanca.ma\/produit\/crest-3d-white-levels-12\/#breadcrumb","itemListElement":[{"@type":"ListItem","position":1,"name":"Home","item":"https:\/\/vitablanca.ma\/"},{"@type":"ListItem","position":2,"name":"Tous Les Produits","item":"https:\/\/vitablanca.ma\/tous-les-produits\/"},{"@type":"ListItem","position":3,"name":"CREST 3D white levels 12"}]},{"@type":"WebSite","@id":"https:\/\/vitablanca.ma\/#website","url":"https:\/\/vitablanca.ma\/","name":"VitaBlanca.ma | Food supplements, health &amp; beauty in Morocco","description":"sell premium vitamins and supplements from USA &amp; Canada, New Zealand, Morocco (NOW Foods, Solgar, Manuka). Fast delivery anywhere in Morocco.","publisher":{"@id":"https:\/\/vitablanca.ma\/#organization"},"alternateName":"VitaBlanca.ma","potentialAction":[{"@type":"SearchAction","target":{"@type":"EntryPoint","urlTemplate":"https:\/\/vitablanca.ma\/?s={search_term_string}"},"query-input":{"@type":"PropertyValueSpecification","valueRequired":true,"valueName":"search_term_string"}}],"inLanguage":"en-US"},{"@type":"Organization","@id":"https:\/\/vitablanca.ma\/#organization","name":"VitaBlanca","url":"https:\/\/vitablanca.ma\/","logo":{"@type":"ImageObject","inLanguage":"en-US","@id":"https:\/\/vitablanca.ma\/#\/schema\/logo\/image\/","url":"https:\/\/vitablanca.ma\/wp-content\/uploads\/2025\/05\/cropped-vitablanca.png","contentUrl":"https:\/\/vitablanca.ma\/wp-content\/uploads\/2025\/05\/cropped-vitablanca.png","width":360,"height":67,"caption":"VitaBlanca"},"image":{"@id":"https:\/\/vitablanca.ma\/#\/schema\/logo\/image\/"},"sameAs":["https:\/\/www.facebook.com\/profile.php?id=61576678196717","https:\/\/www.tiktok.com\/@vitablanca.ma","https:\/\/www.instagram.com\/vitablanca.ma\/"]}]}},"jetpack_sharing_enabled":true,"_links":{"self":[{"href":"https:\/\/vitablanca.ma\/en\/wp-json\/wp\/v2\/product\/12544","targetHints":{"allow":["GET"]}}],"collection":[{"href":"https:\/\/vitablanca.ma\/en\/wp-json\/wp\/v2\/product"}],"about":[{"href":"https:\/\/vitablanca.ma\/en\/wp-json\/wp\/v2\/types\/product"}],"wp:featuredmedia":[{"embeddable":true,"href":"https:\/\/vitablanca.ma\/en\/wp-json\/wp\/v2\/media\/12541"}],"wp:attachment":[{"href":"https:\/\/vitablanca.ma\/en\/wp-json\/wp\/v2\/media?parent=12544"}],"wp:term":[{"taxonomy":"product_brand","embeddable":true,"href":"https:\/\/vitablanca.ma\/en\/wp-json\/wp\/v2\/product_brand?post=12544"},{"taxonomy":"product_cat","embeddable":true,"href":"https:\/\/vitablanca.ma\/en\/wp-json\/wp\/v2\/product_cat?post=12544"},{"taxonomy":"product_tag","embeddable":true,"href":"https:\/\/vitablanca.ma\/en\/wp-json\/wp\/v2\/product_tag?post=12544"}],"curies":[{"name":"wp","href":"https:\/\/api.w.org\/{rel}","templated":true}]}}