{"id":12531,"date":"2025-05-28T22:01:23","date_gmt":"2025-05-28T22:01:23","guid":{"rendered":"https:\/\/vitablanca.ma\/product\/summers-eve-cleansing-wash-for-sensitive-skin-444-ml\/"},"modified":"2025-05-28T22:01:24","modified_gmt":"2025-05-28T22:01:24","slug":"summers-eve-cleansing-wash-for-sensitive-skin-444-ml","status":"publish","type":"product","link":"https:\/\/vitablanca.ma\/en\/product\/summers-eve-cleansing-wash-for-sensitive-skin-444-ml\/","title":{"rendered":"Summer&#039;s Eve \u2013 Cleansing Wash For Sensitive Skin 444 Ml"},"content":{"rendered":"<p>This cleansing gel is formulated specifically for your vaginal area and can be used every day. Doctors say so.<\/p>\n<div>Safe Scents\u2122 clinically tested<\/div>\n<div>Eliminates odor-causing bacteria.<\/div>\n<div>pH balanced.<\/div>\n<div>No colorants or parabens.<\/div>\n<div>Gently cleanses and refreshes.<\/div>\n<div>pH balanced<\/div>\n<div>Tested under dermatological and gynecological control<\/div>\n<div>Gentle formula for sensitive skin<\/div>\n<div>Helps eliminate odor-causing bacteria from the vaginal area.\u00a0<\/div>","protected":false},"excerpt":{"rendered":"<p>Ce gel nettoyant est formul\u00e9 sp\u00e9cifiquement pour votre r\u00e9gion vaginale et vous pouvez l&rsquo;utiliser tous les jours. Les m\u00e9decins le disent. Safe Scents \u2122 test\u00e9 cliniquement \u00c9limine les bact\u00e9ries responsables des odeurs. pH \u00e9quilibr\u00e9. Sans colorants ni parabens. Nettoie et rafra\u00eechit en douceur. pH \u00e9quilibr\u00e9 Test\u00e9 sous contr\u00f4le dermatologique et gyn\u00e9cologue Formule douce pour peau [&hellip;]<\/p>\n","protected":false},"featured_media":12526,"template":"","meta":{"om_disable_all_campaigns":false},"product_brand":[],"product_cat":[15],"product_tag":[],"class_list":{"0":"post-12531","1":"product","2":"type-product","3":"status-publish","4":"has-post-thumbnail","6":"product_cat-beaute-sante-complements-alimentaires-soins-et-bien-etre-au-meilleur-prix","8":"first","9":"instock","10":"taxable","11":"shipping-taxable","12":"purchasable","13":"product-type-variable"},"yoast_head":"<!-- This site is optimized with the Yoast SEO plugin v27.5 - https:\/\/yoast.com\/product\/yoast-seo-wordpress\/ -->\n<title>Summer&#039;s Eve - Cleansing Wash For Sensitive Skin 444 Ml - Maroc Prix<\/title>\n<meta name=\"description\" content=\"Summer&#039;s Eve - Cleansing Wash For Sensitive Skin 444 Ml\" \/>\n<meta name=\"robots\" content=\"index, follow, max-snippet:-1, max-image-preview:large, max-video-preview:-1\" \/>\n<link rel=\"canonical\" href=\"https:\/\/vitablanca.ma\/en\/product\/summers-eve-cleansing-wash-for-sensitive-skin-444-ml\/\" \/>\n<meta property=\"og:locale\" content=\"en_US\" \/>\n<meta property=\"og:type\" content=\"article\" \/>\n<meta property=\"og:title\" content=\"Summer&#039;s Eve - Cleansing Wash For Sensitive Skin 444 Ml - Maroc Prix\" \/>\n<meta property=\"og:description\" content=\"Summer&#039;s Eve - Cleansing Wash For Sensitive Skin 444 Ml\" \/>\n<meta property=\"og:url\" content=\"https:\/\/vitablanca.ma\/en\/product\/summers-eve-cleansing-wash-for-sensitive-skin-444-ml\/\" \/>\n<meta property=\"og:site_name\" content=\"Vitablanca.ma &ndash; Sant&eacute;, vitalit&eacute; et bien-&ecirc;tre pour tous les Marocains\" \/>\n<meta property=\"article:publisher\" content=\"https:\/\/www.facebook.com\/profile.php?id=61576678196717\" \/>\n<meta property=\"article:modified_time\" content=\"2025-05-28T22:01:24+00:00\" \/>\n<meta property=\"og:image\" content=\"https:\/\/vitablanca.ma\/wp-content\/uploads\/2025\/05\/PicsArt_09-15-04.36.26.jpg\" \/>\n\t<meta property=\"og:image:width\" content=\"1080\" \/>\n\t<meta property=\"og:image:height\" content=\"1080\" \/>\n\t<meta property=\"og:image:type\" content=\"image\/jpeg\" \/>\n<meta name=\"twitter:card\" content=\"summary_large_image\" \/>\n<script type=\"application\/ld+json\" class=\"yoast-schema-graph\">{\"@context\":\"https:\\\/\\\/schema.org\",\"@graph\":[{\"@type\":[\"WebPage\",\"ItemPage\"],\"@id\":\"https:\\\/\\\/vitablanca.ma\\\/produit\\\/summers-eve-cleansing-wash-for-sensitive-skin-444-ml\\\/\",\"url\":\"https:\\\/\\\/vitablanca.ma\\\/produit\\\/summers-eve-cleansing-wash-for-sensitive-skin-444-ml\\\/\",\"name\":\"Summer's Eve - Cleansing Wash For Sensitive Skin 444 Ml - Maroc Prix\",\"isPartOf\":{\"@id\":\"https:\\\/\\\/vitablanca.ma\\\/#website\"},\"primaryImageOfPage\":{\"@id\":\"https:\\\/\\\/vitablanca.ma\\\/produit\\\/summers-eve-cleansing-wash-for-sensitive-skin-444-ml\\\/#primaryimage\"},\"image\":{\"@id\":\"https:\\\/\\\/vitablanca.ma\\\/produit\\\/summers-eve-cleansing-wash-for-sensitive-skin-444-ml\\\/#primaryimage\"},\"thumbnailUrl\":\"https:\\\/\\\/vitablanca.ma\\\/wp-content\\\/uploads\\\/2025\\\/05\\\/PicsArt_09-15-04.36.26.jpg\",\"datePublished\":\"2025-05-28T22:01:23+00:00\",\"dateModified\":\"2025-05-28T22:01:24+00:00\",\"description\":\"Summer's Eve - Cleansing Wash For Sensitive Skin 444 Ml\",\"breadcrumb\":{\"@id\":\"https:\\\/\\\/vitablanca.ma\\\/produit\\\/summers-eve-cleansing-wash-for-sensitive-skin-444-ml\\\/#breadcrumb\"},\"inLanguage\":\"en-US\",\"potentialAction\":[{\"@type\":\"ReadAction\",\"target\":[\"https:\\\/\\\/vitablanca.ma\\\/produit\\\/summers-eve-cleansing-wash-for-sensitive-skin-444-ml\\\/\"]}]},{\"@type\":\"ImageObject\",\"inLanguage\":\"en-US\",\"@id\":\"https:\\\/\\\/vitablanca.ma\\\/produit\\\/summers-eve-cleansing-wash-for-sensitive-skin-444-ml\\\/#primaryimage\",\"url\":\"https:\\\/\\\/vitablanca.ma\\\/wp-content\\\/uploads\\\/2025\\\/05\\\/PicsArt_09-15-04.36.26.jpg\",\"contentUrl\":\"https:\\\/\\\/vitablanca.ma\\\/wp-content\\\/uploads\\\/2025\\\/05\\\/PicsArt_09-15-04.36.26.jpg\",\"width\":1080,\"height\":1080},{\"@type\":\"BreadcrumbList\",\"@id\":\"https:\\\/\\\/vitablanca.ma\\\/produit\\\/summers-eve-cleansing-wash-for-sensitive-skin-444-ml\\\/#breadcrumb\",\"itemListElement\":[{\"@type\":\"ListItem\",\"position\":1,\"name\":\"Home\",\"item\":\"https:\\\/\\\/vitablanca.ma\\\/\"},{\"@type\":\"ListItem\",\"position\":2,\"name\":\"Tous Les Produits\",\"item\":\"https:\\\/\\\/vitablanca.ma\\\/tous-les-produits\\\/\"},{\"@type\":\"ListItem\",\"position\":3,\"name\":\"Summer&#8217;s Eve &#8211; Cleansing Wash For Sensitive Skin 444 Ml\"}]},{\"@type\":\"WebSite\",\"@id\":\"https:\\\/\\\/vitablanca.ma\\\/#website\",\"url\":\"https:\\\/\\\/vitablanca.ma\\\/\",\"name\":\"VitaBlanca.ma | Compl\u00e9ments alimentaires, sant\u00e9 & beaut\u00e9 au Maroc\",\"description\":\"vendre vitamines et compl\u00e9ments premium des USA &amp; Canada, Nouvelle Z\u00e9lande,Maroc (NOW Foods, Solgar, Manuka). Livraison rapide partout au Maroc.\",\"publisher\":{\"@id\":\"https:\\\/\\\/vitablanca.ma\\\/#organization\"},\"alternateName\":\"VitaBlanca.ma\",\"potentialAction\":[{\"@type\":\"SearchAction\",\"target\":{\"@type\":\"EntryPoint\",\"urlTemplate\":\"https:\\\/\\\/vitablanca.ma\\\/?s={search_term_string}\"},\"query-input\":{\"@type\":\"PropertyValueSpecification\",\"valueRequired\":true,\"valueName\":\"search_term_string\"}}],\"inLanguage\":\"en-US\"},{\"@type\":\"Organization\",\"@id\":\"https:\\\/\\\/vitablanca.ma\\\/#organization\",\"name\":\"VitaBlanca\",\"url\":\"https:\\\/\\\/vitablanca.ma\\\/\",\"logo\":{\"@type\":\"ImageObject\",\"inLanguage\":\"en-US\",\"@id\":\"https:\\\/\\\/vitablanca.ma\\\/#\\\/schema\\\/logo\\\/image\\\/\",\"url\":\"https:\\\/\\\/vitablanca.ma\\\/wp-content\\\/uploads\\\/2025\\\/05\\\/cropped-vitablanca.png\",\"contentUrl\":\"https:\\\/\\\/vitablanca.ma\\\/wp-content\\\/uploads\\\/2025\\\/05\\\/cropped-vitablanca.png\",\"width\":360,\"height\":67,\"caption\":\"VitaBlanca\"},\"image\":{\"@id\":\"https:\\\/\\\/vitablanca.ma\\\/#\\\/schema\\\/logo\\\/image\\\/\"},\"sameAs\":[\"https:\\\/\\\/www.facebook.com\\\/profile.php?id=61576678196717\",\"https:\\\/\\\/www.tiktok.com\\\/@vitablanca.ma\",\"https:\\\/\\\/www.instagram.com\\\/vitablanca.ma\\\/\"]}]}<\/script>\n<!-- \/ Yoast SEO plugin. -->","yoast_head_json":{"title":"Summer&#039;s Eve - Cleansing Wash For Sensitive Skin 444 Ml - Morocco Price","description":"Summer&#039;s Eve - Cleansing Wash For Sensitive Skin 444 Ml","robots":{"index":"index","follow":"follow","max-snippet":"max-snippet:-1","max-image-preview":"max-image-preview:large","max-video-preview":"max-video-preview:-1"},"canonical":"https:\/\/vitablanca.ma\/en\/product\/summers-eve-cleansing-wash-for-sensitive-skin-444-ml\/","og_locale":"en_US","og_type":"article","og_title":"Summer's Eve - Cleansing Wash For Sensitive Skin 444 Ml - Maroc Prix","og_description":"Summer's Eve - Cleansing Wash For Sensitive Skin 444 Ml","og_url":"https:\/\/vitablanca.ma\/en\/product\/summers-eve-cleansing-wash-for-sensitive-skin-444-ml\/","og_site_name":"Vitablanca.ma &ndash; Sant&eacute;, vitalit&eacute; et bien-&ecirc;tre pour tous les Marocains","article_publisher":"https:\/\/www.facebook.com\/profile.php?id=61576678196717","article_modified_time":"2025-05-28T22:01:24+00:00","og_image":[{"width":1080,"height":1080,"url":"https:\/\/vitablanca.ma\/wp-content\/uploads\/2025\/05\/PicsArt_09-15-04.36.26.jpg","type":"image\/jpeg"}],"twitter_card":"summary_large_image","schema":{"@context":"https:\/\/schema.org","@graph":[{"@type":["WebPage","ItemPage"],"@id":"https:\/\/vitablanca.ma\/produit\/summers-eve-cleansing-wash-for-sensitive-skin-444-ml\/","url":"https:\/\/vitablanca.ma\/produit\/summers-eve-cleansing-wash-for-sensitive-skin-444-ml\/","name":"Summer&#039;s Eve - Cleansing Wash For Sensitive Skin 444 Ml - Morocco Price","isPartOf":{"@id":"https:\/\/vitablanca.ma\/#website"},"primaryImageOfPage":{"@id":"https:\/\/vitablanca.ma\/produit\/summers-eve-cleansing-wash-for-sensitive-skin-444-ml\/#primaryimage"},"image":{"@id":"https:\/\/vitablanca.ma\/produit\/summers-eve-cleansing-wash-for-sensitive-skin-444-ml\/#primaryimage"},"thumbnailUrl":"https:\/\/vitablanca.ma\/wp-content\/uploads\/2025\/05\/PicsArt_09-15-04.36.26.jpg","datePublished":"2025-05-28T22:01:23+00:00","dateModified":"2025-05-28T22:01:24+00:00","description":"Summer&#039;s Eve - Cleansing Wash For Sensitive Skin 444 Ml","breadcrumb":{"@id":"https:\/\/vitablanca.ma\/produit\/summers-eve-cleansing-wash-for-sensitive-skin-444-ml\/#breadcrumb"},"inLanguage":"en-US","potentialAction":[{"@type":"ReadAction","target":["https:\/\/vitablanca.ma\/produit\/summers-eve-cleansing-wash-for-sensitive-skin-444-ml\/"]}]},{"@type":"ImageObject","inLanguage":"en-US","@id":"https:\/\/vitablanca.ma\/produit\/summers-eve-cleansing-wash-for-sensitive-skin-444-ml\/#primaryimage","url":"https:\/\/vitablanca.ma\/wp-content\/uploads\/2025\/05\/PicsArt_09-15-04.36.26.jpg","contentUrl":"https:\/\/vitablanca.ma\/wp-content\/uploads\/2025\/05\/PicsArt_09-15-04.36.26.jpg","width":1080,"height":1080},{"@type":"BreadcrumbList","@id":"https:\/\/vitablanca.ma\/produit\/summers-eve-cleansing-wash-for-sensitive-skin-444-ml\/#breadcrumb","itemListElement":[{"@type":"ListItem","position":1,"name":"Home","item":"https:\/\/vitablanca.ma\/"},{"@type":"ListItem","position":2,"name":"Tous Les Produits","item":"https:\/\/vitablanca.ma\/tous-les-produits\/"},{"@type":"ListItem","position":3,"name":"Summer&#8217;s Eve &#8211; Cleansing Wash For Sensitive Skin 444 Ml"}]},{"@type":"WebSite","@id":"https:\/\/vitablanca.ma\/#website","url":"https:\/\/vitablanca.ma\/","name":"VitaBlanca.ma | Food supplements, health &amp; beauty in Morocco","description":"sell premium vitamins and supplements from USA &amp; Canada, New Zealand, Morocco (NOW Foods, Solgar, Manuka). Fast delivery anywhere in Morocco.","publisher":{"@id":"https:\/\/vitablanca.ma\/#organization"},"alternateName":"VitaBlanca.ma","potentialAction":[{"@type":"SearchAction","target":{"@type":"EntryPoint","urlTemplate":"https:\/\/vitablanca.ma\/?s={search_term_string}"},"query-input":{"@type":"PropertyValueSpecification","valueRequired":true,"valueName":"search_term_string"}}],"inLanguage":"en-US"},{"@type":"Organization","@id":"https:\/\/vitablanca.ma\/#organization","name":"VitaBlanca","url":"https:\/\/vitablanca.ma\/","logo":{"@type":"ImageObject","inLanguage":"en-US","@id":"https:\/\/vitablanca.ma\/#\/schema\/logo\/image\/","url":"https:\/\/vitablanca.ma\/wp-content\/uploads\/2025\/05\/cropped-vitablanca.png","contentUrl":"https:\/\/vitablanca.ma\/wp-content\/uploads\/2025\/05\/cropped-vitablanca.png","width":360,"height":67,"caption":"VitaBlanca"},"image":{"@id":"https:\/\/vitablanca.ma\/#\/schema\/logo\/image\/"},"sameAs":["https:\/\/www.facebook.com\/profile.php?id=61576678196717","https:\/\/www.tiktok.com\/@vitablanca.ma","https:\/\/www.instagram.com\/vitablanca.ma\/"]}]}},"jetpack_sharing_enabled":true,"_links":{"self":[{"href":"https:\/\/vitablanca.ma\/en\/wp-json\/wp\/v2\/product\/12531","targetHints":{"allow":["GET"]}}],"collection":[{"href":"https:\/\/vitablanca.ma\/en\/wp-json\/wp\/v2\/product"}],"about":[{"href":"https:\/\/vitablanca.ma\/en\/wp-json\/wp\/v2\/types\/product"}],"wp:featuredmedia":[{"embeddable":true,"href":"https:\/\/vitablanca.ma\/en\/wp-json\/wp\/v2\/media\/12526"}],"wp:attachment":[{"href":"https:\/\/vitablanca.ma\/en\/wp-json\/wp\/v2\/media?parent=12531"}],"wp:term":[{"taxonomy":"product_brand","embeddable":true,"href":"https:\/\/vitablanca.ma\/en\/wp-json\/wp\/v2\/product_brand?post=12531"},{"taxonomy":"product_cat","embeddable":true,"href":"https:\/\/vitablanca.ma\/en\/wp-json\/wp\/v2\/product_cat?post=12531"},{"taxonomy":"product_tag","embeddable":true,"href":"https:\/\/vitablanca.ma\/en\/wp-json\/wp\/v2\/product_tag?post=12531"}],"curies":[{"name":"wp","href":"https:\/\/api.w.org\/{rel}","templated":true}]}}