{"id":12382,"date":"2025-05-28T21:46:12","date_gmt":"2025-05-28T21:46:12","guid":{"rendered":"https:\/\/vitablanca.ma\/product\/absolute-new-york-lip-plump-semi-opaque-gloss\/"},"modified":"2025-12-27T14:13:49","modified_gmt":"2025-12-27T14:13:49","slug":"absolute-new-york-lip-plump-semi-opaque-gloss","status":"publish","type":"product","link":"https:\/\/vitablanca.ma\/en\/product\/absolute-new-york-lip-plump-semi-opaque-gloss\/","title":{"rendered":"ABSOLUTE NEW YORK \u2013 Lip Plump Semi-Opaque Gloss"},"content":{"rendered":"<p data-mce-fragment=\"1\">Donnez un coup de fouet \u00e0 vos l\u00e8vres et ajoutez la touche parfaite de couleur avec notre Lip Plump Semi-Opaque Gloss obsessionnellement juteux d\u2019ABSOLUTE NEW YORK. Dot\u00e9 de HotFlux\u00ae pour un effet de gonflement imm\u00e9diat et accompagn\u00e9 d\u2019une sensation de chaleur et de picotement suivie d\u2019un agr\u00e9able effet de refroidissement gr\u00e2ce au menthol. Formul\u00e9 avec de l\u2019huile de jojoba, de l\u2019huile d\u2019avocat, de l\u2019huile de ricin et des extraits d\u2019amande douce, pour vous procurer une hydratation enivrante, une couleur semi-opaque et un volume maximal pour des l\u00e8vres plus jeunes et plus<\/p>","protected":false},"excerpt":{"rendered":"<p>Donnez un coup de fouet \u00e0 vos l\u00e8vres et ajoutez la touche parfaite de couleur avec notre Lip Plump Semi-Opaque Gloss obsessionnellement juteux d\u2019ABSOLUTE NEW YORK. Dot\u00e9 de HotFlux\u00ae pour un effet de gonflement imm\u00e9diat et accompagn\u00e9 d\u2019une sensation de chaleur et de picotement suivie d\u2019un agr\u00e9able effet de refroidissement gr\u00e2ce au menthol. Formul\u00e9 avec [&hellip;]<\/p>\n","protected":false},"featured_media":12372,"template":"","meta":{"om_disable_all_campaigns":false},"product_brand":[],"product_cat":[15],"product_tag":[],"class_list":{"0":"post-12382","1":"product","2":"type-product","3":"status-publish","4":"has-post-thumbnail","6":"product_cat-beaute-sante-complements-alimentaires-soins-et-bien-etre-au-meilleur-prix","8":"first","9":"instock","10":"taxable","11":"shipping-taxable","12":"purchasable","13":"product-type-variable"},"yoast_head":"<!-- This site is optimized with the Yoast SEO plugin v27.5 - https:\/\/yoast.com\/product\/yoast-seo-wordpress\/ -->\n<title>ABSOLUTE NEW YORK - Lip Plump Semi-Opaque Gloss - Maroc Prix<\/title>\n<meta name=\"description\" content=\"ABSOLUTE NEW YORK - Lip Plump Semi-Opaque Gloss\" \/>\n<meta name=\"robots\" content=\"index, follow, max-snippet:-1, max-image-preview:large, max-video-preview:-1\" \/>\n<link rel=\"canonical\" href=\"https:\/\/vitablanca.ma\/en\/product\/absolute-new-york-lip-plump-semi-opaque-gloss\/\" \/>\n<meta property=\"og:locale\" content=\"en_US\" \/>\n<meta property=\"og:type\" content=\"article\" \/>\n<meta property=\"og:title\" content=\"ABSOLUTE NEW YORK - Lip Plump Semi-Opaque Gloss - Maroc Prix\" \/>\n<meta property=\"og:description\" content=\"ABSOLUTE NEW YORK - Lip Plump Semi-Opaque Gloss\" \/>\n<meta property=\"og:url\" content=\"https:\/\/vitablanca.ma\/en\/product\/absolute-new-york-lip-plump-semi-opaque-gloss\/\" \/>\n<meta property=\"og:site_name\" content=\"Vitablanca.ma &ndash; Sant&eacute;, vitalit&eacute; et bien-&ecirc;tre pour tous les Marocains\" \/>\n<meta property=\"article:publisher\" content=\"https:\/\/www.facebook.com\/profile.php?id=61576678196717\" \/>\n<meta property=\"article:modified_time\" content=\"2025-12-27T14:13:49+00:00\" \/>\n<meta property=\"og:image\" content=\"https:\/\/vitablanca.ma\/wp-content\/uploads\/2025\/05\/absolute-lip-plumpsemi-opaque-gloss-hot-pepper-parfumerie-parapharmacie-palmarosa-shop-en-ligne-discount-2.jpg\" \/>\n\t<meta property=\"og:image:width\" content=\"500\" \/>\n\t<meta property=\"og:image:height\" content=\"500\" \/>\n\t<meta property=\"og:image:type\" content=\"image\/jpeg\" \/>\n<meta name=\"twitter:card\" content=\"summary_large_image\" \/>\n<script type=\"application\/ld+json\" class=\"yoast-schema-graph\">{\"@context\":\"https:\\\/\\\/schema.org\",\"@graph\":[{\"@type\":[\"WebPage\",\"ItemPage\"],\"@id\":\"https:\\\/\\\/vitablanca.ma\\\/produit\\\/absolute-new-york-lip-plump-semi-opaque-gloss\\\/\",\"url\":\"https:\\\/\\\/vitablanca.ma\\\/produit\\\/absolute-new-york-lip-plump-semi-opaque-gloss\\\/\",\"name\":\"ABSOLUTE NEW YORK - Lip Plump Semi-Opaque Gloss - Maroc Prix\",\"isPartOf\":{\"@id\":\"https:\\\/\\\/vitablanca.ma\\\/#website\"},\"primaryImageOfPage\":{\"@id\":\"https:\\\/\\\/vitablanca.ma\\\/produit\\\/absolute-new-york-lip-plump-semi-opaque-gloss\\\/#primaryimage\"},\"image\":{\"@id\":\"https:\\\/\\\/vitablanca.ma\\\/produit\\\/absolute-new-york-lip-plump-semi-opaque-gloss\\\/#primaryimage\"},\"thumbnailUrl\":\"https:\\\/\\\/vitablanca.ma\\\/wp-content\\\/uploads\\\/2025\\\/05\\\/absolute-lip-plumpsemi-opaque-gloss-hot-pepper-parfumerie-parapharmacie-palmarosa-shop-en-ligne-discount-2.jpg\",\"datePublished\":\"2025-05-28T21:46:12+00:00\",\"dateModified\":\"2025-12-27T14:13:49+00:00\",\"description\":\"ABSOLUTE NEW YORK - Lip Plump Semi-Opaque Gloss\",\"breadcrumb\":{\"@id\":\"https:\\\/\\\/vitablanca.ma\\\/produit\\\/absolute-new-york-lip-plump-semi-opaque-gloss\\\/#breadcrumb\"},\"inLanguage\":\"en-US\",\"potentialAction\":[{\"@type\":\"ReadAction\",\"target\":[\"https:\\\/\\\/vitablanca.ma\\\/produit\\\/absolute-new-york-lip-plump-semi-opaque-gloss\\\/\"]}]},{\"@type\":\"ImageObject\",\"inLanguage\":\"en-US\",\"@id\":\"https:\\\/\\\/vitablanca.ma\\\/produit\\\/absolute-new-york-lip-plump-semi-opaque-gloss\\\/#primaryimage\",\"url\":\"https:\\\/\\\/vitablanca.ma\\\/wp-content\\\/uploads\\\/2025\\\/05\\\/absolute-lip-plumpsemi-opaque-gloss-hot-pepper-parfumerie-parapharmacie-palmarosa-shop-en-ligne-discount-2.jpg\",\"contentUrl\":\"https:\\\/\\\/vitablanca.ma\\\/wp-content\\\/uploads\\\/2025\\\/05\\\/absolute-lip-plumpsemi-opaque-gloss-hot-pepper-parfumerie-parapharmacie-palmarosa-shop-en-ligne-discount-2.jpg\",\"width\":500,\"height\":500},{\"@type\":\"BreadcrumbList\",\"@id\":\"https:\\\/\\\/vitablanca.ma\\\/produit\\\/absolute-new-york-lip-plump-semi-opaque-gloss\\\/#breadcrumb\",\"itemListElement\":[{\"@type\":\"ListItem\",\"position\":1,\"name\":\"Home\",\"item\":\"https:\\\/\\\/vitablanca.ma\\\/\"},{\"@type\":\"ListItem\",\"position\":2,\"name\":\"Tous Les Produits\",\"item\":\"https:\\\/\\\/vitablanca.ma\\\/tous-les-produits\\\/\"},{\"@type\":\"ListItem\",\"position\":3,\"name\":\"ABSOLUTE NEW YORK &#8211; Lip Plump Semi-Opaque Gloss\"}]},{\"@type\":\"WebSite\",\"@id\":\"https:\\\/\\\/vitablanca.ma\\\/#website\",\"url\":\"https:\\\/\\\/vitablanca.ma\\\/\",\"name\":\"VitaBlanca.ma | Compl\u00e9ments alimentaires, sant\u00e9 & beaut\u00e9 au Maroc\",\"description\":\"vendre vitamines et compl\u00e9ments premium des USA &amp; Canada, Nouvelle Z\u00e9lande,Maroc (NOW Foods, Solgar, Manuka). Livraison rapide partout au Maroc.\",\"publisher\":{\"@id\":\"https:\\\/\\\/vitablanca.ma\\\/#organization\"},\"alternateName\":\"VitaBlanca.ma\",\"potentialAction\":[{\"@type\":\"SearchAction\",\"target\":{\"@type\":\"EntryPoint\",\"urlTemplate\":\"https:\\\/\\\/vitablanca.ma\\\/?s={search_term_string}\"},\"query-input\":{\"@type\":\"PropertyValueSpecification\",\"valueRequired\":true,\"valueName\":\"search_term_string\"}}],\"inLanguage\":\"en-US\"},{\"@type\":\"Organization\",\"@id\":\"https:\\\/\\\/vitablanca.ma\\\/#organization\",\"name\":\"VitaBlanca\",\"url\":\"https:\\\/\\\/vitablanca.ma\\\/\",\"logo\":{\"@type\":\"ImageObject\",\"inLanguage\":\"en-US\",\"@id\":\"https:\\\/\\\/vitablanca.ma\\\/#\\\/schema\\\/logo\\\/image\\\/\",\"url\":\"https:\\\/\\\/vitablanca.ma\\\/wp-content\\\/uploads\\\/2025\\\/05\\\/cropped-vitablanca.png\",\"contentUrl\":\"https:\\\/\\\/vitablanca.ma\\\/wp-content\\\/uploads\\\/2025\\\/05\\\/cropped-vitablanca.png\",\"width\":360,\"height\":67,\"caption\":\"VitaBlanca\"},\"image\":{\"@id\":\"https:\\\/\\\/vitablanca.ma\\\/#\\\/schema\\\/logo\\\/image\\\/\"},\"sameAs\":[\"https:\\\/\\\/www.facebook.com\\\/profile.php?id=61576678196717\",\"https:\\\/\\\/www.tiktok.com\\\/@vitablanca.ma\",\"https:\\\/\\\/www.instagram.com\\\/vitablanca.ma\\\/\"]}]}<\/script>\n<!-- \/ Yoast SEO plugin. -->","yoast_head_json":{"title":"ABSOLUTE NEW YORK - Lip Plump Semi-Opaque Gloss - Morocco Price","description":"ABSOLUTE NEW YORK - Lip Plump Semi-Opaque Gloss","robots":{"index":"index","follow":"follow","max-snippet":"max-snippet:-1","max-image-preview":"max-image-preview:large","max-video-preview":"max-video-preview:-1"},"canonical":"https:\/\/vitablanca.ma\/en\/product\/absolute-new-york-lip-plump-semi-opaque-gloss\/","og_locale":"en_US","og_type":"article","og_title":"ABSOLUTE NEW YORK - Lip Plump Semi-Opaque Gloss - Maroc Prix","og_description":"ABSOLUTE NEW YORK - Lip Plump Semi-Opaque Gloss","og_url":"https:\/\/vitablanca.ma\/en\/product\/absolute-new-york-lip-plump-semi-opaque-gloss\/","og_site_name":"Vitablanca.ma &ndash; Sant&eacute;, vitalit&eacute; et bien-&ecirc;tre pour tous les Marocains","article_publisher":"https:\/\/www.facebook.com\/profile.php?id=61576678196717","article_modified_time":"2025-12-27T14:13:49+00:00","og_image":[{"width":500,"height":500,"url":"https:\/\/vitablanca.ma\/wp-content\/uploads\/2025\/05\/absolute-lip-plumpsemi-opaque-gloss-hot-pepper-parfumerie-parapharmacie-palmarosa-shop-en-ligne-discount-2.jpg","type":"image\/jpeg"}],"twitter_card":"summary_large_image","schema":{"@context":"https:\/\/schema.org","@graph":[{"@type":["WebPage","ItemPage"],"@id":"https:\/\/vitablanca.ma\/produit\/absolute-new-york-lip-plump-semi-opaque-gloss\/","url":"https:\/\/vitablanca.ma\/produit\/absolute-new-york-lip-plump-semi-opaque-gloss\/","name":"ABSOLUTE NEW YORK - Lip Plump Semi-Opaque Gloss - Morocco Price","isPartOf":{"@id":"https:\/\/vitablanca.ma\/#website"},"primaryImageOfPage":{"@id":"https:\/\/vitablanca.ma\/produit\/absolute-new-york-lip-plump-semi-opaque-gloss\/#primaryimage"},"image":{"@id":"https:\/\/vitablanca.ma\/produit\/absolute-new-york-lip-plump-semi-opaque-gloss\/#primaryimage"},"thumbnailUrl":"https:\/\/vitablanca.ma\/wp-content\/uploads\/2025\/05\/absolute-lip-plumpsemi-opaque-gloss-hot-pepper-parfumerie-parapharmacie-palmarosa-shop-en-ligne-discount-2.jpg","datePublished":"2025-05-28T21:46:12+00:00","dateModified":"2025-12-27T14:13:49+00:00","description":"ABSOLUTE NEW YORK - Lip Plump Semi-Opaque Gloss","breadcrumb":{"@id":"https:\/\/vitablanca.ma\/produit\/absolute-new-york-lip-plump-semi-opaque-gloss\/#breadcrumb"},"inLanguage":"en-US","potentialAction":[{"@type":"ReadAction","target":["https:\/\/vitablanca.ma\/produit\/absolute-new-york-lip-plump-semi-opaque-gloss\/"]}]},{"@type":"ImageObject","inLanguage":"en-US","@id":"https:\/\/vitablanca.ma\/produit\/absolute-new-york-lip-plump-semi-opaque-gloss\/#primaryimage","url":"https:\/\/vitablanca.ma\/wp-content\/uploads\/2025\/05\/absolute-lip-plumpsemi-opaque-gloss-hot-pepper-parfumerie-parapharmacie-palmarosa-shop-en-ligne-discount-2.jpg","contentUrl":"https:\/\/vitablanca.ma\/wp-content\/uploads\/2025\/05\/absolute-lip-plumpsemi-opaque-gloss-hot-pepper-parfumerie-parapharmacie-palmarosa-shop-en-ligne-discount-2.jpg","width":500,"height":500},{"@type":"BreadcrumbList","@id":"https:\/\/vitablanca.ma\/produit\/absolute-new-york-lip-plump-semi-opaque-gloss\/#breadcrumb","itemListElement":[{"@type":"ListItem","position":1,"name":"Home","item":"https:\/\/vitablanca.ma\/"},{"@type":"ListItem","position":2,"name":"Tous Les Produits","item":"https:\/\/vitablanca.ma\/tous-les-produits\/"},{"@type":"ListItem","position":3,"name":"ABSOLUTE NEW YORK &#8211; Lip Plump Semi-Opaque Gloss"}]},{"@type":"WebSite","@id":"https:\/\/vitablanca.ma\/#website","url":"https:\/\/vitablanca.ma\/","name":"VitaBlanca.ma | Food supplements, health &amp; beauty in Morocco","description":"sell premium vitamins and supplements from USA &amp; Canada, New Zealand, Morocco (NOW Foods, Solgar, Manuka). Fast delivery anywhere in Morocco.","publisher":{"@id":"https:\/\/vitablanca.ma\/#organization"},"alternateName":"VitaBlanca.ma","potentialAction":[{"@type":"SearchAction","target":{"@type":"EntryPoint","urlTemplate":"https:\/\/vitablanca.ma\/?s={search_term_string}"},"query-input":{"@type":"PropertyValueSpecification","valueRequired":true,"valueName":"search_term_string"}}],"inLanguage":"en-US"},{"@type":"Organization","@id":"https:\/\/vitablanca.ma\/#organization","name":"VitaBlanca","url":"https:\/\/vitablanca.ma\/","logo":{"@type":"ImageObject","inLanguage":"en-US","@id":"https:\/\/vitablanca.ma\/#\/schema\/logo\/image\/","url":"https:\/\/vitablanca.ma\/wp-content\/uploads\/2025\/05\/cropped-vitablanca.png","contentUrl":"https:\/\/vitablanca.ma\/wp-content\/uploads\/2025\/05\/cropped-vitablanca.png","width":360,"height":67,"caption":"VitaBlanca"},"image":{"@id":"https:\/\/vitablanca.ma\/#\/schema\/logo\/image\/"},"sameAs":["https:\/\/www.facebook.com\/profile.php?id=61576678196717","https:\/\/www.tiktok.com\/@vitablanca.ma","https:\/\/www.instagram.com\/vitablanca.ma\/"]}]}},"jetpack_sharing_enabled":true,"_links":{"self":[{"href":"https:\/\/vitablanca.ma\/en\/wp-json\/wp\/v2\/product\/12382","targetHints":{"allow":["GET"]}}],"collection":[{"href":"https:\/\/vitablanca.ma\/en\/wp-json\/wp\/v2\/product"}],"about":[{"href":"https:\/\/vitablanca.ma\/en\/wp-json\/wp\/v2\/types\/product"}],"wp:featuredmedia":[{"embeddable":true,"href":"https:\/\/vitablanca.ma\/en\/wp-json\/wp\/v2\/media\/12372"}],"wp:attachment":[{"href":"https:\/\/vitablanca.ma\/en\/wp-json\/wp\/v2\/media?parent=12382"}],"wp:term":[{"taxonomy":"product_brand","embeddable":true,"href":"https:\/\/vitablanca.ma\/en\/wp-json\/wp\/v2\/product_brand?post=12382"},{"taxonomy":"product_cat","embeddable":true,"href":"https:\/\/vitablanca.ma\/en\/wp-json\/wp\/v2\/product_cat?post=12382"},{"taxonomy":"product_tag","embeddable":true,"href":"https:\/\/vitablanca.ma\/en\/wp-json\/wp\/v2\/product_tag?post=12382"}],"curies":[{"name":"wp","href":"https:\/\/api.w.org\/{rel}","templated":true}]}}