{"id":11999,"date":"2025-05-28T21:30:36","date_gmt":"2025-05-28T21:30:36","guid":{"rendered":"https:\/\/vitablanca.ma\/product\/ever-beauty-2-in-1-lip-and-cheeks-magic-blush\/"},"modified":"2025-12-27T14:08:42","modified_gmt":"2025-12-27T14:08:42","slug":"ever-beauty-2-in-1-lip-and-cheeks-magic-blush","status":"publish","type":"product","link":"https:\/\/vitablanca.ma\/en\/product\/ever-beauty-2-in-1-lip-and-cheeks-magic-blush\/","title":{"rendered":"EVER BEAUTY 2 IN 1 lip and cheeks MAGIC BLUSH"},"content":{"rendered":"<p data-mce-fragment=\"1\">Enjoy a natural, radiant pop of color with EVER BEAUTY 2 IN 1 Magic Blush for lips and cheeks. Its versatile formula offers a fresh, luminous look for your lips and cheeks, adding a touch of beauty to your makeup routine. Be ready to glow all day long with this magical blush.<\/p>","protected":false},"excerpt":{"rendered":"<p>Profitez d&rsquo;une touche de couleur naturelle et \u00e9clatante avec EVER BEAUTY 2 EN 1 Blush Magique pour les l\u00e8vres et les joues. Sa formule polyvalente offre un look frais et lumineux pour vos l\u00e8vres et vos joues, ajoutant une touche de beaut\u00e9 \u00e0 votre routine de maquillage. Soyez pr\u00eate \u00e0 rayonner toute la journ\u00e9e avec [&hellip;]<\/p>\n","protected":false},"featured_media":11998,"template":"","meta":{"om_disable_all_campaigns":false},"product_brand":[],"product_cat":[15],"product_tag":[],"class_list":{"0":"post-11999","1":"product","2":"type-product","3":"status-publish","4":"has-post-thumbnail","6":"product_cat-beaute-sante-complements-alimentaires-soins-et-bien-etre-au-meilleur-prix","8":"first","9":"instock","10":"taxable","11":"shipping-taxable","12":"purchasable","13":"product-type-simple"},"yoast_head":"<!-- This site is optimized with the Yoast SEO plugin v27.4 - https:\/\/yoast.com\/product\/yoast-seo-wordpress\/ -->\n<title>EVER BEAUTY 2 IN 1 lip and cheeks MAGIC BLUSH - Maroc Prix<\/title>\n<meta name=\"description\" content=\"EVER BEAUTY 2 IN 1 lip and cheeks MAGIC BLUSH\" \/>\n<meta name=\"robots\" content=\"index, follow, max-snippet:-1, max-image-preview:large, max-video-preview:-1\" \/>\n<link rel=\"canonical\" href=\"https:\/\/vitablanca.ma\/en\/product\/ever-beauty-2-in-1-lip-and-cheeks-magic-blush\/\" \/>\n<meta property=\"og:locale\" content=\"en_US\" \/>\n<meta property=\"og:type\" content=\"article\" \/>\n<meta property=\"og:title\" content=\"EVER BEAUTY 2 IN 1 lip and cheeks MAGIC BLUSH - Maroc Prix\" \/>\n<meta property=\"og:description\" content=\"EVER BEAUTY 2 IN 1 lip and cheeks MAGIC BLUSH\" \/>\n<meta property=\"og:url\" content=\"https:\/\/vitablanca.ma\/en\/product\/ever-beauty-2-in-1-lip-and-cheeks-magic-blush\/\" \/>\n<meta property=\"og:site_name\" content=\"Vitablanca.ma &ndash; Sant&eacute;, vitalit&eacute; et bien-&ecirc;tre pour tous les Marocains\" \/>\n<meta property=\"article:publisher\" content=\"https:\/\/www.facebook.com\/profile.php?id=61576678196717\" \/>\n<meta property=\"article:modified_time\" content=\"2025-12-27T14:08:42+00:00\" \/>\n<meta property=\"og:image\" content=\"https:\/\/vitablanca.ma\/wp-content\/uploads\/2025\/05\/51wzDcYAEpL__AC_SL1500_-540x720_jpg.jpg\" \/>\n\t<meta property=\"og:image:width\" content=\"540\" \/>\n\t<meta property=\"og:image:height\" content=\"720\" \/>\n\t<meta property=\"og:image:type\" content=\"image\/jpeg\" \/>\n<meta name=\"twitter:card\" content=\"summary_large_image\" \/>\n<meta name=\"twitter:label1\" content=\"Est. reading time\" \/>\n\t<meta name=\"twitter:data1\" content=\"1 minute\" \/>\n<script type=\"application\/ld+json\" class=\"yoast-schema-graph\">{\"@context\":\"https:\\\/\\\/schema.org\",\"@graph\":[{\"@type\":[\"WebPage\",\"ItemPage\"],\"@id\":\"https:\\\/\\\/vitablanca.ma\\\/produit\\\/ever-beauty-2-in-1-lip-and-cheeks-magic-blush\\\/\",\"url\":\"https:\\\/\\\/vitablanca.ma\\\/produit\\\/ever-beauty-2-in-1-lip-and-cheeks-magic-blush\\\/\",\"name\":\"EVER BEAUTY 2 IN 1 lip and cheeks MAGIC BLUSH - Maroc Prix\",\"isPartOf\":{\"@id\":\"https:\\\/\\\/vitablanca.ma\\\/#website\"},\"primaryImageOfPage\":{\"@id\":\"https:\\\/\\\/vitablanca.ma\\\/produit\\\/ever-beauty-2-in-1-lip-and-cheeks-magic-blush\\\/#primaryimage\"},\"image\":{\"@id\":\"https:\\\/\\\/vitablanca.ma\\\/produit\\\/ever-beauty-2-in-1-lip-and-cheeks-magic-blush\\\/#primaryimage\"},\"thumbnailUrl\":\"https:\\\/\\\/vitablanca.ma\\\/wp-content\\\/uploads\\\/2025\\\/05\\\/51wzDcYAEpL__AC_SL1500_-540x720_jpg.jpg\",\"datePublished\":\"2025-05-28T21:30:36+00:00\",\"dateModified\":\"2025-12-27T14:08:42+00:00\",\"description\":\"EVER BEAUTY 2 IN 1 lip and cheeks MAGIC BLUSH\",\"breadcrumb\":{\"@id\":\"https:\\\/\\\/vitablanca.ma\\\/produit\\\/ever-beauty-2-in-1-lip-and-cheeks-magic-blush\\\/#breadcrumb\"},\"inLanguage\":\"en-US\",\"potentialAction\":[{\"@type\":\"ReadAction\",\"target\":[\"https:\\\/\\\/vitablanca.ma\\\/produit\\\/ever-beauty-2-in-1-lip-and-cheeks-magic-blush\\\/\"]}]},{\"@type\":\"ImageObject\",\"inLanguage\":\"en-US\",\"@id\":\"https:\\\/\\\/vitablanca.ma\\\/produit\\\/ever-beauty-2-in-1-lip-and-cheeks-magic-blush\\\/#primaryimage\",\"url\":\"https:\\\/\\\/vitablanca.ma\\\/wp-content\\\/uploads\\\/2025\\\/05\\\/51wzDcYAEpL__AC_SL1500_-540x720_jpg.jpg\",\"contentUrl\":\"https:\\\/\\\/vitablanca.ma\\\/wp-content\\\/uploads\\\/2025\\\/05\\\/51wzDcYAEpL__AC_SL1500_-540x720_jpg.jpg\",\"width\":540,\"height\":720},{\"@type\":\"BreadcrumbList\",\"@id\":\"https:\\\/\\\/vitablanca.ma\\\/produit\\\/ever-beauty-2-in-1-lip-and-cheeks-magic-blush\\\/#breadcrumb\",\"itemListElement\":[{\"@type\":\"ListItem\",\"position\":1,\"name\":\"Home\",\"item\":\"https:\\\/\\\/vitablanca.ma\\\/\"},{\"@type\":\"ListItem\",\"position\":2,\"name\":\"Tous Les Produits\",\"item\":\"https:\\\/\\\/vitablanca.ma\\\/tous-les-produits\\\/\"},{\"@type\":\"ListItem\",\"position\":3,\"name\":\"EVER BEAUTY 2 IN 1 lip and cheeks MAGIC BLUSH\"}]},{\"@type\":\"WebSite\",\"@id\":\"https:\\\/\\\/vitablanca.ma\\\/#website\",\"url\":\"https:\\\/\\\/vitablanca.ma\\\/\",\"name\":\"VitaBlanca.ma | Compl\u00e9ments alimentaires, sant\u00e9 & beaut\u00e9 au Maroc\",\"description\":\"vendre vitamines et compl\u00e9ments premium des USA &amp; Canada, Nouvelle Z\u00e9lande,Maroc (NOW Foods, Solgar, Manuka). Livraison rapide partout au Maroc.\",\"publisher\":{\"@id\":\"https:\\\/\\\/vitablanca.ma\\\/#organization\"},\"alternateName\":\"VitaBlanca.ma\",\"potentialAction\":[{\"@type\":\"SearchAction\",\"target\":{\"@type\":\"EntryPoint\",\"urlTemplate\":\"https:\\\/\\\/vitablanca.ma\\\/?s={search_term_string}\"},\"query-input\":{\"@type\":\"PropertyValueSpecification\",\"valueRequired\":true,\"valueName\":\"search_term_string\"}}],\"inLanguage\":\"en-US\"},{\"@type\":\"Organization\",\"@id\":\"https:\\\/\\\/vitablanca.ma\\\/#organization\",\"name\":\"VitaBlanca\",\"url\":\"https:\\\/\\\/vitablanca.ma\\\/\",\"logo\":{\"@type\":\"ImageObject\",\"inLanguage\":\"en-US\",\"@id\":\"https:\\\/\\\/vitablanca.ma\\\/#\\\/schema\\\/logo\\\/image\\\/\",\"url\":\"https:\\\/\\\/vitablanca.ma\\\/wp-content\\\/uploads\\\/2025\\\/05\\\/cropped-vitablanca.png\",\"contentUrl\":\"https:\\\/\\\/vitablanca.ma\\\/wp-content\\\/uploads\\\/2025\\\/05\\\/cropped-vitablanca.png\",\"width\":360,\"height\":67,\"caption\":\"VitaBlanca\"},\"image\":{\"@id\":\"https:\\\/\\\/vitablanca.ma\\\/#\\\/schema\\\/logo\\\/image\\\/\"},\"sameAs\":[\"https:\\\/\\\/www.facebook.com\\\/profile.php?id=61576678196717\",\"https:\\\/\\\/www.tiktok.com\\\/@vitablanca.ma\",\"https:\\\/\\\/www.instagram.com\\\/vitablanca.ma\\\/\"]}]}<\/script>\n<!-- \/ Yoast SEO plugin. -->","yoast_head_json":{"title":"EVER BEAUTY 2 IN 1 lip and cheeks MAGIC BLUSH - Morocco Price","description":"EVER BEAUTY 2 IN 1 lip and cheeks MAGIC BLUSH","robots":{"index":"index","follow":"follow","max-snippet":"max-snippet:-1","max-image-preview":"max-image-preview:large","max-video-preview":"max-video-preview:-1"},"canonical":"https:\/\/vitablanca.ma\/en\/product\/ever-beauty-2-in-1-lip-and-cheeks-magic-blush\/","og_locale":"en_US","og_type":"article","og_title":"EVER BEAUTY 2 IN 1 lip and cheeks MAGIC BLUSH - Maroc Prix","og_description":"EVER BEAUTY 2 IN 1 lip and cheeks MAGIC BLUSH","og_url":"https:\/\/vitablanca.ma\/en\/product\/ever-beauty-2-in-1-lip-and-cheeks-magic-blush\/","og_site_name":"Vitablanca.ma &ndash; Sant&eacute;, vitalit&eacute; et bien-&ecirc;tre pour tous les Marocains","article_publisher":"https:\/\/www.facebook.com\/profile.php?id=61576678196717","article_modified_time":"2025-12-27T14:08:42+00:00","og_image":[{"width":540,"height":720,"url":"https:\/\/vitablanca.ma\/wp-content\/uploads\/2025\/05\/51wzDcYAEpL__AC_SL1500_-540x720_jpg.jpg","type":"image\/jpeg"}],"twitter_card":"summary_large_image","twitter_misc":{"Est. reading time":"1 minute"},"schema":{"@context":"https:\/\/schema.org","@graph":[{"@type":["WebPage","ItemPage"],"@id":"https:\/\/vitablanca.ma\/produit\/ever-beauty-2-in-1-lip-and-cheeks-magic-blush\/","url":"https:\/\/vitablanca.ma\/produit\/ever-beauty-2-in-1-lip-and-cheeks-magic-blush\/","name":"EVER BEAUTY 2 IN 1 lip and cheeks MAGIC BLUSH - Morocco Price","isPartOf":{"@id":"https:\/\/vitablanca.ma\/#website"},"primaryImageOfPage":{"@id":"https:\/\/vitablanca.ma\/produit\/ever-beauty-2-in-1-lip-and-cheeks-magic-blush\/#primaryimage"},"image":{"@id":"https:\/\/vitablanca.ma\/produit\/ever-beauty-2-in-1-lip-and-cheeks-magic-blush\/#primaryimage"},"thumbnailUrl":"https:\/\/vitablanca.ma\/wp-content\/uploads\/2025\/05\/51wzDcYAEpL__AC_SL1500_-540x720_jpg.jpg","datePublished":"2025-05-28T21:30:36+00:00","dateModified":"2025-12-27T14:08:42+00:00","description":"EVER BEAUTY 2 IN 1 lip and cheeks MAGIC BLUSH","breadcrumb":{"@id":"https:\/\/vitablanca.ma\/produit\/ever-beauty-2-in-1-lip-and-cheeks-magic-blush\/#breadcrumb"},"inLanguage":"en-US","potentialAction":[{"@type":"ReadAction","target":["https:\/\/vitablanca.ma\/produit\/ever-beauty-2-in-1-lip-and-cheeks-magic-blush\/"]}]},{"@type":"ImageObject","inLanguage":"en-US","@id":"https:\/\/vitablanca.ma\/produit\/ever-beauty-2-in-1-lip-and-cheeks-magic-blush\/#primaryimage","url":"https:\/\/vitablanca.ma\/wp-content\/uploads\/2025\/05\/51wzDcYAEpL__AC_SL1500_-540x720_jpg.jpg","contentUrl":"https:\/\/vitablanca.ma\/wp-content\/uploads\/2025\/05\/51wzDcYAEpL__AC_SL1500_-540x720_jpg.jpg","width":540,"height":720},{"@type":"BreadcrumbList","@id":"https:\/\/vitablanca.ma\/produit\/ever-beauty-2-in-1-lip-and-cheeks-magic-blush\/#breadcrumb","itemListElement":[{"@type":"ListItem","position":1,"name":"Home","item":"https:\/\/vitablanca.ma\/"},{"@type":"ListItem","position":2,"name":"Tous Les Produits","item":"https:\/\/vitablanca.ma\/tous-les-produits\/"},{"@type":"ListItem","position":3,"name":"EVER BEAUTY 2 IN 1 lip and cheeks MAGIC BLUSH"}]},{"@type":"WebSite","@id":"https:\/\/vitablanca.ma\/#website","url":"https:\/\/vitablanca.ma\/","name":"VitaBlanca.ma | Food supplements, health &amp; beauty in Morocco","description":"sell premium vitamins and supplements from USA &amp; Canada, New Zealand, Morocco (NOW Foods, Solgar, Manuka). Fast delivery anywhere in Morocco.","publisher":{"@id":"https:\/\/vitablanca.ma\/#organization"},"alternateName":"VitaBlanca.ma","potentialAction":[{"@type":"SearchAction","target":{"@type":"EntryPoint","urlTemplate":"https:\/\/vitablanca.ma\/?s={search_term_string}"},"query-input":{"@type":"PropertyValueSpecification","valueRequired":true,"valueName":"search_term_string"}}],"inLanguage":"en-US"},{"@type":"Organization","@id":"https:\/\/vitablanca.ma\/#organization","name":"VitaBlanca","url":"https:\/\/vitablanca.ma\/","logo":{"@type":"ImageObject","inLanguage":"en-US","@id":"https:\/\/vitablanca.ma\/#\/schema\/logo\/image\/","url":"https:\/\/vitablanca.ma\/wp-content\/uploads\/2025\/05\/cropped-vitablanca.png","contentUrl":"https:\/\/vitablanca.ma\/wp-content\/uploads\/2025\/05\/cropped-vitablanca.png","width":360,"height":67,"caption":"VitaBlanca"},"image":{"@id":"https:\/\/vitablanca.ma\/#\/schema\/logo\/image\/"},"sameAs":["https:\/\/www.facebook.com\/profile.php?id=61576678196717","https:\/\/www.tiktok.com\/@vitablanca.ma","https:\/\/www.instagram.com\/vitablanca.ma\/"]}]}},"jetpack_sharing_enabled":true,"_links":{"self":[{"href":"https:\/\/vitablanca.ma\/en\/wp-json\/wp\/v2\/product\/11999","targetHints":{"allow":["GET"]}}],"collection":[{"href":"https:\/\/vitablanca.ma\/en\/wp-json\/wp\/v2\/product"}],"about":[{"href":"https:\/\/vitablanca.ma\/en\/wp-json\/wp\/v2\/types\/product"}],"wp:featuredmedia":[{"embeddable":true,"href":"https:\/\/vitablanca.ma\/en\/wp-json\/wp\/v2\/media\/11998"}],"wp:attachment":[{"href":"https:\/\/vitablanca.ma\/en\/wp-json\/wp\/v2\/media?parent=11999"}],"wp:term":[{"taxonomy":"product_brand","embeddable":true,"href":"https:\/\/vitablanca.ma\/en\/wp-json\/wp\/v2\/product_brand?post=11999"},{"taxonomy":"product_cat","embeddable":true,"href":"https:\/\/vitablanca.ma\/en\/wp-json\/wp\/v2\/product_cat?post=11999"},{"taxonomy":"product_tag","embeddable":true,"href":"https:\/\/vitablanca.ma\/en\/wp-json\/wp\/v2\/product_tag?post=11999"}],"curies":[{"name":"wp","href":"https:\/\/api.w.org\/{rel}","templated":true}]}}