{"id":11989,"date":"2025-05-28T21:30:24","date_gmt":"2025-05-28T21:30:24","guid":{"rendered":"https:\/\/vitablanca.ma\/product\/westman-atelier-baby-cheeks-lip-cheek-cream-blush-fard-a-joues\/"},"modified":"2025-05-28T21:30:24","modified_gmt":"2025-05-28T21:30:24","slug":"westman-atelier-baby-cheeks-lip-cheek-cream-blush-fard-a-joues","status":"publish","type":"product","link":"https:\/\/vitablanca.ma\/en\/product\/westman-atelier-baby-cheeks-lip-cheek-cream-blush-fard-a-joues\/","title":{"rendered":"WESTMAN ATELIER Baby Cheeks Lip + Cheek Cream Blush \u2013 Blush"},"content":{"rendered":"<p><span>Highlight your skin with a buildable pop of color with Westman Atelier&#039;s Petite Baby Cheeks Blush Stick. Available in a range of shades for all skin tones, including &quot;Petal&quot; (a nude pink) and &quot;Poppet&quot; (a bright pink), for glowing cheeks. Its soft, creamy formula moisturizes skin and can also be used on lips for an extra pop of color. Cruelty-free and synthetic fragrance-free.<\/span><\/p>","protected":false},"excerpt":{"rendered":"<p>Mettez en valeur votre peau avec une touche de couleur modulable gr\u00e2ce au b\u00e2ton de blush Petite Baby Cheeks de Westman Atelier. Disponible dans une gamme de teintes pour toutes les carnations, dont \u00abPetal\u00bb (un rose nude) et \u00abPoppet\u00bb (un rose vif), pour des joues \u00e9clatantes. Sa formule douce et cr\u00e9meuse hydrate la peau, et [&hellip;]<\/p>\n","protected":false},"featured_media":11984,"template":"","meta":{"om_disable_all_campaigns":false},"product_brand":[],"product_cat":[15],"product_tag":[],"class_list":{"0":"post-11989","1":"product","2":"type-product","3":"status-publish","4":"has-post-thumbnail","6":"product_cat-beaute-sante-complements-alimentaires-soins-et-bien-etre-au-meilleur-prix","8":"first","9":"instock","10":"taxable","11":"shipping-taxable","12":"purchasable","13":"product-type-simple"},"yoast_head":"<!-- This site is optimized with the Yoast SEO plugin v27.5 - https:\/\/yoast.com\/product\/yoast-seo-wordpress\/ -->\n<title>WESTMAN ATELIER Baby Cheeks Lip + Cheek Cream Blush - Fard \u00e0 Joues - Maroc Prix<\/title>\n<meta name=\"description\" content=\"WESTMAN ATELIER Baby Cheeks Lip + Cheek Cream Blush - Fard \u00e0 Joues\" \/>\n<meta name=\"robots\" content=\"index, follow, max-snippet:-1, max-image-preview:large, max-video-preview:-1\" \/>\n<link rel=\"canonical\" href=\"https:\/\/vitablanca.ma\/en\/product\/westman-atelier-baby-cheeks-lip-cheek-cream-blush-fard-a-joues\/\" \/>\n<meta property=\"og:locale\" content=\"en_US\" \/>\n<meta property=\"og:type\" content=\"article\" \/>\n<meta property=\"og:title\" content=\"WESTMAN ATELIER Baby Cheeks Lip + Cheek Cream Blush - Fard \u00e0 Joues - Maroc Prix\" \/>\n<meta property=\"og:description\" content=\"WESTMAN ATELIER Baby Cheeks Lip + Cheek Cream Blush - Fard \u00e0 Joues\" \/>\n<meta property=\"og:url\" content=\"https:\/\/vitablanca.ma\/en\/product\/westman-atelier-baby-cheeks-lip-cheek-cream-blush-fard-a-joues\/\" \/>\n<meta property=\"og:site_name\" content=\"Vitablanca.ma &ndash; Sant&eacute;, vitalit&eacute; et bien-&ecirc;tre pour tous les Marocains\" \/>\n<meta property=\"article:publisher\" content=\"https:\/\/www.facebook.com\/profile.php?id=61576678196717\" \/>\n<meta property=\"og:image\" content=\"https:\/\/vitablanca.ma\/wp-content\/uploads\/2025\/05\/IMG-1464.jpg\" \/>\n\t<meta property=\"og:image:width\" content=\"1242\" \/>\n\t<meta property=\"og:image:height\" content=\"1373\" \/>\n\t<meta property=\"og:image:type\" content=\"image\/jpeg\" \/>\n<meta name=\"twitter:card\" content=\"summary_large_image\" \/>\n<script type=\"application\/ld+json\" class=\"yoast-schema-graph\">{\"@context\":\"https:\\\/\\\/schema.org\",\"@graph\":[{\"@type\":[\"WebPage\",\"ItemPage\"],\"@id\":\"https:\\\/\\\/vitablanca.ma\\\/produit\\\/westman-atelier-baby-cheeks-lip-cheek-cream-blush-fard-a-joues\\\/\",\"url\":\"https:\\\/\\\/vitablanca.ma\\\/produit\\\/westman-atelier-baby-cheeks-lip-cheek-cream-blush-fard-a-joues\\\/\",\"name\":\"WESTMAN ATELIER Baby Cheeks Lip + Cheek Cream Blush - Fard \u00e0 Joues - Maroc Prix\",\"isPartOf\":{\"@id\":\"https:\\\/\\\/vitablanca.ma\\\/#website\"},\"primaryImageOfPage\":{\"@id\":\"https:\\\/\\\/vitablanca.ma\\\/produit\\\/westman-atelier-baby-cheeks-lip-cheek-cream-blush-fard-a-joues\\\/#primaryimage\"},\"image\":{\"@id\":\"https:\\\/\\\/vitablanca.ma\\\/produit\\\/westman-atelier-baby-cheeks-lip-cheek-cream-blush-fard-a-joues\\\/#primaryimage\"},\"thumbnailUrl\":\"https:\\\/\\\/vitablanca.ma\\\/wp-content\\\/uploads\\\/2025\\\/05\\\/IMG-1464.jpg\",\"datePublished\":\"2025-05-28T21:30:24+00:00\",\"description\":\"WESTMAN ATELIER Baby Cheeks Lip + Cheek Cream Blush - Fard \u00e0 Joues\",\"breadcrumb\":{\"@id\":\"https:\\\/\\\/vitablanca.ma\\\/produit\\\/westman-atelier-baby-cheeks-lip-cheek-cream-blush-fard-a-joues\\\/#breadcrumb\"},\"inLanguage\":\"en-US\",\"potentialAction\":[{\"@type\":\"ReadAction\",\"target\":[\"https:\\\/\\\/vitablanca.ma\\\/produit\\\/westman-atelier-baby-cheeks-lip-cheek-cream-blush-fard-a-joues\\\/\"]}]},{\"@type\":\"ImageObject\",\"inLanguage\":\"en-US\",\"@id\":\"https:\\\/\\\/vitablanca.ma\\\/produit\\\/westman-atelier-baby-cheeks-lip-cheek-cream-blush-fard-a-joues\\\/#primaryimage\",\"url\":\"https:\\\/\\\/vitablanca.ma\\\/wp-content\\\/uploads\\\/2025\\\/05\\\/IMG-1464.jpg\",\"contentUrl\":\"https:\\\/\\\/vitablanca.ma\\\/wp-content\\\/uploads\\\/2025\\\/05\\\/IMG-1464.jpg\",\"width\":1242,\"height\":1373},{\"@type\":\"BreadcrumbList\",\"@id\":\"https:\\\/\\\/vitablanca.ma\\\/produit\\\/westman-atelier-baby-cheeks-lip-cheek-cream-blush-fard-a-joues\\\/#breadcrumb\",\"itemListElement\":[{\"@type\":\"ListItem\",\"position\":1,\"name\":\"Home\",\"item\":\"https:\\\/\\\/vitablanca.ma\\\/\"},{\"@type\":\"ListItem\",\"position\":2,\"name\":\"Tous Les Produits\",\"item\":\"https:\\\/\\\/vitablanca.ma\\\/tous-les-produits\\\/\"},{\"@type\":\"ListItem\",\"position\":3,\"name\":\"WESTMAN ATELIER Baby Cheeks Lip + Cheek Cream Blush &#8211; Fard \u00e0 Joues\"}]},{\"@type\":\"WebSite\",\"@id\":\"https:\\\/\\\/vitablanca.ma\\\/#website\",\"url\":\"https:\\\/\\\/vitablanca.ma\\\/\",\"name\":\"VitaBlanca.ma | Compl\u00e9ments alimentaires, sant\u00e9 & beaut\u00e9 au Maroc\",\"description\":\"vendre vitamines et compl\u00e9ments premium des USA &amp; Canada, Nouvelle Z\u00e9lande,Maroc (NOW Foods, Solgar, Manuka). Livraison rapide partout au Maroc.\",\"publisher\":{\"@id\":\"https:\\\/\\\/vitablanca.ma\\\/#organization\"},\"alternateName\":\"VitaBlanca.ma\",\"potentialAction\":[{\"@type\":\"SearchAction\",\"target\":{\"@type\":\"EntryPoint\",\"urlTemplate\":\"https:\\\/\\\/vitablanca.ma\\\/?s={search_term_string}\"},\"query-input\":{\"@type\":\"PropertyValueSpecification\",\"valueRequired\":true,\"valueName\":\"search_term_string\"}}],\"inLanguage\":\"en-US\"},{\"@type\":\"Organization\",\"@id\":\"https:\\\/\\\/vitablanca.ma\\\/#organization\",\"name\":\"VitaBlanca\",\"url\":\"https:\\\/\\\/vitablanca.ma\\\/\",\"logo\":{\"@type\":\"ImageObject\",\"inLanguage\":\"en-US\",\"@id\":\"https:\\\/\\\/vitablanca.ma\\\/#\\\/schema\\\/logo\\\/image\\\/\",\"url\":\"https:\\\/\\\/vitablanca.ma\\\/wp-content\\\/uploads\\\/2025\\\/05\\\/cropped-vitablanca.png\",\"contentUrl\":\"https:\\\/\\\/vitablanca.ma\\\/wp-content\\\/uploads\\\/2025\\\/05\\\/cropped-vitablanca.png\",\"width\":360,\"height\":67,\"caption\":\"VitaBlanca\"},\"image\":{\"@id\":\"https:\\\/\\\/vitablanca.ma\\\/#\\\/schema\\\/logo\\\/image\\\/\"},\"sameAs\":[\"https:\\\/\\\/www.facebook.com\\\/profile.php?id=61576678196717\",\"https:\\\/\\\/www.tiktok.com\\\/@vitablanca.ma\",\"https:\\\/\\\/www.instagram.com\\\/vitablanca.ma\\\/\"]}]}<\/script>\n<!-- \/ Yoast SEO plugin. -->","yoast_head_json":{"title":"WESTMAN ATELIER Baby Cheeks Lip + Cheek Cream Blush - Blush - Morocco Price","description":"WESTMAN ATELIER Baby Cheeks Lip + Cheek Cream Blush - Blush","robots":{"index":"index","follow":"follow","max-snippet":"max-snippet:-1","max-image-preview":"max-image-preview:large","max-video-preview":"max-video-preview:-1"},"canonical":"https:\/\/vitablanca.ma\/en\/product\/westman-atelier-baby-cheeks-lip-cheek-cream-blush-fard-a-joues\/","og_locale":"en_US","og_type":"article","og_title":"WESTMAN ATELIER Baby Cheeks Lip + Cheek Cream Blush - Fard \u00e0 Joues - Maroc Prix","og_description":"WESTMAN ATELIER Baby Cheeks Lip + Cheek Cream Blush - Fard \u00e0 Joues","og_url":"https:\/\/vitablanca.ma\/en\/product\/westman-atelier-baby-cheeks-lip-cheek-cream-blush-fard-a-joues\/","og_site_name":"Vitablanca.ma &ndash; Sant&eacute;, vitalit&eacute; et bien-&ecirc;tre pour tous les Marocains","article_publisher":"https:\/\/www.facebook.com\/profile.php?id=61576678196717","og_image":[{"width":1242,"height":1373,"url":"https:\/\/vitablanca.ma\/wp-content\/uploads\/2025\/05\/IMG-1464.jpg","type":"image\/jpeg"}],"twitter_card":"summary_large_image","schema":{"@context":"https:\/\/schema.org","@graph":[{"@type":["WebPage","ItemPage"],"@id":"https:\/\/vitablanca.ma\/produit\/westman-atelier-baby-cheeks-lip-cheek-cream-blush-fard-a-joues\/","url":"https:\/\/vitablanca.ma\/produit\/westman-atelier-baby-cheeks-lip-cheek-cream-blush-fard-a-joues\/","name":"WESTMAN ATELIER Baby Cheeks Lip + Cheek Cream Blush - Blush - Morocco Price","isPartOf":{"@id":"https:\/\/vitablanca.ma\/#website"},"primaryImageOfPage":{"@id":"https:\/\/vitablanca.ma\/produit\/westman-atelier-baby-cheeks-lip-cheek-cream-blush-fard-a-joues\/#primaryimage"},"image":{"@id":"https:\/\/vitablanca.ma\/produit\/westman-atelier-baby-cheeks-lip-cheek-cream-blush-fard-a-joues\/#primaryimage"},"thumbnailUrl":"https:\/\/vitablanca.ma\/wp-content\/uploads\/2025\/05\/IMG-1464.jpg","datePublished":"2025-05-28T21:30:24+00:00","description":"WESTMAN ATELIER Baby Cheeks Lip + Cheek Cream Blush - Blush","breadcrumb":{"@id":"https:\/\/vitablanca.ma\/produit\/westman-atelier-baby-cheeks-lip-cheek-cream-blush-fard-a-joues\/#breadcrumb"},"inLanguage":"en-US","potentialAction":[{"@type":"ReadAction","target":["https:\/\/vitablanca.ma\/produit\/westman-atelier-baby-cheeks-lip-cheek-cream-blush-fard-a-joues\/"]}]},{"@type":"ImageObject","inLanguage":"en-US","@id":"https:\/\/vitablanca.ma\/produit\/westman-atelier-baby-cheeks-lip-cheek-cream-blush-fard-a-joues\/#primaryimage","url":"https:\/\/vitablanca.ma\/wp-content\/uploads\/2025\/05\/IMG-1464.jpg","contentUrl":"https:\/\/vitablanca.ma\/wp-content\/uploads\/2025\/05\/IMG-1464.jpg","width":1242,"height":1373},{"@type":"BreadcrumbList","@id":"https:\/\/vitablanca.ma\/produit\/westman-atelier-baby-cheeks-lip-cheek-cream-blush-fard-a-joues\/#breadcrumb","itemListElement":[{"@type":"ListItem","position":1,"name":"Home","item":"https:\/\/vitablanca.ma\/"},{"@type":"ListItem","position":2,"name":"Tous Les Produits","item":"https:\/\/vitablanca.ma\/tous-les-produits\/"},{"@type":"ListItem","position":3,"name":"WESTMAN ATELIER Baby Cheeks Lip + Cheek Cream Blush &#8211; Fard \u00e0 Joues"}]},{"@type":"WebSite","@id":"https:\/\/vitablanca.ma\/#website","url":"https:\/\/vitablanca.ma\/","name":"VitaBlanca.ma | Food supplements, health &amp; beauty in Morocco","description":"sell premium vitamins and supplements from USA &amp; Canada, New Zealand, Morocco (NOW Foods, Solgar, Manuka). Fast delivery anywhere in Morocco.","publisher":{"@id":"https:\/\/vitablanca.ma\/#organization"},"alternateName":"VitaBlanca.ma","potentialAction":[{"@type":"SearchAction","target":{"@type":"EntryPoint","urlTemplate":"https:\/\/vitablanca.ma\/?s={search_term_string}"},"query-input":{"@type":"PropertyValueSpecification","valueRequired":true,"valueName":"search_term_string"}}],"inLanguage":"en-US"},{"@type":"Organization","@id":"https:\/\/vitablanca.ma\/#organization","name":"VitaBlanca","url":"https:\/\/vitablanca.ma\/","logo":{"@type":"ImageObject","inLanguage":"en-US","@id":"https:\/\/vitablanca.ma\/#\/schema\/logo\/image\/","url":"https:\/\/vitablanca.ma\/wp-content\/uploads\/2025\/05\/cropped-vitablanca.png","contentUrl":"https:\/\/vitablanca.ma\/wp-content\/uploads\/2025\/05\/cropped-vitablanca.png","width":360,"height":67,"caption":"VitaBlanca"},"image":{"@id":"https:\/\/vitablanca.ma\/#\/schema\/logo\/image\/"},"sameAs":["https:\/\/www.facebook.com\/profile.php?id=61576678196717","https:\/\/www.tiktok.com\/@vitablanca.ma","https:\/\/www.instagram.com\/vitablanca.ma\/"]}]}},"jetpack_sharing_enabled":true,"_links":{"self":[{"href":"https:\/\/vitablanca.ma\/en\/wp-json\/wp\/v2\/product\/11989","targetHints":{"allow":["GET"]}}],"collection":[{"href":"https:\/\/vitablanca.ma\/en\/wp-json\/wp\/v2\/product"}],"about":[{"href":"https:\/\/vitablanca.ma\/en\/wp-json\/wp\/v2\/types\/product"}],"wp:featuredmedia":[{"embeddable":true,"href":"https:\/\/vitablanca.ma\/en\/wp-json\/wp\/v2\/media\/11984"}],"wp:attachment":[{"href":"https:\/\/vitablanca.ma\/en\/wp-json\/wp\/v2\/media?parent=11989"}],"wp:term":[{"taxonomy":"product_brand","embeddable":true,"href":"https:\/\/vitablanca.ma\/en\/wp-json\/wp\/v2\/product_brand?post=11989"},{"taxonomy":"product_cat","embeddable":true,"href":"https:\/\/vitablanca.ma\/en\/wp-json\/wp\/v2\/product_cat?post=11989"},{"taxonomy":"product_tag","embeddable":true,"href":"https:\/\/vitablanca.ma\/en\/wp-json\/wp\/v2\/product_tag?post=11989"}],"curies":[{"name":"wp","href":"https:\/\/api.w.org\/{rel}","templated":true}]}}