{"id":11975,"date":"2025-05-28T21:30:14","date_gmt":"2025-05-28T21:30:14","guid":{"rendered":"https:\/\/vitablanca.ma\/product\/nyx-lip-lingerie-xxl-matte-liquid-lipstick\/"},"modified":"2026-03-22T17:51:09","modified_gmt":"2026-03-22T17:51:09","slug":"nyx-lip-lingerie-xxl-matte-liquid-lipstick","status":"publish","type":"product","link":"https:\/\/vitablanca.ma\/en\/product\/nyx-lip-lingerie-xxl-matte-liquid-lipstick\/","title":{"rendered":"NYX LIP LINGERIE XXL MATTE LIQUID LIPSTICK"},"content":{"rendered":"<p data-mce-fragment=\"1\">Treat your lips to the first liquid shapewear that gives them a smooth, full matte look for 16 hours. No cracking, no transfer, no fading. Available in 31 rich shades, from soft nudes to a bold black, Lip Lingerie XXL Matte Liquid Lipstick is a must-have for matte color that lasts all day.<\/p>","protected":false},"excerpt":{"rendered":"<p>Offrez \u00e0 vos l\u00e8vres le premier shapewear liquide qui leur procure un look mat lisse et plein pendant 16 heures. Pas de fissures, pas de transfert, pas de d\u00e9coloration. Disponible dans 31 teintes riches en couleur, de nudes doux \u00e0 un audacieux noir, le rouge \u00e0 l\u00e8vres liquide mat Lip Lingerie XXL est un must [&hellip;]<\/p>\n","protected":false},"featured_media":11968,"template":"","meta":{"om_disable_all_campaigns":false},"product_brand":[],"product_cat":[15],"product_tag":[],"class_list":{"0":"post-11975","1":"product","2":"type-product","3":"status-publish","4":"has-post-thumbnail","6":"product_cat-beaute-sante-complements-alimentaires-soins-et-bien-etre-au-meilleur-prix","8":"first","9":"outofstock","10":"taxable","11":"shipping-taxable","12":"purchasable","13":"product-type-variable"},"yoast_head":"<!-- This site is optimized with the Yoast SEO plugin v27.5 - https:\/\/yoast.com\/product\/yoast-seo-wordpress\/ -->\n<title>NYX LIP LINGERIE XXL MATTE LIQUID LIPSTICK - Maroc Prix<\/title>\n<meta name=\"description\" content=\"NYX LIP LINGERIE XXL MATTE LIQUID LIPSTICK\" \/>\n<meta name=\"robots\" content=\"index, follow, max-snippet:-1, max-image-preview:large, max-video-preview:-1\" \/>\n<link rel=\"canonical\" href=\"https:\/\/vitablanca.ma\/en\/product\/nyx-lip-lingerie-xxl-matte-liquid-lipstick\/\" \/>\n<meta property=\"og:locale\" content=\"en_US\" \/>\n<meta property=\"og:type\" content=\"article\" \/>\n<meta property=\"og:title\" content=\"NYX LIP LINGERIE XXL MATTE LIQUID LIPSTICK - Maroc Prix\" \/>\n<meta property=\"og:description\" content=\"NYX LIP LINGERIE XXL MATTE LIQUID LIPSTICK\" \/>\n<meta property=\"og:url\" content=\"https:\/\/vitablanca.ma\/en\/product\/nyx-lip-lingerie-xxl-matte-liquid-lipstick\/\" \/>\n<meta property=\"og:site_name\" content=\"Vitablanca.ma &ndash; Sant&eacute;, vitalit&eacute; et bien-&ecirc;tre pour tous les Marocains\" \/>\n<meta property=\"article:publisher\" content=\"https:\/\/www.facebook.com\/profile.php?id=61576678196717\" \/>\n<meta property=\"article:modified_time\" content=\"2026-03-22T17:51:09+00:00\" \/>\n<meta property=\"og:image\" content=\"https:\/\/vitablanca.ma\/wp-content\/uploads\/2025\/05\/NYX-PMU-Makeup-Lips-Lipstick-LIP-LINGERIE-XXL-LXXL15-PUSHD-UP-000-0800897004064-OpenSwatch.jpg\" \/>\n\t<meta property=\"og:image:width\" content=\"500\" \/>\n\t<meta property=\"og:image:height\" content=\"500\" \/>\n\t<meta property=\"og:image:type\" content=\"image\/jpeg\" \/>\n<meta name=\"twitter:card\" content=\"summary_large_image\" \/>\n<meta name=\"twitter:label1\" content=\"Est. reading time\" \/>\n\t<meta name=\"twitter:data1\" content=\"1 minute\" \/>\n<script type=\"application\/ld+json\" class=\"yoast-schema-graph\">{\"@context\":\"https:\\\/\\\/schema.org\",\"@graph\":[{\"@type\":[\"WebPage\",\"ItemPage\"],\"@id\":\"https:\\\/\\\/vitablanca.ma\\\/produit\\\/nyx-lip-lingerie-xxl-matte-liquid-lipstick\\\/\",\"url\":\"https:\\\/\\\/vitablanca.ma\\\/produit\\\/nyx-lip-lingerie-xxl-matte-liquid-lipstick\\\/\",\"name\":\"NYX LIP LINGERIE XXL MATTE LIQUID LIPSTICK - Maroc Prix\",\"isPartOf\":{\"@id\":\"https:\\\/\\\/vitablanca.ma\\\/#website\"},\"primaryImageOfPage\":{\"@id\":\"https:\\\/\\\/vitablanca.ma\\\/produit\\\/nyx-lip-lingerie-xxl-matte-liquid-lipstick\\\/#primaryimage\"},\"image\":{\"@id\":\"https:\\\/\\\/vitablanca.ma\\\/produit\\\/nyx-lip-lingerie-xxl-matte-liquid-lipstick\\\/#primaryimage\"},\"thumbnailUrl\":\"https:\\\/\\\/vitablanca.ma\\\/wp-content\\\/uploads\\\/2025\\\/05\\\/NYX-PMU-Makeup-Lips-Lipstick-LIP-LINGERIE-XXL-LXXL15-PUSHD-UP-000-0800897004064-OpenSwatch.jpg\",\"datePublished\":\"2025-05-28T21:30:14+00:00\",\"dateModified\":\"2026-03-22T17:51:09+00:00\",\"description\":\"NYX LIP LINGERIE XXL MATTE LIQUID LIPSTICK\",\"breadcrumb\":{\"@id\":\"https:\\\/\\\/vitablanca.ma\\\/produit\\\/nyx-lip-lingerie-xxl-matte-liquid-lipstick\\\/#breadcrumb\"},\"inLanguage\":\"en-US\",\"potentialAction\":[{\"@type\":\"ReadAction\",\"target\":[\"https:\\\/\\\/vitablanca.ma\\\/produit\\\/nyx-lip-lingerie-xxl-matte-liquid-lipstick\\\/\"]}]},{\"@type\":\"ImageObject\",\"inLanguage\":\"en-US\",\"@id\":\"https:\\\/\\\/vitablanca.ma\\\/produit\\\/nyx-lip-lingerie-xxl-matte-liquid-lipstick\\\/#primaryimage\",\"url\":\"https:\\\/\\\/vitablanca.ma\\\/wp-content\\\/uploads\\\/2025\\\/05\\\/NYX-PMU-Makeup-Lips-Lipstick-LIP-LINGERIE-XXL-LXXL15-PUSHD-UP-000-0800897004064-OpenSwatch.jpg\",\"contentUrl\":\"https:\\\/\\\/vitablanca.ma\\\/wp-content\\\/uploads\\\/2025\\\/05\\\/NYX-PMU-Makeup-Lips-Lipstick-LIP-LINGERIE-XXL-LXXL15-PUSHD-UP-000-0800897004064-OpenSwatch.jpg\",\"width\":500,\"height\":500},{\"@type\":\"BreadcrumbList\",\"@id\":\"https:\\\/\\\/vitablanca.ma\\\/produit\\\/nyx-lip-lingerie-xxl-matte-liquid-lipstick\\\/#breadcrumb\",\"itemListElement\":[{\"@type\":\"ListItem\",\"position\":1,\"name\":\"Home\",\"item\":\"https:\\\/\\\/vitablanca.ma\\\/\"},{\"@type\":\"ListItem\",\"position\":2,\"name\":\"Tous Les Produits\",\"item\":\"https:\\\/\\\/vitablanca.ma\\\/tous-les-produits\\\/\"},{\"@type\":\"ListItem\",\"position\":3,\"name\":\"NYX LIP LINGERIE XXL MATTE LIQUID LIPSTICK\"}]},{\"@type\":\"WebSite\",\"@id\":\"https:\\\/\\\/vitablanca.ma\\\/#website\",\"url\":\"https:\\\/\\\/vitablanca.ma\\\/\",\"name\":\"VitaBlanca.ma | Compl\u00e9ments alimentaires, sant\u00e9 & beaut\u00e9 au Maroc\",\"description\":\"vendre vitamines et compl\u00e9ments premium des USA &amp; Canada, Nouvelle Z\u00e9lande,Maroc (NOW Foods, Solgar, Manuka). Livraison rapide partout au Maroc.\",\"publisher\":{\"@id\":\"https:\\\/\\\/vitablanca.ma\\\/#organization\"},\"alternateName\":\"VitaBlanca.ma\",\"potentialAction\":[{\"@type\":\"SearchAction\",\"target\":{\"@type\":\"EntryPoint\",\"urlTemplate\":\"https:\\\/\\\/vitablanca.ma\\\/?s={search_term_string}\"},\"query-input\":{\"@type\":\"PropertyValueSpecification\",\"valueRequired\":true,\"valueName\":\"search_term_string\"}}],\"inLanguage\":\"en-US\"},{\"@type\":\"Organization\",\"@id\":\"https:\\\/\\\/vitablanca.ma\\\/#organization\",\"name\":\"VitaBlanca\",\"url\":\"https:\\\/\\\/vitablanca.ma\\\/\",\"logo\":{\"@type\":\"ImageObject\",\"inLanguage\":\"en-US\",\"@id\":\"https:\\\/\\\/vitablanca.ma\\\/#\\\/schema\\\/logo\\\/image\\\/\",\"url\":\"https:\\\/\\\/vitablanca.ma\\\/wp-content\\\/uploads\\\/2025\\\/05\\\/cropped-vitablanca.png\",\"contentUrl\":\"https:\\\/\\\/vitablanca.ma\\\/wp-content\\\/uploads\\\/2025\\\/05\\\/cropped-vitablanca.png\",\"width\":360,\"height\":67,\"caption\":\"VitaBlanca\"},\"image\":{\"@id\":\"https:\\\/\\\/vitablanca.ma\\\/#\\\/schema\\\/logo\\\/image\\\/\"},\"sameAs\":[\"https:\\\/\\\/www.facebook.com\\\/profile.php?id=61576678196717\",\"https:\\\/\\\/www.tiktok.com\\\/@vitablanca.ma\",\"https:\\\/\\\/www.instagram.com\\\/vitablanca.ma\\\/\"]}]}<\/script>\n<!-- \/ Yoast SEO plugin. -->","yoast_head_json":{"title":"NYX LIP LINGERIE XXL MATTE LIQUID LIPSTICK - Morocco Price","description":"NYX LIP LINGERIE XXL MATTE LIQUID LIPSTICK","robots":{"index":"index","follow":"follow","max-snippet":"max-snippet:-1","max-image-preview":"max-image-preview:large","max-video-preview":"max-video-preview:-1"},"canonical":"https:\/\/vitablanca.ma\/en\/product\/nyx-lip-lingerie-xxl-matte-liquid-lipstick\/","og_locale":"en_US","og_type":"article","og_title":"NYX LIP LINGERIE XXL MATTE LIQUID LIPSTICK - Maroc Prix","og_description":"NYX LIP LINGERIE XXL MATTE LIQUID LIPSTICK","og_url":"https:\/\/vitablanca.ma\/en\/product\/nyx-lip-lingerie-xxl-matte-liquid-lipstick\/","og_site_name":"Vitablanca.ma &ndash; Sant&eacute;, vitalit&eacute; et bien-&ecirc;tre pour tous les Marocains","article_publisher":"https:\/\/www.facebook.com\/profile.php?id=61576678196717","article_modified_time":"2026-03-22T17:51:09+00:00","og_image":[{"width":500,"height":500,"url":"https:\/\/vitablanca.ma\/wp-content\/uploads\/2025\/05\/NYX-PMU-Makeup-Lips-Lipstick-LIP-LINGERIE-XXL-LXXL15-PUSHD-UP-000-0800897004064-OpenSwatch.jpg","type":"image\/jpeg"}],"twitter_card":"summary_large_image","twitter_misc":{"Est. reading time":"1 minute"},"schema":{"@context":"https:\/\/schema.org","@graph":[{"@type":["WebPage","ItemPage"],"@id":"https:\/\/vitablanca.ma\/produit\/nyx-lip-lingerie-xxl-matte-liquid-lipstick\/","url":"https:\/\/vitablanca.ma\/produit\/nyx-lip-lingerie-xxl-matte-liquid-lipstick\/","name":"NYX LIP LINGERIE XXL MATTE LIQUID LIPSTICK - Morocco Price","isPartOf":{"@id":"https:\/\/vitablanca.ma\/#website"},"primaryImageOfPage":{"@id":"https:\/\/vitablanca.ma\/produit\/nyx-lip-lingerie-xxl-matte-liquid-lipstick\/#primaryimage"},"image":{"@id":"https:\/\/vitablanca.ma\/produit\/nyx-lip-lingerie-xxl-matte-liquid-lipstick\/#primaryimage"},"thumbnailUrl":"https:\/\/vitablanca.ma\/wp-content\/uploads\/2025\/05\/NYX-PMU-Makeup-Lips-Lipstick-LIP-LINGERIE-XXL-LXXL15-PUSHD-UP-000-0800897004064-OpenSwatch.jpg","datePublished":"2025-05-28T21:30:14+00:00","dateModified":"2026-03-22T17:51:09+00:00","description":"NYX LIP LINGERIE XXL MATTE LIQUID LIPSTICK","breadcrumb":{"@id":"https:\/\/vitablanca.ma\/produit\/nyx-lip-lingerie-xxl-matte-liquid-lipstick\/#breadcrumb"},"inLanguage":"en-US","potentialAction":[{"@type":"ReadAction","target":["https:\/\/vitablanca.ma\/produit\/nyx-lip-lingerie-xxl-matte-liquid-lipstick\/"]}]},{"@type":"ImageObject","inLanguage":"en-US","@id":"https:\/\/vitablanca.ma\/produit\/nyx-lip-lingerie-xxl-matte-liquid-lipstick\/#primaryimage","url":"https:\/\/vitablanca.ma\/wp-content\/uploads\/2025\/05\/NYX-PMU-Makeup-Lips-Lipstick-LIP-LINGERIE-XXL-LXXL15-PUSHD-UP-000-0800897004064-OpenSwatch.jpg","contentUrl":"https:\/\/vitablanca.ma\/wp-content\/uploads\/2025\/05\/NYX-PMU-Makeup-Lips-Lipstick-LIP-LINGERIE-XXL-LXXL15-PUSHD-UP-000-0800897004064-OpenSwatch.jpg","width":500,"height":500},{"@type":"BreadcrumbList","@id":"https:\/\/vitablanca.ma\/produit\/nyx-lip-lingerie-xxl-matte-liquid-lipstick\/#breadcrumb","itemListElement":[{"@type":"ListItem","position":1,"name":"Home","item":"https:\/\/vitablanca.ma\/"},{"@type":"ListItem","position":2,"name":"Tous Les Produits","item":"https:\/\/vitablanca.ma\/tous-les-produits\/"},{"@type":"ListItem","position":3,"name":"NYX LIP LINGERIE XXL MATTE LIQUID LIPSTICK"}]},{"@type":"WebSite","@id":"https:\/\/vitablanca.ma\/#website","url":"https:\/\/vitablanca.ma\/","name":"VitaBlanca.ma | Food supplements, health &amp; beauty in Morocco","description":"sell premium vitamins and supplements from USA &amp; Canada, New Zealand, Morocco (NOW Foods, Solgar, Manuka). Fast delivery anywhere in Morocco.","publisher":{"@id":"https:\/\/vitablanca.ma\/#organization"},"alternateName":"VitaBlanca.ma","potentialAction":[{"@type":"SearchAction","target":{"@type":"EntryPoint","urlTemplate":"https:\/\/vitablanca.ma\/?s={search_term_string}"},"query-input":{"@type":"PropertyValueSpecification","valueRequired":true,"valueName":"search_term_string"}}],"inLanguage":"en-US"},{"@type":"Organization","@id":"https:\/\/vitablanca.ma\/#organization","name":"VitaBlanca","url":"https:\/\/vitablanca.ma\/","logo":{"@type":"ImageObject","inLanguage":"en-US","@id":"https:\/\/vitablanca.ma\/#\/schema\/logo\/image\/","url":"https:\/\/vitablanca.ma\/wp-content\/uploads\/2025\/05\/cropped-vitablanca.png","contentUrl":"https:\/\/vitablanca.ma\/wp-content\/uploads\/2025\/05\/cropped-vitablanca.png","width":360,"height":67,"caption":"VitaBlanca"},"image":{"@id":"https:\/\/vitablanca.ma\/#\/schema\/logo\/image\/"},"sameAs":["https:\/\/www.facebook.com\/profile.php?id=61576678196717","https:\/\/www.tiktok.com\/@vitablanca.ma","https:\/\/www.instagram.com\/vitablanca.ma\/"]}]}},"jetpack_sharing_enabled":true,"_links":{"self":[{"href":"https:\/\/vitablanca.ma\/en\/wp-json\/wp\/v2\/product\/11975","targetHints":{"allow":["GET"]}}],"collection":[{"href":"https:\/\/vitablanca.ma\/en\/wp-json\/wp\/v2\/product"}],"about":[{"href":"https:\/\/vitablanca.ma\/en\/wp-json\/wp\/v2\/types\/product"}],"wp:featuredmedia":[{"embeddable":true,"href":"https:\/\/vitablanca.ma\/en\/wp-json\/wp\/v2\/media\/11968"}],"wp:attachment":[{"href":"https:\/\/vitablanca.ma\/en\/wp-json\/wp\/v2\/media?parent=11975"}],"wp:term":[{"taxonomy":"product_brand","embeddable":true,"href":"https:\/\/vitablanca.ma\/en\/wp-json\/wp\/v2\/product_brand?post=11975"},{"taxonomy":"product_cat","embeddable":true,"href":"https:\/\/vitablanca.ma\/en\/wp-json\/wp\/v2\/product_cat?post=11975"},{"taxonomy":"product_tag","embeddable":true,"href":"https:\/\/vitablanca.ma\/en\/wp-json\/wp\/v2\/product_tag?post=11975"}],"curies":[{"name":"wp","href":"https:\/\/api.w.org\/{rel}","templated":true}]}}