{"id":11969,"date":"2025-05-28T21:30:12","date_gmt":"2025-05-28T21:30:12","guid":{"rendered":"https:\/\/vitablanca.ma\/product\/fenty-beauty-fenty-cheeks-suede-powder-blush\/"},"modified":"2025-07-07T22:31:43","modified_gmt":"2025-07-07T22:31:43","slug":"fenty-beauty-fenty-cheeks-suede-powder-blush","status":"publish","type":"product","link":"https:\/\/vitablanca.ma\/en\/product\/fenty-beauty-fenty-cheeks-suede-powder-blush\/","title":{"rendered":"Fenty Beauty fenty cheeks suede powder blush"},"content":{"rendered":"<p>Le Fenty Cheeks Suede Powder Blush de Fenty Beauty est un blush en poudre ultra-doux qui se fond parfaitement dans la peau pour un \u00e9clat naturel et subtil. Sa texture douce comme du su\u00e8de offre une finition matte avec une couleur modulable selon l\u2019intensit\u00e9 souhait\u00e9e. Formul\u00e9 avec une formule l\u00e9g\u00e8re, il garantit une longue tenue tout en offrant une large gamme de teintes adapt\u00e9es \u00e0 toutes les carnations. Que vous recherchiez une touche discr\u00e8te de couleur ou un effet plus intense, ce blush assure un fini lisse et flatteur, pour un look radieux et frais.<\/p>","protected":false},"excerpt":{"rendered":"<p>Le Fenty Cheeks Suede Powder Blush de Fenty Beauty est un blush en poudre ultra-doux qui se fond parfaitement dans la peau pour un \u00e9clat naturel et subtil. Sa texture douce comme du su\u00e8de offre une finition matte avec une couleur modulable selon l\u2019intensit\u00e9 souhait\u00e9e. Formul\u00e9 avec une formule l\u00e9g\u00e8re, il garantit une longue tenue [&hellip;]<\/p>\n","protected":false},"featured_media":11950,"template":"","meta":{"om_disable_all_campaigns":false},"product_brand":[],"product_cat":[15],"product_tag":[],"class_list":{"0":"post-11969","1":"product","2":"type-product","3":"status-publish","4":"has-post-thumbnail","6":"product_cat-beaute-sante-complements-alimentaires-soins-et-bien-etre-au-meilleur-prix","8":"first","9":"instock","10":"taxable","11":"shipping-taxable","12":"purchasable","13":"product-type-variable"},"yoast_head":"<!-- This site is optimized with the Yoast SEO plugin v27.5 - https:\/\/yoast.com\/product\/yoast-seo-wordpress\/ -->\n<title>Fenty Beauty fenty cheeks suede powder blush - Maroc Prix<\/title>\n<meta name=\"description\" content=\"D\u00e9couvrez le Fenty Beauty Cheeks Out Suede Powder Blush au Maroc. Ce blush poudre au fini velout\u00e9 offre un \u00e9clat naturel et modulable.\" \/>\n<meta name=\"robots\" content=\"index, follow, max-snippet:-1, max-image-preview:large, max-video-preview:-1\" \/>\n<link rel=\"canonical\" href=\"https:\/\/vitablanca.ma\/en\/product\/fenty-beauty-fenty-cheeks-suede-powder-blush\/\" \/>\n<meta property=\"og:locale\" content=\"en_US\" \/>\n<meta property=\"og:type\" content=\"article\" \/>\n<meta property=\"og:title\" content=\"Fenty Beauty fenty cheeks suede powder blush - Maroc Prix\" \/>\n<meta property=\"og:description\" content=\"D\u00e9couvrez le Fenty Beauty Cheeks Out Suede Powder Blush au Maroc. Ce blush poudre au fini velout\u00e9 offre un \u00e9clat naturel et modulable.\" \/>\n<meta property=\"og:url\" content=\"https:\/\/vitablanca.ma\/en\/product\/fenty-beauty-fenty-cheeks-suede-powder-blush\/\" \/>\n<meta property=\"og:site_name\" content=\"Vitablanca.ma &ndash; Sant&eacute;, vitalit&eacute; et bien-&ecirc;tre pour tous les Marocains\" \/>\n<meta property=\"article:publisher\" content=\"https:\/\/www.facebook.com\/profile.php?id=61576678196717\" \/>\n<meta property=\"article:modified_time\" content=\"2025-07-07T22:31:43+00:00\" \/>\n<meta property=\"og:image\" content=\"https:\/\/vitablanca.ma\/wp-content\/uploads\/2025\/05\/FB_FALL24_T2PRODUCT_ECOMM_FENTYCHEEKS_POWDERBLUSH_MATTE_PETALPOPPIN_CLOSED_sRGB72.jpg\" \/>\n\t<meta property=\"og:image:width\" content=\"1200\" \/>\n\t<meta property=\"og:image:height\" content=\"1500\" \/>\n\t<meta property=\"og:image:type\" content=\"image\/jpeg\" \/>\n<meta name=\"twitter:card\" content=\"summary_large_image\" \/>\n<meta name=\"twitter:label1\" content=\"Est. reading time\" \/>\n\t<meta name=\"twitter:data1\" content=\"1 minute\" \/>\n<script type=\"application\/ld+json\" class=\"yoast-schema-graph\">{\"@context\":\"https:\\\/\\\/schema.org\",\"@graph\":[{\"@type\":[\"WebPage\",\"ItemPage\"],\"@id\":\"https:\\\/\\\/vitablanca.ma\\\/produit\\\/fenty-beauty-fenty-cheeks-suede-powder-blush\\\/\",\"url\":\"https:\\\/\\\/vitablanca.ma\\\/produit\\\/fenty-beauty-fenty-cheeks-suede-powder-blush\\\/\",\"name\":\"Fenty Beauty fenty cheeks suede powder blush - Maroc Prix\",\"isPartOf\":{\"@id\":\"https:\\\/\\\/vitablanca.ma\\\/#website\"},\"primaryImageOfPage\":{\"@id\":\"https:\\\/\\\/vitablanca.ma\\\/produit\\\/fenty-beauty-fenty-cheeks-suede-powder-blush\\\/#primaryimage\"},\"image\":{\"@id\":\"https:\\\/\\\/vitablanca.ma\\\/produit\\\/fenty-beauty-fenty-cheeks-suede-powder-blush\\\/#primaryimage\"},\"thumbnailUrl\":\"https:\\\/\\\/vitablanca.ma\\\/wp-content\\\/uploads\\\/2025\\\/05\\\/FB_FALL24_T2PRODUCT_ECOMM_FENTYCHEEKS_POWDERBLUSH_MATTE_PETALPOPPIN_CLOSED_sRGB72.jpg\",\"datePublished\":\"2025-05-28T21:30:12+00:00\",\"dateModified\":\"2025-07-07T22:31:43+00:00\",\"description\":\"D\u00e9couvrez le Fenty Beauty Cheeks Out Suede Powder Blush au Maroc. Ce blush poudre au fini velout\u00e9 offre un \u00e9clat naturel et modulable.\",\"breadcrumb\":{\"@id\":\"https:\\\/\\\/vitablanca.ma\\\/produit\\\/fenty-beauty-fenty-cheeks-suede-powder-blush\\\/#breadcrumb\"},\"inLanguage\":\"en-US\",\"potentialAction\":[{\"@type\":\"ReadAction\",\"target\":[\"https:\\\/\\\/vitablanca.ma\\\/produit\\\/fenty-beauty-fenty-cheeks-suede-powder-blush\\\/\"]}]},{\"@type\":\"ImageObject\",\"inLanguage\":\"en-US\",\"@id\":\"https:\\\/\\\/vitablanca.ma\\\/produit\\\/fenty-beauty-fenty-cheeks-suede-powder-blush\\\/#primaryimage\",\"url\":\"https:\\\/\\\/vitablanca.ma\\\/wp-content\\\/uploads\\\/2025\\\/05\\\/FB_FALL24_T2PRODUCT_ECOMM_FENTYCHEEKS_POWDERBLUSH_MATTE_PETALPOPPIN_CLOSED_sRGB72.jpg\",\"contentUrl\":\"https:\\\/\\\/vitablanca.ma\\\/wp-content\\\/uploads\\\/2025\\\/05\\\/FB_FALL24_T2PRODUCT_ECOMM_FENTYCHEEKS_POWDERBLUSH_MATTE_PETALPOPPIN_CLOSED_sRGB72.jpg\",\"width\":1200,\"height\":1500},{\"@type\":\"BreadcrumbList\",\"@id\":\"https:\\\/\\\/vitablanca.ma\\\/produit\\\/fenty-beauty-fenty-cheeks-suede-powder-blush\\\/#breadcrumb\",\"itemListElement\":[{\"@type\":\"ListItem\",\"position\":1,\"name\":\"Home\",\"item\":\"https:\\\/\\\/vitablanca.ma\\\/\"},{\"@type\":\"ListItem\",\"position\":2,\"name\":\"Tous Les Produits\",\"item\":\"https:\\\/\\\/vitablanca.ma\\\/tous-les-produits\\\/\"},{\"@type\":\"ListItem\",\"position\":3,\"name\":\"Fenty Beauty fenty cheeks suede powder blush\"}]},{\"@type\":\"WebSite\",\"@id\":\"https:\\\/\\\/vitablanca.ma\\\/#website\",\"url\":\"https:\\\/\\\/vitablanca.ma\\\/\",\"name\":\"VitaBlanca.ma | Compl\u00e9ments alimentaires, sant\u00e9 & beaut\u00e9 au Maroc\",\"description\":\"vendre vitamines et compl\u00e9ments premium des USA &amp; Canada, Nouvelle Z\u00e9lande,Maroc (NOW Foods, Solgar, Manuka). Livraison rapide partout au Maroc.\",\"publisher\":{\"@id\":\"https:\\\/\\\/vitablanca.ma\\\/#organization\"},\"alternateName\":\"VitaBlanca.ma\",\"potentialAction\":[{\"@type\":\"SearchAction\",\"target\":{\"@type\":\"EntryPoint\",\"urlTemplate\":\"https:\\\/\\\/vitablanca.ma\\\/?s={search_term_string}\"},\"query-input\":{\"@type\":\"PropertyValueSpecification\",\"valueRequired\":true,\"valueName\":\"search_term_string\"}}],\"inLanguage\":\"en-US\"},{\"@type\":\"Organization\",\"@id\":\"https:\\\/\\\/vitablanca.ma\\\/#organization\",\"name\":\"VitaBlanca\",\"url\":\"https:\\\/\\\/vitablanca.ma\\\/\",\"logo\":{\"@type\":\"ImageObject\",\"inLanguage\":\"en-US\",\"@id\":\"https:\\\/\\\/vitablanca.ma\\\/#\\\/schema\\\/logo\\\/image\\\/\",\"url\":\"https:\\\/\\\/vitablanca.ma\\\/wp-content\\\/uploads\\\/2025\\\/05\\\/cropped-vitablanca.png\",\"contentUrl\":\"https:\\\/\\\/vitablanca.ma\\\/wp-content\\\/uploads\\\/2025\\\/05\\\/cropped-vitablanca.png\",\"width\":360,\"height\":67,\"caption\":\"VitaBlanca\"},\"image\":{\"@id\":\"https:\\\/\\\/vitablanca.ma\\\/#\\\/schema\\\/logo\\\/image\\\/\"},\"sameAs\":[\"https:\\\/\\\/www.facebook.com\\\/profile.php?id=61576678196717\",\"https:\\\/\\\/www.tiktok.com\\\/@vitablanca.ma\",\"https:\\\/\\\/www.instagram.com\\\/vitablanca.ma\\\/\"]}]}<\/script>\n<!-- \/ Yoast SEO plugin. -->","yoast_head_json":{"title":"Fenty Beauty fenty cheeks suede powder blush - Morocco Price","description":"Discover the Fenty Beauty Cheeks Out Suede Powder Blush in Morocco. This velvety-finish powder blush offers a natural, buildable glow.","robots":{"index":"index","follow":"follow","max-snippet":"max-snippet:-1","max-image-preview":"max-image-preview:large","max-video-preview":"max-video-preview:-1"},"canonical":"https:\/\/vitablanca.ma\/en\/product\/fenty-beauty-fenty-cheeks-suede-powder-blush\/","og_locale":"en_US","og_type":"article","og_title":"Fenty Beauty fenty cheeks suede powder blush - Maroc Prix","og_description":"D\u00e9couvrez le Fenty Beauty Cheeks Out Suede Powder Blush au Maroc. Ce blush poudre au fini velout\u00e9 offre un \u00e9clat naturel et modulable.","og_url":"https:\/\/vitablanca.ma\/en\/product\/fenty-beauty-fenty-cheeks-suede-powder-blush\/","og_site_name":"Vitablanca.ma &ndash; Sant&eacute;, vitalit&eacute; et bien-&ecirc;tre pour tous les Marocains","article_publisher":"https:\/\/www.facebook.com\/profile.php?id=61576678196717","article_modified_time":"2025-07-07T22:31:43+00:00","og_image":[{"width":1200,"height":1500,"url":"https:\/\/vitablanca.ma\/wp-content\/uploads\/2025\/05\/FB_FALL24_T2PRODUCT_ECOMM_FENTYCHEEKS_POWDERBLUSH_MATTE_PETALPOPPIN_CLOSED_sRGB72.jpg","type":"image\/jpeg"}],"twitter_card":"summary_large_image","twitter_misc":{"Est. reading time":"1 minute"},"schema":{"@context":"https:\/\/schema.org","@graph":[{"@type":["WebPage","ItemPage"],"@id":"https:\/\/vitablanca.ma\/produit\/fenty-beauty-fenty-cheeks-suede-powder-blush\/","url":"https:\/\/vitablanca.ma\/produit\/fenty-beauty-fenty-cheeks-suede-powder-blush\/","name":"Fenty Beauty fenty cheeks suede powder blush - Morocco Price","isPartOf":{"@id":"https:\/\/vitablanca.ma\/#website"},"primaryImageOfPage":{"@id":"https:\/\/vitablanca.ma\/produit\/fenty-beauty-fenty-cheeks-suede-powder-blush\/#primaryimage"},"image":{"@id":"https:\/\/vitablanca.ma\/produit\/fenty-beauty-fenty-cheeks-suede-powder-blush\/#primaryimage"},"thumbnailUrl":"https:\/\/vitablanca.ma\/wp-content\/uploads\/2025\/05\/FB_FALL24_T2PRODUCT_ECOMM_FENTYCHEEKS_POWDERBLUSH_MATTE_PETALPOPPIN_CLOSED_sRGB72.jpg","datePublished":"2025-05-28T21:30:12+00:00","dateModified":"2025-07-07T22:31:43+00:00","description":"Discover the Fenty Beauty Cheeks Out Suede Powder Blush in Morocco. This velvety-finish powder blush offers a natural, buildable glow.","breadcrumb":{"@id":"https:\/\/vitablanca.ma\/produit\/fenty-beauty-fenty-cheeks-suede-powder-blush\/#breadcrumb"},"inLanguage":"en-US","potentialAction":[{"@type":"ReadAction","target":["https:\/\/vitablanca.ma\/produit\/fenty-beauty-fenty-cheeks-suede-powder-blush\/"]}]},{"@type":"ImageObject","inLanguage":"en-US","@id":"https:\/\/vitablanca.ma\/produit\/fenty-beauty-fenty-cheeks-suede-powder-blush\/#primaryimage","url":"https:\/\/vitablanca.ma\/wp-content\/uploads\/2025\/05\/FB_FALL24_T2PRODUCT_ECOMM_FENTYCHEEKS_POWDERBLUSH_MATTE_PETALPOPPIN_CLOSED_sRGB72.jpg","contentUrl":"https:\/\/vitablanca.ma\/wp-content\/uploads\/2025\/05\/FB_FALL24_T2PRODUCT_ECOMM_FENTYCHEEKS_POWDERBLUSH_MATTE_PETALPOPPIN_CLOSED_sRGB72.jpg","width":1200,"height":1500},{"@type":"BreadcrumbList","@id":"https:\/\/vitablanca.ma\/produit\/fenty-beauty-fenty-cheeks-suede-powder-blush\/#breadcrumb","itemListElement":[{"@type":"ListItem","position":1,"name":"Home","item":"https:\/\/vitablanca.ma\/"},{"@type":"ListItem","position":2,"name":"Tous Les Produits","item":"https:\/\/vitablanca.ma\/tous-les-produits\/"},{"@type":"ListItem","position":3,"name":"Fenty Beauty fenty cheeks suede powder blush"}]},{"@type":"WebSite","@id":"https:\/\/vitablanca.ma\/#website","url":"https:\/\/vitablanca.ma\/","name":"VitaBlanca.ma | Food supplements, health &amp; beauty in Morocco","description":"sell premium vitamins and supplements from USA &amp; Canada, New Zealand, Morocco (NOW Foods, Solgar, Manuka). Fast delivery anywhere in Morocco.","publisher":{"@id":"https:\/\/vitablanca.ma\/#organization"},"alternateName":"VitaBlanca.ma","potentialAction":[{"@type":"SearchAction","target":{"@type":"EntryPoint","urlTemplate":"https:\/\/vitablanca.ma\/?s={search_term_string}"},"query-input":{"@type":"PropertyValueSpecification","valueRequired":true,"valueName":"search_term_string"}}],"inLanguage":"en-US"},{"@type":"Organization","@id":"https:\/\/vitablanca.ma\/#organization","name":"VitaBlanca","url":"https:\/\/vitablanca.ma\/","logo":{"@type":"ImageObject","inLanguage":"en-US","@id":"https:\/\/vitablanca.ma\/#\/schema\/logo\/image\/","url":"https:\/\/vitablanca.ma\/wp-content\/uploads\/2025\/05\/cropped-vitablanca.png","contentUrl":"https:\/\/vitablanca.ma\/wp-content\/uploads\/2025\/05\/cropped-vitablanca.png","width":360,"height":67,"caption":"VitaBlanca"},"image":{"@id":"https:\/\/vitablanca.ma\/#\/schema\/logo\/image\/"},"sameAs":["https:\/\/www.facebook.com\/profile.php?id=61576678196717","https:\/\/www.tiktok.com\/@vitablanca.ma","https:\/\/www.instagram.com\/vitablanca.ma\/"]}]}},"jetpack_sharing_enabled":true,"_links":{"self":[{"href":"https:\/\/vitablanca.ma\/en\/wp-json\/wp\/v2\/product\/11969","targetHints":{"allow":["GET"]}}],"collection":[{"href":"https:\/\/vitablanca.ma\/en\/wp-json\/wp\/v2\/product"}],"about":[{"href":"https:\/\/vitablanca.ma\/en\/wp-json\/wp\/v2\/types\/product"}],"wp:featuredmedia":[{"embeddable":true,"href":"https:\/\/vitablanca.ma\/en\/wp-json\/wp\/v2\/media\/11950"}],"wp:attachment":[{"href":"https:\/\/vitablanca.ma\/en\/wp-json\/wp\/v2\/media?parent=11969"}],"wp:term":[{"taxonomy":"product_brand","embeddable":true,"href":"https:\/\/vitablanca.ma\/en\/wp-json\/wp\/v2\/product_brand?post=11969"},{"taxonomy":"product_cat","embeddable":true,"href":"https:\/\/vitablanca.ma\/en\/wp-json\/wp\/v2\/product_cat?post=11969"},{"taxonomy":"product_tag","embeddable":true,"href":"https:\/\/vitablanca.ma\/en\/wp-json\/wp\/v2\/product_tag?post=11969"}],"curies":[{"name":"wp","href":"https:\/\/api.w.org\/{rel}","templated":true}]}}