{"id":11932,"date":"2025-05-28T21:29:21","date_gmt":"2025-05-28T21:29:21","guid":{"rendered":"https:\/\/vitablanca.ma\/product\/charlotte-tilbury-pillow-talk-matte-beauty-blush-wand\/"},"modified":"2025-06-08T21:51:10","modified_gmt":"2025-06-08T21:51:10","slug":"charlotte-tilbury-pillow-talk-matte-beauty-blush-wand","status":"publish","type":"product","link":"https:\/\/vitablanca.ma\/en\/product\/charlotte-tilbury-pillow-talk-matte-beauty-blush-wand\/","title":{"rendered":"Charlotte Tilbury Pillow talk MATTE BEAUTY BLUSH WAND"},"content":{"rendered":"<p data-mce-fragment=\"1\">Introducing Charlotte Tilbury&#039;s iconic magical blush, the MATTE BEAUTY BLUSH WAND &quot;Pillow Talk Pink Pop.&quot; Featuring a cushion-tip applicator, this fresh-faced blush stick is easy to use and universally flattering for all skin types. Use one swipe for a soft, blurred effect, or use multiple swipes to intensify your look. Smooth, flushed cheeks in one swipe!<\/p>","protected":false},"excerpt":{"rendered":"<p>D\u00e9couvrez le c\u00e9l\u00e8bre blush magique de Charlotte Tilbury, le MATTE BEAUTY BLUSH WAND \u00ab\u00a0Pillow Talk Pink Pop\u00a0\u00bb. Dot\u00e9e d&rsquo;un applicateur \u00e0 coussin, ce stick blush pour un teint frais est facile \u00e0 utiliser et universellement flatteur pour tous les types de peau. Utilisez une seule application pour un effet doux et flou, ou plusieurs pour [&hellip;]<\/p>\n","protected":false},"featured_media":11929,"template":"","meta":{"om_disable_all_campaigns":false},"product_brand":[],"product_cat":[15],"product_tag":[],"class_list":{"0":"post-11932","1":"product","2":"type-product","3":"status-publish","4":"has-post-thumbnail","6":"product_cat-beaute-sante-complements-alimentaires-soins-et-bien-etre-au-meilleur-prix","8":"first","9":"instock","10":"sale","11":"taxable","12":"shipping-taxable","13":"purchasable","14":"product-type-simple"},"yoast_head":"<!-- This site is optimized with the Yoast SEO plugin v27.4 - https:\/\/yoast.com\/product\/yoast-seo-wordpress\/ -->\n<title>Charlotte Tilbury Pillow talk MATTE BEAUTY BLUSH WAND - Maroc Prix<\/title>\n<meta name=\"description\" content=\"Charlotte Tilbury Pillow talk MATTE BEAUTY BLUSH WAND\" \/>\n<meta name=\"robots\" content=\"index, follow, max-snippet:-1, max-image-preview:large, max-video-preview:-1\" \/>\n<link rel=\"canonical\" href=\"https:\/\/vitablanca.ma\/en\/product\/charlotte-tilbury-pillow-talk-matte-beauty-blush-wand\/\" \/>\n<meta property=\"og:locale\" content=\"en_US\" \/>\n<meta property=\"og:type\" content=\"article\" \/>\n<meta property=\"og:title\" content=\"Charlotte Tilbury Pillow talk MATTE BEAUTY BLUSH WAND - Maroc Prix\" \/>\n<meta property=\"og:description\" content=\"Charlotte Tilbury Pillow talk MATTE BEAUTY BLUSH WAND\" \/>\n<meta property=\"og:url\" content=\"https:\/\/vitablanca.ma\/en\/product\/charlotte-tilbury-pillow-talk-matte-beauty-blush-wand\/\" \/>\n<meta property=\"og:site_name\" content=\"Vitablanca.ma &ndash; Sant&eacute;, vitalit&eacute; et bien-&ecirc;tre pour tous les Marocains\" \/>\n<meta property=\"article:publisher\" content=\"https:\/\/www.facebook.com\/profile.php?id=61576678196717\" \/>\n<meta property=\"article:modified_time\" content=\"2025-06-08T21:51:10+00:00\" \/>\n<meta property=\"og:image\" content=\"https:\/\/vitablanca.ma\/wp-content\/uploads\/2025\/05\/ALLURE_PEACH_BBW_PDP.jpg\" \/>\n\t<meta property=\"og:image:width\" content=\"500\" \/>\n\t<meta property=\"og:image:height\" content=\"500\" \/>\n\t<meta property=\"og:image:type\" content=\"image\/jpeg\" \/>\n<meta name=\"twitter:card\" content=\"summary_large_image\" \/>\n<script type=\"application\/ld+json\" class=\"yoast-schema-graph\">{\"@context\":\"https:\\\/\\\/schema.org\",\"@graph\":[{\"@type\":[\"WebPage\",\"ItemPage\"],\"@id\":\"https:\\\/\\\/vitablanca.ma\\\/produit\\\/charlotte-tilbury-pillow-talk-matte-beauty-blush-wand\\\/\",\"url\":\"https:\\\/\\\/vitablanca.ma\\\/produit\\\/charlotte-tilbury-pillow-talk-matte-beauty-blush-wand\\\/\",\"name\":\"Charlotte Tilbury Pillow talk MATTE BEAUTY BLUSH WAND - Maroc Prix\",\"isPartOf\":{\"@id\":\"https:\\\/\\\/vitablanca.ma\\\/#website\"},\"primaryImageOfPage\":{\"@id\":\"https:\\\/\\\/vitablanca.ma\\\/produit\\\/charlotte-tilbury-pillow-talk-matte-beauty-blush-wand\\\/#primaryimage\"},\"image\":{\"@id\":\"https:\\\/\\\/vitablanca.ma\\\/produit\\\/charlotte-tilbury-pillow-talk-matte-beauty-blush-wand\\\/#primaryimage\"},\"thumbnailUrl\":\"https:\\\/\\\/vitablanca.ma\\\/wp-content\\\/uploads\\\/2025\\\/05\\\/ALLURE_PEACH_BBW_PDP.jpg\",\"datePublished\":\"2025-05-28T21:29:21+00:00\",\"dateModified\":\"2025-06-08T21:51:10+00:00\",\"description\":\"Charlotte Tilbury Pillow talk MATTE BEAUTY BLUSH WAND\",\"breadcrumb\":{\"@id\":\"https:\\\/\\\/vitablanca.ma\\\/produit\\\/charlotte-tilbury-pillow-talk-matte-beauty-blush-wand\\\/#breadcrumb\"},\"inLanguage\":\"en-US\",\"potentialAction\":[{\"@type\":\"ReadAction\",\"target\":[\"https:\\\/\\\/vitablanca.ma\\\/produit\\\/charlotte-tilbury-pillow-talk-matte-beauty-blush-wand\\\/\"]}]},{\"@type\":\"ImageObject\",\"inLanguage\":\"en-US\",\"@id\":\"https:\\\/\\\/vitablanca.ma\\\/produit\\\/charlotte-tilbury-pillow-talk-matte-beauty-blush-wand\\\/#primaryimage\",\"url\":\"https:\\\/\\\/vitablanca.ma\\\/wp-content\\\/uploads\\\/2025\\\/05\\\/ALLURE_PEACH_BBW_PDP.jpg\",\"contentUrl\":\"https:\\\/\\\/vitablanca.ma\\\/wp-content\\\/uploads\\\/2025\\\/05\\\/ALLURE_PEACH_BBW_PDP.jpg\",\"width\":500,\"height\":500},{\"@type\":\"BreadcrumbList\",\"@id\":\"https:\\\/\\\/vitablanca.ma\\\/produit\\\/charlotte-tilbury-pillow-talk-matte-beauty-blush-wand\\\/#breadcrumb\",\"itemListElement\":[{\"@type\":\"ListItem\",\"position\":1,\"name\":\"Home\",\"item\":\"https:\\\/\\\/vitablanca.ma\\\/\"},{\"@type\":\"ListItem\",\"position\":2,\"name\":\"Tous Les Produits\",\"item\":\"https:\\\/\\\/vitablanca.ma\\\/tous-les-produits\\\/\"},{\"@type\":\"ListItem\",\"position\":3,\"name\":\"Charlotte Tilbury Pillow talk MATTE BEAUTY BLUSH WAND\"}]},{\"@type\":\"WebSite\",\"@id\":\"https:\\\/\\\/vitablanca.ma\\\/#website\",\"url\":\"https:\\\/\\\/vitablanca.ma\\\/\",\"name\":\"VitaBlanca.ma | Compl\u00e9ments alimentaires, sant\u00e9 & beaut\u00e9 au Maroc\",\"description\":\"vendre vitamines et compl\u00e9ments premium des USA &amp; Canada, Nouvelle Z\u00e9lande,Maroc (NOW Foods, Solgar, Manuka). Livraison rapide partout au Maroc.\",\"publisher\":{\"@id\":\"https:\\\/\\\/vitablanca.ma\\\/#organization\"},\"alternateName\":\"VitaBlanca.ma\",\"potentialAction\":[{\"@type\":\"SearchAction\",\"target\":{\"@type\":\"EntryPoint\",\"urlTemplate\":\"https:\\\/\\\/vitablanca.ma\\\/?s={search_term_string}\"},\"query-input\":{\"@type\":\"PropertyValueSpecification\",\"valueRequired\":true,\"valueName\":\"search_term_string\"}}],\"inLanguage\":\"en-US\"},{\"@type\":\"Organization\",\"@id\":\"https:\\\/\\\/vitablanca.ma\\\/#organization\",\"name\":\"VitaBlanca\",\"url\":\"https:\\\/\\\/vitablanca.ma\\\/\",\"logo\":{\"@type\":\"ImageObject\",\"inLanguage\":\"en-US\",\"@id\":\"https:\\\/\\\/vitablanca.ma\\\/#\\\/schema\\\/logo\\\/image\\\/\",\"url\":\"https:\\\/\\\/vitablanca.ma\\\/wp-content\\\/uploads\\\/2025\\\/05\\\/cropped-vitablanca.png\",\"contentUrl\":\"https:\\\/\\\/vitablanca.ma\\\/wp-content\\\/uploads\\\/2025\\\/05\\\/cropped-vitablanca.png\",\"width\":360,\"height\":67,\"caption\":\"VitaBlanca\"},\"image\":{\"@id\":\"https:\\\/\\\/vitablanca.ma\\\/#\\\/schema\\\/logo\\\/image\\\/\"},\"sameAs\":[\"https:\\\/\\\/www.facebook.com\\\/profile.php?id=61576678196717\",\"https:\\\/\\\/www.tiktok.com\\\/@vitablanca.ma\",\"https:\\\/\\\/www.instagram.com\\\/vitablanca.ma\\\/\"]}]}<\/script>\n<!-- \/ Yoast SEO plugin. -->","yoast_head_json":{"title":"Charlotte Tilbury Pillow talk MATTE BEAUTY BLUSH WAND - Maroc Prix","description":"Charlotte Tilbury Pillow talk MATTE BEAUTY BLUSH WAND","robots":{"index":"index","follow":"follow","max-snippet":"max-snippet:-1","max-image-preview":"max-image-preview:large","max-video-preview":"max-video-preview:-1"},"canonical":"https:\/\/vitablanca.ma\/en\/product\/charlotte-tilbury-pillow-talk-matte-beauty-blush-wand\/","og_locale":"en_US","og_type":"article","og_title":"Charlotte Tilbury Pillow talk MATTE BEAUTY BLUSH WAND - Maroc Prix","og_description":"Charlotte Tilbury Pillow talk MATTE BEAUTY BLUSH WAND","og_url":"https:\/\/vitablanca.ma\/en\/product\/charlotte-tilbury-pillow-talk-matte-beauty-blush-wand\/","og_site_name":"Vitablanca.ma &ndash; Sant&eacute;, vitalit&eacute; et bien-&ecirc;tre pour tous les Marocains","article_publisher":"https:\/\/www.facebook.com\/profile.php?id=61576678196717","article_modified_time":"2025-06-08T21:51:10+00:00","og_image":[{"width":500,"height":500,"url":"https:\/\/vitablanca.ma\/wp-content\/uploads\/2025\/05\/ALLURE_PEACH_BBW_PDP.jpg","type":"image\/jpeg"}],"twitter_card":"summary_large_image","schema":{"@context":"https:\/\/schema.org","@graph":[{"@type":["WebPage","ItemPage"],"@id":"https:\/\/vitablanca.ma\/produit\/charlotte-tilbury-pillow-talk-matte-beauty-blush-wand\/","url":"https:\/\/vitablanca.ma\/produit\/charlotte-tilbury-pillow-talk-matte-beauty-blush-wand\/","name":"Charlotte Tilbury Pillow talk MATTE BEAUTY BLUSH WAND - Maroc Prix","isPartOf":{"@id":"https:\/\/vitablanca.ma\/#website"},"primaryImageOfPage":{"@id":"https:\/\/vitablanca.ma\/produit\/charlotte-tilbury-pillow-talk-matte-beauty-blush-wand\/#primaryimage"},"image":{"@id":"https:\/\/vitablanca.ma\/produit\/charlotte-tilbury-pillow-talk-matte-beauty-blush-wand\/#primaryimage"},"thumbnailUrl":"https:\/\/vitablanca.ma\/wp-content\/uploads\/2025\/05\/ALLURE_PEACH_BBW_PDP.jpg","datePublished":"2025-05-28T21:29:21+00:00","dateModified":"2025-06-08T21:51:10+00:00","description":"Charlotte Tilbury Pillow talk MATTE BEAUTY BLUSH WAND","breadcrumb":{"@id":"https:\/\/vitablanca.ma\/produit\/charlotte-tilbury-pillow-talk-matte-beauty-blush-wand\/#breadcrumb"},"inLanguage":"en-US","potentialAction":[{"@type":"ReadAction","target":["https:\/\/vitablanca.ma\/produit\/charlotte-tilbury-pillow-talk-matte-beauty-blush-wand\/"]}]},{"@type":"ImageObject","inLanguage":"en-US","@id":"https:\/\/vitablanca.ma\/produit\/charlotte-tilbury-pillow-talk-matte-beauty-blush-wand\/#primaryimage","url":"https:\/\/vitablanca.ma\/wp-content\/uploads\/2025\/05\/ALLURE_PEACH_BBW_PDP.jpg","contentUrl":"https:\/\/vitablanca.ma\/wp-content\/uploads\/2025\/05\/ALLURE_PEACH_BBW_PDP.jpg","width":500,"height":500},{"@type":"BreadcrumbList","@id":"https:\/\/vitablanca.ma\/produit\/charlotte-tilbury-pillow-talk-matte-beauty-blush-wand\/#breadcrumb","itemListElement":[{"@type":"ListItem","position":1,"name":"Home","item":"https:\/\/vitablanca.ma\/"},{"@type":"ListItem","position":2,"name":"Tous Les Produits","item":"https:\/\/vitablanca.ma\/tous-les-produits\/"},{"@type":"ListItem","position":3,"name":"Charlotte Tilbury Pillow talk MATTE BEAUTY BLUSH WAND"}]},{"@type":"WebSite","@id":"https:\/\/vitablanca.ma\/#website","url":"https:\/\/vitablanca.ma\/","name":"VitaBlanca.ma | Food supplements, health &amp; beauty in Morocco","description":"sell premium vitamins and supplements from USA &amp; Canada, New Zealand, Morocco (NOW Foods, Solgar, Manuka). Fast delivery anywhere in Morocco.","publisher":{"@id":"https:\/\/vitablanca.ma\/#organization"},"alternateName":"VitaBlanca.ma","potentialAction":[{"@type":"SearchAction","target":{"@type":"EntryPoint","urlTemplate":"https:\/\/vitablanca.ma\/?s={search_term_string}"},"query-input":{"@type":"PropertyValueSpecification","valueRequired":true,"valueName":"search_term_string"}}],"inLanguage":"en-US"},{"@type":"Organization","@id":"https:\/\/vitablanca.ma\/#organization","name":"VitaBlanca","url":"https:\/\/vitablanca.ma\/","logo":{"@type":"ImageObject","inLanguage":"en-US","@id":"https:\/\/vitablanca.ma\/#\/schema\/logo\/image\/","url":"https:\/\/vitablanca.ma\/wp-content\/uploads\/2025\/05\/cropped-vitablanca.png","contentUrl":"https:\/\/vitablanca.ma\/wp-content\/uploads\/2025\/05\/cropped-vitablanca.png","width":360,"height":67,"caption":"VitaBlanca"},"image":{"@id":"https:\/\/vitablanca.ma\/#\/schema\/logo\/image\/"},"sameAs":["https:\/\/www.facebook.com\/profile.php?id=61576678196717","https:\/\/www.tiktok.com\/@vitablanca.ma","https:\/\/www.instagram.com\/vitablanca.ma\/"]}]}},"jetpack_sharing_enabled":true,"_links":{"self":[{"href":"https:\/\/vitablanca.ma\/en\/wp-json\/wp\/v2\/product\/11932","targetHints":{"allow":["GET"]}}],"collection":[{"href":"https:\/\/vitablanca.ma\/en\/wp-json\/wp\/v2\/product"}],"about":[{"href":"https:\/\/vitablanca.ma\/en\/wp-json\/wp\/v2\/types\/product"}],"wp:featuredmedia":[{"embeddable":true,"href":"https:\/\/vitablanca.ma\/en\/wp-json\/wp\/v2\/media\/11929"}],"wp:attachment":[{"href":"https:\/\/vitablanca.ma\/en\/wp-json\/wp\/v2\/media?parent=11932"}],"wp:term":[{"taxonomy":"product_brand","embeddable":true,"href":"https:\/\/vitablanca.ma\/en\/wp-json\/wp\/v2\/product_brand?post=11932"},{"taxonomy":"product_cat","embeddable":true,"href":"https:\/\/vitablanca.ma\/en\/wp-json\/wp\/v2\/product_cat?post=11932"},{"taxonomy":"product_tag","embeddable":true,"href":"https:\/\/vitablanca.ma\/en\/wp-json\/wp\/v2\/product_tag?post=11932"}],"curies":[{"name":"wp","href":"https:\/\/api.w.org\/{rel}","templated":true}]}}