{"id":11855,"date":"2025-05-28T21:27:41","date_gmt":"2025-05-28T21:27:41","guid":{"rendered":"https:\/\/vitablanca.ma\/product\/too-faced-cloud-crush-colorete-sedoso-blush\/"},"modified":"2025-05-28T21:27:42","modified_gmt":"2025-05-28T21:27:42","slug":"too-faced-cloud-crush-colorete-sedoso-blush","status":"publish","type":"product","link":"https:\/\/vitablanca.ma\/en\/product\/too-faced-cloud-crush-colorete-sedoso-blush\/","title":{"rendered":"TOO FACED Cloud Crush \u2013 Colorete sedoso Blush"},"content":{"rendered":"<p><span><br \/>Ajoutez un peu de couleur aux joues avec TOO FACED Cloud Crush \u2013 Colorete sedoso Blush. Infus\u00e9 avec des extraits de fleurs, ce fard \u00e0 joues doux et luxueux offre une teinte naturelle et rajeunissante pour un effet flout\u00e9 et une sensation de seconde peau. Avec 6 nuances uniques et une formule \u00e0 93% d\u2019ingr\u00e9dients naturels, c\u2019est le r\u00eave pour les peaux sensibles. Parfum tropical plage inclus !<\/span><\/p>","protected":false},"excerpt":{"rendered":"<p>Ajoutez un peu de couleur aux joues avec TOO FACED Cloud Crush \u2013 Colorete sedoso Blush. Infus\u00e9 avec des extraits de fleurs, ce fard \u00e0 joues doux et luxueux offre une teinte naturelle et rajeunissante pour un effet flout\u00e9 et une sensation de seconde peau. Avec 6 nuances uniques et une formule \u00e0 93% d\u2019ingr\u00e9dients [&hellip;]<\/p>\n","protected":false},"featured_media":11847,"template":"","meta":{"om_disable_all_campaigns":false},"product_brand":[],"product_cat":[15],"product_tag":[],"class_list":{"0":"post-11855","1":"product","2":"type-product","3":"status-publish","4":"has-post-thumbnail","6":"product_cat-beaute-sante-complements-alimentaires-soins-et-bien-etre-au-meilleur-prix","8":"first","9":"instock","10":"taxable","11":"shipping-taxable","12":"purchasable","13":"product-type-variable"},"yoast_head":"<!-- This site is optimized with the Yoast SEO plugin v27.5 - https:\/\/yoast.com\/product\/yoast-seo-wordpress\/ -->\n<title>TOO FACED Cloud Crush - Colorete sedoso Blush - Maroc Prix<\/title>\n<meta name=\"description\" content=\"TOO FACED Cloud Crush - Colorete sedoso Blush\" \/>\n<meta name=\"robots\" content=\"index, follow, max-snippet:-1, max-image-preview:large, max-video-preview:-1\" \/>\n<link rel=\"canonical\" href=\"https:\/\/vitablanca.ma\/en\/product\/too-faced-cloud-crush-colorete-sedoso-blush\/\" \/>\n<meta property=\"og:locale\" content=\"en_US\" \/>\n<meta property=\"og:type\" content=\"article\" \/>\n<meta property=\"og:title\" content=\"TOO FACED Cloud Crush - Colorete sedoso Blush - Maroc Prix\" \/>\n<meta property=\"og:description\" content=\"TOO FACED Cloud Crush - Colorete sedoso Blush\" \/>\n<meta property=\"og:url\" content=\"https:\/\/vitablanca.ma\/en\/product\/too-faced-cloud-crush-colorete-sedoso-blush\/\" \/>\n<meta property=\"og:site_name\" content=\"Vitablanca.ma &ndash; Sant&eacute;, vitalit&eacute; et bien-&ecirc;tre pour tous les Marocains\" \/>\n<meta property=\"article:publisher\" content=\"https:\/\/www.facebook.com\/profile.php?id=61576678196717\" \/>\n<meta property=\"article:modified_time\" content=\"2025-05-28T21:27:42+00:00\" \/>\n<meta property=\"og:image\" content=\"https:\/\/vitablanca.ma\/wp-content\/uploads\/2025\/05\/3930100D-5049-4E46-AB74-2F0E9DEDFBF0.jpg\" \/>\n\t<meta property=\"og:image:width\" content=\"1500\" \/>\n\t<meta property=\"og:image:height\" content=\"1500\" \/>\n\t<meta property=\"og:image:type\" content=\"image\/jpeg\" \/>\n<meta name=\"twitter:card\" content=\"summary_large_image\" \/>\n<script type=\"application\/ld+json\" class=\"yoast-schema-graph\">{\"@context\":\"https:\\\/\\\/schema.org\",\"@graph\":[{\"@type\":[\"WebPage\",\"ItemPage\"],\"@id\":\"https:\\\/\\\/vitablanca.ma\\\/produit\\\/too-faced-cloud-crush-colorete-sedoso-blush\\\/\",\"url\":\"https:\\\/\\\/vitablanca.ma\\\/produit\\\/too-faced-cloud-crush-colorete-sedoso-blush\\\/\",\"name\":\"TOO FACED Cloud Crush - Colorete sedoso Blush - Maroc Prix\",\"isPartOf\":{\"@id\":\"https:\\\/\\\/vitablanca.ma\\\/#website\"},\"primaryImageOfPage\":{\"@id\":\"https:\\\/\\\/vitablanca.ma\\\/produit\\\/too-faced-cloud-crush-colorete-sedoso-blush\\\/#primaryimage\"},\"image\":{\"@id\":\"https:\\\/\\\/vitablanca.ma\\\/produit\\\/too-faced-cloud-crush-colorete-sedoso-blush\\\/#primaryimage\"},\"thumbnailUrl\":\"https:\\\/\\\/vitablanca.ma\\\/wp-content\\\/uploads\\\/2025\\\/05\\\/3930100D-5049-4E46-AB74-2F0E9DEDFBF0.jpg\",\"datePublished\":\"2025-05-28T21:27:41+00:00\",\"dateModified\":\"2025-05-28T21:27:42+00:00\",\"description\":\"TOO FACED Cloud Crush - Colorete sedoso Blush\",\"breadcrumb\":{\"@id\":\"https:\\\/\\\/vitablanca.ma\\\/produit\\\/too-faced-cloud-crush-colorete-sedoso-blush\\\/#breadcrumb\"},\"inLanguage\":\"en-US\",\"potentialAction\":[{\"@type\":\"ReadAction\",\"target\":[\"https:\\\/\\\/vitablanca.ma\\\/produit\\\/too-faced-cloud-crush-colorete-sedoso-blush\\\/\"]}]},{\"@type\":\"ImageObject\",\"inLanguage\":\"en-US\",\"@id\":\"https:\\\/\\\/vitablanca.ma\\\/produit\\\/too-faced-cloud-crush-colorete-sedoso-blush\\\/#primaryimage\",\"url\":\"https:\\\/\\\/vitablanca.ma\\\/wp-content\\\/uploads\\\/2025\\\/05\\\/3930100D-5049-4E46-AB74-2F0E9DEDFBF0.jpg\",\"contentUrl\":\"https:\\\/\\\/vitablanca.ma\\\/wp-content\\\/uploads\\\/2025\\\/05\\\/3930100D-5049-4E46-AB74-2F0E9DEDFBF0.jpg\",\"width\":1500,\"height\":1500},{\"@type\":\"BreadcrumbList\",\"@id\":\"https:\\\/\\\/vitablanca.ma\\\/produit\\\/too-faced-cloud-crush-colorete-sedoso-blush\\\/#breadcrumb\",\"itemListElement\":[{\"@type\":\"ListItem\",\"position\":1,\"name\":\"Home\",\"item\":\"https:\\\/\\\/vitablanca.ma\\\/\"},{\"@type\":\"ListItem\",\"position\":2,\"name\":\"Tous Les Produits\",\"item\":\"https:\\\/\\\/vitablanca.ma\\\/tous-les-produits\\\/\"},{\"@type\":\"ListItem\",\"position\":3,\"name\":\"TOO FACED Cloud Crush &#8211; Colorete sedoso Blush\"}]},{\"@type\":\"WebSite\",\"@id\":\"https:\\\/\\\/vitablanca.ma\\\/#website\",\"url\":\"https:\\\/\\\/vitablanca.ma\\\/\",\"name\":\"VitaBlanca.ma | Compl\u00e9ments alimentaires, sant\u00e9 & beaut\u00e9 au Maroc\",\"description\":\"vendre vitamines et compl\u00e9ments premium des USA &amp; Canada, Nouvelle Z\u00e9lande,Maroc (NOW Foods, Solgar, Manuka). Livraison rapide partout au Maroc.\",\"publisher\":{\"@id\":\"https:\\\/\\\/vitablanca.ma\\\/#organization\"},\"alternateName\":\"VitaBlanca.ma\",\"potentialAction\":[{\"@type\":\"SearchAction\",\"target\":{\"@type\":\"EntryPoint\",\"urlTemplate\":\"https:\\\/\\\/vitablanca.ma\\\/?s={search_term_string}\"},\"query-input\":{\"@type\":\"PropertyValueSpecification\",\"valueRequired\":true,\"valueName\":\"search_term_string\"}}],\"inLanguage\":\"en-US\"},{\"@type\":\"Organization\",\"@id\":\"https:\\\/\\\/vitablanca.ma\\\/#organization\",\"name\":\"VitaBlanca\",\"url\":\"https:\\\/\\\/vitablanca.ma\\\/\",\"logo\":{\"@type\":\"ImageObject\",\"inLanguage\":\"en-US\",\"@id\":\"https:\\\/\\\/vitablanca.ma\\\/#\\\/schema\\\/logo\\\/image\\\/\",\"url\":\"https:\\\/\\\/vitablanca.ma\\\/wp-content\\\/uploads\\\/2025\\\/05\\\/cropped-vitablanca.png\",\"contentUrl\":\"https:\\\/\\\/vitablanca.ma\\\/wp-content\\\/uploads\\\/2025\\\/05\\\/cropped-vitablanca.png\",\"width\":360,\"height\":67,\"caption\":\"VitaBlanca\"},\"image\":{\"@id\":\"https:\\\/\\\/vitablanca.ma\\\/#\\\/schema\\\/logo\\\/image\\\/\"},\"sameAs\":[\"https:\\\/\\\/www.facebook.com\\\/profile.php?id=61576678196717\",\"https:\\\/\\\/www.tiktok.com\\\/@vitablanca.ma\",\"https:\\\/\\\/www.instagram.com\\\/vitablanca.ma\\\/\"]}]}<\/script>\n<!-- \/ Yoast SEO plugin. -->","yoast_head_json":{"title":"TOO FACED Cloud Crush - Colorete sedoso Blush - Morocco Price","description":"TOO FACED Cloud Crush - Colorete sedoso Blush","robots":{"index":"index","follow":"follow","max-snippet":"max-snippet:-1","max-image-preview":"max-image-preview:large","max-video-preview":"max-video-preview:-1"},"canonical":"https:\/\/vitablanca.ma\/en\/product\/too-faced-cloud-crush-colorete-sedoso-blush\/","og_locale":"en_US","og_type":"article","og_title":"TOO FACED Cloud Crush - Colorete sedoso Blush - Maroc Prix","og_description":"TOO FACED Cloud Crush - Colorete sedoso Blush","og_url":"https:\/\/vitablanca.ma\/en\/product\/too-faced-cloud-crush-colorete-sedoso-blush\/","og_site_name":"Vitablanca.ma &ndash; Sant&eacute;, vitalit&eacute; et bien-&ecirc;tre pour tous les Marocains","article_publisher":"https:\/\/www.facebook.com\/profile.php?id=61576678196717","article_modified_time":"2025-05-28T21:27:42+00:00","og_image":[{"width":1500,"height":1500,"url":"https:\/\/vitablanca.ma\/wp-content\/uploads\/2025\/05\/3930100D-5049-4E46-AB74-2F0E9DEDFBF0.jpg","type":"image\/jpeg"}],"twitter_card":"summary_large_image","schema":{"@context":"https:\/\/schema.org","@graph":[{"@type":["WebPage","ItemPage"],"@id":"https:\/\/vitablanca.ma\/produit\/too-faced-cloud-crush-colorete-sedoso-blush\/","url":"https:\/\/vitablanca.ma\/produit\/too-faced-cloud-crush-colorete-sedoso-blush\/","name":"TOO FACED Cloud Crush - Colorete sedoso Blush - Morocco Price","isPartOf":{"@id":"https:\/\/vitablanca.ma\/#website"},"primaryImageOfPage":{"@id":"https:\/\/vitablanca.ma\/produit\/too-faced-cloud-crush-colorete-sedoso-blush\/#primaryimage"},"image":{"@id":"https:\/\/vitablanca.ma\/produit\/too-faced-cloud-crush-colorete-sedoso-blush\/#primaryimage"},"thumbnailUrl":"https:\/\/vitablanca.ma\/wp-content\/uploads\/2025\/05\/3930100D-5049-4E46-AB74-2F0E9DEDFBF0.jpg","datePublished":"2025-05-28T21:27:41+00:00","dateModified":"2025-05-28T21:27:42+00:00","description":"TOO FACED Cloud Crush - Colorete sedoso Blush","breadcrumb":{"@id":"https:\/\/vitablanca.ma\/produit\/too-faced-cloud-crush-colorete-sedoso-blush\/#breadcrumb"},"inLanguage":"en-US","potentialAction":[{"@type":"ReadAction","target":["https:\/\/vitablanca.ma\/produit\/too-faced-cloud-crush-colorete-sedoso-blush\/"]}]},{"@type":"ImageObject","inLanguage":"en-US","@id":"https:\/\/vitablanca.ma\/produit\/too-faced-cloud-crush-colorete-sedoso-blush\/#primaryimage","url":"https:\/\/vitablanca.ma\/wp-content\/uploads\/2025\/05\/3930100D-5049-4E46-AB74-2F0E9DEDFBF0.jpg","contentUrl":"https:\/\/vitablanca.ma\/wp-content\/uploads\/2025\/05\/3930100D-5049-4E46-AB74-2F0E9DEDFBF0.jpg","width":1500,"height":1500},{"@type":"BreadcrumbList","@id":"https:\/\/vitablanca.ma\/produit\/too-faced-cloud-crush-colorete-sedoso-blush\/#breadcrumb","itemListElement":[{"@type":"ListItem","position":1,"name":"Home","item":"https:\/\/vitablanca.ma\/"},{"@type":"ListItem","position":2,"name":"Tous Les Produits","item":"https:\/\/vitablanca.ma\/tous-les-produits\/"},{"@type":"ListItem","position":3,"name":"TOO FACED Cloud Crush &#8211; Colorete sedoso Blush"}]},{"@type":"WebSite","@id":"https:\/\/vitablanca.ma\/#website","url":"https:\/\/vitablanca.ma\/","name":"VitaBlanca.ma | Food supplements, health &amp; beauty in Morocco","description":"sell premium vitamins and supplements from USA &amp; Canada, New Zealand, Morocco (NOW Foods, Solgar, Manuka). Fast delivery anywhere in Morocco.","publisher":{"@id":"https:\/\/vitablanca.ma\/#organization"},"alternateName":"VitaBlanca.ma","potentialAction":[{"@type":"SearchAction","target":{"@type":"EntryPoint","urlTemplate":"https:\/\/vitablanca.ma\/?s={search_term_string}"},"query-input":{"@type":"PropertyValueSpecification","valueRequired":true,"valueName":"search_term_string"}}],"inLanguage":"en-US"},{"@type":"Organization","@id":"https:\/\/vitablanca.ma\/#organization","name":"VitaBlanca","url":"https:\/\/vitablanca.ma\/","logo":{"@type":"ImageObject","inLanguage":"en-US","@id":"https:\/\/vitablanca.ma\/#\/schema\/logo\/image\/","url":"https:\/\/vitablanca.ma\/wp-content\/uploads\/2025\/05\/cropped-vitablanca.png","contentUrl":"https:\/\/vitablanca.ma\/wp-content\/uploads\/2025\/05\/cropped-vitablanca.png","width":360,"height":67,"caption":"VitaBlanca"},"image":{"@id":"https:\/\/vitablanca.ma\/#\/schema\/logo\/image\/"},"sameAs":["https:\/\/www.facebook.com\/profile.php?id=61576678196717","https:\/\/www.tiktok.com\/@vitablanca.ma","https:\/\/www.instagram.com\/vitablanca.ma\/"]}]}},"jetpack_sharing_enabled":true,"_links":{"self":[{"href":"https:\/\/vitablanca.ma\/en\/wp-json\/wp\/v2\/product\/11855","targetHints":{"allow":["GET"]}}],"collection":[{"href":"https:\/\/vitablanca.ma\/en\/wp-json\/wp\/v2\/product"}],"about":[{"href":"https:\/\/vitablanca.ma\/en\/wp-json\/wp\/v2\/types\/product"}],"wp:featuredmedia":[{"embeddable":true,"href":"https:\/\/vitablanca.ma\/en\/wp-json\/wp\/v2\/media\/11847"}],"wp:attachment":[{"href":"https:\/\/vitablanca.ma\/en\/wp-json\/wp\/v2\/media?parent=11855"}],"wp:term":[{"taxonomy":"product_brand","embeddable":true,"href":"https:\/\/vitablanca.ma\/en\/wp-json\/wp\/v2\/product_brand?post=11855"},{"taxonomy":"product_cat","embeddable":true,"href":"https:\/\/vitablanca.ma\/en\/wp-json\/wp\/v2\/product_cat?post=11855"},{"taxonomy":"product_tag","embeddable":true,"href":"https:\/\/vitablanca.ma\/en\/wp-json\/wp\/v2\/product_tag?post=11855"}],"curies":[{"name":"wp","href":"https:\/\/api.w.org\/{rel}","templated":true}]}}