{"id":11792,"date":"2025-05-28T21:26:43","date_gmt":"2025-05-28T21:26:43","guid":{"rendered":"https:\/\/vitablanca.ma\/product\/babaria-gelee-bronzante-exotic-bronze-coco\/"},"modified":"2025-05-28T21:26:43","modified_gmt":"2025-05-28T21:26:43","slug":"babaria-gelee-bronzante-exotic-bronze-coco","status":"publish","type":"product","link":"https:\/\/vitablanca.ma\/en\/product\/babaria-gelee-bronzante-exotic-bronze-coco\/","title":{"rendered":"Babaria \u2013 Exotic Bronze Bronzing Jelly \u2013 Coconut"},"content":{"rendered":"<p>Babaria Exotic Bronze Coconut Tanning Gel SPF0.<\/p>\n<p>\u00a0<\/p>\n<p>An ideal gelatin for achieving an intense, exotic and golden tan.<\/p>\n<p>\u00a0<\/p>\n<p>Formul\u00e9 avec de l\u2019huile de noix de coco, une excellente huile de massage pour la peau, qui agit comme un hydratant super efficace sur tous les types de peau.<\/p>\n<p>\u00a0<\/p>\n<p>In this jelly it is used as a bronzer.<\/p>\n<p>\u00a0<\/p>\n<p>R\u00e9sistant \u00e0 l\u2019eau et avec un parfum incroyable de noix de coco<\/p>","protected":false},"excerpt":{"rendered":"<p>G\u00e9latine de bronzage \u00e0 la noix de coco Babaria Exotic Bronze SPF0. \u00a0 Une g\u00e9latine id\u00e9ale pour obtenir un bronzage intense, exotique et dor\u00e9. \u00a0 Formul\u00e9 avec de l\u2019huile de noix de coco, une excellente huile de massage pour la peau, qui agit comme un hydratant super efficace sur tous les types de peau. \u00a0 [&hellip;]<\/p>\n","protected":false},"featured_media":11790,"template":"","meta":{"om_disable_all_campaigns":false},"product_brand":[],"product_cat":[15],"product_tag":[],"class_list":{"0":"post-11792","1":"product","2":"type-product","3":"status-publish","4":"has-post-thumbnail","6":"product_cat-beaute-sante-complements-alimentaires-soins-et-bien-etre-au-meilleur-prix","8":"first","9":"instock","10":"taxable","11":"shipping-taxable","12":"purchasable","13":"product-type-simple"},"yoast_head":"<!-- This site is optimized with the Yoast SEO plugin v27.5 - https:\/\/yoast.com\/product\/yoast-seo-wordpress\/ -->\n<title>Babaria - Gel\u00e9e Bronzante Exotic Bronze - Coco - Maroc Prix<\/title>\n<meta name=\"description\" content=\"Babaria - Gel\u00e9e Bronzante Exotic Bronze - Coco\" \/>\n<meta name=\"robots\" content=\"index, follow, max-snippet:-1, max-image-preview:large, max-video-preview:-1\" \/>\n<link rel=\"canonical\" href=\"https:\/\/vitablanca.ma\/en\/product\/babaria-gelee-bronzante-exotic-bronze-coco\/\" \/>\n<meta property=\"og:locale\" content=\"en_US\" \/>\n<meta property=\"og:type\" content=\"article\" \/>\n<meta property=\"og:title\" content=\"Babaria - Gel\u00e9e Bronzante Exotic Bronze - Coco - Maroc Prix\" \/>\n<meta property=\"og:description\" content=\"Babaria - Gel\u00e9e Bronzante Exotic Bronze - Coco\" \/>\n<meta property=\"og:url\" content=\"https:\/\/vitablanca.ma\/en\/product\/babaria-gelee-bronzante-exotic-bronze-coco\/\" \/>\n<meta property=\"og:site_name\" content=\"Vitablanca.ma &ndash; Sant&eacute;, vitalit&eacute; et bien-&ecirc;tre pour tous les Marocains\" \/>\n<meta property=\"article:publisher\" content=\"https:\/\/www.facebook.com\/profile.php?id=61576678196717\" \/>\n<meta property=\"og:image\" content=\"https:\/\/vitablanca.ma\/wp-content\/uploads\/2025\/05\/gelatina-solar-coco-babaria-bronze-3-2.png\" \/>\n\t<meta property=\"og:image:width\" content=\"1200\" \/>\n\t<meta property=\"og:image:height\" content=\"1200\" \/>\n\t<meta property=\"og:image:type\" content=\"image\/png\" \/>\n<meta name=\"twitter:card\" content=\"summary_large_image\" \/>\n<script type=\"application\/ld+json\" class=\"yoast-schema-graph\">{\"@context\":\"https:\\\/\\\/schema.org\",\"@graph\":[{\"@type\":[\"WebPage\",\"ItemPage\"],\"@id\":\"https:\\\/\\\/vitablanca.ma\\\/produit\\\/babaria-gelee-bronzante-exotic-bronze-coco\\\/\",\"url\":\"https:\\\/\\\/vitablanca.ma\\\/produit\\\/babaria-gelee-bronzante-exotic-bronze-coco\\\/\",\"name\":\"Babaria - Gel\u00e9e Bronzante Exotic Bronze - Coco - Maroc Prix\",\"isPartOf\":{\"@id\":\"https:\\\/\\\/vitablanca.ma\\\/#website\"},\"primaryImageOfPage\":{\"@id\":\"https:\\\/\\\/vitablanca.ma\\\/produit\\\/babaria-gelee-bronzante-exotic-bronze-coco\\\/#primaryimage\"},\"image\":{\"@id\":\"https:\\\/\\\/vitablanca.ma\\\/produit\\\/babaria-gelee-bronzante-exotic-bronze-coco\\\/#primaryimage\"},\"thumbnailUrl\":\"https:\\\/\\\/vitablanca.ma\\\/wp-content\\\/uploads\\\/2025\\\/05\\\/gelatina-solar-coco-babaria-bronze-3-2.png\",\"datePublished\":\"2025-05-28T21:26:43+00:00\",\"description\":\"Babaria - Gel\u00e9e Bronzante Exotic Bronze - Coco\",\"breadcrumb\":{\"@id\":\"https:\\\/\\\/vitablanca.ma\\\/produit\\\/babaria-gelee-bronzante-exotic-bronze-coco\\\/#breadcrumb\"},\"inLanguage\":\"en-US\",\"potentialAction\":[{\"@type\":\"ReadAction\",\"target\":[\"https:\\\/\\\/vitablanca.ma\\\/produit\\\/babaria-gelee-bronzante-exotic-bronze-coco\\\/\"]}]},{\"@type\":\"ImageObject\",\"inLanguage\":\"en-US\",\"@id\":\"https:\\\/\\\/vitablanca.ma\\\/produit\\\/babaria-gelee-bronzante-exotic-bronze-coco\\\/#primaryimage\",\"url\":\"https:\\\/\\\/vitablanca.ma\\\/wp-content\\\/uploads\\\/2025\\\/05\\\/gelatina-solar-coco-babaria-bronze-3-2.png\",\"contentUrl\":\"https:\\\/\\\/vitablanca.ma\\\/wp-content\\\/uploads\\\/2025\\\/05\\\/gelatina-solar-coco-babaria-bronze-3-2.png\",\"width\":1200,\"height\":1200},{\"@type\":\"BreadcrumbList\",\"@id\":\"https:\\\/\\\/vitablanca.ma\\\/produit\\\/babaria-gelee-bronzante-exotic-bronze-coco\\\/#breadcrumb\",\"itemListElement\":[{\"@type\":\"ListItem\",\"position\":1,\"name\":\"Home\",\"item\":\"https:\\\/\\\/vitablanca.ma\\\/\"},{\"@type\":\"ListItem\",\"position\":2,\"name\":\"Tous Les Produits\",\"item\":\"https:\\\/\\\/vitablanca.ma\\\/tous-les-produits\\\/\"},{\"@type\":\"ListItem\",\"position\":3,\"name\":\"Babaria &#8211; Gel\u00e9e Bronzante Exotic Bronze &#8211; Coco\"}]},{\"@type\":\"WebSite\",\"@id\":\"https:\\\/\\\/vitablanca.ma\\\/#website\",\"url\":\"https:\\\/\\\/vitablanca.ma\\\/\",\"name\":\"VitaBlanca.ma | Compl\u00e9ments alimentaires, sant\u00e9 & beaut\u00e9 au Maroc\",\"description\":\"vendre vitamines et compl\u00e9ments premium des USA &amp; Canada, Nouvelle Z\u00e9lande,Maroc (NOW Foods, Solgar, Manuka). Livraison rapide partout au Maroc.\",\"publisher\":{\"@id\":\"https:\\\/\\\/vitablanca.ma\\\/#organization\"},\"alternateName\":\"VitaBlanca.ma\",\"potentialAction\":[{\"@type\":\"SearchAction\",\"target\":{\"@type\":\"EntryPoint\",\"urlTemplate\":\"https:\\\/\\\/vitablanca.ma\\\/?s={search_term_string}\"},\"query-input\":{\"@type\":\"PropertyValueSpecification\",\"valueRequired\":true,\"valueName\":\"search_term_string\"}}],\"inLanguage\":\"en-US\"},{\"@type\":\"Organization\",\"@id\":\"https:\\\/\\\/vitablanca.ma\\\/#organization\",\"name\":\"VitaBlanca\",\"url\":\"https:\\\/\\\/vitablanca.ma\\\/\",\"logo\":{\"@type\":\"ImageObject\",\"inLanguage\":\"en-US\",\"@id\":\"https:\\\/\\\/vitablanca.ma\\\/#\\\/schema\\\/logo\\\/image\\\/\",\"url\":\"https:\\\/\\\/vitablanca.ma\\\/wp-content\\\/uploads\\\/2025\\\/05\\\/cropped-vitablanca.png\",\"contentUrl\":\"https:\\\/\\\/vitablanca.ma\\\/wp-content\\\/uploads\\\/2025\\\/05\\\/cropped-vitablanca.png\",\"width\":360,\"height\":67,\"caption\":\"VitaBlanca\"},\"image\":{\"@id\":\"https:\\\/\\\/vitablanca.ma\\\/#\\\/schema\\\/logo\\\/image\\\/\"},\"sameAs\":[\"https:\\\/\\\/www.facebook.com\\\/profile.php?id=61576678196717\",\"https:\\\/\\\/www.tiktok.com\\\/@vitablanca.ma\",\"https:\\\/\\\/www.instagram.com\\\/vitablanca.ma\\\/\"]}]}<\/script>\n<!-- \/ Yoast SEO plugin. -->","yoast_head_json":{"title":"Babaria - Exotic Bronze Bronzing Jelly - Coconut - Morocco Price","description":"Babaria - Exotic Bronze Bronzing Jelly - Coconut","robots":{"index":"index","follow":"follow","max-snippet":"max-snippet:-1","max-image-preview":"max-image-preview:large","max-video-preview":"max-video-preview:-1"},"canonical":"https:\/\/vitablanca.ma\/en\/product\/babaria-gelee-bronzante-exotic-bronze-coco\/","og_locale":"en_US","og_type":"article","og_title":"Babaria - Gel\u00e9e Bronzante Exotic Bronze - Coco - Maroc Prix","og_description":"Babaria - Gel\u00e9e Bronzante Exotic Bronze - Coco","og_url":"https:\/\/vitablanca.ma\/en\/product\/babaria-gelee-bronzante-exotic-bronze-coco\/","og_site_name":"Vitablanca.ma &ndash; Sant&eacute;, vitalit&eacute; et bien-&ecirc;tre pour tous les Marocains","article_publisher":"https:\/\/www.facebook.com\/profile.php?id=61576678196717","og_image":[{"width":1200,"height":1200,"url":"https:\/\/vitablanca.ma\/wp-content\/uploads\/2025\/05\/gelatina-solar-coco-babaria-bronze-3-2.png","type":"image\/png"}],"twitter_card":"summary_large_image","schema":{"@context":"https:\/\/schema.org","@graph":[{"@type":["WebPage","ItemPage"],"@id":"https:\/\/vitablanca.ma\/produit\/babaria-gelee-bronzante-exotic-bronze-coco\/","url":"https:\/\/vitablanca.ma\/produit\/babaria-gelee-bronzante-exotic-bronze-coco\/","name":"Babaria - Exotic Bronze Bronzing Jelly - Coconut - Morocco Price","isPartOf":{"@id":"https:\/\/vitablanca.ma\/#website"},"primaryImageOfPage":{"@id":"https:\/\/vitablanca.ma\/produit\/babaria-gelee-bronzante-exotic-bronze-coco\/#primaryimage"},"image":{"@id":"https:\/\/vitablanca.ma\/produit\/babaria-gelee-bronzante-exotic-bronze-coco\/#primaryimage"},"thumbnailUrl":"https:\/\/vitablanca.ma\/wp-content\/uploads\/2025\/05\/gelatina-solar-coco-babaria-bronze-3-2.png","datePublished":"2025-05-28T21:26:43+00:00","description":"Babaria - Exotic Bronze Bronzing Jelly - Coconut","breadcrumb":{"@id":"https:\/\/vitablanca.ma\/produit\/babaria-gelee-bronzante-exotic-bronze-coco\/#breadcrumb"},"inLanguage":"en-US","potentialAction":[{"@type":"ReadAction","target":["https:\/\/vitablanca.ma\/produit\/babaria-gelee-bronzante-exotic-bronze-coco\/"]}]},{"@type":"ImageObject","inLanguage":"en-US","@id":"https:\/\/vitablanca.ma\/produit\/babaria-gelee-bronzante-exotic-bronze-coco\/#primaryimage","url":"https:\/\/vitablanca.ma\/wp-content\/uploads\/2025\/05\/gelatina-solar-coco-babaria-bronze-3-2.png","contentUrl":"https:\/\/vitablanca.ma\/wp-content\/uploads\/2025\/05\/gelatina-solar-coco-babaria-bronze-3-2.png","width":1200,"height":1200},{"@type":"BreadcrumbList","@id":"https:\/\/vitablanca.ma\/produit\/babaria-gelee-bronzante-exotic-bronze-coco\/#breadcrumb","itemListElement":[{"@type":"ListItem","position":1,"name":"Home","item":"https:\/\/vitablanca.ma\/"},{"@type":"ListItem","position":2,"name":"Tous Les Produits","item":"https:\/\/vitablanca.ma\/tous-les-produits\/"},{"@type":"ListItem","position":3,"name":"Babaria &#8211; Gel\u00e9e Bronzante Exotic Bronze &#8211; Coco"}]},{"@type":"WebSite","@id":"https:\/\/vitablanca.ma\/#website","url":"https:\/\/vitablanca.ma\/","name":"VitaBlanca.ma | Food supplements, health &amp; beauty in Morocco","description":"sell premium vitamins and supplements from USA &amp; Canada, New Zealand, Morocco (NOW Foods, Solgar, Manuka). Fast delivery anywhere in Morocco.","publisher":{"@id":"https:\/\/vitablanca.ma\/#organization"},"alternateName":"VitaBlanca.ma","potentialAction":[{"@type":"SearchAction","target":{"@type":"EntryPoint","urlTemplate":"https:\/\/vitablanca.ma\/?s={search_term_string}"},"query-input":{"@type":"PropertyValueSpecification","valueRequired":true,"valueName":"search_term_string"}}],"inLanguage":"en-US"},{"@type":"Organization","@id":"https:\/\/vitablanca.ma\/#organization","name":"VitaBlanca","url":"https:\/\/vitablanca.ma\/","logo":{"@type":"ImageObject","inLanguage":"en-US","@id":"https:\/\/vitablanca.ma\/#\/schema\/logo\/image\/","url":"https:\/\/vitablanca.ma\/wp-content\/uploads\/2025\/05\/cropped-vitablanca.png","contentUrl":"https:\/\/vitablanca.ma\/wp-content\/uploads\/2025\/05\/cropped-vitablanca.png","width":360,"height":67,"caption":"VitaBlanca"},"image":{"@id":"https:\/\/vitablanca.ma\/#\/schema\/logo\/image\/"},"sameAs":["https:\/\/www.facebook.com\/profile.php?id=61576678196717","https:\/\/www.tiktok.com\/@vitablanca.ma","https:\/\/www.instagram.com\/vitablanca.ma\/"]}]}},"jetpack_sharing_enabled":true,"_links":{"self":[{"href":"https:\/\/vitablanca.ma\/en\/wp-json\/wp\/v2\/product\/11792","targetHints":{"allow":["GET"]}}],"collection":[{"href":"https:\/\/vitablanca.ma\/en\/wp-json\/wp\/v2\/product"}],"about":[{"href":"https:\/\/vitablanca.ma\/en\/wp-json\/wp\/v2\/types\/product"}],"wp:featuredmedia":[{"embeddable":true,"href":"https:\/\/vitablanca.ma\/en\/wp-json\/wp\/v2\/media\/11790"}],"wp:attachment":[{"href":"https:\/\/vitablanca.ma\/en\/wp-json\/wp\/v2\/media?parent=11792"}],"wp:term":[{"taxonomy":"product_brand","embeddable":true,"href":"https:\/\/vitablanca.ma\/en\/wp-json\/wp\/v2\/product_brand?post=11792"},{"taxonomy":"product_cat","embeddable":true,"href":"https:\/\/vitablanca.ma\/en\/wp-json\/wp\/v2\/product_cat?post=11792"},{"taxonomy":"product_tag","embeddable":true,"href":"https:\/\/vitablanca.ma\/en\/wp-json\/wp\/v2\/product_tag?post=11792"}],"curies":[{"name":"wp","href":"https:\/\/api.w.org\/{rel}","templated":true}]}}