{"id":11650,"date":"2025-05-28T21:24:53","date_gmt":"2025-05-28T21:24:53","guid":{"rendered":"https:\/\/vitablanca.ma\/product\/viva-look-lentilles-de-contact-hebdomadaires-7-jours\/"},"modified":"2025-05-28T21:24:55","modified_gmt":"2025-05-28T21:24:55","slug":"viva-look-lentilles-de-contact-hebdomadaires-7-jours","status":"publish","type":"product","link":"https:\/\/vitablanca.ma\/en\/product\/viva-look-lentilles-de-contact-hebdomadaires-7-jours\/","title":{"rendered":"Viva Look Weekly Contact Lenses \u2013 7 Days"},"content":{"rendered":"<p>Get ready for a whole new you. It&#039;s time to try these\u00a0<strong>Vivalook Contact Lenses<\/strong>.<\/p>\n<p>For the most comfortable contact lenses, weekly lenses are among the best you can buy; these super soft lenses are the ones worth trying. Featuring a high water content, they&#039;ll be comfortable for trouble-free daily wear, while making jaws drop with these Vivalook contact lenses.<\/p>\n<p>Try a new look today with this style of\u00a0<strong>Vivalook weekly eye lenses<\/strong>!<\/p>\n<p><strong>Essential Info on Contact Lenses:<\/strong><\/p>\n<ul>\n<li>For Cosmetic Use Only<\/li>\n<li>Does not impair visibility<\/li>\n<li>Suitable for Daily Use \/ Single Use Only<\/li>\n<li>Lasts 7 days once opened<\/li>\n<li>Preserved in sterile buffered saline solution<\/li>\n<\/ul>","protected":false},"excerpt":{"rendered":"<p>Pr\u00e9parez-vous pour un tout nouveau vous. Il est temps d\u2019essayer ces\u00a0Lentilles de Contact Vivalook. Pour les lentilles de contact les plus confortables, les lentilles hebdomadaires sont parmi les meilleures que vous puissiez acheter; ces lentilles super douces sont celles qui m\u00e9ritent d\u2019\u00eatre essay\u00e9es. Dot\u00e9es d\u2019une forte teneur en eau, elles seront confortables pour une utilisation [&hellip;]<\/p>\n","protected":false},"featured_media":11626,"template":"","meta":{"om_disable_all_campaigns":false},"product_brand":[],"product_cat":[15],"product_tag":[],"class_list":{"0":"post-11650","1":"product","2":"type-product","3":"status-publish","4":"has-post-thumbnail","6":"product_cat-beaute-sante-complements-alimentaires-soins-et-bien-etre-au-meilleur-prix","8":"first","9":"instock","10":"taxable","11":"shipping-taxable","12":"purchasable","13":"product-type-variable"},"yoast_head":"<!-- This site is optimized with the Yoast SEO plugin v27.4 - https:\/\/yoast.com\/product\/yoast-seo-wordpress\/ -->\n<title>Viva Look Lentilles de contact hebdomadaires \u2013 7 jours - Maroc Prix<\/title>\n<meta name=\"description\" content=\"Viva Look Lentilles de contact hebdomadaires \u2013 7 jours\" \/>\n<meta name=\"robots\" content=\"index, follow, max-snippet:-1, max-image-preview:large, max-video-preview:-1\" \/>\n<link rel=\"canonical\" href=\"https:\/\/vitablanca.ma\/en\/product\/viva-look-lentilles-de-contact-hebdomadaires-7-jours\/\" \/>\n<meta property=\"og:locale\" content=\"en_US\" \/>\n<meta property=\"og:type\" content=\"article\" \/>\n<meta property=\"og:title\" content=\"Viva Look Lentilles de contact hebdomadaires \u2013 7 jours - Maroc Prix\" \/>\n<meta property=\"og:description\" content=\"Viva Look Lentilles de contact hebdomadaires \u2013 7 jours\" \/>\n<meta property=\"og:url\" content=\"https:\/\/vitablanca.ma\/en\/product\/viva-look-lentilles-de-contact-hebdomadaires-7-jours\/\" \/>\n<meta property=\"og:site_name\" content=\"Vitablanca.ma &ndash; Sant&eacute;, vitalit&eacute; et bien-&ecirc;tre pour tous les Marocains\" \/>\n<meta property=\"article:publisher\" content=\"https:\/\/www.facebook.com\/profile.php?id=61576678196717\" \/>\n<meta property=\"article:modified_time\" content=\"2025-05-28T21:24:55+00:00\" \/>\n<meta property=\"og:image\" content=\"https:\/\/vitablanca.ma\/wp-content\/uploads\/2025\/05\/31-royal-green.jpg\" \/>\n\t<meta property=\"og:image:width\" content=\"595\" \/>\n\t<meta property=\"og:image:height\" content=\"627\" \/>\n\t<meta property=\"og:image:type\" content=\"image\/jpeg\" \/>\n<meta name=\"twitter:card\" content=\"summary_large_image\" \/>\n<meta name=\"twitter:label1\" content=\"Est. reading time\" \/>\n\t<meta name=\"twitter:data1\" content=\"1 minute\" \/>\n<script type=\"application\/ld+json\" class=\"yoast-schema-graph\">{\"@context\":\"https:\\\/\\\/schema.org\",\"@graph\":[{\"@type\":[\"WebPage\",\"ItemPage\"],\"@id\":\"https:\\\/\\\/vitablanca.ma\\\/produit\\\/viva-look-lentilles-de-contact-hebdomadaires-7-jours\\\/\",\"url\":\"https:\\\/\\\/vitablanca.ma\\\/produit\\\/viva-look-lentilles-de-contact-hebdomadaires-7-jours\\\/\",\"name\":\"Viva Look Lentilles de contact hebdomadaires \u2013 7 jours - Maroc Prix\",\"isPartOf\":{\"@id\":\"https:\\\/\\\/vitablanca.ma\\\/#website\"},\"primaryImageOfPage\":{\"@id\":\"https:\\\/\\\/vitablanca.ma\\\/produit\\\/viva-look-lentilles-de-contact-hebdomadaires-7-jours\\\/#primaryimage\"},\"image\":{\"@id\":\"https:\\\/\\\/vitablanca.ma\\\/produit\\\/viva-look-lentilles-de-contact-hebdomadaires-7-jours\\\/#primaryimage\"},\"thumbnailUrl\":\"https:\\\/\\\/vitablanca.ma\\\/wp-content\\\/uploads\\\/2025\\\/05\\\/31-royal-green.jpg\",\"datePublished\":\"2025-05-28T21:24:53+00:00\",\"dateModified\":\"2025-05-28T21:24:55+00:00\",\"description\":\"Viva Look Lentilles de contact hebdomadaires \u2013 7 jours\",\"breadcrumb\":{\"@id\":\"https:\\\/\\\/vitablanca.ma\\\/produit\\\/viva-look-lentilles-de-contact-hebdomadaires-7-jours\\\/#breadcrumb\"},\"inLanguage\":\"en-US\",\"potentialAction\":[{\"@type\":\"ReadAction\",\"target\":[\"https:\\\/\\\/vitablanca.ma\\\/produit\\\/viva-look-lentilles-de-contact-hebdomadaires-7-jours\\\/\"]}]},{\"@type\":\"ImageObject\",\"inLanguage\":\"en-US\",\"@id\":\"https:\\\/\\\/vitablanca.ma\\\/produit\\\/viva-look-lentilles-de-contact-hebdomadaires-7-jours\\\/#primaryimage\",\"url\":\"https:\\\/\\\/vitablanca.ma\\\/wp-content\\\/uploads\\\/2025\\\/05\\\/31-royal-green.jpg\",\"contentUrl\":\"https:\\\/\\\/vitablanca.ma\\\/wp-content\\\/uploads\\\/2025\\\/05\\\/31-royal-green.jpg\",\"width\":595,\"height\":627},{\"@type\":\"BreadcrumbList\",\"@id\":\"https:\\\/\\\/vitablanca.ma\\\/produit\\\/viva-look-lentilles-de-contact-hebdomadaires-7-jours\\\/#breadcrumb\",\"itemListElement\":[{\"@type\":\"ListItem\",\"position\":1,\"name\":\"Home\",\"item\":\"https:\\\/\\\/vitablanca.ma\\\/\"},{\"@type\":\"ListItem\",\"position\":2,\"name\":\"Tous Les Produits\",\"item\":\"https:\\\/\\\/vitablanca.ma\\\/tous-les-produits\\\/\"},{\"@type\":\"ListItem\",\"position\":3,\"name\":\"Viva Look Lentilles de contact hebdomadaires \u2013 7 jours\"}]},{\"@type\":\"WebSite\",\"@id\":\"https:\\\/\\\/vitablanca.ma\\\/#website\",\"url\":\"https:\\\/\\\/vitablanca.ma\\\/\",\"name\":\"VitaBlanca.ma | Compl\u00e9ments alimentaires, sant\u00e9 & beaut\u00e9 au Maroc\",\"description\":\"vendre vitamines et compl\u00e9ments premium des USA &amp; Canada, Nouvelle Z\u00e9lande,Maroc (NOW Foods, Solgar, Manuka). Livraison rapide partout au Maroc.\",\"publisher\":{\"@id\":\"https:\\\/\\\/vitablanca.ma\\\/#organization\"},\"alternateName\":\"VitaBlanca.ma\",\"potentialAction\":[{\"@type\":\"SearchAction\",\"target\":{\"@type\":\"EntryPoint\",\"urlTemplate\":\"https:\\\/\\\/vitablanca.ma\\\/?s={search_term_string}\"},\"query-input\":{\"@type\":\"PropertyValueSpecification\",\"valueRequired\":true,\"valueName\":\"search_term_string\"}}],\"inLanguage\":\"en-US\"},{\"@type\":\"Organization\",\"@id\":\"https:\\\/\\\/vitablanca.ma\\\/#organization\",\"name\":\"VitaBlanca\",\"url\":\"https:\\\/\\\/vitablanca.ma\\\/\",\"logo\":{\"@type\":\"ImageObject\",\"inLanguage\":\"en-US\",\"@id\":\"https:\\\/\\\/vitablanca.ma\\\/#\\\/schema\\\/logo\\\/image\\\/\",\"url\":\"https:\\\/\\\/vitablanca.ma\\\/wp-content\\\/uploads\\\/2025\\\/05\\\/cropped-vitablanca.png\",\"contentUrl\":\"https:\\\/\\\/vitablanca.ma\\\/wp-content\\\/uploads\\\/2025\\\/05\\\/cropped-vitablanca.png\",\"width\":360,\"height\":67,\"caption\":\"VitaBlanca\"},\"image\":{\"@id\":\"https:\\\/\\\/vitablanca.ma\\\/#\\\/schema\\\/logo\\\/image\\\/\"},\"sameAs\":[\"https:\\\/\\\/www.facebook.com\\\/profile.php?id=61576678196717\",\"https:\\\/\\\/www.tiktok.com\\\/@vitablanca.ma\",\"https:\\\/\\\/www.instagram.com\\\/vitablanca.ma\\\/\"]}]}<\/script>\n<!-- \/ Yoast SEO plugin. -->","yoast_head_json":{"title":"Viva Look Weekly Contact Lenses \u2013 7 Days \u2013 Morocco Price","description":"Viva Look Weekly Contact Lenses \u2013 7 Days","robots":{"index":"index","follow":"follow","max-snippet":"max-snippet:-1","max-image-preview":"max-image-preview:large","max-video-preview":"max-video-preview:-1"},"canonical":"https:\/\/vitablanca.ma\/en\/product\/viva-look-lentilles-de-contact-hebdomadaires-7-jours\/","og_locale":"en_US","og_type":"article","og_title":"Viva Look Lentilles de contact hebdomadaires \u2013 7 jours - Maroc Prix","og_description":"Viva Look Lentilles de contact hebdomadaires \u2013 7 jours","og_url":"https:\/\/vitablanca.ma\/en\/product\/viva-look-lentilles-de-contact-hebdomadaires-7-jours\/","og_site_name":"Vitablanca.ma &ndash; Sant&eacute;, vitalit&eacute; et bien-&ecirc;tre pour tous les Marocains","article_publisher":"https:\/\/www.facebook.com\/profile.php?id=61576678196717","article_modified_time":"2025-05-28T21:24:55+00:00","og_image":[{"width":595,"height":627,"url":"https:\/\/vitablanca.ma\/wp-content\/uploads\/2025\/05\/31-royal-green.jpg","type":"image\/jpeg"}],"twitter_card":"summary_large_image","twitter_misc":{"Est. reading time":"1 minute"},"schema":{"@context":"https:\/\/schema.org","@graph":[{"@type":["WebPage","ItemPage"],"@id":"https:\/\/vitablanca.ma\/produit\/viva-look-lentilles-de-contact-hebdomadaires-7-jours\/","url":"https:\/\/vitablanca.ma\/produit\/viva-look-lentilles-de-contact-hebdomadaires-7-jours\/","name":"Viva Look Weekly Contact Lenses \u2013 7 Days \u2013 Morocco Price","isPartOf":{"@id":"https:\/\/vitablanca.ma\/#website"},"primaryImageOfPage":{"@id":"https:\/\/vitablanca.ma\/produit\/viva-look-lentilles-de-contact-hebdomadaires-7-jours\/#primaryimage"},"image":{"@id":"https:\/\/vitablanca.ma\/produit\/viva-look-lentilles-de-contact-hebdomadaires-7-jours\/#primaryimage"},"thumbnailUrl":"https:\/\/vitablanca.ma\/wp-content\/uploads\/2025\/05\/31-royal-green.jpg","datePublished":"2025-05-28T21:24:53+00:00","dateModified":"2025-05-28T21:24:55+00:00","description":"Viva Look Weekly Contact Lenses \u2013 7 Days","breadcrumb":{"@id":"https:\/\/vitablanca.ma\/produit\/viva-look-lentilles-de-contact-hebdomadaires-7-jours\/#breadcrumb"},"inLanguage":"en-US","potentialAction":[{"@type":"ReadAction","target":["https:\/\/vitablanca.ma\/produit\/viva-look-lentilles-de-contact-hebdomadaires-7-jours\/"]}]},{"@type":"ImageObject","inLanguage":"en-US","@id":"https:\/\/vitablanca.ma\/produit\/viva-look-lentilles-de-contact-hebdomadaires-7-jours\/#primaryimage","url":"https:\/\/vitablanca.ma\/wp-content\/uploads\/2025\/05\/31-royal-green.jpg","contentUrl":"https:\/\/vitablanca.ma\/wp-content\/uploads\/2025\/05\/31-royal-green.jpg","width":595,"height":627},{"@type":"BreadcrumbList","@id":"https:\/\/vitablanca.ma\/produit\/viva-look-lentilles-de-contact-hebdomadaires-7-jours\/#breadcrumb","itemListElement":[{"@type":"ListItem","position":1,"name":"Home","item":"https:\/\/vitablanca.ma\/"},{"@type":"ListItem","position":2,"name":"Tous Les Produits","item":"https:\/\/vitablanca.ma\/tous-les-produits\/"},{"@type":"ListItem","position":3,"name":"Viva Look Lentilles de contact hebdomadaires \u2013 7 jours"}]},{"@type":"WebSite","@id":"https:\/\/vitablanca.ma\/#website","url":"https:\/\/vitablanca.ma\/","name":"VitaBlanca.ma | Food supplements, health &amp; beauty in Morocco","description":"sell premium vitamins and supplements from USA &amp; Canada, New Zealand, Morocco (NOW Foods, Solgar, Manuka). Fast delivery anywhere in Morocco.","publisher":{"@id":"https:\/\/vitablanca.ma\/#organization"},"alternateName":"VitaBlanca.ma","potentialAction":[{"@type":"SearchAction","target":{"@type":"EntryPoint","urlTemplate":"https:\/\/vitablanca.ma\/?s={search_term_string}"},"query-input":{"@type":"PropertyValueSpecification","valueRequired":true,"valueName":"search_term_string"}}],"inLanguage":"en-US"},{"@type":"Organization","@id":"https:\/\/vitablanca.ma\/#organization","name":"VitaBlanca","url":"https:\/\/vitablanca.ma\/","logo":{"@type":"ImageObject","inLanguage":"en-US","@id":"https:\/\/vitablanca.ma\/#\/schema\/logo\/image\/","url":"https:\/\/vitablanca.ma\/wp-content\/uploads\/2025\/05\/cropped-vitablanca.png","contentUrl":"https:\/\/vitablanca.ma\/wp-content\/uploads\/2025\/05\/cropped-vitablanca.png","width":360,"height":67,"caption":"VitaBlanca"},"image":{"@id":"https:\/\/vitablanca.ma\/#\/schema\/logo\/image\/"},"sameAs":["https:\/\/www.facebook.com\/profile.php?id=61576678196717","https:\/\/www.tiktok.com\/@vitablanca.ma","https:\/\/www.instagram.com\/vitablanca.ma\/"]}]}},"jetpack_sharing_enabled":true,"_links":{"self":[{"href":"https:\/\/vitablanca.ma\/en\/wp-json\/wp\/v2\/product\/11650","targetHints":{"allow":["GET"]}}],"collection":[{"href":"https:\/\/vitablanca.ma\/en\/wp-json\/wp\/v2\/product"}],"about":[{"href":"https:\/\/vitablanca.ma\/en\/wp-json\/wp\/v2\/types\/product"}],"wp:featuredmedia":[{"embeddable":true,"href":"https:\/\/vitablanca.ma\/en\/wp-json\/wp\/v2\/media\/11626"}],"wp:attachment":[{"href":"https:\/\/vitablanca.ma\/en\/wp-json\/wp\/v2\/media?parent=11650"}],"wp:term":[{"taxonomy":"product_brand","embeddable":true,"href":"https:\/\/vitablanca.ma\/en\/wp-json\/wp\/v2\/product_brand?post=11650"},{"taxonomy":"product_cat","embeddable":true,"href":"https:\/\/vitablanca.ma\/en\/wp-json\/wp\/v2\/product_cat?post=11650"},{"taxonomy":"product_tag","embeddable":true,"href":"https:\/\/vitablanca.ma\/en\/wp-json\/wp\/v2\/product_tag?post=11650"}],"curies":[{"name":"wp","href":"https:\/\/api.w.org\/{rel}","templated":true}]}}