{"id":11624,"date":"2025-05-28T21:24:32","date_gmt":"2025-05-28T21:24:32","guid":{"rendered":"https:\/\/vitablanca.ma\/product\/it-cosmetics-superhero-elastic-stretch-volumizing-mascara-9ml-super-black\/"},"modified":"2025-12-27T14:08:44","modified_gmt":"2025-12-27T14:08:44","slug":"it-cosmetics-superhero-elastic-stretch-volumizing-mascara-9ml-super-black","status":"publish","type":"product","link":"https:\/\/vitablanca.ma\/en\/product\/it-cosmetics-superhero-elastic-stretch-volumizing-mascara-9ml-super-black\/","title":{"rendered":"It COSMETICS \u2013 Superhero Elastic Stretch Volumizing Mascara 9ml (Super Black)"},"content":{"rendered":"<p><span>It Cosmetics Superhero Elastic Stretch Volumizing Mascara delivers vibrant super black color and dramatic results with every application. Clinically tested, this mascara, developed with plastic surgeons and dermatologists, contains biotins, peptides, and hydrolyzed collagen to protect and boost lashes. Its patented Power Brush is designed to separate and lift lashes from root to tip, delivering exceptional volume and length. Invest in this mascara to experience the power of transformed lashes and reveal dramatic lashes.<\/span><\/p>","protected":false},"excerpt":{"rendered":"<p>Le Mascara Volumisant Superhero Elastic Stretch de It Cosmetics offre une couleur super noire \u00e9clatante et des r\u00e9sultats spectaculaires \u00e0 chaque application. Test\u00e9 cliniquement, ce mascara d\u00e9velopp\u00e9 avec des chirurgiens esth\u00e9tiques et des dermatologues contient des biotines, des peptides et du collag\u00e8ne hydrolys\u00e9 qui prot\u00e8gent et stimulent les cils. Sa brosse brevet\u00e9e Power est con\u00e7ue [&hellip;]<\/p>\n","protected":false},"featured_media":11618,"template":"","meta":{"om_disable_all_campaigns":false},"product_brand":[],"product_cat":[15],"product_tag":[],"class_list":{"0":"post-11624","1":"product","2":"type-product","3":"status-publish","4":"has-post-thumbnail","6":"product_cat-beaute-sante-complements-alimentaires-soins-et-bien-etre-au-meilleur-prix","8":"first","9":"instock","10":"taxable","11":"shipping-taxable","12":"purchasable","13":"product-type-simple"},"yoast_head":"<!-- This site is optimized with the Yoast SEO plugin v27.4 - https:\/\/yoast.com\/product\/yoast-seo-wordpress\/ -->\n<title>It COSMETICS - Superhero Elastic Stretch Volumizing Mascara 9ml ( Super Black ) - Maroc Prix<\/title>\n<meta name=\"description\" content=\"It COSMETICS - Superhero Elastic Stretch Volumizing Mascara 9ml ( Super Black )\" \/>\n<meta name=\"robots\" content=\"index, follow, max-snippet:-1, max-image-preview:large, max-video-preview:-1\" \/>\n<link rel=\"canonical\" href=\"https:\/\/vitablanca.ma\/en\/product\/it-cosmetics-superhero-elastic-stretch-volumizing-mascara-9ml-super-black\/\" \/>\n<meta property=\"og:locale\" content=\"en_US\" \/>\n<meta property=\"og:type\" content=\"article\" \/>\n<meta property=\"og:title\" content=\"It COSMETICS - Superhero Elastic Stretch Volumizing Mascara 9ml ( Super Black ) - Maroc Prix\" \/>\n<meta property=\"og:description\" content=\"It COSMETICS - Superhero Elastic Stretch Volumizing Mascara 9ml ( Super Black )\" \/>\n<meta property=\"og:url\" content=\"https:\/\/vitablanca.ma\/en\/product\/it-cosmetics-superhero-elastic-stretch-volumizing-mascara-9ml-super-black\/\" \/>\n<meta property=\"og:site_name\" content=\"Vitablanca.ma &ndash; Sant&eacute;, vitalit&eacute; et bien-&ecirc;tre pour tous les Marocains\" \/>\n<meta property=\"article:publisher\" content=\"https:\/\/www.facebook.com\/profile.php?id=61576678196717\" \/>\n<meta property=\"article:modified_time\" content=\"2025-12-27T14:08:44+00:00\" \/>\n<meta property=\"og:image\" content=\"https:\/\/vitablanca.ma\/wp-content\/uploads\/2025\/05\/image-2.jpg\" \/>\n\t<meta property=\"og:image:width\" content=\"565\" \/>\n\t<meta property=\"og:image:height\" content=\"565\" \/>\n\t<meta property=\"og:image:type\" content=\"image\/jpeg\" \/>\n<meta name=\"twitter:card\" content=\"summary_large_image\" \/>\n<meta name=\"twitter:label1\" content=\"Est. reading time\" \/>\n\t<meta name=\"twitter:data1\" content=\"1 minute\" \/>\n<script type=\"application\/ld+json\" class=\"yoast-schema-graph\">{\"@context\":\"https:\\\/\\\/schema.org\",\"@graph\":[{\"@type\":[\"WebPage\",\"ItemPage\"],\"@id\":\"https:\\\/\\\/vitablanca.ma\\\/produit\\\/it-cosmetics-superhero-elastic-stretch-volumizing-mascara-9ml-super-black\\\/\",\"url\":\"https:\\\/\\\/vitablanca.ma\\\/produit\\\/it-cosmetics-superhero-elastic-stretch-volumizing-mascara-9ml-super-black\\\/\",\"name\":\"It COSMETICS - Superhero Elastic Stretch Volumizing Mascara 9ml ( Super Black ) - Maroc Prix\",\"isPartOf\":{\"@id\":\"https:\\\/\\\/vitablanca.ma\\\/#website\"},\"primaryImageOfPage\":{\"@id\":\"https:\\\/\\\/vitablanca.ma\\\/produit\\\/it-cosmetics-superhero-elastic-stretch-volumizing-mascara-9ml-super-black\\\/#primaryimage\"},\"image\":{\"@id\":\"https:\\\/\\\/vitablanca.ma\\\/produit\\\/it-cosmetics-superhero-elastic-stretch-volumizing-mascara-9ml-super-black\\\/#primaryimage\"},\"thumbnailUrl\":\"https:\\\/\\\/vitablanca.ma\\\/wp-content\\\/uploads\\\/2025\\\/05\\\/image-2.jpg\",\"datePublished\":\"2025-05-28T21:24:32+00:00\",\"dateModified\":\"2025-12-27T14:08:44+00:00\",\"description\":\"It COSMETICS - Superhero Elastic Stretch Volumizing Mascara 9ml ( Super Black )\",\"breadcrumb\":{\"@id\":\"https:\\\/\\\/vitablanca.ma\\\/produit\\\/it-cosmetics-superhero-elastic-stretch-volumizing-mascara-9ml-super-black\\\/#breadcrumb\"},\"inLanguage\":\"en-US\",\"potentialAction\":[{\"@type\":\"ReadAction\",\"target\":[\"https:\\\/\\\/vitablanca.ma\\\/produit\\\/it-cosmetics-superhero-elastic-stretch-volumizing-mascara-9ml-super-black\\\/\"]}]},{\"@type\":\"ImageObject\",\"inLanguage\":\"en-US\",\"@id\":\"https:\\\/\\\/vitablanca.ma\\\/produit\\\/it-cosmetics-superhero-elastic-stretch-volumizing-mascara-9ml-super-black\\\/#primaryimage\",\"url\":\"https:\\\/\\\/vitablanca.ma\\\/wp-content\\\/uploads\\\/2025\\\/05\\\/image-2.jpg\",\"contentUrl\":\"https:\\\/\\\/vitablanca.ma\\\/wp-content\\\/uploads\\\/2025\\\/05\\\/image-2.jpg\",\"width\":565,\"height\":565},{\"@type\":\"BreadcrumbList\",\"@id\":\"https:\\\/\\\/vitablanca.ma\\\/produit\\\/it-cosmetics-superhero-elastic-stretch-volumizing-mascara-9ml-super-black\\\/#breadcrumb\",\"itemListElement\":[{\"@type\":\"ListItem\",\"position\":1,\"name\":\"Home\",\"item\":\"https:\\\/\\\/vitablanca.ma\\\/\"},{\"@type\":\"ListItem\",\"position\":2,\"name\":\"Tous Les Produits\",\"item\":\"https:\\\/\\\/vitablanca.ma\\\/tous-les-produits\\\/\"},{\"@type\":\"ListItem\",\"position\":3,\"name\":\"It COSMETICS &#8211; Superhero Elastic Stretch Volumizing Mascara 9ml ( Super Black )\"}]},{\"@type\":\"WebSite\",\"@id\":\"https:\\\/\\\/vitablanca.ma\\\/#website\",\"url\":\"https:\\\/\\\/vitablanca.ma\\\/\",\"name\":\"VitaBlanca.ma | Compl\u00e9ments alimentaires, sant\u00e9 & beaut\u00e9 au Maroc\",\"description\":\"vendre vitamines et compl\u00e9ments premium des USA &amp; Canada, Nouvelle Z\u00e9lande,Maroc (NOW Foods, Solgar, Manuka). Livraison rapide partout au Maroc.\",\"publisher\":{\"@id\":\"https:\\\/\\\/vitablanca.ma\\\/#organization\"},\"alternateName\":\"VitaBlanca.ma\",\"potentialAction\":[{\"@type\":\"SearchAction\",\"target\":{\"@type\":\"EntryPoint\",\"urlTemplate\":\"https:\\\/\\\/vitablanca.ma\\\/?s={search_term_string}\"},\"query-input\":{\"@type\":\"PropertyValueSpecification\",\"valueRequired\":true,\"valueName\":\"search_term_string\"}}],\"inLanguage\":\"en-US\"},{\"@type\":\"Organization\",\"@id\":\"https:\\\/\\\/vitablanca.ma\\\/#organization\",\"name\":\"VitaBlanca\",\"url\":\"https:\\\/\\\/vitablanca.ma\\\/\",\"logo\":{\"@type\":\"ImageObject\",\"inLanguage\":\"en-US\",\"@id\":\"https:\\\/\\\/vitablanca.ma\\\/#\\\/schema\\\/logo\\\/image\\\/\",\"url\":\"https:\\\/\\\/vitablanca.ma\\\/wp-content\\\/uploads\\\/2025\\\/05\\\/cropped-vitablanca.png\",\"contentUrl\":\"https:\\\/\\\/vitablanca.ma\\\/wp-content\\\/uploads\\\/2025\\\/05\\\/cropped-vitablanca.png\",\"width\":360,\"height\":67,\"caption\":\"VitaBlanca\"},\"image\":{\"@id\":\"https:\\\/\\\/vitablanca.ma\\\/#\\\/schema\\\/logo\\\/image\\\/\"},\"sameAs\":[\"https:\\\/\\\/www.facebook.com\\\/profile.php?id=61576678196717\",\"https:\\\/\\\/www.tiktok.com\\\/@vitablanca.ma\",\"https:\\\/\\\/www.instagram.com\\\/vitablanca.ma\\\/\"]}]}<\/script>\n<!-- \/ Yoast SEO plugin. -->","yoast_head_json":{"title":"It COSMETICS - Superhero Elastic Stretch Volumizing Mascara 9ml (Super Black) - Morocco Price","description":"It COSMETICS - Superhero Elastic Stretch Volumizing Mascara 9ml (Super Black)","robots":{"index":"index","follow":"follow","max-snippet":"max-snippet:-1","max-image-preview":"max-image-preview:large","max-video-preview":"max-video-preview:-1"},"canonical":"https:\/\/vitablanca.ma\/en\/product\/it-cosmetics-superhero-elastic-stretch-volumizing-mascara-9ml-super-black\/","og_locale":"en_US","og_type":"article","og_title":"It COSMETICS - Superhero Elastic Stretch Volumizing Mascara 9ml ( Super Black ) - Maroc Prix","og_description":"It COSMETICS - Superhero Elastic Stretch Volumizing Mascara 9ml ( Super Black )","og_url":"https:\/\/vitablanca.ma\/en\/product\/it-cosmetics-superhero-elastic-stretch-volumizing-mascara-9ml-super-black\/","og_site_name":"Vitablanca.ma &ndash; Sant&eacute;, vitalit&eacute; et bien-&ecirc;tre pour tous les Marocains","article_publisher":"https:\/\/www.facebook.com\/profile.php?id=61576678196717","article_modified_time":"2025-12-27T14:08:44+00:00","og_image":[{"width":565,"height":565,"url":"https:\/\/vitablanca.ma\/wp-content\/uploads\/2025\/05\/image-2.jpg","type":"image\/jpeg"}],"twitter_card":"summary_large_image","twitter_misc":{"Est. reading time":"1 minute"},"schema":{"@context":"https:\/\/schema.org","@graph":[{"@type":["WebPage","ItemPage"],"@id":"https:\/\/vitablanca.ma\/produit\/it-cosmetics-superhero-elastic-stretch-volumizing-mascara-9ml-super-black\/","url":"https:\/\/vitablanca.ma\/produit\/it-cosmetics-superhero-elastic-stretch-volumizing-mascara-9ml-super-black\/","name":"It COSMETICS - Superhero Elastic Stretch Volumizing Mascara 9ml (Super Black) - Morocco Price","isPartOf":{"@id":"https:\/\/vitablanca.ma\/#website"},"primaryImageOfPage":{"@id":"https:\/\/vitablanca.ma\/produit\/it-cosmetics-superhero-elastic-stretch-volumizing-mascara-9ml-super-black\/#primaryimage"},"image":{"@id":"https:\/\/vitablanca.ma\/produit\/it-cosmetics-superhero-elastic-stretch-volumizing-mascara-9ml-super-black\/#primaryimage"},"thumbnailUrl":"https:\/\/vitablanca.ma\/wp-content\/uploads\/2025\/05\/image-2.jpg","datePublished":"2025-05-28T21:24:32+00:00","dateModified":"2025-12-27T14:08:44+00:00","description":"It COSMETICS - Superhero Elastic Stretch Volumizing Mascara 9ml (Super Black)","breadcrumb":{"@id":"https:\/\/vitablanca.ma\/produit\/it-cosmetics-superhero-elastic-stretch-volumizing-mascara-9ml-super-black\/#breadcrumb"},"inLanguage":"en-US","potentialAction":[{"@type":"ReadAction","target":["https:\/\/vitablanca.ma\/produit\/it-cosmetics-superhero-elastic-stretch-volumizing-mascara-9ml-super-black\/"]}]},{"@type":"ImageObject","inLanguage":"en-US","@id":"https:\/\/vitablanca.ma\/produit\/it-cosmetics-superhero-elastic-stretch-volumizing-mascara-9ml-super-black\/#primaryimage","url":"https:\/\/vitablanca.ma\/wp-content\/uploads\/2025\/05\/image-2.jpg","contentUrl":"https:\/\/vitablanca.ma\/wp-content\/uploads\/2025\/05\/image-2.jpg","width":565,"height":565},{"@type":"BreadcrumbList","@id":"https:\/\/vitablanca.ma\/produit\/it-cosmetics-superhero-elastic-stretch-volumizing-mascara-9ml-super-black\/#breadcrumb","itemListElement":[{"@type":"ListItem","position":1,"name":"Home","item":"https:\/\/vitablanca.ma\/"},{"@type":"ListItem","position":2,"name":"Tous Les Produits","item":"https:\/\/vitablanca.ma\/tous-les-produits\/"},{"@type":"ListItem","position":3,"name":"It COSMETICS &#8211; Superhero Elastic Stretch Volumizing Mascara 9ml ( Super Black )"}]},{"@type":"WebSite","@id":"https:\/\/vitablanca.ma\/#website","url":"https:\/\/vitablanca.ma\/","name":"VitaBlanca.ma | Food supplements, health &amp; beauty in Morocco","description":"sell premium vitamins and supplements from USA &amp; Canada, New Zealand, Morocco (NOW Foods, Solgar, Manuka). Fast delivery anywhere in Morocco.","publisher":{"@id":"https:\/\/vitablanca.ma\/#organization"},"alternateName":"VitaBlanca.ma","potentialAction":[{"@type":"SearchAction","target":{"@type":"EntryPoint","urlTemplate":"https:\/\/vitablanca.ma\/?s={search_term_string}"},"query-input":{"@type":"PropertyValueSpecification","valueRequired":true,"valueName":"search_term_string"}}],"inLanguage":"en-US"},{"@type":"Organization","@id":"https:\/\/vitablanca.ma\/#organization","name":"VitaBlanca","url":"https:\/\/vitablanca.ma\/","logo":{"@type":"ImageObject","inLanguage":"en-US","@id":"https:\/\/vitablanca.ma\/#\/schema\/logo\/image\/","url":"https:\/\/vitablanca.ma\/wp-content\/uploads\/2025\/05\/cropped-vitablanca.png","contentUrl":"https:\/\/vitablanca.ma\/wp-content\/uploads\/2025\/05\/cropped-vitablanca.png","width":360,"height":67,"caption":"VitaBlanca"},"image":{"@id":"https:\/\/vitablanca.ma\/#\/schema\/logo\/image\/"},"sameAs":["https:\/\/www.facebook.com\/profile.php?id=61576678196717","https:\/\/www.tiktok.com\/@vitablanca.ma","https:\/\/www.instagram.com\/vitablanca.ma\/"]}]}},"jetpack_sharing_enabled":true,"_links":{"self":[{"href":"https:\/\/vitablanca.ma\/en\/wp-json\/wp\/v2\/product\/11624","targetHints":{"allow":["GET"]}}],"collection":[{"href":"https:\/\/vitablanca.ma\/en\/wp-json\/wp\/v2\/product"}],"about":[{"href":"https:\/\/vitablanca.ma\/en\/wp-json\/wp\/v2\/types\/product"}],"wp:featuredmedia":[{"embeddable":true,"href":"https:\/\/vitablanca.ma\/en\/wp-json\/wp\/v2\/media\/11618"}],"wp:attachment":[{"href":"https:\/\/vitablanca.ma\/en\/wp-json\/wp\/v2\/media?parent=11624"}],"wp:term":[{"taxonomy":"product_brand","embeddable":true,"href":"https:\/\/vitablanca.ma\/en\/wp-json\/wp\/v2\/product_brand?post=11624"},{"taxonomy":"product_cat","embeddable":true,"href":"https:\/\/vitablanca.ma\/en\/wp-json\/wp\/v2\/product_cat?post=11624"},{"taxonomy":"product_tag","embeddable":true,"href":"https:\/\/vitablanca.ma\/en\/wp-json\/wp\/v2\/product_tag?post=11624"}],"curies":[{"name":"wp","href":"https:\/\/api.w.org\/{rel}","templated":true}]}}