{"id":11617,"date":"2025-05-28T21:24:22","date_gmt":"2025-05-28T21:24:22","guid":{"rendered":"https:\/\/vitablanca.ma\/product\/benefit-badgal-bang-mascara-volumateur\/"},"modified":"2025-05-28T21:24:22","modified_gmt":"2025-05-28T21:24:22","slug":"benefit-badgal-bang-mascara-volumateur","status":"publish","type":"product","link":"https:\/\/vitablanca.ma\/en\/product\/benefit-badgal-bang-mascara-volumateur\/","title":{"rendered":"BENEFIT BADgal BANG! Volumizing mascara!"},"content":{"rendered":"<p>BADgal BANG! mascara.\u00a0C\u2019est un masque volumateur qui offre 36 HEURES * D\u2019INTENSIT\u00c9 MAXIMALE, cr\u00e9ant un volume INCROYABLE sans surcharger les cils.\u00a0Sa formule d\u00e9fie toutes les lois de la pesanteur: elle contient des particules a\u00e9rodynamiques, l\u2019un des mat\u00e9riaux les plus l\u00e9gers qui soient, issues de la technologie spatiale.\u00a0Ce masque noir intense et innovant est modulaire pour obtenir un effet de plus en plus \u00c9TONNANT.<\/p>","protected":false},"excerpt":{"rendered":"<p>BADgal BANG! mascara.\u00a0C\u2019est un masque volumateur qui offre 36 HEURES * D\u2019INTENSIT\u00c9 MAXIMALE, cr\u00e9ant un volume INCROYABLE sans surcharger les cils.\u00a0Sa formule d\u00e9fie toutes les lois de la pesanteur: elle contient des particules a\u00e9rodynamiques, l\u2019un des mat\u00e9riaux les plus l\u00e9gers qui soient, issues de la technologie spatiale.\u00a0Ce masque noir intense et innovant est modulaire pour [&hellip;]<\/p>\n","protected":false},"featured_media":11614,"template":"","meta":{"om_disable_all_campaigns":false},"product_brand":[],"product_cat":[15],"product_tag":[],"class_list":{"0":"post-11617","1":"product","2":"type-product","3":"status-publish","4":"has-post-thumbnail","6":"product_cat-beaute-sante-complements-alimentaires-soins-et-bien-etre-au-meilleur-prix","8":"first","9":"instock","10":"taxable","11":"shipping-taxable","12":"purchasable","13":"product-type-simple"},"yoast_head":"<!-- This site is optimized with the Yoast SEO plugin v27.5 - https:\/\/yoast.com\/product\/yoast-seo-wordpress\/ -->\n<title>BENEFIT BADgal BANG! Mascara volumateur! - Maroc Prix<\/title>\n<meta name=\"description\" content=\"BENEFIT BADgal BANG! Mascara volumateur!\" \/>\n<meta name=\"robots\" content=\"index, follow, max-snippet:-1, max-image-preview:large, max-video-preview:-1\" \/>\n<link rel=\"canonical\" href=\"https:\/\/vitablanca.ma\/en\/product\/benefit-badgal-bang-mascara-volumateur\/\" \/>\n<meta property=\"og:locale\" content=\"en_US\" \/>\n<meta property=\"og:type\" content=\"article\" \/>\n<meta property=\"og:title\" content=\"BENEFIT BADgal BANG! Mascara volumateur! - Maroc Prix\" \/>\n<meta property=\"og:description\" content=\"BENEFIT BADgal BANG! Mascara volumateur!\" \/>\n<meta property=\"og:url\" content=\"https:\/\/vitablanca.ma\/en\/product\/benefit-badgal-bang-mascara-volumateur\/\" \/>\n<meta property=\"og:site_name\" content=\"Vitablanca.ma &ndash; Sant&eacute;, vitalit&eacute; et bien-&ecirc;tre pour tous les Marocains\" \/>\n<meta property=\"article:publisher\" content=\"https:\/\/www.facebook.com\/profile.php?id=61576678196717\" \/>\n<meta property=\"og:image\" content=\"https:\/\/vitablanca.ma\/wp-content\/uploads\/2025\/05\/BENEFIT_BADgal_BANG_Mascara_volumateur.jpg\" \/>\n\t<meta property=\"og:image:width\" content=\"2000\" \/>\n\t<meta property=\"og:image:height\" content=\"2000\" \/>\n\t<meta property=\"og:image:type\" content=\"image\/jpeg\" \/>\n<meta name=\"twitter:card\" content=\"summary_large_image\" \/>\n<script type=\"application\/ld+json\" class=\"yoast-schema-graph\">{\"@context\":\"https:\\\/\\\/schema.org\",\"@graph\":[{\"@type\":[\"WebPage\",\"ItemPage\"],\"@id\":\"https:\\\/\\\/vitablanca.ma\\\/produit\\\/benefit-badgal-bang-mascara-volumateur\\\/\",\"url\":\"https:\\\/\\\/vitablanca.ma\\\/produit\\\/benefit-badgal-bang-mascara-volumateur\\\/\",\"name\":\"BENEFIT BADgal BANG! Mascara volumateur! - Maroc Prix\",\"isPartOf\":{\"@id\":\"https:\\\/\\\/vitablanca.ma\\\/#website\"},\"primaryImageOfPage\":{\"@id\":\"https:\\\/\\\/vitablanca.ma\\\/produit\\\/benefit-badgal-bang-mascara-volumateur\\\/#primaryimage\"},\"image\":{\"@id\":\"https:\\\/\\\/vitablanca.ma\\\/produit\\\/benefit-badgal-bang-mascara-volumateur\\\/#primaryimage\"},\"thumbnailUrl\":\"https:\\\/\\\/vitablanca.ma\\\/wp-content\\\/uploads\\\/2025\\\/05\\\/BENEFIT_BADgal_BANG_Mascara_volumateur.jpg\",\"datePublished\":\"2025-05-28T21:24:22+00:00\",\"description\":\"BENEFIT BADgal BANG! Mascara volumateur!\",\"breadcrumb\":{\"@id\":\"https:\\\/\\\/vitablanca.ma\\\/produit\\\/benefit-badgal-bang-mascara-volumateur\\\/#breadcrumb\"},\"inLanguage\":\"en-US\",\"potentialAction\":[{\"@type\":\"ReadAction\",\"target\":[\"https:\\\/\\\/vitablanca.ma\\\/produit\\\/benefit-badgal-bang-mascara-volumateur\\\/\"]}]},{\"@type\":\"ImageObject\",\"inLanguage\":\"en-US\",\"@id\":\"https:\\\/\\\/vitablanca.ma\\\/produit\\\/benefit-badgal-bang-mascara-volumateur\\\/#primaryimage\",\"url\":\"https:\\\/\\\/vitablanca.ma\\\/wp-content\\\/uploads\\\/2025\\\/05\\\/BENEFIT_BADgal_BANG_Mascara_volumateur.jpg\",\"contentUrl\":\"https:\\\/\\\/vitablanca.ma\\\/wp-content\\\/uploads\\\/2025\\\/05\\\/BENEFIT_BADgal_BANG_Mascara_volumateur.jpg\",\"width\":2000,\"height\":2000},{\"@type\":\"BreadcrumbList\",\"@id\":\"https:\\\/\\\/vitablanca.ma\\\/produit\\\/benefit-badgal-bang-mascara-volumateur\\\/#breadcrumb\",\"itemListElement\":[{\"@type\":\"ListItem\",\"position\":1,\"name\":\"Home\",\"item\":\"https:\\\/\\\/vitablanca.ma\\\/\"},{\"@type\":\"ListItem\",\"position\":2,\"name\":\"Tous Les Produits\",\"item\":\"https:\\\/\\\/vitablanca.ma\\\/tous-les-produits\\\/\"},{\"@type\":\"ListItem\",\"position\":3,\"name\":\"BENEFIT BADgal BANG! Mascara volumateur!\"}]},{\"@type\":\"WebSite\",\"@id\":\"https:\\\/\\\/vitablanca.ma\\\/#website\",\"url\":\"https:\\\/\\\/vitablanca.ma\\\/\",\"name\":\"VitaBlanca.ma | Compl\u00e9ments alimentaires, sant\u00e9 & beaut\u00e9 au Maroc\",\"description\":\"vendre vitamines et compl\u00e9ments premium des USA &amp; Canada, Nouvelle Z\u00e9lande,Maroc (NOW Foods, Solgar, Manuka). Livraison rapide partout au Maroc.\",\"publisher\":{\"@id\":\"https:\\\/\\\/vitablanca.ma\\\/#organization\"},\"alternateName\":\"VitaBlanca.ma\",\"potentialAction\":[{\"@type\":\"SearchAction\",\"target\":{\"@type\":\"EntryPoint\",\"urlTemplate\":\"https:\\\/\\\/vitablanca.ma\\\/?s={search_term_string}\"},\"query-input\":{\"@type\":\"PropertyValueSpecification\",\"valueRequired\":true,\"valueName\":\"search_term_string\"}}],\"inLanguage\":\"en-US\"},{\"@type\":\"Organization\",\"@id\":\"https:\\\/\\\/vitablanca.ma\\\/#organization\",\"name\":\"VitaBlanca\",\"url\":\"https:\\\/\\\/vitablanca.ma\\\/\",\"logo\":{\"@type\":\"ImageObject\",\"inLanguage\":\"en-US\",\"@id\":\"https:\\\/\\\/vitablanca.ma\\\/#\\\/schema\\\/logo\\\/image\\\/\",\"url\":\"https:\\\/\\\/vitablanca.ma\\\/wp-content\\\/uploads\\\/2025\\\/05\\\/cropped-vitablanca.png\",\"contentUrl\":\"https:\\\/\\\/vitablanca.ma\\\/wp-content\\\/uploads\\\/2025\\\/05\\\/cropped-vitablanca.png\",\"width\":360,\"height\":67,\"caption\":\"VitaBlanca\"},\"image\":{\"@id\":\"https:\\\/\\\/vitablanca.ma\\\/#\\\/schema\\\/logo\\\/image\\\/\"},\"sameAs\":[\"https:\\\/\\\/www.facebook.com\\\/profile.php?id=61576678196717\",\"https:\\\/\\\/www.tiktok.com\\\/@vitablanca.ma\",\"https:\\\/\\\/www.instagram.com\\\/vitablanca.ma\\\/\"]}]}<\/script>\n<!-- \/ Yoast SEO plugin. -->","yoast_head_json":{"title":"BENEFIT BADgal BANG! Volumizing Mascara! - Morocco Price","description":"BENEFIT BADgal BANG! Volumizing mascara!","robots":{"index":"index","follow":"follow","max-snippet":"max-snippet:-1","max-image-preview":"max-image-preview:large","max-video-preview":"max-video-preview:-1"},"canonical":"https:\/\/vitablanca.ma\/en\/product\/benefit-badgal-bang-mascara-volumateur\/","og_locale":"en_US","og_type":"article","og_title":"BENEFIT BADgal BANG! Mascara volumateur! - Maroc Prix","og_description":"BENEFIT BADgal BANG! Mascara volumateur!","og_url":"https:\/\/vitablanca.ma\/en\/product\/benefit-badgal-bang-mascara-volumateur\/","og_site_name":"Vitablanca.ma &ndash; Sant&eacute;, vitalit&eacute; et bien-&ecirc;tre pour tous les Marocains","article_publisher":"https:\/\/www.facebook.com\/profile.php?id=61576678196717","og_image":[{"width":2000,"height":2000,"url":"https:\/\/vitablanca.ma\/wp-content\/uploads\/2025\/05\/BENEFIT_BADgal_BANG_Mascara_volumateur.jpg","type":"image\/jpeg"}],"twitter_card":"summary_large_image","schema":{"@context":"https:\/\/schema.org","@graph":[{"@type":["WebPage","ItemPage"],"@id":"https:\/\/vitablanca.ma\/produit\/benefit-badgal-bang-mascara-volumateur\/","url":"https:\/\/vitablanca.ma\/produit\/benefit-badgal-bang-mascara-volumateur\/","name":"BENEFIT BADgal BANG! Volumizing Mascara! - Morocco Price","isPartOf":{"@id":"https:\/\/vitablanca.ma\/#website"},"primaryImageOfPage":{"@id":"https:\/\/vitablanca.ma\/produit\/benefit-badgal-bang-mascara-volumateur\/#primaryimage"},"image":{"@id":"https:\/\/vitablanca.ma\/produit\/benefit-badgal-bang-mascara-volumateur\/#primaryimage"},"thumbnailUrl":"https:\/\/vitablanca.ma\/wp-content\/uploads\/2025\/05\/BENEFIT_BADgal_BANG_Mascara_volumateur.jpg","datePublished":"2025-05-28T21:24:22+00:00","description":"BENEFIT BADgal BANG! Volumizing mascara!","breadcrumb":{"@id":"https:\/\/vitablanca.ma\/produit\/benefit-badgal-bang-mascara-volumateur\/#breadcrumb"},"inLanguage":"en-US","potentialAction":[{"@type":"ReadAction","target":["https:\/\/vitablanca.ma\/produit\/benefit-badgal-bang-mascara-volumateur\/"]}]},{"@type":"ImageObject","inLanguage":"en-US","@id":"https:\/\/vitablanca.ma\/produit\/benefit-badgal-bang-mascara-volumateur\/#primaryimage","url":"https:\/\/vitablanca.ma\/wp-content\/uploads\/2025\/05\/BENEFIT_BADgal_BANG_Mascara_volumateur.jpg","contentUrl":"https:\/\/vitablanca.ma\/wp-content\/uploads\/2025\/05\/BENEFIT_BADgal_BANG_Mascara_volumateur.jpg","width":2000,"height":2000},{"@type":"BreadcrumbList","@id":"https:\/\/vitablanca.ma\/produit\/benefit-badgal-bang-mascara-volumateur\/#breadcrumb","itemListElement":[{"@type":"ListItem","position":1,"name":"Home","item":"https:\/\/vitablanca.ma\/"},{"@type":"ListItem","position":2,"name":"Tous Les Produits","item":"https:\/\/vitablanca.ma\/tous-les-produits\/"},{"@type":"ListItem","position":3,"name":"BENEFIT BADgal BANG! Mascara volumateur!"}]},{"@type":"WebSite","@id":"https:\/\/vitablanca.ma\/#website","url":"https:\/\/vitablanca.ma\/","name":"VitaBlanca.ma | Food supplements, health &amp; beauty in Morocco","description":"sell premium vitamins and supplements from USA &amp; Canada, New Zealand, Morocco (NOW Foods, Solgar, Manuka). Fast delivery anywhere in Morocco.","publisher":{"@id":"https:\/\/vitablanca.ma\/#organization"},"alternateName":"VitaBlanca.ma","potentialAction":[{"@type":"SearchAction","target":{"@type":"EntryPoint","urlTemplate":"https:\/\/vitablanca.ma\/?s={search_term_string}"},"query-input":{"@type":"PropertyValueSpecification","valueRequired":true,"valueName":"search_term_string"}}],"inLanguage":"en-US"},{"@type":"Organization","@id":"https:\/\/vitablanca.ma\/#organization","name":"VitaBlanca","url":"https:\/\/vitablanca.ma\/","logo":{"@type":"ImageObject","inLanguage":"en-US","@id":"https:\/\/vitablanca.ma\/#\/schema\/logo\/image\/","url":"https:\/\/vitablanca.ma\/wp-content\/uploads\/2025\/05\/cropped-vitablanca.png","contentUrl":"https:\/\/vitablanca.ma\/wp-content\/uploads\/2025\/05\/cropped-vitablanca.png","width":360,"height":67,"caption":"VitaBlanca"},"image":{"@id":"https:\/\/vitablanca.ma\/#\/schema\/logo\/image\/"},"sameAs":["https:\/\/www.facebook.com\/profile.php?id=61576678196717","https:\/\/www.tiktok.com\/@vitablanca.ma","https:\/\/www.instagram.com\/vitablanca.ma\/"]}]}},"jetpack_sharing_enabled":true,"_links":{"self":[{"href":"https:\/\/vitablanca.ma\/en\/wp-json\/wp\/v2\/product\/11617","targetHints":{"allow":["GET"]}}],"collection":[{"href":"https:\/\/vitablanca.ma\/en\/wp-json\/wp\/v2\/product"}],"about":[{"href":"https:\/\/vitablanca.ma\/en\/wp-json\/wp\/v2\/types\/product"}],"wp:featuredmedia":[{"embeddable":true,"href":"https:\/\/vitablanca.ma\/en\/wp-json\/wp\/v2\/media\/11614"}],"wp:attachment":[{"href":"https:\/\/vitablanca.ma\/en\/wp-json\/wp\/v2\/media?parent=11617"}],"wp:term":[{"taxonomy":"product_brand","embeddable":true,"href":"https:\/\/vitablanca.ma\/en\/wp-json\/wp\/v2\/product_brand?post=11617"},{"taxonomy":"product_cat","embeddable":true,"href":"https:\/\/vitablanca.ma\/en\/wp-json\/wp\/v2\/product_cat?post=11617"},{"taxonomy":"product_tag","embeddable":true,"href":"https:\/\/vitablanca.ma\/en\/wp-json\/wp\/v2\/product_tag?post=11617"}],"curies":[{"name":"wp","href":"https:\/\/api.w.org\/{rel}","templated":true}]}}