{"id":11600,"date":"2025-05-28T20:27:50","date_gmt":"2025-05-28T20:27:50","guid":{"rendered":"https:\/\/vitablanca.ma\/product\/makeup-revolution-forever-flawless-flamboyance-flamingo-eyeshadow-palette\/"},"modified":"2025-05-28T20:27:50","modified_gmt":"2025-05-28T20:27:50","slug":"makeup-revolution-forever-flawless-flamboyance-flamingo-eyeshadow-palette","status":"publish","type":"product","link":"https:\/\/vitablanca.ma\/en\/product\/makeup-revolution-forever-flawless-flamboyance-flamingo-eyeshadow-palette\/","title":{"rendered":"MAKEUP REVOLUTION FOREVER FLAWLESS FLAMBOYANCE FLAMINGO EYESHADOW PALETTE"},"content":{"rendered":"<p>See life through rose-tinted glasses with the Makeup Revolution Forever Flawless Flamboyance Flamingo palette. Discover 18 highly pigmented eyeshadows to create fabulous makeup looks.<br \/>\n This flamboyant palette will be perfect for smokey rose gold fans, with its bright pink and powder pink tones, as well as its head-turning pops of color. Its metal packaging is decorated with pink feathers and the eyeshadows have engraved flamingos. This palette truly brings meaning to the quote &quot;in a world of pigeons, choose to be a flamingo!&quot;<\/p>","protected":false},"excerpt":{"rendered":"<p>Voyez la vie en rose avec la palette Makeup Revolution Forever Flawless Flamboyance Flamingo. Volez vers les 18 fards \u00e0 paupi\u00e8res hautement pigment\u00e9s pour cr\u00e9er des maquillages fabuleux. Cette palette flamboyante sera parfaite pour les fans de smokey rose gold, avec ses rose vif et rose poudr\u00e9, ainsi que ses pointes de couleurs \u00e0 en [&hellip;]<\/p>\n","protected":false},"featured_media":11598,"template":"","meta":{"om_disable_all_campaigns":false},"product_brand":[],"product_cat":[15],"product_tag":[],"class_list":{"0":"post-11600","1":"product","2":"type-product","3":"status-publish","4":"has-post-thumbnail","6":"product_cat-beaute-sante-complements-alimentaires-soins-et-bien-etre-au-meilleur-prix","8":"first","9":"instock","10":"taxable","11":"shipping-taxable","12":"purchasable","13":"product-type-simple"},"yoast_head":"<!-- This site is optimized with the Yoast SEO plugin v27.4 - https:\/\/yoast.com\/product\/yoast-seo-wordpress\/ -->\n<title>MAKEUP REVOLUTION FOREVER FLAWLESS FLAMBOYANCE FLAMINGO EYESHADOW PALETTE - Maroc Prix<\/title>\n<meta name=\"description\" content=\"MAKEUP REVOLUTION FOREVER FLAWLESS FLAMBOYANCE FLAMINGO EYESHADOW PALETTE\" \/>\n<meta name=\"robots\" content=\"index, follow, max-snippet:-1, max-image-preview:large, max-video-preview:-1\" \/>\n<link rel=\"canonical\" href=\"https:\/\/vitablanca.ma\/en\/product\/makeup-revolution-forever-flawless-flamboyance-flamingo-eyeshadow-palette\/\" \/>\n<meta property=\"og:locale\" content=\"en_US\" \/>\n<meta property=\"og:type\" content=\"article\" \/>\n<meta property=\"og:title\" content=\"MAKEUP REVOLUTION FOREVER FLAWLESS FLAMBOYANCE FLAMINGO EYESHADOW PALETTE - Maroc Prix\" \/>\n<meta property=\"og:description\" content=\"MAKEUP REVOLUTION FOREVER FLAWLESS FLAMBOYANCE FLAMINGO EYESHADOW PALETTE\" \/>\n<meta property=\"og:url\" content=\"https:\/\/vitablanca.ma\/en\/product\/makeup-revolution-forever-flawless-flamboyance-flamingo-eyeshadow-palette\/\" \/>\n<meta property=\"og:site_name\" content=\"Vitablanca.ma &ndash; Sant&eacute;, vitalit&eacute; et bien-&ecirc;tre pour tous les Marocains\" \/>\n<meta property=\"article:publisher\" content=\"https:\/\/www.facebook.com\/profile.php?id=61576678196717\" \/>\n<meta property=\"og:image\" content=\"https:\/\/vitablanca.ma\/wp-content\/uploads\/2025\/05\/FLAMINGO-REV1.jpg\" \/>\n\t<meta property=\"og:image:width\" content=\"800\" \/>\n\t<meta property=\"og:image:height\" content=\"800\" \/>\n\t<meta property=\"og:image:type\" content=\"image\/jpeg\" \/>\n<meta name=\"twitter:card\" content=\"summary_large_image\" \/>\n<meta name=\"twitter:label1\" content=\"Est. reading time\" \/>\n\t<meta name=\"twitter:data1\" content=\"1 minute\" \/>\n<script type=\"application\/ld+json\" class=\"yoast-schema-graph\">{\"@context\":\"https:\\\/\\\/schema.org\",\"@graph\":[{\"@type\":[\"WebPage\",\"ItemPage\"],\"@id\":\"https:\\\/\\\/vitablanca.ma\\\/produit\\\/makeup-revolution-forever-flawless-flamboyance-flamingo-eyeshadow-palette\\\/\",\"url\":\"https:\\\/\\\/vitablanca.ma\\\/produit\\\/makeup-revolution-forever-flawless-flamboyance-flamingo-eyeshadow-palette\\\/\",\"name\":\"MAKEUP REVOLUTION FOREVER FLAWLESS FLAMBOYANCE FLAMINGO EYESHADOW PALETTE - Maroc Prix\",\"isPartOf\":{\"@id\":\"https:\\\/\\\/vitablanca.ma\\\/#website\"},\"primaryImageOfPage\":{\"@id\":\"https:\\\/\\\/vitablanca.ma\\\/produit\\\/makeup-revolution-forever-flawless-flamboyance-flamingo-eyeshadow-palette\\\/#primaryimage\"},\"image\":{\"@id\":\"https:\\\/\\\/vitablanca.ma\\\/produit\\\/makeup-revolution-forever-flawless-flamboyance-flamingo-eyeshadow-palette\\\/#primaryimage\"},\"thumbnailUrl\":\"https:\\\/\\\/vitablanca.ma\\\/wp-content\\\/uploads\\\/2025\\\/05\\\/FLAMINGO-REV1.jpg\",\"datePublished\":\"2025-05-28T20:27:50+00:00\",\"description\":\"MAKEUP REVOLUTION FOREVER FLAWLESS FLAMBOYANCE FLAMINGO EYESHADOW PALETTE\",\"breadcrumb\":{\"@id\":\"https:\\\/\\\/vitablanca.ma\\\/produit\\\/makeup-revolution-forever-flawless-flamboyance-flamingo-eyeshadow-palette\\\/#breadcrumb\"},\"inLanguage\":\"en-US\",\"potentialAction\":[{\"@type\":\"ReadAction\",\"target\":[\"https:\\\/\\\/vitablanca.ma\\\/produit\\\/makeup-revolution-forever-flawless-flamboyance-flamingo-eyeshadow-palette\\\/\"]}]},{\"@type\":\"ImageObject\",\"inLanguage\":\"en-US\",\"@id\":\"https:\\\/\\\/vitablanca.ma\\\/produit\\\/makeup-revolution-forever-flawless-flamboyance-flamingo-eyeshadow-palette\\\/#primaryimage\",\"url\":\"https:\\\/\\\/vitablanca.ma\\\/wp-content\\\/uploads\\\/2025\\\/05\\\/FLAMINGO-REV1.jpg\",\"contentUrl\":\"https:\\\/\\\/vitablanca.ma\\\/wp-content\\\/uploads\\\/2025\\\/05\\\/FLAMINGO-REV1.jpg\",\"width\":800,\"height\":800},{\"@type\":\"BreadcrumbList\",\"@id\":\"https:\\\/\\\/vitablanca.ma\\\/produit\\\/makeup-revolution-forever-flawless-flamboyance-flamingo-eyeshadow-palette\\\/#breadcrumb\",\"itemListElement\":[{\"@type\":\"ListItem\",\"position\":1,\"name\":\"Home\",\"item\":\"https:\\\/\\\/vitablanca.ma\\\/\"},{\"@type\":\"ListItem\",\"position\":2,\"name\":\"Tous Les Produits\",\"item\":\"https:\\\/\\\/vitablanca.ma\\\/tous-les-produits\\\/\"},{\"@type\":\"ListItem\",\"position\":3,\"name\":\"MAKEUP REVOLUTION FOREVER FLAWLESS FLAMBOYANCE FLAMINGO EYESHADOW PALETTE\"}]},{\"@type\":\"WebSite\",\"@id\":\"https:\\\/\\\/vitablanca.ma\\\/#website\",\"url\":\"https:\\\/\\\/vitablanca.ma\\\/\",\"name\":\"VitaBlanca.ma | Compl\u00e9ments alimentaires, sant\u00e9 & beaut\u00e9 au Maroc\",\"description\":\"vendre vitamines et compl\u00e9ments premium des USA &amp; Canada, Nouvelle Z\u00e9lande,Maroc (NOW Foods, Solgar, Manuka). Livraison rapide partout au Maroc.\",\"publisher\":{\"@id\":\"https:\\\/\\\/vitablanca.ma\\\/#organization\"},\"alternateName\":\"VitaBlanca.ma\",\"potentialAction\":[{\"@type\":\"SearchAction\",\"target\":{\"@type\":\"EntryPoint\",\"urlTemplate\":\"https:\\\/\\\/vitablanca.ma\\\/?s={search_term_string}\"},\"query-input\":{\"@type\":\"PropertyValueSpecification\",\"valueRequired\":true,\"valueName\":\"search_term_string\"}}],\"inLanguage\":\"en-US\"},{\"@type\":\"Organization\",\"@id\":\"https:\\\/\\\/vitablanca.ma\\\/#organization\",\"name\":\"VitaBlanca\",\"url\":\"https:\\\/\\\/vitablanca.ma\\\/\",\"logo\":{\"@type\":\"ImageObject\",\"inLanguage\":\"en-US\",\"@id\":\"https:\\\/\\\/vitablanca.ma\\\/#\\\/schema\\\/logo\\\/image\\\/\",\"url\":\"https:\\\/\\\/vitablanca.ma\\\/wp-content\\\/uploads\\\/2025\\\/05\\\/cropped-vitablanca.png\",\"contentUrl\":\"https:\\\/\\\/vitablanca.ma\\\/wp-content\\\/uploads\\\/2025\\\/05\\\/cropped-vitablanca.png\",\"width\":360,\"height\":67,\"caption\":\"VitaBlanca\"},\"image\":{\"@id\":\"https:\\\/\\\/vitablanca.ma\\\/#\\\/schema\\\/logo\\\/image\\\/\"},\"sameAs\":[\"https:\\\/\\\/www.facebook.com\\\/profile.php?id=61576678196717\",\"https:\\\/\\\/www.tiktok.com\\\/@vitablanca.ma\",\"https:\\\/\\\/www.instagram.com\\\/vitablanca.ma\\\/\"]}]}<\/script>\n<!-- \/ Yoast SEO plugin. -->","yoast_head_json":{"title":"MAKEUP REVOLUTION FOREVER FLAWLESS FLAMBOYANCE FLAMINGO EYESHADOW PALETTE - Morocco Price","description":"MAKEUP REVOLUTION FOREVER FLAWLESS FLAMBOYANCE FLAMINGO EYESHADOW PALETTE","robots":{"index":"index","follow":"follow","max-snippet":"max-snippet:-1","max-image-preview":"max-image-preview:large","max-video-preview":"max-video-preview:-1"},"canonical":"https:\/\/vitablanca.ma\/en\/product\/makeup-revolution-forever-flawless-flamboyance-flamingo-eyeshadow-palette\/","og_locale":"en_US","og_type":"article","og_title":"MAKEUP REVOLUTION FOREVER FLAWLESS FLAMBOYANCE FLAMINGO EYESHADOW PALETTE - Maroc Prix","og_description":"MAKEUP REVOLUTION FOREVER FLAWLESS FLAMBOYANCE FLAMINGO EYESHADOW PALETTE","og_url":"https:\/\/vitablanca.ma\/en\/product\/makeup-revolution-forever-flawless-flamboyance-flamingo-eyeshadow-palette\/","og_site_name":"Vitablanca.ma &ndash; Sant&eacute;, vitalit&eacute; et bien-&ecirc;tre pour tous les Marocains","article_publisher":"https:\/\/www.facebook.com\/profile.php?id=61576678196717","og_image":[{"width":800,"height":800,"url":"https:\/\/vitablanca.ma\/wp-content\/uploads\/2025\/05\/FLAMINGO-REV1.jpg","type":"image\/jpeg"}],"twitter_card":"summary_large_image","twitter_misc":{"Est. reading time":"1 minute"},"schema":{"@context":"https:\/\/schema.org","@graph":[{"@type":["WebPage","ItemPage"],"@id":"https:\/\/vitablanca.ma\/produit\/makeup-revolution-forever-flawless-flamboyance-flamingo-eyeshadow-palette\/","url":"https:\/\/vitablanca.ma\/produit\/makeup-revolution-forever-flawless-flamboyance-flamingo-eyeshadow-palette\/","name":"MAKEUP REVOLUTION FOREVER FLAWLESS FLAMBOYANCE FLAMINGO EYESHADOW PALETTE - Morocco Price","isPartOf":{"@id":"https:\/\/vitablanca.ma\/#website"},"primaryImageOfPage":{"@id":"https:\/\/vitablanca.ma\/produit\/makeup-revolution-forever-flawless-flamboyance-flamingo-eyeshadow-palette\/#primaryimage"},"image":{"@id":"https:\/\/vitablanca.ma\/produit\/makeup-revolution-forever-flawless-flamboyance-flamingo-eyeshadow-palette\/#primaryimage"},"thumbnailUrl":"https:\/\/vitablanca.ma\/wp-content\/uploads\/2025\/05\/FLAMINGO-REV1.jpg","datePublished":"2025-05-28T20:27:50+00:00","description":"MAKEUP REVOLUTION FOREVER FLAWLESS FLAMBOYANCE FLAMINGO EYESHADOW PALETTE","breadcrumb":{"@id":"https:\/\/vitablanca.ma\/produit\/makeup-revolution-forever-flawless-flamboyance-flamingo-eyeshadow-palette\/#breadcrumb"},"inLanguage":"en-US","potentialAction":[{"@type":"ReadAction","target":["https:\/\/vitablanca.ma\/produit\/makeup-revolution-forever-flawless-flamboyance-flamingo-eyeshadow-palette\/"]}]},{"@type":"ImageObject","inLanguage":"en-US","@id":"https:\/\/vitablanca.ma\/produit\/makeup-revolution-forever-flawless-flamboyance-flamingo-eyeshadow-palette\/#primaryimage","url":"https:\/\/vitablanca.ma\/wp-content\/uploads\/2025\/05\/FLAMINGO-REV1.jpg","contentUrl":"https:\/\/vitablanca.ma\/wp-content\/uploads\/2025\/05\/FLAMINGO-REV1.jpg","width":800,"height":800},{"@type":"BreadcrumbList","@id":"https:\/\/vitablanca.ma\/produit\/makeup-revolution-forever-flawless-flamboyance-flamingo-eyeshadow-palette\/#breadcrumb","itemListElement":[{"@type":"ListItem","position":1,"name":"Home","item":"https:\/\/vitablanca.ma\/"},{"@type":"ListItem","position":2,"name":"Tous Les Produits","item":"https:\/\/vitablanca.ma\/tous-les-produits\/"},{"@type":"ListItem","position":3,"name":"MAKEUP REVOLUTION FOREVER FLAWLESS FLAMBOYANCE FLAMINGO EYESHADOW PALETTE"}]},{"@type":"WebSite","@id":"https:\/\/vitablanca.ma\/#website","url":"https:\/\/vitablanca.ma\/","name":"VitaBlanca.ma | Food supplements, health &amp; beauty in Morocco","description":"sell premium vitamins and supplements from USA &amp; Canada, New Zealand, Morocco (NOW Foods, Solgar, Manuka). Fast delivery anywhere in Morocco.","publisher":{"@id":"https:\/\/vitablanca.ma\/#organization"},"alternateName":"VitaBlanca.ma","potentialAction":[{"@type":"SearchAction","target":{"@type":"EntryPoint","urlTemplate":"https:\/\/vitablanca.ma\/?s={search_term_string}"},"query-input":{"@type":"PropertyValueSpecification","valueRequired":true,"valueName":"search_term_string"}}],"inLanguage":"en-US"},{"@type":"Organization","@id":"https:\/\/vitablanca.ma\/#organization","name":"VitaBlanca","url":"https:\/\/vitablanca.ma\/","logo":{"@type":"ImageObject","inLanguage":"en-US","@id":"https:\/\/vitablanca.ma\/#\/schema\/logo\/image\/","url":"https:\/\/vitablanca.ma\/wp-content\/uploads\/2025\/05\/cropped-vitablanca.png","contentUrl":"https:\/\/vitablanca.ma\/wp-content\/uploads\/2025\/05\/cropped-vitablanca.png","width":360,"height":67,"caption":"VitaBlanca"},"image":{"@id":"https:\/\/vitablanca.ma\/#\/schema\/logo\/image\/"},"sameAs":["https:\/\/www.facebook.com\/profile.php?id=61576678196717","https:\/\/www.tiktok.com\/@vitablanca.ma","https:\/\/www.instagram.com\/vitablanca.ma\/"]}]}},"jetpack_sharing_enabled":true,"_links":{"self":[{"href":"https:\/\/vitablanca.ma\/en\/wp-json\/wp\/v2\/product\/11600","targetHints":{"allow":["GET"]}}],"collection":[{"href":"https:\/\/vitablanca.ma\/en\/wp-json\/wp\/v2\/product"}],"about":[{"href":"https:\/\/vitablanca.ma\/en\/wp-json\/wp\/v2\/types\/product"}],"wp:featuredmedia":[{"embeddable":true,"href":"https:\/\/vitablanca.ma\/en\/wp-json\/wp\/v2\/media\/11598"}],"wp:attachment":[{"href":"https:\/\/vitablanca.ma\/en\/wp-json\/wp\/v2\/media?parent=11600"}],"wp:term":[{"taxonomy":"product_brand","embeddable":true,"href":"https:\/\/vitablanca.ma\/en\/wp-json\/wp\/v2\/product_brand?post=11600"},{"taxonomy":"product_cat","embeddable":true,"href":"https:\/\/vitablanca.ma\/en\/wp-json\/wp\/v2\/product_cat?post=11600"},{"taxonomy":"product_tag","embeddable":true,"href":"https:\/\/vitablanca.ma\/en\/wp-json\/wp\/v2\/product_tag?post=11600"}],"curies":[{"name":"wp","href":"https:\/\/api.w.org\/{rel}","templated":true}]}}