{"id":11592,"date":"2025-05-28T20:27:36","date_gmt":"2025-05-28T20:27:36","guid":{"rendered":"https:\/\/vitablanca.ma\/product\/naked-x-robin-eisenberg-eyeshadow-palette-limited-edition-vegan-eyeshadow\/"},"modified":"2025-05-28T20:27:36","modified_gmt":"2025-05-28T20:27:36","slug":"naked-x-robin-eisenberg-eyeshadow-palette-limited-edition-vegan-eyeshadow","status":"publish","type":"product","link":"https:\/\/vitablanca.ma\/en\/product\/naked-x-robin-eisenberg-eyeshadow-palette-limited-edition-vegan-eyeshadow\/","title":{"rendered":"NAKED X ROBIN EISENBERG EYESHADOW PALETTE Limited-edition vegan eyeshadow"},"content":{"rendered":"<p>Cette limited-edition NAKED X ROBIN EISENBERG EYESHADOW PALETTE offre des nuances riches et des couleurs vives de longue dur\u00e9e pour un regard captivant et lumineux. Compl\u00e9t\u00e9e par des neutres c\u00e9lestes et des paillettes telluriques, cette palette \u00e0 la texture douce et velout\u00e9e est 100% vegan et reste parfaitement en place jusqu\u2019\u00e0 12 heures.<\/p>","protected":false},"excerpt":{"rendered":"<p>Cette limited-edition NAKED X ROBIN EISENBERG EYESHADOW PALETTE offre des nuances riches et des couleurs vives de longue dur\u00e9e pour un regard captivant et lumineux. Compl\u00e9t\u00e9e par des neutres c\u00e9lestes et des paillettes telluriques, cette palette \u00e0 la texture douce et velout\u00e9e est 100% vegan et reste parfaitement en place jusqu\u2019\u00e0 12 heures.<\/p>","protected":false},"featured_media":11589,"template":"","meta":{"om_disable_all_campaigns":false},"product_brand":[],"product_cat":[15],"product_tag":[],"class_list":{"0":"post-11592","1":"product","2":"type-product","3":"status-publish","4":"has-post-thumbnail","6":"product_cat-beaute-sante-complements-alimentaires-soins-et-bien-etre-au-meilleur-prix","8":"first","9":"instock","10":"taxable","11":"shipping-taxable","12":"purchasable","13":"product-type-simple"},"yoast_head":"<!-- This site is optimized with the Yoast SEO plugin v27.5 - https:\/\/yoast.com\/product\/yoast-seo-wordpress\/ -->\n<title>NAKED X ROBIN EISENBERG EYESHADOW PALETTE Limited-edition vegan eyeshadow - Maroc Prix<\/title>\n<meta name=\"description\" content=\"NAKED X ROBIN EISENBERG EYESHADOW PALETTE Limited-edition vegan eyeshadow\" \/>\n<meta name=\"robots\" content=\"index, follow, max-snippet:-1, max-image-preview:large, max-video-preview:-1\" \/>\n<link rel=\"canonical\" href=\"https:\/\/vitablanca.ma\/en\/product\/naked-x-robin-eisenberg-eyeshadow-palette-limited-edition-vegan-eyeshadow\/\" \/>\n<meta property=\"og:locale\" content=\"en_US\" \/>\n<meta property=\"og:type\" content=\"article\" \/>\n<meta property=\"og:title\" content=\"NAKED X ROBIN EISENBERG EYESHADOW PALETTE Limited-edition vegan eyeshadow - Maroc Prix\" \/>\n<meta property=\"og:description\" content=\"NAKED X ROBIN EISENBERG EYESHADOW PALETTE Limited-edition vegan eyeshadow\" \/>\n<meta property=\"og:url\" content=\"https:\/\/vitablanca.ma\/en\/product\/naked-x-robin-eisenberg-eyeshadow-palette-limited-edition-vegan-eyeshadow\/\" \/>\n<meta property=\"og:site_name\" content=\"Vitablanca.ma &ndash; Sant&eacute;, vitalit&eacute; et bien-&ecirc;tre pour tous les Marocains\" \/>\n<meta property=\"article:publisher\" content=\"https:\/\/www.facebook.com\/profile.php?id=61576678196717\" \/>\n<meta property=\"og:image\" content=\"https:\/\/vitablanca.ma\/wp-content\/uploads\/2025\/05\/3605972741967_1-scaled.jpg\" \/>\n\t<meta property=\"og:image:width\" content=\"2560\" \/>\n\t<meta property=\"og:image:height\" content=\"2560\" \/>\n\t<meta property=\"og:image:type\" content=\"image\/jpeg\" \/>\n<meta name=\"twitter:card\" content=\"summary_large_image\" \/>\n<script type=\"application\/ld+json\" class=\"yoast-schema-graph\">{\"@context\":\"https:\\\/\\\/schema.org\",\"@graph\":[{\"@type\":[\"WebPage\",\"ItemPage\"],\"@id\":\"https:\\\/\\\/vitablanca.ma\\\/produit\\\/naked-x-robin-eisenberg-eyeshadow-palette-limited-edition-vegan-eyeshadow\\\/\",\"url\":\"https:\\\/\\\/vitablanca.ma\\\/produit\\\/naked-x-robin-eisenberg-eyeshadow-palette-limited-edition-vegan-eyeshadow\\\/\",\"name\":\"NAKED X ROBIN EISENBERG EYESHADOW PALETTE Limited-edition vegan eyeshadow - Maroc Prix\",\"isPartOf\":{\"@id\":\"https:\\\/\\\/vitablanca.ma\\\/#website\"},\"primaryImageOfPage\":{\"@id\":\"https:\\\/\\\/vitablanca.ma\\\/produit\\\/naked-x-robin-eisenberg-eyeshadow-palette-limited-edition-vegan-eyeshadow\\\/#primaryimage\"},\"image\":{\"@id\":\"https:\\\/\\\/vitablanca.ma\\\/produit\\\/naked-x-robin-eisenberg-eyeshadow-palette-limited-edition-vegan-eyeshadow\\\/#primaryimage\"},\"thumbnailUrl\":\"https:\\\/\\\/vitablanca.ma\\\/wp-content\\\/uploads\\\/2025\\\/05\\\/3605972741967_1-scaled.jpg\",\"datePublished\":\"2025-05-28T20:27:36+00:00\",\"description\":\"NAKED X ROBIN EISENBERG EYESHADOW PALETTE Limited-edition vegan eyeshadow\",\"breadcrumb\":{\"@id\":\"https:\\\/\\\/vitablanca.ma\\\/produit\\\/naked-x-robin-eisenberg-eyeshadow-palette-limited-edition-vegan-eyeshadow\\\/#breadcrumb\"},\"inLanguage\":\"en-US\",\"potentialAction\":[{\"@type\":\"ReadAction\",\"target\":[\"https:\\\/\\\/vitablanca.ma\\\/produit\\\/naked-x-robin-eisenberg-eyeshadow-palette-limited-edition-vegan-eyeshadow\\\/\"]}]},{\"@type\":\"ImageObject\",\"inLanguage\":\"en-US\",\"@id\":\"https:\\\/\\\/vitablanca.ma\\\/produit\\\/naked-x-robin-eisenberg-eyeshadow-palette-limited-edition-vegan-eyeshadow\\\/#primaryimage\",\"url\":\"https:\\\/\\\/vitablanca.ma\\\/wp-content\\\/uploads\\\/2025\\\/05\\\/3605972741967_1-scaled.jpg\",\"contentUrl\":\"https:\\\/\\\/vitablanca.ma\\\/wp-content\\\/uploads\\\/2025\\\/05\\\/3605972741967_1-scaled.jpg\",\"width\":2560,\"height\":2560},{\"@type\":\"BreadcrumbList\",\"@id\":\"https:\\\/\\\/vitablanca.ma\\\/produit\\\/naked-x-robin-eisenberg-eyeshadow-palette-limited-edition-vegan-eyeshadow\\\/#breadcrumb\",\"itemListElement\":[{\"@type\":\"ListItem\",\"position\":1,\"name\":\"Home\",\"item\":\"https:\\\/\\\/vitablanca.ma\\\/\"},{\"@type\":\"ListItem\",\"position\":2,\"name\":\"Tous Les Produits\",\"item\":\"https:\\\/\\\/vitablanca.ma\\\/tous-les-produits\\\/\"},{\"@type\":\"ListItem\",\"position\":3,\"name\":\"NAKED X ROBIN EISENBERG EYESHADOW PALETTE Limited-edition vegan eyeshadow\"}]},{\"@type\":\"WebSite\",\"@id\":\"https:\\\/\\\/vitablanca.ma\\\/#website\",\"url\":\"https:\\\/\\\/vitablanca.ma\\\/\",\"name\":\"VitaBlanca.ma | Compl\u00e9ments alimentaires, sant\u00e9 & beaut\u00e9 au Maroc\",\"description\":\"vendre vitamines et compl\u00e9ments premium des USA &amp; Canada, Nouvelle Z\u00e9lande,Maroc (NOW Foods, Solgar, Manuka). Livraison rapide partout au Maroc.\",\"publisher\":{\"@id\":\"https:\\\/\\\/vitablanca.ma\\\/#organization\"},\"alternateName\":\"VitaBlanca.ma\",\"potentialAction\":[{\"@type\":\"SearchAction\",\"target\":{\"@type\":\"EntryPoint\",\"urlTemplate\":\"https:\\\/\\\/vitablanca.ma\\\/?s={search_term_string}\"},\"query-input\":{\"@type\":\"PropertyValueSpecification\",\"valueRequired\":true,\"valueName\":\"search_term_string\"}}],\"inLanguage\":\"en-US\"},{\"@type\":\"Organization\",\"@id\":\"https:\\\/\\\/vitablanca.ma\\\/#organization\",\"name\":\"VitaBlanca\",\"url\":\"https:\\\/\\\/vitablanca.ma\\\/\",\"logo\":{\"@type\":\"ImageObject\",\"inLanguage\":\"en-US\",\"@id\":\"https:\\\/\\\/vitablanca.ma\\\/#\\\/schema\\\/logo\\\/image\\\/\",\"url\":\"https:\\\/\\\/vitablanca.ma\\\/wp-content\\\/uploads\\\/2025\\\/05\\\/cropped-vitablanca.png\",\"contentUrl\":\"https:\\\/\\\/vitablanca.ma\\\/wp-content\\\/uploads\\\/2025\\\/05\\\/cropped-vitablanca.png\",\"width\":360,\"height\":67,\"caption\":\"VitaBlanca\"},\"image\":{\"@id\":\"https:\\\/\\\/vitablanca.ma\\\/#\\\/schema\\\/logo\\\/image\\\/\"},\"sameAs\":[\"https:\\\/\\\/www.facebook.com\\\/profile.php?id=61576678196717\",\"https:\\\/\\\/www.tiktok.com\\\/@vitablanca.ma\",\"https:\\\/\\\/www.instagram.com\\\/vitablanca.ma\\\/\"]}]}<\/script>\n<!-- \/ Yoast SEO plugin. -->","yoast_head_json":{"title":"NAKED X ROBIN EISENBERG EYESHADOW PALETTE Limited-edition vegan eyeshadow - Morocco Price","description":"NAKED X ROBIN EISENBERG EYESHADOW PALETTE Limited-edition vegan eyeshadow","robots":{"index":"index","follow":"follow","max-snippet":"max-snippet:-1","max-image-preview":"max-image-preview:large","max-video-preview":"max-video-preview:-1"},"canonical":"https:\/\/vitablanca.ma\/en\/product\/naked-x-robin-eisenberg-eyeshadow-palette-limited-edition-vegan-eyeshadow\/","og_locale":"en_US","og_type":"article","og_title":"NAKED X ROBIN EISENBERG EYESHADOW PALETTE Limited-edition vegan eyeshadow - Maroc Prix","og_description":"NAKED X ROBIN EISENBERG EYESHADOW PALETTE Limited-edition vegan eyeshadow","og_url":"https:\/\/vitablanca.ma\/en\/product\/naked-x-robin-eisenberg-eyeshadow-palette-limited-edition-vegan-eyeshadow\/","og_site_name":"Vitablanca.ma &ndash; Sant&eacute;, vitalit&eacute; et bien-&ecirc;tre pour tous les Marocains","article_publisher":"https:\/\/www.facebook.com\/profile.php?id=61576678196717","og_image":[{"width":2560,"height":2560,"url":"https:\/\/vitablanca.ma\/wp-content\/uploads\/2025\/05\/3605972741967_1-scaled.jpg","type":"image\/jpeg"}],"twitter_card":"summary_large_image","schema":{"@context":"https:\/\/schema.org","@graph":[{"@type":["WebPage","ItemPage"],"@id":"https:\/\/vitablanca.ma\/produit\/naked-x-robin-eisenberg-eyeshadow-palette-limited-edition-vegan-eyeshadow\/","url":"https:\/\/vitablanca.ma\/produit\/naked-x-robin-eisenberg-eyeshadow-palette-limited-edition-vegan-eyeshadow\/","name":"NAKED X ROBIN EISENBERG EYESHADOW PALETTE Limited-edition vegan eyeshadow - Morocco Price","isPartOf":{"@id":"https:\/\/vitablanca.ma\/#website"},"primaryImageOfPage":{"@id":"https:\/\/vitablanca.ma\/produit\/naked-x-robin-eisenberg-eyeshadow-palette-limited-edition-vegan-eyeshadow\/#primaryimage"},"image":{"@id":"https:\/\/vitablanca.ma\/produit\/naked-x-robin-eisenberg-eyeshadow-palette-limited-edition-vegan-eyeshadow\/#primaryimage"},"thumbnailUrl":"https:\/\/vitablanca.ma\/wp-content\/uploads\/2025\/05\/3605972741967_1-scaled.jpg","datePublished":"2025-05-28T20:27:36+00:00","description":"NAKED X ROBIN EISENBERG EYESHADOW PALETTE Limited-edition vegan eyeshadow","breadcrumb":{"@id":"https:\/\/vitablanca.ma\/produit\/naked-x-robin-eisenberg-eyeshadow-palette-limited-edition-vegan-eyeshadow\/#breadcrumb"},"inLanguage":"en-US","potentialAction":[{"@type":"ReadAction","target":["https:\/\/vitablanca.ma\/produit\/naked-x-robin-eisenberg-eyeshadow-palette-limited-edition-vegan-eyeshadow\/"]}]},{"@type":"ImageObject","inLanguage":"en-US","@id":"https:\/\/vitablanca.ma\/produit\/naked-x-robin-eisenberg-eyeshadow-palette-limited-edition-vegan-eyeshadow\/#primaryimage","url":"https:\/\/vitablanca.ma\/wp-content\/uploads\/2025\/05\/3605972741967_1-scaled.jpg","contentUrl":"https:\/\/vitablanca.ma\/wp-content\/uploads\/2025\/05\/3605972741967_1-scaled.jpg","width":2560,"height":2560},{"@type":"BreadcrumbList","@id":"https:\/\/vitablanca.ma\/produit\/naked-x-robin-eisenberg-eyeshadow-palette-limited-edition-vegan-eyeshadow\/#breadcrumb","itemListElement":[{"@type":"ListItem","position":1,"name":"Home","item":"https:\/\/vitablanca.ma\/"},{"@type":"ListItem","position":2,"name":"Tous Les Produits","item":"https:\/\/vitablanca.ma\/tous-les-produits\/"},{"@type":"ListItem","position":3,"name":"NAKED X ROBIN EISENBERG EYESHADOW PALETTE Limited-edition vegan eyeshadow"}]},{"@type":"WebSite","@id":"https:\/\/vitablanca.ma\/#website","url":"https:\/\/vitablanca.ma\/","name":"VitaBlanca.ma | Food supplements, health &amp; beauty in Morocco","description":"sell premium vitamins and supplements from USA &amp; Canada, New Zealand, Morocco (NOW Foods, Solgar, Manuka). Fast delivery anywhere in Morocco.","publisher":{"@id":"https:\/\/vitablanca.ma\/#organization"},"alternateName":"VitaBlanca.ma","potentialAction":[{"@type":"SearchAction","target":{"@type":"EntryPoint","urlTemplate":"https:\/\/vitablanca.ma\/?s={search_term_string}"},"query-input":{"@type":"PropertyValueSpecification","valueRequired":true,"valueName":"search_term_string"}}],"inLanguage":"en-US"},{"@type":"Organization","@id":"https:\/\/vitablanca.ma\/#organization","name":"VitaBlanca","url":"https:\/\/vitablanca.ma\/","logo":{"@type":"ImageObject","inLanguage":"en-US","@id":"https:\/\/vitablanca.ma\/#\/schema\/logo\/image\/","url":"https:\/\/vitablanca.ma\/wp-content\/uploads\/2025\/05\/cropped-vitablanca.png","contentUrl":"https:\/\/vitablanca.ma\/wp-content\/uploads\/2025\/05\/cropped-vitablanca.png","width":360,"height":67,"caption":"VitaBlanca"},"image":{"@id":"https:\/\/vitablanca.ma\/#\/schema\/logo\/image\/"},"sameAs":["https:\/\/www.facebook.com\/profile.php?id=61576678196717","https:\/\/www.tiktok.com\/@vitablanca.ma","https:\/\/www.instagram.com\/vitablanca.ma\/"]}]}},"jetpack_sharing_enabled":true,"_links":{"self":[{"href":"https:\/\/vitablanca.ma\/en\/wp-json\/wp\/v2\/product\/11592","targetHints":{"allow":["GET"]}}],"collection":[{"href":"https:\/\/vitablanca.ma\/en\/wp-json\/wp\/v2\/product"}],"about":[{"href":"https:\/\/vitablanca.ma\/en\/wp-json\/wp\/v2\/types\/product"}],"wp:featuredmedia":[{"embeddable":true,"href":"https:\/\/vitablanca.ma\/en\/wp-json\/wp\/v2\/media\/11589"}],"wp:attachment":[{"href":"https:\/\/vitablanca.ma\/en\/wp-json\/wp\/v2\/media?parent=11592"}],"wp:term":[{"taxonomy":"product_brand","embeddable":true,"href":"https:\/\/vitablanca.ma\/en\/wp-json\/wp\/v2\/product_brand?post=11592"},{"taxonomy":"product_cat","embeddable":true,"href":"https:\/\/vitablanca.ma\/en\/wp-json\/wp\/v2\/product_cat?post=11592"},{"taxonomy":"product_tag","embeddable":true,"href":"https:\/\/vitablanca.ma\/en\/wp-json\/wp\/v2\/product_tag?post=11592"}],"curies":[{"name":"wp","href":"https:\/\/api.w.org\/{rel}","templated":true}]}}