{"id":11420,"date":"2025-05-28T20:21:56","date_gmt":"2025-05-28T20:21:56","guid":{"rendered":"https:\/\/vitablanca.ma\/product\/masterpiece-liquid-eyeliner-max-factor\/"},"modified":"2025-05-28T20:21:59","modified_gmt":"2025-05-28T20:21:59","slug":"masterpiece-liquid-eyeliner-max-factor","status":"publish","type":"product","link":"https:\/\/vitablanca.ma\/en\/product\/masterpiece-liquid-eyeliner-max-factor\/","title":{"rendered":"MASTERPIECE LIQUID EYELINER \u2013 MAX FACTOR"},"content":{"rendered":"<p data-mce-fragment=\"1\">R\u00e9v\u00e9lez votre style avec l\u2019eyeliner liquide MASTERPIECE de MAX FACTOR. Sa pointe unique en forme de \u00ab pagaie \u00bb permet de tracer une ligne \u00e9paisse et intense ou une ligne fine et \u00e9l\u00e9gante, pour un look pr\u00e9cis.<\/p>","protected":false},"excerpt":{"rendered":"<p>R\u00e9v\u00e9lez votre style avec l\u2019eyeliner liquide MASTERPIECE de MAX FACTOR. Sa pointe unique en forme de \u00ab pagaie \u00bb permet de tracer une ligne \u00e9paisse et intense ou une ligne fine et \u00e9l\u00e9gante, pour un look pr\u00e9cis.<\/p>","protected":false},"featured_media":11384,"template":"","meta":{"om_disable_all_campaigns":false},"product_brand":[],"product_cat":[15],"product_tag":[],"class_list":{"0":"post-11420","1":"product","2":"type-product","3":"status-publish","4":"has-post-thumbnail","6":"product_cat-beaute-sante-complements-alimentaires-soins-et-bien-etre-au-meilleur-prix","8":"first","9":"instock","10":"taxable","11":"shipping-taxable","12":"purchasable","13":"product-type-variable"},"yoast_head":"<!-- This site is optimized with the Yoast SEO plugin v27.5 - https:\/\/yoast.com\/product\/yoast-seo-wordpress\/ -->\n<title>MASTERPIECE LIQUID EYELINER - MAX FACTOR - Maroc Prix<\/title>\n<meta name=\"description\" content=\"MASTERPIECE LIQUID EYELINER - MAX FACTOR\" \/>\n<meta name=\"robots\" content=\"index, follow, max-snippet:-1, max-image-preview:large, max-video-preview:-1\" \/>\n<link rel=\"canonical\" href=\"https:\/\/vitablanca.ma\/en\/product\/masterpiece-liquid-eyeliner-max-factor\/\" \/>\n<meta property=\"og:locale\" content=\"en_US\" \/>\n<meta property=\"og:type\" content=\"article\" \/>\n<meta property=\"og:title\" content=\"MASTERPIECE LIQUID EYELINER - MAX FACTOR - Maroc Prix\" \/>\n<meta property=\"og:description\" content=\"MASTERPIECE LIQUID EYELINER - MAX FACTOR\" \/>\n<meta property=\"og:url\" content=\"https:\/\/vitablanca.ma\/en\/product\/masterpiece-liquid-eyeliner-max-factor\/\" \/>\n<meta property=\"og:site_name\" content=\"Vitablanca.ma &ndash; Sant&eacute;, vitalit&eacute; et bien-&ecirc;tre pour tous les Marocains\" \/>\n<meta property=\"article:publisher\" content=\"https:\/\/www.facebook.com\/profile.php?id=61576678196717\" \/>\n<meta property=\"article:modified_time\" content=\"2025-05-28T20:21:59+00:00\" \/>\n<meta property=\"og:image\" content=\"https:\/\/vitablanca.ma\/wp-content\/uploads\/2025\/05\/xl_delineador-liquido-m_masterpiece-high-pre_blt710c5a3bbb837234_en-gb_1.jpg\" \/>\n\t<meta property=\"og:image:width\" content=\"1920\" \/>\n\t<meta property=\"og:image:height\" content=\"1920\" \/>\n\t<meta property=\"og:image:type\" content=\"image\/jpeg\" \/>\n<meta name=\"twitter:card\" content=\"summary_large_image\" \/>\n<script type=\"application\/ld+json\" class=\"yoast-schema-graph\">{\"@context\":\"https:\\\/\\\/schema.org\",\"@graph\":[{\"@type\":[\"WebPage\",\"ItemPage\"],\"@id\":\"https:\\\/\\\/vitablanca.ma\\\/produit\\\/masterpiece-liquid-eyeliner-max-factor\\\/\",\"url\":\"https:\\\/\\\/vitablanca.ma\\\/produit\\\/masterpiece-liquid-eyeliner-max-factor\\\/\",\"name\":\"MASTERPIECE LIQUID EYELINER - MAX FACTOR - Maroc Prix\",\"isPartOf\":{\"@id\":\"https:\\\/\\\/vitablanca.ma\\\/#website\"},\"primaryImageOfPage\":{\"@id\":\"https:\\\/\\\/vitablanca.ma\\\/produit\\\/masterpiece-liquid-eyeliner-max-factor\\\/#primaryimage\"},\"image\":{\"@id\":\"https:\\\/\\\/vitablanca.ma\\\/produit\\\/masterpiece-liquid-eyeliner-max-factor\\\/#primaryimage\"},\"thumbnailUrl\":\"https:\\\/\\\/vitablanca.ma\\\/wp-content\\\/uploads\\\/2025\\\/05\\\/xl_delineador-liquido-m_masterpiece-high-pre_blt710c5a3bbb837234_en-gb_1.jpg\",\"datePublished\":\"2025-05-28T20:21:56+00:00\",\"dateModified\":\"2025-05-28T20:21:59+00:00\",\"description\":\"MASTERPIECE LIQUID EYELINER - MAX FACTOR\",\"breadcrumb\":{\"@id\":\"https:\\\/\\\/vitablanca.ma\\\/produit\\\/masterpiece-liquid-eyeliner-max-factor\\\/#breadcrumb\"},\"inLanguage\":\"en-US\",\"potentialAction\":[{\"@type\":\"ReadAction\",\"target\":[\"https:\\\/\\\/vitablanca.ma\\\/produit\\\/masterpiece-liquid-eyeliner-max-factor\\\/\"]}]},{\"@type\":\"ImageObject\",\"inLanguage\":\"en-US\",\"@id\":\"https:\\\/\\\/vitablanca.ma\\\/produit\\\/masterpiece-liquid-eyeliner-max-factor\\\/#primaryimage\",\"url\":\"https:\\\/\\\/vitablanca.ma\\\/wp-content\\\/uploads\\\/2025\\\/05\\\/xl_delineador-liquido-m_masterpiece-high-pre_blt710c5a3bbb837234_en-gb_1.jpg\",\"contentUrl\":\"https:\\\/\\\/vitablanca.ma\\\/wp-content\\\/uploads\\\/2025\\\/05\\\/xl_delineador-liquido-m_masterpiece-high-pre_blt710c5a3bbb837234_en-gb_1.jpg\",\"width\":1920,\"height\":1920},{\"@type\":\"BreadcrumbList\",\"@id\":\"https:\\\/\\\/vitablanca.ma\\\/produit\\\/masterpiece-liquid-eyeliner-max-factor\\\/#breadcrumb\",\"itemListElement\":[{\"@type\":\"ListItem\",\"position\":1,\"name\":\"Home\",\"item\":\"https:\\\/\\\/vitablanca.ma\\\/\"},{\"@type\":\"ListItem\",\"position\":2,\"name\":\"Tous Les Produits\",\"item\":\"https:\\\/\\\/vitablanca.ma\\\/tous-les-produits\\\/\"},{\"@type\":\"ListItem\",\"position\":3,\"name\":\"MASTERPIECE LIQUID EYELINER &#8211; MAX FACTOR\"}]},{\"@type\":\"WebSite\",\"@id\":\"https:\\\/\\\/vitablanca.ma\\\/#website\",\"url\":\"https:\\\/\\\/vitablanca.ma\\\/\",\"name\":\"VitaBlanca.ma | Compl\u00e9ments alimentaires, sant\u00e9 & beaut\u00e9 au Maroc\",\"description\":\"vendre vitamines et compl\u00e9ments premium des USA &amp; Canada, Nouvelle Z\u00e9lande,Maroc (NOW Foods, Solgar, Manuka). Livraison rapide partout au Maroc.\",\"publisher\":{\"@id\":\"https:\\\/\\\/vitablanca.ma\\\/#organization\"},\"alternateName\":\"VitaBlanca.ma\",\"potentialAction\":[{\"@type\":\"SearchAction\",\"target\":{\"@type\":\"EntryPoint\",\"urlTemplate\":\"https:\\\/\\\/vitablanca.ma\\\/?s={search_term_string}\"},\"query-input\":{\"@type\":\"PropertyValueSpecification\",\"valueRequired\":true,\"valueName\":\"search_term_string\"}}],\"inLanguage\":\"en-US\"},{\"@type\":\"Organization\",\"@id\":\"https:\\\/\\\/vitablanca.ma\\\/#organization\",\"name\":\"VitaBlanca\",\"url\":\"https:\\\/\\\/vitablanca.ma\\\/\",\"logo\":{\"@type\":\"ImageObject\",\"inLanguage\":\"en-US\",\"@id\":\"https:\\\/\\\/vitablanca.ma\\\/#\\\/schema\\\/logo\\\/image\\\/\",\"url\":\"https:\\\/\\\/vitablanca.ma\\\/wp-content\\\/uploads\\\/2025\\\/05\\\/cropped-vitablanca.png\",\"contentUrl\":\"https:\\\/\\\/vitablanca.ma\\\/wp-content\\\/uploads\\\/2025\\\/05\\\/cropped-vitablanca.png\",\"width\":360,\"height\":67,\"caption\":\"VitaBlanca\"},\"image\":{\"@id\":\"https:\\\/\\\/vitablanca.ma\\\/#\\\/schema\\\/logo\\\/image\\\/\"},\"sameAs\":[\"https:\\\/\\\/www.facebook.com\\\/profile.php?id=61576678196717\",\"https:\\\/\\\/www.tiktok.com\\\/@vitablanca.ma\",\"https:\\\/\\\/www.instagram.com\\\/vitablanca.ma\\\/\"]}]}<\/script>\n<!-- \/ Yoast SEO plugin. -->","yoast_head_json":{"title":"MASTERPIECE LIQUID EYELINER - MAX FACTOR - Morocco Price","description":"MASTERPIECE LIQUID EYELINER - MAX FACTOR","robots":{"index":"index","follow":"follow","max-snippet":"max-snippet:-1","max-image-preview":"max-image-preview:large","max-video-preview":"max-video-preview:-1"},"canonical":"https:\/\/vitablanca.ma\/en\/product\/masterpiece-liquid-eyeliner-max-factor\/","og_locale":"en_US","og_type":"article","og_title":"MASTERPIECE LIQUID EYELINER - MAX FACTOR - Maroc Prix","og_description":"MASTERPIECE LIQUID EYELINER - MAX FACTOR","og_url":"https:\/\/vitablanca.ma\/en\/product\/masterpiece-liquid-eyeliner-max-factor\/","og_site_name":"Vitablanca.ma &ndash; Sant&eacute;, vitalit&eacute; et bien-&ecirc;tre pour tous les Marocains","article_publisher":"https:\/\/www.facebook.com\/profile.php?id=61576678196717","article_modified_time":"2025-05-28T20:21:59+00:00","og_image":[{"width":1920,"height":1920,"url":"https:\/\/vitablanca.ma\/wp-content\/uploads\/2025\/05\/xl_delineador-liquido-m_masterpiece-high-pre_blt710c5a3bbb837234_en-gb_1.jpg","type":"image\/jpeg"}],"twitter_card":"summary_large_image","schema":{"@context":"https:\/\/schema.org","@graph":[{"@type":["WebPage","ItemPage"],"@id":"https:\/\/vitablanca.ma\/produit\/masterpiece-liquid-eyeliner-max-factor\/","url":"https:\/\/vitablanca.ma\/produit\/masterpiece-liquid-eyeliner-max-factor\/","name":"MASTERPIECE LIQUID EYELINER - MAX FACTOR - Morocco Price","isPartOf":{"@id":"https:\/\/vitablanca.ma\/#website"},"primaryImageOfPage":{"@id":"https:\/\/vitablanca.ma\/produit\/masterpiece-liquid-eyeliner-max-factor\/#primaryimage"},"image":{"@id":"https:\/\/vitablanca.ma\/produit\/masterpiece-liquid-eyeliner-max-factor\/#primaryimage"},"thumbnailUrl":"https:\/\/vitablanca.ma\/wp-content\/uploads\/2025\/05\/xl_delineador-liquido-m_masterpiece-high-pre_blt710c5a3bbb837234_en-gb_1.jpg","datePublished":"2025-05-28T20:21:56+00:00","dateModified":"2025-05-28T20:21:59+00:00","description":"MASTERPIECE LIQUID EYELINER - MAX FACTOR","breadcrumb":{"@id":"https:\/\/vitablanca.ma\/produit\/masterpiece-liquid-eyeliner-max-factor\/#breadcrumb"},"inLanguage":"en-US","potentialAction":[{"@type":"ReadAction","target":["https:\/\/vitablanca.ma\/produit\/masterpiece-liquid-eyeliner-max-factor\/"]}]},{"@type":"ImageObject","inLanguage":"en-US","@id":"https:\/\/vitablanca.ma\/produit\/masterpiece-liquid-eyeliner-max-factor\/#primaryimage","url":"https:\/\/vitablanca.ma\/wp-content\/uploads\/2025\/05\/xl_delineador-liquido-m_masterpiece-high-pre_blt710c5a3bbb837234_en-gb_1.jpg","contentUrl":"https:\/\/vitablanca.ma\/wp-content\/uploads\/2025\/05\/xl_delineador-liquido-m_masterpiece-high-pre_blt710c5a3bbb837234_en-gb_1.jpg","width":1920,"height":1920},{"@type":"BreadcrumbList","@id":"https:\/\/vitablanca.ma\/produit\/masterpiece-liquid-eyeliner-max-factor\/#breadcrumb","itemListElement":[{"@type":"ListItem","position":1,"name":"Home","item":"https:\/\/vitablanca.ma\/"},{"@type":"ListItem","position":2,"name":"Tous Les Produits","item":"https:\/\/vitablanca.ma\/tous-les-produits\/"},{"@type":"ListItem","position":3,"name":"MASTERPIECE LIQUID EYELINER &#8211; MAX FACTOR"}]},{"@type":"WebSite","@id":"https:\/\/vitablanca.ma\/#website","url":"https:\/\/vitablanca.ma\/","name":"VitaBlanca.ma | Food supplements, health &amp; beauty in Morocco","description":"sell premium vitamins and supplements from USA &amp; Canada, New Zealand, Morocco (NOW Foods, Solgar, Manuka). Fast delivery anywhere in Morocco.","publisher":{"@id":"https:\/\/vitablanca.ma\/#organization"},"alternateName":"VitaBlanca.ma","potentialAction":[{"@type":"SearchAction","target":{"@type":"EntryPoint","urlTemplate":"https:\/\/vitablanca.ma\/?s={search_term_string}"},"query-input":{"@type":"PropertyValueSpecification","valueRequired":true,"valueName":"search_term_string"}}],"inLanguage":"en-US"},{"@type":"Organization","@id":"https:\/\/vitablanca.ma\/#organization","name":"VitaBlanca","url":"https:\/\/vitablanca.ma\/","logo":{"@type":"ImageObject","inLanguage":"en-US","@id":"https:\/\/vitablanca.ma\/#\/schema\/logo\/image\/","url":"https:\/\/vitablanca.ma\/wp-content\/uploads\/2025\/05\/cropped-vitablanca.png","contentUrl":"https:\/\/vitablanca.ma\/wp-content\/uploads\/2025\/05\/cropped-vitablanca.png","width":360,"height":67,"caption":"VitaBlanca"},"image":{"@id":"https:\/\/vitablanca.ma\/#\/schema\/logo\/image\/"},"sameAs":["https:\/\/www.facebook.com\/profile.php?id=61576678196717","https:\/\/www.tiktok.com\/@vitablanca.ma","https:\/\/www.instagram.com\/vitablanca.ma\/"]}]}},"jetpack_sharing_enabled":true,"_links":{"self":[{"href":"https:\/\/vitablanca.ma\/en\/wp-json\/wp\/v2\/product\/11420","targetHints":{"allow":["GET"]}}],"collection":[{"href":"https:\/\/vitablanca.ma\/en\/wp-json\/wp\/v2\/product"}],"about":[{"href":"https:\/\/vitablanca.ma\/en\/wp-json\/wp\/v2\/types\/product"}],"wp:featuredmedia":[{"embeddable":true,"href":"https:\/\/vitablanca.ma\/en\/wp-json\/wp\/v2\/media\/11384"}],"wp:attachment":[{"href":"https:\/\/vitablanca.ma\/en\/wp-json\/wp\/v2\/media?parent=11420"}],"wp:term":[{"taxonomy":"product_brand","embeddable":true,"href":"https:\/\/vitablanca.ma\/en\/wp-json\/wp\/v2\/product_brand?post=11420"},{"taxonomy":"product_cat","embeddable":true,"href":"https:\/\/vitablanca.ma\/en\/wp-json\/wp\/v2\/product_cat?post=11420"},{"taxonomy":"product_tag","embeddable":true,"href":"https:\/\/vitablanca.ma\/en\/wp-json\/wp\/v2\/product_tag?post=11420"}],"curies":[{"name":"wp","href":"https:\/\/api.w.org\/{rel}","templated":true}]}}