{"id":11265,"date":"2025-05-28T20:16:31","date_gmt":"2025-05-28T20:16:31","guid":{"rendered":"https:\/\/vitablanca.ma\/product\/nyx-ultimate-eyeshadow-palette\/"},"modified":"2026-03-22T17:51:06","modified_gmt":"2026-03-22T17:51:06","slug":"nyx-ultimate-eyeshadow-palette","status":"publish","type":"product","link":"https:\/\/vitablanca.ma\/en\/product\/nyx-ultimate-eyeshadow-palette\/","title":{"rendered":"NYX Ultimate Eyeshadow Palette"},"content":{"rendered":"<p data-mce-fragment=\"1\">La palette d\u2019ombres \u00e0 paupi\u00e8res Ultimate Utopia de Nyx Professional Makeup offre une qualit\u00e9 professionnelle avec des couleurs super pigment\u00e9es qui se m\u00e9langent facilement. Les poudres velout\u00e9es ont un effet longue tenue et peuvent \u00eatre utilis\u00e9es seules ou combin\u00e9es pour cr\u00e9er une vari\u00e9t\u00e9 de looks. Appliquez-les apr\u00e8s votre base pr\u00e9f\u00e9r\u00e9e pour augmenter leur intensit\u00e9 et leur adh\u00e9rence. Avec des textures velout\u00e9es et des finitions envo\u00fbtantes allant du mat au satin en passant par le glitter et le m\u00e9tallique.<\/p>","protected":false},"excerpt":{"rendered":"<p>La palette d\u2019ombres \u00e0 paupi\u00e8res Ultimate Utopia de Nyx Professional Makeup offre une qualit\u00e9 professionnelle avec des couleurs super pigment\u00e9es qui se m\u00e9langent facilement. Les poudres velout\u00e9es ont un effet longue tenue et peuvent \u00eatre utilis\u00e9es seules ou combin\u00e9es pour cr\u00e9er une vari\u00e9t\u00e9 de looks. Appliquez-les apr\u00e8s votre base pr\u00e9f\u00e9r\u00e9e pour augmenter leur intensit\u00e9 et [&hellip;]<\/p>\n","protected":false},"featured_media":11261,"template":"","meta":{"om_disable_all_campaigns":false},"product_brand":[],"product_cat":[15],"product_tag":[],"class_list":{"0":"post-11265","1":"product","2":"type-product","3":"status-publish","4":"has-post-thumbnail","6":"product_cat-beaute-sante-complements-alimentaires-soins-et-bien-etre-au-meilleur-prix","8":"first","9":"outofstock","10":"taxable","11":"shipping-taxable","12":"purchasable","13":"product-type-simple"},"yoast_head":"<!-- This site is optimized with the Yoast SEO plugin v27.5 - https:\/\/yoast.com\/product\/yoast-seo-wordpress\/ -->\n<title>NYX Ultimate Eyeshadow Palette - Maroc Prix<\/title>\n<meta name=\"description\" content=\"NYX Ultimate Eyeshadow Palette\" \/>\n<meta name=\"robots\" content=\"index, follow, max-snippet:-1, max-image-preview:large, max-video-preview:-1\" \/>\n<link rel=\"canonical\" href=\"https:\/\/vitablanca.ma\/en\/product\/nyx-ultimate-eyeshadow-palette\/\" \/>\n<meta property=\"og:locale\" content=\"en_US\" \/>\n<meta property=\"og:type\" content=\"article\" \/>\n<meta property=\"og:title\" content=\"NYX Ultimate Eyeshadow Palette - Maroc Prix\" \/>\n<meta property=\"og:description\" content=\"NYX Ultimate Eyeshadow Palette\" \/>\n<meta property=\"og:url\" content=\"https:\/\/vitablanca.ma\/en\/product\/nyx-ultimate-eyeshadow-palette\/\" \/>\n<meta property=\"og:site_name\" content=\"Vitablanca.ma &ndash; Sant&eacute;, vitalit&eacute; et bien-&ecirc;tre pour tous les Marocains\" \/>\n<meta property=\"article:publisher\" content=\"https:\/\/www.facebook.com\/profile.php?id=61576678196717\" \/>\n<meta property=\"article:modified_time\" content=\"2026-03-22T17:51:06+00:00\" \/>\n<meta property=\"og:image\" content=\"https:\/\/vitablanca.ma\/wp-content\/uploads\/2025\/05\/nyx-professional-makeup-paleta-de-sombras-ultimate-usp12-utopia-1-60009.jpg\" \/>\n\t<meta property=\"og:image:width\" content=\"700\" \/>\n\t<meta property=\"og:image:height\" content=\"784\" \/>\n\t<meta property=\"og:image:type\" content=\"image\/jpeg\" \/>\n<meta name=\"twitter:card\" content=\"summary_large_image\" \/>\n<script type=\"application\/ld+json\" class=\"yoast-schema-graph\">{\"@context\":\"https:\\\/\\\/schema.org\",\"@graph\":[{\"@type\":[\"WebPage\",\"ItemPage\"],\"@id\":\"https:\\\/\\\/vitablanca.ma\\\/produit\\\/nyx-ultimate-eyeshadow-palette\\\/\",\"url\":\"https:\\\/\\\/vitablanca.ma\\\/produit\\\/nyx-ultimate-eyeshadow-palette\\\/\",\"name\":\"NYX Ultimate Eyeshadow Palette - Maroc Prix\",\"isPartOf\":{\"@id\":\"https:\\\/\\\/vitablanca.ma\\\/#website\"},\"primaryImageOfPage\":{\"@id\":\"https:\\\/\\\/vitablanca.ma\\\/produit\\\/nyx-ultimate-eyeshadow-palette\\\/#primaryimage\"},\"image\":{\"@id\":\"https:\\\/\\\/vitablanca.ma\\\/produit\\\/nyx-ultimate-eyeshadow-palette\\\/#primaryimage\"},\"thumbnailUrl\":\"https:\\\/\\\/vitablanca.ma\\\/wp-content\\\/uploads\\\/2025\\\/05\\\/nyx-professional-makeup-paleta-de-sombras-ultimate-usp12-utopia-1-60009.jpg\",\"datePublished\":\"2025-05-28T20:16:31+00:00\",\"dateModified\":\"2026-03-22T17:51:06+00:00\",\"description\":\"NYX Ultimate Eyeshadow Palette\",\"breadcrumb\":{\"@id\":\"https:\\\/\\\/vitablanca.ma\\\/produit\\\/nyx-ultimate-eyeshadow-palette\\\/#breadcrumb\"},\"inLanguage\":\"en-US\",\"potentialAction\":[{\"@type\":\"ReadAction\",\"target\":[\"https:\\\/\\\/vitablanca.ma\\\/produit\\\/nyx-ultimate-eyeshadow-palette\\\/\"]}]},{\"@type\":\"ImageObject\",\"inLanguage\":\"en-US\",\"@id\":\"https:\\\/\\\/vitablanca.ma\\\/produit\\\/nyx-ultimate-eyeshadow-palette\\\/#primaryimage\",\"url\":\"https:\\\/\\\/vitablanca.ma\\\/wp-content\\\/uploads\\\/2025\\\/05\\\/nyx-professional-makeup-paleta-de-sombras-ultimate-usp12-utopia-1-60009.jpg\",\"contentUrl\":\"https:\\\/\\\/vitablanca.ma\\\/wp-content\\\/uploads\\\/2025\\\/05\\\/nyx-professional-makeup-paleta-de-sombras-ultimate-usp12-utopia-1-60009.jpg\",\"width\":700,\"height\":784},{\"@type\":\"BreadcrumbList\",\"@id\":\"https:\\\/\\\/vitablanca.ma\\\/produit\\\/nyx-ultimate-eyeshadow-palette\\\/#breadcrumb\",\"itemListElement\":[{\"@type\":\"ListItem\",\"position\":1,\"name\":\"Home\",\"item\":\"https:\\\/\\\/vitablanca.ma\\\/\"},{\"@type\":\"ListItem\",\"position\":2,\"name\":\"Tous Les Produits\",\"item\":\"https:\\\/\\\/vitablanca.ma\\\/tous-les-produits\\\/\"},{\"@type\":\"ListItem\",\"position\":3,\"name\":\"NYX Ultimate Eyeshadow Palette\"}]},{\"@type\":\"WebSite\",\"@id\":\"https:\\\/\\\/vitablanca.ma\\\/#website\",\"url\":\"https:\\\/\\\/vitablanca.ma\\\/\",\"name\":\"VitaBlanca.ma | Compl\u00e9ments alimentaires, sant\u00e9 & beaut\u00e9 au Maroc\",\"description\":\"vendre vitamines et compl\u00e9ments premium des USA &amp; Canada, Nouvelle Z\u00e9lande,Maroc (NOW Foods, Solgar, Manuka). Livraison rapide partout au Maroc.\",\"publisher\":{\"@id\":\"https:\\\/\\\/vitablanca.ma\\\/#organization\"},\"alternateName\":\"VitaBlanca.ma\",\"potentialAction\":[{\"@type\":\"SearchAction\",\"target\":{\"@type\":\"EntryPoint\",\"urlTemplate\":\"https:\\\/\\\/vitablanca.ma\\\/?s={search_term_string}\"},\"query-input\":{\"@type\":\"PropertyValueSpecification\",\"valueRequired\":true,\"valueName\":\"search_term_string\"}}],\"inLanguage\":\"en-US\"},{\"@type\":\"Organization\",\"@id\":\"https:\\\/\\\/vitablanca.ma\\\/#organization\",\"name\":\"VitaBlanca\",\"url\":\"https:\\\/\\\/vitablanca.ma\\\/\",\"logo\":{\"@type\":\"ImageObject\",\"inLanguage\":\"en-US\",\"@id\":\"https:\\\/\\\/vitablanca.ma\\\/#\\\/schema\\\/logo\\\/image\\\/\",\"url\":\"https:\\\/\\\/vitablanca.ma\\\/wp-content\\\/uploads\\\/2025\\\/05\\\/cropped-vitablanca.png\",\"contentUrl\":\"https:\\\/\\\/vitablanca.ma\\\/wp-content\\\/uploads\\\/2025\\\/05\\\/cropped-vitablanca.png\",\"width\":360,\"height\":67,\"caption\":\"VitaBlanca\"},\"image\":{\"@id\":\"https:\\\/\\\/vitablanca.ma\\\/#\\\/schema\\\/logo\\\/image\\\/\"},\"sameAs\":[\"https:\\\/\\\/www.facebook.com\\\/profile.php?id=61576678196717\",\"https:\\\/\\\/www.tiktok.com\\\/@vitablanca.ma\",\"https:\\\/\\\/www.instagram.com\\\/vitablanca.ma\\\/\"]}]}<\/script>\n<!-- \/ Yoast SEO plugin. -->","yoast_head_json":{"title":"NYX Ultimate Eyeshadow Palette - Morocco Price","description":"NYX Ultimate Eyeshadow Palette","robots":{"index":"index","follow":"follow","max-snippet":"max-snippet:-1","max-image-preview":"max-image-preview:large","max-video-preview":"max-video-preview:-1"},"canonical":"https:\/\/vitablanca.ma\/en\/product\/nyx-ultimate-eyeshadow-palette\/","og_locale":"en_US","og_type":"article","og_title":"NYX Ultimate Eyeshadow Palette - Maroc Prix","og_description":"NYX Ultimate Eyeshadow Palette","og_url":"https:\/\/vitablanca.ma\/en\/product\/nyx-ultimate-eyeshadow-palette\/","og_site_name":"Vitablanca.ma &ndash; Sant&eacute;, vitalit&eacute; et bien-&ecirc;tre pour tous les Marocains","article_publisher":"https:\/\/www.facebook.com\/profile.php?id=61576678196717","article_modified_time":"2026-03-22T17:51:06+00:00","og_image":[{"width":700,"height":784,"url":"https:\/\/vitablanca.ma\/wp-content\/uploads\/2025\/05\/nyx-professional-makeup-paleta-de-sombras-ultimate-usp12-utopia-1-60009.jpg","type":"image\/jpeg"}],"twitter_card":"summary_large_image","schema":{"@context":"https:\/\/schema.org","@graph":[{"@type":["WebPage","ItemPage"],"@id":"https:\/\/vitablanca.ma\/produit\/nyx-ultimate-eyeshadow-palette\/","url":"https:\/\/vitablanca.ma\/produit\/nyx-ultimate-eyeshadow-palette\/","name":"NYX Ultimate Eyeshadow Palette - Morocco Price","isPartOf":{"@id":"https:\/\/vitablanca.ma\/#website"},"primaryImageOfPage":{"@id":"https:\/\/vitablanca.ma\/produit\/nyx-ultimate-eyeshadow-palette\/#primaryimage"},"image":{"@id":"https:\/\/vitablanca.ma\/produit\/nyx-ultimate-eyeshadow-palette\/#primaryimage"},"thumbnailUrl":"https:\/\/vitablanca.ma\/wp-content\/uploads\/2025\/05\/nyx-professional-makeup-paleta-de-sombras-ultimate-usp12-utopia-1-60009.jpg","datePublished":"2025-05-28T20:16:31+00:00","dateModified":"2026-03-22T17:51:06+00:00","description":"NYX Ultimate Eyeshadow Palette","breadcrumb":{"@id":"https:\/\/vitablanca.ma\/produit\/nyx-ultimate-eyeshadow-palette\/#breadcrumb"},"inLanguage":"en-US","potentialAction":[{"@type":"ReadAction","target":["https:\/\/vitablanca.ma\/produit\/nyx-ultimate-eyeshadow-palette\/"]}]},{"@type":"ImageObject","inLanguage":"en-US","@id":"https:\/\/vitablanca.ma\/produit\/nyx-ultimate-eyeshadow-palette\/#primaryimage","url":"https:\/\/vitablanca.ma\/wp-content\/uploads\/2025\/05\/nyx-professional-makeup-paleta-de-sombras-ultimate-usp12-utopia-1-60009.jpg","contentUrl":"https:\/\/vitablanca.ma\/wp-content\/uploads\/2025\/05\/nyx-professional-makeup-paleta-de-sombras-ultimate-usp12-utopia-1-60009.jpg","width":700,"height":784},{"@type":"BreadcrumbList","@id":"https:\/\/vitablanca.ma\/produit\/nyx-ultimate-eyeshadow-palette\/#breadcrumb","itemListElement":[{"@type":"ListItem","position":1,"name":"Home","item":"https:\/\/vitablanca.ma\/"},{"@type":"ListItem","position":2,"name":"Tous Les Produits","item":"https:\/\/vitablanca.ma\/tous-les-produits\/"},{"@type":"ListItem","position":3,"name":"NYX Ultimate Eyeshadow Palette"}]},{"@type":"WebSite","@id":"https:\/\/vitablanca.ma\/#website","url":"https:\/\/vitablanca.ma\/","name":"VitaBlanca.ma | Food supplements, health &amp; beauty in Morocco","description":"sell premium vitamins and supplements from USA &amp; Canada, New Zealand, Morocco (NOW Foods, Solgar, Manuka). Fast delivery anywhere in Morocco.","publisher":{"@id":"https:\/\/vitablanca.ma\/#organization"},"alternateName":"VitaBlanca.ma","potentialAction":[{"@type":"SearchAction","target":{"@type":"EntryPoint","urlTemplate":"https:\/\/vitablanca.ma\/?s={search_term_string}"},"query-input":{"@type":"PropertyValueSpecification","valueRequired":true,"valueName":"search_term_string"}}],"inLanguage":"en-US"},{"@type":"Organization","@id":"https:\/\/vitablanca.ma\/#organization","name":"VitaBlanca","url":"https:\/\/vitablanca.ma\/","logo":{"@type":"ImageObject","inLanguage":"en-US","@id":"https:\/\/vitablanca.ma\/#\/schema\/logo\/image\/","url":"https:\/\/vitablanca.ma\/wp-content\/uploads\/2025\/05\/cropped-vitablanca.png","contentUrl":"https:\/\/vitablanca.ma\/wp-content\/uploads\/2025\/05\/cropped-vitablanca.png","width":360,"height":67,"caption":"VitaBlanca"},"image":{"@id":"https:\/\/vitablanca.ma\/#\/schema\/logo\/image\/"},"sameAs":["https:\/\/www.facebook.com\/profile.php?id=61576678196717","https:\/\/www.tiktok.com\/@vitablanca.ma","https:\/\/www.instagram.com\/vitablanca.ma\/"]}]}},"jetpack_sharing_enabled":true,"_links":{"self":[{"href":"https:\/\/vitablanca.ma\/en\/wp-json\/wp\/v2\/product\/11265","targetHints":{"allow":["GET"]}}],"collection":[{"href":"https:\/\/vitablanca.ma\/en\/wp-json\/wp\/v2\/product"}],"about":[{"href":"https:\/\/vitablanca.ma\/en\/wp-json\/wp\/v2\/types\/product"}],"wp:featuredmedia":[{"embeddable":true,"href":"https:\/\/vitablanca.ma\/en\/wp-json\/wp\/v2\/media\/11261"}],"wp:attachment":[{"href":"https:\/\/vitablanca.ma\/en\/wp-json\/wp\/v2\/media?parent=11265"}],"wp:term":[{"taxonomy":"product_brand","embeddable":true,"href":"https:\/\/vitablanca.ma\/en\/wp-json\/wp\/v2\/product_brand?post=11265"},{"taxonomy":"product_cat","embeddable":true,"href":"https:\/\/vitablanca.ma\/en\/wp-json\/wp\/v2\/product_cat?post=11265"},{"taxonomy":"product_tag","embeddable":true,"href":"https:\/\/vitablanca.ma\/en\/wp-json\/wp\/v2\/product_tag?post=11265"}],"curies":[{"name":"wp","href":"https:\/\/api.w.org\/{rel}","templated":true}]}}