{"id":11224,"date":"2025-05-28T20:15:13","date_gmt":"2025-05-28T20:15:13","guid":{"rendered":"https:\/\/vitablanca.ma\/product\/revolution-makeup-revolution-forever-flawless-eyeshadow-palette\/"},"modified":"2025-05-28T20:15:19","modified_gmt":"2025-05-28T20:15:19","slug":"revolution-makeup-revolution-forever-flawless-eyeshadow-palette","status":"publish","type":"product","link":"https:\/\/vitablanca.ma\/en\/product\/revolution-makeup-revolution-forever-flawless-eyeshadow-palette\/","title":{"rendered":"Revolution \u2013 Makeup Revolution Forever Flawless Eyeshadow Palette"},"content":{"rendered":"<p>Pr\u00e9sentation des palettes pleines de personnalit\u00e9. Que raconte votre palette ? Id\u00e9al pour les romantiques, \u00ab\u00a0Unconditional Love\u00a0\u00bb propose 18 nuances irr\u00e9sistibles aux finitions mates et brillantes. De \u00ab\u00a0Love Potion\u00a0\u00bb, lilas chic, \u00e0 \u00ab\u00a0Attached\u00a0\u00bb, prune profonde, chaque nuance vous s\u00e9duira. Pr\u00e9parez vos paupi\u00e8res avec la Base de maquillage pour les yeux Prime & Lock. Puis appliquez la R\u00e9volution Mascara pour plus de d\u00e9finition et d\u2019intensit\u00e9. Qui allez-vous \u00eatre aujourd\u2019hui ? Choisissez votre combinaison parfaite parmi nos autres palettes Forever Flawless. Opterez-vous pour les tons audacieux de \u00ab\u00a0Decadent\u00a0\u00bb, les couleurs plus classiques mais riches de \u00ab\u00a0Decadent\u00a0\u00bb ou encore les tons plus originaux de \u00ab\u00a0Constellation\u00a0\u00bb ?<\/p>","protected":false},"excerpt":{"rendered":"<p>Pr\u00e9sentation des palettes pleines de personnalit\u00e9. Que raconte votre palette ? Id\u00e9al pour les romantiques, \u00ab\u00a0Unconditional Love\u00a0\u00bb propose 18 nuances irr\u00e9sistibles aux finitions mates et brillantes. De \u00ab\u00a0Love Potion\u00a0\u00bb, lilas chic, \u00e0 \u00ab\u00a0Attached\u00a0\u00bb, prune profonde, chaque nuance vous s\u00e9duira. Pr\u00e9parez vos paupi\u00e8res avec la Base de maquillage pour les yeux Prime &#038; Lock. Puis appliquez [&hellip;]<\/p>\n","protected":false},"featured_media":11211,"template":"","meta":{"om_disable_all_campaigns":false},"product_brand":[],"product_cat":[15],"product_tag":[],"class_list":{"0":"post-11224","1":"product","2":"type-product","3":"status-publish","4":"has-post-thumbnail","6":"product_cat-beaute-sante-complements-alimentaires-soins-et-bien-etre-au-meilleur-prix","8":"first","9":"instock","10":"taxable","11":"shipping-taxable","12":"purchasable","13":"product-type-variable"},"yoast_head":"<!-- This site is optimized with the Yoast SEO plugin v27.5 - https:\/\/yoast.com\/product\/yoast-seo-wordpress\/ -->\n<title>Revolution - Makeup Revolution Forever Flawless Eyeshadow Palette - Maroc Prix<\/title>\n<meta name=\"description\" content=\"Revolution - Makeup Revolution Forever Flawless Eyeshadow Palette\" \/>\n<meta name=\"robots\" content=\"index, follow, max-snippet:-1, max-image-preview:large, max-video-preview:-1\" \/>\n<link rel=\"canonical\" href=\"https:\/\/vitablanca.ma\/en\/product\/revolution-makeup-revolution-forever-flawless-eyeshadow-palette\/\" \/>\n<meta property=\"og:locale\" content=\"en_US\" \/>\n<meta property=\"og:type\" content=\"article\" \/>\n<meta property=\"og:title\" content=\"Revolution - Makeup Revolution Forever Flawless Eyeshadow Palette - Maroc Prix\" \/>\n<meta property=\"og:description\" content=\"Revolution - Makeup Revolution Forever Flawless Eyeshadow Palette\" \/>\n<meta property=\"og:url\" content=\"https:\/\/vitablanca.ma\/en\/product\/revolution-makeup-revolution-forever-flawless-eyeshadow-palette\/\" \/>\n<meta property=\"og:site_name\" content=\"Vitablanca.ma &ndash; Sant&eacute;, vitalit&eacute; et bien-&ecirc;tre pour tous les Marocains\" \/>\n<meta property=\"article:publisher\" content=\"https:\/\/www.facebook.com\/profile.php?id=61576678196717\" \/>\n<meta property=\"article:modified_time\" content=\"2025-05-28T20:15:19+00:00\" \/>\n<meta property=\"og:image\" content=\"https:\/\/vitablanca.ma\/wp-content\/uploads\/2025\/05\/Revolution-Makeup-Revolution-Forever-Flawless-Eyeshadow-Palette-unconditional-love_6f09b92e-1b4c-4a43-9e1f-13924debb4a2.jpg\" \/>\n\t<meta property=\"og:image:width\" content=\"800\" \/>\n\t<meta property=\"og:image:height\" content=\"800\" \/>\n\t<meta property=\"og:image:type\" content=\"image\/jpeg\" \/>\n<meta name=\"twitter:card\" content=\"summary_large_image\" \/>\n<meta name=\"twitter:label1\" content=\"Est. reading time\" \/>\n\t<meta name=\"twitter:data1\" content=\"1 minute\" \/>\n<script type=\"application\/ld+json\" class=\"yoast-schema-graph\">{\"@context\":\"https:\\\/\\\/schema.org\",\"@graph\":[{\"@type\":[\"WebPage\",\"ItemPage\"],\"@id\":\"https:\\\/\\\/vitablanca.ma\\\/produit\\\/revolution-makeup-revolution-forever-flawless-eyeshadow-palette\\\/\",\"url\":\"https:\\\/\\\/vitablanca.ma\\\/produit\\\/revolution-makeup-revolution-forever-flawless-eyeshadow-palette\\\/\",\"name\":\"Revolution - Makeup Revolution Forever Flawless Eyeshadow Palette - Maroc Prix\",\"isPartOf\":{\"@id\":\"https:\\\/\\\/vitablanca.ma\\\/#website\"},\"primaryImageOfPage\":{\"@id\":\"https:\\\/\\\/vitablanca.ma\\\/produit\\\/revolution-makeup-revolution-forever-flawless-eyeshadow-palette\\\/#primaryimage\"},\"image\":{\"@id\":\"https:\\\/\\\/vitablanca.ma\\\/produit\\\/revolution-makeup-revolution-forever-flawless-eyeshadow-palette\\\/#primaryimage\"},\"thumbnailUrl\":\"https:\\\/\\\/vitablanca.ma\\\/wp-content\\\/uploads\\\/2025\\\/05\\\/Revolution-Makeup-Revolution-Forever-Flawless-Eyeshadow-Palette-unconditional-love_6f09b92e-1b4c-4a43-9e1f-13924debb4a2.jpg\",\"datePublished\":\"2025-05-28T20:15:13+00:00\",\"dateModified\":\"2025-05-28T20:15:19+00:00\",\"description\":\"Revolution - Makeup Revolution Forever Flawless Eyeshadow Palette\",\"breadcrumb\":{\"@id\":\"https:\\\/\\\/vitablanca.ma\\\/produit\\\/revolution-makeup-revolution-forever-flawless-eyeshadow-palette\\\/#breadcrumb\"},\"inLanguage\":\"en-US\",\"potentialAction\":[{\"@type\":\"ReadAction\",\"target\":[\"https:\\\/\\\/vitablanca.ma\\\/produit\\\/revolution-makeup-revolution-forever-flawless-eyeshadow-palette\\\/\"]}]},{\"@type\":\"ImageObject\",\"inLanguage\":\"en-US\",\"@id\":\"https:\\\/\\\/vitablanca.ma\\\/produit\\\/revolution-makeup-revolution-forever-flawless-eyeshadow-palette\\\/#primaryimage\",\"url\":\"https:\\\/\\\/vitablanca.ma\\\/wp-content\\\/uploads\\\/2025\\\/05\\\/Revolution-Makeup-Revolution-Forever-Flawless-Eyeshadow-Palette-unconditional-love_6f09b92e-1b4c-4a43-9e1f-13924debb4a2.jpg\",\"contentUrl\":\"https:\\\/\\\/vitablanca.ma\\\/wp-content\\\/uploads\\\/2025\\\/05\\\/Revolution-Makeup-Revolution-Forever-Flawless-Eyeshadow-Palette-unconditional-love_6f09b92e-1b4c-4a43-9e1f-13924debb4a2.jpg\",\"width\":800,\"height\":800},{\"@type\":\"BreadcrumbList\",\"@id\":\"https:\\\/\\\/vitablanca.ma\\\/produit\\\/revolution-makeup-revolution-forever-flawless-eyeshadow-palette\\\/#breadcrumb\",\"itemListElement\":[{\"@type\":\"ListItem\",\"position\":1,\"name\":\"Home\",\"item\":\"https:\\\/\\\/vitablanca.ma\\\/\"},{\"@type\":\"ListItem\",\"position\":2,\"name\":\"Tous Les Produits\",\"item\":\"https:\\\/\\\/vitablanca.ma\\\/tous-les-produits\\\/\"},{\"@type\":\"ListItem\",\"position\":3,\"name\":\"Revolution &#8211; Makeup Revolution Forever Flawless Eyeshadow Palette\"}]},{\"@type\":\"WebSite\",\"@id\":\"https:\\\/\\\/vitablanca.ma\\\/#website\",\"url\":\"https:\\\/\\\/vitablanca.ma\\\/\",\"name\":\"VitaBlanca.ma | Compl\u00e9ments alimentaires, sant\u00e9 & beaut\u00e9 au Maroc\",\"description\":\"vendre vitamines et compl\u00e9ments premium des USA &amp; Canada, Nouvelle Z\u00e9lande,Maroc (NOW Foods, Solgar, Manuka). Livraison rapide partout au Maroc.\",\"publisher\":{\"@id\":\"https:\\\/\\\/vitablanca.ma\\\/#organization\"},\"alternateName\":\"VitaBlanca.ma\",\"potentialAction\":[{\"@type\":\"SearchAction\",\"target\":{\"@type\":\"EntryPoint\",\"urlTemplate\":\"https:\\\/\\\/vitablanca.ma\\\/?s={search_term_string}\"},\"query-input\":{\"@type\":\"PropertyValueSpecification\",\"valueRequired\":true,\"valueName\":\"search_term_string\"}}],\"inLanguage\":\"en-US\"},{\"@type\":\"Organization\",\"@id\":\"https:\\\/\\\/vitablanca.ma\\\/#organization\",\"name\":\"VitaBlanca\",\"url\":\"https:\\\/\\\/vitablanca.ma\\\/\",\"logo\":{\"@type\":\"ImageObject\",\"inLanguage\":\"en-US\",\"@id\":\"https:\\\/\\\/vitablanca.ma\\\/#\\\/schema\\\/logo\\\/image\\\/\",\"url\":\"https:\\\/\\\/vitablanca.ma\\\/wp-content\\\/uploads\\\/2025\\\/05\\\/cropped-vitablanca.png\",\"contentUrl\":\"https:\\\/\\\/vitablanca.ma\\\/wp-content\\\/uploads\\\/2025\\\/05\\\/cropped-vitablanca.png\",\"width\":360,\"height\":67,\"caption\":\"VitaBlanca\"},\"image\":{\"@id\":\"https:\\\/\\\/vitablanca.ma\\\/#\\\/schema\\\/logo\\\/image\\\/\"},\"sameAs\":[\"https:\\\/\\\/www.facebook.com\\\/profile.php?id=61576678196717\",\"https:\\\/\\\/www.tiktok.com\\\/@vitablanca.ma\",\"https:\\\/\\\/www.instagram.com\\\/vitablanca.ma\\\/\"]}]}<\/script>\n<!-- \/ Yoast SEO plugin. -->","yoast_head_json":{"title":"Revolution - Makeup Revolution Forever Flawless Eyeshadow Palette - Morocco Price","description":"Revolution - Makeup Revolution Forever Flawless Eyeshadow Palette","robots":{"index":"index","follow":"follow","max-snippet":"max-snippet:-1","max-image-preview":"max-image-preview:large","max-video-preview":"max-video-preview:-1"},"canonical":"https:\/\/vitablanca.ma\/en\/product\/revolution-makeup-revolution-forever-flawless-eyeshadow-palette\/","og_locale":"en_US","og_type":"article","og_title":"Revolution - Makeup Revolution Forever Flawless Eyeshadow Palette - Maroc Prix","og_description":"Revolution - Makeup Revolution Forever Flawless Eyeshadow Palette","og_url":"https:\/\/vitablanca.ma\/en\/product\/revolution-makeup-revolution-forever-flawless-eyeshadow-palette\/","og_site_name":"Vitablanca.ma &ndash; Sant&eacute;, vitalit&eacute; et bien-&ecirc;tre pour tous les Marocains","article_publisher":"https:\/\/www.facebook.com\/profile.php?id=61576678196717","article_modified_time":"2025-05-28T20:15:19+00:00","og_image":[{"width":800,"height":800,"url":"https:\/\/vitablanca.ma\/wp-content\/uploads\/2025\/05\/Revolution-Makeup-Revolution-Forever-Flawless-Eyeshadow-Palette-unconditional-love_6f09b92e-1b4c-4a43-9e1f-13924debb4a2.jpg","type":"image\/jpeg"}],"twitter_card":"summary_large_image","twitter_misc":{"Est. reading time":"1 minute"},"schema":{"@context":"https:\/\/schema.org","@graph":[{"@type":["WebPage","ItemPage"],"@id":"https:\/\/vitablanca.ma\/produit\/revolution-makeup-revolution-forever-flawless-eyeshadow-palette\/","url":"https:\/\/vitablanca.ma\/produit\/revolution-makeup-revolution-forever-flawless-eyeshadow-palette\/","name":"Revolution - Makeup Revolution Forever Flawless Eyeshadow Palette - Morocco Price","isPartOf":{"@id":"https:\/\/vitablanca.ma\/#website"},"primaryImageOfPage":{"@id":"https:\/\/vitablanca.ma\/produit\/revolution-makeup-revolution-forever-flawless-eyeshadow-palette\/#primaryimage"},"image":{"@id":"https:\/\/vitablanca.ma\/produit\/revolution-makeup-revolution-forever-flawless-eyeshadow-palette\/#primaryimage"},"thumbnailUrl":"https:\/\/vitablanca.ma\/wp-content\/uploads\/2025\/05\/Revolution-Makeup-Revolution-Forever-Flawless-Eyeshadow-Palette-unconditional-love_6f09b92e-1b4c-4a43-9e1f-13924debb4a2.jpg","datePublished":"2025-05-28T20:15:13+00:00","dateModified":"2025-05-28T20:15:19+00:00","description":"Revolution - Makeup Revolution Forever Flawless Eyeshadow Palette","breadcrumb":{"@id":"https:\/\/vitablanca.ma\/produit\/revolution-makeup-revolution-forever-flawless-eyeshadow-palette\/#breadcrumb"},"inLanguage":"en-US","potentialAction":[{"@type":"ReadAction","target":["https:\/\/vitablanca.ma\/produit\/revolution-makeup-revolution-forever-flawless-eyeshadow-palette\/"]}]},{"@type":"ImageObject","inLanguage":"en-US","@id":"https:\/\/vitablanca.ma\/produit\/revolution-makeup-revolution-forever-flawless-eyeshadow-palette\/#primaryimage","url":"https:\/\/vitablanca.ma\/wp-content\/uploads\/2025\/05\/Revolution-Makeup-Revolution-Forever-Flawless-Eyeshadow-Palette-unconditional-love_6f09b92e-1b4c-4a43-9e1f-13924debb4a2.jpg","contentUrl":"https:\/\/vitablanca.ma\/wp-content\/uploads\/2025\/05\/Revolution-Makeup-Revolution-Forever-Flawless-Eyeshadow-Palette-unconditional-love_6f09b92e-1b4c-4a43-9e1f-13924debb4a2.jpg","width":800,"height":800},{"@type":"BreadcrumbList","@id":"https:\/\/vitablanca.ma\/produit\/revolution-makeup-revolution-forever-flawless-eyeshadow-palette\/#breadcrumb","itemListElement":[{"@type":"ListItem","position":1,"name":"Home","item":"https:\/\/vitablanca.ma\/"},{"@type":"ListItem","position":2,"name":"Tous Les Produits","item":"https:\/\/vitablanca.ma\/tous-les-produits\/"},{"@type":"ListItem","position":3,"name":"Revolution &#8211; Makeup Revolution Forever Flawless Eyeshadow Palette"}]},{"@type":"WebSite","@id":"https:\/\/vitablanca.ma\/#website","url":"https:\/\/vitablanca.ma\/","name":"VitaBlanca.ma | Food supplements, health &amp; beauty in Morocco","description":"sell premium vitamins and supplements from USA &amp; Canada, New Zealand, Morocco (NOW Foods, Solgar, Manuka). Fast delivery anywhere in Morocco.","publisher":{"@id":"https:\/\/vitablanca.ma\/#organization"},"alternateName":"VitaBlanca.ma","potentialAction":[{"@type":"SearchAction","target":{"@type":"EntryPoint","urlTemplate":"https:\/\/vitablanca.ma\/?s={search_term_string}"},"query-input":{"@type":"PropertyValueSpecification","valueRequired":true,"valueName":"search_term_string"}}],"inLanguage":"en-US"},{"@type":"Organization","@id":"https:\/\/vitablanca.ma\/#organization","name":"VitaBlanca","url":"https:\/\/vitablanca.ma\/","logo":{"@type":"ImageObject","inLanguage":"en-US","@id":"https:\/\/vitablanca.ma\/#\/schema\/logo\/image\/","url":"https:\/\/vitablanca.ma\/wp-content\/uploads\/2025\/05\/cropped-vitablanca.png","contentUrl":"https:\/\/vitablanca.ma\/wp-content\/uploads\/2025\/05\/cropped-vitablanca.png","width":360,"height":67,"caption":"VitaBlanca"},"image":{"@id":"https:\/\/vitablanca.ma\/#\/schema\/logo\/image\/"},"sameAs":["https:\/\/www.facebook.com\/profile.php?id=61576678196717","https:\/\/www.tiktok.com\/@vitablanca.ma","https:\/\/www.instagram.com\/vitablanca.ma\/"]}]}},"jetpack_sharing_enabled":true,"_links":{"self":[{"href":"https:\/\/vitablanca.ma\/en\/wp-json\/wp\/v2\/product\/11224","targetHints":{"allow":["GET"]}}],"collection":[{"href":"https:\/\/vitablanca.ma\/en\/wp-json\/wp\/v2\/product"}],"about":[{"href":"https:\/\/vitablanca.ma\/en\/wp-json\/wp\/v2\/types\/product"}],"wp:featuredmedia":[{"embeddable":true,"href":"https:\/\/vitablanca.ma\/en\/wp-json\/wp\/v2\/media\/11211"}],"wp:attachment":[{"href":"https:\/\/vitablanca.ma\/en\/wp-json\/wp\/v2\/media?parent=11224"}],"wp:term":[{"taxonomy":"product_brand","embeddable":true,"href":"https:\/\/vitablanca.ma\/en\/wp-json\/wp\/v2\/product_brand?post=11224"},{"taxonomy":"product_cat","embeddable":true,"href":"https:\/\/vitablanca.ma\/en\/wp-json\/wp\/v2\/product_cat?post=11224"},{"taxonomy":"product_tag","embeddable":true,"href":"https:\/\/vitablanca.ma\/en\/wp-json\/wp\/v2\/product_tag?post=11224"}],"curies":[{"name":"wp","href":"https:\/\/api.w.org\/{rel}","templated":true}]}}