{"id":11069,"date":"2025-05-28T20:10:09","date_gmt":"2025-05-28T20:10:09","guid":{"rendered":"https:\/\/vitablanca.ma\/product\/instant-concealer-spray-neva-root-touch-up\/"},"modified":"2025-05-28T20:10:16","modified_gmt":"2025-05-28T20:10:16","slug":"instant-concealer-spray-neva-root-touch-up","status":"publish","type":"product","link":"https:\/\/vitablanca.ma\/en\/product\/instant-concealer-spray-neva-root-touch-up\/","title":{"rendered":"Instant Concealer Spray NEVA Root Touch-up"},"content":{"rendered":"<p data-mce-fragment=\"1\">Le Spray Instantan\u00e9 Camouflant Neva Root Touch-up est la solution la plus facile pour dissimuler les racines grises. Application rapide, s\u00e9chage instantan\u00e9 et r\u00e9sultat durable jusqu\u2019au prochain lavage. Finis les racines grises ind\u00e9sirables! Soulignez votre couleur et faites durer votre coupe avec ce super camouflier!<\/p>","protected":false},"excerpt":{"rendered":"<p>Le Spray Instantan\u00e9 Camouflant Neva Root Touch-up est la solution la plus facile pour dissimuler les racines grises. Application rapide, s\u00e9chage instantan\u00e9 et r\u00e9sultat durable jusqu\u2019au prochain lavage. Finis les racines grises ind\u00e9sirables! Soulignez votre couleur et faites durer votre coupe avec ce super camouflier!<\/p>","protected":false},"featured_media":11063,"template":"","meta":{"om_disable_all_campaigns":false},"product_brand":[],"product_cat":[15],"product_tag":[],"class_list":{"0":"post-11069","1":"product","2":"type-product","3":"status-publish","4":"has-post-thumbnail","6":"product_cat-beaute-sante-complements-alimentaires-soins-et-bien-etre-au-meilleur-prix","8":"first","9":"instock","10":"taxable","11":"shipping-taxable","12":"purchasable","13":"product-type-variable"},"yoast_head":"<!-- This site is optimized with the Yoast SEO plugin v27.5 - https:\/\/yoast.com\/product\/yoast-seo-wordpress\/ -->\n<title>Instant Concealer Spray NEVA Root Touch-up - Maroc Prix<\/title>\n<meta name=\"description\" content=\"Instant Concealer Spray NEVA Root Touch-up\" \/>\n<meta name=\"robots\" content=\"index, follow, max-snippet:-1, max-image-preview:large, max-video-preview:-1\" \/>\n<link rel=\"canonical\" href=\"https:\/\/vitablanca.ma\/en\/product\/instant-concealer-spray-neva-root-touch-up\/\" \/>\n<meta property=\"og:locale\" content=\"en_US\" \/>\n<meta property=\"og:type\" content=\"article\" \/>\n<meta property=\"og:title\" content=\"Instant Concealer Spray NEVA Root Touch-up - Maroc Prix\" \/>\n<meta property=\"og:description\" content=\"Instant Concealer Spray NEVA Root Touch-up\" \/>\n<meta property=\"og:url\" content=\"https:\/\/vitablanca.ma\/en\/product\/instant-concealer-spray-neva-root-touch-up\/\" \/>\n<meta property=\"og:site_name\" content=\"Vitablanca.ma &ndash; Sant&eacute;, vitalit&eacute; et bien-&ecirc;tre pour tous les Marocains\" \/>\n<meta property=\"article:publisher\" content=\"https:\/\/www.facebook.com\/profile.php?id=61576678196717\" \/>\n<meta property=\"article:modified_time\" content=\"2025-05-28T20:10:16+00:00\" \/>\n<meta property=\"og:image\" content=\"https:\/\/vitablanca.ma\/wp-content\/uploads\/2025\/05\/8698636612869.jpg\" \/>\n\t<meta property=\"og:image:width\" content=\"600\" \/>\n\t<meta property=\"og:image:height\" content=\"600\" \/>\n\t<meta property=\"og:image:type\" content=\"image\/jpeg\" \/>\n<meta name=\"twitter:card\" content=\"summary_large_image\" \/>\n<script type=\"application\/ld+json\" class=\"yoast-schema-graph\">{\"@context\":\"https:\\\/\\\/schema.org\",\"@graph\":[{\"@type\":[\"WebPage\",\"ItemPage\"],\"@id\":\"https:\\\/\\\/vitablanca.ma\\\/produit\\\/instant-concealer-spray-neva-root-touch-up\\\/\",\"url\":\"https:\\\/\\\/vitablanca.ma\\\/produit\\\/instant-concealer-spray-neva-root-touch-up\\\/\",\"name\":\"Instant Concealer Spray NEVA Root Touch-up - Maroc Prix\",\"isPartOf\":{\"@id\":\"https:\\\/\\\/vitablanca.ma\\\/#website\"},\"primaryImageOfPage\":{\"@id\":\"https:\\\/\\\/vitablanca.ma\\\/produit\\\/instant-concealer-spray-neva-root-touch-up\\\/#primaryimage\"},\"image\":{\"@id\":\"https:\\\/\\\/vitablanca.ma\\\/produit\\\/instant-concealer-spray-neva-root-touch-up\\\/#primaryimage\"},\"thumbnailUrl\":\"https:\\\/\\\/vitablanca.ma\\\/wp-content\\\/uploads\\\/2025\\\/05\\\/8698636612869.jpg\",\"datePublished\":\"2025-05-28T20:10:09+00:00\",\"dateModified\":\"2025-05-28T20:10:16+00:00\",\"description\":\"Instant Concealer Spray NEVA Root Touch-up\",\"breadcrumb\":{\"@id\":\"https:\\\/\\\/vitablanca.ma\\\/produit\\\/instant-concealer-spray-neva-root-touch-up\\\/#breadcrumb\"},\"inLanguage\":\"en-US\",\"potentialAction\":[{\"@type\":\"ReadAction\",\"target\":[\"https:\\\/\\\/vitablanca.ma\\\/produit\\\/instant-concealer-spray-neva-root-touch-up\\\/\"]}]},{\"@type\":\"ImageObject\",\"inLanguage\":\"en-US\",\"@id\":\"https:\\\/\\\/vitablanca.ma\\\/produit\\\/instant-concealer-spray-neva-root-touch-up\\\/#primaryimage\",\"url\":\"https:\\\/\\\/vitablanca.ma\\\/wp-content\\\/uploads\\\/2025\\\/05\\\/8698636612869.jpg\",\"contentUrl\":\"https:\\\/\\\/vitablanca.ma\\\/wp-content\\\/uploads\\\/2025\\\/05\\\/8698636612869.jpg\",\"width\":600,\"height\":600},{\"@type\":\"BreadcrumbList\",\"@id\":\"https:\\\/\\\/vitablanca.ma\\\/produit\\\/instant-concealer-spray-neva-root-touch-up\\\/#breadcrumb\",\"itemListElement\":[{\"@type\":\"ListItem\",\"position\":1,\"name\":\"Home\",\"item\":\"https:\\\/\\\/vitablanca.ma\\\/\"},{\"@type\":\"ListItem\",\"position\":2,\"name\":\"Tous Les Produits\",\"item\":\"https:\\\/\\\/vitablanca.ma\\\/tous-les-produits\\\/\"},{\"@type\":\"ListItem\",\"position\":3,\"name\":\"Instant Concealer Spray NEVA Root Touch-up\"}]},{\"@type\":\"WebSite\",\"@id\":\"https:\\\/\\\/vitablanca.ma\\\/#website\",\"url\":\"https:\\\/\\\/vitablanca.ma\\\/\",\"name\":\"VitaBlanca.ma | Compl\u00e9ments alimentaires, sant\u00e9 & beaut\u00e9 au Maroc\",\"description\":\"vendre vitamines et compl\u00e9ments premium des USA &amp; Canada, Nouvelle Z\u00e9lande,Maroc (NOW Foods, Solgar, Manuka). Livraison rapide partout au Maroc.\",\"publisher\":{\"@id\":\"https:\\\/\\\/vitablanca.ma\\\/#organization\"},\"alternateName\":\"VitaBlanca.ma\",\"potentialAction\":[{\"@type\":\"SearchAction\",\"target\":{\"@type\":\"EntryPoint\",\"urlTemplate\":\"https:\\\/\\\/vitablanca.ma\\\/?s={search_term_string}\"},\"query-input\":{\"@type\":\"PropertyValueSpecification\",\"valueRequired\":true,\"valueName\":\"search_term_string\"}}],\"inLanguage\":\"en-US\"},{\"@type\":\"Organization\",\"@id\":\"https:\\\/\\\/vitablanca.ma\\\/#organization\",\"name\":\"VitaBlanca\",\"url\":\"https:\\\/\\\/vitablanca.ma\\\/\",\"logo\":{\"@type\":\"ImageObject\",\"inLanguage\":\"en-US\",\"@id\":\"https:\\\/\\\/vitablanca.ma\\\/#\\\/schema\\\/logo\\\/image\\\/\",\"url\":\"https:\\\/\\\/vitablanca.ma\\\/wp-content\\\/uploads\\\/2025\\\/05\\\/cropped-vitablanca.png\",\"contentUrl\":\"https:\\\/\\\/vitablanca.ma\\\/wp-content\\\/uploads\\\/2025\\\/05\\\/cropped-vitablanca.png\",\"width\":360,\"height\":67,\"caption\":\"VitaBlanca\"},\"image\":{\"@id\":\"https:\\\/\\\/vitablanca.ma\\\/#\\\/schema\\\/logo\\\/image\\\/\"},\"sameAs\":[\"https:\\\/\\\/www.facebook.com\\\/profile.php?id=61576678196717\",\"https:\\\/\\\/www.tiktok.com\\\/@vitablanca.ma\",\"https:\\\/\\\/www.instagram.com\\\/vitablanca.ma\\\/\"]}]}<\/script>\n<!-- \/ Yoast SEO plugin. -->","yoast_head_json":{"title":"Instant Concealer Spray NEVA Root Touch-up - Morocco Price","description":"Instant Concealer Spray NEVA Root Touch-up","robots":{"index":"index","follow":"follow","max-snippet":"max-snippet:-1","max-image-preview":"max-image-preview:large","max-video-preview":"max-video-preview:-1"},"canonical":"https:\/\/vitablanca.ma\/en\/product\/instant-concealer-spray-neva-root-touch-up\/","og_locale":"en_US","og_type":"article","og_title":"Instant Concealer Spray NEVA Root Touch-up - Maroc Prix","og_description":"Instant Concealer Spray NEVA Root Touch-up","og_url":"https:\/\/vitablanca.ma\/en\/product\/instant-concealer-spray-neva-root-touch-up\/","og_site_name":"Vitablanca.ma &ndash; Sant&eacute;, vitalit&eacute; et bien-&ecirc;tre pour tous les Marocains","article_publisher":"https:\/\/www.facebook.com\/profile.php?id=61576678196717","article_modified_time":"2025-05-28T20:10:16+00:00","og_image":[{"width":600,"height":600,"url":"https:\/\/vitablanca.ma\/wp-content\/uploads\/2025\/05\/8698636612869.jpg","type":"image\/jpeg"}],"twitter_card":"summary_large_image","schema":{"@context":"https:\/\/schema.org","@graph":[{"@type":["WebPage","ItemPage"],"@id":"https:\/\/vitablanca.ma\/produit\/instant-concealer-spray-neva-root-touch-up\/","url":"https:\/\/vitablanca.ma\/produit\/instant-concealer-spray-neva-root-touch-up\/","name":"Instant Concealer Spray NEVA Root Touch-up - Morocco Price","isPartOf":{"@id":"https:\/\/vitablanca.ma\/#website"},"primaryImageOfPage":{"@id":"https:\/\/vitablanca.ma\/produit\/instant-concealer-spray-neva-root-touch-up\/#primaryimage"},"image":{"@id":"https:\/\/vitablanca.ma\/produit\/instant-concealer-spray-neva-root-touch-up\/#primaryimage"},"thumbnailUrl":"https:\/\/vitablanca.ma\/wp-content\/uploads\/2025\/05\/8698636612869.jpg","datePublished":"2025-05-28T20:10:09+00:00","dateModified":"2025-05-28T20:10:16+00:00","description":"Instant Concealer Spray NEVA Root Touch-up","breadcrumb":{"@id":"https:\/\/vitablanca.ma\/produit\/instant-concealer-spray-neva-root-touch-up\/#breadcrumb"},"inLanguage":"en-US","potentialAction":[{"@type":"ReadAction","target":["https:\/\/vitablanca.ma\/produit\/instant-concealer-spray-neva-root-touch-up\/"]}]},{"@type":"ImageObject","inLanguage":"en-US","@id":"https:\/\/vitablanca.ma\/produit\/instant-concealer-spray-neva-root-touch-up\/#primaryimage","url":"https:\/\/vitablanca.ma\/wp-content\/uploads\/2025\/05\/8698636612869.jpg","contentUrl":"https:\/\/vitablanca.ma\/wp-content\/uploads\/2025\/05\/8698636612869.jpg","width":600,"height":600},{"@type":"BreadcrumbList","@id":"https:\/\/vitablanca.ma\/produit\/instant-concealer-spray-neva-root-touch-up\/#breadcrumb","itemListElement":[{"@type":"ListItem","position":1,"name":"Home","item":"https:\/\/vitablanca.ma\/"},{"@type":"ListItem","position":2,"name":"Tous Les Produits","item":"https:\/\/vitablanca.ma\/tous-les-produits\/"},{"@type":"ListItem","position":3,"name":"Instant Concealer Spray NEVA Root Touch-up"}]},{"@type":"WebSite","@id":"https:\/\/vitablanca.ma\/#website","url":"https:\/\/vitablanca.ma\/","name":"VitaBlanca.ma | Food supplements, health &amp; beauty in Morocco","description":"sell premium vitamins and supplements from USA &amp; Canada, New Zealand, Morocco (NOW Foods, Solgar, Manuka). Fast delivery anywhere in Morocco.","publisher":{"@id":"https:\/\/vitablanca.ma\/#organization"},"alternateName":"VitaBlanca.ma","potentialAction":[{"@type":"SearchAction","target":{"@type":"EntryPoint","urlTemplate":"https:\/\/vitablanca.ma\/?s={search_term_string}"},"query-input":{"@type":"PropertyValueSpecification","valueRequired":true,"valueName":"search_term_string"}}],"inLanguage":"en-US"},{"@type":"Organization","@id":"https:\/\/vitablanca.ma\/#organization","name":"VitaBlanca","url":"https:\/\/vitablanca.ma\/","logo":{"@type":"ImageObject","inLanguage":"en-US","@id":"https:\/\/vitablanca.ma\/#\/schema\/logo\/image\/","url":"https:\/\/vitablanca.ma\/wp-content\/uploads\/2025\/05\/cropped-vitablanca.png","contentUrl":"https:\/\/vitablanca.ma\/wp-content\/uploads\/2025\/05\/cropped-vitablanca.png","width":360,"height":67,"caption":"VitaBlanca"},"image":{"@id":"https:\/\/vitablanca.ma\/#\/schema\/logo\/image\/"},"sameAs":["https:\/\/www.facebook.com\/profile.php?id=61576678196717","https:\/\/www.tiktok.com\/@vitablanca.ma","https:\/\/www.instagram.com\/vitablanca.ma\/"]}]}},"jetpack_sharing_enabled":true,"_links":{"self":[{"href":"https:\/\/vitablanca.ma\/en\/wp-json\/wp\/v2\/product\/11069","targetHints":{"allow":["GET"]}}],"collection":[{"href":"https:\/\/vitablanca.ma\/en\/wp-json\/wp\/v2\/product"}],"about":[{"href":"https:\/\/vitablanca.ma\/en\/wp-json\/wp\/v2\/types\/product"}],"wp:featuredmedia":[{"embeddable":true,"href":"https:\/\/vitablanca.ma\/en\/wp-json\/wp\/v2\/media\/11063"}],"wp:attachment":[{"href":"https:\/\/vitablanca.ma\/en\/wp-json\/wp\/v2\/media?parent=11069"}],"wp:term":[{"taxonomy":"product_brand","embeddable":true,"href":"https:\/\/vitablanca.ma\/en\/wp-json\/wp\/v2\/product_brand?post=11069"},{"taxonomy":"product_cat","embeddable":true,"href":"https:\/\/vitablanca.ma\/en\/wp-json\/wp\/v2\/product_cat?post=11069"},{"taxonomy":"product_tag","embeddable":true,"href":"https:\/\/vitablanca.ma\/en\/wp-json\/wp\/v2\/product_tag?post=11069"}],"curies":[{"name":"wp","href":"https:\/\/api.w.org\/{rel}","templated":true}]}}