{"id":11061,"date":"2025-05-28T20:09:56","date_gmt":"2025-05-28T20:09:56","guid":{"rendered":"https:\/\/vitablanca.ma\/product\/sheonly-18-pcs-white-professional-makeup-brush-set-for-foundation-powder-concealers-eye-shadows-blush-2\/"},"modified":"2025-05-28T20:09:56","modified_gmt":"2025-05-28T20:09:56","slug":"sheonly-18-pcs-white-professional-makeup-brush-set-for-foundation-powder-concealers-eye-shadows-blush-2","status":"publish","type":"product","link":"https:\/\/vitablanca.ma\/en\/product\/sheonly-18-pcs-white-professional-makeup-brush-set-for-foundation-powder-concealers-eye-shadows-blush-2\/","title":{"rendered":"SheOnly 18 Pcs White Professional Makeup Brush Set for Foundation Powder Concealers Eye Shadows Blush"},"content":{"rendered":"<p>Upgrade your makeup game with our Sheonly Professional Brush Set, a comprehensive collection that meets all your cosmetic needs. Packed with 18 professional-quality brushes, this set guarantees flawless makeup application, whether you&#039;re blending, lining, or smudging. Each brush is meticulously designed to accentuate and enhance your natural features, offering precision and versatility with every stroke. From foundation and eyeshadow to blush and concealer, this set has you covered with a diverse range of brushes, including flat, rounded, angled, and precision. In addition to the essential brushes, this set also includes a cosmetic sponge for easy application.<\/p>\n<p data-mce-fragment=\"1\"><strong data-mce-fragment=\"1\">Package Content<\/strong><\/p>\n<p data-mce-fragment=\"1\">18 x Makeup Brush<\/p>\n<p data-mce-fragment=\"1\">1 x Grey<span data-mce-fragment=\"1\">-white\u00a0<\/span>Beauty Egg<\/p>\n<p data-mce-fragment=\"1\">1 x Pink Powder Puff<\/p>\n<p data-mce-fragment=\"1\"><span data-mce-fragment=\"1\">1 x PU Storage Holder<\/span><\/p>\n<p data-mce-fragment=\"1\">1 x Silver-white Storage Bag<\/p>","protected":false},"excerpt":{"rendered":"<p>Am\u00e9liorez votre jeu de maquillage avec notre ensemble de pinceaux professionnels Sheonly, une collection compl\u00e8te qui r\u00e9pond \u00e0 tous vos besoins cosm\u00e9tiques. Avec ses 18 pinceaux de qualit\u00e9 professionnelle, cet ensemble garantit une application de maquillage impeccable, que vous cherchiez \u00e0 estomper, \u00e0 tracer ou \u00e0 m\u00e9langer. Chaque pinceau est m\u00e9ticuleusement con\u00e7u pour accentuer et [&hellip;]<\/p>\n","protected":false},"featured_media":11019,"template":"","meta":{"om_disable_all_campaigns":false},"product_brand":[],"product_cat":[15],"product_tag":[],"class_list":{"0":"post-11061","1":"product","2":"type-product","3":"status-publish","4":"has-post-thumbnail","6":"product_cat-beaute-sante-complements-alimentaires-soins-et-bien-etre-au-meilleur-prix","8":"first","9":"instock","10":"taxable","11":"shipping-taxable","12":"purchasable","13":"product-type-simple"},"yoast_head":"<!-- This site is optimized with the Yoast SEO plugin v27.4 - https:\/\/yoast.com\/product\/yoast-seo-wordpress\/ -->\n<title>SheOnly 18 Pcs White Professional Makeup Brush Set for Foundation Powder Concealers Eye Shadows Blush - Maroc Prix<\/title>\n<meta name=\"description\" content=\"SheOnly 18 Pcs White Professional Makeup Brush Set for Foundation Powder Concealers Eye Shadows Blush\" \/>\n<meta name=\"robots\" content=\"index, follow, max-snippet:-1, max-image-preview:large, max-video-preview:-1\" \/>\n<link rel=\"canonical\" href=\"https:\/\/vitablanca.ma\/en\/product\/sheonly-18-pcs-white-professional-makeup-brush-set-for-foundation-powder-concealers-eye-shadows-blush-2\/\" \/>\n<meta property=\"og:locale\" content=\"en_US\" \/>\n<meta property=\"og:type\" content=\"article\" \/>\n<meta property=\"og:title\" content=\"SheOnly 18 Pcs White Professional Makeup Brush Set for Foundation Powder Concealers Eye Shadows Blush - Maroc Prix\" \/>\n<meta property=\"og:description\" content=\"SheOnly 18 Pcs White Professional Makeup Brush Set for Foundation Powder Concealers Eye Shadows Blush\" \/>\n<meta property=\"og:url\" content=\"https:\/\/vitablanca.ma\/en\/product\/sheonly-18-pcs-white-professional-makeup-brush-set-for-foundation-powder-concealers-eye-shadows-blush-2\/\" \/>\n<meta property=\"og:site_name\" content=\"Vitablanca.ma &ndash; Sant&eacute;, vitalit&eacute; et bien-&ecirc;tre pour tous les Marocains\" \/>\n<meta property=\"article:publisher\" content=\"https:\/\/www.facebook.com\/profile.php?id=61576678196717\" \/>\n<meta property=\"og:image\" content=\"https:\/\/vitablanca.ma\/wp-content\/uploads\/2025\/05\/BU0424-1500-1-removebg-preview_81e79b56-b7cf-489d-b4df-e577acd8010d-1.png\" \/>\n\t<meta property=\"og:image:width\" content=\"408\" \/>\n\t<meta property=\"og:image:height\" content=\"411\" \/>\n\t<meta property=\"og:image:type\" content=\"image\/png\" \/>\n<meta name=\"twitter:card\" content=\"summary_large_image\" \/>\n<meta name=\"twitter:label1\" content=\"Est. reading time\" \/>\n\t<meta name=\"twitter:data1\" content=\"1 minute\" \/>\n<script type=\"application\/ld+json\" class=\"yoast-schema-graph\">{\"@context\":\"https:\\\/\\\/schema.org\",\"@graph\":[{\"@type\":[\"WebPage\",\"ItemPage\"],\"@id\":\"https:\\\/\\\/vitablanca.ma\\\/produit\\\/sheonly-18-pcs-white-professional-makeup-brush-set-for-foundation-powder-concealers-eye-shadows-blush-2\\\/\",\"url\":\"https:\\\/\\\/vitablanca.ma\\\/produit\\\/sheonly-18-pcs-white-professional-makeup-brush-set-for-foundation-powder-concealers-eye-shadows-blush-2\\\/\",\"name\":\"SheOnly 18 Pcs White Professional Makeup Brush Set for Foundation Powder Concealers Eye Shadows Blush - Maroc Prix\",\"isPartOf\":{\"@id\":\"https:\\\/\\\/vitablanca.ma\\\/#website\"},\"primaryImageOfPage\":{\"@id\":\"https:\\\/\\\/vitablanca.ma\\\/produit\\\/sheonly-18-pcs-white-professional-makeup-brush-set-for-foundation-powder-concealers-eye-shadows-blush-2\\\/#primaryimage\"},\"image\":{\"@id\":\"https:\\\/\\\/vitablanca.ma\\\/produit\\\/sheonly-18-pcs-white-professional-makeup-brush-set-for-foundation-powder-concealers-eye-shadows-blush-2\\\/#primaryimage\"},\"thumbnailUrl\":\"https:\\\/\\\/vitablanca.ma\\\/wp-content\\\/uploads\\\/2025\\\/05\\\/BU0424-1500-1-removebg-preview_81e79b56-b7cf-489d-b4df-e577acd8010d-1.png\",\"datePublished\":\"2025-05-28T20:09:56+00:00\",\"description\":\"SheOnly 18 Pcs White Professional Makeup Brush Set for Foundation Powder Concealers Eye Shadows Blush\",\"breadcrumb\":{\"@id\":\"https:\\\/\\\/vitablanca.ma\\\/produit\\\/sheonly-18-pcs-white-professional-makeup-brush-set-for-foundation-powder-concealers-eye-shadows-blush-2\\\/#breadcrumb\"},\"inLanguage\":\"en-US\",\"potentialAction\":[{\"@type\":\"ReadAction\",\"target\":[\"https:\\\/\\\/vitablanca.ma\\\/produit\\\/sheonly-18-pcs-white-professional-makeup-brush-set-for-foundation-powder-concealers-eye-shadows-blush-2\\\/\"]}]},{\"@type\":\"ImageObject\",\"inLanguage\":\"en-US\",\"@id\":\"https:\\\/\\\/vitablanca.ma\\\/produit\\\/sheonly-18-pcs-white-professional-makeup-brush-set-for-foundation-powder-concealers-eye-shadows-blush-2\\\/#primaryimage\",\"url\":\"https:\\\/\\\/vitablanca.ma\\\/wp-content\\\/uploads\\\/2025\\\/05\\\/BU0424-1500-1-removebg-preview_81e79b56-b7cf-489d-b4df-e577acd8010d-1.png\",\"contentUrl\":\"https:\\\/\\\/vitablanca.ma\\\/wp-content\\\/uploads\\\/2025\\\/05\\\/BU0424-1500-1-removebg-preview_81e79b56-b7cf-489d-b4df-e577acd8010d-1.png\",\"width\":408,\"height\":411},{\"@type\":\"BreadcrumbList\",\"@id\":\"https:\\\/\\\/vitablanca.ma\\\/produit\\\/sheonly-18-pcs-white-professional-makeup-brush-set-for-foundation-powder-concealers-eye-shadows-blush-2\\\/#breadcrumb\",\"itemListElement\":[{\"@type\":\"ListItem\",\"position\":1,\"name\":\"Home\",\"item\":\"https:\\\/\\\/vitablanca.ma\\\/\"},{\"@type\":\"ListItem\",\"position\":2,\"name\":\"Tous Les Produits\",\"item\":\"https:\\\/\\\/vitablanca.ma\\\/tous-les-produits\\\/\"},{\"@type\":\"ListItem\",\"position\":3,\"name\":\"SheOnly 18 Pcs White Professional Makeup Brush Set for Foundation Powder Concealers Eye Shadows Blush\"}]},{\"@type\":\"WebSite\",\"@id\":\"https:\\\/\\\/vitablanca.ma\\\/#website\",\"url\":\"https:\\\/\\\/vitablanca.ma\\\/\",\"name\":\"VitaBlanca.ma | Compl\u00e9ments alimentaires, sant\u00e9 & beaut\u00e9 au Maroc\",\"description\":\"vendre vitamines et compl\u00e9ments premium des USA &amp; Canada, Nouvelle Z\u00e9lande,Maroc (NOW Foods, Solgar, Manuka). Livraison rapide partout au Maroc.\",\"publisher\":{\"@id\":\"https:\\\/\\\/vitablanca.ma\\\/#organization\"},\"alternateName\":\"VitaBlanca.ma\",\"potentialAction\":[{\"@type\":\"SearchAction\",\"target\":{\"@type\":\"EntryPoint\",\"urlTemplate\":\"https:\\\/\\\/vitablanca.ma\\\/?s={search_term_string}\"},\"query-input\":{\"@type\":\"PropertyValueSpecification\",\"valueRequired\":true,\"valueName\":\"search_term_string\"}}],\"inLanguage\":\"en-US\"},{\"@type\":\"Organization\",\"@id\":\"https:\\\/\\\/vitablanca.ma\\\/#organization\",\"name\":\"VitaBlanca\",\"url\":\"https:\\\/\\\/vitablanca.ma\\\/\",\"logo\":{\"@type\":\"ImageObject\",\"inLanguage\":\"en-US\",\"@id\":\"https:\\\/\\\/vitablanca.ma\\\/#\\\/schema\\\/logo\\\/image\\\/\",\"url\":\"https:\\\/\\\/vitablanca.ma\\\/wp-content\\\/uploads\\\/2025\\\/05\\\/cropped-vitablanca.png\",\"contentUrl\":\"https:\\\/\\\/vitablanca.ma\\\/wp-content\\\/uploads\\\/2025\\\/05\\\/cropped-vitablanca.png\",\"width\":360,\"height\":67,\"caption\":\"VitaBlanca\"},\"image\":{\"@id\":\"https:\\\/\\\/vitablanca.ma\\\/#\\\/schema\\\/logo\\\/image\\\/\"},\"sameAs\":[\"https:\\\/\\\/www.facebook.com\\\/profile.php?id=61576678196717\",\"https:\\\/\\\/www.tiktok.com\\\/@vitablanca.ma\",\"https:\\\/\\\/www.instagram.com\\\/vitablanca.ma\\\/\"]}]}<\/script>\n<!-- \/ Yoast SEO plugin. -->","yoast_head_json":{"title":"SheOnly 18 Pcs White Professional Makeup Brush Set for Foundation Powder Concealers Eye Shadows Blush - Morocco Price","description":"SheOnly 18 Pcs White Professional Makeup Brush Set for Foundation Powder Concealers Eye Shadows Blush","robots":{"index":"index","follow":"follow","max-snippet":"max-snippet:-1","max-image-preview":"max-image-preview:large","max-video-preview":"max-video-preview:-1"},"canonical":"https:\/\/vitablanca.ma\/en\/product\/sheonly-18-pcs-white-professional-makeup-brush-set-for-foundation-powder-concealers-eye-shadows-blush-2\/","og_locale":"en_US","og_type":"article","og_title":"SheOnly 18 Pcs White Professional Makeup Brush Set for Foundation Powder Concealers Eye Shadows Blush - Maroc Prix","og_description":"SheOnly 18 Pcs White Professional Makeup Brush Set for Foundation Powder Concealers Eye Shadows Blush","og_url":"https:\/\/vitablanca.ma\/en\/product\/sheonly-18-pcs-white-professional-makeup-brush-set-for-foundation-powder-concealers-eye-shadows-blush-2\/","og_site_name":"Vitablanca.ma &ndash; Sant&eacute;, vitalit&eacute; et bien-&ecirc;tre pour tous les Marocains","article_publisher":"https:\/\/www.facebook.com\/profile.php?id=61576678196717","og_image":[{"width":408,"height":411,"url":"https:\/\/vitablanca.ma\/wp-content\/uploads\/2025\/05\/BU0424-1500-1-removebg-preview_81e79b56-b7cf-489d-b4df-e577acd8010d-1.png","type":"image\/png"}],"twitter_card":"summary_large_image","twitter_misc":{"Est. reading time":"1 minute"},"schema":{"@context":"https:\/\/schema.org","@graph":[{"@type":["WebPage","ItemPage"],"@id":"https:\/\/vitablanca.ma\/produit\/sheonly-18-pcs-white-professional-makeup-brush-set-for-foundation-powder-concealers-eye-shadows-blush-2\/","url":"https:\/\/vitablanca.ma\/produit\/sheonly-18-pcs-white-professional-makeup-brush-set-for-foundation-powder-concealers-eye-shadows-blush-2\/","name":"SheOnly 18 Pcs White Professional Makeup Brush Set for Foundation Powder Concealers Eye Shadows Blush - Morocco Price","isPartOf":{"@id":"https:\/\/vitablanca.ma\/#website"},"primaryImageOfPage":{"@id":"https:\/\/vitablanca.ma\/produit\/sheonly-18-pcs-white-professional-makeup-brush-set-for-foundation-powder-concealers-eye-shadows-blush-2\/#primaryimage"},"image":{"@id":"https:\/\/vitablanca.ma\/produit\/sheonly-18-pcs-white-professional-makeup-brush-set-for-foundation-powder-concealers-eye-shadows-blush-2\/#primaryimage"},"thumbnailUrl":"https:\/\/vitablanca.ma\/wp-content\/uploads\/2025\/05\/BU0424-1500-1-removebg-preview_81e79b56-b7cf-489d-b4df-e577acd8010d-1.png","datePublished":"2025-05-28T20:09:56+00:00","description":"SheOnly 18 Pcs White Professional Makeup Brush Set for Foundation Powder Concealers Eye Shadows Blush","breadcrumb":{"@id":"https:\/\/vitablanca.ma\/produit\/sheonly-18-pcs-white-professional-makeup-brush-set-for-foundation-powder-concealers-eye-shadows-blush-2\/#breadcrumb"},"inLanguage":"en-US","potentialAction":[{"@type":"ReadAction","target":["https:\/\/vitablanca.ma\/produit\/sheonly-18-pcs-white-professional-makeup-brush-set-for-foundation-powder-concealers-eye-shadows-blush-2\/"]}]},{"@type":"ImageObject","inLanguage":"en-US","@id":"https:\/\/vitablanca.ma\/produit\/sheonly-18-pcs-white-professional-makeup-brush-set-for-foundation-powder-concealers-eye-shadows-blush-2\/#primaryimage","url":"https:\/\/vitablanca.ma\/wp-content\/uploads\/2025\/05\/BU0424-1500-1-removebg-preview_81e79b56-b7cf-489d-b4df-e577acd8010d-1.png","contentUrl":"https:\/\/vitablanca.ma\/wp-content\/uploads\/2025\/05\/BU0424-1500-1-removebg-preview_81e79b56-b7cf-489d-b4df-e577acd8010d-1.png","width":408,"height":411},{"@type":"BreadcrumbList","@id":"https:\/\/vitablanca.ma\/produit\/sheonly-18-pcs-white-professional-makeup-brush-set-for-foundation-powder-concealers-eye-shadows-blush-2\/#breadcrumb","itemListElement":[{"@type":"ListItem","position":1,"name":"Home","item":"https:\/\/vitablanca.ma\/"},{"@type":"ListItem","position":2,"name":"Tous Les Produits","item":"https:\/\/vitablanca.ma\/tous-les-produits\/"},{"@type":"ListItem","position":3,"name":"SheOnly 18 Pcs White Professional Makeup Brush Set for Foundation Powder Concealers Eye Shadows Blush"}]},{"@type":"WebSite","@id":"https:\/\/vitablanca.ma\/#website","url":"https:\/\/vitablanca.ma\/","name":"VitaBlanca.ma | Food supplements, health &amp; beauty in Morocco","description":"sell premium vitamins and supplements from USA &amp; Canada, New Zealand, Morocco (NOW Foods, Solgar, Manuka). Fast delivery anywhere in Morocco.","publisher":{"@id":"https:\/\/vitablanca.ma\/#organization"},"alternateName":"VitaBlanca.ma","potentialAction":[{"@type":"SearchAction","target":{"@type":"EntryPoint","urlTemplate":"https:\/\/vitablanca.ma\/?s={search_term_string}"},"query-input":{"@type":"PropertyValueSpecification","valueRequired":true,"valueName":"search_term_string"}}],"inLanguage":"en-US"},{"@type":"Organization","@id":"https:\/\/vitablanca.ma\/#organization","name":"VitaBlanca","url":"https:\/\/vitablanca.ma\/","logo":{"@type":"ImageObject","inLanguage":"en-US","@id":"https:\/\/vitablanca.ma\/#\/schema\/logo\/image\/","url":"https:\/\/vitablanca.ma\/wp-content\/uploads\/2025\/05\/cropped-vitablanca.png","contentUrl":"https:\/\/vitablanca.ma\/wp-content\/uploads\/2025\/05\/cropped-vitablanca.png","width":360,"height":67,"caption":"VitaBlanca"},"image":{"@id":"https:\/\/vitablanca.ma\/#\/schema\/logo\/image\/"},"sameAs":["https:\/\/www.facebook.com\/profile.php?id=61576678196717","https:\/\/www.tiktok.com\/@vitablanca.ma","https:\/\/www.instagram.com\/vitablanca.ma\/"]}]}},"jetpack_sharing_enabled":true,"_links":{"self":[{"href":"https:\/\/vitablanca.ma\/en\/wp-json\/wp\/v2\/product\/11061","targetHints":{"allow":["GET"]}}],"collection":[{"href":"https:\/\/vitablanca.ma\/en\/wp-json\/wp\/v2\/product"}],"about":[{"href":"https:\/\/vitablanca.ma\/en\/wp-json\/wp\/v2\/types\/product"}],"wp:featuredmedia":[{"embeddable":true,"href":"https:\/\/vitablanca.ma\/en\/wp-json\/wp\/v2\/media\/11019"}],"wp:attachment":[{"href":"https:\/\/vitablanca.ma\/en\/wp-json\/wp\/v2\/media?parent=11061"}],"wp:term":[{"taxonomy":"product_brand","embeddable":true,"href":"https:\/\/vitablanca.ma\/en\/wp-json\/wp\/v2\/product_brand?post=11061"},{"taxonomy":"product_cat","embeddable":true,"href":"https:\/\/vitablanca.ma\/en\/wp-json\/wp\/v2\/product_cat?post=11061"},{"taxonomy":"product_tag","embeddable":true,"href":"https:\/\/vitablanca.ma\/en\/wp-json\/wp\/v2\/product_tag?post=11061"}],"curies":[{"name":"wp","href":"https:\/\/api.w.org\/{rel}","templated":true}]}}