{"id":10970,"date":"2025-05-28T20:06:41","date_gmt":"2025-05-28T20:06:41","guid":{"rendered":"https:\/\/vitablanca.ma\/product\/huda-beauty-easy-blur-natural-airbrush-foundation-with-niacinamide\/"},"modified":"2026-03-08T04:04:22","modified_gmt":"2026-03-08T04:04:22","slug":"huda-beauty-easy-blur-natural-airbrush-foundation-with-niacinamide","status":"publish","type":"product","link":"https:\/\/vitablanca.ma\/en\/product\/huda-beauty-easy-blur-natural-airbrush-foundation-with-niacinamide\/","title":{"rendered":"HUDA BEAUTY Easy Blur Natural Airbrush Foundation with Niacinamide"},"content":{"rendered":"<p>Profitez d\u2019un fini sans filtre avec le Fond de teint Easy Blur de HUDA BEAUTY. Cette formule l\u00e9g\u00e8re utilise 1,5% de niacinamide pour lisser la peau et de la silice pour flouter les pores, offrant une couverture moyenne et modulable pour un r\u00e9sultat airbrush parfaitement naturel. Facile \u00e0 appliquer, votre peau sera sublim\u00e9e en un rien de temps.<br \/>\u00a0<\/p>\n<p>\u00a0<\/p>","protected":false},"excerpt":{"rendered":"<p>Profitez d\u2019un fini sans filtre avec le Fond de teint Easy Blur de HUDA BEAUTY. Cette formule l\u00e9g\u00e8re utilise 1,5% de niacinamide pour lisser la peau et de la silice pour flouter les pores, offrant une couverture moyenne et modulable pour un r\u00e9sultat airbrush parfaitement naturel. Facile \u00e0 appliquer, votre peau sera sublim\u00e9e en un [&hellip;]<\/p>\n","protected":false},"featured_media":10957,"template":"","meta":{"om_disable_all_campaigns":false},"product_brand":[],"product_cat":[15],"product_tag":[],"class_list":{"0":"post-10970","1":"product","2":"type-product","3":"status-publish","4":"has-post-thumbnail","6":"product_cat-beaute-sante-complements-alimentaires-soins-et-bien-etre-au-meilleur-prix","8":"first","9":"outofstock","10":"taxable","11":"shipping-taxable","12":"purchasable","13":"product-type-simple"},"yoast_head":"<!-- This site is optimized with the Yoast SEO plugin v27.5 - https:\/\/yoast.com\/product\/yoast-seo-wordpress\/ -->\n<title>HUDA BEAUTY Easy Blur Natural Airbrush Foundation with Niacinamide - Maroc Prix<\/title>\n<meta name=\"description\" content=\"HUDA BEAUTY Easy Blur Natural Airbrush Foundation with Niacinamide\" \/>\n<meta name=\"robots\" content=\"index, follow, max-snippet:-1, max-image-preview:large, max-video-preview:-1\" \/>\n<link rel=\"canonical\" href=\"https:\/\/vitablanca.ma\/en\/product\/huda-beauty-easy-blur-natural-airbrush-foundation-with-niacinamide\/\" \/>\n<meta property=\"og:locale\" content=\"en_US\" \/>\n<meta property=\"og:type\" content=\"article\" \/>\n<meta property=\"og:title\" content=\"HUDA BEAUTY Easy Blur Natural Airbrush Foundation with Niacinamide - Maroc Prix\" \/>\n<meta property=\"og:description\" content=\"HUDA BEAUTY Easy Blur Natural Airbrush Foundation with Niacinamide\" \/>\n<meta property=\"og:url\" content=\"https:\/\/vitablanca.ma\/en\/product\/huda-beauty-easy-blur-natural-airbrush-foundation-with-niacinamide\/\" \/>\n<meta property=\"og:site_name\" content=\"Vitablanca.ma &ndash; Sant&eacute;, vitalit&eacute; et bien-&ecirc;tre pour tous les Marocains\" \/>\n<meta property=\"article:publisher\" content=\"https:\/\/www.facebook.com\/profile.php?id=61576678196717\" \/>\n<meta property=\"article:modified_time\" content=\"2026-03-08T04:04:22+00:00\" \/>\n<meta property=\"og:image\" content=\"https:\/\/vitablanca.ma\/wp-content\/uploads\/2025\/05\/HB_EASY-BLUR-FOUNDATION_PDP_PACKSHOT_6-SHORTBREAD-200B.jpg\" \/>\n\t<meta property=\"og:image:width\" content=\"1242\" \/>\n\t<meta property=\"og:image:height\" content=\"1242\" \/>\n\t<meta property=\"og:image:type\" content=\"image\/jpeg\" \/>\n<meta name=\"twitter:card\" content=\"summary_large_image\" \/>\n<script type=\"application\/ld+json\" class=\"yoast-schema-graph\">{\"@context\":\"https:\\\/\\\/schema.org\",\"@graph\":[{\"@type\":[\"WebPage\",\"ItemPage\"],\"@id\":\"https:\\\/\\\/vitablanca.ma\\\/produit\\\/huda-beauty-easy-blur-natural-airbrush-foundation-with-niacinamide\\\/\",\"url\":\"https:\\\/\\\/vitablanca.ma\\\/produit\\\/huda-beauty-easy-blur-natural-airbrush-foundation-with-niacinamide\\\/\",\"name\":\"HUDA BEAUTY Easy Blur Natural Airbrush Foundation with Niacinamide - Maroc Prix\",\"isPartOf\":{\"@id\":\"https:\\\/\\\/vitablanca.ma\\\/#website\"},\"primaryImageOfPage\":{\"@id\":\"https:\\\/\\\/vitablanca.ma\\\/produit\\\/huda-beauty-easy-blur-natural-airbrush-foundation-with-niacinamide\\\/#primaryimage\"},\"image\":{\"@id\":\"https:\\\/\\\/vitablanca.ma\\\/produit\\\/huda-beauty-easy-blur-natural-airbrush-foundation-with-niacinamide\\\/#primaryimage\"},\"thumbnailUrl\":\"https:\\\/\\\/vitablanca.ma\\\/wp-content\\\/uploads\\\/2025\\\/05\\\/HB_EASY-BLUR-FOUNDATION_PDP_PACKSHOT_6-SHORTBREAD-200B.jpg\",\"datePublished\":\"2025-05-28T20:06:41+00:00\",\"dateModified\":\"2026-03-08T04:04:22+00:00\",\"description\":\"HUDA BEAUTY Easy Blur Natural Airbrush Foundation with Niacinamide\",\"breadcrumb\":{\"@id\":\"https:\\\/\\\/vitablanca.ma\\\/produit\\\/huda-beauty-easy-blur-natural-airbrush-foundation-with-niacinamide\\\/#breadcrumb\"},\"inLanguage\":\"en-US\",\"potentialAction\":[{\"@type\":\"ReadAction\",\"target\":[\"https:\\\/\\\/vitablanca.ma\\\/produit\\\/huda-beauty-easy-blur-natural-airbrush-foundation-with-niacinamide\\\/\"]}]},{\"@type\":\"ImageObject\",\"inLanguage\":\"en-US\",\"@id\":\"https:\\\/\\\/vitablanca.ma\\\/produit\\\/huda-beauty-easy-blur-natural-airbrush-foundation-with-niacinamide\\\/#primaryimage\",\"url\":\"https:\\\/\\\/vitablanca.ma\\\/wp-content\\\/uploads\\\/2025\\\/05\\\/HB_EASY-BLUR-FOUNDATION_PDP_PACKSHOT_6-SHORTBREAD-200B.jpg\",\"contentUrl\":\"https:\\\/\\\/vitablanca.ma\\\/wp-content\\\/uploads\\\/2025\\\/05\\\/HB_EASY-BLUR-FOUNDATION_PDP_PACKSHOT_6-SHORTBREAD-200B.jpg\",\"width\":1242,\"height\":1242},{\"@type\":\"BreadcrumbList\",\"@id\":\"https:\\\/\\\/vitablanca.ma\\\/produit\\\/huda-beauty-easy-blur-natural-airbrush-foundation-with-niacinamide\\\/#breadcrumb\",\"itemListElement\":[{\"@type\":\"ListItem\",\"position\":1,\"name\":\"Home\",\"item\":\"https:\\\/\\\/vitablanca.ma\\\/\"},{\"@type\":\"ListItem\",\"position\":2,\"name\":\"Tous Les Produits\",\"item\":\"https:\\\/\\\/vitablanca.ma\\\/tous-les-produits\\\/\"},{\"@type\":\"ListItem\",\"position\":3,\"name\":\"HUDA BEAUTY Easy Blur Natural Airbrush Foundation with Niacinamide\"}]},{\"@type\":\"WebSite\",\"@id\":\"https:\\\/\\\/vitablanca.ma\\\/#website\",\"url\":\"https:\\\/\\\/vitablanca.ma\\\/\",\"name\":\"VitaBlanca.ma | Compl\u00e9ments alimentaires, sant\u00e9 & beaut\u00e9 au Maroc\",\"description\":\"vendre vitamines et compl\u00e9ments premium des USA &amp; Canada, Nouvelle Z\u00e9lande,Maroc (NOW Foods, Solgar, Manuka). Livraison rapide partout au Maroc.\",\"publisher\":{\"@id\":\"https:\\\/\\\/vitablanca.ma\\\/#organization\"},\"alternateName\":\"VitaBlanca.ma\",\"potentialAction\":[{\"@type\":\"SearchAction\",\"target\":{\"@type\":\"EntryPoint\",\"urlTemplate\":\"https:\\\/\\\/vitablanca.ma\\\/?s={search_term_string}\"},\"query-input\":{\"@type\":\"PropertyValueSpecification\",\"valueRequired\":true,\"valueName\":\"search_term_string\"}}],\"inLanguage\":\"en-US\"},{\"@type\":\"Organization\",\"@id\":\"https:\\\/\\\/vitablanca.ma\\\/#organization\",\"name\":\"VitaBlanca\",\"url\":\"https:\\\/\\\/vitablanca.ma\\\/\",\"logo\":{\"@type\":\"ImageObject\",\"inLanguage\":\"en-US\",\"@id\":\"https:\\\/\\\/vitablanca.ma\\\/#\\\/schema\\\/logo\\\/image\\\/\",\"url\":\"https:\\\/\\\/vitablanca.ma\\\/wp-content\\\/uploads\\\/2025\\\/05\\\/cropped-vitablanca.png\",\"contentUrl\":\"https:\\\/\\\/vitablanca.ma\\\/wp-content\\\/uploads\\\/2025\\\/05\\\/cropped-vitablanca.png\",\"width\":360,\"height\":67,\"caption\":\"VitaBlanca\"},\"image\":{\"@id\":\"https:\\\/\\\/vitablanca.ma\\\/#\\\/schema\\\/logo\\\/image\\\/\"},\"sameAs\":[\"https:\\\/\\\/www.facebook.com\\\/profile.php?id=61576678196717\",\"https:\\\/\\\/www.tiktok.com\\\/@vitablanca.ma\",\"https:\\\/\\\/www.instagram.com\\\/vitablanca.ma\\\/\"]}]}<\/script>\n<!-- \/ Yoast SEO plugin. -->","yoast_head_json":{"title":"HUDA BEAUTY Easy Blur Natural Airbrush Foundation with Niacinamide - Morocco Price","description":"HUDA BEAUTY Easy Blur Natural Airbrush Foundation with Niacinamide","robots":{"index":"index","follow":"follow","max-snippet":"max-snippet:-1","max-image-preview":"max-image-preview:large","max-video-preview":"max-video-preview:-1"},"canonical":"https:\/\/vitablanca.ma\/en\/product\/huda-beauty-easy-blur-natural-airbrush-foundation-with-niacinamide\/","og_locale":"en_US","og_type":"article","og_title":"HUDA BEAUTY Easy Blur Natural Airbrush Foundation with Niacinamide - Maroc Prix","og_description":"HUDA BEAUTY Easy Blur Natural Airbrush Foundation with Niacinamide","og_url":"https:\/\/vitablanca.ma\/en\/product\/huda-beauty-easy-blur-natural-airbrush-foundation-with-niacinamide\/","og_site_name":"Vitablanca.ma &ndash; Sant&eacute;, vitalit&eacute; et bien-&ecirc;tre pour tous les Marocains","article_publisher":"https:\/\/www.facebook.com\/profile.php?id=61576678196717","article_modified_time":"2026-03-08T04:04:22+00:00","og_image":[{"width":1242,"height":1242,"url":"https:\/\/vitablanca.ma\/wp-content\/uploads\/2025\/05\/HB_EASY-BLUR-FOUNDATION_PDP_PACKSHOT_6-SHORTBREAD-200B.jpg","type":"image\/jpeg"}],"twitter_card":"summary_large_image","schema":{"@context":"https:\/\/schema.org","@graph":[{"@type":["WebPage","ItemPage"],"@id":"https:\/\/vitablanca.ma\/produit\/huda-beauty-easy-blur-natural-airbrush-foundation-with-niacinamide\/","url":"https:\/\/vitablanca.ma\/produit\/huda-beauty-easy-blur-natural-airbrush-foundation-with-niacinamide\/","name":"HUDA BEAUTY Easy Blur Natural Airbrush Foundation with Niacinamide - Morocco Price","isPartOf":{"@id":"https:\/\/vitablanca.ma\/#website"},"primaryImageOfPage":{"@id":"https:\/\/vitablanca.ma\/produit\/huda-beauty-easy-blur-natural-airbrush-foundation-with-niacinamide\/#primaryimage"},"image":{"@id":"https:\/\/vitablanca.ma\/produit\/huda-beauty-easy-blur-natural-airbrush-foundation-with-niacinamide\/#primaryimage"},"thumbnailUrl":"https:\/\/vitablanca.ma\/wp-content\/uploads\/2025\/05\/HB_EASY-BLUR-FOUNDATION_PDP_PACKSHOT_6-SHORTBREAD-200B.jpg","datePublished":"2025-05-28T20:06:41+00:00","dateModified":"2026-03-08T04:04:22+00:00","description":"HUDA BEAUTY Easy Blur Natural Airbrush Foundation with Niacinamide","breadcrumb":{"@id":"https:\/\/vitablanca.ma\/produit\/huda-beauty-easy-blur-natural-airbrush-foundation-with-niacinamide\/#breadcrumb"},"inLanguage":"en-US","potentialAction":[{"@type":"ReadAction","target":["https:\/\/vitablanca.ma\/produit\/huda-beauty-easy-blur-natural-airbrush-foundation-with-niacinamide\/"]}]},{"@type":"ImageObject","inLanguage":"en-US","@id":"https:\/\/vitablanca.ma\/produit\/huda-beauty-easy-blur-natural-airbrush-foundation-with-niacinamide\/#primaryimage","url":"https:\/\/vitablanca.ma\/wp-content\/uploads\/2025\/05\/HB_EASY-BLUR-FOUNDATION_PDP_PACKSHOT_6-SHORTBREAD-200B.jpg","contentUrl":"https:\/\/vitablanca.ma\/wp-content\/uploads\/2025\/05\/HB_EASY-BLUR-FOUNDATION_PDP_PACKSHOT_6-SHORTBREAD-200B.jpg","width":1242,"height":1242},{"@type":"BreadcrumbList","@id":"https:\/\/vitablanca.ma\/produit\/huda-beauty-easy-blur-natural-airbrush-foundation-with-niacinamide\/#breadcrumb","itemListElement":[{"@type":"ListItem","position":1,"name":"Home","item":"https:\/\/vitablanca.ma\/"},{"@type":"ListItem","position":2,"name":"Tous Les Produits","item":"https:\/\/vitablanca.ma\/tous-les-produits\/"},{"@type":"ListItem","position":3,"name":"HUDA BEAUTY Easy Blur Natural Airbrush Foundation with Niacinamide"}]},{"@type":"WebSite","@id":"https:\/\/vitablanca.ma\/#website","url":"https:\/\/vitablanca.ma\/","name":"VitaBlanca.ma | Food supplements, health &amp; beauty in Morocco","description":"sell premium vitamins and supplements from USA &amp; Canada, New Zealand, Morocco (NOW Foods, Solgar, Manuka). Fast delivery anywhere in Morocco.","publisher":{"@id":"https:\/\/vitablanca.ma\/#organization"},"alternateName":"VitaBlanca.ma","potentialAction":[{"@type":"SearchAction","target":{"@type":"EntryPoint","urlTemplate":"https:\/\/vitablanca.ma\/?s={search_term_string}"},"query-input":{"@type":"PropertyValueSpecification","valueRequired":true,"valueName":"search_term_string"}}],"inLanguage":"en-US"},{"@type":"Organization","@id":"https:\/\/vitablanca.ma\/#organization","name":"VitaBlanca","url":"https:\/\/vitablanca.ma\/","logo":{"@type":"ImageObject","inLanguage":"en-US","@id":"https:\/\/vitablanca.ma\/#\/schema\/logo\/image\/","url":"https:\/\/vitablanca.ma\/wp-content\/uploads\/2025\/05\/cropped-vitablanca.png","contentUrl":"https:\/\/vitablanca.ma\/wp-content\/uploads\/2025\/05\/cropped-vitablanca.png","width":360,"height":67,"caption":"VitaBlanca"},"image":{"@id":"https:\/\/vitablanca.ma\/#\/schema\/logo\/image\/"},"sameAs":["https:\/\/www.facebook.com\/profile.php?id=61576678196717","https:\/\/www.tiktok.com\/@vitablanca.ma","https:\/\/www.instagram.com\/vitablanca.ma\/"]}]}},"jetpack_sharing_enabled":true,"_links":{"self":[{"href":"https:\/\/vitablanca.ma\/en\/wp-json\/wp\/v2\/product\/10970","targetHints":{"allow":["GET"]}}],"collection":[{"href":"https:\/\/vitablanca.ma\/en\/wp-json\/wp\/v2\/product"}],"about":[{"href":"https:\/\/vitablanca.ma\/en\/wp-json\/wp\/v2\/types\/product"}],"wp:featuredmedia":[{"embeddable":true,"href":"https:\/\/vitablanca.ma\/en\/wp-json\/wp\/v2\/media\/10957"}],"wp:attachment":[{"href":"https:\/\/vitablanca.ma\/en\/wp-json\/wp\/v2\/media?parent=10970"}],"wp:term":[{"taxonomy":"product_brand","embeddable":true,"href":"https:\/\/vitablanca.ma\/en\/wp-json\/wp\/v2\/product_brand?post=10970"},{"taxonomy":"product_cat","embeddable":true,"href":"https:\/\/vitablanca.ma\/en\/wp-json\/wp\/v2\/product_cat?post=10970"},{"taxonomy":"product_tag","embeddable":true,"href":"https:\/\/vitablanca.ma\/en\/wp-json\/wp\/v2\/product_tag?post=10970"}],"curies":[{"name":"wp","href":"https:\/\/api.w.org\/{rel}","templated":true}]}}