{"id":10872,"date":"2025-05-28T20:05:14","date_gmt":"2025-05-28T20:05:14","guid":{"rendered":"https:\/\/vitablanca.ma\/product\/charlotte-tilbury-hollywood-contour-wand\/"},"modified":"2025-05-28T20:05:14","modified_gmt":"2025-05-28T20:05:14","slug":"charlotte-tilbury-hollywood-contour-wand","status":"publish","type":"product","link":"https:\/\/vitablanca.ma\/en\/product\/charlotte-tilbury-hollywood-contour-wand\/","title":{"rendered":"Charlotte Tilbury HOLLYWOOD CONTOUR WAND"},"content":{"rendered":"<p data-mce-fragment=\"1\">Charlotte Tilbury&#039;s Hollywood Contour Wand Light to Medium is the perfect product for creating a sculpted complexion thanks to its lightweight, blendable formula. Its dry, lightweight texture features treated pigments for even color and good adhesion, perfectly defining features and creating a natural-looking effect. Ideal for a natural-looking contour, it&#039;s easy to apply and build.<\/p>","protected":false},"excerpt":{"rendered":"<p>Le Hollywood Contour Wand de Charlotte Tilbury Light to Medium est le produit parfait pour cr\u00e9er un teint sculpt\u00e9 gr\u00e2ce \u00e0 sa formule l\u00e9g\u00e8re, facile \u00e0 estomper et \u00e0 appliquer. Sa texture s\u00e8che et l\u00e9g\u00e8re est dot\u00e9e de pigments trait\u00e9s pour une couleur uniforme et une bonne adh\u00e9rence, qui d\u00e9finissent parfaitement les traits et donnent [&hellip;]<\/p>\n","protected":false},"featured_media":10869,"template":"","meta":{"om_disable_all_campaigns":false},"product_brand":[],"product_cat":[15],"product_tag":[],"class_list":{"0":"post-10872","1":"product","2":"type-product","3":"status-publish","4":"has-post-thumbnail","6":"product_cat-beaute-sante-complements-alimentaires-soins-et-bien-etre-au-meilleur-prix","8":"first","9":"instock","10":"taxable","11":"shipping-taxable","12":"purchasable","13":"product-type-simple"},"yoast_head":"<!-- This site is optimized with the Yoast SEO plugin v27.4 - https:\/\/yoast.com\/product\/yoast-seo-wordpress\/ -->\n<title>Charlotte Tilbury HOLLYWOOD CONTOUR WAND - Maroc Prix<\/title>\n<meta name=\"description\" content=\"Charlotte Tilbury HOLLYWOOD CONTOUR WAND\" \/>\n<meta name=\"robots\" content=\"index, follow, max-snippet:-1, max-image-preview:large, max-video-preview:-1\" \/>\n<link rel=\"canonical\" href=\"https:\/\/vitablanca.ma\/en\/product\/charlotte-tilbury-hollywood-contour-wand\/\" \/>\n<meta property=\"og:locale\" content=\"en_US\" \/>\n<meta property=\"og:type\" content=\"article\" \/>\n<meta property=\"og:title\" content=\"Charlotte Tilbury HOLLYWOOD CONTOUR WAND - Maroc Prix\" \/>\n<meta property=\"og:description\" content=\"Charlotte Tilbury HOLLYWOOD CONTOUR WAND\" \/>\n<meta property=\"og:url\" content=\"https:\/\/vitablanca.ma\/en\/product\/charlotte-tilbury-hollywood-contour-wand\/\" \/>\n<meta property=\"og:site_name\" content=\"Vitablanca.ma &ndash; Sant&eacute;, vitalit&eacute; et bien-&ecirc;tre pour tous les Marocains\" \/>\n<meta property=\"article:publisher\" content=\"https:\/\/www.facebook.com\/profile.php?id=61576678196717\" \/>\n<meta property=\"og:image\" content=\"https:\/\/vitablanca.ma\/wp-content\/uploads\/2025\/05\/HOLLYWOOD-CONTOUR-WAND-PACKSHOT-OPEN_9e0ae372-aed9-46a1-9325-08d02c30422f.jpg\" \/>\n\t<meta property=\"og:image:width\" content=\"500\" \/>\n\t<meta property=\"og:image:height\" content=\"500\" \/>\n\t<meta property=\"og:image:type\" content=\"image\/jpeg\" \/>\n<meta name=\"twitter:card\" content=\"summary_large_image\" \/>\n<script type=\"application\/ld+json\" class=\"yoast-schema-graph\">{\"@context\":\"https:\\\/\\\/schema.org\",\"@graph\":[{\"@type\":[\"WebPage\",\"ItemPage\"],\"@id\":\"https:\\\/\\\/vitablanca.ma\\\/produit\\\/charlotte-tilbury-hollywood-contour-wand\\\/\",\"url\":\"https:\\\/\\\/vitablanca.ma\\\/produit\\\/charlotte-tilbury-hollywood-contour-wand\\\/\",\"name\":\"Charlotte Tilbury HOLLYWOOD CONTOUR WAND - Maroc Prix\",\"isPartOf\":{\"@id\":\"https:\\\/\\\/vitablanca.ma\\\/#website\"},\"primaryImageOfPage\":{\"@id\":\"https:\\\/\\\/vitablanca.ma\\\/produit\\\/charlotte-tilbury-hollywood-contour-wand\\\/#primaryimage\"},\"image\":{\"@id\":\"https:\\\/\\\/vitablanca.ma\\\/produit\\\/charlotte-tilbury-hollywood-contour-wand\\\/#primaryimage\"},\"thumbnailUrl\":\"https:\\\/\\\/vitablanca.ma\\\/wp-content\\\/uploads\\\/2025\\\/05\\\/HOLLYWOOD-CONTOUR-WAND-PACKSHOT-OPEN_9e0ae372-aed9-46a1-9325-08d02c30422f.jpg\",\"datePublished\":\"2025-05-28T20:05:14+00:00\",\"description\":\"Charlotte Tilbury HOLLYWOOD CONTOUR WAND\",\"breadcrumb\":{\"@id\":\"https:\\\/\\\/vitablanca.ma\\\/produit\\\/charlotte-tilbury-hollywood-contour-wand\\\/#breadcrumb\"},\"inLanguage\":\"en-US\",\"potentialAction\":[{\"@type\":\"ReadAction\",\"target\":[\"https:\\\/\\\/vitablanca.ma\\\/produit\\\/charlotte-tilbury-hollywood-contour-wand\\\/\"]}]},{\"@type\":\"ImageObject\",\"inLanguage\":\"en-US\",\"@id\":\"https:\\\/\\\/vitablanca.ma\\\/produit\\\/charlotte-tilbury-hollywood-contour-wand\\\/#primaryimage\",\"url\":\"https:\\\/\\\/vitablanca.ma\\\/wp-content\\\/uploads\\\/2025\\\/05\\\/HOLLYWOOD-CONTOUR-WAND-PACKSHOT-OPEN_9e0ae372-aed9-46a1-9325-08d02c30422f.jpg\",\"contentUrl\":\"https:\\\/\\\/vitablanca.ma\\\/wp-content\\\/uploads\\\/2025\\\/05\\\/HOLLYWOOD-CONTOUR-WAND-PACKSHOT-OPEN_9e0ae372-aed9-46a1-9325-08d02c30422f.jpg\",\"width\":500,\"height\":500},{\"@type\":\"BreadcrumbList\",\"@id\":\"https:\\\/\\\/vitablanca.ma\\\/produit\\\/charlotte-tilbury-hollywood-contour-wand\\\/#breadcrumb\",\"itemListElement\":[{\"@type\":\"ListItem\",\"position\":1,\"name\":\"Home\",\"item\":\"https:\\\/\\\/vitablanca.ma\\\/\"},{\"@type\":\"ListItem\",\"position\":2,\"name\":\"Tous Les Produits\",\"item\":\"https:\\\/\\\/vitablanca.ma\\\/tous-les-produits\\\/\"},{\"@type\":\"ListItem\",\"position\":3,\"name\":\"Charlotte Tilbury HOLLYWOOD CONTOUR WAND\"}]},{\"@type\":\"WebSite\",\"@id\":\"https:\\\/\\\/vitablanca.ma\\\/#website\",\"url\":\"https:\\\/\\\/vitablanca.ma\\\/\",\"name\":\"VitaBlanca.ma | Compl\u00e9ments alimentaires, sant\u00e9 & beaut\u00e9 au Maroc\",\"description\":\"vendre vitamines et compl\u00e9ments premium des USA &amp; Canada, Nouvelle Z\u00e9lande,Maroc (NOW Foods, Solgar, Manuka). Livraison rapide partout au Maroc.\",\"publisher\":{\"@id\":\"https:\\\/\\\/vitablanca.ma\\\/#organization\"},\"alternateName\":\"VitaBlanca.ma\",\"potentialAction\":[{\"@type\":\"SearchAction\",\"target\":{\"@type\":\"EntryPoint\",\"urlTemplate\":\"https:\\\/\\\/vitablanca.ma\\\/?s={search_term_string}\"},\"query-input\":{\"@type\":\"PropertyValueSpecification\",\"valueRequired\":true,\"valueName\":\"search_term_string\"}}],\"inLanguage\":\"en-US\"},{\"@type\":\"Organization\",\"@id\":\"https:\\\/\\\/vitablanca.ma\\\/#organization\",\"name\":\"VitaBlanca\",\"url\":\"https:\\\/\\\/vitablanca.ma\\\/\",\"logo\":{\"@type\":\"ImageObject\",\"inLanguage\":\"en-US\",\"@id\":\"https:\\\/\\\/vitablanca.ma\\\/#\\\/schema\\\/logo\\\/image\\\/\",\"url\":\"https:\\\/\\\/vitablanca.ma\\\/wp-content\\\/uploads\\\/2025\\\/05\\\/cropped-vitablanca.png\",\"contentUrl\":\"https:\\\/\\\/vitablanca.ma\\\/wp-content\\\/uploads\\\/2025\\\/05\\\/cropped-vitablanca.png\",\"width\":360,\"height\":67,\"caption\":\"VitaBlanca\"},\"image\":{\"@id\":\"https:\\\/\\\/vitablanca.ma\\\/#\\\/schema\\\/logo\\\/image\\\/\"},\"sameAs\":[\"https:\\\/\\\/www.facebook.com\\\/profile.php?id=61576678196717\",\"https:\\\/\\\/www.tiktok.com\\\/@vitablanca.ma\",\"https:\\\/\\\/www.instagram.com\\\/vitablanca.ma\\\/\"]}]}<\/script>\n<!-- \/ Yoast SEO plugin. -->","yoast_head_json":{"title":"Charlotte Tilbury HOLLYWOOD CONTOUR WAND - Morocco Price","description":"Charlotte Tilbury HOLLYWOOD CONTOUR WAND","robots":{"index":"index","follow":"follow","max-snippet":"max-snippet:-1","max-image-preview":"max-image-preview:large","max-video-preview":"max-video-preview:-1"},"canonical":"https:\/\/vitablanca.ma\/en\/product\/charlotte-tilbury-hollywood-contour-wand\/","og_locale":"en_US","og_type":"article","og_title":"Charlotte Tilbury HOLLYWOOD CONTOUR WAND - Maroc Prix","og_description":"Charlotte Tilbury HOLLYWOOD CONTOUR WAND","og_url":"https:\/\/vitablanca.ma\/en\/product\/charlotte-tilbury-hollywood-contour-wand\/","og_site_name":"Vitablanca.ma &ndash; Sant&eacute;, vitalit&eacute; et bien-&ecirc;tre pour tous les Marocains","article_publisher":"https:\/\/www.facebook.com\/profile.php?id=61576678196717","og_image":[{"width":500,"height":500,"url":"https:\/\/vitablanca.ma\/wp-content\/uploads\/2025\/05\/HOLLYWOOD-CONTOUR-WAND-PACKSHOT-OPEN_9e0ae372-aed9-46a1-9325-08d02c30422f.jpg","type":"image\/jpeg"}],"twitter_card":"summary_large_image","schema":{"@context":"https:\/\/schema.org","@graph":[{"@type":["WebPage","ItemPage"],"@id":"https:\/\/vitablanca.ma\/produit\/charlotte-tilbury-hollywood-contour-wand\/","url":"https:\/\/vitablanca.ma\/produit\/charlotte-tilbury-hollywood-contour-wand\/","name":"Charlotte Tilbury HOLLYWOOD CONTOUR WAND - Morocco Price","isPartOf":{"@id":"https:\/\/vitablanca.ma\/#website"},"primaryImageOfPage":{"@id":"https:\/\/vitablanca.ma\/produit\/charlotte-tilbury-hollywood-contour-wand\/#primaryimage"},"image":{"@id":"https:\/\/vitablanca.ma\/produit\/charlotte-tilbury-hollywood-contour-wand\/#primaryimage"},"thumbnailUrl":"https:\/\/vitablanca.ma\/wp-content\/uploads\/2025\/05\/HOLLYWOOD-CONTOUR-WAND-PACKSHOT-OPEN_9e0ae372-aed9-46a1-9325-08d02c30422f.jpg","datePublished":"2025-05-28T20:05:14+00:00","description":"Charlotte Tilbury HOLLYWOOD CONTOUR WAND","breadcrumb":{"@id":"https:\/\/vitablanca.ma\/produit\/charlotte-tilbury-hollywood-contour-wand\/#breadcrumb"},"inLanguage":"en-US","potentialAction":[{"@type":"ReadAction","target":["https:\/\/vitablanca.ma\/produit\/charlotte-tilbury-hollywood-contour-wand\/"]}]},{"@type":"ImageObject","inLanguage":"en-US","@id":"https:\/\/vitablanca.ma\/produit\/charlotte-tilbury-hollywood-contour-wand\/#primaryimage","url":"https:\/\/vitablanca.ma\/wp-content\/uploads\/2025\/05\/HOLLYWOOD-CONTOUR-WAND-PACKSHOT-OPEN_9e0ae372-aed9-46a1-9325-08d02c30422f.jpg","contentUrl":"https:\/\/vitablanca.ma\/wp-content\/uploads\/2025\/05\/HOLLYWOOD-CONTOUR-WAND-PACKSHOT-OPEN_9e0ae372-aed9-46a1-9325-08d02c30422f.jpg","width":500,"height":500},{"@type":"BreadcrumbList","@id":"https:\/\/vitablanca.ma\/produit\/charlotte-tilbury-hollywood-contour-wand\/#breadcrumb","itemListElement":[{"@type":"ListItem","position":1,"name":"Home","item":"https:\/\/vitablanca.ma\/"},{"@type":"ListItem","position":2,"name":"Tous Les Produits","item":"https:\/\/vitablanca.ma\/tous-les-produits\/"},{"@type":"ListItem","position":3,"name":"Charlotte Tilbury HOLLYWOOD CONTOUR WAND"}]},{"@type":"WebSite","@id":"https:\/\/vitablanca.ma\/#website","url":"https:\/\/vitablanca.ma\/","name":"VitaBlanca.ma | Food supplements, health &amp; beauty in Morocco","description":"sell premium vitamins and supplements from USA &amp; Canada, New Zealand, Morocco (NOW Foods, Solgar, Manuka). Fast delivery anywhere in Morocco.","publisher":{"@id":"https:\/\/vitablanca.ma\/#organization"},"alternateName":"VitaBlanca.ma","potentialAction":[{"@type":"SearchAction","target":{"@type":"EntryPoint","urlTemplate":"https:\/\/vitablanca.ma\/?s={search_term_string}"},"query-input":{"@type":"PropertyValueSpecification","valueRequired":true,"valueName":"search_term_string"}}],"inLanguage":"en-US"},{"@type":"Organization","@id":"https:\/\/vitablanca.ma\/#organization","name":"VitaBlanca","url":"https:\/\/vitablanca.ma\/","logo":{"@type":"ImageObject","inLanguage":"en-US","@id":"https:\/\/vitablanca.ma\/#\/schema\/logo\/image\/","url":"https:\/\/vitablanca.ma\/wp-content\/uploads\/2025\/05\/cropped-vitablanca.png","contentUrl":"https:\/\/vitablanca.ma\/wp-content\/uploads\/2025\/05\/cropped-vitablanca.png","width":360,"height":67,"caption":"VitaBlanca"},"image":{"@id":"https:\/\/vitablanca.ma\/#\/schema\/logo\/image\/"},"sameAs":["https:\/\/www.facebook.com\/profile.php?id=61576678196717","https:\/\/www.tiktok.com\/@vitablanca.ma","https:\/\/www.instagram.com\/vitablanca.ma\/"]}]}},"jetpack_sharing_enabled":true,"_links":{"self":[{"href":"https:\/\/vitablanca.ma\/en\/wp-json\/wp\/v2\/product\/10872","targetHints":{"allow":["GET"]}}],"collection":[{"href":"https:\/\/vitablanca.ma\/en\/wp-json\/wp\/v2\/product"}],"about":[{"href":"https:\/\/vitablanca.ma\/en\/wp-json\/wp\/v2\/types\/product"}],"wp:featuredmedia":[{"embeddable":true,"href":"https:\/\/vitablanca.ma\/en\/wp-json\/wp\/v2\/media\/10869"}],"wp:attachment":[{"href":"https:\/\/vitablanca.ma\/en\/wp-json\/wp\/v2\/media?parent=10872"}],"wp:term":[{"taxonomy":"product_brand","embeddable":true,"href":"https:\/\/vitablanca.ma\/en\/wp-json\/wp\/v2\/product_brand?post=10872"},{"taxonomy":"product_cat","embeddable":true,"href":"https:\/\/vitablanca.ma\/en\/wp-json\/wp\/v2\/product_cat?post=10872"},{"taxonomy":"product_tag","embeddable":true,"href":"https:\/\/vitablanca.ma\/en\/wp-json\/wp\/v2\/product_tag?post=10872"}],"curies":[{"name":"wp","href":"https:\/\/api.w.org\/{rel}","templated":true}]}}