{"id":10537,"date":"2025-05-28T19:52:27","date_gmt":"2025-05-28T19:52:27","guid":{"rendered":"https:\/\/vitablanca.ma\/product\/kiehls-ultra-facial-cream-spf-30\/"},"modified":"2025-05-28T19:55:31","modified_gmt":"2025-05-28T19:55:31","slug":"kiehls-ultra-facial-cream-spf-30","status":"publish","type":"product","link":"https:\/\/vitablanca.ma\/en\/product\/kiehls-ultra-facial-cream-spf-30\/","title":{"rendered":"Kiehl&#039;s Ultra Facial Cream SPF 30"},"content":{"rendered":"<p><span data-mce-fragment=\"1\">Hydrate, smooth, and soften your skin with this cream with SPF 30. Inspired by our cult-favorite Ultra Facial Cream, this lightweight face cream provides 24-hour hydration and broad-spectrum UV protection. Its non-greasy texture absorbs quickly, leaving skin soft, smooth, and glowing.<\/span><\/p>","protected":false},"excerpt":{"rendered":"<p>Hydratez, lissez et adoucissez votre peau \u00e0 l\u2019aide de cette cr\u00e8me avec SPF 30. Inspir\u00e9e de notre Ultra Facial Cream culte, cette cr\u00e8me l\u00e9g\u00e8re pour le visage offre 24 heures d\u2019hydratation et une protection \u00e0 large spectre contre les UV. Gr\u00e2ce \u00e0 sa texture non grasse, elle p\u00e9n\u00e8tre rapidement dans la peau, la laissant douce, [&hellip;]<\/p>\n","protected":false},"featured_media":10536,"template":"","meta":{"om_disable_all_campaigns":false},"product_brand":[],"product_cat":[18,15,1186],"product_tag":[],"class_list":{"0":"post-10537","1":"product","2":"type-product","3":"status-publish","4":"has-post-thumbnail","6":"product_cat-beaute-sante","7":"product_cat-beaute-sante-complements-alimentaires-soins-et-bien-etre-au-meilleur-prix","8":"product_cat-visage","10":"first","11":"instock","12":"taxable","13":"shipping-taxable","14":"purchasable","15":"product-type-simple"},"yoast_head":"<!-- This site is optimized with the Yoast SEO plugin v27.5 - https:\/\/yoast.com\/product\/yoast-seo-wordpress\/ -->\n<title>Kiehl&#039;s Ultra Facial Cream SPF 30 - Maroc Prix<\/title>\n<meta name=\"description\" content=\"Kiehl&#039;s Ultra Facial Cream SPF 30\" \/>\n<meta name=\"robots\" content=\"index, follow, max-snippet:-1, max-image-preview:large, max-video-preview:-1\" \/>\n<link rel=\"canonical\" href=\"https:\/\/vitablanca.ma\/en\/product\/kiehls-ultra-facial-cream-spf-30\/\" \/>\n<meta property=\"og:locale\" content=\"en_US\" \/>\n<meta property=\"og:type\" content=\"article\" \/>\n<meta property=\"og:title\" content=\"Kiehl&#039;s Ultra Facial Cream SPF 30 - Maroc Prix\" \/>\n<meta property=\"og:description\" content=\"Kiehl&#039;s Ultra Facial Cream SPF 30\" \/>\n<meta property=\"og:url\" content=\"https:\/\/vitablanca.ma\/en\/product\/kiehls-ultra-facial-cream-spf-30\/\" \/>\n<meta property=\"og:site_name\" content=\"Vitablanca.ma &ndash; Sant&eacute;, vitalit&eacute; et bien-&ecirc;tre pour tous les Marocains\" \/>\n<meta property=\"article:publisher\" content=\"https:\/\/www.facebook.com\/profile.php?id=61576678196717\" \/>\n<meta property=\"article:modified_time\" content=\"2025-05-28T19:55:31+00:00\" \/>\n<meta property=\"og:image\" content=\"https:\/\/vitablanca.ma\/wp-content\/uploads\/2025\/05\/kiehls-face-cream-ultra-facial-cream-spf30-125ml-000-3605971221118-whip.jpg\" \/>\n\t<meta property=\"og:image:width\" content=\"930\" \/>\n\t<meta property=\"og:image:height\" content=\"930\" \/>\n\t<meta property=\"og:image:type\" content=\"image\/jpeg\" \/>\n<meta name=\"twitter:card\" content=\"summary_large_image\" \/>\n<script type=\"application\/ld+json\" class=\"yoast-schema-graph\">{\"@context\":\"https:\\\/\\\/schema.org\",\"@graph\":[{\"@type\":[\"WebPage\",\"ItemPage\"],\"@id\":\"https:\\\/\\\/vitablanca.ma\\\/produit\\\/kiehls-ultra-facial-cream-spf-30\\\/\",\"url\":\"https:\\\/\\\/vitablanca.ma\\\/produit\\\/kiehls-ultra-facial-cream-spf-30\\\/\",\"name\":\"Kiehl's Ultra Facial Cream SPF 30 - Maroc Prix\",\"isPartOf\":{\"@id\":\"https:\\\/\\\/vitablanca.ma\\\/#website\"},\"primaryImageOfPage\":{\"@id\":\"https:\\\/\\\/vitablanca.ma\\\/produit\\\/kiehls-ultra-facial-cream-spf-30\\\/#primaryimage\"},\"image\":{\"@id\":\"https:\\\/\\\/vitablanca.ma\\\/produit\\\/kiehls-ultra-facial-cream-spf-30\\\/#primaryimage\"},\"thumbnailUrl\":\"https:\\\/\\\/vitablanca.ma\\\/wp-content\\\/uploads\\\/2025\\\/05\\\/kiehls-face-cream-ultra-facial-cream-spf30-125ml-000-3605971221118-whip.jpg\",\"datePublished\":\"2025-05-28T19:52:27+00:00\",\"dateModified\":\"2025-05-28T19:55:31+00:00\",\"description\":\"Kiehl's Ultra Facial Cream SPF 30\",\"breadcrumb\":{\"@id\":\"https:\\\/\\\/vitablanca.ma\\\/produit\\\/kiehls-ultra-facial-cream-spf-30\\\/#breadcrumb\"},\"inLanguage\":\"en-US\",\"potentialAction\":[{\"@type\":\"ReadAction\",\"target\":[\"https:\\\/\\\/vitablanca.ma\\\/produit\\\/kiehls-ultra-facial-cream-spf-30\\\/\"]}]},{\"@type\":\"ImageObject\",\"inLanguage\":\"en-US\",\"@id\":\"https:\\\/\\\/vitablanca.ma\\\/produit\\\/kiehls-ultra-facial-cream-spf-30\\\/#primaryimage\",\"url\":\"https:\\\/\\\/vitablanca.ma\\\/wp-content\\\/uploads\\\/2025\\\/05\\\/kiehls-face-cream-ultra-facial-cream-spf30-125ml-000-3605971221118-whip.jpg\",\"contentUrl\":\"https:\\\/\\\/vitablanca.ma\\\/wp-content\\\/uploads\\\/2025\\\/05\\\/kiehls-face-cream-ultra-facial-cream-spf30-125ml-000-3605971221118-whip.jpg\",\"width\":930,\"height\":930},{\"@type\":\"BreadcrumbList\",\"@id\":\"https:\\\/\\\/vitablanca.ma\\\/produit\\\/kiehls-ultra-facial-cream-spf-30\\\/#breadcrumb\",\"itemListElement\":[{\"@type\":\"ListItem\",\"position\":1,\"name\":\"Home\",\"item\":\"https:\\\/\\\/vitablanca.ma\\\/\"},{\"@type\":\"ListItem\",\"position\":2,\"name\":\"Tous Les Produits\",\"item\":\"https:\\\/\\\/vitablanca.ma\\\/tous-les-produits\\\/\"},{\"@type\":\"ListItem\",\"position\":3,\"name\":\"Kiehl&#8217;s Ultra Facial Cream SPF 30\"}]},{\"@type\":\"WebSite\",\"@id\":\"https:\\\/\\\/vitablanca.ma\\\/#website\",\"url\":\"https:\\\/\\\/vitablanca.ma\\\/\",\"name\":\"VitaBlanca.ma | Compl\u00e9ments alimentaires, sant\u00e9 & beaut\u00e9 au Maroc\",\"description\":\"vendre vitamines et compl\u00e9ments premium des USA &amp; Canada, Nouvelle Z\u00e9lande,Maroc (NOW Foods, Solgar, Manuka). Livraison rapide partout au Maroc.\",\"publisher\":{\"@id\":\"https:\\\/\\\/vitablanca.ma\\\/#organization\"},\"alternateName\":\"VitaBlanca.ma\",\"potentialAction\":[{\"@type\":\"SearchAction\",\"target\":{\"@type\":\"EntryPoint\",\"urlTemplate\":\"https:\\\/\\\/vitablanca.ma\\\/?s={search_term_string}\"},\"query-input\":{\"@type\":\"PropertyValueSpecification\",\"valueRequired\":true,\"valueName\":\"search_term_string\"}}],\"inLanguage\":\"en-US\"},{\"@type\":\"Organization\",\"@id\":\"https:\\\/\\\/vitablanca.ma\\\/#organization\",\"name\":\"VitaBlanca\",\"url\":\"https:\\\/\\\/vitablanca.ma\\\/\",\"logo\":{\"@type\":\"ImageObject\",\"inLanguage\":\"en-US\",\"@id\":\"https:\\\/\\\/vitablanca.ma\\\/#\\\/schema\\\/logo\\\/image\\\/\",\"url\":\"https:\\\/\\\/vitablanca.ma\\\/wp-content\\\/uploads\\\/2025\\\/05\\\/cropped-vitablanca.png\",\"contentUrl\":\"https:\\\/\\\/vitablanca.ma\\\/wp-content\\\/uploads\\\/2025\\\/05\\\/cropped-vitablanca.png\",\"width\":360,\"height\":67,\"caption\":\"VitaBlanca\"},\"image\":{\"@id\":\"https:\\\/\\\/vitablanca.ma\\\/#\\\/schema\\\/logo\\\/image\\\/\"},\"sameAs\":[\"https:\\\/\\\/www.facebook.com\\\/profile.php?id=61576678196717\",\"https:\\\/\\\/www.tiktok.com\\\/@vitablanca.ma\",\"https:\\\/\\\/www.instagram.com\\\/vitablanca.ma\\\/\"]}]}<\/script>\n<!-- \/ Yoast SEO plugin. -->","yoast_head_json":{"title":"Kiehl&#039;s Ultra Facial Cream SPF 30 - Morocco Price","description":"Kiehl&#039;s Ultra Facial Cream SPF 30","robots":{"index":"index","follow":"follow","max-snippet":"max-snippet:-1","max-image-preview":"max-image-preview:large","max-video-preview":"max-video-preview:-1"},"canonical":"https:\/\/vitablanca.ma\/en\/product\/kiehls-ultra-facial-cream-spf-30\/","og_locale":"en_US","og_type":"article","og_title":"Kiehl's Ultra Facial Cream SPF 30 - Maroc Prix","og_description":"Kiehl's Ultra Facial Cream SPF 30","og_url":"https:\/\/vitablanca.ma\/en\/product\/kiehls-ultra-facial-cream-spf-30\/","og_site_name":"Vitablanca.ma &ndash; Sant&eacute;, vitalit&eacute; et bien-&ecirc;tre pour tous les Marocains","article_publisher":"https:\/\/www.facebook.com\/profile.php?id=61576678196717","article_modified_time":"2025-05-28T19:55:31+00:00","og_image":[{"width":930,"height":930,"url":"https:\/\/vitablanca.ma\/wp-content\/uploads\/2025\/05\/kiehls-face-cream-ultra-facial-cream-spf30-125ml-000-3605971221118-whip.jpg","type":"image\/jpeg"}],"twitter_card":"summary_large_image","schema":{"@context":"https:\/\/schema.org","@graph":[{"@type":["WebPage","ItemPage"],"@id":"https:\/\/vitablanca.ma\/produit\/kiehls-ultra-facial-cream-spf-30\/","url":"https:\/\/vitablanca.ma\/produit\/kiehls-ultra-facial-cream-spf-30\/","name":"Kiehl&#039;s Ultra Facial Cream SPF 30 - Morocco Price","isPartOf":{"@id":"https:\/\/vitablanca.ma\/#website"},"primaryImageOfPage":{"@id":"https:\/\/vitablanca.ma\/produit\/kiehls-ultra-facial-cream-spf-30\/#primaryimage"},"image":{"@id":"https:\/\/vitablanca.ma\/produit\/kiehls-ultra-facial-cream-spf-30\/#primaryimage"},"thumbnailUrl":"https:\/\/vitablanca.ma\/wp-content\/uploads\/2025\/05\/kiehls-face-cream-ultra-facial-cream-spf30-125ml-000-3605971221118-whip.jpg","datePublished":"2025-05-28T19:52:27+00:00","dateModified":"2025-05-28T19:55:31+00:00","description":"Kiehl&#039;s Ultra Facial Cream SPF 30","breadcrumb":{"@id":"https:\/\/vitablanca.ma\/produit\/kiehls-ultra-facial-cream-spf-30\/#breadcrumb"},"inLanguage":"en-US","potentialAction":[{"@type":"ReadAction","target":["https:\/\/vitablanca.ma\/produit\/kiehls-ultra-facial-cream-spf-30\/"]}]},{"@type":"ImageObject","inLanguage":"en-US","@id":"https:\/\/vitablanca.ma\/produit\/kiehls-ultra-facial-cream-spf-30\/#primaryimage","url":"https:\/\/vitablanca.ma\/wp-content\/uploads\/2025\/05\/kiehls-face-cream-ultra-facial-cream-spf30-125ml-000-3605971221118-whip.jpg","contentUrl":"https:\/\/vitablanca.ma\/wp-content\/uploads\/2025\/05\/kiehls-face-cream-ultra-facial-cream-spf30-125ml-000-3605971221118-whip.jpg","width":930,"height":930},{"@type":"BreadcrumbList","@id":"https:\/\/vitablanca.ma\/produit\/kiehls-ultra-facial-cream-spf-30\/#breadcrumb","itemListElement":[{"@type":"ListItem","position":1,"name":"Home","item":"https:\/\/vitablanca.ma\/"},{"@type":"ListItem","position":2,"name":"Tous Les Produits","item":"https:\/\/vitablanca.ma\/tous-les-produits\/"},{"@type":"ListItem","position":3,"name":"Kiehl&#8217;s Ultra Facial Cream SPF 30"}]},{"@type":"WebSite","@id":"https:\/\/vitablanca.ma\/#website","url":"https:\/\/vitablanca.ma\/","name":"VitaBlanca.ma | Food supplements, health &amp; beauty in Morocco","description":"sell premium vitamins and supplements from USA &amp; Canada, New Zealand, Morocco (NOW Foods, Solgar, Manuka). Fast delivery anywhere in Morocco.","publisher":{"@id":"https:\/\/vitablanca.ma\/#organization"},"alternateName":"VitaBlanca.ma","potentialAction":[{"@type":"SearchAction","target":{"@type":"EntryPoint","urlTemplate":"https:\/\/vitablanca.ma\/?s={search_term_string}"},"query-input":{"@type":"PropertyValueSpecification","valueRequired":true,"valueName":"search_term_string"}}],"inLanguage":"en-US"},{"@type":"Organization","@id":"https:\/\/vitablanca.ma\/#organization","name":"VitaBlanca","url":"https:\/\/vitablanca.ma\/","logo":{"@type":"ImageObject","inLanguage":"en-US","@id":"https:\/\/vitablanca.ma\/#\/schema\/logo\/image\/","url":"https:\/\/vitablanca.ma\/wp-content\/uploads\/2025\/05\/cropped-vitablanca.png","contentUrl":"https:\/\/vitablanca.ma\/wp-content\/uploads\/2025\/05\/cropped-vitablanca.png","width":360,"height":67,"caption":"VitaBlanca"},"image":{"@id":"https:\/\/vitablanca.ma\/#\/schema\/logo\/image\/"},"sameAs":["https:\/\/www.facebook.com\/profile.php?id=61576678196717","https:\/\/www.tiktok.com\/@vitablanca.ma","https:\/\/www.instagram.com\/vitablanca.ma\/"]}]}},"jetpack_sharing_enabled":true,"_links":{"self":[{"href":"https:\/\/vitablanca.ma\/en\/wp-json\/wp\/v2\/product\/10537","targetHints":{"allow":["GET"]}}],"collection":[{"href":"https:\/\/vitablanca.ma\/en\/wp-json\/wp\/v2\/product"}],"about":[{"href":"https:\/\/vitablanca.ma\/en\/wp-json\/wp\/v2\/types\/product"}],"wp:featuredmedia":[{"embeddable":true,"href":"https:\/\/vitablanca.ma\/en\/wp-json\/wp\/v2\/media\/10536"}],"wp:attachment":[{"href":"https:\/\/vitablanca.ma\/en\/wp-json\/wp\/v2\/media?parent=10537"}],"wp:term":[{"taxonomy":"product_brand","embeddable":true,"href":"https:\/\/vitablanca.ma\/en\/wp-json\/wp\/v2\/product_brand?post=10537"},{"taxonomy":"product_cat","embeddable":true,"href":"https:\/\/vitablanca.ma\/en\/wp-json\/wp\/v2\/product_cat?post=10537"},{"taxonomy":"product_tag","embeddable":true,"href":"https:\/\/vitablanca.ma\/en\/wp-json\/wp\/v2\/product_tag?post=10537"}],"curies":[{"name":"wp","href":"https:\/\/api.w.org\/{rel}","templated":true}]}}