{"id":10490,"date":"2025-05-28T19:50:14","date_gmt":"2025-05-28T19:50:14","guid":{"rendered":"https:\/\/vitablanca.ma\/product\/the-purest-solutions-hydration-booster-daily-moisturizing-cream-ceramide-4d-hyaluronic-acid-pentavitin\/"},"modified":"2025-05-28T19:55:33","modified_gmt":"2025-05-28T19:55:33","slug":"the-purest-solutions-hydration-booster-daily-moisturizing-cream-ceramide-4d-hyaluronic-acid-pentavitin","status":"publish","type":"product","link":"https:\/\/vitablanca.ma\/en\/product\/the-purest-solutions-hydration-booster-daily-moisturizing-cream-ceramide-4d-hyaluronic-acid-pentavitin\/","title":{"rendered":"The Purest Solutions Hydration Booster Daily Moisturizing Cream Ceramide + 4D Hyaluronic Acid + Pentavitin"},"content":{"rendered":"<p><span>Notre cr\u00e8me hydratante quotidienne Purest Solutions est une solution intensive \u00e0 24 heures. Infus\u00e9e avec l\u2019acide hyaluronique \u00e0 4 dimensions, le Pentavitin et la c\u00e9ramide, elle nourrit et hydrate tous les types de peau en renfor\u00e7ant la barri\u00e8re d\u2019hydratation. Sa formule innovative aide \u00e0 combattre le processus de vieillissement et \u00e0 \u00e9liminer les signes du stress. La peau est visiblement plus soyeuse, plus \u00e9lastique et plus visiblement jeune.<\/span><\/p>","protected":false},"excerpt":{"rendered":"<p>Notre cr\u00e8me hydratante quotidienne Purest Solutions est une solution intensive \u00e0 24 heures. Infus\u00e9e avec l\u2019acide hyaluronique \u00e0 4 dimensions, le Pentavitin et la c\u00e9ramide, elle nourrit et hydrate tous les types de peau en renfor\u00e7ant la barri\u00e8re d\u2019hydratation. Sa formule innovative aide \u00e0 combattre le processus de vieillissement et \u00e0 \u00e9liminer les signes du [&hellip;]<\/p>\n","protected":false},"featured_media":10488,"template":"","meta":{"om_disable_all_campaigns":false},"product_brand":[],"product_cat":[18,15,1186],"product_tag":[],"class_list":{"0":"post-10490","1":"product","2":"type-product","3":"status-publish","4":"has-post-thumbnail","6":"product_cat-beaute-sante","7":"product_cat-beaute-sante-complements-alimentaires-soins-et-bien-etre-au-meilleur-prix","8":"product_cat-visage","10":"first","11":"instock","12":"taxable","13":"shipping-taxable","14":"purchasable","15":"product-type-simple"},"yoast_head":"<!-- This site is optimized with the Yoast SEO plugin v27.5 - https:\/\/yoast.com\/product\/yoast-seo-wordpress\/ -->\n<title>The Purest Solutions Hydration Booster Daily Moisturizing Cream Ceramide + 4D Hyaluronic Acid + Pentavitin - Maroc Prix<\/title>\n<meta name=\"description\" content=\"The Purest Solutions Hydration Booster Daily Moisturizing Cream Ceramide + 4D Hyaluronic Acid + Pentavitin\" \/>\n<meta name=\"robots\" content=\"index, follow, max-snippet:-1, max-image-preview:large, max-video-preview:-1\" \/>\n<link rel=\"canonical\" href=\"https:\/\/vitablanca.ma\/en\/product\/the-purest-solutions-hydration-booster-daily-moisturizing-cream-ceramide-4d-hyaluronic-acid-pentavitin\/\" \/>\n<meta property=\"og:locale\" content=\"en_US\" \/>\n<meta property=\"og:type\" content=\"article\" \/>\n<meta property=\"og:title\" content=\"The Purest Solutions Hydration Booster Daily Moisturizing Cream Ceramide + 4D Hyaluronic Acid + Pentavitin - Maroc Prix\" \/>\n<meta property=\"og:description\" content=\"The Purest Solutions Hydration Booster Daily Moisturizing Cream Ceramide + 4D Hyaluronic Acid + Pentavitin\" \/>\n<meta property=\"og:url\" content=\"https:\/\/vitablanca.ma\/en\/product\/the-purest-solutions-hydration-booster-daily-moisturizing-cream-ceramide-4d-hyaluronic-acid-pentavitin\/\" \/>\n<meta property=\"og:site_name\" content=\"Vitablanca.ma &ndash; Sant&eacute;, vitalit&eacute; et bien-&ecirc;tre pour tous les Marocains\" \/>\n<meta property=\"article:publisher\" content=\"https:\/\/www.facebook.com\/profile.php?id=61576678196717\" \/>\n<meta property=\"article:modified_time\" content=\"2025-05-28T19:55:33+00:00\" \/>\n<meta property=\"og:image\" content=\"https:\/\/vitablanca.ma\/wp-content\/uploads\/2025\/05\/image_540_1.jpg\" \/>\n\t<meta property=\"og:image:width\" content=\"540\" \/>\n\t<meta property=\"og:image:height\" content=\"540\" \/>\n\t<meta property=\"og:image:type\" content=\"image\/jpeg\" \/>\n<meta name=\"twitter:card\" content=\"summary_large_image\" \/>\n<script type=\"application\/ld+json\" class=\"yoast-schema-graph\">{\"@context\":\"https:\\\/\\\/schema.org\",\"@graph\":[{\"@type\":[\"WebPage\",\"ItemPage\"],\"@id\":\"https:\\\/\\\/vitablanca.ma\\\/produit\\\/the-purest-solutions-hydration-booster-daily-moisturizing-cream-ceramide-4d-hyaluronic-acid-pentavitin\\\/\",\"url\":\"https:\\\/\\\/vitablanca.ma\\\/produit\\\/the-purest-solutions-hydration-booster-daily-moisturizing-cream-ceramide-4d-hyaluronic-acid-pentavitin\\\/\",\"name\":\"The Purest Solutions Hydration Booster Daily Moisturizing Cream Ceramide + 4D Hyaluronic Acid + Pentavitin - Maroc Prix\",\"isPartOf\":{\"@id\":\"https:\\\/\\\/vitablanca.ma\\\/#website\"},\"primaryImageOfPage\":{\"@id\":\"https:\\\/\\\/vitablanca.ma\\\/produit\\\/the-purest-solutions-hydration-booster-daily-moisturizing-cream-ceramide-4d-hyaluronic-acid-pentavitin\\\/#primaryimage\"},\"image\":{\"@id\":\"https:\\\/\\\/vitablanca.ma\\\/produit\\\/the-purest-solutions-hydration-booster-daily-moisturizing-cream-ceramide-4d-hyaluronic-acid-pentavitin\\\/#primaryimage\"},\"thumbnailUrl\":\"https:\\\/\\\/vitablanca.ma\\\/wp-content\\\/uploads\\\/2025\\\/05\\\/image_540_1.jpg\",\"datePublished\":\"2025-05-28T19:50:14+00:00\",\"dateModified\":\"2025-05-28T19:55:33+00:00\",\"description\":\"The Purest Solutions Hydration Booster Daily Moisturizing Cream Ceramide + 4D Hyaluronic Acid + Pentavitin\",\"breadcrumb\":{\"@id\":\"https:\\\/\\\/vitablanca.ma\\\/produit\\\/the-purest-solutions-hydration-booster-daily-moisturizing-cream-ceramide-4d-hyaluronic-acid-pentavitin\\\/#breadcrumb\"},\"inLanguage\":\"en-US\",\"potentialAction\":[{\"@type\":\"ReadAction\",\"target\":[\"https:\\\/\\\/vitablanca.ma\\\/produit\\\/the-purest-solutions-hydration-booster-daily-moisturizing-cream-ceramide-4d-hyaluronic-acid-pentavitin\\\/\"]}]},{\"@type\":\"ImageObject\",\"inLanguage\":\"en-US\",\"@id\":\"https:\\\/\\\/vitablanca.ma\\\/produit\\\/the-purest-solutions-hydration-booster-daily-moisturizing-cream-ceramide-4d-hyaluronic-acid-pentavitin\\\/#primaryimage\",\"url\":\"https:\\\/\\\/vitablanca.ma\\\/wp-content\\\/uploads\\\/2025\\\/05\\\/image_540_1.jpg\",\"contentUrl\":\"https:\\\/\\\/vitablanca.ma\\\/wp-content\\\/uploads\\\/2025\\\/05\\\/image_540_1.jpg\",\"width\":540,\"height\":540},{\"@type\":\"BreadcrumbList\",\"@id\":\"https:\\\/\\\/vitablanca.ma\\\/produit\\\/the-purest-solutions-hydration-booster-daily-moisturizing-cream-ceramide-4d-hyaluronic-acid-pentavitin\\\/#breadcrumb\",\"itemListElement\":[{\"@type\":\"ListItem\",\"position\":1,\"name\":\"Home\",\"item\":\"https:\\\/\\\/vitablanca.ma\\\/\"},{\"@type\":\"ListItem\",\"position\":2,\"name\":\"Tous Les Produits\",\"item\":\"https:\\\/\\\/vitablanca.ma\\\/tous-les-produits\\\/\"},{\"@type\":\"ListItem\",\"position\":3,\"name\":\"The Purest Solutions Hydration Booster Daily Moisturizing Cream Ceramide + 4D Hyaluronic Acid + Pentavitin\"}]},{\"@type\":\"WebSite\",\"@id\":\"https:\\\/\\\/vitablanca.ma\\\/#website\",\"url\":\"https:\\\/\\\/vitablanca.ma\\\/\",\"name\":\"VitaBlanca.ma | Compl\u00e9ments alimentaires, sant\u00e9 & beaut\u00e9 au Maroc\",\"description\":\"vendre vitamines et compl\u00e9ments premium des USA &amp; Canada, Nouvelle Z\u00e9lande,Maroc (NOW Foods, Solgar, Manuka). Livraison rapide partout au Maroc.\",\"publisher\":{\"@id\":\"https:\\\/\\\/vitablanca.ma\\\/#organization\"},\"alternateName\":\"VitaBlanca.ma\",\"potentialAction\":[{\"@type\":\"SearchAction\",\"target\":{\"@type\":\"EntryPoint\",\"urlTemplate\":\"https:\\\/\\\/vitablanca.ma\\\/?s={search_term_string}\"},\"query-input\":{\"@type\":\"PropertyValueSpecification\",\"valueRequired\":true,\"valueName\":\"search_term_string\"}}],\"inLanguage\":\"en-US\"},{\"@type\":\"Organization\",\"@id\":\"https:\\\/\\\/vitablanca.ma\\\/#organization\",\"name\":\"VitaBlanca\",\"url\":\"https:\\\/\\\/vitablanca.ma\\\/\",\"logo\":{\"@type\":\"ImageObject\",\"inLanguage\":\"en-US\",\"@id\":\"https:\\\/\\\/vitablanca.ma\\\/#\\\/schema\\\/logo\\\/image\\\/\",\"url\":\"https:\\\/\\\/vitablanca.ma\\\/wp-content\\\/uploads\\\/2025\\\/05\\\/cropped-vitablanca.png\",\"contentUrl\":\"https:\\\/\\\/vitablanca.ma\\\/wp-content\\\/uploads\\\/2025\\\/05\\\/cropped-vitablanca.png\",\"width\":360,\"height\":67,\"caption\":\"VitaBlanca\"},\"image\":{\"@id\":\"https:\\\/\\\/vitablanca.ma\\\/#\\\/schema\\\/logo\\\/image\\\/\"},\"sameAs\":[\"https:\\\/\\\/www.facebook.com\\\/profile.php?id=61576678196717\",\"https:\\\/\\\/www.tiktok.com\\\/@vitablanca.ma\",\"https:\\\/\\\/www.instagram.com\\\/vitablanca.ma\\\/\"]}]}<\/script>\n<!-- \/ Yoast SEO plugin. -->","yoast_head_json":{"title":"The Purest Solutions Hydration Booster Daily Moisturizing Cream Ceramide + 4D Hyaluronic Acid + Pentavitin - Morocco Price","description":"The Purest Solutions Hydration Booster Daily Moisturizing Cream Ceramide + 4D Hyaluronic Acid + Pentavitin","robots":{"index":"index","follow":"follow","max-snippet":"max-snippet:-1","max-image-preview":"max-image-preview:large","max-video-preview":"max-video-preview:-1"},"canonical":"https:\/\/vitablanca.ma\/en\/product\/the-purest-solutions-hydration-booster-daily-moisturizing-cream-ceramide-4d-hyaluronic-acid-pentavitin\/","og_locale":"en_US","og_type":"article","og_title":"The Purest Solutions Hydration Booster Daily Moisturizing Cream Ceramide + 4D Hyaluronic Acid + Pentavitin - Maroc Prix","og_description":"The Purest Solutions Hydration Booster Daily Moisturizing Cream Ceramide + 4D Hyaluronic Acid + Pentavitin","og_url":"https:\/\/vitablanca.ma\/en\/product\/the-purest-solutions-hydration-booster-daily-moisturizing-cream-ceramide-4d-hyaluronic-acid-pentavitin\/","og_site_name":"Vitablanca.ma &ndash; Sant&eacute;, vitalit&eacute; et bien-&ecirc;tre pour tous les Marocains","article_publisher":"https:\/\/www.facebook.com\/profile.php?id=61576678196717","article_modified_time":"2025-05-28T19:55:33+00:00","og_image":[{"width":540,"height":540,"url":"https:\/\/vitablanca.ma\/wp-content\/uploads\/2025\/05\/image_540_1.jpg","type":"image\/jpeg"}],"twitter_card":"summary_large_image","schema":{"@context":"https:\/\/schema.org","@graph":[{"@type":["WebPage","ItemPage"],"@id":"https:\/\/vitablanca.ma\/produit\/the-purest-solutions-hydration-booster-daily-moisturizing-cream-ceramide-4d-hyaluronic-acid-pentavitin\/","url":"https:\/\/vitablanca.ma\/produit\/the-purest-solutions-hydration-booster-daily-moisturizing-cream-ceramide-4d-hyaluronic-acid-pentavitin\/","name":"The Purest Solutions Hydration Booster Daily Moisturizing Cream Ceramide + 4D Hyaluronic Acid + Pentavitin - Morocco Price","isPartOf":{"@id":"https:\/\/vitablanca.ma\/#website"},"primaryImageOfPage":{"@id":"https:\/\/vitablanca.ma\/produit\/the-purest-solutions-hydration-booster-daily-moisturizing-cream-ceramide-4d-hyaluronic-acid-pentavitin\/#primaryimage"},"image":{"@id":"https:\/\/vitablanca.ma\/produit\/the-purest-solutions-hydration-booster-daily-moisturizing-cream-ceramide-4d-hyaluronic-acid-pentavitin\/#primaryimage"},"thumbnailUrl":"https:\/\/vitablanca.ma\/wp-content\/uploads\/2025\/05\/image_540_1.jpg","datePublished":"2025-05-28T19:50:14+00:00","dateModified":"2025-05-28T19:55:33+00:00","description":"The Purest Solutions Hydration Booster Daily Moisturizing Cream Ceramide + 4D Hyaluronic Acid + Pentavitin","breadcrumb":{"@id":"https:\/\/vitablanca.ma\/produit\/the-purest-solutions-hydration-booster-daily-moisturizing-cream-ceramide-4d-hyaluronic-acid-pentavitin\/#breadcrumb"},"inLanguage":"en-US","potentialAction":[{"@type":"ReadAction","target":["https:\/\/vitablanca.ma\/produit\/the-purest-solutions-hydration-booster-daily-moisturizing-cream-ceramide-4d-hyaluronic-acid-pentavitin\/"]}]},{"@type":"ImageObject","inLanguage":"en-US","@id":"https:\/\/vitablanca.ma\/produit\/the-purest-solutions-hydration-booster-daily-moisturizing-cream-ceramide-4d-hyaluronic-acid-pentavitin\/#primaryimage","url":"https:\/\/vitablanca.ma\/wp-content\/uploads\/2025\/05\/image_540_1.jpg","contentUrl":"https:\/\/vitablanca.ma\/wp-content\/uploads\/2025\/05\/image_540_1.jpg","width":540,"height":540},{"@type":"BreadcrumbList","@id":"https:\/\/vitablanca.ma\/produit\/the-purest-solutions-hydration-booster-daily-moisturizing-cream-ceramide-4d-hyaluronic-acid-pentavitin\/#breadcrumb","itemListElement":[{"@type":"ListItem","position":1,"name":"Home","item":"https:\/\/vitablanca.ma\/"},{"@type":"ListItem","position":2,"name":"Tous Les Produits","item":"https:\/\/vitablanca.ma\/tous-les-produits\/"},{"@type":"ListItem","position":3,"name":"The Purest Solutions Hydration Booster Daily Moisturizing Cream Ceramide + 4D Hyaluronic Acid + Pentavitin"}]},{"@type":"WebSite","@id":"https:\/\/vitablanca.ma\/#website","url":"https:\/\/vitablanca.ma\/","name":"VitaBlanca.ma | Food supplements, health &amp; beauty in Morocco","description":"sell premium vitamins and supplements from USA &amp; Canada, New Zealand, Morocco (NOW Foods, Solgar, Manuka). Fast delivery anywhere in Morocco.","publisher":{"@id":"https:\/\/vitablanca.ma\/#organization"},"alternateName":"VitaBlanca.ma","potentialAction":[{"@type":"SearchAction","target":{"@type":"EntryPoint","urlTemplate":"https:\/\/vitablanca.ma\/?s={search_term_string}"},"query-input":{"@type":"PropertyValueSpecification","valueRequired":true,"valueName":"search_term_string"}}],"inLanguage":"en-US"},{"@type":"Organization","@id":"https:\/\/vitablanca.ma\/#organization","name":"VitaBlanca","url":"https:\/\/vitablanca.ma\/","logo":{"@type":"ImageObject","inLanguage":"en-US","@id":"https:\/\/vitablanca.ma\/#\/schema\/logo\/image\/","url":"https:\/\/vitablanca.ma\/wp-content\/uploads\/2025\/05\/cropped-vitablanca.png","contentUrl":"https:\/\/vitablanca.ma\/wp-content\/uploads\/2025\/05\/cropped-vitablanca.png","width":360,"height":67,"caption":"VitaBlanca"},"image":{"@id":"https:\/\/vitablanca.ma\/#\/schema\/logo\/image\/"},"sameAs":["https:\/\/www.facebook.com\/profile.php?id=61576678196717","https:\/\/www.tiktok.com\/@vitablanca.ma","https:\/\/www.instagram.com\/vitablanca.ma\/"]}]}},"jetpack_sharing_enabled":true,"_links":{"self":[{"href":"https:\/\/vitablanca.ma\/en\/wp-json\/wp\/v2\/product\/10490","targetHints":{"allow":["GET"]}}],"collection":[{"href":"https:\/\/vitablanca.ma\/en\/wp-json\/wp\/v2\/product"}],"about":[{"href":"https:\/\/vitablanca.ma\/en\/wp-json\/wp\/v2\/types\/product"}],"wp:featuredmedia":[{"embeddable":true,"href":"https:\/\/vitablanca.ma\/en\/wp-json\/wp\/v2\/media\/10488"}],"wp:attachment":[{"href":"https:\/\/vitablanca.ma\/en\/wp-json\/wp\/v2\/media?parent=10490"}],"wp:term":[{"taxonomy":"product_brand","embeddable":true,"href":"https:\/\/vitablanca.ma\/en\/wp-json\/wp\/v2\/product_brand?post=10490"},{"taxonomy":"product_cat","embeddable":true,"href":"https:\/\/vitablanca.ma\/en\/wp-json\/wp\/v2\/product_cat?post=10490"},{"taxonomy":"product_tag","embeddable":true,"href":"https:\/\/vitablanca.ma\/en\/wp-json\/wp\/v2\/product_tag?post=10490"}],"curies":[{"name":"wp","href":"https:\/\/api.w.org\/{rel}","templated":true}]}}