{"id":10483,"date":"2025-05-28T19:50:07","date_gmt":"2025-05-28T19:50:07","guid":{"rendered":"https:\/\/vitablanca.ma\/product\/cottage-douche-bain-lait-hydratant-fleur-doranger\/"},"modified":"2025-09-07T21:36:27","modified_gmt":"2025-09-07T21:36:27","slug":"cottage-douche-bain-lait-hydratant-fleur-doranger","status":"publish","type":"product","link":"https:\/\/vitablanca.ma\/en\/product\/cottage-douche-bain-lait-hydratant-fleur-doranger\/","title":{"rendered":"Cottage Shower &amp; Bath Moisturizing Milk ORANGE BLOSSOM"},"content":{"rendered":"<h3 data-mce-fragment=\"1\">A perfume<\/h3>\n<p data-mce-fragment=\"1\">Fresh and luminous notes for an enchanted journey to the heart of a Mediterranean garden where the delicacy of orange blossom combines with the tenderness of a vanilla base.<\/p>\n<h3 data-mce-fragment=\"1\">A French creation:<\/h3>\n<p data-mce-fragment=\"1\">Panther Group is a family SME based near Bordeaux.<\/p>\n<h3 data-mce-fragment=\"1\"><br data-mce-fragment=\"1\"><\/h3>\n<h3 data-mce-fragment=\"1\">A naturally sourced formula* in a family size<\/h3>\n<p data-mce-fragment=\"1\">Cottage 97% Shower &amp; Bath Milk made with naturally sourced ingredients* is specifically formulated to provide your skin with all the benefits of a shower milk and a bubble bath, combined in a single 750ml family-sized product. More practical and more economical!<\/p>\n<h3 data-mce-fragment=\"1\">Respect for the skin and nature<\/h3>\n<p data-mce-fragment=\"1\">Neutral pH for the skin.<br data-mce-fragment=\"1\">Tolerance tested under dermatological control.<br data-mce-fragment=\"1\">Readily biodegradable formula.<br data-mce-fragment=\"1\">Recyclable 100% bottle &amp; capsule.<\/p>","protected":false},"excerpt":{"rendered":"<p>Un parfum Des notes fra\u00eeches et lumineuses pour un voyage enchant\u00e9 au c\u0153ur d\u2019un jardin m\u00e9diterran\u00e9en o\u00f9 la d\u00e9licatesse de la fleur d\u2019oranger s\u2019allie \u00e0 la tendresse d\u2019un fond vanill\u00e9. Une cr\u00e9ation fran\u00e7aise : Groupe Panther est une PME familiale bas\u00e9e pr\u00e8s de Bordeaux. Une formule d\u2019origine naturelle* dans un format familial Le Douche &amp; [&hellip;]<\/p>\n","protected":false},"featured_media":10481,"template":"","meta":{"om_disable_all_campaigns":false},"product_brand":[3444],"product_cat":[18,15,1186],"product_tag":[],"class_list":{"0":"post-10483","1":"product","2":"type-product","3":"status-publish","4":"has-post-thumbnail","6":"product_brand-cottage-maroc-prix","7":"product_cat-beaute-sante","8":"product_cat-beaute-sante-complements-alimentaires-soins-et-bien-etre-au-meilleur-prix","9":"product_cat-visage","11":"first","12":"instock","13":"taxable","14":"shipping-taxable","15":"purchasable","16":"product-type-variable"},"yoast_head":"<!-- This site is optimized with the Yoast SEO plugin v27.3 - https:\/\/yoast.com\/product\/yoast-seo-wordpress\/ -->\n<title>Cottage Douche &amp; Bain Lait Hydratant FLEUR D&#039;ORANGER - Maroc<\/title>\n<meta name=\"description\" content=\"D\u00e9couvrez le Cottage Douche &amp; Bain Lait Hydratant Fleur d&#039;Oranger 750ml au Maroc. Ce soin cr\u00e9meux sans paraben nettoie et hydrate d\u00e9licatement votre peau\" \/>\n<meta name=\"robots\" content=\"index, follow, max-snippet:-1, max-image-preview:large, max-video-preview:-1\" \/>\n<link rel=\"canonical\" href=\"https:\/\/vitablanca.ma\/en\/product\/cottage-douche-bain-lait-hydratant-fleur-doranger\/\" \/>\n<meta property=\"og:locale\" content=\"en_US\" \/>\n<meta property=\"og:type\" content=\"article\" \/>\n<meta property=\"og:title\" content=\"Cottage Douche &amp; Bain Lait Hydratant FLEUR D&#039;ORANGER - Maroc\" \/>\n<meta property=\"og:description\" content=\"D\u00e9couvrez le Cottage Douche &amp; Bain Lait Hydratant Fleur d&#039;Oranger 750ml au Maroc. Ce soin cr\u00e9meux sans paraben nettoie et hydrate d\u00e9licatement votre peau\" \/>\n<meta property=\"og:url\" content=\"https:\/\/vitablanca.ma\/en\/product\/cottage-douche-bain-lait-hydratant-fleur-doranger\/\" \/>\n<meta property=\"og:site_name\" content=\"Vitablanca.ma &ndash; Sant&eacute;, vitalit&eacute; et bien-&ecirc;tre pour tous les Marocains\" \/>\n<meta property=\"article:publisher\" content=\"https:\/\/www.facebook.com\/profile.php?id=61576678196717\" \/>\n<meta property=\"article:modified_time\" content=\"2025-09-07T21:36:27+00:00\" \/>\n<meta property=\"og:image\" content=\"https:\/\/vitablanca.ma\/wp-content\/uploads\/2025\/05\/white-EXE_COTTAGE_FLEUR_ORANGER_750ml_720x1300-360x0-c-default.png\" \/>\n\t<meta property=\"og:image:width\" content=\"650\" \/>\n\t<meta property=\"og:image:height\" content=\"650\" \/>\n\t<meta property=\"og:image:type\" content=\"image\/png\" \/>\n<meta name=\"twitter:card\" content=\"summary_large_image\" \/>\n<meta name=\"twitter:label1\" content=\"Est. reading time\" \/>\n\t<meta name=\"twitter:data1\" content=\"1 minute\" \/>\n<script type=\"application\/ld+json\" class=\"yoast-schema-graph\">{\"@context\":\"https:\\\/\\\/schema.org\",\"@graph\":[{\"@type\":[\"WebPage\",\"ItemPage\"],\"@id\":\"https:\\\/\\\/vitablanca.ma\\\/produit\\\/cottage-douche-bain-lait-hydratant-fleur-doranger\\\/\",\"url\":\"https:\\\/\\\/vitablanca.ma\\\/produit\\\/cottage-douche-bain-lait-hydratant-fleur-doranger\\\/\",\"name\":\"Cottage Douche & Bain Lait Hydratant FLEUR D'ORANGER - Maroc\",\"isPartOf\":{\"@id\":\"https:\\\/\\\/vitablanca.ma\\\/#website\"},\"primaryImageOfPage\":{\"@id\":\"https:\\\/\\\/vitablanca.ma\\\/produit\\\/cottage-douche-bain-lait-hydratant-fleur-doranger\\\/#primaryimage\"},\"image\":{\"@id\":\"https:\\\/\\\/vitablanca.ma\\\/produit\\\/cottage-douche-bain-lait-hydratant-fleur-doranger\\\/#primaryimage\"},\"thumbnailUrl\":\"https:\\\/\\\/vitablanca.ma\\\/wp-content\\\/uploads\\\/2025\\\/05\\\/white-EXE_COTTAGE_FLEUR_ORANGER_750ml_720x1300-360x0-c-default.png\",\"datePublished\":\"2025-05-28T19:50:07+00:00\",\"dateModified\":\"2025-09-07T21:36:27+00:00\",\"description\":\"D\u00e9couvrez le Cottage Douche & Bain Lait Hydratant Fleur d'Oranger 750ml au Maroc. Ce soin cr\u00e9meux sans paraben nettoie et hydrate d\u00e9licatement votre peau\",\"breadcrumb\":{\"@id\":\"https:\\\/\\\/vitablanca.ma\\\/produit\\\/cottage-douche-bain-lait-hydratant-fleur-doranger\\\/#breadcrumb\"},\"inLanguage\":\"en-US\",\"potentialAction\":[{\"@type\":\"ReadAction\",\"target\":[\"https:\\\/\\\/vitablanca.ma\\\/produit\\\/cottage-douche-bain-lait-hydratant-fleur-doranger\\\/\"]}]},{\"@type\":\"ImageObject\",\"inLanguage\":\"en-US\",\"@id\":\"https:\\\/\\\/vitablanca.ma\\\/produit\\\/cottage-douche-bain-lait-hydratant-fleur-doranger\\\/#primaryimage\",\"url\":\"https:\\\/\\\/vitablanca.ma\\\/wp-content\\\/uploads\\\/2025\\\/05\\\/white-EXE_COTTAGE_FLEUR_ORANGER_750ml_720x1300-360x0-c-default.png\",\"contentUrl\":\"https:\\\/\\\/vitablanca.ma\\\/wp-content\\\/uploads\\\/2025\\\/05\\\/white-EXE_COTTAGE_FLEUR_ORANGER_750ml_720x1300-360x0-c-default.png\",\"width\":650,\"height\":650},{\"@type\":\"BreadcrumbList\",\"@id\":\"https:\\\/\\\/vitablanca.ma\\\/produit\\\/cottage-douche-bain-lait-hydratant-fleur-doranger\\\/#breadcrumb\",\"itemListElement\":[{\"@type\":\"ListItem\",\"position\":1,\"name\":\"Home\",\"item\":\"https:\\\/\\\/vitablanca.ma\\\/\"},{\"@type\":\"ListItem\",\"position\":2,\"name\":\"Tous Les Produits\",\"item\":\"https:\\\/\\\/vitablanca.ma\\\/tous-les-produits\\\/\"},{\"@type\":\"ListItem\",\"position\":3,\"name\":\"Cottage Douche &amp; Bain Lait Hydratant FLEUR D&#8217;ORANGER\"}]},{\"@type\":\"WebSite\",\"@id\":\"https:\\\/\\\/vitablanca.ma\\\/#website\",\"url\":\"https:\\\/\\\/vitablanca.ma\\\/\",\"name\":\"VitaBlanca.ma | Compl\u00e9ments alimentaires, sant\u00e9 & beaut\u00e9 au Maroc\",\"description\":\"vendre vitamines et compl\u00e9ments premium des USA &amp; Canada, Nouvelle Z\u00e9lande,Maroc (NOW Foods, Solgar, Manuka). Livraison rapide partout au Maroc.\",\"publisher\":{\"@id\":\"https:\\\/\\\/vitablanca.ma\\\/#organization\"},\"alternateName\":\"VitaBlanca.ma\",\"potentialAction\":[{\"@type\":\"SearchAction\",\"target\":{\"@type\":\"EntryPoint\",\"urlTemplate\":\"https:\\\/\\\/vitablanca.ma\\\/?s={search_term_string}\"},\"query-input\":{\"@type\":\"PropertyValueSpecification\",\"valueRequired\":true,\"valueName\":\"search_term_string\"}}],\"inLanguage\":\"en-US\"},{\"@type\":\"Organization\",\"@id\":\"https:\\\/\\\/vitablanca.ma\\\/#organization\",\"name\":\"VitaBlanca\",\"url\":\"https:\\\/\\\/vitablanca.ma\\\/\",\"logo\":{\"@type\":\"ImageObject\",\"inLanguage\":\"en-US\",\"@id\":\"https:\\\/\\\/vitablanca.ma\\\/#\\\/schema\\\/logo\\\/image\\\/\",\"url\":\"https:\\\/\\\/vitablanca.ma\\\/wp-content\\\/uploads\\\/2025\\\/05\\\/cropped-vitablanca.png\",\"contentUrl\":\"https:\\\/\\\/vitablanca.ma\\\/wp-content\\\/uploads\\\/2025\\\/05\\\/cropped-vitablanca.png\",\"width\":360,\"height\":67,\"caption\":\"VitaBlanca\"},\"image\":{\"@id\":\"https:\\\/\\\/vitablanca.ma\\\/#\\\/schema\\\/logo\\\/image\\\/\"},\"sameAs\":[\"https:\\\/\\\/www.facebook.com\\\/profile.php?id=61576678196717\",\"https:\\\/\\\/www.tiktok.com\\\/@vitablanca.ma\",\"https:\\\/\\\/www.instagram.com\\\/vitablanca.ma\\\/\"]}]}<\/script>\n<!-- \/ Yoast SEO plugin. -->","yoast_head_json":{"title":"Cottage Shower &amp; Bath Moisturizing Milk ORANGE BLOSSOM - Morocco","description":"Discover the Cottage Shower &amp; Bath Moisturizing Milk Orange Blossom 750ml in Morocco. This creamy, paraben-free treatment gently cleanses and moisturizes your skin.","robots":{"index":"index","follow":"follow","max-snippet":"max-snippet:-1","max-image-preview":"max-image-preview:large","max-video-preview":"max-video-preview:-1"},"canonical":"https:\/\/vitablanca.ma\/en\/product\/cottage-douche-bain-lait-hydratant-fleur-doranger\/","og_locale":"en_US","og_type":"article","og_title":"Cottage Douche & Bain Lait Hydratant FLEUR D'ORANGER - Maroc","og_description":"D\u00e9couvrez le Cottage Douche & Bain Lait Hydratant Fleur d'Oranger 750ml au Maroc. Ce soin cr\u00e9meux sans paraben nettoie et hydrate d\u00e9licatement votre peau","og_url":"https:\/\/vitablanca.ma\/en\/product\/cottage-douche-bain-lait-hydratant-fleur-doranger\/","og_site_name":"Vitablanca.ma &ndash; Sant&eacute;, vitalit&eacute; et bien-&ecirc;tre pour tous les Marocains","article_publisher":"https:\/\/www.facebook.com\/profile.php?id=61576678196717","article_modified_time":"2025-09-07T21:36:27+00:00","og_image":[{"width":650,"height":650,"url":"https:\/\/vitablanca.ma\/wp-content\/uploads\/2025\/05\/white-EXE_COTTAGE_FLEUR_ORANGER_750ml_720x1300-360x0-c-default.png","type":"image\/png"}],"twitter_card":"summary_large_image","twitter_misc":{"Est. reading time":"1 minute"},"schema":{"@context":"https:\/\/schema.org","@graph":[{"@type":["WebPage","ItemPage"],"@id":"https:\/\/vitablanca.ma\/produit\/cottage-douche-bain-lait-hydratant-fleur-doranger\/","url":"https:\/\/vitablanca.ma\/produit\/cottage-douche-bain-lait-hydratant-fleur-doranger\/","name":"Cottage Shower &amp; Bath Moisturizing Milk ORANGE BLOSSOM - Morocco","isPartOf":{"@id":"https:\/\/vitablanca.ma\/#website"},"primaryImageOfPage":{"@id":"https:\/\/vitablanca.ma\/produit\/cottage-douche-bain-lait-hydratant-fleur-doranger\/#primaryimage"},"image":{"@id":"https:\/\/vitablanca.ma\/produit\/cottage-douche-bain-lait-hydratant-fleur-doranger\/#primaryimage"},"thumbnailUrl":"https:\/\/vitablanca.ma\/wp-content\/uploads\/2025\/05\/white-EXE_COTTAGE_FLEUR_ORANGER_750ml_720x1300-360x0-c-default.png","datePublished":"2025-05-28T19:50:07+00:00","dateModified":"2025-09-07T21:36:27+00:00","description":"Discover the Cottage Shower &amp; Bath Moisturizing Milk Orange Blossom 750ml in Morocco. This creamy, paraben-free treatment gently cleanses and moisturizes your skin.","breadcrumb":{"@id":"https:\/\/vitablanca.ma\/produit\/cottage-douche-bain-lait-hydratant-fleur-doranger\/#breadcrumb"},"inLanguage":"en-US","potentialAction":[{"@type":"ReadAction","target":["https:\/\/vitablanca.ma\/produit\/cottage-douche-bain-lait-hydratant-fleur-doranger\/"]}]},{"@type":"ImageObject","inLanguage":"en-US","@id":"https:\/\/vitablanca.ma\/produit\/cottage-douche-bain-lait-hydratant-fleur-doranger\/#primaryimage","url":"https:\/\/vitablanca.ma\/wp-content\/uploads\/2025\/05\/white-EXE_COTTAGE_FLEUR_ORANGER_750ml_720x1300-360x0-c-default.png","contentUrl":"https:\/\/vitablanca.ma\/wp-content\/uploads\/2025\/05\/white-EXE_COTTAGE_FLEUR_ORANGER_750ml_720x1300-360x0-c-default.png","width":650,"height":650},{"@type":"BreadcrumbList","@id":"https:\/\/vitablanca.ma\/produit\/cottage-douche-bain-lait-hydratant-fleur-doranger\/#breadcrumb","itemListElement":[{"@type":"ListItem","position":1,"name":"Home","item":"https:\/\/vitablanca.ma\/"},{"@type":"ListItem","position":2,"name":"Tous Les Produits","item":"https:\/\/vitablanca.ma\/tous-les-produits\/"},{"@type":"ListItem","position":3,"name":"Cottage Douche &amp; Bain Lait Hydratant FLEUR D&#8217;ORANGER"}]},{"@type":"WebSite","@id":"https:\/\/vitablanca.ma\/#website","url":"https:\/\/vitablanca.ma\/","name":"VitaBlanca.ma | Food supplements, health &amp; beauty in Morocco","description":"sell premium vitamins and supplements from USA &amp; Canada, New Zealand, Morocco (NOW Foods, Solgar, Manuka). Fast delivery anywhere in Morocco.","publisher":{"@id":"https:\/\/vitablanca.ma\/#organization"},"alternateName":"VitaBlanca.ma","potentialAction":[{"@type":"SearchAction","target":{"@type":"EntryPoint","urlTemplate":"https:\/\/vitablanca.ma\/?s={search_term_string}"},"query-input":{"@type":"PropertyValueSpecification","valueRequired":true,"valueName":"search_term_string"}}],"inLanguage":"en-US"},{"@type":"Organization","@id":"https:\/\/vitablanca.ma\/#organization","name":"VitaBlanca","url":"https:\/\/vitablanca.ma\/","logo":{"@type":"ImageObject","inLanguage":"en-US","@id":"https:\/\/vitablanca.ma\/#\/schema\/logo\/image\/","url":"https:\/\/vitablanca.ma\/wp-content\/uploads\/2025\/05\/cropped-vitablanca.png","contentUrl":"https:\/\/vitablanca.ma\/wp-content\/uploads\/2025\/05\/cropped-vitablanca.png","width":360,"height":67,"caption":"VitaBlanca"},"image":{"@id":"https:\/\/vitablanca.ma\/#\/schema\/logo\/image\/"},"sameAs":["https:\/\/www.facebook.com\/profile.php?id=61576678196717","https:\/\/www.tiktok.com\/@vitablanca.ma","https:\/\/www.instagram.com\/vitablanca.ma\/"]}]}},"jetpack_sharing_enabled":true,"_links":{"self":[{"href":"https:\/\/vitablanca.ma\/en\/wp-json\/wp\/v2\/product\/10483","targetHints":{"allow":["GET"]}}],"collection":[{"href":"https:\/\/vitablanca.ma\/en\/wp-json\/wp\/v2\/product"}],"about":[{"href":"https:\/\/vitablanca.ma\/en\/wp-json\/wp\/v2\/types\/product"}],"wp:featuredmedia":[{"embeddable":true,"href":"https:\/\/vitablanca.ma\/en\/wp-json\/wp\/v2\/media\/10481"}],"wp:attachment":[{"href":"https:\/\/vitablanca.ma\/en\/wp-json\/wp\/v2\/media?parent=10483"}],"wp:term":[{"taxonomy":"product_brand","embeddable":true,"href":"https:\/\/vitablanca.ma\/en\/wp-json\/wp\/v2\/product_brand?post=10483"},{"taxonomy":"product_cat","embeddable":true,"href":"https:\/\/vitablanca.ma\/en\/wp-json\/wp\/v2\/product_cat?post=10483"},{"taxonomy":"product_tag","embeddable":true,"href":"https:\/\/vitablanca.ma\/en\/wp-json\/wp\/v2\/product_tag?post=10483"}],"curies":[{"name":"wp","href":"https:\/\/api.w.org\/{rel}","templated":true}]}}