{"id":10450,"date":"2025-05-28T19:49:02","date_gmt":"2025-05-28T19:49:02","guid":{"rendered":"https:\/\/vitablanca.ma\/product\/le-petit-marseillais-lait-soin-nourrissant-hydratation-48h-jojoba-oil\/"},"modified":"2025-05-28T19:55:35","modified_gmt":"2025-05-28T19:55:35","slug":"le-petit-marseillais-lait-soin-nourrissant-hydratation-48h-jojoba-oil","status":"publish","type":"product","link":"https:\/\/vitablanca.ma\/en\/product\/le-petit-marseillais-lait-soin-nourrissant-hydratation-48h-jojoba-oil\/","title":{"rendered":"Le Petit MARSEILLAIS Nourishing Care Milk 48H Hydration Jojoba oil"},"content":{"rendered":"<p><span>Ce lait nourrissant Le Petit MARSEILLAIS offre une hydratation intense pour 48 heures. Formul\u00e9 avec des ingr\u00e9dients naturels de la r\u00e9gion de Marseille, il procure une peau douce et soyeuse. Profitez d\u2019une peau hydrat\u00e9e et nourrie gr\u00e2ce \u00e0 ce lait unique.<\/span><\/p>","protected":false},"excerpt":{"rendered":"<p>Ce lait nourrissant Le Petit MARSEILLAIS offre une hydratation intense pour 48 heures. Formul\u00e9 avec des ingr\u00e9dients naturels de la r\u00e9gion de Marseille, il procure une peau douce et soyeuse. Profitez d\u2019une peau hydrat\u00e9e et nourrie gr\u00e2ce \u00e0 ce lait unique.<\/p>","protected":false},"featured_media":10446,"template":"","meta":{"om_disable_all_campaigns":false},"product_brand":[],"product_cat":[18,15,1186],"product_tag":[],"class_list":{"0":"post-10450","1":"product","2":"type-product","3":"status-publish","4":"has-post-thumbnail","6":"product_cat-beaute-sante","7":"product_cat-beaute-sante-complements-alimentaires-soins-et-bien-etre-au-meilleur-prix","8":"product_cat-visage","10":"first","11":"instock","12":"taxable","13":"shipping-taxable","14":"purchasable","15":"product-type-simple"},"yoast_head":"<!-- This site is optimized with the Yoast SEO plugin v27.5 - https:\/\/yoast.com\/product\/yoast-seo-wordpress\/ -->\n<title>Le Petit MARSEILLAIS Lait Soin Nourrissant Hydratation 48H Jojoba oil - Maroc Prix<\/title>\n<meta name=\"description\" content=\"Le Petit MARSEILLAIS Lait Soin Nourrissant Hydratation 48H Jojoba oil\" \/>\n<meta name=\"robots\" content=\"index, follow, max-snippet:-1, max-image-preview:large, max-video-preview:-1\" \/>\n<link rel=\"canonical\" href=\"https:\/\/vitablanca.ma\/en\/product\/le-petit-marseillais-lait-soin-nourrissant-hydratation-48h-jojoba-oil\/\" \/>\n<meta property=\"og:locale\" content=\"en_US\" \/>\n<meta property=\"og:type\" content=\"article\" \/>\n<meta property=\"og:title\" content=\"Le Petit MARSEILLAIS Lait Soin Nourrissant Hydratation 48H Jojoba oil - Maroc Prix\" \/>\n<meta property=\"og:description\" content=\"Le Petit MARSEILLAIS Lait Soin Nourrissant Hydratation 48H Jojoba oil\" \/>\n<meta property=\"og:url\" content=\"https:\/\/vitablanca.ma\/en\/product\/le-petit-marseillais-lait-soin-nourrissant-hydratation-48h-jojoba-oil\/\" \/>\n<meta property=\"og:site_name\" content=\"Vitablanca.ma &ndash; Sant&eacute;, vitalit&eacute; et bien-&ecirc;tre pour tous les Marocains\" \/>\n<meta property=\"article:publisher\" content=\"https:\/\/www.facebook.com\/profile.php?id=61576678196717\" \/>\n<meta property=\"article:modified_time\" content=\"2025-05-28T19:55:35+00:00\" \/>\n<meta property=\"og:image\" content=\"https:\/\/vitablanca.ma\/wp-content\/uploads\/2025\/05\/IMG-6894.jpg\" \/>\n\t<meta property=\"og:image:width\" content=\"1024\" \/>\n\t<meta property=\"og:image:height\" content=\"1024\" \/>\n\t<meta property=\"og:image:type\" content=\"image\/jpeg\" \/>\n<meta name=\"twitter:card\" content=\"summary_large_image\" \/>\n<script type=\"application\/ld+json\" class=\"yoast-schema-graph\">{\"@context\":\"https:\\\/\\\/schema.org\",\"@graph\":[{\"@type\":[\"WebPage\",\"ItemPage\"],\"@id\":\"https:\\\/\\\/vitablanca.ma\\\/produit\\\/le-petit-marseillais-lait-soin-nourrissant-hydratation-48h-jojoba-oil\\\/\",\"url\":\"https:\\\/\\\/vitablanca.ma\\\/produit\\\/le-petit-marseillais-lait-soin-nourrissant-hydratation-48h-jojoba-oil\\\/\",\"name\":\"Le Petit MARSEILLAIS Lait Soin Nourrissant Hydratation 48H Jojoba oil - Maroc Prix\",\"isPartOf\":{\"@id\":\"https:\\\/\\\/vitablanca.ma\\\/#website\"},\"primaryImageOfPage\":{\"@id\":\"https:\\\/\\\/vitablanca.ma\\\/produit\\\/le-petit-marseillais-lait-soin-nourrissant-hydratation-48h-jojoba-oil\\\/#primaryimage\"},\"image\":{\"@id\":\"https:\\\/\\\/vitablanca.ma\\\/produit\\\/le-petit-marseillais-lait-soin-nourrissant-hydratation-48h-jojoba-oil\\\/#primaryimage\"},\"thumbnailUrl\":\"https:\\\/\\\/vitablanca.ma\\\/wp-content\\\/uploads\\\/2025\\\/05\\\/IMG-6894.jpg\",\"datePublished\":\"2025-05-28T19:49:02+00:00\",\"dateModified\":\"2025-05-28T19:55:35+00:00\",\"description\":\"Le Petit MARSEILLAIS Lait Soin Nourrissant Hydratation 48H Jojoba oil\",\"breadcrumb\":{\"@id\":\"https:\\\/\\\/vitablanca.ma\\\/produit\\\/le-petit-marseillais-lait-soin-nourrissant-hydratation-48h-jojoba-oil\\\/#breadcrumb\"},\"inLanguage\":\"en-US\",\"potentialAction\":[{\"@type\":\"ReadAction\",\"target\":[\"https:\\\/\\\/vitablanca.ma\\\/produit\\\/le-petit-marseillais-lait-soin-nourrissant-hydratation-48h-jojoba-oil\\\/\"]}]},{\"@type\":\"ImageObject\",\"inLanguage\":\"en-US\",\"@id\":\"https:\\\/\\\/vitablanca.ma\\\/produit\\\/le-petit-marseillais-lait-soin-nourrissant-hydratation-48h-jojoba-oil\\\/#primaryimage\",\"url\":\"https:\\\/\\\/vitablanca.ma\\\/wp-content\\\/uploads\\\/2025\\\/05\\\/IMG-6894.jpg\",\"contentUrl\":\"https:\\\/\\\/vitablanca.ma\\\/wp-content\\\/uploads\\\/2025\\\/05\\\/IMG-6894.jpg\",\"width\":1024,\"height\":1024},{\"@type\":\"BreadcrumbList\",\"@id\":\"https:\\\/\\\/vitablanca.ma\\\/produit\\\/le-petit-marseillais-lait-soin-nourrissant-hydratation-48h-jojoba-oil\\\/#breadcrumb\",\"itemListElement\":[{\"@type\":\"ListItem\",\"position\":1,\"name\":\"Home\",\"item\":\"https:\\\/\\\/vitablanca.ma\\\/\"},{\"@type\":\"ListItem\",\"position\":2,\"name\":\"Tous Les Produits\",\"item\":\"https:\\\/\\\/vitablanca.ma\\\/tous-les-produits\\\/\"},{\"@type\":\"ListItem\",\"position\":3,\"name\":\"Le Petit MARSEILLAIS Lait Soin Nourrissant Hydratation 48H Jojoba oil\"}]},{\"@type\":\"WebSite\",\"@id\":\"https:\\\/\\\/vitablanca.ma\\\/#website\",\"url\":\"https:\\\/\\\/vitablanca.ma\\\/\",\"name\":\"VitaBlanca.ma | Compl\u00e9ments alimentaires, sant\u00e9 & beaut\u00e9 au Maroc\",\"description\":\"vendre vitamines et compl\u00e9ments premium des USA &amp; Canada, Nouvelle Z\u00e9lande,Maroc (NOW Foods, Solgar, Manuka). Livraison rapide partout au Maroc.\",\"publisher\":{\"@id\":\"https:\\\/\\\/vitablanca.ma\\\/#organization\"},\"alternateName\":\"VitaBlanca.ma\",\"potentialAction\":[{\"@type\":\"SearchAction\",\"target\":{\"@type\":\"EntryPoint\",\"urlTemplate\":\"https:\\\/\\\/vitablanca.ma\\\/?s={search_term_string}\"},\"query-input\":{\"@type\":\"PropertyValueSpecification\",\"valueRequired\":true,\"valueName\":\"search_term_string\"}}],\"inLanguage\":\"en-US\"},{\"@type\":\"Organization\",\"@id\":\"https:\\\/\\\/vitablanca.ma\\\/#organization\",\"name\":\"VitaBlanca\",\"url\":\"https:\\\/\\\/vitablanca.ma\\\/\",\"logo\":{\"@type\":\"ImageObject\",\"inLanguage\":\"en-US\",\"@id\":\"https:\\\/\\\/vitablanca.ma\\\/#\\\/schema\\\/logo\\\/image\\\/\",\"url\":\"https:\\\/\\\/vitablanca.ma\\\/wp-content\\\/uploads\\\/2025\\\/05\\\/cropped-vitablanca.png\",\"contentUrl\":\"https:\\\/\\\/vitablanca.ma\\\/wp-content\\\/uploads\\\/2025\\\/05\\\/cropped-vitablanca.png\",\"width\":360,\"height\":67,\"caption\":\"VitaBlanca\"},\"image\":{\"@id\":\"https:\\\/\\\/vitablanca.ma\\\/#\\\/schema\\\/logo\\\/image\\\/\"},\"sameAs\":[\"https:\\\/\\\/www.facebook.com\\\/profile.php?id=61576678196717\",\"https:\\\/\\\/www.tiktok.com\\\/@vitablanca.ma\",\"https:\\\/\\\/www.instagram.com\\\/vitablanca.ma\\\/\"]}]}<\/script>\n<!-- \/ Yoast SEO plugin. -->","yoast_head_json":{"title":"Le Petit MARSEILLAIS Nourishing Care Milk 48H Hydration Jojoba oil - Morocco Price","description":"Le Petit MARSEILLAIS Nourishing Care Milk 48H Hydration Jojoba oil","robots":{"index":"index","follow":"follow","max-snippet":"max-snippet:-1","max-image-preview":"max-image-preview:large","max-video-preview":"max-video-preview:-1"},"canonical":"https:\/\/vitablanca.ma\/en\/product\/le-petit-marseillais-lait-soin-nourrissant-hydratation-48h-jojoba-oil\/","og_locale":"en_US","og_type":"article","og_title":"Le Petit MARSEILLAIS Lait Soin Nourrissant Hydratation 48H Jojoba oil - Maroc Prix","og_description":"Le Petit MARSEILLAIS Lait Soin Nourrissant Hydratation 48H Jojoba oil","og_url":"https:\/\/vitablanca.ma\/en\/product\/le-petit-marseillais-lait-soin-nourrissant-hydratation-48h-jojoba-oil\/","og_site_name":"Vitablanca.ma &ndash; Sant&eacute;, vitalit&eacute; et bien-&ecirc;tre pour tous les Marocains","article_publisher":"https:\/\/www.facebook.com\/profile.php?id=61576678196717","article_modified_time":"2025-05-28T19:55:35+00:00","og_image":[{"width":1024,"height":1024,"url":"https:\/\/vitablanca.ma\/wp-content\/uploads\/2025\/05\/IMG-6894.jpg","type":"image\/jpeg"}],"twitter_card":"summary_large_image","schema":{"@context":"https:\/\/schema.org","@graph":[{"@type":["WebPage","ItemPage"],"@id":"https:\/\/vitablanca.ma\/produit\/le-petit-marseillais-lait-soin-nourrissant-hydratation-48h-jojoba-oil\/","url":"https:\/\/vitablanca.ma\/produit\/le-petit-marseillais-lait-soin-nourrissant-hydratation-48h-jojoba-oil\/","name":"Le Petit MARSEILLAIS Nourishing Care Milk 48H Hydration Jojoba oil - Morocco Price","isPartOf":{"@id":"https:\/\/vitablanca.ma\/#website"},"primaryImageOfPage":{"@id":"https:\/\/vitablanca.ma\/produit\/le-petit-marseillais-lait-soin-nourrissant-hydratation-48h-jojoba-oil\/#primaryimage"},"image":{"@id":"https:\/\/vitablanca.ma\/produit\/le-petit-marseillais-lait-soin-nourrissant-hydratation-48h-jojoba-oil\/#primaryimage"},"thumbnailUrl":"https:\/\/vitablanca.ma\/wp-content\/uploads\/2025\/05\/IMG-6894.jpg","datePublished":"2025-05-28T19:49:02+00:00","dateModified":"2025-05-28T19:55:35+00:00","description":"Le Petit MARSEILLAIS Nourishing Care Milk 48H Hydration Jojoba oil","breadcrumb":{"@id":"https:\/\/vitablanca.ma\/produit\/le-petit-marseillais-lait-soin-nourrissant-hydratation-48h-jojoba-oil\/#breadcrumb"},"inLanguage":"en-US","potentialAction":[{"@type":"ReadAction","target":["https:\/\/vitablanca.ma\/produit\/le-petit-marseillais-lait-soin-nourrissant-hydratation-48h-jojoba-oil\/"]}]},{"@type":"ImageObject","inLanguage":"en-US","@id":"https:\/\/vitablanca.ma\/produit\/le-petit-marseillais-lait-soin-nourrissant-hydratation-48h-jojoba-oil\/#primaryimage","url":"https:\/\/vitablanca.ma\/wp-content\/uploads\/2025\/05\/IMG-6894.jpg","contentUrl":"https:\/\/vitablanca.ma\/wp-content\/uploads\/2025\/05\/IMG-6894.jpg","width":1024,"height":1024},{"@type":"BreadcrumbList","@id":"https:\/\/vitablanca.ma\/produit\/le-petit-marseillais-lait-soin-nourrissant-hydratation-48h-jojoba-oil\/#breadcrumb","itemListElement":[{"@type":"ListItem","position":1,"name":"Home","item":"https:\/\/vitablanca.ma\/"},{"@type":"ListItem","position":2,"name":"Tous Les Produits","item":"https:\/\/vitablanca.ma\/tous-les-produits\/"},{"@type":"ListItem","position":3,"name":"Le Petit MARSEILLAIS Lait Soin Nourrissant Hydratation 48H Jojoba oil"}]},{"@type":"WebSite","@id":"https:\/\/vitablanca.ma\/#website","url":"https:\/\/vitablanca.ma\/","name":"VitaBlanca.ma | Food supplements, health &amp; beauty in Morocco","description":"sell premium vitamins and supplements from USA &amp; Canada, New Zealand, Morocco (NOW Foods, Solgar, Manuka). Fast delivery anywhere in Morocco.","publisher":{"@id":"https:\/\/vitablanca.ma\/#organization"},"alternateName":"VitaBlanca.ma","potentialAction":[{"@type":"SearchAction","target":{"@type":"EntryPoint","urlTemplate":"https:\/\/vitablanca.ma\/?s={search_term_string}"},"query-input":{"@type":"PropertyValueSpecification","valueRequired":true,"valueName":"search_term_string"}}],"inLanguage":"en-US"},{"@type":"Organization","@id":"https:\/\/vitablanca.ma\/#organization","name":"VitaBlanca","url":"https:\/\/vitablanca.ma\/","logo":{"@type":"ImageObject","inLanguage":"en-US","@id":"https:\/\/vitablanca.ma\/#\/schema\/logo\/image\/","url":"https:\/\/vitablanca.ma\/wp-content\/uploads\/2025\/05\/cropped-vitablanca.png","contentUrl":"https:\/\/vitablanca.ma\/wp-content\/uploads\/2025\/05\/cropped-vitablanca.png","width":360,"height":67,"caption":"VitaBlanca"},"image":{"@id":"https:\/\/vitablanca.ma\/#\/schema\/logo\/image\/"},"sameAs":["https:\/\/www.facebook.com\/profile.php?id=61576678196717","https:\/\/www.tiktok.com\/@vitablanca.ma","https:\/\/www.instagram.com\/vitablanca.ma\/"]}]}},"jetpack_sharing_enabled":true,"_links":{"self":[{"href":"https:\/\/vitablanca.ma\/en\/wp-json\/wp\/v2\/product\/10450","targetHints":{"allow":["GET"]}}],"collection":[{"href":"https:\/\/vitablanca.ma\/en\/wp-json\/wp\/v2\/product"}],"about":[{"href":"https:\/\/vitablanca.ma\/en\/wp-json\/wp\/v2\/types\/product"}],"wp:featuredmedia":[{"embeddable":true,"href":"https:\/\/vitablanca.ma\/en\/wp-json\/wp\/v2\/media\/10446"}],"wp:attachment":[{"href":"https:\/\/vitablanca.ma\/en\/wp-json\/wp\/v2\/media?parent=10450"}],"wp:term":[{"taxonomy":"product_brand","embeddable":true,"href":"https:\/\/vitablanca.ma\/en\/wp-json\/wp\/v2\/product_brand?post=10450"},{"taxonomy":"product_cat","embeddable":true,"href":"https:\/\/vitablanca.ma\/en\/wp-json\/wp\/v2\/product_cat?post=10450"},{"taxonomy":"product_tag","embeddable":true,"href":"https:\/\/vitablanca.ma\/en\/wp-json\/wp\/v2\/product_tag?post=10450"}],"curies":[{"name":"wp","href":"https:\/\/api.w.org\/{rel}","templated":true}]}}