{"id":10432,"date":"2025-05-28T19:48:29","date_gmt":"2025-05-28T19:48:29","guid":{"rendered":"https:\/\/vitablanca.ma\/product\/nuxe-merveillance-lift-creme-velours-effet-liftant\/"},"modified":"2025-12-17T19:34:43","modified_gmt":"2025-12-17T19:34:43","slug":"nuxe-merveillance-lift-creme-velours-effet-liftant","status":"publish","type":"product","link":"https:\/\/vitablanca.ma\/en\/product\/nuxe-merveillance-lift-creme-velours-effet-liftant\/","title":{"rendered":"Nuxe MERVEILLANCE LIFT Velvet Cream Lifting Effect"},"content":{"rendered":"<p><span>Treat your skin to the power of ultra-corrective Micro-Algae Oil, an active ingredient that concentrates the power of 4 billion active cells in a single drop.<\/span><\/p>\n<p><span>This cream, ideal for normal to dry skin, instantly provides suppleness and tone. Your wrinkles are smoothed, your skin firmer, as if lifted. Strengthened daily, it appears visibly younger.<\/span><\/p>\n<p><span>Sa texture enveloppante associe l\u2019efficacit\u00e9 anti-\u00e2ge \u00e0 un plaisir d\u2019application ultime aux d\u00e9licats accords floraux et musqu\u00e9s.<\/span><\/p>","protected":false},"excerpt":{"rendered":"<p>Offrez \u00e0 votre peau la puissance de l\u2019Huile de Micro-Algue ultra-corrective, un actif qui concentre en une seule goutte la puissance de 4 milliards de cellules actives. Cette cr\u00e8me id\u00e9ale pour les peaux normales \u00e0 s\u00e8ches apporte instantan\u00e9ment souplesse et tonicit\u00e9. Vos rides sont liss\u00e9es, votre peau plus ferme, comme lift\u00e9e. Renforc\u00e9e au quotidien, elle [&hellip;]<\/p>\n","protected":false},"featured_media":10429,"template":"","meta":{"om_disable_all_campaigns":false},"product_brand":[5409],"product_cat":[18,1186],"product_tag":[],"class_list":{"0":"post-10432","1":"product","2":"type-product","3":"status-publish","4":"has-post-thumbnail","6":"product_brand-nuxe-maroc-prix","7":"product_cat-beaute-sante","8":"product_cat-visage","10":"first","11":"instock","12":"taxable","13":"shipping-taxable","14":"purchasable","15":"product-type-simple"},"yoast_head":"<!-- This site is optimized with the Yoast SEO plugin v27.5 - https:\/\/yoast.com\/product\/yoast-seo-wordpress\/ -->\n<title>Nuxe MERVEILLANCE LIFT Cr\u00e8me Velours Effet Liftant - Maroc Prix<\/title>\n<meta name=\"description\" content=\"Nuxe MERVEILLANCE LIFT Cr\u00e8me Velours Effet Liftant\" \/>\n<meta name=\"robots\" content=\"index, follow, max-snippet:-1, max-image-preview:large, max-video-preview:-1\" \/>\n<link rel=\"canonical\" href=\"https:\/\/vitablanca.ma\/en\/product\/nuxe-merveillance-lift-creme-velours-effet-liftant\/\" \/>\n<meta property=\"og:locale\" content=\"en_US\" \/>\n<meta property=\"og:type\" content=\"article\" \/>\n<meta property=\"og:title\" content=\"Nuxe MERVEILLANCE LIFT Cr\u00e8me Velours Effet Liftant - Maroc Prix\" \/>\n<meta property=\"og:description\" content=\"Nuxe MERVEILLANCE LIFT Cr\u00e8me Velours Effet Liftant\" \/>\n<meta property=\"og:url\" content=\"https:\/\/vitablanca.ma\/en\/product\/nuxe-merveillance-lift-creme-velours-effet-liftant\/\" \/>\n<meta property=\"og:site_name\" content=\"Vitablanca.ma &ndash; Sant&eacute;, vitalit&eacute; et bien-&ecirc;tre pour tous les Marocains\" \/>\n<meta property=\"article:publisher\" content=\"https:\/\/www.facebook.com\/profile.php?id=61576678196717\" \/>\n<meta property=\"article:modified_time\" content=\"2025-12-17T19:34:43+00:00\" \/>\n<meta property=\"og:image\" content=\"https:\/\/vitablanca.ma\/wp-content\/uploads\/2025\/05\/3264680024795-VN056601-VIEW-2-NUXE_MERVEILLANCE_LIFT-CREME_VELOURS-2000x2000.mp4.jpg\" \/>\n\t<meta property=\"og:image:width\" content=\"800\" \/>\n\t<meta property=\"og:image:height\" content=\"800\" \/>\n\t<meta property=\"og:image:type\" content=\"image\/jpeg\" \/>\n<meta name=\"twitter:card\" content=\"summary_large_image\" \/>\n<script type=\"application\/ld+json\" class=\"yoast-schema-graph\">{\"@context\":\"https:\\\/\\\/schema.org\",\"@graph\":[{\"@type\":[\"WebPage\",\"ItemPage\"],\"@id\":\"https:\\\/\\\/vitablanca.ma\\\/produit\\\/nuxe-merveillance-lift-creme-velours-effet-liftant\\\/\",\"url\":\"https:\\\/\\\/vitablanca.ma\\\/produit\\\/nuxe-merveillance-lift-creme-velours-effet-liftant\\\/\",\"name\":\"Nuxe MERVEILLANCE LIFT Cr\u00e8me Velours Effet Liftant - Maroc Prix\",\"isPartOf\":{\"@id\":\"https:\\\/\\\/vitablanca.ma\\\/#website\"},\"primaryImageOfPage\":{\"@id\":\"https:\\\/\\\/vitablanca.ma\\\/produit\\\/nuxe-merveillance-lift-creme-velours-effet-liftant\\\/#primaryimage\"},\"image\":{\"@id\":\"https:\\\/\\\/vitablanca.ma\\\/produit\\\/nuxe-merveillance-lift-creme-velours-effet-liftant\\\/#primaryimage\"},\"thumbnailUrl\":\"https:\\\/\\\/vitablanca.ma\\\/wp-content\\\/uploads\\\/2025\\\/05\\\/3264680024795-VN056601-VIEW-2-NUXE_MERVEILLANCE_LIFT-CREME_VELOURS-2000x2000.mp4.jpg\",\"datePublished\":\"2025-05-28T19:48:29+00:00\",\"dateModified\":\"2025-12-17T19:34:43+00:00\",\"description\":\"Nuxe MERVEILLANCE LIFT Cr\u00e8me Velours Effet Liftant\",\"breadcrumb\":{\"@id\":\"https:\\\/\\\/vitablanca.ma\\\/produit\\\/nuxe-merveillance-lift-creme-velours-effet-liftant\\\/#breadcrumb\"},\"inLanguage\":\"en-US\",\"potentialAction\":[{\"@type\":\"ReadAction\",\"target\":[\"https:\\\/\\\/vitablanca.ma\\\/produit\\\/nuxe-merveillance-lift-creme-velours-effet-liftant\\\/\"]}]},{\"@type\":\"ImageObject\",\"inLanguage\":\"en-US\",\"@id\":\"https:\\\/\\\/vitablanca.ma\\\/produit\\\/nuxe-merveillance-lift-creme-velours-effet-liftant\\\/#primaryimage\",\"url\":\"https:\\\/\\\/vitablanca.ma\\\/wp-content\\\/uploads\\\/2025\\\/05\\\/3264680024795-VN056601-VIEW-2-NUXE_MERVEILLANCE_LIFT-CREME_VELOURS-2000x2000.mp4.jpg\",\"contentUrl\":\"https:\\\/\\\/vitablanca.ma\\\/wp-content\\\/uploads\\\/2025\\\/05\\\/3264680024795-VN056601-VIEW-2-NUXE_MERVEILLANCE_LIFT-CREME_VELOURS-2000x2000.mp4.jpg\",\"width\":800,\"height\":800},{\"@type\":\"BreadcrumbList\",\"@id\":\"https:\\\/\\\/vitablanca.ma\\\/produit\\\/nuxe-merveillance-lift-creme-velours-effet-liftant\\\/#breadcrumb\",\"itemListElement\":[{\"@type\":\"ListItem\",\"position\":1,\"name\":\"Home\",\"item\":\"https:\\\/\\\/vitablanca.ma\\\/\"},{\"@type\":\"ListItem\",\"position\":2,\"name\":\"Tous Les Produits\",\"item\":\"https:\\\/\\\/vitablanca.ma\\\/tous-les-produits\\\/\"},{\"@type\":\"ListItem\",\"position\":3,\"name\":\"Nuxe MERVEILLANCE LIFT Cr\u00e8me Velours Effet Liftant\"}]},{\"@type\":\"WebSite\",\"@id\":\"https:\\\/\\\/vitablanca.ma\\\/#website\",\"url\":\"https:\\\/\\\/vitablanca.ma\\\/\",\"name\":\"VitaBlanca.ma | Compl\u00e9ments alimentaires, sant\u00e9 & beaut\u00e9 au Maroc\",\"description\":\"vendre vitamines et compl\u00e9ments premium des USA &amp; Canada, Nouvelle Z\u00e9lande,Maroc (NOW Foods, Solgar, Manuka). Livraison rapide partout au Maroc.\",\"publisher\":{\"@id\":\"https:\\\/\\\/vitablanca.ma\\\/#organization\"},\"alternateName\":\"VitaBlanca.ma\",\"potentialAction\":[{\"@type\":\"SearchAction\",\"target\":{\"@type\":\"EntryPoint\",\"urlTemplate\":\"https:\\\/\\\/vitablanca.ma\\\/?s={search_term_string}\"},\"query-input\":{\"@type\":\"PropertyValueSpecification\",\"valueRequired\":true,\"valueName\":\"search_term_string\"}}],\"inLanguage\":\"en-US\"},{\"@type\":\"Organization\",\"@id\":\"https:\\\/\\\/vitablanca.ma\\\/#organization\",\"name\":\"VitaBlanca\",\"url\":\"https:\\\/\\\/vitablanca.ma\\\/\",\"logo\":{\"@type\":\"ImageObject\",\"inLanguage\":\"en-US\",\"@id\":\"https:\\\/\\\/vitablanca.ma\\\/#\\\/schema\\\/logo\\\/image\\\/\",\"url\":\"https:\\\/\\\/vitablanca.ma\\\/wp-content\\\/uploads\\\/2025\\\/05\\\/cropped-vitablanca.png\",\"contentUrl\":\"https:\\\/\\\/vitablanca.ma\\\/wp-content\\\/uploads\\\/2025\\\/05\\\/cropped-vitablanca.png\",\"width\":360,\"height\":67,\"caption\":\"VitaBlanca\"},\"image\":{\"@id\":\"https:\\\/\\\/vitablanca.ma\\\/#\\\/schema\\\/logo\\\/image\\\/\"},\"sameAs\":[\"https:\\\/\\\/www.facebook.com\\\/profile.php?id=61576678196717\",\"https:\\\/\\\/www.tiktok.com\\\/@vitablanca.ma\",\"https:\\\/\\\/www.instagram.com\\\/vitablanca.ma\\\/\"]}]}<\/script>\n<!-- \/ Yoast SEO plugin. -->","yoast_head_json":{"title":"Nuxe MERVEILLANCE LIFT Velvet Cream Lifting Effect - Morocco Price","description":"Nuxe MERVEILLANCE LIFT Velvet Cream Lifting Effect","robots":{"index":"index","follow":"follow","max-snippet":"max-snippet:-1","max-image-preview":"max-image-preview:large","max-video-preview":"max-video-preview:-1"},"canonical":"https:\/\/vitablanca.ma\/en\/product\/nuxe-merveillance-lift-creme-velours-effet-liftant\/","og_locale":"en_US","og_type":"article","og_title":"Nuxe MERVEILLANCE LIFT Cr\u00e8me Velours Effet Liftant - Maroc Prix","og_description":"Nuxe MERVEILLANCE LIFT Cr\u00e8me Velours Effet Liftant","og_url":"https:\/\/vitablanca.ma\/en\/product\/nuxe-merveillance-lift-creme-velours-effet-liftant\/","og_site_name":"Vitablanca.ma &ndash; Sant&eacute;, vitalit&eacute; et bien-&ecirc;tre pour tous les Marocains","article_publisher":"https:\/\/www.facebook.com\/profile.php?id=61576678196717","article_modified_time":"2025-12-17T19:34:43+00:00","og_image":[{"width":800,"height":800,"url":"https:\/\/vitablanca.ma\/wp-content\/uploads\/2025\/05\/3264680024795-VN056601-VIEW-2-NUXE_MERVEILLANCE_LIFT-CREME_VELOURS-2000x2000.mp4.jpg","type":"image\/jpeg"}],"twitter_card":"summary_large_image","schema":{"@context":"https:\/\/schema.org","@graph":[{"@type":["WebPage","ItemPage"],"@id":"https:\/\/vitablanca.ma\/produit\/nuxe-merveillance-lift-creme-velours-effet-liftant\/","url":"https:\/\/vitablanca.ma\/produit\/nuxe-merveillance-lift-creme-velours-effet-liftant\/","name":"Nuxe MERVEILLANCE LIFT Velvet Cream Lifting Effect - Morocco Price","isPartOf":{"@id":"https:\/\/vitablanca.ma\/#website"},"primaryImageOfPage":{"@id":"https:\/\/vitablanca.ma\/produit\/nuxe-merveillance-lift-creme-velours-effet-liftant\/#primaryimage"},"image":{"@id":"https:\/\/vitablanca.ma\/produit\/nuxe-merveillance-lift-creme-velours-effet-liftant\/#primaryimage"},"thumbnailUrl":"https:\/\/vitablanca.ma\/wp-content\/uploads\/2025\/05\/3264680024795-VN056601-VIEW-2-NUXE_MERVEILLANCE_LIFT-CREME_VELOURS-2000x2000.mp4.jpg","datePublished":"2025-05-28T19:48:29+00:00","dateModified":"2025-12-17T19:34:43+00:00","description":"Nuxe MERVEILLANCE LIFT Velvet Cream Lifting Effect","breadcrumb":{"@id":"https:\/\/vitablanca.ma\/produit\/nuxe-merveillance-lift-creme-velours-effet-liftant\/#breadcrumb"},"inLanguage":"en-US","potentialAction":[{"@type":"ReadAction","target":["https:\/\/vitablanca.ma\/produit\/nuxe-merveillance-lift-creme-velours-effet-liftant\/"]}]},{"@type":"ImageObject","inLanguage":"en-US","@id":"https:\/\/vitablanca.ma\/produit\/nuxe-merveillance-lift-creme-velours-effet-liftant\/#primaryimage","url":"https:\/\/vitablanca.ma\/wp-content\/uploads\/2025\/05\/3264680024795-VN056601-VIEW-2-NUXE_MERVEILLANCE_LIFT-CREME_VELOURS-2000x2000.mp4.jpg","contentUrl":"https:\/\/vitablanca.ma\/wp-content\/uploads\/2025\/05\/3264680024795-VN056601-VIEW-2-NUXE_MERVEILLANCE_LIFT-CREME_VELOURS-2000x2000.mp4.jpg","width":800,"height":800},{"@type":"BreadcrumbList","@id":"https:\/\/vitablanca.ma\/produit\/nuxe-merveillance-lift-creme-velours-effet-liftant\/#breadcrumb","itemListElement":[{"@type":"ListItem","position":1,"name":"Home","item":"https:\/\/vitablanca.ma\/"},{"@type":"ListItem","position":2,"name":"Tous Les Produits","item":"https:\/\/vitablanca.ma\/tous-les-produits\/"},{"@type":"ListItem","position":3,"name":"Nuxe MERVEILLANCE LIFT Cr\u00e8me Velours Effet Liftant"}]},{"@type":"WebSite","@id":"https:\/\/vitablanca.ma\/#website","url":"https:\/\/vitablanca.ma\/","name":"VitaBlanca.ma | Food supplements, health &amp; beauty in Morocco","description":"sell premium vitamins and supplements from USA &amp; Canada, New Zealand, Morocco (NOW Foods, Solgar, Manuka). Fast delivery anywhere in Morocco.","publisher":{"@id":"https:\/\/vitablanca.ma\/#organization"},"alternateName":"VitaBlanca.ma","potentialAction":[{"@type":"SearchAction","target":{"@type":"EntryPoint","urlTemplate":"https:\/\/vitablanca.ma\/?s={search_term_string}"},"query-input":{"@type":"PropertyValueSpecification","valueRequired":true,"valueName":"search_term_string"}}],"inLanguage":"en-US"},{"@type":"Organization","@id":"https:\/\/vitablanca.ma\/#organization","name":"VitaBlanca","url":"https:\/\/vitablanca.ma\/","logo":{"@type":"ImageObject","inLanguage":"en-US","@id":"https:\/\/vitablanca.ma\/#\/schema\/logo\/image\/","url":"https:\/\/vitablanca.ma\/wp-content\/uploads\/2025\/05\/cropped-vitablanca.png","contentUrl":"https:\/\/vitablanca.ma\/wp-content\/uploads\/2025\/05\/cropped-vitablanca.png","width":360,"height":67,"caption":"VitaBlanca"},"image":{"@id":"https:\/\/vitablanca.ma\/#\/schema\/logo\/image\/"},"sameAs":["https:\/\/www.facebook.com\/profile.php?id=61576678196717","https:\/\/www.tiktok.com\/@vitablanca.ma","https:\/\/www.instagram.com\/vitablanca.ma\/"]}]}},"jetpack_sharing_enabled":true,"_links":{"self":[{"href":"https:\/\/vitablanca.ma\/en\/wp-json\/wp\/v2\/product\/10432","targetHints":{"allow":["GET"]}}],"collection":[{"href":"https:\/\/vitablanca.ma\/en\/wp-json\/wp\/v2\/product"}],"about":[{"href":"https:\/\/vitablanca.ma\/en\/wp-json\/wp\/v2\/types\/product"}],"wp:featuredmedia":[{"embeddable":true,"href":"https:\/\/vitablanca.ma\/en\/wp-json\/wp\/v2\/media\/10429"}],"wp:attachment":[{"href":"https:\/\/vitablanca.ma\/en\/wp-json\/wp\/v2\/media?parent=10432"}],"wp:term":[{"taxonomy":"product_brand","embeddable":true,"href":"https:\/\/vitablanca.ma\/en\/wp-json\/wp\/v2\/product_brand?post=10432"},{"taxonomy":"product_cat","embeddable":true,"href":"https:\/\/vitablanca.ma\/en\/wp-json\/wp\/v2\/product_cat?post=10432"},{"taxonomy":"product_tag","embeddable":true,"href":"https:\/\/vitablanca.ma\/en\/wp-json\/wp\/v2\/product_tag?post=10432"}],"curies":[{"name":"wp","href":"https:\/\/api.w.org\/{rel}","templated":true}]}}