{"id":10428,"date":"2025-05-28T19:48:24","date_gmt":"2025-05-28T19:48:24","guid":{"rendered":"https:\/\/vitablanca.ma\/product\/yeouth-advanced-snail-mucin-95-cream\/"},"modified":"2025-05-28T19:55:36","modified_gmt":"2025-05-28T19:55:36","slug":"yeouth-advanced-snail-mucin-95-cream","status":"publish","type":"product","link":"https:\/\/vitablanca.ma\/en\/product\/yeouth-advanced-snail-mucin-95-cream\/","title":{"rendered":"YEOUTH Advanced Snail Mucin 95 Cream"},"content":{"rendered":"<p>D\u00e9couvrez le secret d\u2019une beaut\u00e9 radieuse avec la Cr\u00e8me au Mucus d\u2019Escargot 95 de YEOUTH. Notre formule exclusive contient 95% de filtrat de mucus d\u2019escargot combin\u00e9 \u00e0 de l\u2019acide hyaluronique et de l\u2019arginine, offrant une hydratation luxueuse que votre peau adorera. Am\u00e9liorez votre teint avec cette cr\u00e8me pour le visage et profitez d\u2019une apparence rafra\u00eechie et \u00e9clatante. Offrez-vous une peau douce, souple et radieuse avec la Cr\u00e8me au Mucus d\u2019Escargot YEOUTH pour le visage. Les diff\u00e9rents composants du mucus d\u2019escargot, tels que les prot\u00e9ines (collag\u00e8ne et \u00e9lastine) et l\u2019acide hyaluronique, offrent une hydratation intense<\/p>","protected":false},"excerpt":{"rendered":"<p>D\u00e9couvrez le secret d\u2019une beaut\u00e9 radieuse avec la Cr\u00e8me au Mucus d\u2019Escargot 95 de YEOUTH. Notre formule exclusive contient 95% de filtrat de mucus d\u2019escargot combin\u00e9 \u00e0 de l\u2019acide hyaluronique et de l\u2019arginine, offrant une hydratation luxueuse que votre peau adorera. Am\u00e9liorez votre teint avec cette cr\u00e8me pour le visage et profitez d\u2019une apparence rafra\u00eechie [&hellip;]<\/p>\n","protected":false},"featured_media":10423,"template":"","meta":{"om_disable_all_campaigns":false},"product_brand":[],"product_cat":[18,15,1186],"product_tag":[],"class_list":{"0":"post-10428","1":"product","2":"type-product","3":"status-publish","4":"has-post-thumbnail","6":"product_cat-beaute-sante","7":"product_cat-beaute-sante-complements-alimentaires-soins-et-bien-etre-au-meilleur-prix","8":"product_cat-visage","10":"first","11":"instock","12":"taxable","13":"shipping-taxable","14":"purchasable","15":"product-type-simple"},"yoast_head":"<!-- This site is optimized with the Yoast SEO plugin v27.5 - https:\/\/yoast.com\/product\/yoast-seo-wordpress\/ -->\n<title>YEOUTH Advanced Snail Mucin 95 Cream - Maroc Prix<\/title>\n<meta name=\"description\" content=\"YEOUTH Advanced Snail Mucin 95 Cream\" \/>\n<meta name=\"robots\" content=\"index, follow, max-snippet:-1, max-image-preview:large, max-video-preview:-1\" \/>\n<link rel=\"canonical\" href=\"https:\/\/vitablanca.ma\/en\/product\/yeouth-advanced-snail-mucin-95-cream\/\" \/>\n<meta property=\"og:locale\" content=\"en_US\" \/>\n<meta property=\"og:type\" content=\"article\" \/>\n<meta property=\"og:title\" content=\"YEOUTH Advanced Snail Mucin 95 Cream - Maroc Prix\" \/>\n<meta property=\"og:description\" content=\"YEOUTH Advanced Snail Mucin 95 Cream\" \/>\n<meta property=\"og:url\" content=\"https:\/\/vitablanca.ma\/en\/product\/yeouth-advanced-snail-mucin-95-cream\/\" \/>\n<meta property=\"og:site_name\" content=\"Vitablanca.ma &ndash; Sant&eacute;, vitalit&eacute; et bien-&ecirc;tre pour tous les Marocains\" \/>\n<meta property=\"article:publisher\" content=\"https:\/\/www.facebook.com\/profile.php?id=61576678196717\" \/>\n<meta property=\"article:modified_time\" content=\"2025-05-28T19:55:36+00:00\" \/>\n<meta property=\"og:image\" content=\"https:\/\/vitablanca.ma\/wp-content\/uploads\/2025\/05\/610xNvNOF7L._SL1500_45525c60-6a6c-4eac-9139-1c1e3df71ff0.jpg\" \/>\n\t<meta property=\"og:image:width\" content=\"1500\" \/>\n\t<meta property=\"og:image:height\" content=\"1500\" \/>\n\t<meta property=\"og:image:type\" content=\"image\/jpeg\" \/>\n<meta name=\"twitter:card\" content=\"summary_large_image\" \/>\n<meta name=\"twitter:label1\" content=\"Est. reading time\" \/>\n\t<meta name=\"twitter:data1\" content=\"1 minute\" \/>\n<script type=\"application\/ld+json\" class=\"yoast-schema-graph\">{\"@context\":\"https:\\\/\\\/schema.org\",\"@graph\":[{\"@type\":[\"WebPage\",\"ItemPage\"],\"@id\":\"https:\\\/\\\/vitablanca.ma\\\/produit\\\/yeouth-advanced-snail-mucin-95-cream\\\/\",\"url\":\"https:\\\/\\\/vitablanca.ma\\\/produit\\\/yeouth-advanced-snail-mucin-95-cream\\\/\",\"name\":\"YEOUTH Advanced Snail Mucin 95 Cream - Maroc Prix\",\"isPartOf\":{\"@id\":\"https:\\\/\\\/vitablanca.ma\\\/#website\"},\"primaryImageOfPage\":{\"@id\":\"https:\\\/\\\/vitablanca.ma\\\/produit\\\/yeouth-advanced-snail-mucin-95-cream\\\/#primaryimage\"},\"image\":{\"@id\":\"https:\\\/\\\/vitablanca.ma\\\/produit\\\/yeouth-advanced-snail-mucin-95-cream\\\/#primaryimage\"},\"thumbnailUrl\":\"https:\\\/\\\/vitablanca.ma\\\/wp-content\\\/uploads\\\/2025\\\/05\\\/610xNvNOF7L._SL1500_45525c60-6a6c-4eac-9139-1c1e3df71ff0.jpg\",\"datePublished\":\"2025-05-28T19:48:24+00:00\",\"dateModified\":\"2025-05-28T19:55:36+00:00\",\"description\":\"YEOUTH Advanced Snail Mucin 95 Cream\",\"breadcrumb\":{\"@id\":\"https:\\\/\\\/vitablanca.ma\\\/produit\\\/yeouth-advanced-snail-mucin-95-cream\\\/#breadcrumb\"},\"inLanguage\":\"en-US\",\"potentialAction\":[{\"@type\":\"ReadAction\",\"target\":[\"https:\\\/\\\/vitablanca.ma\\\/produit\\\/yeouth-advanced-snail-mucin-95-cream\\\/\"]}]},{\"@type\":\"ImageObject\",\"inLanguage\":\"en-US\",\"@id\":\"https:\\\/\\\/vitablanca.ma\\\/produit\\\/yeouth-advanced-snail-mucin-95-cream\\\/#primaryimage\",\"url\":\"https:\\\/\\\/vitablanca.ma\\\/wp-content\\\/uploads\\\/2025\\\/05\\\/610xNvNOF7L._SL1500_45525c60-6a6c-4eac-9139-1c1e3df71ff0.jpg\",\"contentUrl\":\"https:\\\/\\\/vitablanca.ma\\\/wp-content\\\/uploads\\\/2025\\\/05\\\/610xNvNOF7L._SL1500_45525c60-6a6c-4eac-9139-1c1e3df71ff0.jpg\",\"width\":1500,\"height\":1500},{\"@type\":\"BreadcrumbList\",\"@id\":\"https:\\\/\\\/vitablanca.ma\\\/produit\\\/yeouth-advanced-snail-mucin-95-cream\\\/#breadcrumb\",\"itemListElement\":[{\"@type\":\"ListItem\",\"position\":1,\"name\":\"Home\",\"item\":\"https:\\\/\\\/vitablanca.ma\\\/\"},{\"@type\":\"ListItem\",\"position\":2,\"name\":\"Tous Les Produits\",\"item\":\"https:\\\/\\\/vitablanca.ma\\\/tous-les-produits\\\/\"},{\"@type\":\"ListItem\",\"position\":3,\"name\":\"YEOUTH Advanced Snail Mucin 95 Cream\"}]},{\"@type\":\"WebSite\",\"@id\":\"https:\\\/\\\/vitablanca.ma\\\/#website\",\"url\":\"https:\\\/\\\/vitablanca.ma\\\/\",\"name\":\"VitaBlanca.ma | Compl\u00e9ments alimentaires, sant\u00e9 & beaut\u00e9 au Maroc\",\"description\":\"vendre vitamines et compl\u00e9ments premium des USA &amp; Canada, Nouvelle Z\u00e9lande,Maroc (NOW Foods, Solgar, Manuka). Livraison rapide partout au Maroc.\",\"publisher\":{\"@id\":\"https:\\\/\\\/vitablanca.ma\\\/#organization\"},\"alternateName\":\"VitaBlanca.ma\",\"potentialAction\":[{\"@type\":\"SearchAction\",\"target\":{\"@type\":\"EntryPoint\",\"urlTemplate\":\"https:\\\/\\\/vitablanca.ma\\\/?s={search_term_string}\"},\"query-input\":{\"@type\":\"PropertyValueSpecification\",\"valueRequired\":true,\"valueName\":\"search_term_string\"}}],\"inLanguage\":\"en-US\"},{\"@type\":\"Organization\",\"@id\":\"https:\\\/\\\/vitablanca.ma\\\/#organization\",\"name\":\"VitaBlanca\",\"url\":\"https:\\\/\\\/vitablanca.ma\\\/\",\"logo\":{\"@type\":\"ImageObject\",\"inLanguage\":\"en-US\",\"@id\":\"https:\\\/\\\/vitablanca.ma\\\/#\\\/schema\\\/logo\\\/image\\\/\",\"url\":\"https:\\\/\\\/vitablanca.ma\\\/wp-content\\\/uploads\\\/2025\\\/05\\\/cropped-vitablanca.png\",\"contentUrl\":\"https:\\\/\\\/vitablanca.ma\\\/wp-content\\\/uploads\\\/2025\\\/05\\\/cropped-vitablanca.png\",\"width\":360,\"height\":67,\"caption\":\"VitaBlanca\"},\"image\":{\"@id\":\"https:\\\/\\\/vitablanca.ma\\\/#\\\/schema\\\/logo\\\/image\\\/\"},\"sameAs\":[\"https:\\\/\\\/www.facebook.com\\\/profile.php?id=61576678196717\",\"https:\\\/\\\/www.tiktok.com\\\/@vitablanca.ma\",\"https:\\\/\\\/www.instagram.com\\\/vitablanca.ma\\\/\"]}]}<\/script>\n<!-- \/ Yoast SEO plugin. -->","yoast_head_json":{"title":"YEOUTH Advanced Snail Mucin 95 Cream - Morocco Price","description":"YEOUTH Advanced Snail Mucin 95 Cream","robots":{"index":"index","follow":"follow","max-snippet":"max-snippet:-1","max-image-preview":"max-image-preview:large","max-video-preview":"max-video-preview:-1"},"canonical":"https:\/\/vitablanca.ma\/en\/product\/yeouth-advanced-snail-mucin-95-cream\/","og_locale":"en_US","og_type":"article","og_title":"YEOUTH Advanced Snail Mucin 95 Cream - Maroc Prix","og_description":"YEOUTH Advanced Snail Mucin 95 Cream","og_url":"https:\/\/vitablanca.ma\/en\/product\/yeouth-advanced-snail-mucin-95-cream\/","og_site_name":"Vitablanca.ma &ndash; Sant&eacute;, vitalit&eacute; et bien-&ecirc;tre pour tous les Marocains","article_publisher":"https:\/\/www.facebook.com\/profile.php?id=61576678196717","article_modified_time":"2025-05-28T19:55:36+00:00","og_image":[{"width":1500,"height":1500,"url":"https:\/\/vitablanca.ma\/wp-content\/uploads\/2025\/05\/610xNvNOF7L._SL1500_45525c60-6a6c-4eac-9139-1c1e3df71ff0.jpg","type":"image\/jpeg"}],"twitter_card":"summary_large_image","twitter_misc":{"Est. reading time":"1 minute"},"schema":{"@context":"https:\/\/schema.org","@graph":[{"@type":["WebPage","ItemPage"],"@id":"https:\/\/vitablanca.ma\/produit\/yeouth-advanced-snail-mucin-95-cream\/","url":"https:\/\/vitablanca.ma\/produit\/yeouth-advanced-snail-mucin-95-cream\/","name":"YEOUTH Advanced Snail Mucin 95 Cream - Morocco Price","isPartOf":{"@id":"https:\/\/vitablanca.ma\/#website"},"primaryImageOfPage":{"@id":"https:\/\/vitablanca.ma\/produit\/yeouth-advanced-snail-mucin-95-cream\/#primaryimage"},"image":{"@id":"https:\/\/vitablanca.ma\/produit\/yeouth-advanced-snail-mucin-95-cream\/#primaryimage"},"thumbnailUrl":"https:\/\/vitablanca.ma\/wp-content\/uploads\/2025\/05\/610xNvNOF7L._SL1500_45525c60-6a6c-4eac-9139-1c1e3df71ff0.jpg","datePublished":"2025-05-28T19:48:24+00:00","dateModified":"2025-05-28T19:55:36+00:00","description":"YEOUTH Advanced Snail Mucin 95 Cream","breadcrumb":{"@id":"https:\/\/vitablanca.ma\/produit\/yeouth-advanced-snail-mucin-95-cream\/#breadcrumb"},"inLanguage":"en-US","potentialAction":[{"@type":"ReadAction","target":["https:\/\/vitablanca.ma\/produit\/yeouth-advanced-snail-mucin-95-cream\/"]}]},{"@type":"ImageObject","inLanguage":"en-US","@id":"https:\/\/vitablanca.ma\/produit\/yeouth-advanced-snail-mucin-95-cream\/#primaryimage","url":"https:\/\/vitablanca.ma\/wp-content\/uploads\/2025\/05\/610xNvNOF7L._SL1500_45525c60-6a6c-4eac-9139-1c1e3df71ff0.jpg","contentUrl":"https:\/\/vitablanca.ma\/wp-content\/uploads\/2025\/05\/610xNvNOF7L._SL1500_45525c60-6a6c-4eac-9139-1c1e3df71ff0.jpg","width":1500,"height":1500},{"@type":"BreadcrumbList","@id":"https:\/\/vitablanca.ma\/produit\/yeouth-advanced-snail-mucin-95-cream\/#breadcrumb","itemListElement":[{"@type":"ListItem","position":1,"name":"Home","item":"https:\/\/vitablanca.ma\/"},{"@type":"ListItem","position":2,"name":"Tous Les Produits","item":"https:\/\/vitablanca.ma\/tous-les-produits\/"},{"@type":"ListItem","position":3,"name":"YEOUTH Advanced Snail Mucin 95 Cream"}]},{"@type":"WebSite","@id":"https:\/\/vitablanca.ma\/#website","url":"https:\/\/vitablanca.ma\/","name":"VitaBlanca.ma | Food supplements, health &amp; beauty in Morocco","description":"sell premium vitamins and supplements from USA &amp; Canada, New Zealand, Morocco (NOW Foods, Solgar, Manuka). Fast delivery anywhere in Morocco.","publisher":{"@id":"https:\/\/vitablanca.ma\/#organization"},"alternateName":"VitaBlanca.ma","potentialAction":[{"@type":"SearchAction","target":{"@type":"EntryPoint","urlTemplate":"https:\/\/vitablanca.ma\/?s={search_term_string}"},"query-input":{"@type":"PropertyValueSpecification","valueRequired":true,"valueName":"search_term_string"}}],"inLanguage":"en-US"},{"@type":"Organization","@id":"https:\/\/vitablanca.ma\/#organization","name":"VitaBlanca","url":"https:\/\/vitablanca.ma\/","logo":{"@type":"ImageObject","inLanguage":"en-US","@id":"https:\/\/vitablanca.ma\/#\/schema\/logo\/image\/","url":"https:\/\/vitablanca.ma\/wp-content\/uploads\/2025\/05\/cropped-vitablanca.png","contentUrl":"https:\/\/vitablanca.ma\/wp-content\/uploads\/2025\/05\/cropped-vitablanca.png","width":360,"height":67,"caption":"VitaBlanca"},"image":{"@id":"https:\/\/vitablanca.ma\/#\/schema\/logo\/image\/"},"sameAs":["https:\/\/www.facebook.com\/profile.php?id=61576678196717","https:\/\/www.tiktok.com\/@vitablanca.ma","https:\/\/www.instagram.com\/vitablanca.ma\/"]}]}},"jetpack_sharing_enabled":true,"_links":{"self":[{"href":"https:\/\/vitablanca.ma\/en\/wp-json\/wp\/v2\/product\/10428","targetHints":{"allow":["GET"]}}],"collection":[{"href":"https:\/\/vitablanca.ma\/en\/wp-json\/wp\/v2\/product"}],"about":[{"href":"https:\/\/vitablanca.ma\/en\/wp-json\/wp\/v2\/types\/product"}],"wp:featuredmedia":[{"embeddable":true,"href":"https:\/\/vitablanca.ma\/en\/wp-json\/wp\/v2\/media\/10423"}],"wp:attachment":[{"href":"https:\/\/vitablanca.ma\/en\/wp-json\/wp\/v2\/media?parent=10428"}],"wp:term":[{"taxonomy":"product_brand","embeddable":true,"href":"https:\/\/vitablanca.ma\/en\/wp-json\/wp\/v2\/product_brand?post=10428"},{"taxonomy":"product_cat","embeddable":true,"href":"https:\/\/vitablanca.ma\/en\/wp-json\/wp\/v2\/product_cat?post=10428"},{"taxonomy":"product_tag","embeddable":true,"href":"https:\/\/vitablanca.ma\/en\/wp-json\/wp\/v2\/product_tag?post=10428"}],"curies":[{"name":"wp","href":"https:\/\/api.w.org\/{rel}","templated":true}]}}