{"id":10409,"date":"2025-05-28T19:46:38","date_gmt":"2025-05-28T19:46:38","guid":{"rendered":"https:\/\/vitablanca.ma\/product\/pyunkang-yul-toner-essence-hydratant-visage-zero-irritation\/"},"modified":"2025-05-28T19:55:36","modified_gmt":"2025-05-28T19:55:36","slug":"pyunkang-yul-toner-essence-hydratant-visage-zero-irritation","status":"publish","type":"product","link":"https:\/\/vitablanca.ma\/en\/product\/pyunkang-yul-toner-essence-hydratant-visage-zero-irritation\/","title":{"rendered":"Pyunkang Yul Toner Essence \u2013 Facial Moisturizer, Zero Irritation"},"content":{"rendered":"<p>\ud83c\udf3f <strong>Suitable for all skin types<\/strong> \u2013 Its essence texture concentrates powerful moisturizing active ingredients. Dermatologically tested, it is certified without irritation. This toner absorbs quickly without leaving a sticky finish and can replace or complement a moisturizer.<\/p>\n<p>\ud83c\udf3f <strong>Porygon Root Extract<\/strong> \u2013 Penetrates deeply for intense hydration and optimal absorption. Isoflavonoids strengthen skin elasticity, improve the skin barrier, and reveal a natural glow. Its oil-moisture balance protects against stress and external aggressors.<\/p>\n<p>\ud83c\udf3f <strong>Minimalist formula \u2013 7 essential ingredients<\/strong> \u2013 We select only natural and effective ingredients, without adding unnecessary chemicals. Our mission: to protect and soothe the skin with a gentle and safe formulation, ideal for tired and irritated skin.<\/p>\n<p>\ud83c\udf3f <strong>Concentrated texture for dry and combination skin<\/strong> \u2013 This toner, with its dense, silky consistency, acts like an essence, infusing the skin with hydrating active ingredients. Non-sticky, it can be used alone or in addition to a moisturizer.<\/p>\n<p>\ud83c\udf3f <strong>Pyunkang Yul Expertise<\/strong> \u2013 Inspired by the treatments of the Pyunkang Yul clinic, specialized for over 50 years in dermatological and respiratory treatments, this toner soothes and nourishes the skin thanks to rigorously selected and tested natural ingredients.<\/p>","protected":false},"excerpt":{"rendered":"<p>\ud83c\udf3f Convient \u00e0 tous les types de peau \u2013 Sa texture essence concentre des actifs hydratants puissants. Test\u00e9 dermatologiquement, il est certifi\u00e9 sans irritation. Ce toner p\u00e9n\u00e8tre rapidement sans laisser de fini collant et peut remplacer ou compl\u00e9ter une cr\u00e8me hydratante. \ud83c\udf3f Extrait de racine de Porygon \u2013 P\u00e9n\u00e8tre profond\u00e9ment pour une hydratation intense et [&hellip;]<\/p>\n","protected":false},"featured_media":10402,"template":"","meta":{"om_disable_all_campaigns":false},"product_brand":[],"product_cat":[18,15,1186],"product_tag":[],"class_list":{"0":"post-10409","1":"product","2":"type-product","3":"status-publish","4":"has-post-thumbnail","6":"product_cat-beaute-sante","7":"product_cat-beaute-sante-complements-alimentaires-soins-et-bien-etre-au-meilleur-prix","8":"product_cat-visage","10":"first","11":"instock","12":"taxable","13":"shipping-taxable","14":"purchasable","15":"product-type-simple"},"yoast_head":"<!-- This site is optimized with the Yoast SEO plugin v27.5 - https:\/\/yoast.com\/product\/yoast-seo-wordpress\/ -->\n<title>Pyunkang Yul Toner Essence \u2013 Hydratant Visage, Z\u00e9ro Irritation - Maroc Prix<\/title>\n<meta name=\"description\" content=\"Pyunkang Yul Toner Essence \u2013 Hydratant Visage, Z\u00e9ro Irritation\" \/>\n<meta name=\"robots\" content=\"index, follow, max-snippet:-1, max-image-preview:large, max-video-preview:-1\" \/>\n<link rel=\"canonical\" href=\"https:\/\/vitablanca.ma\/en\/product\/pyunkang-yul-toner-essence-hydratant-visage-zero-irritation\/\" \/>\n<meta property=\"og:locale\" content=\"en_US\" \/>\n<meta property=\"og:type\" content=\"article\" \/>\n<meta property=\"og:title\" content=\"Pyunkang Yul Toner Essence \u2013 Hydratant Visage, Z\u00e9ro Irritation - Maroc Prix\" \/>\n<meta property=\"og:description\" content=\"Pyunkang Yul Toner Essence \u2013 Hydratant Visage, Z\u00e9ro Irritation\" \/>\n<meta property=\"og:url\" content=\"https:\/\/vitablanca.ma\/en\/product\/pyunkang-yul-toner-essence-hydratant-visage-zero-irritation\/\" \/>\n<meta property=\"og:site_name\" content=\"Vitablanca.ma &ndash; Sant&eacute;, vitalit&eacute; et bien-&ecirc;tre pour tous les Marocains\" \/>\n<meta property=\"article:publisher\" content=\"https:\/\/www.facebook.com\/profile.php?id=61576678196717\" \/>\n<meta property=\"article:modified_time\" content=\"2025-05-28T19:55:36+00:00\" \/>\n<meta property=\"og:image\" content=\"https:\/\/vitablanca.ma\/wp-content\/uploads\/2025\/05\/PyunkangYul0.png\" \/>\n\t<meta property=\"og:image:width\" content=\"500\" \/>\n\t<meta property=\"og:image:height\" content=\"500\" \/>\n\t<meta property=\"og:image:type\" content=\"image\/png\" \/>\n<meta name=\"twitter:card\" content=\"summary_large_image\" \/>\n<meta name=\"twitter:label1\" content=\"Est. reading time\" \/>\n\t<meta name=\"twitter:data1\" content=\"1 minute\" \/>\n<script type=\"application\/ld+json\" class=\"yoast-schema-graph\">{\"@context\":\"https:\\\/\\\/schema.org\",\"@graph\":[{\"@type\":[\"WebPage\",\"ItemPage\"],\"@id\":\"https:\\\/\\\/vitablanca.ma\\\/produit\\\/pyunkang-yul-toner-essence-hydratant-visage-zero-irritation\\\/\",\"url\":\"https:\\\/\\\/vitablanca.ma\\\/produit\\\/pyunkang-yul-toner-essence-hydratant-visage-zero-irritation\\\/\",\"name\":\"Pyunkang Yul Toner Essence \u2013 Hydratant Visage, Z\u00e9ro Irritation - Maroc Prix\",\"isPartOf\":{\"@id\":\"https:\\\/\\\/vitablanca.ma\\\/#website\"},\"primaryImageOfPage\":{\"@id\":\"https:\\\/\\\/vitablanca.ma\\\/produit\\\/pyunkang-yul-toner-essence-hydratant-visage-zero-irritation\\\/#primaryimage\"},\"image\":{\"@id\":\"https:\\\/\\\/vitablanca.ma\\\/produit\\\/pyunkang-yul-toner-essence-hydratant-visage-zero-irritation\\\/#primaryimage\"},\"thumbnailUrl\":\"https:\\\/\\\/vitablanca.ma\\\/wp-content\\\/uploads\\\/2025\\\/05\\\/PyunkangYul0.png\",\"datePublished\":\"2025-05-28T19:46:38+00:00\",\"dateModified\":\"2025-05-28T19:55:36+00:00\",\"description\":\"Pyunkang Yul Toner Essence \u2013 Hydratant Visage, Z\u00e9ro Irritation\",\"breadcrumb\":{\"@id\":\"https:\\\/\\\/vitablanca.ma\\\/produit\\\/pyunkang-yul-toner-essence-hydratant-visage-zero-irritation\\\/#breadcrumb\"},\"inLanguage\":\"en-US\",\"potentialAction\":[{\"@type\":\"ReadAction\",\"target\":[\"https:\\\/\\\/vitablanca.ma\\\/produit\\\/pyunkang-yul-toner-essence-hydratant-visage-zero-irritation\\\/\"]}]},{\"@type\":\"ImageObject\",\"inLanguage\":\"en-US\",\"@id\":\"https:\\\/\\\/vitablanca.ma\\\/produit\\\/pyunkang-yul-toner-essence-hydratant-visage-zero-irritation\\\/#primaryimage\",\"url\":\"https:\\\/\\\/vitablanca.ma\\\/wp-content\\\/uploads\\\/2025\\\/05\\\/PyunkangYul0.png\",\"contentUrl\":\"https:\\\/\\\/vitablanca.ma\\\/wp-content\\\/uploads\\\/2025\\\/05\\\/PyunkangYul0.png\",\"width\":500,\"height\":500},{\"@type\":\"BreadcrumbList\",\"@id\":\"https:\\\/\\\/vitablanca.ma\\\/produit\\\/pyunkang-yul-toner-essence-hydratant-visage-zero-irritation\\\/#breadcrumb\",\"itemListElement\":[{\"@type\":\"ListItem\",\"position\":1,\"name\":\"Home\",\"item\":\"https:\\\/\\\/vitablanca.ma\\\/\"},{\"@type\":\"ListItem\",\"position\":2,\"name\":\"Tous Les Produits\",\"item\":\"https:\\\/\\\/vitablanca.ma\\\/tous-les-produits\\\/\"},{\"@type\":\"ListItem\",\"position\":3,\"name\":\"Pyunkang Yul Toner Essence \u2013 Hydratant Visage, Z\u00e9ro Irritation\"}]},{\"@type\":\"WebSite\",\"@id\":\"https:\\\/\\\/vitablanca.ma\\\/#website\",\"url\":\"https:\\\/\\\/vitablanca.ma\\\/\",\"name\":\"VitaBlanca.ma | Compl\u00e9ments alimentaires, sant\u00e9 & beaut\u00e9 au Maroc\",\"description\":\"vendre vitamines et compl\u00e9ments premium des USA &amp; Canada, Nouvelle Z\u00e9lande,Maroc (NOW Foods, Solgar, Manuka). Livraison rapide partout au Maroc.\",\"publisher\":{\"@id\":\"https:\\\/\\\/vitablanca.ma\\\/#organization\"},\"alternateName\":\"VitaBlanca.ma\",\"potentialAction\":[{\"@type\":\"SearchAction\",\"target\":{\"@type\":\"EntryPoint\",\"urlTemplate\":\"https:\\\/\\\/vitablanca.ma\\\/?s={search_term_string}\"},\"query-input\":{\"@type\":\"PropertyValueSpecification\",\"valueRequired\":true,\"valueName\":\"search_term_string\"}}],\"inLanguage\":\"en-US\"},{\"@type\":\"Organization\",\"@id\":\"https:\\\/\\\/vitablanca.ma\\\/#organization\",\"name\":\"VitaBlanca\",\"url\":\"https:\\\/\\\/vitablanca.ma\\\/\",\"logo\":{\"@type\":\"ImageObject\",\"inLanguage\":\"en-US\",\"@id\":\"https:\\\/\\\/vitablanca.ma\\\/#\\\/schema\\\/logo\\\/image\\\/\",\"url\":\"https:\\\/\\\/vitablanca.ma\\\/wp-content\\\/uploads\\\/2025\\\/05\\\/cropped-vitablanca.png\",\"contentUrl\":\"https:\\\/\\\/vitablanca.ma\\\/wp-content\\\/uploads\\\/2025\\\/05\\\/cropped-vitablanca.png\",\"width\":360,\"height\":67,\"caption\":\"VitaBlanca\"},\"image\":{\"@id\":\"https:\\\/\\\/vitablanca.ma\\\/#\\\/schema\\\/logo\\\/image\\\/\"},\"sameAs\":[\"https:\\\/\\\/www.facebook.com\\\/profile.php?id=61576678196717\",\"https:\\\/\\\/www.tiktok.com\\\/@vitablanca.ma\",\"https:\\\/\\\/www.instagram.com\\\/vitablanca.ma\\\/\"]}]}<\/script>\n<!-- \/ Yoast SEO plugin. -->","yoast_head_json":{"title":"Pyunkang Yul Toner Essence \u2013 Facial Moisturizer, Zero Irritation - Morocco Price","description":"Pyunkang Yul Toner Essence \u2013 Facial Moisturizer, Zero Irritation","robots":{"index":"index","follow":"follow","max-snippet":"max-snippet:-1","max-image-preview":"max-image-preview:large","max-video-preview":"max-video-preview:-1"},"canonical":"https:\/\/vitablanca.ma\/en\/product\/pyunkang-yul-toner-essence-hydratant-visage-zero-irritation\/","og_locale":"en_US","og_type":"article","og_title":"Pyunkang Yul Toner Essence \u2013 Hydratant Visage, Z\u00e9ro Irritation - Maroc Prix","og_description":"Pyunkang Yul Toner Essence \u2013 Hydratant Visage, Z\u00e9ro Irritation","og_url":"https:\/\/vitablanca.ma\/en\/product\/pyunkang-yul-toner-essence-hydratant-visage-zero-irritation\/","og_site_name":"Vitablanca.ma &ndash; Sant&eacute;, vitalit&eacute; et bien-&ecirc;tre pour tous les Marocains","article_publisher":"https:\/\/www.facebook.com\/profile.php?id=61576678196717","article_modified_time":"2025-05-28T19:55:36+00:00","og_image":[{"width":500,"height":500,"url":"https:\/\/vitablanca.ma\/wp-content\/uploads\/2025\/05\/PyunkangYul0.png","type":"image\/png"}],"twitter_card":"summary_large_image","twitter_misc":{"Est. reading time":"1 minute"},"schema":{"@context":"https:\/\/schema.org","@graph":[{"@type":["WebPage","ItemPage"],"@id":"https:\/\/vitablanca.ma\/produit\/pyunkang-yul-toner-essence-hydratant-visage-zero-irritation\/","url":"https:\/\/vitablanca.ma\/produit\/pyunkang-yul-toner-essence-hydratant-visage-zero-irritation\/","name":"Pyunkang Yul Toner Essence \u2013 Facial Moisturizer, Zero Irritation - Morocco Price","isPartOf":{"@id":"https:\/\/vitablanca.ma\/#website"},"primaryImageOfPage":{"@id":"https:\/\/vitablanca.ma\/produit\/pyunkang-yul-toner-essence-hydratant-visage-zero-irritation\/#primaryimage"},"image":{"@id":"https:\/\/vitablanca.ma\/produit\/pyunkang-yul-toner-essence-hydratant-visage-zero-irritation\/#primaryimage"},"thumbnailUrl":"https:\/\/vitablanca.ma\/wp-content\/uploads\/2025\/05\/PyunkangYul0.png","datePublished":"2025-05-28T19:46:38+00:00","dateModified":"2025-05-28T19:55:36+00:00","description":"Pyunkang Yul Toner Essence \u2013 Facial Moisturizer, Zero Irritation","breadcrumb":{"@id":"https:\/\/vitablanca.ma\/produit\/pyunkang-yul-toner-essence-hydratant-visage-zero-irritation\/#breadcrumb"},"inLanguage":"en-US","potentialAction":[{"@type":"ReadAction","target":["https:\/\/vitablanca.ma\/produit\/pyunkang-yul-toner-essence-hydratant-visage-zero-irritation\/"]}]},{"@type":"ImageObject","inLanguage":"en-US","@id":"https:\/\/vitablanca.ma\/produit\/pyunkang-yul-toner-essence-hydratant-visage-zero-irritation\/#primaryimage","url":"https:\/\/vitablanca.ma\/wp-content\/uploads\/2025\/05\/PyunkangYul0.png","contentUrl":"https:\/\/vitablanca.ma\/wp-content\/uploads\/2025\/05\/PyunkangYul0.png","width":500,"height":500},{"@type":"BreadcrumbList","@id":"https:\/\/vitablanca.ma\/produit\/pyunkang-yul-toner-essence-hydratant-visage-zero-irritation\/#breadcrumb","itemListElement":[{"@type":"ListItem","position":1,"name":"Home","item":"https:\/\/vitablanca.ma\/"},{"@type":"ListItem","position":2,"name":"Tous Les Produits","item":"https:\/\/vitablanca.ma\/tous-les-produits\/"},{"@type":"ListItem","position":3,"name":"Pyunkang Yul Toner Essence \u2013 Hydratant Visage, Z\u00e9ro Irritation"}]},{"@type":"WebSite","@id":"https:\/\/vitablanca.ma\/#website","url":"https:\/\/vitablanca.ma\/","name":"VitaBlanca.ma | Food supplements, health &amp; beauty in Morocco","description":"sell premium vitamins and supplements from USA &amp; Canada, New Zealand, Morocco (NOW Foods, Solgar, Manuka). Fast delivery anywhere in Morocco.","publisher":{"@id":"https:\/\/vitablanca.ma\/#organization"},"alternateName":"VitaBlanca.ma","potentialAction":[{"@type":"SearchAction","target":{"@type":"EntryPoint","urlTemplate":"https:\/\/vitablanca.ma\/?s={search_term_string}"},"query-input":{"@type":"PropertyValueSpecification","valueRequired":true,"valueName":"search_term_string"}}],"inLanguage":"en-US"},{"@type":"Organization","@id":"https:\/\/vitablanca.ma\/#organization","name":"VitaBlanca","url":"https:\/\/vitablanca.ma\/","logo":{"@type":"ImageObject","inLanguage":"en-US","@id":"https:\/\/vitablanca.ma\/#\/schema\/logo\/image\/","url":"https:\/\/vitablanca.ma\/wp-content\/uploads\/2025\/05\/cropped-vitablanca.png","contentUrl":"https:\/\/vitablanca.ma\/wp-content\/uploads\/2025\/05\/cropped-vitablanca.png","width":360,"height":67,"caption":"VitaBlanca"},"image":{"@id":"https:\/\/vitablanca.ma\/#\/schema\/logo\/image\/"},"sameAs":["https:\/\/www.facebook.com\/profile.php?id=61576678196717","https:\/\/www.tiktok.com\/@vitablanca.ma","https:\/\/www.instagram.com\/vitablanca.ma\/"]}]}},"jetpack_sharing_enabled":true,"_links":{"self":[{"href":"https:\/\/vitablanca.ma\/en\/wp-json\/wp\/v2\/product\/10409","targetHints":{"allow":["GET"]}}],"collection":[{"href":"https:\/\/vitablanca.ma\/en\/wp-json\/wp\/v2\/product"}],"about":[{"href":"https:\/\/vitablanca.ma\/en\/wp-json\/wp\/v2\/types\/product"}],"wp:featuredmedia":[{"embeddable":true,"href":"https:\/\/vitablanca.ma\/en\/wp-json\/wp\/v2\/media\/10402"}],"wp:attachment":[{"href":"https:\/\/vitablanca.ma\/en\/wp-json\/wp\/v2\/media?parent=10409"}],"wp:term":[{"taxonomy":"product_brand","embeddable":true,"href":"https:\/\/vitablanca.ma\/en\/wp-json\/wp\/v2\/product_brand?post=10409"},{"taxonomy":"product_cat","embeddable":true,"href":"https:\/\/vitablanca.ma\/en\/wp-json\/wp\/v2\/product_cat?post=10409"},{"taxonomy":"product_tag","embeddable":true,"href":"https:\/\/vitablanca.ma\/en\/wp-json\/wp\/v2\/product_tag?post=10409"}],"curies":[{"name":"wp","href":"https:\/\/api.w.org\/{rel}","templated":true}]}}