{"id":10396,"date":"2025-05-28T19:46:21","date_gmt":"2025-05-28T19:46:21","guid":{"rendered":"https:\/\/vitablanca.ma\/product\/nature-republic-good-skin-collagen-ampoule-toner-pads\/"},"modified":"2025-05-28T19:55:36","modified_gmt":"2025-05-28T19:55:36","slug":"nature-republic-good-skin-collagen-ampoule-toner-pads","status":"publish","type":"product","link":"https:\/\/vitablanca.ma\/en\/product\/nature-republic-good-skin-collagen-ampoule-toner-pads\/","title":{"rendered":"Nature Republic \u2013 Good Skin Collagen Ampoule Toner Pads"},"content":{"rendered":"<p>Cleansed, radiant skin in just one step! Moisturizes and reveals radiance.<br \/>\nThese 100% Cotton patches, enriched with marine collagen and hyaluronic acid, are a real ANTI-AGING BOMB! <br \/>\nThanks to their effective cleansing formulations, the makeup remover patches ideally purify the skin of the face, eyes and lips in a single step.<br \/>\nApply the cotton pad to your face, leave it on for 15 to 20 minutes, and then remove it. For even more intense results, you can leave it on for longer.<\/p>","protected":false},"excerpt":{"rendered":"<p>Une peau d\u00e9maquill\u00e9e et \u00e9clatante en 1 seul geste ! Hydrate et r\u00e9v\u00e8le l\u2019\u00e9clat. Ces patchs 100% Coton, enrichis en Collag\u00e8ne marin et acide hyaluronique, est une v\u00e9ritable BOMBE ANTI-AGE ! Gr\u00e2ce \u00e0 leurs formulations nettoyantes efficaces, les patchs d\u00e9maquillantes purifient id\u00e9alement la peau du visage, des yeux et des l\u00e8vres en 1 seul geste. [&hellip;]<\/p>\n","protected":false},"featured_media":10395,"template":"","meta":{"om_disable_all_campaigns":false},"product_brand":[],"product_cat":[18,15,1186],"product_tag":[],"class_list":{"0":"post-10396","1":"product","2":"type-product","3":"status-publish","4":"has-post-thumbnail","6":"product_cat-beaute-sante","7":"product_cat-beaute-sante-complements-alimentaires-soins-et-bien-etre-au-meilleur-prix","8":"product_cat-visage","10":"first","11":"instock","12":"taxable","13":"shipping-taxable","14":"purchasable","15":"product-type-simple"},"yoast_head":"<!-- This site is optimized with the Yoast SEO plugin v27.5 - https:\/\/yoast.com\/product\/yoast-seo-wordpress\/ -->\n<title>Nature Republic - Good Skin Collagen Ampoule Toner Pads - Maroc Prix<\/title>\n<meta name=\"description\" content=\"Nature Republic - Good Skin Collagen Ampoule Toner Pads\" \/>\n<meta name=\"robots\" content=\"index, follow, max-snippet:-1, max-image-preview:large, max-video-preview:-1\" \/>\n<link rel=\"canonical\" href=\"https:\/\/vitablanca.ma\/en\/product\/nature-republic-good-skin-collagen-ampoule-toner-pads\/\" \/>\n<meta property=\"og:locale\" content=\"en_US\" \/>\n<meta property=\"og:type\" content=\"article\" \/>\n<meta property=\"og:title\" content=\"Nature Republic - Good Skin Collagen Ampoule Toner Pads - Maroc Prix\" \/>\n<meta property=\"og:description\" content=\"Nature Republic - Good Skin Collagen Ampoule Toner Pads\" \/>\n<meta property=\"og:url\" content=\"https:\/\/vitablanca.ma\/en\/product\/nature-republic-good-skin-collagen-ampoule-toner-pads\/\" \/>\n<meta property=\"og:site_name\" content=\"Vitablanca.ma &ndash; Sant&eacute;, vitalit&eacute; et bien-&ecirc;tre pour tous les Marocains\" \/>\n<meta property=\"article:publisher\" content=\"https:\/\/www.facebook.com\/profile.php?id=61576678196717\" \/>\n<meta property=\"article:modified_time\" content=\"2025-05-28T19:55:36+00:00\" \/>\n<meta property=\"og:image\" content=\"https:\/\/vitablanca.ma\/wp-content\/uploads\/2025\/05\/Natural-republic-GOOD-SKIN-COLLAGEN-AMPOULE-TONER-PADS.jpg\" \/>\n\t<meta property=\"og:image:width\" content=\"800\" \/>\n\t<meta property=\"og:image:height\" content=\"800\" \/>\n\t<meta property=\"og:image:type\" content=\"image\/jpeg\" \/>\n<meta name=\"twitter:card\" content=\"summary_large_image\" \/>\n<script type=\"application\/ld+json\" class=\"yoast-schema-graph\">{\"@context\":\"https:\\\/\\\/schema.org\",\"@graph\":[{\"@type\":[\"WebPage\",\"ItemPage\"],\"@id\":\"https:\\\/\\\/vitablanca.ma\\\/produit\\\/nature-republic-good-skin-collagen-ampoule-toner-pads\\\/\",\"url\":\"https:\\\/\\\/vitablanca.ma\\\/produit\\\/nature-republic-good-skin-collagen-ampoule-toner-pads\\\/\",\"name\":\"Nature Republic - Good Skin Collagen Ampoule Toner Pads - Maroc Prix\",\"isPartOf\":{\"@id\":\"https:\\\/\\\/vitablanca.ma\\\/#website\"},\"primaryImageOfPage\":{\"@id\":\"https:\\\/\\\/vitablanca.ma\\\/produit\\\/nature-republic-good-skin-collagen-ampoule-toner-pads\\\/#primaryimage\"},\"image\":{\"@id\":\"https:\\\/\\\/vitablanca.ma\\\/produit\\\/nature-republic-good-skin-collagen-ampoule-toner-pads\\\/#primaryimage\"},\"thumbnailUrl\":\"https:\\\/\\\/vitablanca.ma\\\/wp-content\\\/uploads\\\/2025\\\/05\\\/Natural-republic-GOOD-SKIN-COLLAGEN-AMPOULE-TONER-PADS.jpg\",\"datePublished\":\"2025-05-28T19:46:21+00:00\",\"dateModified\":\"2025-05-28T19:55:36+00:00\",\"description\":\"Nature Republic - Good Skin Collagen Ampoule Toner Pads\",\"breadcrumb\":{\"@id\":\"https:\\\/\\\/vitablanca.ma\\\/produit\\\/nature-republic-good-skin-collagen-ampoule-toner-pads\\\/#breadcrumb\"},\"inLanguage\":\"en-US\",\"potentialAction\":[{\"@type\":\"ReadAction\",\"target\":[\"https:\\\/\\\/vitablanca.ma\\\/produit\\\/nature-republic-good-skin-collagen-ampoule-toner-pads\\\/\"]}]},{\"@type\":\"ImageObject\",\"inLanguage\":\"en-US\",\"@id\":\"https:\\\/\\\/vitablanca.ma\\\/produit\\\/nature-republic-good-skin-collagen-ampoule-toner-pads\\\/#primaryimage\",\"url\":\"https:\\\/\\\/vitablanca.ma\\\/wp-content\\\/uploads\\\/2025\\\/05\\\/Natural-republic-GOOD-SKIN-COLLAGEN-AMPOULE-TONER-PADS.jpg\",\"contentUrl\":\"https:\\\/\\\/vitablanca.ma\\\/wp-content\\\/uploads\\\/2025\\\/05\\\/Natural-republic-GOOD-SKIN-COLLAGEN-AMPOULE-TONER-PADS.jpg\",\"width\":800,\"height\":800},{\"@type\":\"BreadcrumbList\",\"@id\":\"https:\\\/\\\/vitablanca.ma\\\/produit\\\/nature-republic-good-skin-collagen-ampoule-toner-pads\\\/#breadcrumb\",\"itemListElement\":[{\"@type\":\"ListItem\",\"position\":1,\"name\":\"Home\",\"item\":\"https:\\\/\\\/vitablanca.ma\\\/\"},{\"@type\":\"ListItem\",\"position\":2,\"name\":\"Tous Les Produits\",\"item\":\"https:\\\/\\\/vitablanca.ma\\\/tous-les-produits\\\/\"},{\"@type\":\"ListItem\",\"position\":3,\"name\":\"Nature Republic &#8211; Good Skin Collagen Ampoule Toner Pads\"}]},{\"@type\":\"WebSite\",\"@id\":\"https:\\\/\\\/vitablanca.ma\\\/#website\",\"url\":\"https:\\\/\\\/vitablanca.ma\\\/\",\"name\":\"VitaBlanca.ma | Compl\u00e9ments alimentaires, sant\u00e9 & beaut\u00e9 au Maroc\",\"description\":\"vendre vitamines et compl\u00e9ments premium des USA &amp; Canada, Nouvelle Z\u00e9lande,Maroc (NOW Foods, Solgar, Manuka). Livraison rapide partout au Maroc.\",\"publisher\":{\"@id\":\"https:\\\/\\\/vitablanca.ma\\\/#organization\"},\"alternateName\":\"VitaBlanca.ma\",\"potentialAction\":[{\"@type\":\"SearchAction\",\"target\":{\"@type\":\"EntryPoint\",\"urlTemplate\":\"https:\\\/\\\/vitablanca.ma\\\/?s={search_term_string}\"},\"query-input\":{\"@type\":\"PropertyValueSpecification\",\"valueRequired\":true,\"valueName\":\"search_term_string\"}}],\"inLanguage\":\"en-US\"},{\"@type\":\"Organization\",\"@id\":\"https:\\\/\\\/vitablanca.ma\\\/#organization\",\"name\":\"VitaBlanca\",\"url\":\"https:\\\/\\\/vitablanca.ma\\\/\",\"logo\":{\"@type\":\"ImageObject\",\"inLanguage\":\"en-US\",\"@id\":\"https:\\\/\\\/vitablanca.ma\\\/#\\\/schema\\\/logo\\\/image\\\/\",\"url\":\"https:\\\/\\\/vitablanca.ma\\\/wp-content\\\/uploads\\\/2025\\\/05\\\/cropped-vitablanca.png\",\"contentUrl\":\"https:\\\/\\\/vitablanca.ma\\\/wp-content\\\/uploads\\\/2025\\\/05\\\/cropped-vitablanca.png\",\"width\":360,\"height\":67,\"caption\":\"VitaBlanca\"},\"image\":{\"@id\":\"https:\\\/\\\/vitablanca.ma\\\/#\\\/schema\\\/logo\\\/image\\\/\"},\"sameAs\":[\"https:\\\/\\\/www.facebook.com\\\/profile.php?id=61576678196717\",\"https:\\\/\\\/www.tiktok.com\\\/@vitablanca.ma\",\"https:\\\/\\\/www.instagram.com\\\/vitablanca.ma\\\/\"]}]}<\/script>\n<!-- \/ Yoast SEO plugin. -->","yoast_head_json":{"title":"Nature Republic - Good Skin Collagen Ampoule Toner Pads - Morocco Price","description":"Nature Republic - Good Skin Collagen Ampoule Toner Pads","robots":{"index":"index","follow":"follow","max-snippet":"max-snippet:-1","max-image-preview":"max-image-preview:large","max-video-preview":"max-video-preview:-1"},"canonical":"https:\/\/vitablanca.ma\/en\/product\/nature-republic-good-skin-collagen-ampoule-toner-pads\/","og_locale":"en_US","og_type":"article","og_title":"Nature Republic - Good Skin Collagen Ampoule Toner Pads - Maroc Prix","og_description":"Nature Republic - Good Skin Collagen Ampoule Toner Pads","og_url":"https:\/\/vitablanca.ma\/en\/product\/nature-republic-good-skin-collagen-ampoule-toner-pads\/","og_site_name":"Vitablanca.ma &ndash; Sant&eacute;, vitalit&eacute; et bien-&ecirc;tre pour tous les Marocains","article_publisher":"https:\/\/www.facebook.com\/profile.php?id=61576678196717","article_modified_time":"2025-05-28T19:55:36+00:00","og_image":[{"width":800,"height":800,"url":"https:\/\/vitablanca.ma\/wp-content\/uploads\/2025\/05\/Natural-republic-GOOD-SKIN-COLLAGEN-AMPOULE-TONER-PADS.jpg","type":"image\/jpeg"}],"twitter_card":"summary_large_image","schema":{"@context":"https:\/\/schema.org","@graph":[{"@type":["WebPage","ItemPage"],"@id":"https:\/\/vitablanca.ma\/produit\/nature-republic-good-skin-collagen-ampoule-toner-pads\/","url":"https:\/\/vitablanca.ma\/produit\/nature-republic-good-skin-collagen-ampoule-toner-pads\/","name":"Nature Republic - Good Skin Collagen Ampoule Toner Pads - Morocco Price","isPartOf":{"@id":"https:\/\/vitablanca.ma\/#website"},"primaryImageOfPage":{"@id":"https:\/\/vitablanca.ma\/produit\/nature-republic-good-skin-collagen-ampoule-toner-pads\/#primaryimage"},"image":{"@id":"https:\/\/vitablanca.ma\/produit\/nature-republic-good-skin-collagen-ampoule-toner-pads\/#primaryimage"},"thumbnailUrl":"https:\/\/vitablanca.ma\/wp-content\/uploads\/2025\/05\/Natural-republic-GOOD-SKIN-COLLAGEN-AMPOULE-TONER-PADS.jpg","datePublished":"2025-05-28T19:46:21+00:00","dateModified":"2025-05-28T19:55:36+00:00","description":"Nature Republic - Good Skin Collagen Ampoule Toner Pads","breadcrumb":{"@id":"https:\/\/vitablanca.ma\/produit\/nature-republic-good-skin-collagen-ampoule-toner-pads\/#breadcrumb"},"inLanguage":"en-US","potentialAction":[{"@type":"ReadAction","target":["https:\/\/vitablanca.ma\/produit\/nature-republic-good-skin-collagen-ampoule-toner-pads\/"]}]},{"@type":"ImageObject","inLanguage":"en-US","@id":"https:\/\/vitablanca.ma\/produit\/nature-republic-good-skin-collagen-ampoule-toner-pads\/#primaryimage","url":"https:\/\/vitablanca.ma\/wp-content\/uploads\/2025\/05\/Natural-republic-GOOD-SKIN-COLLAGEN-AMPOULE-TONER-PADS.jpg","contentUrl":"https:\/\/vitablanca.ma\/wp-content\/uploads\/2025\/05\/Natural-republic-GOOD-SKIN-COLLAGEN-AMPOULE-TONER-PADS.jpg","width":800,"height":800},{"@type":"BreadcrumbList","@id":"https:\/\/vitablanca.ma\/produit\/nature-republic-good-skin-collagen-ampoule-toner-pads\/#breadcrumb","itemListElement":[{"@type":"ListItem","position":1,"name":"Home","item":"https:\/\/vitablanca.ma\/"},{"@type":"ListItem","position":2,"name":"Tous Les Produits","item":"https:\/\/vitablanca.ma\/tous-les-produits\/"},{"@type":"ListItem","position":3,"name":"Nature Republic &#8211; Good Skin Collagen Ampoule Toner Pads"}]},{"@type":"WebSite","@id":"https:\/\/vitablanca.ma\/#website","url":"https:\/\/vitablanca.ma\/","name":"VitaBlanca.ma | Food supplements, health &amp; beauty in Morocco","description":"sell premium vitamins and supplements from USA &amp; Canada, New Zealand, Morocco (NOW Foods, Solgar, Manuka). Fast delivery anywhere in Morocco.","publisher":{"@id":"https:\/\/vitablanca.ma\/#organization"},"alternateName":"VitaBlanca.ma","potentialAction":[{"@type":"SearchAction","target":{"@type":"EntryPoint","urlTemplate":"https:\/\/vitablanca.ma\/?s={search_term_string}"},"query-input":{"@type":"PropertyValueSpecification","valueRequired":true,"valueName":"search_term_string"}}],"inLanguage":"en-US"},{"@type":"Organization","@id":"https:\/\/vitablanca.ma\/#organization","name":"VitaBlanca","url":"https:\/\/vitablanca.ma\/","logo":{"@type":"ImageObject","inLanguage":"en-US","@id":"https:\/\/vitablanca.ma\/#\/schema\/logo\/image\/","url":"https:\/\/vitablanca.ma\/wp-content\/uploads\/2025\/05\/cropped-vitablanca.png","contentUrl":"https:\/\/vitablanca.ma\/wp-content\/uploads\/2025\/05\/cropped-vitablanca.png","width":360,"height":67,"caption":"VitaBlanca"},"image":{"@id":"https:\/\/vitablanca.ma\/#\/schema\/logo\/image\/"},"sameAs":["https:\/\/www.facebook.com\/profile.php?id=61576678196717","https:\/\/www.tiktok.com\/@vitablanca.ma","https:\/\/www.instagram.com\/vitablanca.ma\/"]}]}},"jetpack_sharing_enabled":true,"_links":{"self":[{"href":"https:\/\/vitablanca.ma\/en\/wp-json\/wp\/v2\/product\/10396","targetHints":{"allow":["GET"]}}],"collection":[{"href":"https:\/\/vitablanca.ma\/en\/wp-json\/wp\/v2\/product"}],"about":[{"href":"https:\/\/vitablanca.ma\/en\/wp-json\/wp\/v2\/types\/product"}],"wp:featuredmedia":[{"embeddable":true,"href":"https:\/\/vitablanca.ma\/en\/wp-json\/wp\/v2\/media\/10395"}],"wp:attachment":[{"href":"https:\/\/vitablanca.ma\/en\/wp-json\/wp\/v2\/media?parent=10396"}],"wp:term":[{"taxonomy":"product_brand","embeddable":true,"href":"https:\/\/vitablanca.ma\/en\/wp-json\/wp\/v2\/product_brand?post=10396"},{"taxonomy":"product_cat","embeddable":true,"href":"https:\/\/vitablanca.ma\/en\/wp-json\/wp\/v2\/product_cat?post=10396"},{"taxonomy":"product_tag","embeddable":true,"href":"https:\/\/vitablanca.ma\/en\/wp-json\/wp\/v2\/product_tag?post=10396"}],"curies":[{"name":"wp","href":"https:\/\/api.w.org\/{rel}","templated":true}]}}