{"id":10394,"date":"2025-05-28T19:46:18","date_gmt":"2025-05-28T19:46:18","guid":{"rendered":"https:\/\/vitablanca.ma\/product\/estee-lauder-advanced-night-repair-serum-complexe-multi-reparation-synchronisee\/"},"modified":"2025-08-16T17:57:03","modified_gmt":"2025-08-16T17:57:03","slug":"estee-lauder-advanced-night-repair-serum-complexe-multi-reparation-synchronisee","status":"publish","type":"product","link":"https:\/\/vitablanca.ma\/en\/product\/estee-lauder-advanced-night-repair-serum-complexe-multi-reparation-synchronisee\/","title":{"rendered":"Est\u00e9e Lauder \u2013 Advanced Night Repair Synchronized Multi-Repair Complex Serum"},"content":{"rendered":"<p>Advanced Night Repair Serum: Wake up every morning with your most beautiful skin:<\/p>\n<p>Every night:<\/p>\n<p>While you sleep, Advanced Night Repair Synchronized Multi-Repair Complex Serum helps your skin boost its natural repair process. This advanced formula with exclusive Chronolux (TM) Power Signal Technology helps skin stimulate its natural production of new, fresh cells and collagen. Skin feels firmer and plumper. Fine lines are visibly reduced.<br \/>\nDe plus, une forte concentration en acide hyaluronique aide la peau \u00e0 rester hydrat\u00e9e pendant 72 heures. L\u2019environnement est id\u00e9al pour optimiser le processus naturel de r\u00e9paration de la peau. Formule brevet\u00e9e jusqu\u2019en 2033.<\/p>\n<p>Every day:<\/p>\n<p>During the day, this powerful serum helps protect skin from external aggressions. This new formula has been proven to provide 8 hours of antioxidant protection, leaving skin looking younger for longer.<br \/>\nRiche en antioxydants, ce s\u00e9rum prot\u00e8ge la peau des dommages caus\u00e9s par l\u2019environnement, comme la pollution (comme l\u2019ozone et les micropoussi\u00e8res), les radicaux libres g\u00e9n\u00e9r\u00e9s par les UV, la lumi\u00e8re bleue et les infrarouges.<\/p>","protected":false},"excerpt":{"rendered":"<p>S\u00e9rum Advanced Night Repair : r\u00e9veillez-vous chaque matin avec votre plus belle peau : Toutes les nuits: Pendant votre sommeil, le s\u00e9rum complexe multi-r\u00e9paration synchronis\u00e9e Advanced Night Repair aide votre peau \u00e0 stimuler son processus naturel de r\u00e9paration. Cette formule avanc\u00e9e dot\u00e9e de la technologie exclusive Chronolux (TM)Power Signal aide la peau \u00e0 stimuler sa [&hellip;]<\/p>\n","protected":false},"featured_media":10393,"template":"","meta":{"om_disable_all_campaigns":false},"product_brand":[],"product_cat":[18,1186],"product_tag":[],"class_list":{"0":"post-10394","1":"product","2":"type-product","3":"status-publish","4":"has-post-thumbnail","6":"product_cat-beaute-sante","7":"product_cat-visage","9":"first","10":"instock","11":"taxable","12":"shipping-taxable","13":"purchasable","14":"product-type-simple"},"yoast_head":"<!-- This site is optimized with the Yoast SEO plugin v27.5 - https:\/\/yoast.com\/product\/yoast-seo-wordpress\/ -->\n<title>Est\u00e9e Lauder - Advanced Night Repair S\u00e9rum Complexe Multi-R\u00e9paration Synchronis\u00e9e - Maroc Prix<\/title>\n<meta name=\"description\" content=\"Est\u00e9e Lauder - Advanced Night Repair S\u00e9rum Complexe Multi-R\u00e9paration Synchronis\u00e9e\" \/>\n<meta name=\"robots\" content=\"index, follow, max-snippet:-1, max-image-preview:large, max-video-preview:-1\" \/>\n<link rel=\"canonical\" href=\"https:\/\/vitablanca.ma\/en\/product\/estee-lauder-advanced-night-repair-serum-complexe-multi-reparation-synchronisee\/\" \/>\n<meta property=\"og:locale\" content=\"en_US\" \/>\n<meta property=\"og:type\" content=\"article\" \/>\n<meta property=\"og:title\" content=\"Est\u00e9e Lauder - Advanced Night Repair S\u00e9rum Complexe Multi-R\u00e9paration Synchronis\u00e9e - Maroc Prix\" \/>\n<meta property=\"og:description\" content=\"Est\u00e9e Lauder - Advanced Night Repair S\u00e9rum Complexe Multi-R\u00e9paration Synchronis\u00e9e\" \/>\n<meta property=\"og:url\" content=\"https:\/\/vitablanca.ma\/en\/product\/estee-lauder-advanced-night-repair-serum-complexe-multi-reparation-synchronisee\/\" \/>\n<meta property=\"og:site_name\" content=\"Vitablanca.ma &ndash; Sant&eacute;, vitalit&eacute; et bien-&ecirc;tre pour tous les Marocains\" \/>\n<meta property=\"article:publisher\" content=\"https:\/\/www.facebook.com\/profile.php?id=61576678196717\" \/>\n<meta property=\"article:modified_time\" content=\"2025-08-16T17:57:03+00:00\" \/>\n<meta property=\"og:image\" content=\"https:\/\/vitablanca.ma\/wp-content\/uploads\/2025\/05\/Estee-Lauder-advanced-night-repair_6ff645e2-f377-4731-8dbd-3f1b28569fc6.jpg\" \/>\n\t<meta property=\"og:image:width\" content=\"800\" \/>\n\t<meta property=\"og:image:height\" content=\"800\" \/>\n\t<meta property=\"og:image:type\" content=\"image\/jpeg\" \/>\n<meta name=\"twitter:card\" content=\"summary_large_image\" \/>\n<meta name=\"twitter:label1\" content=\"Est. reading time\" \/>\n\t<meta name=\"twitter:data1\" content=\"1 minute\" \/>\n<script type=\"application\/ld+json\" class=\"yoast-schema-graph\">{\"@context\":\"https:\\\/\\\/schema.org\",\"@graph\":[{\"@type\":[\"WebPage\",\"ItemPage\"],\"@id\":\"https:\\\/\\\/vitablanca.ma\\\/produit\\\/estee-lauder-advanced-night-repair-serum-complexe-multi-reparation-synchronisee\\\/\",\"url\":\"https:\\\/\\\/vitablanca.ma\\\/produit\\\/estee-lauder-advanced-night-repair-serum-complexe-multi-reparation-synchronisee\\\/\",\"name\":\"Est\u00e9e Lauder - Advanced Night Repair S\u00e9rum Complexe Multi-R\u00e9paration Synchronis\u00e9e - Maroc Prix\",\"isPartOf\":{\"@id\":\"https:\\\/\\\/vitablanca.ma\\\/#website\"},\"primaryImageOfPage\":{\"@id\":\"https:\\\/\\\/vitablanca.ma\\\/produit\\\/estee-lauder-advanced-night-repair-serum-complexe-multi-reparation-synchronisee\\\/#primaryimage\"},\"image\":{\"@id\":\"https:\\\/\\\/vitablanca.ma\\\/produit\\\/estee-lauder-advanced-night-repair-serum-complexe-multi-reparation-synchronisee\\\/#primaryimage\"},\"thumbnailUrl\":\"https:\\\/\\\/vitablanca.ma\\\/wp-content\\\/uploads\\\/2025\\\/05\\\/Estee-Lauder-advanced-night-repair_6ff645e2-f377-4731-8dbd-3f1b28569fc6.jpg\",\"datePublished\":\"2025-05-28T19:46:18+00:00\",\"dateModified\":\"2025-08-16T17:57:03+00:00\",\"description\":\"Est\u00e9e Lauder - Advanced Night Repair S\u00e9rum Complexe Multi-R\u00e9paration Synchronis\u00e9e\",\"breadcrumb\":{\"@id\":\"https:\\\/\\\/vitablanca.ma\\\/produit\\\/estee-lauder-advanced-night-repair-serum-complexe-multi-reparation-synchronisee\\\/#breadcrumb\"},\"inLanguage\":\"en-US\",\"potentialAction\":[{\"@type\":\"ReadAction\",\"target\":[\"https:\\\/\\\/vitablanca.ma\\\/produit\\\/estee-lauder-advanced-night-repair-serum-complexe-multi-reparation-synchronisee\\\/\"]}]},{\"@type\":\"ImageObject\",\"inLanguage\":\"en-US\",\"@id\":\"https:\\\/\\\/vitablanca.ma\\\/produit\\\/estee-lauder-advanced-night-repair-serum-complexe-multi-reparation-synchronisee\\\/#primaryimage\",\"url\":\"https:\\\/\\\/vitablanca.ma\\\/wp-content\\\/uploads\\\/2025\\\/05\\\/Estee-Lauder-advanced-night-repair_6ff645e2-f377-4731-8dbd-3f1b28569fc6.jpg\",\"contentUrl\":\"https:\\\/\\\/vitablanca.ma\\\/wp-content\\\/uploads\\\/2025\\\/05\\\/Estee-Lauder-advanced-night-repair_6ff645e2-f377-4731-8dbd-3f1b28569fc6.jpg\",\"width\":800,\"height\":800},{\"@type\":\"BreadcrumbList\",\"@id\":\"https:\\\/\\\/vitablanca.ma\\\/produit\\\/estee-lauder-advanced-night-repair-serum-complexe-multi-reparation-synchronisee\\\/#breadcrumb\",\"itemListElement\":[{\"@type\":\"ListItem\",\"position\":1,\"name\":\"Home\",\"item\":\"https:\\\/\\\/vitablanca.ma\\\/\"},{\"@type\":\"ListItem\",\"position\":2,\"name\":\"Tous Les Produits\",\"item\":\"https:\\\/\\\/vitablanca.ma\\\/tous-les-produits\\\/\"},{\"@type\":\"ListItem\",\"position\":3,\"name\":\"Est\u00e9e Lauder &#8211; Advanced Night Repair S\u00e9rum Complexe Multi-R\u00e9paration Synchronis\u00e9e\"}]},{\"@type\":\"WebSite\",\"@id\":\"https:\\\/\\\/vitablanca.ma\\\/#website\",\"url\":\"https:\\\/\\\/vitablanca.ma\\\/\",\"name\":\"VitaBlanca.ma | Compl\u00e9ments alimentaires, sant\u00e9 & beaut\u00e9 au Maroc\",\"description\":\"vendre vitamines et compl\u00e9ments premium des USA &amp; Canada, Nouvelle Z\u00e9lande,Maroc (NOW Foods, Solgar, Manuka). Livraison rapide partout au Maroc.\",\"publisher\":{\"@id\":\"https:\\\/\\\/vitablanca.ma\\\/#organization\"},\"alternateName\":\"VitaBlanca.ma\",\"potentialAction\":[{\"@type\":\"SearchAction\",\"target\":{\"@type\":\"EntryPoint\",\"urlTemplate\":\"https:\\\/\\\/vitablanca.ma\\\/?s={search_term_string}\"},\"query-input\":{\"@type\":\"PropertyValueSpecification\",\"valueRequired\":true,\"valueName\":\"search_term_string\"}}],\"inLanguage\":\"en-US\"},{\"@type\":\"Organization\",\"@id\":\"https:\\\/\\\/vitablanca.ma\\\/#organization\",\"name\":\"VitaBlanca\",\"url\":\"https:\\\/\\\/vitablanca.ma\\\/\",\"logo\":{\"@type\":\"ImageObject\",\"inLanguage\":\"en-US\",\"@id\":\"https:\\\/\\\/vitablanca.ma\\\/#\\\/schema\\\/logo\\\/image\\\/\",\"url\":\"https:\\\/\\\/vitablanca.ma\\\/wp-content\\\/uploads\\\/2025\\\/05\\\/cropped-vitablanca.png\",\"contentUrl\":\"https:\\\/\\\/vitablanca.ma\\\/wp-content\\\/uploads\\\/2025\\\/05\\\/cropped-vitablanca.png\",\"width\":360,\"height\":67,\"caption\":\"VitaBlanca\"},\"image\":{\"@id\":\"https:\\\/\\\/vitablanca.ma\\\/#\\\/schema\\\/logo\\\/image\\\/\"},\"sameAs\":[\"https:\\\/\\\/www.facebook.com\\\/profile.php?id=61576678196717\",\"https:\\\/\\\/www.tiktok.com\\\/@vitablanca.ma\",\"https:\\\/\\\/www.instagram.com\\\/vitablanca.ma\\\/\"]}]}<\/script>\n<!-- \/ Yoast SEO plugin. -->","yoast_head_json":{"title":"Est\u00e9e Lauder - Advanced Night Repair Synchronized Multi-Repair Complex Serum - Morocco Price","description":"Est\u00e9e Lauder - Advanced Night Repair Synchronized Multi-Repair Complex Serum","robots":{"index":"index","follow":"follow","max-snippet":"max-snippet:-1","max-image-preview":"max-image-preview:large","max-video-preview":"max-video-preview:-1"},"canonical":"https:\/\/vitablanca.ma\/en\/product\/estee-lauder-advanced-night-repair-serum-complexe-multi-reparation-synchronisee\/","og_locale":"en_US","og_type":"article","og_title":"Est\u00e9e Lauder - Advanced Night Repair S\u00e9rum Complexe Multi-R\u00e9paration Synchronis\u00e9e - Maroc Prix","og_description":"Est\u00e9e Lauder - Advanced Night Repair S\u00e9rum Complexe Multi-R\u00e9paration Synchronis\u00e9e","og_url":"https:\/\/vitablanca.ma\/en\/product\/estee-lauder-advanced-night-repair-serum-complexe-multi-reparation-synchronisee\/","og_site_name":"Vitablanca.ma &ndash; Sant&eacute;, vitalit&eacute; et bien-&ecirc;tre pour tous les Marocains","article_publisher":"https:\/\/www.facebook.com\/profile.php?id=61576678196717","article_modified_time":"2025-08-16T17:57:03+00:00","og_image":[{"width":800,"height":800,"url":"https:\/\/vitablanca.ma\/wp-content\/uploads\/2025\/05\/Estee-Lauder-advanced-night-repair_6ff645e2-f377-4731-8dbd-3f1b28569fc6.jpg","type":"image\/jpeg"}],"twitter_card":"summary_large_image","twitter_misc":{"Est. reading time":"1 minute"},"schema":{"@context":"https:\/\/schema.org","@graph":[{"@type":["WebPage","ItemPage"],"@id":"https:\/\/vitablanca.ma\/produit\/estee-lauder-advanced-night-repair-serum-complexe-multi-reparation-synchronisee\/","url":"https:\/\/vitablanca.ma\/produit\/estee-lauder-advanced-night-repair-serum-complexe-multi-reparation-synchronisee\/","name":"Est\u00e9e Lauder - Advanced Night Repair Synchronized Multi-Repair Complex Serum - Morocco Price","isPartOf":{"@id":"https:\/\/vitablanca.ma\/#website"},"primaryImageOfPage":{"@id":"https:\/\/vitablanca.ma\/produit\/estee-lauder-advanced-night-repair-serum-complexe-multi-reparation-synchronisee\/#primaryimage"},"image":{"@id":"https:\/\/vitablanca.ma\/produit\/estee-lauder-advanced-night-repair-serum-complexe-multi-reparation-synchronisee\/#primaryimage"},"thumbnailUrl":"https:\/\/vitablanca.ma\/wp-content\/uploads\/2025\/05\/Estee-Lauder-advanced-night-repair_6ff645e2-f377-4731-8dbd-3f1b28569fc6.jpg","datePublished":"2025-05-28T19:46:18+00:00","dateModified":"2025-08-16T17:57:03+00:00","description":"Est\u00e9e Lauder - Advanced Night Repair Synchronized Multi-Repair Complex Serum","breadcrumb":{"@id":"https:\/\/vitablanca.ma\/produit\/estee-lauder-advanced-night-repair-serum-complexe-multi-reparation-synchronisee\/#breadcrumb"},"inLanguage":"en-US","potentialAction":[{"@type":"ReadAction","target":["https:\/\/vitablanca.ma\/produit\/estee-lauder-advanced-night-repair-serum-complexe-multi-reparation-synchronisee\/"]}]},{"@type":"ImageObject","inLanguage":"en-US","@id":"https:\/\/vitablanca.ma\/produit\/estee-lauder-advanced-night-repair-serum-complexe-multi-reparation-synchronisee\/#primaryimage","url":"https:\/\/vitablanca.ma\/wp-content\/uploads\/2025\/05\/Estee-Lauder-advanced-night-repair_6ff645e2-f377-4731-8dbd-3f1b28569fc6.jpg","contentUrl":"https:\/\/vitablanca.ma\/wp-content\/uploads\/2025\/05\/Estee-Lauder-advanced-night-repair_6ff645e2-f377-4731-8dbd-3f1b28569fc6.jpg","width":800,"height":800},{"@type":"BreadcrumbList","@id":"https:\/\/vitablanca.ma\/produit\/estee-lauder-advanced-night-repair-serum-complexe-multi-reparation-synchronisee\/#breadcrumb","itemListElement":[{"@type":"ListItem","position":1,"name":"Home","item":"https:\/\/vitablanca.ma\/"},{"@type":"ListItem","position":2,"name":"Tous Les Produits","item":"https:\/\/vitablanca.ma\/tous-les-produits\/"},{"@type":"ListItem","position":3,"name":"Est\u00e9e Lauder &#8211; Advanced Night Repair S\u00e9rum Complexe Multi-R\u00e9paration Synchronis\u00e9e"}]},{"@type":"WebSite","@id":"https:\/\/vitablanca.ma\/#website","url":"https:\/\/vitablanca.ma\/","name":"VitaBlanca.ma | Food supplements, health &amp; beauty in Morocco","description":"sell premium vitamins and supplements from USA &amp; Canada, New Zealand, Morocco (NOW Foods, Solgar, Manuka). Fast delivery anywhere in Morocco.","publisher":{"@id":"https:\/\/vitablanca.ma\/#organization"},"alternateName":"VitaBlanca.ma","potentialAction":[{"@type":"SearchAction","target":{"@type":"EntryPoint","urlTemplate":"https:\/\/vitablanca.ma\/?s={search_term_string}"},"query-input":{"@type":"PropertyValueSpecification","valueRequired":true,"valueName":"search_term_string"}}],"inLanguage":"en-US"},{"@type":"Organization","@id":"https:\/\/vitablanca.ma\/#organization","name":"VitaBlanca","url":"https:\/\/vitablanca.ma\/","logo":{"@type":"ImageObject","inLanguage":"en-US","@id":"https:\/\/vitablanca.ma\/#\/schema\/logo\/image\/","url":"https:\/\/vitablanca.ma\/wp-content\/uploads\/2025\/05\/cropped-vitablanca.png","contentUrl":"https:\/\/vitablanca.ma\/wp-content\/uploads\/2025\/05\/cropped-vitablanca.png","width":360,"height":67,"caption":"VitaBlanca"},"image":{"@id":"https:\/\/vitablanca.ma\/#\/schema\/logo\/image\/"},"sameAs":["https:\/\/www.facebook.com\/profile.php?id=61576678196717","https:\/\/www.tiktok.com\/@vitablanca.ma","https:\/\/www.instagram.com\/vitablanca.ma\/"]}]}},"jetpack_sharing_enabled":true,"_links":{"self":[{"href":"https:\/\/vitablanca.ma\/en\/wp-json\/wp\/v2\/product\/10394","targetHints":{"allow":["GET"]}}],"collection":[{"href":"https:\/\/vitablanca.ma\/en\/wp-json\/wp\/v2\/product"}],"about":[{"href":"https:\/\/vitablanca.ma\/en\/wp-json\/wp\/v2\/types\/product"}],"wp:featuredmedia":[{"embeddable":true,"href":"https:\/\/vitablanca.ma\/en\/wp-json\/wp\/v2\/media\/10393"}],"wp:attachment":[{"href":"https:\/\/vitablanca.ma\/en\/wp-json\/wp\/v2\/media?parent=10394"}],"wp:term":[{"taxonomy":"product_brand","embeddable":true,"href":"https:\/\/vitablanca.ma\/en\/wp-json\/wp\/v2\/product_brand?post=10394"},{"taxonomy":"product_cat","embeddable":true,"href":"https:\/\/vitablanca.ma\/en\/wp-json\/wp\/v2\/product_cat?post=10394"},{"taxonomy":"product_tag","embeddable":true,"href":"https:\/\/vitablanca.ma\/en\/wp-json\/wp\/v2\/product_tag?post=10394"}],"curies":[{"name":"wp","href":"https:\/\/api.w.org\/{rel}","templated":true}]}}