{"id":10387,"date":"2025-05-28T19:45:35","date_gmt":"2025-05-28T19:45:35","guid":{"rendered":"https:\/\/vitablanca.ma\/product\/lancome-genifique-creme-activatrice-de-jeunesse-testeur\/"},"modified":"2025-05-28T19:55:37","modified_gmt":"2025-05-28T19:55:37","slug":"lancome-genifique-creme-activatrice-de-jeunesse-testeur","status":"publish","type":"product","link":"https:\/\/vitablanca.ma\/en\/product\/lancome-genifique-creme-activatrice-de-jeunesse-testeur\/","title":{"rendered":"Lanc\u00f4me G\u00c9NIFIQUE youth activating cream TESTER"},"content":{"rendered":"<p>Lanc\u00f4me G\u00c9NIFIQUE Youth Activating Cream. A youth-activating day cream for all skin types.<\/p>\n<div><\/div>\n<div>Lanc\u00f4me Laboratories drew inspiration from its iconic serum to present this cream. Its texture is velvety and enriched with smoothing active ingredients.<\/div>\n<div><\/div>\n<div>Activates the youthful appearance of the skin, leaving it smoother, brighter, and more radiant. This cream leaves an enveloping feeling of comfort, with fresh and protected skin.<\/div>\n<div><\/div>\n<div>This product is indicated for daily use on duller skin, with fine lines and wrinkles and which has lost its elasticity and firmness.<\/div>","protected":false},"excerpt":{"rendered":"<p>G\u00c9NIFIQUE Cr\u00e8me Activatrice de Jeunesse de Lanc\u00f4me. Une cr\u00e8me de jour activatrice de jeunesse pour tous les types de peau. Les laboratoires Lanc\u00f4me s&rsquo;inspirent de son s\u00e9rum embl\u00e9matique pour pr\u00e9senter cette cr\u00e8me. Sa texture est velout\u00e9e et est enrichie des actifs de lissage. Active l&rsquo;apparence juv\u00e9nile de la peau, la laissant plus lisse, plus lumineuse [&hellip;]<\/p>\n","protected":false},"featured_media":10384,"template":"","meta":{"om_disable_all_campaigns":false},"product_brand":[],"product_cat":[18,15,1186],"product_tag":[],"class_list":{"0":"post-10387","1":"product","2":"type-product","3":"status-publish","4":"has-post-thumbnail","6":"product_cat-beaute-sante","7":"product_cat-beaute-sante-complements-alimentaires-soins-et-bien-etre-au-meilleur-prix","8":"product_cat-visage","10":"first","11":"instock","12":"taxable","13":"shipping-taxable","14":"purchasable","15":"product-type-simple"},"yoast_head":"<!-- This site is optimized with the Yoast SEO plugin v27.3 - https:\/\/yoast.com\/product\/yoast-seo-wordpress\/ -->\n<title>Lanc\u00f4me G\u00c9NIFIQUE cr\u00e8me activatrice de jeunesse TESTEUR - Maroc Prix<\/title>\n<meta name=\"description\" content=\"Lanc\u00f4me G\u00c9NIFIQUE cr\u00e8me activatrice de jeunesse TESTEUR\" \/>\n<meta name=\"robots\" content=\"index, follow, max-snippet:-1, max-image-preview:large, max-video-preview:-1\" \/>\n<link rel=\"canonical\" href=\"https:\/\/vitablanca.ma\/en\/product\/lancome-genifique-creme-activatrice-de-jeunesse-testeur\/\" \/>\n<meta property=\"og:locale\" content=\"en_US\" \/>\n<meta property=\"og:type\" content=\"article\" \/>\n<meta property=\"og:title\" content=\"Lanc\u00f4me G\u00c9NIFIQUE cr\u00e8me activatrice de jeunesse TESTEUR - Maroc Prix\" \/>\n<meta property=\"og:description\" content=\"Lanc\u00f4me G\u00c9NIFIQUE cr\u00e8me activatrice de jeunesse TESTEUR\" \/>\n<meta property=\"og:url\" content=\"https:\/\/vitablanca.ma\/en\/product\/lancome-genifique-creme-activatrice-de-jeunesse-testeur\/\" \/>\n<meta property=\"og:site_name\" content=\"Vitablanca.ma &ndash; Sant&eacute;, vitalit&eacute; et bien-&ecirc;tre pour tous les Marocains\" \/>\n<meta property=\"article:publisher\" content=\"https:\/\/www.facebook.com\/profile.php?id=61576678196717\" \/>\n<meta property=\"article:modified_time\" content=\"2025-05-28T19:55:37+00:00\" \/>\n<meta property=\"og:image\" content=\"https:\/\/vitablanca.ma\/wp-content\/uploads\/2025\/05\/193873_swatch.png\" \/>\n\t<meta property=\"og:image:width\" content=\"650\" \/>\n\t<meta property=\"og:image:height\" content=\"650\" \/>\n\t<meta property=\"og:image:type\" content=\"image\/png\" \/>\n<meta name=\"twitter:card\" content=\"summary_large_image\" \/>\n<meta name=\"twitter:label1\" content=\"Est. reading time\" \/>\n\t<meta name=\"twitter:data1\" content=\"1 minute\" \/>\n<script type=\"application\/ld+json\" class=\"yoast-schema-graph\">{\"@context\":\"https:\\\/\\\/schema.org\",\"@graph\":[{\"@type\":[\"WebPage\",\"ItemPage\"],\"@id\":\"https:\\\/\\\/vitablanca.ma\\\/produit\\\/lancome-genifique-creme-activatrice-de-jeunesse-testeur\\\/\",\"url\":\"https:\\\/\\\/vitablanca.ma\\\/produit\\\/lancome-genifique-creme-activatrice-de-jeunesse-testeur\\\/\",\"name\":\"Lanc\u00f4me G\u00c9NIFIQUE cr\u00e8me activatrice de jeunesse TESTEUR - Maroc Prix\",\"isPartOf\":{\"@id\":\"https:\\\/\\\/vitablanca.ma\\\/#website\"},\"primaryImageOfPage\":{\"@id\":\"https:\\\/\\\/vitablanca.ma\\\/produit\\\/lancome-genifique-creme-activatrice-de-jeunesse-testeur\\\/#primaryimage\"},\"image\":{\"@id\":\"https:\\\/\\\/vitablanca.ma\\\/produit\\\/lancome-genifique-creme-activatrice-de-jeunesse-testeur\\\/#primaryimage\"},\"thumbnailUrl\":\"https:\\\/\\\/vitablanca.ma\\\/wp-content\\\/uploads\\\/2025\\\/05\\\/193873_swatch.png\",\"datePublished\":\"2025-05-28T19:45:35+00:00\",\"dateModified\":\"2025-05-28T19:55:37+00:00\",\"description\":\"Lanc\u00f4me G\u00c9NIFIQUE cr\u00e8me activatrice de jeunesse TESTEUR\",\"breadcrumb\":{\"@id\":\"https:\\\/\\\/vitablanca.ma\\\/produit\\\/lancome-genifique-creme-activatrice-de-jeunesse-testeur\\\/#breadcrumb\"},\"inLanguage\":\"en-US\",\"potentialAction\":[{\"@type\":\"ReadAction\",\"target\":[\"https:\\\/\\\/vitablanca.ma\\\/produit\\\/lancome-genifique-creme-activatrice-de-jeunesse-testeur\\\/\"]}]},{\"@type\":\"ImageObject\",\"inLanguage\":\"en-US\",\"@id\":\"https:\\\/\\\/vitablanca.ma\\\/produit\\\/lancome-genifique-creme-activatrice-de-jeunesse-testeur\\\/#primaryimage\",\"url\":\"https:\\\/\\\/vitablanca.ma\\\/wp-content\\\/uploads\\\/2025\\\/05\\\/193873_swatch.png\",\"contentUrl\":\"https:\\\/\\\/vitablanca.ma\\\/wp-content\\\/uploads\\\/2025\\\/05\\\/193873_swatch.png\",\"width\":650,\"height\":650},{\"@type\":\"BreadcrumbList\",\"@id\":\"https:\\\/\\\/vitablanca.ma\\\/produit\\\/lancome-genifique-creme-activatrice-de-jeunesse-testeur\\\/#breadcrumb\",\"itemListElement\":[{\"@type\":\"ListItem\",\"position\":1,\"name\":\"Home\",\"item\":\"https:\\\/\\\/vitablanca.ma\\\/\"},{\"@type\":\"ListItem\",\"position\":2,\"name\":\"Tous Les Produits\",\"item\":\"https:\\\/\\\/vitablanca.ma\\\/tous-les-produits\\\/\"},{\"@type\":\"ListItem\",\"position\":3,\"name\":\"Lanc\u00f4me G\u00c9NIFIQUE cr\u00e8me activatrice de jeunesse TESTEUR\"}]},{\"@type\":\"WebSite\",\"@id\":\"https:\\\/\\\/vitablanca.ma\\\/#website\",\"url\":\"https:\\\/\\\/vitablanca.ma\\\/\",\"name\":\"VitaBlanca.ma | Compl\u00e9ments alimentaires, sant\u00e9 & beaut\u00e9 au Maroc\",\"description\":\"vendre vitamines et compl\u00e9ments premium des USA &amp; Canada, Nouvelle Z\u00e9lande,Maroc (NOW Foods, Solgar, Manuka). Livraison rapide partout au Maroc.\",\"publisher\":{\"@id\":\"https:\\\/\\\/vitablanca.ma\\\/#organization\"},\"alternateName\":\"VitaBlanca.ma\",\"potentialAction\":[{\"@type\":\"SearchAction\",\"target\":{\"@type\":\"EntryPoint\",\"urlTemplate\":\"https:\\\/\\\/vitablanca.ma\\\/?s={search_term_string}\"},\"query-input\":{\"@type\":\"PropertyValueSpecification\",\"valueRequired\":true,\"valueName\":\"search_term_string\"}}],\"inLanguage\":\"en-US\"},{\"@type\":\"Organization\",\"@id\":\"https:\\\/\\\/vitablanca.ma\\\/#organization\",\"name\":\"VitaBlanca\",\"url\":\"https:\\\/\\\/vitablanca.ma\\\/\",\"logo\":{\"@type\":\"ImageObject\",\"inLanguage\":\"en-US\",\"@id\":\"https:\\\/\\\/vitablanca.ma\\\/#\\\/schema\\\/logo\\\/image\\\/\",\"url\":\"https:\\\/\\\/vitablanca.ma\\\/wp-content\\\/uploads\\\/2025\\\/05\\\/cropped-vitablanca.png\",\"contentUrl\":\"https:\\\/\\\/vitablanca.ma\\\/wp-content\\\/uploads\\\/2025\\\/05\\\/cropped-vitablanca.png\",\"width\":360,\"height\":67,\"caption\":\"VitaBlanca\"},\"image\":{\"@id\":\"https:\\\/\\\/vitablanca.ma\\\/#\\\/schema\\\/logo\\\/image\\\/\"},\"sameAs\":[\"https:\\\/\\\/www.facebook.com\\\/profile.php?id=61576678196717\",\"https:\\\/\\\/www.tiktok.com\\\/@vitablanca.ma\",\"https:\\\/\\\/www.instagram.com\\\/vitablanca.ma\\\/\"]}]}<\/script>\n<!-- \/ Yoast SEO plugin. -->","yoast_head_json":{"title":"Lanc\u00f4me G\u00c9NIFIQUE youth activating cream TESTER - Morocco Price","description":"Lanc\u00f4me G\u00c9NIFIQUE youth activating cream TESTER","robots":{"index":"index","follow":"follow","max-snippet":"max-snippet:-1","max-image-preview":"max-image-preview:large","max-video-preview":"max-video-preview:-1"},"canonical":"https:\/\/vitablanca.ma\/en\/product\/lancome-genifique-creme-activatrice-de-jeunesse-testeur\/","og_locale":"en_US","og_type":"article","og_title":"Lanc\u00f4me G\u00c9NIFIQUE cr\u00e8me activatrice de jeunesse TESTEUR - Maroc Prix","og_description":"Lanc\u00f4me G\u00c9NIFIQUE cr\u00e8me activatrice de jeunesse TESTEUR","og_url":"https:\/\/vitablanca.ma\/en\/product\/lancome-genifique-creme-activatrice-de-jeunesse-testeur\/","og_site_name":"Vitablanca.ma &ndash; Sant&eacute;, vitalit&eacute; et bien-&ecirc;tre pour tous les Marocains","article_publisher":"https:\/\/www.facebook.com\/profile.php?id=61576678196717","article_modified_time":"2025-05-28T19:55:37+00:00","og_image":[{"width":650,"height":650,"url":"https:\/\/vitablanca.ma\/wp-content\/uploads\/2025\/05\/193873_swatch.png","type":"image\/png"}],"twitter_card":"summary_large_image","twitter_misc":{"Est. reading time":"1 minute"},"schema":{"@context":"https:\/\/schema.org","@graph":[{"@type":["WebPage","ItemPage"],"@id":"https:\/\/vitablanca.ma\/produit\/lancome-genifique-creme-activatrice-de-jeunesse-testeur\/","url":"https:\/\/vitablanca.ma\/produit\/lancome-genifique-creme-activatrice-de-jeunesse-testeur\/","name":"Lanc\u00f4me G\u00c9NIFIQUE youth activating cream TESTER - Morocco Price","isPartOf":{"@id":"https:\/\/vitablanca.ma\/#website"},"primaryImageOfPage":{"@id":"https:\/\/vitablanca.ma\/produit\/lancome-genifique-creme-activatrice-de-jeunesse-testeur\/#primaryimage"},"image":{"@id":"https:\/\/vitablanca.ma\/produit\/lancome-genifique-creme-activatrice-de-jeunesse-testeur\/#primaryimage"},"thumbnailUrl":"https:\/\/vitablanca.ma\/wp-content\/uploads\/2025\/05\/193873_swatch.png","datePublished":"2025-05-28T19:45:35+00:00","dateModified":"2025-05-28T19:55:37+00:00","description":"Lanc\u00f4me G\u00c9NIFIQUE youth activating cream TESTER","breadcrumb":{"@id":"https:\/\/vitablanca.ma\/produit\/lancome-genifique-creme-activatrice-de-jeunesse-testeur\/#breadcrumb"},"inLanguage":"en-US","potentialAction":[{"@type":"ReadAction","target":["https:\/\/vitablanca.ma\/produit\/lancome-genifique-creme-activatrice-de-jeunesse-testeur\/"]}]},{"@type":"ImageObject","inLanguage":"en-US","@id":"https:\/\/vitablanca.ma\/produit\/lancome-genifique-creme-activatrice-de-jeunesse-testeur\/#primaryimage","url":"https:\/\/vitablanca.ma\/wp-content\/uploads\/2025\/05\/193873_swatch.png","contentUrl":"https:\/\/vitablanca.ma\/wp-content\/uploads\/2025\/05\/193873_swatch.png","width":650,"height":650},{"@type":"BreadcrumbList","@id":"https:\/\/vitablanca.ma\/produit\/lancome-genifique-creme-activatrice-de-jeunesse-testeur\/#breadcrumb","itemListElement":[{"@type":"ListItem","position":1,"name":"Home","item":"https:\/\/vitablanca.ma\/"},{"@type":"ListItem","position":2,"name":"Tous Les Produits","item":"https:\/\/vitablanca.ma\/tous-les-produits\/"},{"@type":"ListItem","position":3,"name":"Lanc\u00f4me G\u00c9NIFIQUE cr\u00e8me activatrice de jeunesse TESTEUR"}]},{"@type":"WebSite","@id":"https:\/\/vitablanca.ma\/#website","url":"https:\/\/vitablanca.ma\/","name":"VitaBlanca.ma | Food supplements, health &amp; beauty in Morocco","description":"sell premium vitamins and supplements from USA &amp; Canada, New Zealand, Morocco (NOW Foods, Solgar, Manuka). Fast delivery anywhere in Morocco.","publisher":{"@id":"https:\/\/vitablanca.ma\/#organization"},"alternateName":"VitaBlanca.ma","potentialAction":[{"@type":"SearchAction","target":{"@type":"EntryPoint","urlTemplate":"https:\/\/vitablanca.ma\/?s={search_term_string}"},"query-input":{"@type":"PropertyValueSpecification","valueRequired":true,"valueName":"search_term_string"}}],"inLanguage":"en-US"},{"@type":"Organization","@id":"https:\/\/vitablanca.ma\/#organization","name":"VitaBlanca","url":"https:\/\/vitablanca.ma\/","logo":{"@type":"ImageObject","inLanguage":"en-US","@id":"https:\/\/vitablanca.ma\/#\/schema\/logo\/image\/","url":"https:\/\/vitablanca.ma\/wp-content\/uploads\/2025\/05\/cropped-vitablanca.png","contentUrl":"https:\/\/vitablanca.ma\/wp-content\/uploads\/2025\/05\/cropped-vitablanca.png","width":360,"height":67,"caption":"VitaBlanca"},"image":{"@id":"https:\/\/vitablanca.ma\/#\/schema\/logo\/image\/"},"sameAs":["https:\/\/www.facebook.com\/profile.php?id=61576678196717","https:\/\/www.tiktok.com\/@vitablanca.ma","https:\/\/www.instagram.com\/vitablanca.ma\/"]}]}},"jetpack_sharing_enabled":true,"_links":{"self":[{"href":"https:\/\/vitablanca.ma\/en\/wp-json\/wp\/v2\/product\/10387","targetHints":{"allow":["GET"]}}],"collection":[{"href":"https:\/\/vitablanca.ma\/en\/wp-json\/wp\/v2\/product"}],"about":[{"href":"https:\/\/vitablanca.ma\/en\/wp-json\/wp\/v2\/types\/product"}],"wp:featuredmedia":[{"embeddable":true,"href":"https:\/\/vitablanca.ma\/en\/wp-json\/wp\/v2\/media\/10384"}],"wp:attachment":[{"href":"https:\/\/vitablanca.ma\/en\/wp-json\/wp\/v2\/media?parent=10387"}],"wp:term":[{"taxonomy":"product_brand","embeddable":true,"href":"https:\/\/vitablanca.ma\/en\/wp-json\/wp\/v2\/product_brand?post=10387"},{"taxonomy":"product_cat","embeddable":true,"href":"https:\/\/vitablanca.ma\/en\/wp-json\/wp\/v2\/product_cat?post=10387"},{"taxonomy":"product_tag","embeddable":true,"href":"https:\/\/vitablanca.ma\/en\/wp-json\/wp\/v2\/product_tag?post=10387"}],"curies":[{"name":"wp","href":"https:\/\/api.w.org\/{rel}","templated":true}]}}