{"id":10374,"date":"2025-05-28T19:44:50","date_gmt":"2025-05-28T19:44:50","guid":{"rendered":"https:\/\/vitablanca.ma\/product\/caudalie-trio-cremes-mains-hydratation\/"},"modified":"2025-05-28T19:55:38","modified_gmt":"2025-05-28T19:55:38","slug":"caudalie-trio-cremes-mains-hydratation","status":"publish","type":"product","link":"https:\/\/vitablanca.ma\/en\/product\/caudalie-trio-cremes-mains-hydratation\/","title":{"rendered":"CAUDALIE Trio Hydrating Hand Creams"},"content":{"rendered":"<div data-v-3062a9da=\"\" class=\"font-light mt-2\" data-mce-fragment=\"1\">\n<strong data-mce-fragment=\"1\">Qu\u2019est-ce que c\u2019est ?<\/strong><\/p>\n<div data-mce-fragment=\"1\">Find in this box: the Hand and Nail Repair Cream in 30 mL travel size and available in 3 different fragrances to accompany you throughout the seasons.<br data-mce-fragment=\"1\"><br data-mce-fragment=\"1\">Vinotherapist\u2122 Hand and Nail Repair Cream 30 mL<br data-mce-fragment=\"1\">It nourishes and repairs dry hands without leaving them greasy, while protecting them from dehydration and external aggressions. Feelings of tightness are soothed, the skin is softer, and nails and cuticles are strengthened.<br data-mce-fragment=\"1\"><br data-mce-fragment=\"1\">Th\u00e9 des Vignes Hand and Nail Repair Cream 30 mL<br data-mce-fragment=\"1\">This version leaves the skin delicately scented with our iconic Th\u00e9 des Vignes fragrance, with notes of white musk, neroli and ginger.<br data-mce-fragment=\"1\"><br data-mce-fragment=\"1\">Rose Vine Hand and Nail Repair Cream 30 mL<br data-mce-fragment=\"1\">It recalls the vegetal freshness of vine rose in the early morning, whose scent blends with the tangy notes of rhubarb.<\/div>\n<\/div>\n<div data-v-3062a9da=\"\" class=\"font-light mt-2\" data-mce-fragment=\"1\">\n<strong data-mce-fragment=\"1\">Skin type<span data-mce-fragment=\"1\">\u00a0<\/span><span data-mce-fragment=\"1\">:<\/span><\/strong><span data-mce-fragment=\"1\">\u00a0<\/span><span data-mce-fragment=\"1\">Normal skin<\/span>\n<\/div>\n<div data-v-3062a9da=\"\" class=\"font-light mt-2\" data-mce-fragment=\"1\">\n<strong data-mce-fragment=\"1\">Need<span data-mce-fragment=\"1\">\u00a0<\/span><span data-mce-fragment=\"1\">:<\/span><\/strong><span data-mce-fragment=\"1\">\u00a0<\/span><span data-mce-fragment=\"1\">Body hydration<\/span>\n<\/div>\n<div data-v-3062a9da=\"\" class=\"font-light mt-2\" data-mce-fragment=\"1\">\n<strong data-mce-fragment=\"1\">Key ingredients<span data-mce-fragment=\"1\">\u00a0<\/span><span data-mce-fragment=\"1\">:<\/span><\/strong><span data-mce-fragment=\"1\">\u00a0<\/span><span data-mce-fragment=\"1\">Grape seed oil, Shea butter, Polyphenols<\/span>\n<\/div>\n<div data-v-3062a9da=\"\" class=\"font-light mt-2\" data-mce-fragment=\"1\">\n<strong data-mce-fragment=\"1\">Use<span data-mce-fragment=\"1\">\u00a0<\/span><span data-mce-fragment=\"1\">:<\/span><\/strong><span data-mce-fragment=\"1\">\u00a0<\/span><span data-mce-fragment=\"1\">Day<\/span>\n<\/div>\n<div data-v-98db405a=\"\" data-v-3062a9da=\"\" data-mce-fragment=\"1\">\n<div data-v-98db405a=\"\" class=\"relative\" data-mce-fragment=\"1\">\n<div data-v-98db405a=\"\" class=\"absolute bottom-0 left-0 w-full see-more-block-backdrop\" data-mce-fragment=\"1\"><br data-mce-fragment=\"1\"><\/div>\n<div data-v-98db405a=\"\" class=\"overflow-auto\" data-mce-fragment=\"1\">\n<div data-mce-fragment=\"1\">\n<div data-v-3062a9da=\"\" class=\"font-light mt-2\" data-mce-fragment=\"1\">\n<strong data-mce-fragment=\"1\">Formula:<\/strong><\/p>\n<ul class=\"list-disc list-inside\" data-mce-fragment=\"1\">\n<li data-mce-fragment=\"1\">98% of naturally derived ingredients<\/li>\n<li data-mce-fragment=\"1\">Vegan<\/li>\n<li data-mce-fragment=\"1\">Suitable for all skin types<\/li>\n<\/ul>\n<\/div>\n<div data-v-3062a9da=\"\" class=\"font-light mt-2\" data-mce-fragment=\"1\">\n<strong data-mce-fragment=\"1\">Visible results<\/strong><\/p>\n<ul class=\"list-disc list-inside\" data-mce-fragment=\"1\">\n<li data-mce-fragment=\"1\">\n<\/li>\n<li data-mce-fragment=\"1\">\n<\/li>\n<li data-mce-fragment=\"1\">\n<\/li>\n<\/ul>\n<p data-mce-fragment=\"1\">100% of women found the feeling of tightness was reduced* *Clinical trial, % of satisfaction, 20 volunteers, 21 days.<\/p>\n<\/div>\n<div data-v-3062a9da=\"\" class=\"font-light mt-2\" data-mce-fragment=\"1\">\n<strong data-mce-fragment=\"1\">Did you know?<\/strong><\/p>\n<div data-mce-fragment=\"1\">Nos Cr\u00e8mes R\u00e9paratrices Mains et Ongles sont enrichies d\u2019un duo lipidique d\u2019huile d\u2019avocat et d\u2019huile d\u2019olive tr\u00e8s nutritifs pour la peau qui r\u00e9duit l\u2019inconfort et pr\u00e9vient de la d\u00e9shydratation.<\/div>\n<\/div>\n<div data-v-3062a9da=\"\" class=\"font-light mt-2\" data-mce-fragment=\"1\">\n<strong data-mce-fragment=\"1\">Eco-responsible Commitment<\/strong><\/p>\n<div data-mce-fragment=\"1\">\n<p data-mce-fragment=\"1\"><br data-mce-fragment=\"1\">This box is eco-designed, zero-plastic and 100% recyclable.* It was made with paper from sustainably managed forests and printed with vegetable-based inks.<\/p>\n<\/div>\n<\/div>\n<\/div>\n<\/div>\n<\/div>\n<\/div>","protected":false},"excerpt":{"rendered":"<p>Qu\u2019est-ce que c\u2019est ? Retrouvez dans ce coffret : la Cr\u00e8me R\u00e9paratrice Mains et Ongles en format voyage 30 mL et d\u00e9clin\u00e9e dans 3 parfums diff\u00e9rents pour vous accompagner au fil des saisons.La Cr\u00e8me R\u00e9paratrice Mains et Ongles Vinotherapist\u2122 30 mLElle nourrit et r\u00e9pare les mains s\u00e8ches sans effet gras, tout en les prot\u00e9geant de [&hellip;]<\/p>\n","protected":false},"featured_media":10370,"template":"","meta":{"om_disable_all_campaigns":false},"product_brand":[],"product_cat":[18,15,1186],"product_tag":[],"class_list":{"0":"post-10374","1":"product","2":"type-product","3":"status-publish","4":"has-post-thumbnail","6":"product_cat-beaute-sante","7":"product_cat-beaute-sante-complements-alimentaires-soins-et-bien-etre-au-meilleur-prix","8":"product_cat-visage","10":"first","11":"instock","12":"taxable","13":"shipping-taxable","14":"purchasable","15":"product-type-simple"},"yoast_head":"<!-- This site is optimized with the Yoast SEO plugin v27.5 - https:\/\/yoast.com\/product\/yoast-seo-wordpress\/ -->\n<title>CAUDALIE Trio Cr\u00e8mes Mains Hydratation - Maroc Prix<\/title>\n<meta name=\"description\" content=\"CAUDALIE Trio Cr\u00e8mes Mains Hydratation\" \/>\n<meta name=\"robots\" content=\"index, follow, max-snippet:-1, max-image-preview:large, max-video-preview:-1\" \/>\n<link rel=\"canonical\" href=\"https:\/\/vitablanca.ma\/en\/product\/caudalie-trio-cremes-mains-hydratation\/\" \/>\n<meta property=\"og:locale\" content=\"en_US\" \/>\n<meta property=\"og:type\" content=\"article\" \/>\n<meta property=\"og:title\" content=\"CAUDALIE Trio Cr\u00e8mes Mains Hydratation - Maroc Prix\" \/>\n<meta property=\"og:description\" content=\"CAUDALIE Trio Cr\u00e8mes Mains Hydratation\" \/>\n<meta property=\"og:url\" content=\"https:\/\/vitablanca.ma\/en\/product\/caudalie-trio-cremes-mains-hydratation\/\" \/>\n<meta property=\"og:site_name\" content=\"Vitablanca.ma &ndash; Sant&eacute;, vitalit&eacute; et bien-&ecirc;tre pour tous les Marocains\" \/>\n<meta property=\"article:publisher\" content=\"https:\/\/www.facebook.com\/profile.php?id=61576678196717\" \/>\n<meta property=\"article:modified_time\" content=\"2025-05-28T19:55:38+00:00\" \/>\n<meta property=\"og:image\" content=\"https:\/\/vitablanca.ma\/wp-content\/uploads\/2025\/05\/3_holiday-gift-set-23_hands_set_edu_caudalie-fr.jpg\" \/>\n\t<meta property=\"og:image:width\" content=\"600\" \/>\n\t<meta property=\"og:image:height\" content=\"600\" \/>\n\t<meta property=\"og:image:type\" content=\"image\/jpeg\" \/>\n<meta name=\"twitter:card\" content=\"summary_large_image\" \/>\n<meta name=\"twitter:label1\" content=\"Est. reading time\" \/>\n\t<meta name=\"twitter:data1\" content=\"1 minute\" \/>\n<script type=\"application\/ld+json\" class=\"yoast-schema-graph\">{\"@context\":\"https:\\\/\\\/schema.org\",\"@graph\":[{\"@type\":[\"WebPage\",\"ItemPage\"],\"@id\":\"https:\\\/\\\/vitablanca.ma\\\/produit\\\/caudalie-trio-cremes-mains-hydratation\\\/\",\"url\":\"https:\\\/\\\/vitablanca.ma\\\/produit\\\/caudalie-trio-cremes-mains-hydratation\\\/\",\"name\":\"CAUDALIE Trio Cr\u00e8mes Mains Hydratation - Maroc Prix\",\"isPartOf\":{\"@id\":\"https:\\\/\\\/vitablanca.ma\\\/#website\"},\"primaryImageOfPage\":{\"@id\":\"https:\\\/\\\/vitablanca.ma\\\/produit\\\/caudalie-trio-cremes-mains-hydratation\\\/#primaryimage\"},\"image\":{\"@id\":\"https:\\\/\\\/vitablanca.ma\\\/produit\\\/caudalie-trio-cremes-mains-hydratation\\\/#primaryimage\"},\"thumbnailUrl\":\"https:\\\/\\\/vitablanca.ma\\\/wp-content\\\/uploads\\\/2025\\\/05\\\/3_holiday-gift-set-23_hands_set_edu_caudalie-fr.jpg\",\"datePublished\":\"2025-05-28T19:44:50+00:00\",\"dateModified\":\"2025-05-28T19:55:38+00:00\",\"description\":\"CAUDALIE Trio Cr\u00e8mes Mains Hydratation\",\"breadcrumb\":{\"@id\":\"https:\\\/\\\/vitablanca.ma\\\/produit\\\/caudalie-trio-cremes-mains-hydratation\\\/#breadcrumb\"},\"inLanguage\":\"en-US\",\"potentialAction\":[{\"@type\":\"ReadAction\",\"target\":[\"https:\\\/\\\/vitablanca.ma\\\/produit\\\/caudalie-trio-cremes-mains-hydratation\\\/\"]}]},{\"@type\":\"ImageObject\",\"inLanguage\":\"en-US\",\"@id\":\"https:\\\/\\\/vitablanca.ma\\\/produit\\\/caudalie-trio-cremes-mains-hydratation\\\/#primaryimage\",\"url\":\"https:\\\/\\\/vitablanca.ma\\\/wp-content\\\/uploads\\\/2025\\\/05\\\/3_holiday-gift-set-23_hands_set_edu_caudalie-fr.jpg\",\"contentUrl\":\"https:\\\/\\\/vitablanca.ma\\\/wp-content\\\/uploads\\\/2025\\\/05\\\/3_holiday-gift-set-23_hands_set_edu_caudalie-fr.jpg\",\"width\":600,\"height\":600},{\"@type\":\"BreadcrumbList\",\"@id\":\"https:\\\/\\\/vitablanca.ma\\\/produit\\\/caudalie-trio-cremes-mains-hydratation\\\/#breadcrumb\",\"itemListElement\":[{\"@type\":\"ListItem\",\"position\":1,\"name\":\"Home\",\"item\":\"https:\\\/\\\/vitablanca.ma\\\/\"},{\"@type\":\"ListItem\",\"position\":2,\"name\":\"Tous Les Produits\",\"item\":\"https:\\\/\\\/vitablanca.ma\\\/tous-les-produits\\\/\"},{\"@type\":\"ListItem\",\"position\":3,\"name\":\"CAUDALIE Trio Cr\u00e8mes Mains Hydratation\"}]},{\"@type\":\"WebSite\",\"@id\":\"https:\\\/\\\/vitablanca.ma\\\/#website\",\"url\":\"https:\\\/\\\/vitablanca.ma\\\/\",\"name\":\"VitaBlanca.ma | Compl\u00e9ments alimentaires, sant\u00e9 & beaut\u00e9 au Maroc\",\"description\":\"vendre vitamines et compl\u00e9ments premium des USA &amp; Canada, Nouvelle Z\u00e9lande,Maroc (NOW Foods, Solgar, Manuka). Livraison rapide partout au Maroc.\",\"publisher\":{\"@id\":\"https:\\\/\\\/vitablanca.ma\\\/#organization\"},\"alternateName\":\"VitaBlanca.ma\",\"potentialAction\":[{\"@type\":\"SearchAction\",\"target\":{\"@type\":\"EntryPoint\",\"urlTemplate\":\"https:\\\/\\\/vitablanca.ma\\\/?s={search_term_string}\"},\"query-input\":{\"@type\":\"PropertyValueSpecification\",\"valueRequired\":true,\"valueName\":\"search_term_string\"}}],\"inLanguage\":\"en-US\"},{\"@type\":\"Organization\",\"@id\":\"https:\\\/\\\/vitablanca.ma\\\/#organization\",\"name\":\"VitaBlanca\",\"url\":\"https:\\\/\\\/vitablanca.ma\\\/\",\"logo\":{\"@type\":\"ImageObject\",\"inLanguage\":\"en-US\",\"@id\":\"https:\\\/\\\/vitablanca.ma\\\/#\\\/schema\\\/logo\\\/image\\\/\",\"url\":\"https:\\\/\\\/vitablanca.ma\\\/wp-content\\\/uploads\\\/2025\\\/05\\\/cropped-vitablanca.png\",\"contentUrl\":\"https:\\\/\\\/vitablanca.ma\\\/wp-content\\\/uploads\\\/2025\\\/05\\\/cropped-vitablanca.png\",\"width\":360,\"height\":67,\"caption\":\"VitaBlanca\"},\"image\":{\"@id\":\"https:\\\/\\\/vitablanca.ma\\\/#\\\/schema\\\/logo\\\/image\\\/\"},\"sameAs\":[\"https:\\\/\\\/www.facebook.com\\\/profile.php?id=61576678196717\",\"https:\\\/\\\/www.tiktok.com\\\/@vitablanca.ma\",\"https:\\\/\\\/www.instagram.com\\\/vitablanca.ma\\\/\"]}]}<\/script>\n<!-- \/ Yoast SEO plugin. -->","yoast_head_json":{"title":"CAUDALIE Trio Hydrating Hand Creams - Morocco Price","description":"CAUDALIE Trio Hydrating Hand Creams","robots":{"index":"index","follow":"follow","max-snippet":"max-snippet:-1","max-image-preview":"max-image-preview:large","max-video-preview":"max-video-preview:-1"},"canonical":"https:\/\/vitablanca.ma\/en\/product\/caudalie-trio-cremes-mains-hydratation\/","og_locale":"en_US","og_type":"article","og_title":"CAUDALIE Trio Cr\u00e8mes Mains Hydratation - Maroc Prix","og_description":"CAUDALIE Trio Cr\u00e8mes Mains Hydratation","og_url":"https:\/\/vitablanca.ma\/en\/product\/caudalie-trio-cremes-mains-hydratation\/","og_site_name":"Vitablanca.ma &ndash; Sant&eacute;, vitalit&eacute; et bien-&ecirc;tre pour tous les Marocains","article_publisher":"https:\/\/www.facebook.com\/profile.php?id=61576678196717","article_modified_time":"2025-05-28T19:55:38+00:00","og_image":[{"width":600,"height":600,"url":"https:\/\/vitablanca.ma\/wp-content\/uploads\/2025\/05\/3_holiday-gift-set-23_hands_set_edu_caudalie-fr.jpg","type":"image\/jpeg"}],"twitter_card":"summary_large_image","twitter_misc":{"Est. reading time":"1 minute"},"schema":{"@context":"https:\/\/schema.org","@graph":[{"@type":["WebPage","ItemPage"],"@id":"https:\/\/vitablanca.ma\/produit\/caudalie-trio-cremes-mains-hydratation\/","url":"https:\/\/vitablanca.ma\/produit\/caudalie-trio-cremes-mains-hydratation\/","name":"CAUDALIE Trio Hydrating Hand Creams - Morocco Price","isPartOf":{"@id":"https:\/\/vitablanca.ma\/#website"},"primaryImageOfPage":{"@id":"https:\/\/vitablanca.ma\/produit\/caudalie-trio-cremes-mains-hydratation\/#primaryimage"},"image":{"@id":"https:\/\/vitablanca.ma\/produit\/caudalie-trio-cremes-mains-hydratation\/#primaryimage"},"thumbnailUrl":"https:\/\/vitablanca.ma\/wp-content\/uploads\/2025\/05\/3_holiday-gift-set-23_hands_set_edu_caudalie-fr.jpg","datePublished":"2025-05-28T19:44:50+00:00","dateModified":"2025-05-28T19:55:38+00:00","description":"CAUDALIE Trio Hydrating Hand Creams","breadcrumb":{"@id":"https:\/\/vitablanca.ma\/produit\/caudalie-trio-cremes-mains-hydratation\/#breadcrumb"},"inLanguage":"en-US","potentialAction":[{"@type":"ReadAction","target":["https:\/\/vitablanca.ma\/produit\/caudalie-trio-cremes-mains-hydratation\/"]}]},{"@type":"ImageObject","inLanguage":"en-US","@id":"https:\/\/vitablanca.ma\/produit\/caudalie-trio-cremes-mains-hydratation\/#primaryimage","url":"https:\/\/vitablanca.ma\/wp-content\/uploads\/2025\/05\/3_holiday-gift-set-23_hands_set_edu_caudalie-fr.jpg","contentUrl":"https:\/\/vitablanca.ma\/wp-content\/uploads\/2025\/05\/3_holiday-gift-set-23_hands_set_edu_caudalie-fr.jpg","width":600,"height":600},{"@type":"BreadcrumbList","@id":"https:\/\/vitablanca.ma\/produit\/caudalie-trio-cremes-mains-hydratation\/#breadcrumb","itemListElement":[{"@type":"ListItem","position":1,"name":"Home","item":"https:\/\/vitablanca.ma\/"},{"@type":"ListItem","position":2,"name":"Tous Les Produits","item":"https:\/\/vitablanca.ma\/tous-les-produits\/"},{"@type":"ListItem","position":3,"name":"CAUDALIE Trio Cr\u00e8mes Mains Hydratation"}]},{"@type":"WebSite","@id":"https:\/\/vitablanca.ma\/#website","url":"https:\/\/vitablanca.ma\/","name":"VitaBlanca.ma | Food supplements, health &amp; beauty in Morocco","description":"sell premium vitamins and supplements from USA &amp; Canada, New Zealand, Morocco (NOW Foods, Solgar, Manuka). Fast delivery anywhere in Morocco.","publisher":{"@id":"https:\/\/vitablanca.ma\/#organization"},"alternateName":"VitaBlanca.ma","potentialAction":[{"@type":"SearchAction","target":{"@type":"EntryPoint","urlTemplate":"https:\/\/vitablanca.ma\/?s={search_term_string}"},"query-input":{"@type":"PropertyValueSpecification","valueRequired":true,"valueName":"search_term_string"}}],"inLanguage":"en-US"},{"@type":"Organization","@id":"https:\/\/vitablanca.ma\/#organization","name":"VitaBlanca","url":"https:\/\/vitablanca.ma\/","logo":{"@type":"ImageObject","inLanguage":"en-US","@id":"https:\/\/vitablanca.ma\/#\/schema\/logo\/image\/","url":"https:\/\/vitablanca.ma\/wp-content\/uploads\/2025\/05\/cropped-vitablanca.png","contentUrl":"https:\/\/vitablanca.ma\/wp-content\/uploads\/2025\/05\/cropped-vitablanca.png","width":360,"height":67,"caption":"VitaBlanca"},"image":{"@id":"https:\/\/vitablanca.ma\/#\/schema\/logo\/image\/"},"sameAs":["https:\/\/www.facebook.com\/profile.php?id=61576678196717","https:\/\/www.tiktok.com\/@vitablanca.ma","https:\/\/www.instagram.com\/vitablanca.ma\/"]}]}},"jetpack_sharing_enabled":true,"_links":{"self":[{"href":"https:\/\/vitablanca.ma\/en\/wp-json\/wp\/v2\/product\/10374","targetHints":{"allow":["GET"]}}],"collection":[{"href":"https:\/\/vitablanca.ma\/en\/wp-json\/wp\/v2\/product"}],"about":[{"href":"https:\/\/vitablanca.ma\/en\/wp-json\/wp\/v2\/types\/product"}],"wp:featuredmedia":[{"embeddable":true,"href":"https:\/\/vitablanca.ma\/en\/wp-json\/wp\/v2\/media\/10370"}],"wp:attachment":[{"href":"https:\/\/vitablanca.ma\/en\/wp-json\/wp\/v2\/media?parent=10374"}],"wp:term":[{"taxonomy":"product_brand","embeddable":true,"href":"https:\/\/vitablanca.ma\/en\/wp-json\/wp\/v2\/product_brand?post=10374"},{"taxonomy":"product_cat","embeddable":true,"href":"https:\/\/vitablanca.ma\/en\/wp-json\/wp\/v2\/product_cat?post=10374"},{"taxonomy":"product_tag","embeddable":true,"href":"https:\/\/vitablanca.ma\/en\/wp-json\/wp\/v2\/product_tag?post=10374"}],"curies":[{"name":"wp","href":"https:\/\/api.w.org\/{rel}","templated":true}]}}