{"id":10366,"date":"2025-05-28T19:44:34","date_gmt":"2025-05-28T19:44:34","guid":{"rendered":"https:\/\/vitablanca.ma\/product\/cottage-lait-corps-hydratant-lait-de-vanille-200ml\/"},"modified":"2025-09-07T21:49:36","modified_gmt":"2025-09-07T21:49:36","slug":"cottage-lait-corps-hydratant-lait-de-vanille-200ml","status":"publish","type":"product","link":"https:\/\/vitablanca.ma\/en\/product\/cottage-lait-corps-hydratant-lait-de-vanille-200ml\/","title":{"rendered":"Cottage Moisturizing Body Lotion Vanilla Milk 200ml"},"content":{"rendered":"<p><strong>A perfume<\/strong><br \/>A sweet, comforting, and velvety burst of milky vanilla that envelops the skin in a sweet veil with warm, indulgent notes. A moment of pure sensory well-being.<\/p>\n<p><strong>Made in France<\/strong><br \/>Panther Group is a family-owned SME located near Bordeaux. Cottage body care products are formulated, produced, and packaged in France, respecting local expertise.<\/p>\n<p><strong>A formula of natural origin<\/strong>*<br \/>A body treatment that combines effectiveness and gentleness, with 97% of ingredients of natural origin*. Its melting texture intensely hydrates and nourishes very dry skin, while respecting its natural balance.<\/p>\n<p><strong>Respect for the skin<\/strong><br \/>Neutral pH for the skin.<br \/>Tolerance tested under dermatological control.<br \/>Recyclable 100% bottle &amp; capsule.<\/p>","protected":false},"excerpt":{"rendered":"<p>Un parfumUne douce envol\u00e9e de vanille lact\u00e9e, r\u00e9confortante et velout\u00e9e, qui enveloppe la peau d\u2019un voile sucr\u00e9 aux accents gourmands et chaleureux. Un moment de pur bien-\u00eatre sensoriel. Une fabrication fran\u00e7aiseGroupe Panther est une PME familiale install\u00e9e pr\u00e8s de Bordeaux. Les soins corporels Cottage sont formul\u00e9s, produits et conditionn\u00e9s en France dans le respect du [&hellip;]<\/p>\n","protected":false},"featured_media":10364,"template":"","meta":{"om_disable_all_campaigns":false},"product_brand":[3444],"product_cat":[18,15,1186],"product_tag":[],"class_list":{"0":"post-10366","1":"product","2":"type-product","3":"status-publish","4":"has-post-thumbnail","6":"product_brand-cottage-maroc-prix","7":"product_cat-beaute-sante","8":"product_cat-beaute-sante-complements-alimentaires-soins-et-bien-etre-au-meilleur-prix","9":"product_cat-visage","11":"first","12":"instock","13":"taxable","14":"shipping-taxable","15":"purchasable","16":"product-type-simple"},"yoast_head":"<!-- This site is optimized with the Yoast SEO plugin v27.3 - https:\/\/yoast.com\/product\/yoast-seo-wordpress\/ -->\n<title>Cottage Lait Corps Hydratant Lait de Vanille 200ml - Maroc Prix<\/title>\n<meta name=\"description\" content=\"D\u00e9couvrez le lait corporel hydratant Cottage Lait de Vanille 200ml. Nourrit et adoucit la peau en douceur. Disponible au Maroc sur Vitablanca.ma.\" \/>\n<meta name=\"robots\" content=\"index, follow, max-snippet:-1, max-image-preview:large, max-video-preview:-1\" \/>\n<link rel=\"canonical\" href=\"https:\/\/vitablanca.ma\/en\/product\/cottage-lait-corps-hydratant-lait-de-vanille-200ml\/\" \/>\n<meta property=\"og:locale\" content=\"en_US\" \/>\n<meta property=\"og:type\" content=\"article\" \/>\n<meta property=\"og:title\" content=\"Cottage Lait Corps Hydratant Lait de Vanille 200ml - Maroc Prix\" \/>\n<meta property=\"og:description\" content=\"D\u00e9couvrez le lait corporel hydratant Cottage Lait de Vanille 200ml. Nourrit et adoucit la peau en douceur. Disponible au Maroc sur Vitablanca.ma.\" \/>\n<meta property=\"og:url\" content=\"https:\/\/vitablanca.ma\/en\/product\/cottage-lait-corps-hydratant-lait-de-vanille-200ml\/\" \/>\n<meta property=\"og:site_name\" content=\"Vitablanca.ma &ndash; Sant&eacute;, vitalit&eacute; et bien-&ecirc;tre pour tous les Marocains\" \/>\n<meta property=\"article:publisher\" content=\"https:\/\/www.facebook.com\/profile.php?id=61576678196717\" \/>\n<meta property=\"article:modified_time\" content=\"2025-09-07T21:49:36+00:00\" \/>\n<meta property=\"og:image\" content=\"https:\/\/vitablanca.ma\/wp-content\/uploads\/2025\/05\/cottage-lait-corps-hydratant-lait-de-vanille-200ml-682cb13b0e177.jpg\" \/>\n\t<meta property=\"og:image:width\" content=\"1048\" \/>\n\t<meta property=\"og:image:height\" content=\"1053\" \/>\n\t<meta property=\"og:image:type\" content=\"image\/jpeg\" \/>\n<meta name=\"twitter:card\" content=\"summary_large_image\" \/>\n<meta name=\"twitter:label1\" content=\"Est. reading time\" \/>\n\t<meta name=\"twitter:data1\" content=\"1 minute\" \/>\n<script type=\"application\/ld+json\" class=\"yoast-schema-graph\">{\"@context\":\"https:\\\/\\\/schema.org\",\"@graph\":[{\"@type\":[\"WebPage\",\"ItemPage\"],\"@id\":\"https:\\\/\\\/vitablanca.ma\\\/produit\\\/cottage-lait-corps-hydratant-lait-de-vanille-200ml\\\/\",\"url\":\"https:\\\/\\\/vitablanca.ma\\\/produit\\\/cottage-lait-corps-hydratant-lait-de-vanille-200ml\\\/\",\"name\":\"Cottage Lait Corps Hydratant Lait de Vanille 200ml - Maroc Prix\",\"isPartOf\":{\"@id\":\"https:\\\/\\\/vitablanca.ma\\\/#website\"},\"primaryImageOfPage\":{\"@id\":\"https:\\\/\\\/vitablanca.ma\\\/produit\\\/cottage-lait-corps-hydratant-lait-de-vanille-200ml\\\/#primaryimage\"},\"image\":{\"@id\":\"https:\\\/\\\/vitablanca.ma\\\/produit\\\/cottage-lait-corps-hydratant-lait-de-vanille-200ml\\\/#primaryimage\"},\"thumbnailUrl\":\"https:\\\/\\\/vitablanca.ma\\\/wp-content\\\/uploads\\\/2025\\\/05\\\/cottage-lait-corps-hydratant-lait-de-vanille-200ml-682cb13b0e177.jpg\",\"datePublished\":\"2025-05-28T19:44:34+00:00\",\"dateModified\":\"2025-09-07T21:49:36+00:00\",\"description\":\"D\u00e9couvrez le lait corporel hydratant Cottage Lait de Vanille 200ml. Nourrit et adoucit la peau en douceur. Disponible au Maroc sur Vitablanca.ma.\",\"breadcrumb\":{\"@id\":\"https:\\\/\\\/vitablanca.ma\\\/produit\\\/cottage-lait-corps-hydratant-lait-de-vanille-200ml\\\/#breadcrumb\"},\"inLanguage\":\"en-US\",\"potentialAction\":[{\"@type\":\"ReadAction\",\"target\":[\"https:\\\/\\\/vitablanca.ma\\\/produit\\\/cottage-lait-corps-hydratant-lait-de-vanille-200ml\\\/\"]}]},{\"@type\":\"ImageObject\",\"inLanguage\":\"en-US\",\"@id\":\"https:\\\/\\\/vitablanca.ma\\\/produit\\\/cottage-lait-corps-hydratant-lait-de-vanille-200ml\\\/#primaryimage\",\"url\":\"https:\\\/\\\/vitablanca.ma\\\/wp-content\\\/uploads\\\/2025\\\/05\\\/cottage-lait-corps-hydratant-lait-de-vanille-200ml-682cb13b0e177.jpg\",\"contentUrl\":\"https:\\\/\\\/vitablanca.ma\\\/wp-content\\\/uploads\\\/2025\\\/05\\\/cottage-lait-corps-hydratant-lait-de-vanille-200ml-682cb13b0e177.jpg\",\"width\":1048,\"height\":1053},{\"@type\":\"BreadcrumbList\",\"@id\":\"https:\\\/\\\/vitablanca.ma\\\/produit\\\/cottage-lait-corps-hydratant-lait-de-vanille-200ml\\\/#breadcrumb\",\"itemListElement\":[{\"@type\":\"ListItem\",\"position\":1,\"name\":\"Home\",\"item\":\"https:\\\/\\\/vitablanca.ma\\\/\"},{\"@type\":\"ListItem\",\"position\":2,\"name\":\"Tous Les Produits\",\"item\":\"https:\\\/\\\/vitablanca.ma\\\/tous-les-produits\\\/\"},{\"@type\":\"ListItem\",\"position\":3,\"name\":\"Cottage Lait Corps Hydratant Lait de Vanille 200ml\"}]},{\"@type\":\"WebSite\",\"@id\":\"https:\\\/\\\/vitablanca.ma\\\/#website\",\"url\":\"https:\\\/\\\/vitablanca.ma\\\/\",\"name\":\"VitaBlanca.ma | Compl\u00e9ments alimentaires, sant\u00e9 & beaut\u00e9 au Maroc\",\"description\":\"vendre vitamines et compl\u00e9ments premium des USA &amp; Canada, Nouvelle Z\u00e9lande,Maroc (NOW Foods, Solgar, Manuka). Livraison rapide partout au Maroc.\",\"publisher\":{\"@id\":\"https:\\\/\\\/vitablanca.ma\\\/#organization\"},\"alternateName\":\"VitaBlanca.ma\",\"potentialAction\":[{\"@type\":\"SearchAction\",\"target\":{\"@type\":\"EntryPoint\",\"urlTemplate\":\"https:\\\/\\\/vitablanca.ma\\\/?s={search_term_string}\"},\"query-input\":{\"@type\":\"PropertyValueSpecification\",\"valueRequired\":true,\"valueName\":\"search_term_string\"}}],\"inLanguage\":\"en-US\"},{\"@type\":\"Organization\",\"@id\":\"https:\\\/\\\/vitablanca.ma\\\/#organization\",\"name\":\"VitaBlanca\",\"url\":\"https:\\\/\\\/vitablanca.ma\\\/\",\"logo\":{\"@type\":\"ImageObject\",\"inLanguage\":\"en-US\",\"@id\":\"https:\\\/\\\/vitablanca.ma\\\/#\\\/schema\\\/logo\\\/image\\\/\",\"url\":\"https:\\\/\\\/vitablanca.ma\\\/wp-content\\\/uploads\\\/2025\\\/05\\\/cropped-vitablanca.png\",\"contentUrl\":\"https:\\\/\\\/vitablanca.ma\\\/wp-content\\\/uploads\\\/2025\\\/05\\\/cropped-vitablanca.png\",\"width\":360,\"height\":67,\"caption\":\"VitaBlanca\"},\"image\":{\"@id\":\"https:\\\/\\\/vitablanca.ma\\\/#\\\/schema\\\/logo\\\/image\\\/\"},\"sameAs\":[\"https:\\\/\\\/www.facebook.com\\\/profile.php?id=61576678196717\",\"https:\\\/\\\/www.tiktok.com\\\/@vitablanca.ma\",\"https:\\\/\\\/www.instagram.com\\\/vitablanca.ma\\\/\"]}]}<\/script>\n<!-- \/ Yoast SEO plugin. -->","yoast_head_json":{"title":"Cottage Moisturizing Body Lotion Vanilla Milk 200ml - Morocco Price","description":"Discover Cottage Vanilla Milk 200ml Moisturizing Body Lotion. Gently nourishes and softens skin. Available in Morocco at Vitablanca.ma.","robots":{"index":"index","follow":"follow","max-snippet":"max-snippet:-1","max-image-preview":"max-image-preview:large","max-video-preview":"max-video-preview:-1"},"canonical":"https:\/\/vitablanca.ma\/en\/product\/cottage-lait-corps-hydratant-lait-de-vanille-200ml\/","og_locale":"en_US","og_type":"article","og_title":"Cottage Lait Corps Hydratant Lait de Vanille 200ml - Maroc Prix","og_description":"D\u00e9couvrez le lait corporel hydratant Cottage Lait de Vanille 200ml. Nourrit et adoucit la peau en douceur. Disponible au Maroc sur Vitablanca.ma.","og_url":"https:\/\/vitablanca.ma\/en\/product\/cottage-lait-corps-hydratant-lait-de-vanille-200ml\/","og_site_name":"Vitablanca.ma &ndash; Sant&eacute;, vitalit&eacute; et bien-&ecirc;tre pour tous les Marocains","article_publisher":"https:\/\/www.facebook.com\/profile.php?id=61576678196717","article_modified_time":"2025-09-07T21:49:36+00:00","og_image":[{"width":1048,"height":1053,"url":"https:\/\/vitablanca.ma\/wp-content\/uploads\/2025\/05\/cottage-lait-corps-hydratant-lait-de-vanille-200ml-682cb13b0e177.jpg","type":"image\/jpeg"}],"twitter_card":"summary_large_image","twitter_misc":{"Est. reading time":"1 minute"},"schema":{"@context":"https:\/\/schema.org","@graph":[{"@type":["WebPage","ItemPage"],"@id":"https:\/\/vitablanca.ma\/produit\/cottage-lait-corps-hydratant-lait-de-vanille-200ml\/","url":"https:\/\/vitablanca.ma\/produit\/cottage-lait-corps-hydratant-lait-de-vanille-200ml\/","name":"Cottage Moisturizing Body Lotion Vanilla Milk 200ml - Morocco Price","isPartOf":{"@id":"https:\/\/vitablanca.ma\/#website"},"primaryImageOfPage":{"@id":"https:\/\/vitablanca.ma\/produit\/cottage-lait-corps-hydratant-lait-de-vanille-200ml\/#primaryimage"},"image":{"@id":"https:\/\/vitablanca.ma\/produit\/cottage-lait-corps-hydratant-lait-de-vanille-200ml\/#primaryimage"},"thumbnailUrl":"https:\/\/vitablanca.ma\/wp-content\/uploads\/2025\/05\/cottage-lait-corps-hydratant-lait-de-vanille-200ml-682cb13b0e177.jpg","datePublished":"2025-05-28T19:44:34+00:00","dateModified":"2025-09-07T21:49:36+00:00","description":"Discover Cottage Vanilla Milk 200ml Moisturizing Body Lotion. Gently nourishes and softens skin. Available in Morocco at Vitablanca.ma.","breadcrumb":{"@id":"https:\/\/vitablanca.ma\/produit\/cottage-lait-corps-hydratant-lait-de-vanille-200ml\/#breadcrumb"},"inLanguage":"en-US","potentialAction":[{"@type":"ReadAction","target":["https:\/\/vitablanca.ma\/produit\/cottage-lait-corps-hydratant-lait-de-vanille-200ml\/"]}]},{"@type":"ImageObject","inLanguage":"en-US","@id":"https:\/\/vitablanca.ma\/produit\/cottage-lait-corps-hydratant-lait-de-vanille-200ml\/#primaryimage","url":"https:\/\/vitablanca.ma\/wp-content\/uploads\/2025\/05\/cottage-lait-corps-hydratant-lait-de-vanille-200ml-682cb13b0e177.jpg","contentUrl":"https:\/\/vitablanca.ma\/wp-content\/uploads\/2025\/05\/cottage-lait-corps-hydratant-lait-de-vanille-200ml-682cb13b0e177.jpg","width":1048,"height":1053},{"@type":"BreadcrumbList","@id":"https:\/\/vitablanca.ma\/produit\/cottage-lait-corps-hydratant-lait-de-vanille-200ml\/#breadcrumb","itemListElement":[{"@type":"ListItem","position":1,"name":"Home","item":"https:\/\/vitablanca.ma\/"},{"@type":"ListItem","position":2,"name":"Tous Les Produits","item":"https:\/\/vitablanca.ma\/tous-les-produits\/"},{"@type":"ListItem","position":3,"name":"Cottage Lait Corps Hydratant Lait de Vanille 200ml"}]},{"@type":"WebSite","@id":"https:\/\/vitablanca.ma\/#website","url":"https:\/\/vitablanca.ma\/","name":"VitaBlanca.ma | Food supplements, health &amp; beauty in Morocco","description":"sell premium vitamins and supplements from USA &amp; Canada, New Zealand, Morocco (NOW Foods, Solgar, Manuka). Fast delivery anywhere in Morocco.","publisher":{"@id":"https:\/\/vitablanca.ma\/#organization"},"alternateName":"VitaBlanca.ma","potentialAction":[{"@type":"SearchAction","target":{"@type":"EntryPoint","urlTemplate":"https:\/\/vitablanca.ma\/?s={search_term_string}"},"query-input":{"@type":"PropertyValueSpecification","valueRequired":true,"valueName":"search_term_string"}}],"inLanguage":"en-US"},{"@type":"Organization","@id":"https:\/\/vitablanca.ma\/#organization","name":"VitaBlanca","url":"https:\/\/vitablanca.ma\/","logo":{"@type":"ImageObject","inLanguage":"en-US","@id":"https:\/\/vitablanca.ma\/#\/schema\/logo\/image\/","url":"https:\/\/vitablanca.ma\/wp-content\/uploads\/2025\/05\/cropped-vitablanca.png","contentUrl":"https:\/\/vitablanca.ma\/wp-content\/uploads\/2025\/05\/cropped-vitablanca.png","width":360,"height":67,"caption":"VitaBlanca"},"image":{"@id":"https:\/\/vitablanca.ma\/#\/schema\/logo\/image\/"},"sameAs":["https:\/\/www.facebook.com\/profile.php?id=61576678196717","https:\/\/www.tiktok.com\/@vitablanca.ma","https:\/\/www.instagram.com\/vitablanca.ma\/"]}]}},"jetpack_sharing_enabled":true,"_links":{"self":[{"href":"https:\/\/vitablanca.ma\/en\/wp-json\/wp\/v2\/product\/10366","targetHints":{"allow":["GET"]}}],"collection":[{"href":"https:\/\/vitablanca.ma\/en\/wp-json\/wp\/v2\/product"}],"about":[{"href":"https:\/\/vitablanca.ma\/en\/wp-json\/wp\/v2\/types\/product"}],"wp:featuredmedia":[{"embeddable":true,"href":"https:\/\/vitablanca.ma\/en\/wp-json\/wp\/v2\/media\/10364"}],"wp:attachment":[{"href":"https:\/\/vitablanca.ma\/en\/wp-json\/wp\/v2\/media?parent=10366"}],"wp:term":[{"taxonomy":"product_brand","embeddable":true,"href":"https:\/\/vitablanca.ma\/en\/wp-json\/wp\/v2\/product_brand?post=10366"},{"taxonomy":"product_cat","embeddable":true,"href":"https:\/\/vitablanca.ma\/en\/wp-json\/wp\/v2\/product_cat?post=10366"},{"taxonomy":"product_tag","embeddable":true,"href":"https:\/\/vitablanca.ma\/en\/wp-json\/wp\/v2\/product_tag?post=10366"}],"curies":[{"name":"wp","href":"https:\/\/api.w.org\/{rel}","templated":true}]}}