{"id":10337,"date":"2025-05-28T19:41:47","date_gmt":"2025-05-28T19:41:47","guid":{"rendered":"https:\/\/vitablanca.ma\/product\/altruist-moisturising-fluid-0-5-hyaluronic-acid-50ml\/"},"modified":"2025-05-28T19:55:39","modified_gmt":"2025-05-28T19:55:39","slug":"altruist-moisturising-fluid-0-5-hyaluronic-acid-50ml","status":"publish","type":"product","link":"https:\/\/vitablanca.ma\/en\/product\/altruist-moisturising-fluid-0-5-hyaluronic-acid-50ml\/","title":{"rendered":"ALTRUIST MOISTURISING FLUID 0.5% HYALURONIC ACID 50ML"},"content":{"rendered":"<p>Cette cr\u00e8me est con\u00e7ue pour offrir une peau plus jeune et \u00e9clatante gr\u00e2ce \u00e0 l\u2019acide hyaluronique de faible poids mol\u00e9culaire, qui p\u00e9n\u00e8tre profond\u00e9ment dans l\u2019\u00e9piderme. Enrichie en glyc\u00e9rine, ur\u00e9e et beurre de karit\u00e9 pour renforcer les facteurs naturels d\u2019hydratation de la peau, sa formulation l\u00e9g\u00e8re en fait l\u2019hydratant facial id\u00e9al. Elle peut \u00eatre utilis\u00e9e comme cr\u00e8me de jour ou de nuit.<\/p>\n<ul>\n<li><span>Cruelty-free<\/span><\/li>\n<li><span>Coral friendly<\/span><\/li>\n<li><span>Vegan<\/span><\/li>\n<li><span>By 2023, 50% of all packaging was made from recycled plastic<\/span><\/li>\n<\/ul>","protected":false},"excerpt":{"rendered":"<p>Cette cr\u00e8me est con\u00e7ue pour offrir une peau plus jeune et \u00e9clatante gr\u00e2ce \u00e0 l\u2019acide hyaluronique de faible poids mol\u00e9culaire, qui p\u00e9n\u00e8tre profond\u00e9ment dans l\u2019\u00e9piderme. Enrichie en glyc\u00e9rine, ur\u00e9e et beurre de karit\u00e9 pour renforcer les facteurs naturels d\u2019hydratation de la peau, sa formulation l\u00e9g\u00e8re en fait l\u2019hydratant facial id\u00e9al. Elle peut \u00eatre utilis\u00e9e comme [&hellip;]<\/p>\n","protected":false},"featured_media":10336,"template":"","meta":{"om_disable_all_campaigns":false},"product_brand":[],"product_cat":[18,15,1186],"product_tag":[],"class_list":{"0":"post-10337","1":"product","2":"type-product","3":"status-publish","4":"has-post-thumbnail","6":"product_cat-beaute-sante","7":"product_cat-beaute-sante-complements-alimentaires-soins-et-bien-etre-au-meilleur-prix","8":"product_cat-visage","10":"first","11":"instock","12":"taxable","13":"shipping-taxable","14":"purchasable","15":"product-type-simple"},"yoast_head":"<!-- This site is optimized with the Yoast SEO plugin v27.5 - https:\/\/yoast.com\/product\/yoast-seo-wordpress\/ -->\n<title>ALTRUIST MOISTURISING FLUID 0.5% HYALURONIC ACID 50ML - Maroc Prix<\/title>\n<meta name=\"description\" content=\"ALTRUIST MOISTURISING FLUID 0.5% HYALURONIC ACID 50ML\" \/>\n<meta name=\"robots\" content=\"index, follow, max-snippet:-1, max-image-preview:large, max-video-preview:-1\" \/>\n<link rel=\"canonical\" href=\"https:\/\/vitablanca.ma\/en\/product\/altruist-moisturising-fluid-0-5-hyaluronic-acid-50ml\/\" \/>\n<meta property=\"og:locale\" content=\"en_US\" \/>\n<meta property=\"og:type\" content=\"article\" \/>\n<meta property=\"og:title\" content=\"ALTRUIST MOISTURISING FLUID 0.5% HYALURONIC ACID 50ML - Maroc Prix\" \/>\n<meta property=\"og:description\" content=\"ALTRUIST MOISTURISING FLUID 0.5% HYALURONIC ACID 50ML\" \/>\n<meta property=\"og:url\" content=\"https:\/\/vitablanca.ma\/en\/product\/altruist-moisturising-fluid-0-5-hyaluronic-acid-50ml\/\" \/>\n<meta property=\"og:site_name\" content=\"Vitablanca.ma &ndash; Sant&eacute;, vitalit&eacute; et bien-&ecirc;tre pour tous les Marocains\" \/>\n<meta property=\"article:publisher\" content=\"https:\/\/www.facebook.com\/profile.php?id=61576678196717\" \/>\n<meta property=\"article:modified_time\" content=\"2025-05-28T19:55:39+00:00\" \/>\n<meta property=\"og:image\" content=\"https:\/\/vitablanca.ma\/wp-content\/uploads\/2025\/05\/Ontwerp-zonder-titel-25-800x800Acid-2.jpg\" \/>\n\t<meta property=\"og:image:width\" content=\"800\" \/>\n\t<meta property=\"og:image:height\" content=\"800\" \/>\n\t<meta property=\"og:image:type\" content=\"image\/jpeg\" \/>\n<meta name=\"twitter:card\" content=\"summary_large_image\" \/>\n<script type=\"application\/ld+json\" class=\"yoast-schema-graph\">{\"@context\":\"https:\\\/\\\/schema.org\",\"@graph\":[{\"@type\":[\"WebPage\",\"ItemPage\"],\"@id\":\"https:\\\/\\\/vitablanca.ma\\\/produit\\\/altruist-moisturising-fluid-0-5-hyaluronic-acid-50ml\\\/\",\"url\":\"https:\\\/\\\/vitablanca.ma\\\/produit\\\/altruist-moisturising-fluid-0-5-hyaluronic-acid-50ml\\\/\",\"name\":\"ALTRUIST MOISTURISING FLUID 0.5% HYALURONIC ACID 50ML - Maroc Prix\",\"isPartOf\":{\"@id\":\"https:\\\/\\\/vitablanca.ma\\\/#website\"},\"primaryImageOfPage\":{\"@id\":\"https:\\\/\\\/vitablanca.ma\\\/produit\\\/altruist-moisturising-fluid-0-5-hyaluronic-acid-50ml\\\/#primaryimage\"},\"image\":{\"@id\":\"https:\\\/\\\/vitablanca.ma\\\/produit\\\/altruist-moisturising-fluid-0-5-hyaluronic-acid-50ml\\\/#primaryimage\"},\"thumbnailUrl\":\"https:\\\/\\\/vitablanca.ma\\\/wp-content\\\/uploads\\\/2025\\\/05\\\/Ontwerp-zonder-titel-25-800x800Acid-2.jpg\",\"datePublished\":\"2025-05-28T19:41:47+00:00\",\"dateModified\":\"2025-05-28T19:55:39+00:00\",\"description\":\"ALTRUIST MOISTURISING FLUID 0.5% HYALURONIC ACID 50ML\",\"breadcrumb\":{\"@id\":\"https:\\\/\\\/vitablanca.ma\\\/produit\\\/altruist-moisturising-fluid-0-5-hyaluronic-acid-50ml\\\/#breadcrumb\"},\"inLanguage\":\"en-US\",\"potentialAction\":[{\"@type\":\"ReadAction\",\"target\":[\"https:\\\/\\\/vitablanca.ma\\\/produit\\\/altruist-moisturising-fluid-0-5-hyaluronic-acid-50ml\\\/\"]}]},{\"@type\":\"ImageObject\",\"inLanguage\":\"en-US\",\"@id\":\"https:\\\/\\\/vitablanca.ma\\\/produit\\\/altruist-moisturising-fluid-0-5-hyaluronic-acid-50ml\\\/#primaryimage\",\"url\":\"https:\\\/\\\/vitablanca.ma\\\/wp-content\\\/uploads\\\/2025\\\/05\\\/Ontwerp-zonder-titel-25-800x800Acid-2.jpg\",\"contentUrl\":\"https:\\\/\\\/vitablanca.ma\\\/wp-content\\\/uploads\\\/2025\\\/05\\\/Ontwerp-zonder-titel-25-800x800Acid-2.jpg\",\"width\":800,\"height\":800},{\"@type\":\"BreadcrumbList\",\"@id\":\"https:\\\/\\\/vitablanca.ma\\\/produit\\\/altruist-moisturising-fluid-0-5-hyaluronic-acid-50ml\\\/#breadcrumb\",\"itemListElement\":[{\"@type\":\"ListItem\",\"position\":1,\"name\":\"Home\",\"item\":\"https:\\\/\\\/vitablanca.ma\\\/\"},{\"@type\":\"ListItem\",\"position\":2,\"name\":\"Tous Les Produits\",\"item\":\"https:\\\/\\\/vitablanca.ma\\\/tous-les-produits\\\/\"},{\"@type\":\"ListItem\",\"position\":3,\"name\":\"ALTRUIST MOISTURISING FLUID 0.5% HYALURONIC ACID 50ML\"}]},{\"@type\":\"WebSite\",\"@id\":\"https:\\\/\\\/vitablanca.ma\\\/#website\",\"url\":\"https:\\\/\\\/vitablanca.ma\\\/\",\"name\":\"VitaBlanca.ma | Compl\u00e9ments alimentaires, sant\u00e9 & beaut\u00e9 au Maroc\",\"description\":\"vendre vitamines et compl\u00e9ments premium des USA &amp; Canada, Nouvelle Z\u00e9lande,Maroc (NOW Foods, Solgar, Manuka). Livraison rapide partout au Maroc.\",\"publisher\":{\"@id\":\"https:\\\/\\\/vitablanca.ma\\\/#organization\"},\"alternateName\":\"VitaBlanca.ma\",\"potentialAction\":[{\"@type\":\"SearchAction\",\"target\":{\"@type\":\"EntryPoint\",\"urlTemplate\":\"https:\\\/\\\/vitablanca.ma\\\/?s={search_term_string}\"},\"query-input\":{\"@type\":\"PropertyValueSpecification\",\"valueRequired\":true,\"valueName\":\"search_term_string\"}}],\"inLanguage\":\"en-US\"},{\"@type\":\"Organization\",\"@id\":\"https:\\\/\\\/vitablanca.ma\\\/#organization\",\"name\":\"VitaBlanca\",\"url\":\"https:\\\/\\\/vitablanca.ma\\\/\",\"logo\":{\"@type\":\"ImageObject\",\"inLanguage\":\"en-US\",\"@id\":\"https:\\\/\\\/vitablanca.ma\\\/#\\\/schema\\\/logo\\\/image\\\/\",\"url\":\"https:\\\/\\\/vitablanca.ma\\\/wp-content\\\/uploads\\\/2025\\\/05\\\/cropped-vitablanca.png\",\"contentUrl\":\"https:\\\/\\\/vitablanca.ma\\\/wp-content\\\/uploads\\\/2025\\\/05\\\/cropped-vitablanca.png\",\"width\":360,\"height\":67,\"caption\":\"VitaBlanca\"},\"image\":{\"@id\":\"https:\\\/\\\/vitablanca.ma\\\/#\\\/schema\\\/logo\\\/image\\\/\"},\"sameAs\":[\"https:\\\/\\\/www.facebook.com\\\/profile.php?id=61576678196717\",\"https:\\\/\\\/www.tiktok.com\\\/@vitablanca.ma\",\"https:\\\/\\\/www.instagram.com\\\/vitablanca.ma\\\/\"]}]}<\/script>\n<!-- \/ Yoast SEO plugin. -->","yoast_head_json":{"title":"ALTRUIST MOISTURISING FLUID 0.5% HYALURONIC ACID 50ML - Morocco Price","description":"ALTRUIST MOISTURISING FLUID 0.5% HYALURONIC ACID 50ML","robots":{"index":"index","follow":"follow","max-snippet":"max-snippet:-1","max-image-preview":"max-image-preview:large","max-video-preview":"max-video-preview:-1"},"canonical":"https:\/\/vitablanca.ma\/en\/product\/altruist-moisturising-fluid-0-5-hyaluronic-acid-50ml\/","og_locale":"en_US","og_type":"article","og_title":"ALTRUIST MOISTURISING FLUID 0.5% HYALURONIC ACID 50ML - Maroc Prix","og_description":"ALTRUIST MOISTURISING FLUID 0.5% HYALURONIC ACID 50ML","og_url":"https:\/\/vitablanca.ma\/en\/product\/altruist-moisturising-fluid-0-5-hyaluronic-acid-50ml\/","og_site_name":"Vitablanca.ma &ndash; Sant&eacute;, vitalit&eacute; et bien-&ecirc;tre pour tous les Marocains","article_publisher":"https:\/\/www.facebook.com\/profile.php?id=61576678196717","article_modified_time":"2025-05-28T19:55:39+00:00","og_image":[{"width":800,"height":800,"url":"https:\/\/vitablanca.ma\/wp-content\/uploads\/2025\/05\/Ontwerp-zonder-titel-25-800x800Acid-2.jpg","type":"image\/jpeg"}],"twitter_card":"summary_large_image","schema":{"@context":"https:\/\/schema.org","@graph":[{"@type":["WebPage","ItemPage"],"@id":"https:\/\/vitablanca.ma\/produit\/altruist-moisturising-fluid-0-5-hyaluronic-acid-50ml\/","url":"https:\/\/vitablanca.ma\/produit\/altruist-moisturising-fluid-0-5-hyaluronic-acid-50ml\/","name":"ALTRUIST MOISTURISING FLUID 0.5% HYALURONIC ACID 50ML - Morocco Price","isPartOf":{"@id":"https:\/\/vitablanca.ma\/#website"},"primaryImageOfPage":{"@id":"https:\/\/vitablanca.ma\/produit\/altruist-moisturising-fluid-0-5-hyaluronic-acid-50ml\/#primaryimage"},"image":{"@id":"https:\/\/vitablanca.ma\/produit\/altruist-moisturising-fluid-0-5-hyaluronic-acid-50ml\/#primaryimage"},"thumbnailUrl":"https:\/\/vitablanca.ma\/wp-content\/uploads\/2025\/05\/Ontwerp-zonder-titel-25-800x800Acid-2.jpg","datePublished":"2025-05-28T19:41:47+00:00","dateModified":"2025-05-28T19:55:39+00:00","description":"ALTRUIST MOISTURISING FLUID 0.5% HYALURONIC ACID 50ML","breadcrumb":{"@id":"https:\/\/vitablanca.ma\/produit\/altruist-moisturising-fluid-0-5-hyaluronic-acid-50ml\/#breadcrumb"},"inLanguage":"en-US","potentialAction":[{"@type":"ReadAction","target":["https:\/\/vitablanca.ma\/produit\/altruist-moisturising-fluid-0-5-hyaluronic-acid-50ml\/"]}]},{"@type":"ImageObject","inLanguage":"en-US","@id":"https:\/\/vitablanca.ma\/produit\/altruist-moisturising-fluid-0-5-hyaluronic-acid-50ml\/#primaryimage","url":"https:\/\/vitablanca.ma\/wp-content\/uploads\/2025\/05\/Ontwerp-zonder-titel-25-800x800Acid-2.jpg","contentUrl":"https:\/\/vitablanca.ma\/wp-content\/uploads\/2025\/05\/Ontwerp-zonder-titel-25-800x800Acid-2.jpg","width":800,"height":800},{"@type":"BreadcrumbList","@id":"https:\/\/vitablanca.ma\/produit\/altruist-moisturising-fluid-0-5-hyaluronic-acid-50ml\/#breadcrumb","itemListElement":[{"@type":"ListItem","position":1,"name":"Home","item":"https:\/\/vitablanca.ma\/"},{"@type":"ListItem","position":2,"name":"Tous Les Produits","item":"https:\/\/vitablanca.ma\/tous-les-produits\/"},{"@type":"ListItem","position":3,"name":"ALTRUIST MOISTURISING FLUID 0.5% HYALURONIC ACID 50ML"}]},{"@type":"WebSite","@id":"https:\/\/vitablanca.ma\/#website","url":"https:\/\/vitablanca.ma\/","name":"VitaBlanca.ma | Food supplements, health &amp; beauty in Morocco","description":"sell premium vitamins and supplements from USA &amp; Canada, New Zealand, Morocco (NOW Foods, Solgar, Manuka). Fast delivery anywhere in Morocco.","publisher":{"@id":"https:\/\/vitablanca.ma\/#organization"},"alternateName":"VitaBlanca.ma","potentialAction":[{"@type":"SearchAction","target":{"@type":"EntryPoint","urlTemplate":"https:\/\/vitablanca.ma\/?s={search_term_string}"},"query-input":{"@type":"PropertyValueSpecification","valueRequired":true,"valueName":"search_term_string"}}],"inLanguage":"en-US"},{"@type":"Organization","@id":"https:\/\/vitablanca.ma\/#organization","name":"VitaBlanca","url":"https:\/\/vitablanca.ma\/","logo":{"@type":"ImageObject","inLanguage":"en-US","@id":"https:\/\/vitablanca.ma\/#\/schema\/logo\/image\/","url":"https:\/\/vitablanca.ma\/wp-content\/uploads\/2025\/05\/cropped-vitablanca.png","contentUrl":"https:\/\/vitablanca.ma\/wp-content\/uploads\/2025\/05\/cropped-vitablanca.png","width":360,"height":67,"caption":"VitaBlanca"},"image":{"@id":"https:\/\/vitablanca.ma\/#\/schema\/logo\/image\/"},"sameAs":["https:\/\/www.facebook.com\/profile.php?id=61576678196717","https:\/\/www.tiktok.com\/@vitablanca.ma","https:\/\/www.instagram.com\/vitablanca.ma\/"]}]}},"jetpack_sharing_enabled":true,"_links":{"self":[{"href":"https:\/\/vitablanca.ma\/en\/wp-json\/wp\/v2\/product\/10337","targetHints":{"allow":["GET"]}}],"collection":[{"href":"https:\/\/vitablanca.ma\/en\/wp-json\/wp\/v2\/product"}],"about":[{"href":"https:\/\/vitablanca.ma\/en\/wp-json\/wp\/v2\/types\/product"}],"wp:featuredmedia":[{"embeddable":true,"href":"https:\/\/vitablanca.ma\/en\/wp-json\/wp\/v2\/media\/10336"}],"wp:attachment":[{"href":"https:\/\/vitablanca.ma\/en\/wp-json\/wp\/v2\/media?parent=10337"}],"wp:term":[{"taxonomy":"product_brand","embeddable":true,"href":"https:\/\/vitablanca.ma\/en\/wp-json\/wp\/v2\/product_brand?post=10337"},{"taxonomy":"product_cat","embeddable":true,"href":"https:\/\/vitablanca.ma\/en\/wp-json\/wp\/v2\/product_cat?post=10337"},{"taxonomy":"product_tag","embeddable":true,"href":"https:\/\/vitablanca.ma\/en\/wp-json\/wp\/v2\/product_tag?post=10337"}],"curies":[{"name":"wp","href":"https:\/\/api.w.org\/{rel}","templated":true}]}}