{"id":10322,"date":"2025-05-28T19:40:52","date_gmt":"2025-05-28T19:40:52","guid":{"rendered":"https:\/\/vitablanca.ma\/product\/rose-baie-creme-hydratante-cheveux-boucles-x-huile-davocat\/"},"modified":"2025-05-28T19:55:40","modified_gmt":"2025-05-28T19:55:40","slug":"rose-baie-creme-hydratante-cheveux-boucles-x-huile-davocat","status":"publish","type":"product","link":"https:\/\/vitablanca.ma\/en\/product\/rose-baie-creme-hydratante-cheveux-boucles-x-huile-davocat\/","title":{"rendered":"Rose Berry Moisturizing Cream for Curly Hair x Avocado Oil"},"content":{"rendered":"<p class=\"\"><span class=\"\">Moisturizing cream for curly, frizzy, and coily hair. It nourishes and restores moisture, controls frizz, and enhances your hair. It adds volume and instantly redefines your curls.<\/span><\/p>\n<p class=\"text__center--mobile padding__page--width--mobile text__normal text__left dark__color title--grid mvu--1 margin__bottom--none fw--400 price--grid\">L&#039;<strong>avocado oil<\/strong>\u00a0East<strong>\u00a0rich in essential fatty acids\u00a0<\/strong><strong>monounsaturated<\/strong>She is one of the few\u00a0<strong>vegetable oils<\/strong>\u00a0actually capable of\u00a0<strong>penetrate the hair fiber<\/strong>, much better than those containing a lot of polyunsaturated fatty acids. All with a much lighter texture than other vegetable oils.<\/p>\n<p class=\"text__center--mobile padding__page--width--mobile text__normal text__left dark__color title--grid mvu--1 margin__bottom--none fw--400 price--grid\">L&#039;<strong>avocado oil<\/strong>\u00a0is therefore perfect for\u00a0<strong>deeply nourish the hair<\/strong>\u00a0without them\u00a0<strong>to weigh down<\/strong>\u00a0nor the\u00a0<strong>grease.\u00a0<\/strong>For the\u00a0<strong>scalp<\/strong>\u00a0also: it penetrates quickly, without overloading it or clogging its pores.<\/p>","protected":false},"excerpt":{"rendered":"<p>Cr\u00e8me hydratante pour cheveux boucl\u00e9s, fris\u00e9s et cr\u00e9pus. Il les nourrit et permet de restaurer leur hydratation, de contr\u00f4ler les frisottis et de sublimer vos cheveux . Il apporte du volume et red\u00e9finit instantan\u00e9ment vos boucles. L\u2019huile d\u2019avocat\u00a0est\u00a0riche en acides gras essentiels\u00a0monoinsatur\u00e9s. Elle est l\u2019une des rares\u00a0huiles v\u00e9g\u00e9tales\u00a0r\u00e9ellement capable de\u00a0p\u00e9n\u00e9trer la fibre capillaire, bien mieux [&hellip;]<\/p>\n","protected":false},"featured_media":10321,"template":"","meta":{"om_disable_all_campaigns":false},"product_brand":[],"product_cat":[18,15,1186],"product_tag":[],"class_list":{"0":"post-10322","1":"product","2":"type-product","3":"status-publish","4":"has-post-thumbnail","6":"product_cat-beaute-sante","7":"product_cat-beaute-sante-complements-alimentaires-soins-et-bien-etre-au-meilleur-prix","8":"product_cat-visage","10":"first","11":"instock","12":"taxable","13":"shipping-taxable","14":"purchasable","15":"product-type-simple"},"yoast_head":"<!-- This site is optimized with the Yoast SEO plugin v27.5 - https:\/\/yoast.com\/product\/yoast-seo-wordpress\/ -->\n<title>Rose Baie Cr\u00e8me hydratante Cheveux boucl\u00e9s x Huile d\u2019Avocat - Maroc Prix<\/title>\n<meta name=\"description\" content=\"Rose Baie Cr\u00e8me hydratante Cheveux boucl\u00e9s x Huile d\u2019Avocat\" \/>\n<meta name=\"robots\" content=\"index, follow, max-snippet:-1, max-image-preview:large, max-video-preview:-1\" \/>\n<link rel=\"canonical\" href=\"https:\/\/vitablanca.ma\/en\/product\/rose-baie-creme-hydratante-cheveux-boucles-x-huile-davocat\/\" \/>\n<meta property=\"og:locale\" content=\"en_US\" \/>\n<meta property=\"og:type\" content=\"article\" \/>\n<meta property=\"og:title\" content=\"Rose Baie Cr\u00e8me hydratante Cheveux boucl\u00e9s x Huile d\u2019Avocat - Maroc Prix\" \/>\n<meta property=\"og:description\" content=\"Rose Baie Cr\u00e8me hydratante Cheveux boucl\u00e9s x Huile d\u2019Avocat\" \/>\n<meta property=\"og:url\" content=\"https:\/\/vitablanca.ma\/en\/product\/rose-baie-creme-hydratante-cheveux-boucles-x-huile-davocat\/\" \/>\n<meta property=\"og:site_name\" content=\"Vitablanca.ma &ndash; Sant&eacute;, vitalit&eacute; et bien-&ecirc;tre pour tous les Marocains\" \/>\n<meta property=\"article:publisher\" content=\"https:\/\/www.facebook.com\/profile.php?id=61576678196717\" \/>\n<meta property=\"article:modified_time\" content=\"2025-05-28T19:55:40+00:00\" \/>\n<meta property=\"og:image\" content=\"https:\/\/vitablanca.ma\/wp-content\/uploads\/2025\/05\/creme_600x_57b17ff0-6faf-461a-b0ec-5e9308a9ddf8.jpg\" \/>\n\t<meta property=\"og:image:width\" content=\"600\" \/>\n\t<meta property=\"og:image:height\" content=\"600\" \/>\n\t<meta property=\"og:image:type\" content=\"image\/jpeg\" \/>\n<meta name=\"twitter:card\" content=\"summary_large_image\" \/>\n<meta name=\"twitter:label1\" content=\"Est. reading time\" \/>\n\t<meta name=\"twitter:data1\" content=\"1 minute\" \/>\n<script type=\"application\/ld+json\" class=\"yoast-schema-graph\">{\"@context\":\"https:\\\/\\\/schema.org\",\"@graph\":[{\"@type\":[\"WebPage\",\"ItemPage\"],\"@id\":\"https:\\\/\\\/vitablanca.ma\\\/produit\\\/rose-baie-creme-hydratante-cheveux-boucles-x-huile-davocat\\\/\",\"url\":\"https:\\\/\\\/vitablanca.ma\\\/produit\\\/rose-baie-creme-hydratante-cheveux-boucles-x-huile-davocat\\\/\",\"name\":\"Rose Baie Cr\u00e8me hydratante Cheveux boucl\u00e9s x Huile d\u2019Avocat - Maroc Prix\",\"isPartOf\":{\"@id\":\"https:\\\/\\\/vitablanca.ma\\\/#website\"},\"primaryImageOfPage\":{\"@id\":\"https:\\\/\\\/vitablanca.ma\\\/produit\\\/rose-baie-creme-hydratante-cheveux-boucles-x-huile-davocat\\\/#primaryimage\"},\"image\":{\"@id\":\"https:\\\/\\\/vitablanca.ma\\\/produit\\\/rose-baie-creme-hydratante-cheveux-boucles-x-huile-davocat\\\/#primaryimage\"},\"thumbnailUrl\":\"https:\\\/\\\/vitablanca.ma\\\/wp-content\\\/uploads\\\/2025\\\/05\\\/creme_600x_57b17ff0-6faf-461a-b0ec-5e9308a9ddf8.jpg\",\"datePublished\":\"2025-05-28T19:40:52+00:00\",\"dateModified\":\"2025-05-28T19:55:40+00:00\",\"description\":\"Rose Baie Cr\u00e8me hydratante Cheveux boucl\u00e9s x Huile d\u2019Avocat\",\"breadcrumb\":{\"@id\":\"https:\\\/\\\/vitablanca.ma\\\/produit\\\/rose-baie-creme-hydratante-cheveux-boucles-x-huile-davocat\\\/#breadcrumb\"},\"inLanguage\":\"en-US\",\"potentialAction\":[{\"@type\":\"ReadAction\",\"target\":[\"https:\\\/\\\/vitablanca.ma\\\/produit\\\/rose-baie-creme-hydratante-cheveux-boucles-x-huile-davocat\\\/\"]}]},{\"@type\":\"ImageObject\",\"inLanguage\":\"en-US\",\"@id\":\"https:\\\/\\\/vitablanca.ma\\\/produit\\\/rose-baie-creme-hydratante-cheveux-boucles-x-huile-davocat\\\/#primaryimage\",\"url\":\"https:\\\/\\\/vitablanca.ma\\\/wp-content\\\/uploads\\\/2025\\\/05\\\/creme_600x_57b17ff0-6faf-461a-b0ec-5e9308a9ddf8.jpg\",\"contentUrl\":\"https:\\\/\\\/vitablanca.ma\\\/wp-content\\\/uploads\\\/2025\\\/05\\\/creme_600x_57b17ff0-6faf-461a-b0ec-5e9308a9ddf8.jpg\",\"width\":600,\"height\":600},{\"@type\":\"BreadcrumbList\",\"@id\":\"https:\\\/\\\/vitablanca.ma\\\/produit\\\/rose-baie-creme-hydratante-cheveux-boucles-x-huile-davocat\\\/#breadcrumb\",\"itemListElement\":[{\"@type\":\"ListItem\",\"position\":1,\"name\":\"Home\",\"item\":\"https:\\\/\\\/vitablanca.ma\\\/\"},{\"@type\":\"ListItem\",\"position\":2,\"name\":\"Tous Les Produits\",\"item\":\"https:\\\/\\\/vitablanca.ma\\\/tous-les-produits\\\/\"},{\"@type\":\"ListItem\",\"position\":3,\"name\":\"Rose Baie Cr\u00e8me hydratante Cheveux boucl\u00e9s x Huile d\u2019Avocat\"}]},{\"@type\":\"WebSite\",\"@id\":\"https:\\\/\\\/vitablanca.ma\\\/#website\",\"url\":\"https:\\\/\\\/vitablanca.ma\\\/\",\"name\":\"VitaBlanca.ma | Compl\u00e9ments alimentaires, sant\u00e9 & beaut\u00e9 au Maroc\",\"description\":\"vendre vitamines et compl\u00e9ments premium des USA &amp; Canada, Nouvelle Z\u00e9lande,Maroc (NOW Foods, Solgar, Manuka). Livraison rapide partout au Maroc.\",\"publisher\":{\"@id\":\"https:\\\/\\\/vitablanca.ma\\\/#organization\"},\"alternateName\":\"VitaBlanca.ma\",\"potentialAction\":[{\"@type\":\"SearchAction\",\"target\":{\"@type\":\"EntryPoint\",\"urlTemplate\":\"https:\\\/\\\/vitablanca.ma\\\/?s={search_term_string}\"},\"query-input\":{\"@type\":\"PropertyValueSpecification\",\"valueRequired\":true,\"valueName\":\"search_term_string\"}}],\"inLanguage\":\"en-US\"},{\"@type\":\"Organization\",\"@id\":\"https:\\\/\\\/vitablanca.ma\\\/#organization\",\"name\":\"VitaBlanca\",\"url\":\"https:\\\/\\\/vitablanca.ma\\\/\",\"logo\":{\"@type\":\"ImageObject\",\"inLanguage\":\"en-US\",\"@id\":\"https:\\\/\\\/vitablanca.ma\\\/#\\\/schema\\\/logo\\\/image\\\/\",\"url\":\"https:\\\/\\\/vitablanca.ma\\\/wp-content\\\/uploads\\\/2025\\\/05\\\/cropped-vitablanca.png\",\"contentUrl\":\"https:\\\/\\\/vitablanca.ma\\\/wp-content\\\/uploads\\\/2025\\\/05\\\/cropped-vitablanca.png\",\"width\":360,\"height\":67,\"caption\":\"VitaBlanca\"},\"image\":{\"@id\":\"https:\\\/\\\/vitablanca.ma\\\/#\\\/schema\\\/logo\\\/image\\\/\"},\"sameAs\":[\"https:\\\/\\\/www.facebook.com\\\/profile.php?id=61576678196717\",\"https:\\\/\\\/www.tiktok.com\\\/@vitablanca.ma\",\"https:\\\/\\\/www.instagram.com\\\/vitablanca.ma\\\/\"]}]}<\/script>\n<!-- \/ Yoast SEO plugin. -->","yoast_head_json":{"title":"Rose Baie Moisturizing Cream for Curly Hair x Avocado Oil - Morocco Price","description":"Rose Berry Moisturizing Cream for Curly Hair x Avocado Oil","robots":{"index":"index","follow":"follow","max-snippet":"max-snippet:-1","max-image-preview":"max-image-preview:large","max-video-preview":"max-video-preview:-1"},"canonical":"https:\/\/vitablanca.ma\/en\/product\/rose-baie-creme-hydratante-cheveux-boucles-x-huile-davocat\/","og_locale":"en_US","og_type":"article","og_title":"Rose Baie Cr\u00e8me hydratante Cheveux boucl\u00e9s x Huile d\u2019Avocat - Maroc Prix","og_description":"Rose Baie Cr\u00e8me hydratante Cheveux boucl\u00e9s x Huile d\u2019Avocat","og_url":"https:\/\/vitablanca.ma\/en\/product\/rose-baie-creme-hydratante-cheveux-boucles-x-huile-davocat\/","og_site_name":"Vitablanca.ma &ndash; Sant&eacute;, vitalit&eacute; et bien-&ecirc;tre pour tous les Marocains","article_publisher":"https:\/\/www.facebook.com\/profile.php?id=61576678196717","article_modified_time":"2025-05-28T19:55:40+00:00","og_image":[{"width":600,"height":600,"url":"https:\/\/vitablanca.ma\/wp-content\/uploads\/2025\/05\/creme_600x_57b17ff0-6faf-461a-b0ec-5e9308a9ddf8.jpg","type":"image\/jpeg"}],"twitter_card":"summary_large_image","twitter_misc":{"Est. reading time":"1 minute"},"schema":{"@context":"https:\/\/schema.org","@graph":[{"@type":["WebPage","ItemPage"],"@id":"https:\/\/vitablanca.ma\/produit\/rose-baie-creme-hydratante-cheveux-boucles-x-huile-davocat\/","url":"https:\/\/vitablanca.ma\/produit\/rose-baie-creme-hydratante-cheveux-boucles-x-huile-davocat\/","name":"Rose Baie Moisturizing Cream for Curly Hair x Avocado Oil - Morocco Price","isPartOf":{"@id":"https:\/\/vitablanca.ma\/#website"},"primaryImageOfPage":{"@id":"https:\/\/vitablanca.ma\/produit\/rose-baie-creme-hydratante-cheveux-boucles-x-huile-davocat\/#primaryimage"},"image":{"@id":"https:\/\/vitablanca.ma\/produit\/rose-baie-creme-hydratante-cheveux-boucles-x-huile-davocat\/#primaryimage"},"thumbnailUrl":"https:\/\/vitablanca.ma\/wp-content\/uploads\/2025\/05\/creme_600x_57b17ff0-6faf-461a-b0ec-5e9308a9ddf8.jpg","datePublished":"2025-05-28T19:40:52+00:00","dateModified":"2025-05-28T19:55:40+00:00","description":"Rose Berry Moisturizing Cream for Curly Hair x Avocado Oil","breadcrumb":{"@id":"https:\/\/vitablanca.ma\/produit\/rose-baie-creme-hydratante-cheveux-boucles-x-huile-davocat\/#breadcrumb"},"inLanguage":"en-US","potentialAction":[{"@type":"ReadAction","target":["https:\/\/vitablanca.ma\/produit\/rose-baie-creme-hydratante-cheveux-boucles-x-huile-davocat\/"]}]},{"@type":"ImageObject","inLanguage":"en-US","@id":"https:\/\/vitablanca.ma\/produit\/rose-baie-creme-hydratante-cheveux-boucles-x-huile-davocat\/#primaryimage","url":"https:\/\/vitablanca.ma\/wp-content\/uploads\/2025\/05\/creme_600x_57b17ff0-6faf-461a-b0ec-5e9308a9ddf8.jpg","contentUrl":"https:\/\/vitablanca.ma\/wp-content\/uploads\/2025\/05\/creme_600x_57b17ff0-6faf-461a-b0ec-5e9308a9ddf8.jpg","width":600,"height":600},{"@type":"BreadcrumbList","@id":"https:\/\/vitablanca.ma\/produit\/rose-baie-creme-hydratante-cheveux-boucles-x-huile-davocat\/#breadcrumb","itemListElement":[{"@type":"ListItem","position":1,"name":"Home","item":"https:\/\/vitablanca.ma\/"},{"@type":"ListItem","position":2,"name":"Tous Les Produits","item":"https:\/\/vitablanca.ma\/tous-les-produits\/"},{"@type":"ListItem","position":3,"name":"Rose Baie Cr\u00e8me hydratante Cheveux boucl\u00e9s x Huile d\u2019Avocat"}]},{"@type":"WebSite","@id":"https:\/\/vitablanca.ma\/#website","url":"https:\/\/vitablanca.ma\/","name":"VitaBlanca.ma | Food supplements, health &amp; beauty in Morocco","description":"sell premium vitamins and supplements from USA &amp; Canada, New Zealand, Morocco (NOW Foods, Solgar, Manuka). Fast delivery anywhere in Morocco.","publisher":{"@id":"https:\/\/vitablanca.ma\/#organization"},"alternateName":"VitaBlanca.ma","potentialAction":[{"@type":"SearchAction","target":{"@type":"EntryPoint","urlTemplate":"https:\/\/vitablanca.ma\/?s={search_term_string}"},"query-input":{"@type":"PropertyValueSpecification","valueRequired":true,"valueName":"search_term_string"}}],"inLanguage":"en-US"},{"@type":"Organization","@id":"https:\/\/vitablanca.ma\/#organization","name":"VitaBlanca","url":"https:\/\/vitablanca.ma\/","logo":{"@type":"ImageObject","inLanguage":"en-US","@id":"https:\/\/vitablanca.ma\/#\/schema\/logo\/image\/","url":"https:\/\/vitablanca.ma\/wp-content\/uploads\/2025\/05\/cropped-vitablanca.png","contentUrl":"https:\/\/vitablanca.ma\/wp-content\/uploads\/2025\/05\/cropped-vitablanca.png","width":360,"height":67,"caption":"VitaBlanca"},"image":{"@id":"https:\/\/vitablanca.ma\/#\/schema\/logo\/image\/"},"sameAs":["https:\/\/www.facebook.com\/profile.php?id=61576678196717","https:\/\/www.tiktok.com\/@vitablanca.ma","https:\/\/www.instagram.com\/vitablanca.ma\/"]}]}},"jetpack_sharing_enabled":true,"_links":{"self":[{"href":"https:\/\/vitablanca.ma\/en\/wp-json\/wp\/v2\/product\/10322","targetHints":{"allow":["GET"]}}],"collection":[{"href":"https:\/\/vitablanca.ma\/en\/wp-json\/wp\/v2\/product"}],"about":[{"href":"https:\/\/vitablanca.ma\/en\/wp-json\/wp\/v2\/types\/product"}],"wp:featuredmedia":[{"embeddable":true,"href":"https:\/\/vitablanca.ma\/en\/wp-json\/wp\/v2\/media\/10321"}],"wp:attachment":[{"href":"https:\/\/vitablanca.ma\/en\/wp-json\/wp\/v2\/media?parent=10322"}],"wp:term":[{"taxonomy":"product_brand","embeddable":true,"href":"https:\/\/vitablanca.ma\/en\/wp-json\/wp\/v2\/product_brand?post=10322"},{"taxonomy":"product_cat","embeddable":true,"href":"https:\/\/vitablanca.ma\/en\/wp-json\/wp\/v2\/product_cat?post=10322"},{"taxonomy":"product_tag","embeddable":true,"href":"https:\/\/vitablanca.ma\/en\/wp-json\/wp\/v2\/product_tag?post=10322"}],"curies":[{"name":"wp","href":"https:\/\/api.w.org\/{rel}","templated":true}]}}