{"id":10316,"date":"2025-05-28T19:40:44","date_gmt":"2025-05-28T19:40:44","guid":{"rendered":"https:\/\/vitablanca.ma\/product\/cottage-douche-bain-lait-hydratant-tendre-caramel\/"},"modified":"2025-09-07T21:36:29","modified_gmt":"2025-09-07T21:36:29","slug":"cottage-douche-bain-lait-hydratant-tendre-caramel","status":"publish","type":"product","link":"https:\/\/vitablanca.ma\/en\/product\/cottage-douche-bain-lait-hydratant-tendre-caramel\/","title":{"rendered":"Cottage Shower &amp; Bath Tender Caramel Moisturizing Milk"},"content":{"rendered":"<h3 data-mce-fragment=\"1\">A perfume<\/h3>\n<p data-mce-fragment=\"1\">A gourmet 100% note that takes us back to our childhood: the delicious burst of Caramel, enhanced with a pearl of milk and a touch of vanilla.<\/p>\n<h3 data-mce-fragment=\"1\">Made in France<\/h3>\n<p data-mce-fragment=\"1\">Panther Group is a family-owned SME based near Bordeaux. The formulas and packaging of our shower gels are produced and assembled in France.<\/p>\n<p data-mce-fragment=\"1\">\u00a0<\/p>\n<h3 data-mce-fragment=\"1\">A formula of natural origin*<\/h3>\n<p data-mce-fragment=\"1\">Maximum softness with minimal ingredients. With 97% of naturally derived ingredients*, Cottage has chosen a minimalist formula that&#039;s kind to your skin for even more softness.<\/p>\n<h3 data-mce-fragment=\"1\">Respect for the skin and nature<\/h3>\n<p data-mce-fragment=\"1\">Neutral pH for the skin.<br data-mce-fragment=\"1\">Tolerance tested under dermatological control.<br data-mce-fragment=\"1\">Readily biodegradable formula.<br data-mce-fragment=\"1\">Recyclable 100% bottle &amp; capsule.<\/p>","protected":false},"excerpt":{"rendered":"<p>Un parfum Une note 100% gourmande qui nous replonge au c\u0153ur de notre enfance : l\u2019\u00e9clat gourmand du Caramel, agr\u00e9ment\u00e9 d\u2019une perle de lait et d\u2019une touche de vanille. Une fabrication fran\u00e7aise Groupe Panther est une PME familiale bas\u00e9e pr\u00e8s de Bordeaux. Les formules et emballages de nos gels douche sont produits et assembl\u00e9s en [&hellip;]<\/p>\n","protected":false},"featured_media":10314,"template":"","meta":{"om_disable_all_campaigns":false},"product_brand":[3444],"product_cat":[18,15,1186],"product_tag":[],"class_list":{"0":"post-10316","1":"product","2":"type-product","3":"status-publish","4":"has-post-thumbnail","6":"product_brand-cottage-maroc-prix","7":"product_cat-beaute-sante","8":"product_cat-beaute-sante-complements-alimentaires-soins-et-bien-etre-au-meilleur-prix","9":"product_cat-visage","11":"first","12":"instock","13":"taxable","14":"shipping-taxable","15":"purchasable","16":"product-type-variable"},"yoast_head":"<!-- This site is optimized with the Yoast SEO plugin v27.3 - https:\/\/yoast.com\/product\/yoast-seo-wordpress\/ -->\n<title>Cottage Douche &amp; Bain Lait Hydratant Tendre Caramel - Maroc Prix<\/title>\n<meta name=\"description\" content=\"D\u00e9couvrez le Cottage Caramel Douche &amp; Bain Lait Hydratant Tendre 750ml au Maroc. Ce soin cr\u00e9meux sans paraben nettoie et hydrate intens\u00e9ment votre peau\" \/>\n<meta name=\"robots\" content=\"index, follow, max-snippet:-1, max-image-preview:large, max-video-preview:-1\" \/>\n<link rel=\"canonical\" href=\"https:\/\/vitablanca.ma\/en\/product\/cottage-douche-bain-lait-hydratant-tendre-caramel\/\" \/>\n<meta property=\"og:locale\" content=\"en_US\" \/>\n<meta property=\"og:type\" content=\"article\" \/>\n<meta property=\"og:title\" content=\"Cottage Douche &amp; Bain Lait Hydratant Tendre Caramel - Maroc Prix\" \/>\n<meta property=\"og:description\" content=\"D\u00e9couvrez le Cottage Caramel Douche &amp; Bain Lait Hydratant Tendre 750ml au Maroc. Ce soin cr\u00e9meux sans paraben nettoie et hydrate intens\u00e9ment votre peau\" \/>\n<meta property=\"og:url\" content=\"https:\/\/vitablanca.ma\/en\/product\/cottage-douche-bain-lait-hydratant-tendre-caramel\/\" \/>\n<meta property=\"og:site_name\" content=\"Vitablanca.ma &ndash; Sant&eacute;, vitalit&eacute; et bien-&ecirc;tre pour tous les Marocains\" \/>\n<meta property=\"article:publisher\" content=\"https:\/\/www.facebook.com\/profile.php?id=61576678196717\" \/>\n<meta property=\"article:modified_time\" content=\"2025-09-07T21:36:29+00:00\" \/>\n<meta property=\"og:image\" content=\"https:\/\/vitablanca.ma\/wp-content\/uploads\/2025\/05\/white-COTTAGE_CARAMEL_750ml_720x1300-360x0-c-default.png\" \/>\n\t<meta property=\"og:image:width\" content=\"650\" \/>\n\t<meta property=\"og:image:height\" content=\"650\" \/>\n\t<meta property=\"og:image:type\" content=\"image\/png\" \/>\n<meta name=\"twitter:card\" content=\"summary_large_image\" \/>\n<meta name=\"twitter:label1\" content=\"Est. reading time\" \/>\n\t<meta name=\"twitter:data1\" content=\"1 minute\" \/>\n<script type=\"application\/ld+json\" class=\"yoast-schema-graph\">{\"@context\":\"https:\\\/\\\/schema.org\",\"@graph\":[{\"@type\":[\"WebPage\",\"ItemPage\"],\"@id\":\"https:\\\/\\\/vitablanca.ma\\\/produit\\\/cottage-douche-bain-lait-hydratant-tendre-caramel\\\/\",\"url\":\"https:\\\/\\\/vitablanca.ma\\\/produit\\\/cottage-douche-bain-lait-hydratant-tendre-caramel\\\/\",\"name\":\"Cottage Douche &amp; Bain Lait Hydratant Tendre Caramel - Maroc Prix\",\"isPartOf\":{\"@id\":\"https:\\\/\\\/vitablanca.ma\\\/#website\"},\"primaryImageOfPage\":{\"@id\":\"https:\\\/\\\/vitablanca.ma\\\/produit\\\/cottage-douche-bain-lait-hydratant-tendre-caramel\\\/#primaryimage\"},\"image\":{\"@id\":\"https:\\\/\\\/vitablanca.ma\\\/produit\\\/cottage-douche-bain-lait-hydratant-tendre-caramel\\\/#primaryimage\"},\"thumbnailUrl\":\"https:\\\/\\\/vitablanca.ma\\\/wp-content\\\/uploads\\\/2025\\\/05\\\/white-COTTAGE_CARAMEL_750ml_720x1300-360x0-c-default.png\",\"datePublished\":\"2025-05-28T19:40:44+00:00\",\"dateModified\":\"2025-09-07T21:36:29+00:00\",\"description\":\"D\u00e9couvrez le Cottage Caramel Douche & Bain Lait Hydratant Tendre 750ml au Maroc. Ce soin cr\u00e9meux sans paraben nettoie et hydrate intens\u00e9ment votre peau\",\"breadcrumb\":{\"@id\":\"https:\\\/\\\/vitablanca.ma\\\/produit\\\/cottage-douche-bain-lait-hydratant-tendre-caramel\\\/#breadcrumb\"},\"inLanguage\":\"en-US\",\"potentialAction\":[{\"@type\":\"ReadAction\",\"target\":[\"https:\\\/\\\/vitablanca.ma\\\/produit\\\/cottage-douche-bain-lait-hydratant-tendre-caramel\\\/\"]}]},{\"@type\":\"ImageObject\",\"inLanguage\":\"en-US\",\"@id\":\"https:\\\/\\\/vitablanca.ma\\\/produit\\\/cottage-douche-bain-lait-hydratant-tendre-caramel\\\/#primaryimage\",\"url\":\"https:\\\/\\\/vitablanca.ma\\\/wp-content\\\/uploads\\\/2025\\\/05\\\/white-COTTAGE_CARAMEL_750ml_720x1300-360x0-c-default.png\",\"contentUrl\":\"https:\\\/\\\/vitablanca.ma\\\/wp-content\\\/uploads\\\/2025\\\/05\\\/white-COTTAGE_CARAMEL_750ml_720x1300-360x0-c-default.png\",\"width\":650,\"height\":650},{\"@type\":\"BreadcrumbList\",\"@id\":\"https:\\\/\\\/vitablanca.ma\\\/produit\\\/cottage-douche-bain-lait-hydratant-tendre-caramel\\\/#breadcrumb\",\"itemListElement\":[{\"@type\":\"ListItem\",\"position\":1,\"name\":\"Home\",\"item\":\"https:\\\/\\\/vitablanca.ma\\\/\"},{\"@type\":\"ListItem\",\"position\":2,\"name\":\"Tous Les Produits\",\"item\":\"https:\\\/\\\/vitablanca.ma\\\/tous-les-produits\\\/\"},{\"@type\":\"ListItem\",\"position\":3,\"name\":\"Cottage Douche &amp; Bain Lait Hydratant Tendre Caramel\"}]},{\"@type\":\"WebSite\",\"@id\":\"https:\\\/\\\/vitablanca.ma\\\/#website\",\"url\":\"https:\\\/\\\/vitablanca.ma\\\/\",\"name\":\"VitaBlanca.ma | Compl\u00e9ments alimentaires, sant\u00e9 & beaut\u00e9 au Maroc\",\"description\":\"vendre vitamines et compl\u00e9ments premium des USA &amp; Canada, Nouvelle Z\u00e9lande,Maroc (NOW Foods, Solgar, Manuka). Livraison rapide partout au Maroc.\",\"publisher\":{\"@id\":\"https:\\\/\\\/vitablanca.ma\\\/#organization\"},\"alternateName\":\"VitaBlanca.ma\",\"potentialAction\":[{\"@type\":\"SearchAction\",\"target\":{\"@type\":\"EntryPoint\",\"urlTemplate\":\"https:\\\/\\\/vitablanca.ma\\\/?s={search_term_string}\"},\"query-input\":{\"@type\":\"PropertyValueSpecification\",\"valueRequired\":true,\"valueName\":\"search_term_string\"}}],\"inLanguage\":\"en-US\"},{\"@type\":\"Organization\",\"@id\":\"https:\\\/\\\/vitablanca.ma\\\/#organization\",\"name\":\"VitaBlanca\",\"url\":\"https:\\\/\\\/vitablanca.ma\\\/\",\"logo\":{\"@type\":\"ImageObject\",\"inLanguage\":\"en-US\",\"@id\":\"https:\\\/\\\/vitablanca.ma\\\/#\\\/schema\\\/logo\\\/image\\\/\",\"url\":\"https:\\\/\\\/vitablanca.ma\\\/wp-content\\\/uploads\\\/2025\\\/05\\\/cropped-vitablanca.png\",\"contentUrl\":\"https:\\\/\\\/vitablanca.ma\\\/wp-content\\\/uploads\\\/2025\\\/05\\\/cropped-vitablanca.png\",\"width\":360,\"height\":67,\"caption\":\"VitaBlanca\"},\"image\":{\"@id\":\"https:\\\/\\\/vitablanca.ma\\\/#\\\/schema\\\/logo\\\/image\\\/\"},\"sameAs\":[\"https:\\\/\\\/www.facebook.com\\\/profile.php?id=61576678196717\",\"https:\\\/\\\/www.tiktok.com\\\/@vitablanca.ma\",\"https:\\\/\\\/www.instagram.com\\\/vitablanca.ma\\\/\"]}]}<\/script>\n<!-- \/ Yoast SEO plugin. -->","yoast_head_json":{"title":"Cottage Shower &amp; Bath Moisturizing Milk Tender Caramel - Morocco Price","description":"Discover the Cottage Caramel Shower &amp; Bath Tender Moisturizing Milk 750ml in Morocco. This creamy, paraben-free treatment intensely cleanses and hydrates your skin.","robots":{"index":"index","follow":"follow","max-snippet":"max-snippet:-1","max-image-preview":"max-image-preview:large","max-video-preview":"max-video-preview:-1"},"canonical":"https:\/\/vitablanca.ma\/en\/product\/cottage-douche-bain-lait-hydratant-tendre-caramel\/","og_locale":"en_US","og_type":"article","og_title":"Cottage Douche &amp; Bain Lait Hydratant Tendre Caramel - Maroc Prix","og_description":"D\u00e9couvrez le Cottage Caramel Douche & Bain Lait Hydratant Tendre 750ml au Maroc. Ce soin cr\u00e9meux sans paraben nettoie et hydrate intens\u00e9ment votre peau","og_url":"https:\/\/vitablanca.ma\/en\/product\/cottage-douche-bain-lait-hydratant-tendre-caramel\/","og_site_name":"Vitablanca.ma &ndash; Sant&eacute;, vitalit&eacute; et bien-&ecirc;tre pour tous les Marocains","article_publisher":"https:\/\/www.facebook.com\/profile.php?id=61576678196717","article_modified_time":"2025-09-07T21:36:29+00:00","og_image":[{"width":650,"height":650,"url":"https:\/\/vitablanca.ma\/wp-content\/uploads\/2025\/05\/white-COTTAGE_CARAMEL_750ml_720x1300-360x0-c-default.png","type":"image\/png"}],"twitter_card":"summary_large_image","twitter_misc":{"Est. reading time":"1 minute"},"schema":{"@context":"https:\/\/schema.org","@graph":[{"@type":["WebPage","ItemPage"],"@id":"https:\/\/vitablanca.ma\/produit\/cottage-douche-bain-lait-hydratant-tendre-caramel\/","url":"https:\/\/vitablanca.ma\/produit\/cottage-douche-bain-lait-hydratant-tendre-caramel\/","name":"Cottage Shower &amp; Bath Moisturizing Milk Tender Caramel - Morocco Price","isPartOf":{"@id":"https:\/\/vitablanca.ma\/#website"},"primaryImageOfPage":{"@id":"https:\/\/vitablanca.ma\/produit\/cottage-douche-bain-lait-hydratant-tendre-caramel\/#primaryimage"},"image":{"@id":"https:\/\/vitablanca.ma\/produit\/cottage-douche-bain-lait-hydratant-tendre-caramel\/#primaryimage"},"thumbnailUrl":"https:\/\/vitablanca.ma\/wp-content\/uploads\/2025\/05\/white-COTTAGE_CARAMEL_750ml_720x1300-360x0-c-default.png","datePublished":"2025-05-28T19:40:44+00:00","dateModified":"2025-09-07T21:36:29+00:00","description":"Discover the Cottage Caramel Shower &amp; Bath Tender Moisturizing Milk 750ml in Morocco. This creamy, paraben-free treatment intensely cleanses and hydrates your skin.","breadcrumb":{"@id":"https:\/\/vitablanca.ma\/produit\/cottage-douche-bain-lait-hydratant-tendre-caramel\/#breadcrumb"},"inLanguage":"en-US","potentialAction":[{"@type":"ReadAction","target":["https:\/\/vitablanca.ma\/produit\/cottage-douche-bain-lait-hydratant-tendre-caramel\/"]}]},{"@type":"ImageObject","inLanguage":"en-US","@id":"https:\/\/vitablanca.ma\/produit\/cottage-douche-bain-lait-hydratant-tendre-caramel\/#primaryimage","url":"https:\/\/vitablanca.ma\/wp-content\/uploads\/2025\/05\/white-COTTAGE_CARAMEL_750ml_720x1300-360x0-c-default.png","contentUrl":"https:\/\/vitablanca.ma\/wp-content\/uploads\/2025\/05\/white-COTTAGE_CARAMEL_750ml_720x1300-360x0-c-default.png","width":650,"height":650},{"@type":"BreadcrumbList","@id":"https:\/\/vitablanca.ma\/produit\/cottage-douche-bain-lait-hydratant-tendre-caramel\/#breadcrumb","itemListElement":[{"@type":"ListItem","position":1,"name":"Home","item":"https:\/\/vitablanca.ma\/"},{"@type":"ListItem","position":2,"name":"Tous Les Produits","item":"https:\/\/vitablanca.ma\/tous-les-produits\/"},{"@type":"ListItem","position":3,"name":"Cottage Douche &amp; Bain Lait Hydratant Tendre Caramel"}]},{"@type":"WebSite","@id":"https:\/\/vitablanca.ma\/#website","url":"https:\/\/vitablanca.ma\/","name":"VitaBlanca.ma | Food supplements, health &amp; beauty in Morocco","description":"sell premium vitamins and supplements from USA &amp; Canada, New Zealand, Morocco (NOW Foods, Solgar, Manuka). Fast delivery anywhere in Morocco.","publisher":{"@id":"https:\/\/vitablanca.ma\/#organization"},"alternateName":"VitaBlanca.ma","potentialAction":[{"@type":"SearchAction","target":{"@type":"EntryPoint","urlTemplate":"https:\/\/vitablanca.ma\/?s={search_term_string}"},"query-input":{"@type":"PropertyValueSpecification","valueRequired":true,"valueName":"search_term_string"}}],"inLanguage":"en-US"},{"@type":"Organization","@id":"https:\/\/vitablanca.ma\/#organization","name":"VitaBlanca","url":"https:\/\/vitablanca.ma\/","logo":{"@type":"ImageObject","inLanguage":"en-US","@id":"https:\/\/vitablanca.ma\/#\/schema\/logo\/image\/","url":"https:\/\/vitablanca.ma\/wp-content\/uploads\/2025\/05\/cropped-vitablanca.png","contentUrl":"https:\/\/vitablanca.ma\/wp-content\/uploads\/2025\/05\/cropped-vitablanca.png","width":360,"height":67,"caption":"VitaBlanca"},"image":{"@id":"https:\/\/vitablanca.ma\/#\/schema\/logo\/image\/"},"sameAs":["https:\/\/www.facebook.com\/profile.php?id=61576678196717","https:\/\/www.tiktok.com\/@vitablanca.ma","https:\/\/www.instagram.com\/vitablanca.ma\/"]}]}},"jetpack_sharing_enabled":true,"_links":{"self":[{"href":"https:\/\/vitablanca.ma\/en\/wp-json\/wp\/v2\/product\/10316","targetHints":{"allow":["GET"]}}],"collection":[{"href":"https:\/\/vitablanca.ma\/en\/wp-json\/wp\/v2\/product"}],"about":[{"href":"https:\/\/vitablanca.ma\/en\/wp-json\/wp\/v2\/types\/product"}],"wp:featuredmedia":[{"embeddable":true,"href":"https:\/\/vitablanca.ma\/en\/wp-json\/wp\/v2\/media\/10314"}],"wp:attachment":[{"href":"https:\/\/vitablanca.ma\/en\/wp-json\/wp\/v2\/media?parent=10316"}],"wp:term":[{"taxonomy":"product_brand","embeddable":true,"href":"https:\/\/vitablanca.ma\/en\/wp-json\/wp\/v2\/product_brand?post=10316"},{"taxonomy":"product_cat","embeddable":true,"href":"https:\/\/vitablanca.ma\/en\/wp-json\/wp\/v2\/product_cat?post=10316"},{"taxonomy":"product_tag","embeddable":true,"href":"https:\/\/vitablanca.ma\/en\/wp-json\/wp\/v2\/product_tag?post=10316"}],"curies":[{"name":"wp","href":"https:\/\/api.w.org\/{rel}","templated":true}]}}