{"id":10305,"date":"2025-05-28T19:40:24","date_gmt":"2025-05-28T19:40:24","guid":{"rendered":"https:\/\/vitablanca.ma\/product\/medicube-pdrn-pink-hyaluronic-moisturizing-cream-50ml\/"},"modified":"2025-05-28T19:55:41","modified_gmt":"2025-05-28T19:55:41","slug":"medicube-pdrn-pink-hyaluronic-moisturizing-cream-50ml","status":"publish","type":"product","link":"https:\/\/vitablanca.ma\/en\/product\/medicube-pdrn-pink-hyaluronic-moisturizing-cream-50ml\/","title":{"rendered":"MEDICUBE \u2013 PDRN Pink Hyaluronic Moisturizing Cream \u2013 50ml"},"content":{"rendered":"<p data-start=\"0\" data-end=\"54\" class=\"\"><strong data-start=\"0\" data-end=\"52\">Medicube PDRN Hyaluronic Moisturizing Cream Rose<\/strong><\/p>\n<p data-start=\"56\" data-end=\"464\" class=\"\"><strong data-start=\"56\" data-end=\"74\">Introduction :<\/strong><br data-start=\"74\" data-end=\"77\">Discover the <strong data-start=\"90\" data-end=\"142\">Medicube PDRN pink hyaluronic moisturizer<\/strong>, a multi-purpose solution designed to reduce stubborn imperfections, even out skin tone and strengthen the skin barrier. Thanks to its formula enriched with <strong data-start=\"299\" data-end=\"317\">Salmon PDRN<\/strong>, in <strong data-start=\"322\" data-end=\"337\">niacinamide<\/strong> and in <strong data-start=\"344\" data-end=\"379\">10 layers of hyaluronic acid<\/strong>, this cream deeply hydrates while bringing radiance and suppleness to the skin.<\/p>\n<p data-start=\"466\" data-end=\"494\" class=\"\"><strong data-start=\"466\" data-end=\"492\">Product benefits:<\/strong><\/p>\n<ul data-start=\"495\" data-end=\"826\">\n<li data-start=\"495\" data-end=\"546\" class=\"\">\n<p data-start=\"497\" data-end=\"546\" class=\"\"><strong data-start=\"497\" data-end=\"525\">Reduces imperfections<\/strong> and evens out the complexion<\/p>\n<\/li>\n<li data-start=\"547\" data-end=\"616\" class=\"\">\n<p data-start=\"549\" data-end=\"616\" class=\"\"><strong data-start=\"549\" data-end=\"562\">Lightens<\/strong> skin thanks to salmon PDRN and niacinamide<\/p>\n<\/li>\n<li data-start=\"617\" data-end=\"681\" class=\"\">\n<p data-start=\"619\" data-end=\"681\" class=\"\"><strong data-start=\"619\" data-end=\"642\">Intensely hydrates<\/strong> with 10 layers of hyaluronic acid<\/p>\n<\/li>\n<li data-start=\"682\" data-end=\"748\" class=\"\">\n<p data-start=\"684\" data-end=\"748\" class=\"\"><strong data-start=\"684\" data-end=\"716\">Strengthens the skin barrier<\/strong> for more resilient skin<\/p>\n<\/li>\n<li data-start=\"749\" data-end=\"826\" class=\"\">\n<p data-start=\"751\" data-end=\"826\" class=\"\"><strong data-start=\"751\" data-end=\"783\">Light, non-greasy texture<\/strong>, ideal for everyday use<\/p>\n<\/li>\n<\/ul>\n<p data-start=\"828\" data-end=\"854\" class=\"\"><strong data-start=\"828\" data-end=\"852\">Product Details:<\/strong><\/p>\n<ul data-start=\"855\" data-end=\"1013\">\n<li data-start=\"855\" data-end=\"880\" class=\"\">\n<p data-start=\"857\" data-end=\"880\" class=\"\"><strong data-start=\"857\" data-end=\"869\">Brand :<\/strong> Medicube<\/p>\n<\/li>\n<li data-start=\"881\" data-end=\"923\" class=\"\">\n<p data-start=\"883\" data-end=\"923\" class=\"\"><strong data-start=\"883\" data-end=\"904\">Product type:<\/strong> Moisturizing cream<\/p>\n<\/li>\n<li data-start=\"924\" data-end=\"954\" class=\"\">\n<p data-start=\"926\" data-end=\"954\" class=\"\"><strong data-start=\"926\" data-end=\"937\">Range :<\/strong> Facial<\/p>\n<\/li>\n<li data-start=\"955\" data-end=\"1013\" class=\"\">\n<p data-start=\"957\" data-end=\"1013\" class=\"\"><strong data-start=\"957\" data-end=\"973\">Capacity:<\/strong> To be specified according to the available format<\/p>\n<\/li>\n<\/ul>\n<p data-start=\"1015\" data-end=\"1036\" class=\"\"><strong data-start=\"1015\" data-end=\"1034\">Instructions for use:<\/strong><\/p>\n<ol data-start=\"1037\" data-end=\"1214\" data-is-last-node=\"\" data-is-only-node=\"\">\n<li data-start=\"1037\" data-end=\"1105\" class=\"\">\n<p data-start=\"1040\" data-end=\"1105\" class=\"\">Apply a sufficient amount to clean, dry skin.<\/p>\n<\/li>\n<li data-start=\"1106\" data-end=\"1159\" class=\"\">\n<p data-start=\"1109\" data-end=\"1159\" class=\"\">Massage gently until completely absorbed.<\/p>\n<\/li>\n<li data-start=\"1160\" data-end=\"1214\" class=\"\">\n<p data-start=\"1163\" data-end=\"1214\" class=\"\">Use morning and evening for optimal results.<\/p>\n<\/li>\n<\/ol>","protected":false},"excerpt":{"rendered":"<p>Medicube PDRN Cr\u00e8me Hydratante Hyaluronique Rose Introduction :D\u00e9couvrez la cr\u00e8me hydratante hyaluronique rose Medicube PDRN, une solution polyvalente con\u00e7ue pour att\u00e9nuer les imperfections tenaces, unifier le teint et renforcer la barri\u00e8re cutan\u00e9e. Gr\u00e2ce \u00e0 sa formule enrichie en PDRN de saumon, en niacinamide et en 10 couches d\u2019acide hyaluronique, cette cr\u00e8me hydrate en profondeur tout [&hellip;]<\/p>\n","protected":false},"featured_media":10299,"template":"","meta":{"om_disable_all_campaigns":false},"product_brand":[],"product_cat":[18,15,1186],"product_tag":[],"class_list":{"0":"post-10305","1":"product","2":"type-product","3":"status-publish","4":"has-post-thumbnail","6":"product_cat-beaute-sante","7":"product_cat-beaute-sante-complements-alimentaires-soins-et-bien-etre-au-meilleur-prix","8":"product_cat-visage","10":"first","11":"instock","12":"taxable","13":"shipping-taxable","14":"purchasable","15":"product-type-simple"},"yoast_head":"<!-- This site is optimized with the Yoast SEO plugin v27.3 - https:\/\/yoast.com\/product\/yoast-seo-wordpress\/ -->\n<title>MEDICUBE - PDRN Pink Hyaluronic Moisturizing Cream - 50ml - Maroc Prix<\/title>\n<meta name=\"description\" content=\"MEDICUBE - PDRN Pink Hyaluronic Moisturizing Cream - 50ml\" \/>\n<meta name=\"robots\" content=\"index, follow, max-snippet:-1, max-image-preview:large, max-video-preview:-1\" \/>\n<link rel=\"canonical\" href=\"https:\/\/vitablanca.ma\/en\/product\/medicube-pdrn-pink-hyaluronic-moisturizing-cream-50ml\/\" \/>\n<meta property=\"og:locale\" content=\"en_US\" \/>\n<meta property=\"og:type\" content=\"article\" \/>\n<meta property=\"og:title\" content=\"MEDICUBE - PDRN Pink Hyaluronic Moisturizing Cream - 50ml - Maroc Prix\" \/>\n<meta property=\"og:description\" content=\"MEDICUBE - PDRN Pink Hyaluronic Moisturizing Cream - 50ml\" \/>\n<meta property=\"og:url\" content=\"https:\/\/vitablanca.ma\/en\/product\/medicube-pdrn-pink-hyaluronic-moisturizing-cream-50ml\/\" \/>\n<meta property=\"og:site_name\" content=\"Vitablanca.ma &ndash; Sant&eacute;, vitalit&eacute; et bien-&ecirc;tre pour tous les Marocains\" \/>\n<meta property=\"article:publisher\" content=\"https:\/\/www.facebook.com\/profile.php?id=61576678196717\" \/>\n<meta property=\"article:modified_time\" content=\"2025-05-28T19:55:41+00:00\" \/>\n<meta property=\"og:image\" content=\"https:\/\/vitablanca.ma\/wp-content\/uploads\/2025\/05\/IMG-7554_565731d4-be66-49c7-ae4b-f629094d86a2.jpg\" \/>\n\t<meta property=\"og:image:width\" content=\"1000\" \/>\n\t<meta property=\"og:image:height\" content=\"1000\" \/>\n\t<meta property=\"og:image:type\" content=\"image\/jpeg\" \/>\n<meta name=\"twitter:card\" content=\"summary_large_image\" \/>\n<meta name=\"twitter:label1\" content=\"Est. reading time\" \/>\n\t<meta name=\"twitter:data1\" content=\"1 minute\" \/>\n<script type=\"application\/ld+json\" class=\"yoast-schema-graph\">{\"@context\":\"https:\\\/\\\/schema.org\",\"@graph\":[{\"@type\":[\"WebPage\",\"ItemPage\"],\"@id\":\"https:\\\/\\\/vitablanca.ma\\\/produit\\\/medicube-pdrn-pink-hyaluronic-moisturizing-cream-50ml\\\/\",\"url\":\"https:\\\/\\\/vitablanca.ma\\\/produit\\\/medicube-pdrn-pink-hyaluronic-moisturizing-cream-50ml\\\/\",\"name\":\"MEDICUBE - PDRN Pink Hyaluronic Moisturizing Cream - 50ml - Maroc Prix\",\"isPartOf\":{\"@id\":\"https:\\\/\\\/vitablanca.ma\\\/#website\"},\"primaryImageOfPage\":{\"@id\":\"https:\\\/\\\/vitablanca.ma\\\/produit\\\/medicube-pdrn-pink-hyaluronic-moisturizing-cream-50ml\\\/#primaryimage\"},\"image\":{\"@id\":\"https:\\\/\\\/vitablanca.ma\\\/produit\\\/medicube-pdrn-pink-hyaluronic-moisturizing-cream-50ml\\\/#primaryimage\"},\"thumbnailUrl\":\"https:\\\/\\\/vitablanca.ma\\\/wp-content\\\/uploads\\\/2025\\\/05\\\/IMG-7554_565731d4-be66-49c7-ae4b-f629094d86a2.jpg\",\"datePublished\":\"2025-05-28T19:40:24+00:00\",\"dateModified\":\"2025-05-28T19:55:41+00:00\",\"description\":\"MEDICUBE - PDRN Pink Hyaluronic Moisturizing Cream - 50ml\",\"breadcrumb\":{\"@id\":\"https:\\\/\\\/vitablanca.ma\\\/produit\\\/medicube-pdrn-pink-hyaluronic-moisturizing-cream-50ml\\\/#breadcrumb\"},\"inLanguage\":\"en-US\",\"potentialAction\":[{\"@type\":\"ReadAction\",\"target\":[\"https:\\\/\\\/vitablanca.ma\\\/produit\\\/medicube-pdrn-pink-hyaluronic-moisturizing-cream-50ml\\\/\"]}]},{\"@type\":\"ImageObject\",\"inLanguage\":\"en-US\",\"@id\":\"https:\\\/\\\/vitablanca.ma\\\/produit\\\/medicube-pdrn-pink-hyaluronic-moisturizing-cream-50ml\\\/#primaryimage\",\"url\":\"https:\\\/\\\/vitablanca.ma\\\/wp-content\\\/uploads\\\/2025\\\/05\\\/IMG-7554_565731d4-be66-49c7-ae4b-f629094d86a2.jpg\",\"contentUrl\":\"https:\\\/\\\/vitablanca.ma\\\/wp-content\\\/uploads\\\/2025\\\/05\\\/IMG-7554_565731d4-be66-49c7-ae4b-f629094d86a2.jpg\",\"width\":1000,\"height\":1000},{\"@type\":\"BreadcrumbList\",\"@id\":\"https:\\\/\\\/vitablanca.ma\\\/produit\\\/medicube-pdrn-pink-hyaluronic-moisturizing-cream-50ml\\\/#breadcrumb\",\"itemListElement\":[{\"@type\":\"ListItem\",\"position\":1,\"name\":\"Home\",\"item\":\"https:\\\/\\\/vitablanca.ma\\\/\"},{\"@type\":\"ListItem\",\"position\":2,\"name\":\"Tous Les Produits\",\"item\":\"https:\\\/\\\/vitablanca.ma\\\/tous-les-produits\\\/\"},{\"@type\":\"ListItem\",\"position\":3,\"name\":\"MEDICUBE &#8211; PDRN Pink Hyaluronic Moisturizing Cream &#8211; 50ml\"}]},{\"@type\":\"WebSite\",\"@id\":\"https:\\\/\\\/vitablanca.ma\\\/#website\",\"url\":\"https:\\\/\\\/vitablanca.ma\\\/\",\"name\":\"VitaBlanca.ma | Compl\u00e9ments alimentaires, sant\u00e9 & beaut\u00e9 au Maroc\",\"description\":\"vendre vitamines et compl\u00e9ments premium des USA &amp; Canada, Nouvelle Z\u00e9lande,Maroc (NOW Foods, Solgar, Manuka). Livraison rapide partout au Maroc.\",\"publisher\":{\"@id\":\"https:\\\/\\\/vitablanca.ma\\\/#organization\"},\"alternateName\":\"VitaBlanca.ma\",\"potentialAction\":[{\"@type\":\"SearchAction\",\"target\":{\"@type\":\"EntryPoint\",\"urlTemplate\":\"https:\\\/\\\/vitablanca.ma\\\/?s={search_term_string}\"},\"query-input\":{\"@type\":\"PropertyValueSpecification\",\"valueRequired\":true,\"valueName\":\"search_term_string\"}}],\"inLanguage\":\"en-US\"},{\"@type\":\"Organization\",\"@id\":\"https:\\\/\\\/vitablanca.ma\\\/#organization\",\"name\":\"VitaBlanca\",\"url\":\"https:\\\/\\\/vitablanca.ma\\\/\",\"logo\":{\"@type\":\"ImageObject\",\"inLanguage\":\"en-US\",\"@id\":\"https:\\\/\\\/vitablanca.ma\\\/#\\\/schema\\\/logo\\\/image\\\/\",\"url\":\"https:\\\/\\\/vitablanca.ma\\\/wp-content\\\/uploads\\\/2025\\\/05\\\/cropped-vitablanca.png\",\"contentUrl\":\"https:\\\/\\\/vitablanca.ma\\\/wp-content\\\/uploads\\\/2025\\\/05\\\/cropped-vitablanca.png\",\"width\":360,\"height\":67,\"caption\":\"VitaBlanca\"},\"image\":{\"@id\":\"https:\\\/\\\/vitablanca.ma\\\/#\\\/schema\\\/logo\\\/image\\\/\"},\"sameAs\":[\"https:\\\/\\\/www.facebook.com\\\/profile.php?id=61576678196717\",\"https:\\\/\\\/www.tiktok.com\\\/@vitablanca.ma\",\"https:\\\/\\\/www.instagram.com\\\/vitablanca.ma\\\/\"]}]}<\/script>\n<!-- \/ Yoast SEO plugin. -->","yoast_head_json":{"title":"MEDICUBE - PDRN Pink Hyaluronic Moisturizing Cream - 50ml - Morocco Price","description":"MEDICUBE - PDRN Pink Hyaluronic Moisturizing Cream - 50ml","robots":{"index":"index","follow":"follow","max-snippet":"max-snippet:-1","max-image-preview":"max-image-preview:large","max-video-preview":"max-video-preview:-1"},"canonical":"https:\/\/vitablanca.ma\/en\/product\/medicube-pdrn-pink-hyaluronic-moisturizing-cream-50ml\/","og_locale":"en_US","og_type":"article","og_title":"MEDICUBE - PDRN Pink Hyaluronic Moisturizing Cream - 50ml - Maroc Prix","og_description":"MEDICUBE - PDRN Pink Hyaluronic Moisturizing Cream - 50ml","og_url":"https:\/\/vitablanca.ma\/en\/product\/medicube-pdrn-pink-hyaluronic-moisturizing-cream-50ml\/","og_site_name":"Vitablanca.ma &ndash; Sant&eacute;, vitalit&eacute; et bien-&ecirc;tre pour tous les Marocains","article_publisher":"https:\/\/www.facebook.com\/profile.php?id=61576678196717","article_modified_time":"2025-05-28T19:55:41+00:00","og_image":[{"width":1000,"height":1000,"url":"https:\/\/vitablanca.ma\/wp-content\/uploads\/2025\/05\/IMG-7554_565731d4-be66-49c7-ae4b-f629094d86a2.jpg","type":"image\/jpeg"}],"twitter_card":"summary_large_image","twitter_misc":{"Est. reading time":"1 minute"},"schema":{"@context":"https:\/\/schema.org","@graph":[{"@type":["WebPage","ItemPage"],"@id":"https:\/\/vitablanca.ma\/produit\/medicube-pdrn-pink-hyaluronic-moisturizing-cream-50ml\/","url":"https:\/\/vitablanca.ma\/produit\/medicube-pdrn-pink-hyaluronic-moisturizing-cream-50ml\/","name":"MEDICUBE - PDRN Pink Hyaluronic Moisturizing Cream - 50ml - Morocco Price","isPartOf":{"@id":"https:\/\/vitablanca.ma\/#website"},"primaryImageOfPage":{"@id":"https:\/\/vitablanca.ma\/produit\/medicube-pdrn-pink-hyaluronic-moisturizing-cream-50ml\/#primaryimage"},"image":{"@id":"https:\/\/vitablanca.ma\/produit\/medicube-pdrn-pink-hyaluronic-moisturizing-cream-50ml\/#primaryimage"},"thumbnailUrl":"https:\/\/vitablanca.ma\/wp-content\/uploads\/2025\/05\/IMG-7554_565731d4-be66-49c7-ae4b-f629094d86a2.jpg","datePublished":"2025-05-28T19:40:24+00:00","dateModified":"2025-05-28T19:55:41+00:00","description":"MEDICUBE - PDRN Pink Hyaluronic Moisturizing Cream - 50ml","breadcrumb":{"@id":"https:\/\/vitablanca.ma\/produit\/medicube-pdrn-pink-hyaluronic-moisturizing-cream-50ml\/#breadcrumb"},"inLanguage":"en-US","potentialAction":[{"@type":"ReadAction","target":["https:\/\/vitablanca.ma\/produit\/medicube-pdrn-pink-hyaluronic-moisturizing-cream-50ml\/"]}]},{"@type":"ImageObject","inLanguage":"en-US","@id":"https:\/\/vitablanca.ma\/produit\/medicube-pdrn-pink-hyaluronic-moisturizing-cream-50ml\/#primaryimage","url":"https:\/\/vitablanca.ma\/wp-content\/uploads\/2025\/05\/IMG-7554_565731d4-be66-49c7-ae4b-f629094d86a2.jpg","contentUrl":"https:\/\/vitablanca.ma\/wp-content\/uploads\/2025\/05\/IMG-7554_565731d4-be66-49c7-ae4b-f629094d86a2.jpg","width":1000,"height":1000},{"@type":"BreadcrumbList","@id":"https:\/\/vitablanca.ma\/produit\/medicube-pdrn-pink-hyaluronic-moisturizing-cream-50ml\/#breadcrumb","itemListElement":[{"@type":"ListItem","position":1,"name":"Home","item":"https:\/\/vitablanca.ma\/"},{"@type":"ListItem","position":2,"name":"Tous Les Produits","item":"https:\/\/vitablanca.ma\/tous-les-produits\/"},{"@type":"ListItem","position":3,"name":"MEDICUBE &#8211; PDRN Pink Hyaluronic Moisturizing Cream &#8211; 50ml"}]},{"@type":"WebSite","@id":"https:\/\/vitablanca.ma\/#website","url":"https:\/\/vitablanca.ma\/","name":"VitaBlanca.ma | Food supplements, health &amp; beauty in Morocco","description":"sell premium vitamins and supplements from USA &amp; Canada, New Zealand, Morocco (NOW Foods, Solgar, Manuka). Fast delivery anywhere in Morocco.","publisher":{"@id":"https:\/\/vitablanca.ma\/#organization"},"alternateName":"VitaBlanca.ma","potentialAction":[{"@type":"SearchAction","target":{"@type":"EntryPoint","urlTemplate":"https:\/\/vitablanca.ma\/?s={search_term_string}"},"query-input":{"@type":"PropertyValueSpecification","valueRequired":true,"valueName":"search_term_string"}}],"inLanguage":"en-US"},{"@type":"Organization","@id":"https:\/\/vitablanca.ma\/#organization","name":"VitaBlanca","url":"https:\/\/vitablanca.ma\/","logo":{"@type":"ImageObject","inLanguage":"en-US","@id":"https:\/\/vitablanca.ma\/#\/schema\/logo\/image\/","url":"https:\/\/vitablanca.ma\/wp-content\/uploads\/2025\/05\/cropped-vitablanca.png","contentUrl":"https:\/\/vitablanca.ma\/wp-content\/uploads\/2025\/05\/cropped-vitablanca.png","width":360,"height":67,"caption":"VitaBlanca"},"image":{"@id":"https:\/\/vitablanca.ma\/#\/schema\/logo\/image\/"},"sameAs":["https:\/\/www.facebook.com\/profile.php?id=61576678196717","https:\/\/www.tiktok.com\/@vitablanca.ma","https:\/\/www.instagram.com\/vitablanca.ma\/"]}]}},"jetpack_sharing_enabled":true,"_links":{"self":[{"href":"https:\/\/vitablanca.ma\/en\/wp-json\/wp\/v2\/product\/10305","targetHints":{"allow":["GET"]}}],"collection":[{"href":"https:\/\/vitablanca.ma\/en\/wp-json\/wp\/v2\/product"}],"about":[{"href":"https:\/\/vitablanca.ma\/en\/wp-json\/wp\/v2\/types\/product"}],"wp:featuredmedia":[{"embeddable":true,"href":"https:\/\/vitablanca.ma\/en\/wp-json\/wp\/v2\/media\/10299"}],"wp:attachment":[{"href":"https:\/\/vitablanca.ma\/en\/wp-json\/wp\/v2\/media?parent=10305"}],"wp:term":[{"taxonomy":"product_brand","embeddable":true,"href":"https:\/\/vitablanca.ma\/en\/wp-json\/wp\/v2\/product_brand?post=10305"},{"taxonomy":"product_cat","embeddable":true,"href":"https:\/\/vitablanca.ma\/en\/wp-json\/wp\/v2\/product_cat?post=10305"},{"taxonomy":"product_tag","embeddable":true,"href":"https:\/\/vitablanca.ma\/en\/wp-json\/wp\/v2\/product_tag?post=10305"}],"curies":[{"name":"wp","href":"https:\/\/api.w.org\/{rel}","templated":true}]}}