{"id":10301,"date":"2025-05-28T19:40:18","date_gmt":"2025-05-28T19:40:18","guid":{"rendered":"https:\/\/vitablanca.ma\/product\/eucerin-hyaluron-filler-soin-de-jour-peau-seche-spf-15-photoaging-control-teinte-spf-50-50ml-offert\/"},"modified":"2026-01-21T23:25:23","modified_gmt":"2026-01-21T23:25:23","slug":"eucerin-hyaluron-filler-soin-de-jour-peau-seche-spf-15-photoaging-control-teinte-spf-50-50ml-offert","status":"publish","type":"product","link":"https:\/\/vitablanca.ma\/en\/product\/eucerin-hyaluron-filler-soin-de-jour-peau-seche-spf-15-photoaging-control-teinte-spf-50-50ml-offert\/","title":{"rendered":"EUCERIN HYALURON-FILLER Day Care Dry Skin SPF 15 = Photoaging Control Tinted SPF 50-50ml FREE"},"content":{"rendered":"<div class=\"woocommerce-product-details__short-description\">\n<h4 data-end=\"353\" data-start=\"269\"><strong data-end=\"353\" data-start=\"273\">EUCERIN Hyaluron-Filler +3x Effect \u2013 Day Care SPF 15 Dry Skin | 50ml<\/strong><\/h4>\n<p>Eucerin Hyaluron-Filler Dry Skin Day Cream SPF 15 = Photoaging Control 50ml FREE from Eucerin is the essential anti-aging step for dry skin. Thanks to its formula enriched with dermatological active ingredients, it acts deep down to smooth wrinkles, restore volume to the skin and prevent the visible signs of skin aging.<\/p>\n<p data-end=\"761\" data-start=\"688\" class=\"\">\u00a0<strong data-end=\"759\" data-start=\"691\">A triple action formula for visibly younger skin: EUCERIN HYALURON-FILLER Care<\/strong><\/p>\n<ol data-end=\"1153\" data-start=\"762\">\n<li data-end=\"926\" data-start=\"762\" class=\"\">\n<p data-end=\"926\" data-start=\"765\" class=\"\"><strong data-end=\"775\" data-start=\"765\">Attic<\/strong>\u00a0wrinkles: high and low molecular weight Hyaluronic Acid intensely hydrates and plumps the superficial and deep layers of the skin.<\/p>\n<\/li>\n<li data-end=\"1038\" data-start=\"927\" class=\"\">\n<p data-end=\"1038\" data-start=\"930\" class=\"\"><strong data-end=\"941\" data-start=\"930\">Stimulates<\/strong>\u00a0the natural production of hyaluronic acid thanks to the\u00a0<strong data-end=\"1010\" data-start=\"998\">Saponin<\/strong>, a powerful antioxidant.<\/p>\n<\/li>\n<li data-end=\"1153\" data-start=\"1039\" class=\"\">\n<p data-end=\"1153\" data-start=\"1042\" class=\"\"><strong data-end=\"1053\" data-start=\"1042\">Protected<\/strong>\u00a0hyaluronic acid already present in the skin by slowing down its degradation with\u00a0<strong data-end=\"1152\" data-start=\"1137\">Enoxolone<\/strong>.<\/p>\n<\/li>\n<\/ol>\n<p data-end=\"1344\" data-start=\"1155\" class=\"\">\u00a0<strong data-end=\"1210\" data-start=\"1158\">Integrated sun protection SPF 15 &amp; UVA filters<\/strong>\u00a0: this treatment helps prevent photoaging and slows the appearance of wrinkles caused by UV rays and free radicals.<\/p>\n<p data-end=\"1476\" data-start=\"1346\" class=\"\"><span>\u00a0<\/span>Result: more supple, plumped, deeply hydrated skin, with visibly reduced wrinkles, even the most pronounced.<\/p>\n<h3 data-end=\"1517\" data-start=\"1483\" class=\"\"><strong data-end=\"1515\" data-start=\"1487\">Directions for use: EUCERIN HYALURON-FILLER Care<\/strong><\/h3>\n<p data-end=\"1712\" data-start=\"1518\" class=\"\">Every morning, apply a small amount of product to a cleansed face, neck, and d\u00e9collet\u00e9. Massage in gently in a circular motion. Avoid contact with the eyes.<\/p>\n<h3 data-end=\"1768\" data-start=\"1719\" class=\"\"><strong data-end=\"1766\" data-start=\"1723\">INCI formula (main ingredients):<\/strong><\/h3>\n<p data-end=\"2035\" data-start=\"1769\" class=\"\">Aqua, Glycerin, Sodium Hyaluronate (Hyaluronic Acid), Glycine Soja Germ Extract (Saponin), Glycyrrhetinic Acid (Enoxolone), UV filters, Shea Butter, Mica, Silica\u2026<br data-end=\"1943\" data-start=\"1940\"><em data-end=\"2035\" data-start=\"1943\">See product packaging for full list. Do not store above 25\u00b0C.<\/em><\/p>\n<h3 data-end=\"2109\" data-start=\"2042\" class=\"\"><strong data-end=\"2107\" data-start=\"2046\">Why include anti-aging day care in your routine?<\/strong><\/h3>\n<p data-end=\"2565\" data-start=\"2110\" class=\"\">An anti-aging day cream doesn&#039;t just treat the signs of aging that are already present: it also helps prevent them. Thanks to active ingredients such as hyaluronic acid, antioxidants, and sunscreens, it fights against external aggressions (UV rays, pollution, oxidative stress) that accelerate skin aging. In addition to plumping and smoothing the skin, it improves elasticity, reduces pigmentation spots, and restores radiance to the complexion. EUCERIN HYALURON-FILLER Care<\/p>\n<p data-end=\"2708\" data-start=\"2572\" class=\"\"><strong data-end=\"2629\" data-start=\"2572\">Dermatologically tested \u2013 Suitable for dry skin.<\/strong><br data-end=\"2632\" data-start=\"2629\"><strong data-end=\"2708\" data-start=\"2632\">Smoother, firmer, visibly younger skin day after day.<\/strong><\/p>\n<\/div>","protected":false},"excerpt":{"rendered":"<p>EUCERIN Hyaluron-Filler +3x Effect \u2013 Soin de Jour SPF 15 Peaux S\u00e8ches | 50ml EUCERIN HYALURON-FILLER Soin de Jour Peau S\u00e8che SPF 15 = Photoaging Control 50ml OFFERT d\u2019Eucerin est le geste anti-\u00e2ge essentiel pour les peaux s\u00e8ches. Gr\u00e2ce \u00e0 sa formule enrichie en actifs dermatologiques, il agit en profondeur pour lisser les rides, redonner [&hellip;]<\/p>\n","protected":false},"featured_media":10291,"template":"","meta":{"om_disable_all_campaigns":false},"product_brand":[5994],"product_cat":[18,15,1186],"product_tag":[],"class_list":{"0":"post-10301","1":"product","2":"type-product","3":"status-publish","4":"has-post-thumbnail","6":"product_brand-eucerin-maroc-prix","7":"product_cat-beaute-sante","8":"product_cat-beaute-sante-complements-alimentaires-soins-et-bien-etre-au-meilleur-prix","9":"product_cat-visage","11":"first","12":"instock","13":"taxable","14":"shipping-taxable","15":"purchasable","16":"product-type-simple"},"yoast_head":"<!-- This site is optimized with the Yoast SEO plugin v27.3 - https:\/\/yoast.com\/product\/yoast-seo-wordpress\/ -->\n<title>EUCERIN HYALURON-FILLER Soin de Jour Peau S\u00e8che SPF 15 = Photoaging Control Teint\u00e9 Spf 50-50ml OFFERT - Maroc Prix<\/title>\n<meta name=\"description\" content=\"EUCERIN HYALURON-FILLER Soin de Jour Peau S\u00e8che SPF 15 = Photoaging Control Teint\u00e9 Spf 50-50ml OFFERT\" \/>\n<meta name=\"robots\" content=\"index, follow, max-snippet:-1, max-image-preview:large, max-video-preview:-1\" \/>\n<link rel=\"canonical\" href=\"https:\/\/vitablanca.ma\/en\/product\/eucerin-hyaluron-filler-soin-de-jour-peau-seche-spf-15-photoaging-control-teinte-spf-50-50ml-offert\/\" \/>\n<meta property=\"og:locale\" content=\"en_US\" \/>\n<meta property=\"og:type\" content=\"article\" \/>\n<meta property=\"og:title\" content=\"EUCERIN HYALURON-FILLER Soin de Jour Peau S\u00e8che SPF 15 = Photoaging Control Teint\u00e9 Spf 50-50ml OFFERT - Maroc Prix\" \/>\n<meta property=\"og:description\" content=\"EUCERIN HYALURON-FILLER Soin de Jour Peau S\u00e8che SPF 15 = Photoaging Control Teint\u00e9 Spf 50-50ml OFFERT\" \/>\n<meta property=\"og:url\" content=\"https:\/\/vitablanca.ma\/en\/product\/eucerin-hyaluron-filler-soin-de-jour-peau-seche-spf-15-photoaging-control-teinte-spf-50-50ml-offert\/\" \/>\n<meta property=\"og:site_name\" content=\"Vitablanca.ma &ndash; Sant&eacute;, vitalit&eacute; et bien-&ecirc;tre pour tous les Marocains\" \/>\n<meta property=\"article:publisher\" content=\"https:\/\/www.facebook.com\/profile.php?id=61576678196717\" \/>\n<meta property=\"article:modified_time\" content=\"2026-01-21T23:25:23+00:00\" \/>\n<meta property=\"og:image\" content=\"https:\/\/vitablanca.ma\/wp-content\/uploads\/2025\/05\/Post-Hy-Fi-Jour-Photoaging-Control-Teinte_u.jpg\" \/>\n\t<meta property=\"og:image:width\" content=\"2000\" \/>\n\t<meta property=\"og:image:height\" content=\"2000\" \/>\n\t<meta property=\"og:image:type\" content=\"image\/jpeg\" \/>\n<meta name=\"twitter:card\" content=\"summary_large_image\" \/>\n<meta name=\"twitter:label1\" content=\"Est. reading time\" \/>\n\t<meta name=\"twitter:data1\" content=\"2 minutes\" \/>\n<script type=\"application\/ld+json\" class=\"yoast-schema-graph\">{\"@context\":\"https:\\\/\\\/schema.org\",\"@graph\":[{\"@type\":[\"WebPage\",\"ItemPage\"],\"@id\":\"https:\\\/\\\/vitablanca.ma\\\/produit\\\/eucerin-hyaluron-filler-soin-de-jour-peau-seche-spf-15-photoaging-control-teinte-spf-50-50ml-offert\\\/\",\"url\":\"https:\\\/\\\/vitablanca.ma\\\/produit\\\/eucerin-hyaluron-filler-soin-de-jour-peau-seche-spf-15-photoaging-control-teinte-spf-50-50ml-offert\\\/\",\"name\":\"EUCERIN HYALURON-FILLER Soin de Jour Peau S\u00e8che SPF 15 = Photoaging Control Teint\u00e9 Spf 50-50ml OFFERT - Maroc Prix\",\"isPartOf\":{\"@id\":\"https:\\\/\\\/vitablanca.ma\\\/#website\"},\"primaryImageOfPage\":{\"@id\":\"https:\\\/\\\/vitablanca.ma\\\/produit\\\/eucerin-hyaluron-filler-soin-de-jour-peau-seche-spf-15-photoaging-control-teinte-spf-50-50ml-offert\\\/#primaryimage\"},\"image\":{\"@id\":\"https:\\\/\\\/vitablanca.ma\\\/produit\\\/eucerin-hyaluron-filler-soin-de-jour-peau-seche-spf-15-photoaging-control-teinte-spf-50-50ml-offert\\\/#primaryimage\"},\"thumbnailUrl\":\"https:\\\/\\\/vitablanca.ma\\\/wp-content\\\/uploads\\\/2025\\\/05\\\/Post-Hy-Fi-Jour-Photoaging-Control-Teinte_u.jpg\",\"datePublished\":\"2025-05-28T19:40:18+00:00\",\"dateModified\":\"2026-01-21T23:25:23+00:00\",\"description\":\"EUCERIN HYALURON-FILLER Soin de Jour Peau S\u00e8che SPF 15 = Photoaging Control Teint\u00e9 Spf 50-50ml OFFERT\",\"breadcrumb\":{\"@id\":\"https:\\\/\\\/vitablanca.ma\\\/produit\\\/eucerin-hyaluron-filler-soin-de-jour-peau-seche-spf-15-photoaging-control-teinte-spf-50-50ml-offert\\\/#breadcrumb\"},\"inLanguage\":\"en-US\",\"potentialAction\":[{\"@type\":\"ReadAction\",\"target\":[\"https:\\\/\\\/vitablanca.ma\\\/produit\\\/eucerin-hyaluron-filler-soin-de-jour-peau-seche-spf-15-photoaging-control-teinte-spf-50-50ml-offert\\\/\"]}]},{\"@type\":\"ImageObject\",\"inLanguage\":\"en-US\",\"@id\":\"https:\\\/\\\/vitablanca.ma\\\/produit\\\/eucerin-hyaluron-filler-soin-de-jour-peau-seche-spf-15-photoaging-control-teinte-spf-50-50ml-offert\\\/#primaryimage\",\"url\":\"https:\\\/\\\/vitablanca.ma\\\/wp-content\\\/uploads\\\/2025\\\/05\\\/Post-Hy-Fi-Jour-Photoaging-Control-Teinte_u.jpg\",\"contentUrl\":\"https:\\\/\\\/vitablanca.ma\\\/wp-content\\\/uploads\\\/2025\\\/05\\\/Post-Hy-Fi-Jour-Photoaging-Control-Teinte_u.jpg\",\"width\":2000,\"height\":2000},{\"@type\":\"BreadcrumbList\",\"@id\":\"https:\\\/\\\/vitablanca.ma\\\/produit\\\/eucerin-hyaluron-filler-soin-de-jour-peau-seche-spf-15-photoaging-control-teinte-spf-50-50ml-offert\\\/#breadcrumb\",\"itemListElement\":[{\"@type\":\"ListItem\",\"position\":1,\"name\":\"Home\",\"item\":\"https:\\\/\\\/vitablanca.ma\\\/\"},{\"@type\":\"ListItem\",\"position\":2,\"name\":\"Tous Les Produits\",\"item\":\"https:\\\/\\\/vitablanca.ma\\\/tous-les-produits\\\/\"},{\"@type\":\"ListItem\",\"position\":3,\"name\":\"EUCERIN HYALURON-FILLER Soin de Jour Peau S\u00e8che SPF 15 = Photoaging Control Teint\u00e9 Spf 50-50ml OFFERT\"}]},{\"@type\":\"WebSite\",\"@id\":\"https:\\\/\\\/vitablanca.ma\\\/#website\",\"url\":\"https:\\\/\\\/vitablanca.ma\\\/\",\"name\":\"VitaBlanca.ma | Compl\u00e9ments alimentaires, sant\u00e9 & beaut\u00e9 au Maroc\",\"description\":\"vendre vitamines et compl\u00e9ments premium des USA &amp; Canada, Nouvelle Z\u00e9lande,Maroc (NOW Foods, Solgar, Manuka). Livraison rapide partout au Maroc.\",\"publisher\":{\"@id\":\"https:\\\/\\\/vitablanca.ma\\\/#organization\"},\"alternateName\":\"VitaBlanca.ma\",\"potentialAction\":[{\"@type\":\"SearchAction\",\"target\":{\"@type\":\"EntryPoint\",\"urlTemplate\":\"https:\\\/\\\/vitablanca.ma\\\/?s={search_term_string}\"},\"query-input\":{\"@type\":\"PropertyValueSpecification\",\"valueRequired\":true,\"valueName\":\"search_term_string\"}}],\"inLanguage\":\"en-US\"},{\"@type\":\"Organization\",\"@id\":\"https:\\\/\\\/vitablanca.ma\\\/#organization\",\"name\":\"VitaBlanca\",\"url\":\"https:\\\/\\\/vitablanca.ma\\\/\",\"logo\":{\"@type\":\"ImageObject\",\"inLanguage\":\"en-US\",\"@id\":\"https:\\\/\\\/vitablanca.ma\\\/#\\\/schema\\\/logo\\\/image\\\/\",\"url\":\"https:\\\/\\\/vitablanca.ma\\\/wp-content\\\/uploads\\\/2025\\\/05\\\/cropped-vitablanca.png\",\"contentUrl\":\"https:\\\/\\\/vitablanca.ma\\\/wp-content\\\/uploads\\\/2025\\\/05\\\/cropped-vitablanca.png\",\"width\":360,\"height\":67,\"caption\":\"VitaBlanca\"},\"image\":{\"@id\":\"https:\\\/\\\/vitablanca.ma\\\/#\\\/schema\\\/logo\\\/image\\\/\"},\"sameAs\":[\"https:\\\/\\\/www.facebook.com\\\/profile.php?id=61576678196717\",\"https:\\\/\\\/www.tiktok.com\\\/@vitablanca.ma\",\"https:\\\/\\\/www.instagram.com\\\/vitablanca.ma\\\/\"]}]}<\/script>\n<!-- \/ Yoast SEO plugin. -->","yoast_head_json":{"title":"EUCERIN HYALURON-FILLER Day Care Dry Skin SPF 15 = Photoaging Control Tinted SPF 50-50ml FREE - Morocco Price","description":"EUCERIN HYALURON-FILLER Day Care Dry Skin SPF 15 = Photoaging Control Tinted SPF 50-50ml FREE","robots":{"index":"index","follow":"follow","max-snippet":"max-snippet:-1","max-image-preview":"max-image-preview:large","max-video-preview":"max-video-preview:-1"},"canonical":"https:\/\/vitablanca.ma\/en\/product\/eucerin-hyaluron-filler-soin-de-jour-peau-seche-spf-15-photoaging-control-teinte-spf-50-50ml-offert\/","og_locale":"en_US","og_type":"article","og_title":"EUCERIN HYALURON-FILLER Soin de Jour Peau S\u00e8che SPF 15 = Photoaging Control Teint\u00e9 Spf 50-50ml OFFERT - Maroc Prix","og_description":"EUCERIN HYALURON-FILLER Soin de Jour Peau S\u00e8che SPF 15 = Photoaging Control Teint\u00e9 Spf 50-50ml OFFERT","og_url":"https:\/\/vitablanca.ma\/en\/product\/eucerin-hyaluron-filler-soin-de-jour-peau-seche-spf-15-photoaging-control-teinte-spf-50-50ml-offert\/","og_site_name":"Vitablanca.ma &ndash; Sant&eacute;, vitalit&eacute; et bien-&ecirc;tre pour tous les Marocains","article_publisher":"https:\/\/www.facebook.com\/profile.php?id=61576678196717","article_modified_time":"2026-01-21T23:25:23+00:00","og_image":[{"width":2000,"height":2000,"url":"https:\/\/vitablanca.ma\/wp-content\/uploads\/2025\/05\/Post-Hy-Fi-Jour-Photoaging-Control-Teinte_u.jpg","type":"image\/jpeg"}],"twitter_card":"summary_large_image","twitter_misc":{"Est. reading time":"2 minutes"},"schema":{"@context":"https:\/\/schema.org","@graph":[{"@type":["WebPage","ItemPage"],"@id":"https:\/\/vitablanca.ma\/produit\/eucerin-hyaluron-filler-soin-de-jour-peau-seche-spf-15-photoaging-control-teinte-spf-50-50ml-offert\/","url":"https:\/\/vitablanca.ma\/produit\/eucerin-hyaluron-filler-soin-de-jour-peau-seche-spf-15-photoaging-control-teinte-spf-50-50ml-offert\/","name":"EUCERIN HYALURON-FILLER Day Care Dry Skin SPF 15 = Photoaging Control Tinted SPF 50-50ml FREE - Morocco Price","isPartOf":{"@id":"https:\/\/vitablanca.ma\/#website"},"primaryImageOfPage":{"@id":"https:\/\/vitablanca.ma\/produit\/eucerin-hyaluron-filler-soin-de-jour-peau-seche-spf-15-photoaging-control-teinte-spf-50-50ml-offert\/#primaryimage"},"image":{"@id":"https:\/\/vitablanca.ma\/produit\/eucerin-hyaluron-filler-soin-de-jour-peau-seche-spf-15-photoaging-control-teinte-spf-50-50ml-offert\/#primaryimage"},"thumbnailUrl":"https:\/\/vitablanca.ma\/wp-content\/uploads\/2025\/05\/Post-Hy-Fi-Jour-Photoaging-Control-Teinte_u.jpg","datePublished":"2025-05-28T19:40:18+00:00","dateModified":"2026-01-21T23:25:23+00:00","description":"EUCERIN HYALURON-FILLER Day Care Dry Skin SPF 15 = Photoaging Control Tinted SPF 50-50ml FREE","breadcrumb":{"@id":"https:\/\/vitablanca.ma\/produit\/eucerin-hyaluron-filler-soin-de-jour-peau-seche-spf-15-photoaging-control-teinte-spf-50-50ml-offert\/#breadcrumb"},"inLanguage":"en-US","potentialAction":[{"@type":"ReadAction","target":["https:\/\/vitablanca.ma\/produit\/eucerin-hyaluron-filler-soin-de-jour-peau-seche-spf-15-photoaging-control-teinte-spf-50-50ml-offert\/"]}]},{"@type":"ImageObject","inLanguage":"en-US","@id":"https:\/\/vitablanca.ma\/produit\/eucerin-hyaluron-filler-soin-de-jour-peau-seche-spf-15-photoaging-control-teinte-spf-50-50ml-offert\/#primaryimage","url":"https:\/\/vitablanca.ma\/wp-content\/uploads\/2025\/05\/Post-Hy-Fi-Jour-Photoaging-Control-Teinte_u.jpg","contentUrl":"https:\/\/vitablanca.ma\/wp-content\/uploads\/2025\/05\/Post-Hy-Fi-Jour-Photoaging-Control-Teinte_u.jpg","width":2000,"height":2000},{"@type":"BreadcrumbList","@id":"https:\/\/vitablanca.ma\/produit\/eucerin-hyaluron-filler-soin-de-jour-peau-seche-spf-15-photoaging-control-teinte-spf-50-50ml-offert\/#breadcrumb","itemListElement":[{"@type":"ListItem","position":1,"name":"Home","item":"https:\/\/vitablanca.ma\/"},{"@type":"ListItem","position":2,"name":"Tous Les Produits","item":"https:\/\/vitablanca.ma\/tous-les-produits\/"},{"@type":"ListItem","position":3,"name":"EUCERIN HYALURON-FILLER Soin de Jour Peau S\u00e8che SPF 15 = Photoaging Control Teint\u00e9 Spf 50-50ml OFFERT"}]},{"@type":"WebSite","@id":"https:\/\/vitablanca.ma\/#website","url":"https:\/\/vitablanca.ma\/","name":"VitaBlanca.ma | Food supplements, health &amp; beauty in Morocco","description":"sell premium vitamins and supplements from USA &amp; Canada, New Zealand, Morocco (NOW Foods, Solgar, Manuka). Fast delivery anywhere in Morocco.","publisher":{"@id":"https:\/\/vitablanca.ma\/#organization"},"alternateName":"VitaBlanca.ma","potentialAction":[{"@type":"SearchAction","target":{"@type":"EntryPoint","urlTemplate":"https:\/\/vitablanca.ma\/?s={search_term_string}"},"query-input":{"@type":"PropertyValueSpecification","valueRequired":true,"valueName":"search_term_string"}}],"inLanguage":"en-US"},{"@type":"Organization","@id":"https:\/\/vitablanca.ma\/#organization","name":"VitaBlanca","url":"https:\/\/vitablanca.ma\/","logo":{"@type":"ImageObject","inLanguage":"en-US","@id":"https:\/\/vitablanca.ma\/#\/schema\/logo\/image\/","url":"https:\/\/vitablanca.ma\/wp-content\/uploads\/2025\/05\/cropped-vitablanca.png","contentUrl":"https:\/\/vitablanca.ma\/wp-content\/uploads\/2025\/05\/cropped-vitablanca.png","width":360,"height":67,"caption":"VitaBlanca"},"image":{"@id":"https:\/\/vitablanca.ma\/#\/schema\/logo\/image\/"},"sameAs":["https:\/\/www.facebook.com\/profile.php?id=61576678196717","https:\/\/www.tiktok.com\/@vitablanca.ma","https:\/\/www.instagram.com\/vitablanca.ma\/"]}]}},"jetpack_sharing_enabled":true,"_links":{"self":[{"href":"https:\/\/vitablanca.ma\/en\/wp-json\/wp\/v2\/product\/10301","targetHints":{"allow":["GET"]}}],"collection":[{"href":"https:\/\/vitablanca.ma\/en\/wp-json\/wp\/v2\/product"}],"about":[{"href":"https:\/\/vitablanca.ma\/en\/wp-json\/wp\/v2\/types\/product"}],"wp:featuredmedia":[{"embeddable":true,"href":"https:\/\/vitablanca.ma\/en\/wp-json\/wp\/v2\/media\/10291"}],"wp:attachment":[{"href":"https:\/\/vitablanca.ma\/en\/wp-json\/wp\/v2\/media?parent=10301"}],"wp:term":[{"taxonomy":"product_brand","embeddable":true,"href":"https:\/\/vitablanca.ma\/en\/wp-json\/wp\/v2\/product_brand?post=10301"},{"taxonomy":"product_cat","embeddable":true,"href":"https:\/\/vitablanca.ma\/en\/wp-json\/wp\/v2\/product_cat?post=10301"},{"taxonomy":"product_tag","embeddable":true,"href":"https:\/\/vitablanca.ma\/en\/wp-json\/wp\/v2\/product_tag?post=10301"}],"curies":[{"name":"wp","href":"https:\/\/api.w.org\/{rel}","templated":true}]}}