{"id":10288,"date":"2025-05-28T19:38:09","date_gmt":"2025-05-28T19:38:09","guid":{"rendered":"https:\/\/vitablanca.ma\/product\/qa-aha-exfoliator-body-scrub\/"},"modified":"2026-03-19T13:19:59","modified_gmt":"2026-03-19T13:19:59","slug":"qa-aha-exfoliator-body-scrub","status":"publish","type":"product","link":"https:\/\/vitablanca.ma\/en\/product\/qa-aha-exfoliator-body-scrub\/","title":{"rendered":"Q+A AHA Exfoliator Body Scrub"},"content":{"rendered":"<h5 data-mce-fragment=\"1\">Benefits<\/h5>\n<p><span lang=\"fr\" class=\"HwtZe\"><span class=\"jCAhz ChMk0b\"><span class=\"ryNqvb\">An expert blend of AHA lactic acid and glycolic acid combined with physical exfoliants helps improve skin texture and promote soft, supple skin.<\/span><\/span> <span class=\"jCAhz ChMk0b\"><span class=\"ryNqvb\">Formulated in a creamy base, our AHA exfoliating body scrub is abrasive enough to exfoliate dry, troublesome areas, while leaving skin feeling moisturized and soft.<\/span><\/span><\/span><\/p>\n<p><span lang=\"fr\" class=\"HwtZe\"><span class=\"jCAhz ChMk0b\"><span class=\"ryNqvb\">Le parfum estival et riche de Golden Vanilla + Coconut est combin\u00e9 \u00e0 des notes de Macadamia, de Papaye et d\u2019Ambre Miel.<\/span><\/span><\/span><\/p>\n<h3>Bodycare Checklist<\/h3>\n<p><img decoding=\"async\" alt=\"\" src=\"https:\/\/cdn.shopify.com\/s\/files\/1\/0716\/3133\/9815\/files\/FR-AHA-Exfoliator-Scrub-Web-Checklist_60ab9e24-6022-486b-bf53-d8c0b15c9fe6.png?v=1715069863\"><\/p>\n<p>\u00a0<\/p>\n<p class=\"p2\" data-mce-fragment=\"1\"><span class=\"s1\" data-mce-fragment=\"1\"><span data-mce-fragment=\"1\">95.7% Natural Formula \ud83c\udf38\u00a0<\/span><span data-mce-fragment=\"1\">Cruelty-Free \ud83d\udc07 Vegan-Friendly \ud83c\udf31<br data-mce-fragment=\"1\"><\/span><br data-mce-fragment=\"1\"><\/span><span lang=\"fr\" class=\"HwtZe\" data-mce-fragment=\"1\"><strong><span class=\"jCAhz ChMk0b\" data-mce-fragment=\"1\"><span class=\"ryNqvb\" data-mce-fragment=\"1\">How to use the AHA Exfoliating Body Scrub?<\/span><\/span><\/strong> <span class=\"jCAhz ChMk0b\" data-mce-fragment=\"1\"><span class=\"ryNqvb\" data-mce-fragment=\"1\">Gently massage onto clean, damp skin and rinse.<\/span><\/span> <span class=\"jCAhz ChMk0b\" data-mce-fragment=\"1\"><span class=\"ryNqvb\" data-mce-fragment=\"1\">Pour de meilleurs r\u00e9sultats, utilisez 2 \u00e0 3 fois par semaine et suivez avec notre hydratant post-douche \u00e0 l\u2019acide hyaluronique.<\/span><\/span><\/span><\/p>\n<h5 data-mce-fragment=\"1\">Ingredients<\/h5>\n<h3>AHA&#039;s (Alpha Hydroxy Acids) \u2728<\/h3>\n<p><span lang=\"fr\" class=\"HwtZe\"><span class=\"jCAhz ChMk0b\"><span class=\"ryNqvb\">AHAs gently exfoliate the skin, promoting the renewal of dead skin.<\/span><\/span> <span class=\"jCAhz ChMk0b\"><span class=\"ryNqvb\">They help improve the overall texture and softness of the skin, making it smoother and brighter.<\/span><\/span><\/span><\/p>\n<h3>Lactic Acid \ud83e\udd5b<\/h3>\n<p>Cet acide humectant attire l\u2019humidit\u00e9 de l\u2019air vers votre peau tout en l\u2019exfoliant. Couramment associ\u00e9 aux produits laitiers, nous utilisons un acide lactique v\u00e9g\u00e9talien d\u2019origine v\u00e9g\u00e9tale dans nos formulations.<\/p>\n<h3>Glycolic Acid \ud83e\uddc1<\/h3>\n<p>Glycolic acid has the smallest molecular size of all AHAs, meaning it penetrates deep into the skin. Expect a smoother, brighter, and more even complexion!<\/p>\n<h3>Natural Physical Exfoliant \ud83d\udec1<\/h3>\n<p>Carefully selected to work in harmony with AHAs, this scrub is abrasive enough to provide an effective level of exfoliation, yet gentle enough to preserve the skin barrier. We source our scrub from recycled corn, making it biodegradable and sustainable!<\/p>\n<h5 data-mce-fragment=\"1\">Product Information<br \/> <\/h5>\n<p data-mce-fragment=\"1\"><strong data-mce-fragment=\"1\">Size:<\/strong><span data-mce-fragment=\"1\">\u00a0250ml<\/span><\/p>\n<p data-mce-fragment=\"1\">Made in the UK.<\/p>\n<p data-mce-fragment=\"1\"><span lang=\"fr\" class=\"HwtZe\"><span class=\"jCAhz ChMk0b\"><span class=\"ryNqvb\">This product is suitable for vegans.<\/span><\/span> <span class=\"jCAhz ChMk0b\"><span class=\"ryNqvb\">Q+A products are not tested on animals and never will be.<\/span><\/span><\/span><\/p>\n<p data-mce-fragment=\"1\"><span lang=\"fr\" class=\"HwtZe\" data-mce-fragment=\"1\"><span class=\"jCAhz ChMk0b\" data-mce-fragment=\"1\"><span class=\"ryNqvb\" data-mce-fragment=\"1\">Warnings: This product contains an AHA which may increase your skin&#039;s risk of sunburn and UV exposure.<\/span><\/span><\/span><\/p>\n<p data-mce-fragment=\"1\"><strong>How to recycle:<\/strong> This tube is made from 50% recycled plastic (PCR). Separate the cap from the tube, clean, and dry. This packaging is 100% recyclable and can therefore be disposed of with your household recycling.<\/p>\n<p class=\"p1\" data-mce-fragment=\"1\"><em data-mce-fragment=\"1\"><strong data-mce-fragment=\"1\">Ingredients :<\/strong> Aqua (eau), poudre d\u2019\u00e9pi de Zea Mays (ma\u00efs), glyc\u00e9rine, alcool c\u00e9t\u00e9arylique, acide lactique, st\u00e9arate de glyc\u00e9ryle, huile de graines d\u2019Helianthus Annuus (tournesol), triglyc\u00e9ride caprylique\/caprique, acide glycolique, huile de fruit d\u2019Hippophae Rhamnoides (argousier). , huile de graines de Simmondsia Chinensis (jojoba), huile de graines de Vitis Vinifera (raisin), carbom\u00e8re, st\u00e9aroyl glutamate de sodium, coco-glucoside, gluconate de sodium, sorbate de potassium, benzoate de sodium, parfum (parfum), alcool de coco, hydroxyde de sodium, cinnamate de benzyle, Coumarine.<br \/><\/em><\/p>","protected":false},"excerpt":{"rendered":"<p>Avantages Un m\u00e9lange expert d\u2019acide lactique et d\u2019acide glycolique d\u2019AHA combin\u00e9 \u00e0 des exfoliants physiques aide \u00e0 am\u00e9liorer la texture de la peau et \u00e0 favoriser une peau douce et souple. Formul\u00e9 dans une base cr\u00e9meuse, notre gommage corporel exfoliant AHA est suffisamment abrasif pour exfolier les zones s\u00e8ches et emb\u00eatantes, tout en laissant la [&hellip;]<\/p>\n","protected":false},"featured_media":10285,"template":"","meta":{"om_disable_all_campaigns":false},"product_brand":[4357],"product_cat":[18,1186],"product_tag":[],"class_list":{"0":"post-10288","1":"product","2":"type-product","3":"status-publish","4":"has-post-thumbnail","6":"product_brand-qa-maroc-prix-para","7":"product_cat-beaute-sante","8":"product_cat-visage","10":"first","11":"outofstock","12":"taxable","13":"shipping-taxable","14":"purchasable","15":"product-type-simple"},"yoast_head":"<!-- This site is optimized with the Yoast SEO plugin v27.5 - https:\/\/yoast.com\/product\/yoast-seo-wordpress\/ -->\n<title>Q+A AHA Exfoliator Body Scrub - Maroc Prix<\/title>\n<meta name=\"description\" content=\"Q+A AHA Exfoliator Body Scrub\" \/>\n<meta name=\"robots\" content=\"index, follow, max-snippet:-1, max-image-preview:large, max-video-preview:-1\" \/>\n<link rel=\"canonical\" href=\"https:\/\/vitablanca.ma\/en\/product\/qa-aha-exfoliator-body-scrub\/\" \/>\n<meta property=\"og:locale\" content=\"en_US\" \/>\n<meta property=\"og:type\" content=\"article\" \/>\n<meta property=\"og:title\" content=\"Q+A AHA Exfoliator Body Scrub - Maroc Prix\" \/>\n<meta property=\"og:description\" content=\"Q+A AHA Exfoliator Body Scrub\" \/>\n<meta property=\"og:url\" content=\"https:\/\/vitablanca.ma\/en\/product\/qa-aha-exfoliator-body-scrub\/\" \/>\n<meta property=\"og:site_name\" content=\"Vitablanca.ma &ndash; Sant&eacute;, vitalit&eacute; et bien-&ecirc;tre pour tous les Marocains\" \/>\n<meta property=\"article:publisher\" content=\"https:\/\/www.facebook.com\/profile.php?id=61576678196717\" \/>\n<meta property=\"article:modified_time\" content=\"2026-03-19T13:19:59+00:00\" \/>\n<meta property=\"og:image\" content=\"https:\/\/vitablanca.ma\/wp-content\/uploads\/2025\/05\/AHAExfoliatorBodyScrubFront.jpg\" \/>\n\t<meta property=\"og:image:width\" content=\"2000\" \/>\n\t<meta property=\"og:image:height\" content=\"2000\" \/>\n\t<meta property=\"og:image:type\" content=\"image\/jpeg\" \/>\n<meta name=\"twitter:card\" content=\"summary_large_image\" \/>\n<meta name=\"twitter:label1\" content=\"Est. reading time\" \/>\n\t<meta name=\"twitter:data1\" content=\"2 minutes\" \/>\n<script type=\"application\/ld+json\" class=\"yoast-schema-graph\">{\"@context\":\"https:\\\/\\\/schema.org\",\"@graph\":[{\"@type\":[\"WebPage\",\"ItemPage\"],\"@id\":\"https:\\\/\\\/vitablanca.ma\\\/produit\\\/qa-aha-exfoliator-body-scrub\\\/\",\"url\":\"https:\\\/\\\/vitablanca.ma\\\/produit\\\/qa-aha-exfoliator-body-scrub\\\/\",\"name\":\"Q+A AHA Exfoliator Body Scrub - Maroc Prix\",\"isPartOf\":{\"@id\":\"https:\\\/\\\/vitablanca.ma\\\/#website\"},\"primaryImageOfPage\":{\"@id\":\"https:\\\/\\\/vitablanca.ma\\\/produit\\\/qa-aha-exfoliator-body-scrub\\\/#primaryimage\"},\"image\":{\"@id\":\"https:\\\/\\\/vitablanca.ma\\\/produit\\\/qa-aha-exfoliator-body-scrub\\\/#primaryimage\"},\"thumbnailUrl\":\"https:\\\/\\\/vitablanca.ma\\\/wp-content\\\/uploads\\\/2025\\\/05\\\/AHAExfoliatorBodyScrubFront.jpg\",\"datePublished\":\"2025-05-28T19:38:09+00:00\",\"dateModified\":\"2026-03-19T13:19:59+00:00\",\"description\":\"Q+A AHA Exfoliator Body Scrub\",\"breadcrumb\":{\"@id\":\"https:\\\/\\\/vitablanca.ma\\\/produit\\\/qa-aha-exfoliator-body-scrub\\\/#breadcrumb\"},\"inLanguage\":\"en-US\",\"potentialAction\":[{\"@type\":\"ReadAction\",\"target\":[\"https:\\\/\\\/vitablanca.ma\\\/produit\\\/qa-aha-exfoliator-body-scrub\\\/\"]}]},{\"@type\":\"ImageObject\",\"inLanguage\":\"en-US\",\"@id\":\"https:\\\/\\\/vitablanca.ma\\\/produit\\\/qa-aha-exfoliator-body-scrub\\\/#primaryimage\",\"url\":\"https:\\\/\\\/vitablanca.ma\\\/wp-content\\\/uploads\\\/2025\\\/05\\\/AHAExfoliatorBodyScrubFront.jpg\",\"contentUrl\":\"https:\\\/\\\/vitablanca.ma\\\/wp-content\\\/uploads\\\/2025\\\/05\\\/AHAExfoliatorBodyScrubFront.jpg\",\"width\":2000,\"height\":2000},{\"@type\":\"BreadcrumbList\",\"@id\":\"https:\\\/\\\/vitablanca.ma\\\/produit\\\/qa-aha-exfoliator-body-scrub\\\/#breadcrumb\",\"itemListElement\":[{\"@type\":\"ListItem\",\"position\":1,\"name\":\"Home\",\"item\":\"https:\\\/\\\/vitablanca.ma\\\/\"},{\"@type\":\"ListItem\",\"position\":2,\"name\":\"Tous Les Produits\",\"item\":\"https:\\\/\\\/vitablanca.ma\\\/tous-les-produits\\\/\"},{\"@type\":\"ListItem\",\"position\":3,\"name\":\"Q+A AHA Exfoliator Body Scrub\"}]},{\"@type\":\"WebSite\",\"@id\":\"https:\\\/\\\/vitablanca.ma\\\/#website\",\"url\":\"https:\\\/\\\/vitablanca.ma\\\/\",\"name\":\"VitaBlanca.ma | Compl\u00e9ments alimentaires, sant\u00e9 & beaut\u00e9 au Maroc\",\"description\":\"vendre vitamines et compl\u00e9ments premium des USA &amp; Canada, Nouvelle Z\u00e9lande,Maroc (NOW Foods, Solgar, Manuka). Livraison rapide partout au Maroc.\",\"publisher\":{\"@id\":\"https:\\\/\\\/vitablanca.ma\\\/#organization\"},\"alternateName\":\"VitaBlanca.ma\",\"potentialAction\":[{\"@type\":\"SearchAction\",\"target\":{\"@type\":\"EntryPoint\",\"urlTemplate\":\"https:\\\/\\\/vitablanca.ma\\\/?s={search_term_string}\"},\"query-input\":{\"@type\":\"PropertyValueSpecification\",\"valueRequired\":true,\"valueName\":\"search_term_string\"}}],\"inLanguage\":\"en-US\"},{\"@type\":\"Organization\",\"@id\":\"https:\\\/\\\/vitablanca.ma\\\/#organization\",\"name\":\"VitaBlanca\",\"url\":\"https:\\\/\\\/vitablanca.ma\\\/\",\"logo\":{\"@type\":\"ImageObject\",\"inLanguage\":\"en-US\",\"@id\":\"https:\\\/\\\/vitablanca.ma\\\/#\\\/schema\\\/logo\\\/image\\\/\",\"url\":\"https:\\\/\\\/vitablanca.ma\\\/wp-content\\\/uploads\\\/2025\\\/05\\\/cropped-vitablanca.png\",\"contentUrl\":\"https:\\\/\\\/vitablanca.ma\\\/wp-content\\\/uploads\\\/2025\\\/05\\\/cropped-vitablanca.png\",\"width\":360,\"height\":67,\"caption\":\"VitaBlanca\"},\"image\":{\"@id\":\"https:\\\/\\\/vitablanca.ma\\\/#\\\/schema\\\/logo\\\/image\\\/\"},\"sameAs\":[\"https:\\\/\\\/www.facebook.com\\\/profile.php?id=61576678196717\",\"https:\\\/\\\/www.tiktok.com\\\/@vitablanca.ma\",\"https:\\\/\\\/www.instagram.com\\\/vitablanca.ma\\\/\"]}]}<\/script>\n<!-- \/ Yoast SEO plugin. -->","yoast_head_json":{"title":"Q+A AHA Exfoliator Body Scrub - Morocco Price","description":"Q+A AHA Exfoliator Body Scrub","robots":{"index":"index","follow":"follow","max-snippet":"max-snippet:-1","max-image-preview":"max-image-preview:large","max-video-preview":"max-video-preview:-1"},"canonical":"https:\/\/vitablanca.ma\/en\/product\/qa-aha-exfoliator-body-scrub\/","og_locale":"en_US","og_type":"article","og_title":"Q+A AHA Exfoliator Body Scrub - Maroc Prix","og_description":"Q+A AHA Exfoliator Body Scrub","og_url":"https:\/\/vitablanca.ma\/en\/product\/qa-aha-exfoliator-body-scrub\/","og_site_name":"Vitablanca.ma &ndash; Sant&eacute;, vitalit&eacute; et bien-&ecirc;tre pour tous les Marocains","article_publisher":"https:\/\/www.facebook.com\/profile.php?id=61576678196717","article_modified_time":"2026-03-19T13:19:59+00:00","og_image":[{"width":2000,"height":2000,"url":"https:\/\/vitablanca.ma\/wp-content\/uploads\/2025\/05\/AHAExfoliatorBodyScrubFront.jpg","type":"image\/jpeg"}],"twitter_card":"summary_large_image","twitter_misc":{"Est. reading time":"2 minutes"},"schema":{"@context":"https:\/\/schema.org","@graph":[{"@type":["WebPage","ItemPage"],"@id":"https:\/\/vitablanca.ma\/produit\/qa-aha-exfoliator-body-scrub\/","url":"https:\/\/vitablanca.ma\/produit\/qa-aha-exfoliator-body-scrub\/","name":"Q+A AHA Exfoliator Body Scrub - Morocco Price","isPartOf":{"@id":"https:\/\/vitablanca.ma\/#website"},"primaryImageOfPage":{"@id":"https:\/\/vitablanca.ma\/produit\/qa-aha-exfoliator-body-scrub\/#primaryimage"},"image":{"@id":"https:\/\/vitablanca.ma\/produit\/qa-aha-exfoliator-body-scrub\/#primaryimage"},"thumbnailUrl":"https:\/\/vitablanca.ma\/wp-content\/uploads\/2025\/05\/AHAExfoliatorBodyScrubFront.jpg","datePublished":"2025-05-28T19:38:09+00:00","dateModified":"2026-03-19T13:19:59+00:00","description":"Q+A AHA Exfoliator Body Scrub","breadcrumb":{"@id":"https:\/\/vitablanca.ma\/produit\/qa-aha-exfoliator-body-scrub\/#breadcrumb"},"inLanguage":"en-US","potentialAction":[{"@type":"ReadAction","target":["https:\/\/vitablanca.ma\/produit\/qa-aha-exfoliator-body-scrub\/"]}]},{"@type":"ImageObject","inLanguage":"en-US","@id":"https:\/\/vitablanca.ma\/produit\/qa-aha-exfoliator-body-scrub\/#primaryimage","url":"https:\/\/vitablanca.ma\/wp-content\/uploads\/2025\/05\/AHAExfoliatorBodyScrubFront.jpg","contentUrl":"https:\/\/vitablanca.ma\/wp-content\/uploads\/2025\/05\/AHAExfoliatorBodyScrubFront.jpg","width":2000,"height":2000},{"@type":"BreadcrumbList","@id":"https:\/\/vitablanca.ma\/produit\/qa-aha-exfoliator-body-scrub\/#breadcrumb","itemListElement":[{"@type":"ListItem","position":1,"name":"Home","item":"https:\/\/vitablanca.ma\/"},{"@type":"ListItem","position":2,"name":"Tous Les Produits","item":"https:\/\/vitablanca.ma\/tous-les-produits\/"},{"@type":"ListItem","position":3,"name":"Q+A AHA Exfoliator Body Scrub"}]},{"@type":"WebSite","@id":"https:\/\/vitablanca.ma\/#website","url":"https:\/\/vitablanca.ma\/","name":"VitaBlanca.ma | Food supplements, health &amp; beauty in Morocco","description":"sell premium vitamins and supplements from USA &amp; Canada, New Zealand, Morocco (NOW Foods, Solgar, Manuka). Fast delivery anywhere in Morocco.","publisher":{"@id":"https:\/\/vitablanca.ma\/#organization"},"alternateName":"VitaBlanca.ma","potentialAction":[{"@type":"SearchAction","target":{"@type":"EntryPoint","urlTemplate":"https:\/\/vitablanca.ma\/?s={search_term_string}"},"query-input":{"@type":"PropertyValueSpecification","valueRequired":true,"valueName":"search_term_string"}}],"inLanguage":"en-US"},{"@type":"Organization","@id":"https:\/\/vitablanca.ma\/#organization","name":"VitaBlanca","url":"https:\/\/vitablanca.ma\/","logo":{"@type":"ImageObject","inLanguage":"en-US","@id":"https:\/\/vitablanca.ma\/#\/schema\/logo\/image\/","url":"https:\/\/vitablanca.ma\/wp-content\/uploads\/2025\/05\/cropped-vitablanca.png","contentUrl":"https:\/\/vitablanca.ma\/wp-content\/uploads\/2025\/05\/cropped-vitablanca.png","width":360,"height":67,"caption":"VitaBlanca"},"image":{"@id":"https:\/\/vitablanca.ma\/#\/schema\/logo\/image\/"},"sameAs":["https:\/\/www.facebook.com\/profile.php?id=61576678196717","https:\/\/www.tiktok.com\/@vitablanca.ma","https:\/\/www.instagram.com\/vitablanca.ma\/"]}]}},"jetpack_sharing_enabled":true,"_links":{"self":[{"href":"https:\/\/vitablanca.ma\/en\/wp-json\/wp\/v2\/product\/10288","targetHints":{"allow":["GET"]}}],"collection":[{"href":"https:\/\/vitablanca.ma\/en\/wp-json\/wp\/v2\/product"}],"about":[{"href":"https:\/\/vitablanca.ma\/en\/wp-json\/wp\/v2\/types\/product"}],"wp:featuredmedia":[{"embeddable":true,"href":"https:\/\/vitablanca.ma\/en\/wp-json\/wp\/v2\/media\/10285"}],"wp:attachment":[{"href":"https:\/\/vitablanca.ma\/en\/wp-json\/wp\/v2\/media?parent=10288"}],"wp:term":[{"taxonomy":"product_brand","embeddable":true,"href":"https:\/\/vitablanca.ma\/en\/wp-json\/wp\/v2\/product_brand?post=10288"},{"taxonomy":"product_cat","embeddable":true,"href":"https:\/\/vitablanca.ma\/en\/wp-json\/wp\/v2\/product_cat?post=10288"},{"taxonomy":"product_tag","embeddable":true,"href":"https:\/\/vitablanca.ma\/en\/wp-json\/wp\/v2\/product_tag?post=10288"}],"curies":[{"name":"wp","href":"https:\/\/api.w.org\/{rel}","templated":true}]}}