{"id":10269,"date":"2025-05-28T19:37:28","date_gmt":"2025-05-28T19:37:28","guid":{"rendered":"https:\/\/vitablanca.ma\/product\/medicube-creme-age-r-glutathione-glow-capsule-50ml\/"},"modified":"2025-05-28T19:55:43","modified_gmt":"2025-05-28T19:55:43","slug":"medicube-creme-age-r-glutathione-glow-capsule-50ml","status":"publish","type":"product","link":"https:\/\/vitablanca.ma\/en\/product\/medicube-creme-age-r-glutathione-glow-capsule-50ml\/","title":{"rendered":"MEDICUBE \u2013 AGE-R Glutathione Glow Capsule Cream, 50ml"},"content":{"rendered":"<p><strong>WHAT IT IS<\/strong><br \/>Korean Gentle Brightening Treatment<br \/>Glow Glutathione Capsule Cream \/ Net Wt: 1.69 fl. oz. \/ 50 ml<br \/>Introducing our Glow Capsule Cream, specially formulated for gentle skin brightening. This cream enhances skin&#039;s radiance and provides instant glow.<\/p>\n<p><strong>Why choose a capsule formulation?<\/strong><br \/>The glow capsules in the formula are absorbed deep into the skin, providing an immediate luminous effect. Using advanced Korean technology, glutathione, which is often difficult to handle, is encapsulated in phospholipid capsules that mimic the structure of the skin, ensuring maximum absorption and effectiveness.<\/p>\n<p><strong>What is Glutathione?<\/strong><br \/>Glutathione is widely recognized in Korea as an effective skin-lightening ingredient. It is particularly beneficial for sensitive or dull skin. In Korea, glutathione is also valued for its anti-aging and protective benefits. When incorporated into skincare products using advanced technology, glutathione ensures maximum absorption and effectiveness. This makes it a sought-after ingredient for achieving radiant, youthful skin.<\/p>\n<p><strong>KEY INGREDIENTS<\/strong><\/p>\n<ul>\n<li>\n<strong>Glutathione<\/strong><br \/>Pure glutathione, a powerful antioxidant, effectively targets dark spots and uneven skin tone. It helps reduce irritation and redness, contributing to a clearer, more even complexion. By eliminating dullness, glutathione also promotes a healthy, luminous glow.<\/li>\n<li>\n<strong>Niacinamide<\/strong><br \/>Niacinamide improves skin texture, making it softer and healthier. It strengthens the skin barrier, reducing moisture loss and improving hydration for smoother, more supple skin over time.<\/li>\n<li>\n<strong>Peptide<\/strong><br \/>Peptides boost skin firmness by stimulating collagen production, resulting in a more resilient complexion. By strengthening the skin barrier, peptides retain moisture and protect against environmental aggressors, promoting softer, smoother skin.<\/li>\n<li>\n<strong>Hydro-Ceramide<\/strong><br \/>Hydroceramides contribute to the skin&#039;s renewal process. They help strengthen the skin&#039;s natural barrier function, soothe irritated skin, and promote better overall skin condition.<\/li>\n<\/ul>\n<p><strong>STUDY RESULTS<\/strong><br \/>Results of a self-assessment report<\/p>\n<ul>\n<li>Skin Radiance: Improved by 37.8 %.<\/li>\n<li>Pore area: Decreased by 15.3 %.<\/li>\n<li>Surface Hydration: Improved by 17.4 %.<\/li>\n<li>Glow Enhancement: Improved from 1.51 %.<\/li>\n<li>Cheek Skin Density: Improved by 3.2 %.<\/li>\n<li>Forehead droop: Decreased by 3.13 %.<\/li>\n<li>Sagging of smile lines: Decreased by 2.13 %.<\/li>\n<\/ul>\n<ul>\n<li>Excerpt from the clinical trial report on Medicube Glutathione Glow Capsule Cream. Individual results may vary.<\/li>\n<\/ul>\n<p><strong>HOW TO USE<\/strong><br \/>After cleansing, apply a moderate amount of the Glutathione Glow Capsule Cream to your face.<br \/>Gently pat or massage. Please squeeze and absorb the glutathione capsules with your hands.<br \/>Allow the product to be completely absorbed into your skin before applying your makeup.<\/p>\n<p>\u2714 For maximum radiance and brightening<br \/>With the Booster Pro, you can enhance the brightening effect and achieve extremely healthy and radiant skin.<\/p>\n<ol>\n<li>After cleansing, use the Air Shot mode on dry skin.<\/li>\n<li>Apply Glow Glutathione Serum, then activate Booster mode for maximum absorption.<\/li>\n<li>Apply the glutathione capsule cream and use the Microcurrent mode to enhance its effectiveness.<\/li>\n<li>Finish your skincare routine with the Derma Shot mode for a final touch of nutrition.<\/li>\n<\/ol>","protected":false},"excerpt":{"rendered":"<p>CE QUE C&rsquo;ESTSoin \u00e9claircissant doux cor\u00e9enCr\u00e8me Capsule Glow Glutathione \/ Poids net : 1,69 fl. oz. \/ 50 mlVoici notre cr\u00e8me capsule glow sp\u00e9cialement formul\u00e9e pour un \u00e9claircissement doux de la peau. Cette cr\u00e8me am\u00e9liore l&rsquo;\u00e9clat de la peau et apporte un \u00e9clat instantan\u00e9. Pourquoi choisir une formulation en capsule ?Les capsules glow dans la [&hellip;]<\/p>\n","protected":false},"featured_media":10263,"template":"","meta":{"om_disable_all_campaigns":false},"product_brand":[],"product_cat":[18,15,1186],"product_tag":[],"class_list":{"0":"post-10269","1":"product","2":"type-product","3":"status-publish","4":"has-post-thumbnail","6":"product_cat-beaute-sante","7":"product_cat-beaute-sante-complements-alimentaires-soins-et-bien-etre-au-meilleur-prix","8":"product_cat-visage","10":"first","11":"instock","12":"taxable","13":"shipping-taxable","14":"purchasable","15":"product-type-simple"},"yoast_head":"<!-- This site is optimized with the Yoast SEO plugin v27.4 - https:\/\/yoast.com\/product\/yoast-seo-wordpress\/ -->\n<title>MEDICUBE - Creme AGE-R Glutathione Glow Capsule, 50ml - Maroc Prix<\/title>\n<meta name=\"description\" content=\"MEDICUBE - Creme AGE-R Glutathione Glow Capsule, 50ml\" \/>\n<meta name=\"robots\" content=\"index, follow, max-snippet:-1, max-image-preview:large, max-video-preview:-1\" \/>\n<link rel=\"canonical\" href=\"https:\/\/vitablanca.ma\/en\/product\/medicube-creme-age-r-glutathione-glow-capsule-50ml\/\" \/>\n<meta property=\"og:locale\" content=\"en_US\" \/>\n<meta property=\"og:type\" content=\"article\" \/>\n<meta property=\"og:title\" content=\"MEDICUBE - Creme AGE-R Glutathione Glow Capsule, 50ml - Maroc Prix\" \/>\n<meta property=\"og:description\" content=\"MEDICUBE - Creme AGE-R Glutathione Glow Capsule, 50ml\" \/>\n<meta property=\"og:url\" content=\"https:\/\/vitablanca.ma\/en\/product\/medicube-creme-age-r-glutathione-glow-capsule-50ml\/\" \/>\n<meta property=\"og:site_name\" content=\"Vitablanca.ma &ndash; Sant&eacute;, vitalit&eacute; et bien-&ecirc;tre pour tous les Marocains\" \/>\n<meta property=\"article:publisher\" content=\"https:\/\/www.facebook.com\/profile.php?id=61576678196717\" \/>\n<meta property=\"article:modified_time\" content=\"2025-05-28T19:55:43+00:00\" \/>\n<meta property=\"og:image\" content=\"https:\/\/vitablanca.ma\/wp-content\/uploads\/2025\/05\/SG_glutathionecream_th1.jpg\" \/>\n\t<meta property=\"og:image:width\" content=\"1080\" \/>\n\t<meta property=\"og:image:height\" content=\"1080\" \/>\n\t<meta property=\"og:image:type\" content=\"image\/jpeg\" \/>\n<meta name=\"twitter:card\" content=\"summary_large_image\" \/>\n<meta name=\"twitter:label1\" content=\"Est. reading time\" \/>\n\t<meta name=\"twitter:data1\" content=\"3 minutes\" \/>\n<script type=\"application\/ld+json\" class=\"yoast-schema-graph\">{\"@context\":\"https:\\\/\\\/schema.org\",\"@graph\":[{\"@type\":[\"WebPage\",\"ItemPage\"],\"@id\":\"https:\\\/\\\/vitablanca.ma\\\/produit\\\/medicube-creme-age-r-glutathione-glow-capsule-50ml\\\/\",\"url\":\"https:\\\/\\\/vitablanca.ma\\\/produit\\\/medicube-creme-age-r-glutathione-glow-capsule-50ml\\\/\",\"name\":\"MEDICUBE - Creme AGE-R Glutathione Glow Capsule, 50ml - Maroc Prix\",\"isPartOf\":{\"@id\":\"https:\\\/\\\/vitablanca.ma\\\/#website\"},\"primaryImageOfPage\":{\"@id\":\"https:\\\/\\\/vitablanca.ma\\\/produit\\\/medicube-creme-age-r-glutathione-glow-capsule-50ml\\\/#primaryimage\"},\"image\":{\"@id\":\"https:\\\/\\\/vitablanca.ma\\\/produit\\\/medicube-creme-age-r-glutathione-glow-capsule-50ml\\\/#primaryimage\"},\"thumbnailUrl\":\"https:\\\/\\\/vitablanca.ma\\\/wp-content\\\/uploads\\\/2025\\\/05\\\/SG_glutathionecream_th1.jpg\",\"datePublished\":\"2025-05-28T19:37:28+00:00\",\"dateModified\":\"2025-05-28T19:55:43+00:00\",\"description\":\"MEDICUBE - Creme AGE-R Glutathione Glow Capsule, 50ml\",\"breadcrumb\":{\"@id\":\"https:\\\/\\\/vitablanca.ma\\\/produit\\\/medicube-creme-age-r-glutathione-glow-capsule-50ml\\\/#breadcrumb\"},\"inLanguage\":\"en-US\",\"potentialAction\":[{\"@type\":\"ReadAction\",\"target\":[\"https:\\\/\\\/vitablanca.ma\\\/produit\\\/medicube-creme-age-r-glutathione-glow-capsule-50ml\\\/\"]}]},{\"@type\":\"ImageObject\",\"inLanguage\":\"en-US\",\"@id\":\"https:\\\/\\\/vitablanca.ma\\\/produit\\\/medicube-creme-age-r-glutathione-glow-capsule-50ml\\\/#primaryimage\",\"url\":\"https:\\\/\\\/vitablanca.ma\\\/wp-content\\\/uploads\\\/2025\\\/05\\\/SG_glutathionecream_th1.jpg\",\"contentUrl\":\"https:\\\/\\\/vitablanca.ma\\\/wp-content\\\/uploads\\\/2025\\\/05\\\/SG_glutathionecream_th1.jpg\",\"width\":1080,\"height\":1080},{\"@type\":\"BreadcrumbList\",\"@id\":\"https:\\\/\\\/vitablanca.ma\\\/produit\\\/medicube-creme-age-r-glutathione-glow-capsule-50ml\\\/#breadcrumb\",\"itemListElement\":[{\"@type\":\"ListItem\",\"position\":1,\"name\":\"Home\",\"item\":\"https:\\\/\\\/vitablanca.ma\\\/\"},{\"@type\":\"ListItem\",\"position\":2,\"name\":\"Tous Les Produits\",\"item\":\"https:\\\/\\\/vitablanca.ma\\\/tous-les-produits\\\/\"},{\"@type\":\"ListItem\",\"position\":3,\"name\":\"MEDICUBE &#8211; Creme AGE-R Glutathione Glow Capsule, 50ml\"}]},{\"@type\":\"WebSite\",\"@id\":\"https:\\\/\\\/vitablanca.ma\\\/#website\",\"url\":\"https:\\\/\\\/vitablanca.ma\\\/\",\"name\":\"VitaBlanca.ma | Compl\u00e9ments alimentaires, sant\u00e9 & beaut\u00e9 au Maroc\",\"description\":\"vendre vitamines et compl\u00e9ments premium des USA &amp; Canada, Nouvelle Z\u00e9lande,Maroc (NOW Foods, Solgar, Manuka). Livraison rapide partout au Maroc.\",\"publisher\":{\"@id\":\"https:\\\/\\\/vitablanca.ma\\\/#organization\"},\"alternateName\":\"VitaBlanca.ma\",\"potentialAction\":[{\"@type\":\"SearchAction\",\"target\":{\"@type\":\"EntryPoint\",\"urlTemplate\":\"https:\\\/\\\/vitablanca.ma\\\/?s={search_term_string}\"},\"query-input\":{\"@type\":\"PropertyValueSpecification\",\"valueRequired\":true,\"valueName\":\"search_term_string\"}}],\"inLanguage\":\"en-US\"},{\"@type\":\"Organization\",\"@id\":\"https:\\\/\\\/vitablanca.ma\\\/#organization\",\"name\":\"VitaBlanca\",\"url\":\"https:\\\/\\\/vitablanca.ma\\\/\",\"logo\":{\"@type\":\"ImageObject\",\"inLanguage\":\"en-US\",\"@id\":\"https:\\\/\\\/vitablanca.ma\\\/#\\\/schema\\\/logo\\\/image\\\/\",\"url\":\"https:\\\/\\\/vitablanca.ma\\\/wp-content\\\/uploads\\\/2025\\\/05\\\/cropped-vitablanca.png\",\"contentUrl\":\"https:\\\/\\\/vitablanca.ma\\\/wp-content\\\/uploads\\\/2025\\\/05\\\/cropped-vitablanca.png\",\"width\":360,\"height\":67,\"caption\":\"VitaBlanca\"},\"image\":{\"@id\":\"https:\\\/\\\/vitablanca.ma\\\/#\\\/schema\\\/logo\\\/image\\\/\"},\"sameAs\":[\"https:\\\/\\\/www.facebook.com\\\/profile.php?id=61576678196717\",\"https:\\\/\\\/www.tiktok.com\\\/@vitablanca.ma\",\"https:\\\/\\\/www.instagram.com\\\/vitablanca.ma\\\/\"]}]}<\/script>\n<!-- \/ Yoast SEO plugin. -->","yoast_head_json":{"title":"MEDICUBE - AGE-R Glutathione Glow Capsule Cream, 50ml - Morocco Price","description":"MEDICUBE - AGE-R Glutathione Glow Capsule Cream, 50ml","robots":{"index":"index","follow":"follow","max-snippet":"max-snippet:-1","max-image-preview":"max-image-preview:large","max-video-preview":"max-video-preview:-1"},"canonical":"https:\/\/vitablanca.ma\/en\/product\/medicube-creme-age-r-glutathione-glow-capsule-50ml\/","og_locale":"en_US","og_type":"article","og_title":"MEDICUBE - Creme AGE-R Glutathione Glow Capsule, 50ml - Maroc Prix","og_description":"MEDICUBE - Creme AGE-R Glutathione Glow Capsule, 50ml","og_url":"https:\/\/vitablanca.ma\/en\/product\/medicube-creme-age-r-glutathione-glow-capsule-50ml\/","og_site_name":"Vitablanca.ma &ndash; Sant&eacute;, vitalit&eacute; et bien-&ecirc;tre pour tous les Marocains","article_publisher":"https:\/\/www.facebook.com\/profile.php?id=61576678196717","article_modified_time":"2025-05-28T19:55:43+00:00","og_image":[{"width":1080,"height":1080,"url":"https:\/\/vitablanca.ma\/wp-content\/uploads\/2025\/05\/SG_glutathionecream_th1.jpg","type":"image\/jpeg"}],"twitter_card":"summary_large_image","twitter_misc":{"Est. reading time":"3 minutes"},"schema":{"@context":"https:\/\/schema.org","@graph":[{"@type":["WebPage","ItemPage"],"@id":"https:\/\/vitablanca.ma\/produit\/medicube-creme-age-r-glutathione-glow-capsule-50ml\/","url":"https:\/\/vitablanca.ma\/produit\/medicube-creme-age-r-glutathione-glow-capsule-50ml\/","name":"MEDICUBE - AGE-R Glutathione Glow Capsule Cream, 50ml - Morocco Price","isPartOf":{"@id":"https:\/\/vitablanca.ma\/#website"},"primaryImageOfPage":{"@id":"https:\/\/vitablanca.ma\/produit\/medicube-creme-age-r-glutathione-glow-capsule-50ml\/#primaryimage"},"image":{"@id":"https:\/\/vitablanca.ma\/produit\/medicube-creme-age-r-glutathione-glow-capsule-50ml\/#primaryimage"},"thumbnailUrl":"https:\/\/vitablanca.ma\/wp-content\/uploads\/2025\/05\/SG_glutathionecream_th1.jpg","datePublished":"2025-05-28T19:37:28+00:00","dateModified":"2025-05-28T19:55:43+00:00","description":"MEDICUBE - AGE-R Glutathione Glow Capsule Cream, 50ml","breadcrumb":{"@id":"https:\/\/vitablanca.ma\/produit\/medicube-creme-age-r-glutathione-glow-capsule-50ml\/#breadcrumb"},"inLanguage":"en-US","potentialAction":[{"@type":"ReadAction","target":["https:\/\/vitablanca.ma\/produit\/medicube-creme-age-r-glutathione-glow-capsule-50ml\/"]}]},{"@type":"ImageObject","inLanguage":"en-US","@id":"https:\/\/vitablanca.ma\/produit\/medicube-creme-age-r-glutathione-glow-capsule-50ml\/#primaryimage","url":"https:\/\/vitablanca.ma\/wp-content\/uploads\/2025\/05\/SG_glutathionecream_th1.jpg","contentUrl":"https:\/\/vitablanca.ma\/wp-content\/uploads\/2025\/05\/SG_glutathionecream_th1.jpg","width":1080,"height":1080},{"@type":"BreadcrumbList","@id":"https:\/\/vitablanca.ma\/produit\/medicube-creme-age-r-glutathione-glow-capsule-50ml\/#breadcrumb","itemListElement":[{"@type":"ListItem","position":1,"name":"Home","item":"https:\/\/vitablanca.ma\/"},{"@type":"ListItem","position":2,"name":"Tous Les Produits","item":"https:\/\/vitablanca.ma\/tous-les-produits\/"},{"@type":"ListItem","position":3,"name":"MEDICUBE &#8211; Creme AGE-R Glutathione Glow Capsule, 50ml"}]},{"@type":"WebSite","@id":"https:\/\/vitablanca.ma\/#website","url":"https:\/\/vitablanca.ma\/","name":"VitaBlanca.ma | Food supplements, health &amp; beauty in Morocco","description":"sell premium vitamins and supplements from USA &amp; Canada, New Zealand, Morocco (NOW Foods, Solgar, Manuka). Fast delivery anywhere in Morocco.","publisher":{"@id":"https:\/\/vitablanca.ma\/#organization"},"alternateName":"VitaBlanca.ma","potentialAction":[{"@type":"SearchAction","target":{"@type":"EntryPoint","urlTemplate":"https:\/\/vitablanca.ma\/?s={search_term_string}"},"query-input":{"@type":"PropertyValueSpecification","valueRequired":true,"valueName":"search_term_string"}}],"inLanguage":"en-US"},{"@type":"Organization","@id":"https:\/\/vitablanca.ma\/#organization","name":"VitaBlanca","url":"https:\/\/vitablanca.ma\/","logo":{"@type":"ImageObject","inLanguage":"en-US","@id":"https:\/\/vitablanca.ma\/#\/schema\/logo\/image\/","url":"https:\/\/vitablanca.ma\/wp-content\/uploads\/2025\/05\/cropped-vitablanca.png","contentUrl":"https:\/\/vitablanca.ma\/wp-content\/uploads\/2025\/05\/cropped-vitablanca.png","width":360,"height":67,"caption":"VitaBlanca"},"image":{"@id":"https:\/\/vitablanca.ma\/#\/schema\/logo\/image\/"},"sameAs":["https:\/\/www.facebook.com\/profile.php?id=61576678196717","https:\/\/www.tiktok.com\/@vitablanca.ma","https:\/\/www.instagram.com\/vitablanca.ma\/"]}]}},"jetpack_sharing_enabled":true,"_links":{"self":[{"href":"https:\/\/vitablanca.ma\/en\/wp-json\/wp\/v2\/product\/10269","targetHints":{"allow":["GET"]}}],"collection":[{"href":"https:\/\/vitablanca.ma\/en\/wp-json\/wp\/v2\/product"}],"about":[{"href":"https:\/\/vitablanca.ma\/en\/wp-json\/wp\/v2\/types\/product"}],"wp:featuredmedia":[{"embeddable":true,"href":"https:\/\/vitablanca.ma\/en\/wp-json\/wp\/v2\/media\/10263"}],"wp:attachment":[{"href":"https:\/\/vitablanca.ma\/en\/wp-json\/wp\/v2\/media?parent=10269"}],"wp:term":[{"taxonomy":"product_brand","embeddable":true,"href":"https:\/\/vitablanca.ma\/en\/wp-json\/wp\/v2\/product_brand?post=10269"},{"taxonomy":"product_cat","embeddable":true,"href":"https:\/\/vitablanca.ma\/en\/wp-json\/wp\/v2\/product_cat?post=10269"},{"taxonomy":"product_tag","embeddable":true,"href":"https:\/\/vitablanca.ma\/en\/wp-json\/wp\/v2\/product_tag?post=10269"}],"curies":[{"name":"wp","href":"https:\/\/api.w.org\/{rel}","templated":true}]}}