{"id":10250,"date":"2025-05-28T19:36:53","date_gmt":"2025-05-28T19:36:53","guid":{"rendered":"https:\/\/vitablanca.ma\/product\/skala-expert-babosa-aloe-vera-traitement-bouclage-et-hydratation\/"},"modified":"2025-09-17T16:49:45","modified_gmt":"2025-09-17T16:49:45","slug":"skala-expert-babosa-aloe-vera-traitement-bouclage-et-hydratation","status":"publish","type":"product","link":"https:\/\/vitablanca.ma\/en\/product\/skala-expert-babosa-aloe-vera-traitement-bouclage-et-hydratation\/","title":{"rendered":"SKALA Babosa Expert Aloe Vera \u2013 Curl and Hydration Treatment"},"content":{"rendered":"<p data-start=\"131\" data-end=\"215\">\ud83c\udf3f <strong data-start=\"134\" data-end=\"210\">Skala Expert Babosa Aloe Vera \u2013 Moisturizing and Curl Defining Treatment<\/strong> \ud83c\udf3f<\/p>\n<p data-start=\"217\" data-end=\"526\">Give your curls a natural and intensely hydrating treatment with <strong data-start=\"284\" data-end=\"317\">Skala Expert Babosa Aloe Vera<\/strong>. Formulated with<strong data-start=\"336\" data-end=\"349\">Aloe Vera<\/strong>, known for its nourishing and restorative properties, this treatment is specially designed to hydrate, define and revitalize your curly, wavy or frizzy hair.<\/p>\n<p data-start=\"528\" data-end=\"1014\">\u2705 <strong data-start=\"530\" data-end=\"556\">Deep Hydration:<\/strong> Aloe Vera penetrates the heart of the hair fiber for long-lasting hydration and a silky feel.<br data-start=\"658\" data-end=\"661\">\u2705 <strong data-start=\"663\" data-end=\"691\">Definition of Loops:<\/strong> Helps form well-defined, soft, frizz-free curls.<br data-start=\"760\" data-end=\"763\">\u2705 <strong data-start=\"765\" data-end=\"784\">Vegan Formula:<\/strong> No animal-derived ingredients and not tested on animals \u2013 for respectful beauty.<br data-start=\"880\" data-end=\"883\">\u2705 <strong data-start=\"885\" data-end=\"901\" data-is-only-node=\"\">Versatile :<\/strong> Can be used as a mask, conditioner or leave-in styling cream for a complete hair routine.<\/p>\n<p data-start=\"1016\" data-end=\"1122\"><strong data-start=\"1016\" data-end=\"1032\">Ideal for:<\/strong> Curly, frizzy and kinky hair in search of hydration and perfect definition.<\/p>\n<p data-start=\"1124\" data-end=\"1244\">\u2728 <strong data-start=\"1126\" data-end=\"1242\">Transform your curls with Skala Expert Babosa Aloe Vera \u2013 Intense hydration for sublime curls!<\/strong><\/p>","protected":false},"excerpt":{"rendered":"<p>\ud83c\udf3f Skala Expert Babosa Aloe Vera \u2013 Soin Hydratant et D\u00e9finisseur de Boucles \ud83c\udf3f Offrez \u00e0 vos boucles un soin naturel et intens\u00e9ment hydratant avec Skala Expert Babosa Aloe Vera. Formul\u00e9 \u00e0 base d\u2019Aloe Vera, reconnu pour ses propri\u00e9t\u00e9s nourrissantes et r\u00e9paratrices, ce traitement est sp\u00e9cialement con\u00e7u pour hydrater, d\u00e9finir et revitaliser vos cheveux boucl\u00e9s, [&hellip;]<\/p>\n","protected":false},"featured_media":10249,"template":"","meta":{"om_disable_all_campaigns":false},"product_brand":[],"product_cat":[18,1186],"product_tag":[],"class_list":{"0":"post-10250","1":"product","2":"type-product","3":"status-publish","4":"has-post-thumbnail","6":"product_cat-beaute-sante","7":"product_cat-visage","9":"first","10":"instock","11":"taxable","12":"shipping-taxable","13":"purchasable","14":"product-type-simple"},"yoast_head":"<!-- This site is optimized with the Yoast SEO plugin v27.5 - https:\/\/yoast.com\/product\/yoast-seo-wordpress\/ -->\n<title>SKALA Babosa Aloe Vera Traitement Bouclage Hydratation - Maroc<\/title>\n<meta name=\"description\" content=\"D\u00e9couvrez le SKALA Babosa Expert Aloe Vera (1000g) au Maroc. Ce traitement 2-en-1 (masque &amp; cr\u00e8me coiffante), enrichi en Aloe Vera, d\u00e9finit les boucles\" \/>\n<meta name=\"robots\" content=\"index, follow, max-snippet:-1, max-image-preview:large, max-video-preview:-1\" \/>\n<link rel=\"canonical\" href=\"https:\/\/vitablanca.ma\/en\/product\/skala-expert-babosa-aloe-vera-traitement-bouclage-et-hydratation\/\" \/>\n<meta property=\"og:locale\" content=\"en_US\" \/>\n<meta property=\"og:type\" content=\"article\" \/>\n<meta property=\"og:title\" content=\"SKALA Babosa Aloe Vera Traitement Bouclage Hydratation - Maroc\" \/>\n<meta property=\"og:description\" content=\"D\u00e9couvrez le SKALA Babosa Expert Aloe Vera (1000g) au Maroc. Ce traitement 2-en-1 (masque &amp; cr\u00e8me coiffante), enrichi en Aloe Vera, d\u00e9finit les boucles\" \/>\n<meta property=\"og:url\" content=\"https:\/\/vitablanca.ma\/en\/product\/skala-expert-babosa-aloe-vera-traitement-bouclage-et-hydratation\/\" \/>\n<meta property=\"og:site_name\" content=\"Vitablanca.ma &ndash; Sant&eacute;, vitalit&eacute; et bien-&ecirc;tre pour tous les Marocains\" \/>\n<meta property=\"article:publisher\" content=\"https:\/\/www.facebook.com\/profile.php?id=61576678196717\" \/>\n<meta property=\"article:modified_time\" content=\"2025-09-17T16:49:45+00:00\" \/>\n<meta property=\"og:image\" content=\"https:\/\/vitablanca.ma\/wp-content\/uploads\/2025\/05\/SKALA-Expert-Babosa-Aloe-Vera-_-Traitement-Bouclage-et-Hydratation.jpg\" \/>\n\t<meta property=\"og:image:width\" content=\"800\" \/>\n\t<meta property=\"og:image:height\" content=\"800\" \/>\n\t<meta property=\"og:image:type\" content=\"image\/jpeg\" \/>\n<meta name=\"twitter:card\" content=\"summary_large_image\" \/>\n<meta name=\"twitter:label1\" content=\"Est. reading time\" \/>\n\t<meta name=\"twitter:data1\" content=\"2 minutes\" \/>\n<script type=\"application\/ld+json\" class=\"yoast-schema-graph\">{\"@context\":\"https:\\\/\\\/schema.org\",\"@graph\":[{\"@type\":[\"WebPage\",\"ItemPage\"],\"@id\":\"https:\\\/\\\/vitablanca.ma\\\/produit\\\/skala-expert-babosa-aloe-vera-traitement-bouclage-et-hydratation\\\/\",\"url\":\"https:\\\/\\\/vitablanca.ma\\\/produit\\\/skala-expert-babosa-aloe-vera-traitement-bouclage-et-hydratation\\\/\",\"name\":\"SKALA Babosa Aloe Vera Traitement Bouclage Hydratation - Maroc\",\"isPartOf\":{\"@id\":\"https:\\\/\\\/vitablanca.ma\\\/#website\"},\"primaryImageOfPage\":{\"@id\":\"https:\\\/\\\/vitablanca.ma\\\/produit\\\/skala-expert-babosa-aloe-vera-traitement-bouclage-et-hydratation\\\/#primaryimage\"},\"image\":{\"@id\":\"https:\\\/\\\/vitablanca.ma\\\/produit\\\/skala-expert-babosa-aloe-vera-traitement-bouclage-et-hydratation\\\/#primaryimage\"},\"thumbnailUrl\":\"https:\\\/\\\/vitablanca.ma\\\/wp-content\\\/uploads\\\/2025\\\/05\\\/SKALA-Expert-Babosa-Aloe-Vera-_-Traitement-Bouclage-et-Hydratation.jpg\",\"datePublished\":\"2025-05-28T19:36:53+00:00\",\"dateModified\":\"2025-09-17T16:49:45+00:00\",\"description\":\"D\u00e9couvrez le SKALA Babosa Expert Aloe Vera (1000g) au Maroc. Ce traitement 2-en-1 (masque & cr\u00e8me coiffante), enrichi en Aloe Vera, d\u00e9finit les boucles\",\"breadcrumb\":{\"@id\":\"https:\\\/\\\/vitablanca.ma\\\/produit\\\/skala-expert-babosa-aloe-vera-traitement-bouclage-et-hydratation\\\/#breadcrumb\"},\"inLanguage\":\"en-US\",\"potentialAction\":[{\"@type\":\"ReadAction\",\"target\":[\"https:\\\/\\\/vitablanca.ma\\\/produit\\\/skala-expert-babosa-aloe-vera-traitement-bouclage-et-hydratation\\\/\"]}]},{\"@type\":\"ImageObject\",\"inLanguage\":\"en-US\",\"@id\":\"https:\\\/\\\/vitablanca.ma\\\/produit\\\/skala-expert-babosa-aloe-vera-traitement-bouclage-et-hydratation\\\/#primaryimage\",\"url\":\"https:\\\/\\\/vitablanca.ma\\\/wp-content\\\/uploads\\\/2025\\\/05\\\/SKALA-Expert-Babosa-Aloe-Vera-_-Traitement-Bouclage-et-Hydratation.jpg\",\"contentUrl\":\"https:\\\/\\\/vitablanca.ma\\\/wp-content\\\/uploads\\\/2025\\\/05\\\/SKALA-Expert-Babosa-Aloe-Vera-_-Traitement-Bouclage-et-Hydratation.jpg\",\"width\":800,\"height\":800},{\"@type\":\"BreadcrumbList\",\"@id\":\"https:\\\/\\\/vitablanca.ma\\\/produit\\\/skala-expert-babosa-aloe-vera-traitement-bouclage-et-hydratation\\\/#breadcrumb\",\"itemListElement\":[{\"@type\":\"ListItem\",\"position\":1,\"name\":\"Home\",\"item\":\"https:\\\/\\\/vitablanca.ma\\\/\"},{\"@type\":\"ListItem\",\"position\":2,\"name\":\"Tous Les Produits\",\"item\":\"https:\\\/\\\/vitablanca.ma\\\/tous-les-produits\\\/\"},{\"@type\":\"ListItem\",\"position\":3,\"name\":\"SKALA Babosa Expert Aloe Vera \u2013 Traitement Bouclage et Hydratation\"}]},{\"@type\":\"WebSite\",\"@id\":\"https:\\\/\\\/vitablanca.ma\\\/#website\",\"url\":\"https:\\\/\\\/vitablanca.ma\\\/\",\"name\":\"VitaBlanca.ma | Compl\u00e9ments alimentaires, sant\u00e9 & beaut\u00e9 au Maroc\",\"description\":\"vendre vitamines et compl\u00e9ments premium des USA &amp; Canada, Nouvelle Z\u00e9lande,Maroc (NOW Foods, Solgar, Manuka). Livraison rapide partout au Maroc.\",\"publisher\":{\"@id\":\"https:\\\/\\\/vitablanca.ma\\\/#organization\"},\"alternateName\":\"VitaBlanca.ma\",\"potentialAction\":[{\"@type\":\"SearchAction\",\"target\":{\"@type\":\"EntryPoint\",\"urlTemplate\":\"https:\\\/\\\/vitablanca.ma\\\/?s={search_term_string}\"},\"query-input\":{\"@type\":\"PropertyValueSpecification\",\"valueRequired\":true,\"valueName\":\"search_term_string\"}}],\"inLanguage\":\"en-US\"},{\"@type\":\"Organization\",\"@id\":\"https:\\\/\\\/vitablanca.ma\\\/#organization\",\"name\":\"VitaBlanca\",\"url\":\"https:\\\/\\\/vitablanca.ma\\\/\",\"logo\":{\"@type\":\"ImageObject\",\"inLanguage\":\"en-US\",\"@id\":\"https:\\\/\\\/vitablanca.ma\\\/#\\\/schema\\\/logo\\\/image\\\/\",\"url\":\"https:\\\/\\\/vitablanca.ma\\\/wp-content\\\/uploads\\\/2025\\\/05\\\/cropped-vitablanca.png\",\"contentUrl\":\"https:\\\/\\\/vitablanca.ma\\\/wp-content\\\/uploads\\\/2025\\\/05\\\/cropped-vitablanca.png\",\"width\":360,\"height\":67,\"caption\":\"VitaBlanca\"},\"image\":{\"@id\":\"https:\\\/\\\/vitablanca.ma\\\/#\\\/schema\\\/logo\\\/image\\\/\"},\"sameAs\":[\"https:\\\/\\\/www.facebook.com\\\/profile.php?id=61576678196717\",\"https:\\\/\\\/www.tiktok.com\\\/@vitablanca.ma\",\"https:\\\/\\\/www.instagram.com\\\/vitablanca.ma\\\/\"]}]}<\/script>\n<!-- \/ Yoast SEO plugin. -->","yoast_head_json":{"title":"SKALA Babosa Aloe Vera Hydration Curl Treatment - Morocco","description":"Discover the SKALA Babosa Expert Aloe Vera (1000g) in Morocco. This 2-in-1 treatment (mask &amp; styling cream), enriched with Aloe Vera, defines curls","robots":{"index":"index","follow":"follow","max-snippet":"max-snippet:-1","max-image-preview":"max-image-preview:large","max-video-preview":"max-video-preview:-1"},"canonical":"https:\/\/vitablanca.ma\/en\/product\/skala-expert-babosa-aloe-vera-traitement-bouclage-et-hydratation\/","og_locale":"en_US","og_type":"article","og_title":"SKALA Babosa Aloe Vera Traitement Bouclage Hydratation - Maroc","og_description":"D\u00e9couvrez le SKALA Babosa Expert Aloe Vera (1000g) au Maroc. Ce traitement 2-en-1 (masque & cr\u00e8me coiffante), enrichi en Aloe Vera, d\u00e9finit les boucles","og_url":"https:\/\/vitablanca.ma\/en\/product\/skala-expert-babosa-aloe-vera-traitement-bouclage-et-hydratation\/","og_site_name":"Vitablanca.ma &ndash; Sant&eacute;, vitalit&eacute; et bien-&ecirc;tre pour tous les Marocains","article_publisher":"https:\/\/www.facebook.com\/profile.php?id=61576678196717","article_modified_time":"2025-09-17T16:49:45+00:00","og_image":[{"width":800,"height":800,"url":"https:\/\/vitablanca.ma\/wp-content\/uploads\/2025\/05\/SKALA-Expert-Babosa-Aloe-Vera-_-Traitement-Bouclage-et-Hydratation.jpg","type":"image\/jpeg"}],"twitter_card":"summary_large_image","twitter_misc":{"Est. reading time":"2 minutes"},"schema":{"@context":"https:\/\/schema.org","@graph":[{"@type":["WebPage","ItemPage"],"@id":"https:\/\/vitablanca.ma\/produit\/skala-expert-babosa-aloe-vera-traitement-bouclage-et-hydratation\/","url":"https:\/\/vitablanca.ma\/produit\/skala-expert-babosa-aloe-vera-traitement-bouclage-et-hydratation\/","name":"SKALA Babosa Aloe Vera Hydration Curl Treatment - Morocco","isPartOf":{"@id":"https:\/\/vitablanca.ma\/#website"},"primaryImageOfPage":{"@id":"https:\/\/vitablanca.ma\/produit\/skala-expert-babosa-aloe-vera-traitement-bouclage-et-hydratation\/#primaryimage"},"image":{"@id":"https:\/\/vitablanca.ma\/produit\/skala-expert-babosa-aloe-vera-traitement-bouclage-et-hydratation\/#primaryimage"},"thumbnailUrl":"https:\/\/vitablanca.ma\/wp-content\/uploads\/2025\/05\/SKALA-Expert-Babosa-Aloe-Vera-_-Traitement-Bouclage-et-Hydratation.jpg","datePublished":"2025-05-28T19:36:53+00:00","dateModified":"2025-09-17T16:49:45+00:00","description":"Discover the SKALA Babosa Expert Aloe Vera (1000g) in Morocco. This 2-in-1 treatment (mask &amp; styling cream), enriched with Aloe Vera, defines curls","breadcrumb":{"@id":"https:\/\/vitablanca.ma\/produit\/skala-expert-babosa-aloe-vera-traitement-bouclage-et-hydratation\/#breadcrumb"},"inLanguage":"en-US","potentialAction":[{"@type":"ReadAction","target":["https:\/\/vitablanca.ma\/produit\/skala-expert-babosa-aloe-vera-traitement-bouclage-et-hydratation\/"]}]},{"@type":"ImageObject","inLanguage":"en-US","@id":"https:\/\/vitablanca.ma\/produit\/skala-expert-babosa-aloe-vera-traitement-bouclage-et-hydratation\/#primaryimage","url":"https:\/\/vitablanca.ma\/wp-content\/uploads\/2025\/05\/SKALA-Expert-Babosa-Aloe-Vera-_-Traitement-Bouclage-et-Hydratation.jpg","contentUrl":"https:\/\/vitablanca.ma\/wp-content\/uploads\/2025\/05\/SKALA-Expert-Babosa-Aloe-Vera-_-Traitement-Bouclage-et-Hydratation.jpg","width":800,"height":800},{"@type":"BreadcrumbList","@id":"https:\/\/vitablanca.ma\/produit\/skala-expert-babosa-aloe-vera-traitement-bouclage-et-hydratation\/#breadcrumb","itemListElement":[{"@type":"ListItem","position":1,"name":"Home","item":"https:\/\/vitablanca.ma\/"},{"@type":"ListItem","position":2,"name":"Tous Les Produits","item":"https:\/\/vitablanca.ma\/tous-les-produits\/"},{"@type":"ListItem","position":3,"name":"SKALA Babosa Expert Aloe Vera \u2013 Traitement Bouclage et Hydratation"}]},{"@type":"WebSite","@id":"https:\/\/vitablanca.ma\/#website","url":"https:\/\/vitablanca.ma\/","name":"VitaBlanca.ma | Food supplements, health &amp; beauty in Morocco","description":"sell premium vitamins and supplements from USA &amp; Canada, New Zealand, Morocco (NOW Foods, Solgar, Manuka). Fast delivery anywhere in Morocco.","publisher":{"@id":"https:\/\/vitablanca.ma\/#organization"},"alternateName":"VitaBlanca.ma","potentialAction":[{"@type":"SearchAction","target":{"@type":"EntryPoint","urlTemplate":"https:\/\/vitablanca.ma\/?s={search_term_string}"},"query-input":{"@type":"PropertyValueSpecification","valueRequired":true,"valueName":"search_term_string"}}],"inLanguage":"en-US"},{"@type":"Organization","@id":"https:\/\/vitablanca.ma\/#organization","name":"VitaBlanca","url":"https:\/\/vitablanca.ma\/","logo":{"@type":"ImageObject","inLanguage":"en-US","@id":"https:\/\/vitablanca.ma\/#\/schema\/logo\/image\/","url":"https:\/\/vitablanca.ma\/wp-content\/uploads\/2025\/05\/cropped-vitablanca.png","contentUrl":"https:\/\/vitablanca.ma\/wp-content\/uploads\/2025\/05\/cropped-vitablanca.png","width":360,"height":67,"caption":"VitaBlanca"},"image":{"@id":"https:\/\/vitablanca.ma\/#\/schema\/logo\/image\/"},"sameAs":["https:\/\/www.facebook.com\/profile.php?id=61576678196717","https:\/\/www.tiktok.com\/@vitablanca.ma","https:\/\/www.instagram.com\/vitablanca.ma\/"]}]}},"jetpack_sharing_enabled":true,"_links":{"self":[{"href":"https:\/\/vitablanca.ma\/en\/wp-json\/wp\/v2\/product\/10250","targetHints":{"allow":["GET"]}}],"collection":[{"href":"https:\/\/vitablanca.ma\/en\/wp-json\/wp\/v2\/product"}],"about":[{"href":"https:\/\/vitablanca.ma\/en\/wp-json\/wp\/v2\/types\/product"}],"wp:featuredmedia":[{"embeddable":true,"href":"https:\/\/vitablanca.ma\/en\/wp-json\/wp\/v2\/media\/10249"}],"wp:attachment":[{"href":"https:\/\/vitablanca.ma\/en\/wp-json\/wp\/v2\/media?parent=10250"}],"wp:term":[{"taxonomy":"product_brand","embeddable":true,"href":"https:\/\/vitablanca.ma\/en\/wp-json\/wp\/v2\/product_brand?post=10250"},{"taxonomy":"product_cat","embeddable":true,"href":"https:\/\/vitablanca.ma\/en\/wp-json\/wp\/v2\/product_cat?post=10250"},{"taxonomy":"product_tag","embeddable":true,"href":"https:\/\/vitablanca.ma\/en\/wp-json\/wp\/v2\/product_tag?post=10250"}],"curies":[{"name":"wp","href":"https:\/\/api.w.org\/{rel}","templated":true}]}}