{"id":10246,"date":"2025-05-28T19:36:47","date_gmt":"2025-05-28T19:36:47","guid":{"rendered":"https:\/\/vitablanca.ma\/product\/eucerin-hyaluron-filler-3x-effect-serum-booster-dhydratation\/"},"modified":"2026-01-21T23:25:23","modified_gmt":"2026-01-21T23:25:23","slug":"eucerin-hyaluron-filler-3x-effect-serum-booster-dhydratation","status":"publish","type":"product","link":"https:\/\/vitablanca.ma\/en\/product\/eucerin-hyaluron-filler-3x-effect-serum-booster-dhydratation\/","title":{"rendered":"EUCERIN HYALURON-FILLER + 3x EFFECT HYDRATION BOOSTER SERUM"},"content":{"rendered":"<p>An ultra-light and refreshing hydration boost for all skin types.<\/p>\n<p>Its 3x Effect formula:<\/p>\n<p>\u00a0<\/p>\n<p>1- Plumps<\/p>\n<p>2- Hydrates<\/p>\n<p>3- Refreshes<\/p>\n<p>\u00a0<\/p>\n<p>A hydrating and refreshing gel that gives skin an immediate boost and increases skin hydration for up to 24 hours. Visibly plumps fine lines for smooth, healthy-looking skin.<\/p>","protected":false},"excerpt":{"rendered":"<p>Un boost d&rsquo;hydratation ultra-l\u00e9ger et rafra\u00eechissant pour tous les types de peau. Sa formule 3x Effect : \u00a0 1- Repulpe 2- Hydrate 3- Rafra\u00eechit \u00a0 Un gel hydratant et rafra\u00eechissant qui donne \u00e0 la peau un coup de boost imm\u00e9diat et augmente l&rsquo;hydratation de la peau jusqu&rsquo;\u00e0 24h. Repulpe visiblement les ridules pour une peau [&hellip;]<\/p>\n","protected":false},"featured_media":10245,"template":"","meta":{"om_disable_all_campaigns":false},"product_brand":[5994],"product_cat":[18,15,1186],"product_tag":[],"class_list":{"0":"post-10246","1":"product","2":"type-product","3":"status-publish","4":"has-post-thumbnail","6":"product_brand-eucerin-maroc-prix","7":"product_cat-beaute-sante","8":"product_cat-beaute-sante-complements-alimentaires-soins-et-bien-etre-au-meilleur-prix","9":"product_cat-visage","11":"first","12":"instock","13":"taxable","14":"shipping-taxable","15":"purchasable","16":"product-type-simple"},"yoast_head":"<!-- This site is optimized with the Yoast SEO plugin v27.3 - https:\/\/yoast.com\/product\/yoast-seo-wordpress\/ -->\n<title>EUCERIN HYALURON-FILLER + 3x EFFECT S\u00c9RUM BOOSTER D\u2019HYDRATATION - Maroc Prix<\/title>\n<meta name=\"description\" content=\"EUCERIN HYALURON-FILLER + 3x EFFECT S\u00c9RUM BOOSTER D\u2019HYDRATATION\" \/>\n<meta name=\"robots\" content=\"index, follow, max-snippet:-1, max-image-preview:large, max-video-preview:-1\" \/>\n<link rel=\"canonical\" href=\"https:\/\/vitablanca.ma\/en\/product\/eucerin-hyaluron-filler-3x-effect-serum-booster-dhydratation\/\" \/>\n<meta property=\"og:locale\" content=\"en_US\" \/>\n<meta property=\"og:type\" content=\"article\" \/>\n<meta property=\"og:title\" content=\"EUCERIN HYALURON-FILLER + 3x EFFECT S\u00c9RUM BOOSTER D\u2019HYDRATATION - Maroc Prix\" \/>\n<meta property=\"og:description\" content=\"EUCERIN HYALURON-FILLER + 3x EFFECT S\u00c9RUM BOOSTER D\u2019HYDRATATION\" \/>\n<meta property=\"og:url\" content=\"https:\/\/vitablanca.ma\/en\/product\/eucerin-hyaluron-filler-3x-effect-serum-booster-dhydratation\/\" \/>\n<meta property=\"og:site_name\" content=\"Vitablanca.ma &ndash; Sant&eacute;, vitalit&eacute; et bien-&ecirc;tre pour tous les Marocains\" \/>\n<meta property=\"article:publisher\" content=\"https:\/\/www.facebook.com\/profile.php?id=61576678196717\" \/>\n<meta property=\"article:modified_time\" content=\"2026-01-21T23:25:23+00:00\" \/>\n<meta property=\"og:image\" content=\"https:\/\/vitablanca.ma\/wp-content\/uploads\/2025\/05\/eucerin-hyaluron-filler-serum-booster-hydratation-30ml.jpg\" \/>\n\t<meta property=\"og:image:width\" content=\"1000\" \/>\n\t<meta property=\"og:image:height\" content=\"1000\" \/>\n\t<meta property=\"og:image:type\" content=\"image\/jpeg\" \/>\n<meta name=\"twitter:card\" content=\"summary_large_image\" \/>\n<script type=\"application\/ld+json\" class=\"yoast-schema-graph\">{\"@context\":\"https:\\\/\\\/schema.org\",\"@graph\":[{\"@type\":[\"WebPage\",\"ItemPage\"],\"@id\":\"https:\\\/\\\/vitablanca.ma\\\/produit\\\/eucerin-hyaluron-filler-3x-effect-serum-booster-dhydratation\\\/\",\"url\":\"https:\\\/\\\/vitablanca.ma\\\/produit\\\/eucerin-hyaluron-filler-3x-effect-serum-booster-dhydratation\\\/\",\"name\":\"EUCERIN HYALURON-FILLER + 3x EFFECT S\u00c9RUM BOOSTER D\u2019HYDRATATION - Maroc Prix\",\"isPartOf\":{\"@id\":\"https:\\\/\\\/vitablanca.ma\\\/#website\"},\"primaryImageOfPage\":{\"@id\":\"https:\\\/\\\/vitablanca.ma\\\/produit\\\/eucerin-hyaluron-filler-3x-effect-serum-booster-dhydratation\\\/#primaryimage\"},\"image\":{\"@id\":\"https:\\\/\\\/vitablanca.ma\\\/produit\\\/eucerin-hyaluron-filler-3x-effect-serum-booster-dhydratation\\\/#primaryimage\"},\"thumbnailUrl\":\"https:\\\/\\\/vitablanca.ma\\\/wp-content\\\/uploads\\\/2025\\\/05\\\/eucerin-hyaluron-filler-serum-booster-hydratation-30ml.jpg\",\"datePublished\":\"2025-05-28T19:36:47+00:00\",\"dateModified\":\"2026-01-21T23:25:23+00:00\",\"description\":\"EUCERIN HYALURON-FILLER + 3x EFFECT S\u00c9RUM BOOSTER D\u2019HYDRATATION\",\"breadcrumb\":{\"@id\":\"https:\\\/\\\/vitablanca.ma\\\/produit\\\/eucerin-hyaluron-filler-3x-effect-serum-booster-dhydratation\\\/#breadcrumb\"},\"inLanguage\":\"en-US\",\"potentialAction\":[{\"@type\":\"ReadAction\",\"target\":[\"https:\\\/\\\/vitablanca.ma\\\/produit\\\/eucerin-hyaluron-filler-3x-effect-serum-booster-dhydratation\\\/\"]}]},{\"@type\":\"ImageObject\",\"inLanguage\":\"en-US\",\"@id\":\"https:\\\/\\\/vitablanca.ma\\\/produit\\\/eucerin-hyaluron-filler-3x-effect-serum-booster-dhydratation\\\/#primaryimage\",\"url\":\"https:\\\/\\\/vitablanca.ma\\\/wp-content\\\/uploads\\\/2025\\\/05\\\/eucerin-hyaluron-filler-serum-booster-hydratation-30ml.jpg\",\"contentUrl\":\"https:\\\/\\\/vitablanca.ma\\\/wp-content\\\/uploads\\\/2025\\\/05\\\/eucerin-hyaluron-filler-serum-booster-hydratation-30ml.jpg\",\"width\":1000,\"height\":1000},{\"@type\":\"BreadcrumbList\",\"@id\":\"https:\\\/\\\/vitablanca.ma\\\/produit\\\/eucerin-hyaluron-filler-3x-effect-serum-booster-dhydratation\\\/#breadcrumb\",\"itemListElement\":[{\"@type\":\"ListItem\",\"position\":1,\"name\":\"Home\",\"item\":\"https:\\\/\\\/vitablanca.ma\\\/\"},{\"@type\":\"ListItem\",\"position\":2,\"name\":\"Tous Les Produits\",\"item\":\"https:\\\/\\\/vitablanca.ma\\\/tous-les-produits\\\/\"},{\"@type\":\"ListItem\",\"position\":3,\"name\":\"EUCERIN HYALURON-FILLER + 3x EFFECT S\u00c9RUM BOOSTER D\u2019HYDRATATION\"}]},{\"@type\":\"WebSite\",\"@id\":\"https:\\\/\\\/vitablanca.ma\\\/#website\",\"url\":\"https:\\\/\\\/vitablanca.ma\\\/\",\"name\":\"VitaBlanca.ma | Compl\u00e9ments alimentaires, sant\u00e9 & beaut\u00e9 au Maroc\",\"description\":\"vendre vitamines et compl\u00e9ments premium des USA &amp; Canada, Nouvelle Z\u00e9lande,Maroc (NOW Foods, Solgar, Manuka). Livraison rapide partout au Maroc.\",\"publisher\":{\"@id\":\"https:\\\/\\\/vitablanca.ma\\\/#organization\"},\"alternateName\":\"VitaBlanca.ma\",\"potentialAction\":[{\"@type\":\"SearchAction\",\"target\":{\"@type\":\"EntryPoint\",\"urlTemplate\":\"https:\\\/\\\/vitablanca.ma\\\/?s={search_term_string}\"},\"query-input\":{\"@type\":\"PropertyValueSpecification\",\"valueRequired\":true,\"valueName\":\"search_term_string\"}}],\"inLanguage\":\"en-US\"},{\"@type\":\"Organization\",\"@id\":\"https:\\\/\\\/vitablanca.ma\\\/#organization\",\"name\":\"VitaBlanca\",\"url\":\"https:\\\/\\\/vitablanca.ma\\\/\",\"logo\":{\"@type\":\"ImageObject\",\"inLanguage\":\"en-US\",\"@id\":\"https:\\\/\\\/vitablanca.ma\\\/#\\\/schema\\\/logo\\\/image\\\/\",\"url\":\"https:\\\/\\\/vitablanca.ma\\\/wp-content\\\/uploads\\\/2025\\\/05\\\/cropped-vitablanca.png\",\"contentUrl\":\"https:\\\/\\\/vitablanca.ma\\\/wp-content\\\/uploads\\\/2025\\\/05\\\/cropped-vitablanca.png\",\"width\":360,\"height\":67,\"caption\":\"VitaBlanca\"},\"image\":{\"@id\":\"https:\\\/\\\/vitablanca.ma\\\/#\\\/schema\\\/logo\\\/image\\\/\"},\"sameAs\":[\"https:\\\/\\\/www.facebook.com\\\/profile.php?id=61576678196717\",\"https:\\\/\\\/www.tiktok.com\\\/@vitablanca.ma\",\"https:\\\/\\\/www.instagram.com\\\/vitablanca.ma\\\/\"]}]}<\/script>\n<!-- \/ Yoast SEO plugin. -->","yoast_head_json":{"title":"EUCERIN HYALURON-FILLER + 3x EFFECT HYDRATION BOOSTER SERUM - Morocco Price","description":"EUCERIN HYALURON-FILLER + 3x EFFECT HYDRATION BOOSTER SERUM","robots":{"index":"index","follow":"follow","max-snippet":"max-snippet:-1","max-image-preview":"max-image-preview:large","max-video-preview":"max-video-preview:-1"},"canonical":"https:\/\/vitablanca.ma\/en\/product\/eucerin-hyaluron-filler-3x-effect-serum-booster-dhydratation\/","og_locale":"en_US","og_type":"article","og_title":"EUCERIN HYALURON-FILLER + 3x EFFECT S\u00c9RUM BOOSTER D\u2019HYDRATATION - Maroc Prix","og_description":"EUCERIN HYALURON-FILLER + 3x EFFECT S\u00c9RUM BOOSTER D\u2019HYDRATATION","og_url":"https:\/\/vitablanca.ma\/en\/product\/eucerin-hyaluron-filler-3x-effect-serum-booster-dhydratation\/","og_site_name":"Vitablanca.ma &ndash; Sant&eacute;, vitalit&eacute; et bien-&ecirc;tre pour tous les Marocains","article_publisher":"https:\/\/www.facebook.com\/profile.php?id=61576678196717","article_modified_time":"2026-01-21T23:25:23+00:00","og_image":[{"width":1000,"height":1000,"url":"https:\/\/vitablanca.ma\/wp-content\/uploads\/2025\/05\/eucerin-hyaluron-filler-serum-booster-hydratation-30ml.jpg","type":"image\/jpeg"}],"twitter_card":"summary_large_image","schema":{"@context":"https:\/\/schema.org","@graph":[{"@type":["WebPage","ItemPage"],"@id":"https:\/\/vitablanca.ma\/produit\/eucerin-hyaluron-filler-3x-effect-serum-booster-dhydratation\/","url":"https:\/\/vitablanca.ma\/produit\/eucerin-hyaluron-filler-3x-effect-serum-booster-dhydratation\/","name":"EUCERIN HYALURON-FILLER + 3x EFFECT HYDRATION BOOSTER SERUM - Morocco Price","isPartOf":{"@id":"https:\/\/vitablanca.ma\/#website"},"primaryImageOfPage":{"@id":"https:\/\/vitablanca.ma\/produit\/eucerin-hyaluron-filler-3x-effect-serum-booster-dhydratation\/#primaryimage"},"image":{"@id":"https:\/\/vitablanca.ma\/produit\/eucerin-hyaluron-filler-3x-effect-serum-booster-dhydratation\/#primaryimage"},"thumbnailUrl":"https:\/\/vitablanca.ma\/wp-content\/uploads\/2025\/05\/eucerin-hyaluron-filler-serum-booster-hydratation-30ml.jpg","datePublished":"2025-05-28T19:36:47+00:00","dateModified":"2026-01-21T23:25:23+00:00","description":"EUCERIN HYALURON-FILLER + 3x EFFECT HYDRATION BOOSTER SERUM","breadcrumb":{"@id":"https:\/\/vitablanca.ma\/produit\/eucerin-hyaluron-filler-3x-effect-serum-booster-dhydratation\/#breadcrumb"},"inLanguage":"en-US","potentialAction":[{"@type":"ReadAction","target":["https:\/\/vitablanca.ma\/produit\/eucerin-hyaluron-filler-3x-effect-serum-booster-dhydratation\/"]}]},{"@type":"ImageObject","inLanguage":"en-US","@id":"https:\/\/vitablanca.ma\/produit\/eucerin-hyaluron-filler-3x-effect-serum-booster-dhydratation\/#primaryimage","url":"https:\/\/vitablanca.ma\/wp-content\/uploads\/2025\/05\/eucerin-hyaluron-filler-serum-booster-hydratation-30ml.jpg","contentUrl":"https:\/\/vitablanca.ma\/wp-content\/uploads\/2025\/05\/eucerin-hyaluron-filler-serum-booster-hydratation-30ml.jpg","width":1000,"height":1000},{"@type":"BreadcrumbList","@id":"https:\/\/vitablanca.ma\/produit\/eucerin-hyaluron-filler-3x-effect-serum-booster-dhydratation\/#breadcrumb","itemListElement":[{"@type":"ListItem","position":1,"name":"Home","item":"https:\/\/vitablanca.ma\/"},{"@type":"ListItem","position":2,"name":"Tous Les Produits","item":"https:\/\/vitablanca.ma\/tous-les-produits\/"},{"@type":"ListItem","position":3,"name":"EUCERIN HYALURON-FILLER + 3x EFFECT S\u00c9RUM BOOSTER D\u2019HYDRATATION"}]},{"@type":"WebSite","@id":"https:\/\/vitablanca.ma\/#website","url":"https:\/\/vitablanca.ma\/","name":"VitaBlanca.ma | Food supplements, health &amp; beauty in Morocco","description":"sell premium vitamins and supplements from USA &amp; Canada, New Zealand, Morocco (NOW Foods, Solgar, Manuka). Fast delivery anywhere in Morocco.","publisher":{"@id":"https:\/\/vitablanca.ma\/#organization"},"alternateName":"VitaBlanca.ma","potentialAction":[{"@type":"SearchAction","target":{"@type":"EntryPoint","urlTemplate":"https:\/\/vitablanca.ma\/?s={search_term_string}"},"query-input":{"@type":"PropertyValueSpecification","valueRequired":true,"valueName":"search_term_string"}}],"inLanguage":"en-US"},{"@type":"Organization","@id":"https:\/\/vitablanca.ma\/#organization","name":"VitaBlanca","url":"https:\/\/vitablanca.ma\/","logo":{"@type":"ImageObject","inLanguage":"en-US","@id":"https:\/\/vitablanca.ma\/#\/schema\/logo\/image\/","url":"https:\/\/vitablanca.ma\/wp-content\/uploads\/2025\/05\/cropped-vitablanca.png","contentUrl":"https:\/\/vitablanca.ma\/wp-content\/uploads\/2025\/05\/cropped-vitablanca.png","width":360,"height":67,"caption":"VitaBlanca"},"image":{"@id":"https:\/\/vitablanca.ma\/#\/schema\/logo\/image\/"},"sameAs":["https:\/\/www.facebook.com\/profile.php?id=61576678196717","https:\/\/www.tiktok.com\/@vitablanca.ma","https:\/\/www.instagram.com\/vitablanca.ma\/"]}]}},"jetpack_sharing_enabled":true,"_links":{"self":[{"href":"https:\/\/vitablanca.ma\/en\/wp-json\/wp\/v2\/product\/10246","targetHints":{"allow":["GET"]}}],"collection":[{"href":"https:\/\/vitablanca.ma\/en\/wp-json\/wp\/v2\/product"}],"about":[{"href":"https:\/\/vitablanca.ma\/en\/wp-json\/wp\/v2\/types\/product"}],"wp:featuredmedia":[{"embeddable":true,"href":"https:\/\/vitablanca.ma\/en\/wp-json\/wp\/v2\/media\/10245"}],"wp:attachment":[{"href":"https:\/\/vitablanca.ma\/en\/wp-json\/wp\/v2\/media?parent=10246"}],"wp:term":[{"taxonomy":"product_brand","embeddable":true,"href":"https:\/\/vitablanca.ma\/en\/wp-json\/wp\/v2\/product_brand?post=10246"},{"taxonomy":"product_cat","embeddable":true,"href":"https:\/\/vitablanca.ma\/en\/wp-json\/wp\/v2\/product_cat?post=10246"},{"taxonomy":"product_tag","embeddable":true,"href":"https:\/\/vitablanca.ma\/en\/wp-json\/wp\/v2\/product_tag?post=10246"}],"curies":[{"name":"wp","href":"https:\/\/api.w.org\/{rel}","templated":true}]}}