{"id":10225,"date":"2025-05-28T19:36:03","date_gmt":"2025-05-28T19:36:03","guid":{"rendered":"https:\/\/vitablanca.ma\/product\/uriage-bariesun-creme-hydratante-sans-parfum-spf50\/"},"modified":"2025-05-28T19:55:45","modified_gmt":"2025-05-28T19:55:45","slug":"uriage-bariesun-creme-hydratante-sans-parfum-spf50","status":"publish","type":"product","link":"https:\/\/vitablanca.ma\/en\/product\/uriage-bariesun-creme-hydratante-sans-parfum-spf50\/","title":{"rendered":"Uriage BARI\u00c9SUN FRAGRANCE-FREE MOISTURIZING CREAM SPF50+"},"content":{"rendered":"<p>Thanks to a high-performance filter complex, the cream provides very high protection against UVA and UVB rays and prevents skin from drying out. Its light, non-greasy, and water-resistant texture guarantees renewed pleasure with each application. This very fluid treatment guarantees high safety, high tolerance, and is quickly absorbed.<\/p>\n<p>Protects against UV rays<\/p>\n<p>Its filter complex provides very high UV protection. This treatment guarantees proven photostability and broad UVB-UVA coverage.<\/p>\n<p>Prevents skin dryness<\/p>\n<p>Enriched with Aquaspongines and Uriage Thermal Water, the cream provides intense protection against dehydration.<\/p>\n<p>Directions for use:<\/p>\n<p>Before sun exposure, apply a generous and even dose to thoroughly cover the sun-exposed area. Reapply frequently, especially after perspiring, swimming, or toweling. Even when well protected, minimize exposure. Do not expose babies and young children to direct sunlight.<\/p>","protected":false},"excerpt":{"rendered":"<p>Gr\u00e2ce \u00e0 un complexe filtrant tr\u00e8s performant, la cr\u00e8me apporte une tr\u00e8s haute protection contre les UVA, les UVB et pr\u00e9vient du dess\u00e8chement cutan\u00e9. Sa texture l\u00e9g\u00e8re, non grasse et r\u00e9sistante \u00e0 l\u2019eau, garantit un plaisir d\u2019utilisation renouvel\u00e9 \u00e0 chaque application. Ce soin tr\u00e8s fluide garantit une haute s\u00e9curit\u00e9, une grande tol\u00e9rance et p\u00e9n\u00e8tre rapidement. [&hellip;]<\/p>\n","protected":false},"featured_media":10223,"template":"","meta":{"om_disable_all_campaigns":false},"product_brand":[],"product_cat":[18,15,1186],"product_tag":[],"class_list":{"0":"post-10225","1":"product","2":"type-product","3":"status-publish","4":"has-post-thumbnail","6":"product_cat-beaute-sante","7":"product_cat-beaute-sante-complements-alimentaires-soins-et-bien-etre-au-meilleur-prix","8":"product_cat-visage","10":"first","11":"instock","12":"taxable","13":"shipping-taxable","14":"purchasable","15":"product-type-simple"},"yoast_head":"<!-- This site is optimized with the Yoast SEO plugin v27.3 - https:\/\/yoast.com\/product\/yoast-seo-wordpress\/ -->\n<title>Uriage BARI\u00c9SUN CR\u00c8ME HYDRATANTE SANS PARFUM SPF50+ - Maroc Prix<\/title>\n<meta name=\"description\" content=\"Uriage BARI\u00c9SUN CR\u00c8ME HYDRATANTE SANS PARFUM SPF50+\" \/>\n<meta name=\"robots\" content=\"index, follow, max-snippet:-1, max-image-preview:large, max-video-preview:-1\" \/>\n<link rel=\"canonical\" href=\"https:\/\/vitablanca.ma\/en\/product\/uriage-bariesun-creme-hydratante-sans-parfum-spf50\/\" \/>\n<meta property=\"og:locale\" content=\"en_US\" \/>\n<meta property=\"og:type\" content=\"article\" \/>\n<meta property=\"og:title\" content=\"Uriage BARI\u00c9SUN CR\u00c8ME HYDRATANTE SANS PARFUM SPF50+ - Maroc Prix\" \/>\n<meta property=\"og:description\" content=\"Uriage BARI\u00c9SUN CR\u00c8ME HYDRATANTE SANS PARFUM SPF50+\" \/>\n<meta property=\"og:url\" content=\"https:\/\/vitablanca.ma\/en\/product\/uriage-bariesun-creme-hydratante-sans-parfum-spf50\/\" \/>\n<meta property=\"og:site_name\" content=\"Vitablanca.ma &ndash; Sant&eacute;, vitalit&eacute; et bien-&ecirc;tre pour tous les Marocains\" \/>\n<meta property=\"article:publisher\" content=\"https:\/\/www.facebook.com\/profile.php?id=61576678196717\" \/>\n<meta property=\"article:modified_time\" content=\"2025-05-28T19:55:45+00:00\" \/>\n<meta property=\"og:image\" content=\"https:\/\/vitablanca.ma\/wp-content\/uploads\/2025\/05\/Uriage_BARI_SUN_CR_ME_HYDRATANTE_SANS_PARFUM_SPF50.png\" \/>\n\t<meta property=\"og:image:width\" content=\"837\" \/>\n\t<meta property=\"og:image:height\" content=\"786\" \/>\n\t<meta property=\"og:image:type\" content=\"image\/png\" \/>\n<meta name=\"twitter:card\" content=\"summary_large_image\" \/>\n<meta name=\"twitter:label1\" content=\"Est. reading time\" \/>\n\t<meta name=\"twitter:data1\" content=\"1 minute\" \/>\n<script type=\"application\/ld+json\" class=\"yoast-schema-graph\">{\"@context\":\"https:\\\/\\\/schema.org\",\"@graph\":[{\"@type\":[\"WebPage\",\"ItemPage\"],\"@id\":\"https:\\\/\\\/vitablanca.ma\\\/produit\\\/uriage-bariesun-creme-hydratante-sans-parfum-spf50\\\/\",\"url\":\"https:\\\/\\\/vitablanca.ma\\\/produit\\\/uriage-bariesun-creme-hydratante-sans-parfum-spf50\\\/\",\"name\":\"Uriage BARI\u00c9SUN CR\u00c8ME HYDRATANTE SANS PARFUM SPF50+ - Maroc Prix\",\"isPartOf\":{\"@id\":\"https:\\\/\\\/vitablanca.ma\\\/#website\"},\"primaryImageOfPage\":{\"@id\":\"https:\\\/\\\/vitablanca.ma\\\/produit\\\/uriage-bariesun-creme-hydratante-sans-parfum-spf50\\\/#primaryimage\"},\"image\":{\"@id\":\"https:\\\/\\\/vitablanca.ma\\\/produit\\\/uriage-bariesun-creme-hydratante-sans-parfum-spf50\\\/#primaryimage\"},\"thumbnailUrl\":\"https:\\\/\\\/vitablanca.ma\\\/wp-content\\\/uploads\\\/2025\\\/05\\\/Uriage_BARI_SUN_CR_ME_HYDRATANTE_SANS_PARFUM_SPF50.png\",\"datePublished\":\"2025-05-28T19:36:03+00:00\",\"dateModified\":\"2025-05-28T19:55:45+00:00\",\"description\":\"Uriage BARI\u00c9SUN CR\u00c8ME HYDRATANTE SANS PARFUM SPF50+\",\"breadcrumb\":{\"@id\":\"https:\\\/\\\/vitablanca.ma\\\/produit\\\/uriage-bariesun-creme-hydratante-sans-parfum-spf50\\\/#breadcrumb\"},\"inLanguage\":\"en-US\",\"potentialAction\":[{\"@type\":\"ReadAction\",\"target\":[\"https:\\\/\\\/vitablanca.ma\\\/produit\\\/uriage-bariesun-creme-hydratante-sans-parfum-spf50\\\/\"]}]},{\"@type\":\"ImageObject\",\"inLanguage\":\"en-US\",\"@id\":\"https:\\\/\\\/vitablanca.ma\\\/produit\\\/uriage-bariesun-creme-hydratante-sans-parfum-spf50\\\/#primaryimage\",\"url\":\"https:\\\/\\\/vitablanca.ma\\\/wp-content\\\/uploads\\\/2025\\\/05\\\/Uriage_BARI_SUN_CR_ME_HYDRATANTE_SANS_PARFUM_SPF50.png\",\"contentUrl\":\"https:\\\/\\\/vitablanca.ma\\\/wp-content\\\/uploads\\\/2025\\\/05\\\/Uriage_BARI_SUN_CR_ME_HYDRATANTE_SANS_PARFUM_SPF50.png\",\"width\":837,\"height\":786},{\"@type\":\"BreadcrumbList\",\"@id\":\"https:\\\/\\\/vitablanca.ma\\\/produit\\\/uriage-bariesun-creme-hydratante-sans-parfum-spf50\\\/#breadcrumb\",\"itemListElement\":[{\"@type\":\"ListItem\",\"position\":1,\"name\":\"Home\",\"item\":\"https:\\\/\\\/vitablanca.ma\\\/\"},{\"@type\":\"ListItem\",\"position\":2,\"name\":\"Tous Les Produits\",\"item\":\"https:\\\/\\\/vitablanca.ma\\\/tous-les-produits\\\/\"},{\"@type\":\"ListItem\",\"position\":3,\"name\":\"Uriage BARI\u00c9SUN CR\u00c8ME HYDRATANTE SANS PARFUM SPF50+\"}]},{\"@type\":\"WebSite\",\"@id\":\"https:\\\/\\\/vitablanca.ma\\\/#website\",\"url\":\"https:\\\/\\\/vitablanca.ma\\\/\",\"name\":\"VitaBlanca.ma | Compl\u00e9ments alimentaires, sant\u00e9 & beaut\u00e9 au Maroc\",\"description\":\"vendre vitamines et compl\u00e9ments premium des USA &amp; Canada, Nouvelle Z\u00e9lande,Maroc (NOW Foods, Solgar, Manuka). Livraison rapide partout au Maroc.\",\"publisher\":{\"@id\":\"https:\\\/\\\/vitablanca.ma\\\/#organization\"},\"alternateName\":\"VitaBlanca.ma\",\"potentialAction\":[{\"@type\":\"SearchAction\",\"target\":{\"@type\":\"EntryPoint\",\"urlTemplate\":\"https:\\\/\\\/vitablanca.ma\\\/?s={search_term_string}\"},\"query-input\":{\"@type\":\"PropertyValueSpecification\",\"valueRequired\":true,\"valueName\":\"search_term_string\"}}],\"inLanguage\":\"en-US\"},{\"@type\":\"Organization\",\"@id\":\"https:\\\/\\\/vitablanca.ma\\\/#organization\",\"name\":\"VitaBlanca\",\"url\":\"https:\\\/\\\/vitablanca.ma\\\/\",\"logo\":{\"@type\":\"ImageObject\",\"inLanguage\":\"en-US\",\"@id\":\"https:\\\/\\\/vitablanca.ma\\\/#\\\/schema\\\/logo\\\/image\\\/\",\"url\":\"https:\\\/\\\/vitablanca.ma\\\/wp-content\\\/uploads\\\/2025\\\/05\\\/cropped-vitablanca.png\",\"contentUrl\":\"https:\\\/\\\/vitablanca.ma\\\/wp-content\\\/uploads\\\/2025\\\/05\\\/cropped-vitablanca.png\",\"width\":360,\"height\":67,\"caption\":\"VitaBlanca\"},\"image\":{\"@id\":\"https:\\\/\\\/vitablanca.ma\\\/#\\\/schema\\\/logo\\\/image\\\/\"},\"sameAs\":[\"https:\\\/\\\/www.facebook.com\\\/profile.php?id=61576678196717\",\"https:\\\/\\\/www.tiktok.com\\\/@vitablanca.ma\",\"https:\\\/\\\/www.instagram.com\\\/vitablanca.ma\\\/\"]}]}<\/script>\n<!-- \/ Yoast SEO plugin. -->","yoast_head_json":{"title":"Uriage BARI\u00c9SUN FRAGRANCE-FREE MOISTURIZING CREAM SPF50+ - Morocco Price","description":"Uriage BARI\u00c9SUN FRAGRANCE-FREE MOISTURIZING CREAM SPF50+","robots":{"index":"index","follow":"follow","max-snippet":"max-snippet:-1","max-image-preview":"max-image-preview:large","max-video-preview":"max-video-preview:-1"},"canonical":"https:\/\/vitablanca.ma\/en\/product\/uriage-bariesun-creme-hydratante-sans-parfum-spf50\/","og_locale":"en_US","og_type":"article","og_title":"Uriage BARI\u00c9SUN CR\u00c8ME HYDRATANTE SANS PARFUM SPF50+ - Maroc Prix","og_description":"Uriage BARI\u00c9SUN CR\u00c8ME HYDRATANTE SANS PARFUM SPF50+","og_url":"https:\/\/vitablanca.ma\/en\/product\/uriage-bariesun-creme-hydratante-sans-parfum-spf50\/","og_site_name":"Vitablanca.ma &ndash; Sant&eacute;, vitalit&eacute; et bien-&ecirc;tre pour tous les Marocains","article_publisher":"https:\/\/www.facebook.com\/profile.php?id=61576678196717","article_modified_time":"2025-05-28T19:55:45+00:00","og_image":[{"width":837,"height":786,"url":"https:\/\/vitablanca.ma\/wp-content\/uploads\/2025\/05\/Uriage_BARI_SUN_CR_ME_HYDRATANTE_SANS_PARFUM_SPF50.png","type":"image\/png"}],"twitter_card":"summary_large_image","twitter_misc":{"Est. reading time":"1 minute"},"schema":{"@context":"https:\/\/schema.org","@graph":[{"@type":["WebPage","ItemPage"],"@id":"https:\/\/vitablanca.ma\/produit\/uriage-bariesun-creme-hydratante-sans-parfum-spf50\/","url":"https:\/\/vitablanca.ma\/produit\/uriage-bariesun-creme-hydratante-sans-parfum-spf50\/","name":"Uriage BARI\u00c9SUN FRAGRANCE-FREE MOISTURIZING CREAM SPF50+ - Morocco Price","isPartOf":{"@id":"https:\/\/vitablanca.ma\/#website"},"primaryImageOfPage":{"@id":"https:\/\/vitablanca.ma\/produit\/uriage-bariesun-creme-hydratante-sans-parfum-spf50\/#primaryimage"},"image":{"@id":"https:\/\/vitablanca.ma\/produit\/uriage-bariesun-creme-hydratante-sans-parfum-spf50\/#primaryimage"},"thumbnailUrl":"https:\/\/vitablanca.ma\/wp-content\/uploads\/2025\/05\/Uriage_BARI_SUN_CR_ME_HYDRATANTE_SANS_PARFUM_SPF50.png","datePublished":"2025-05-28T19:36:03+00:00","dateModified":"2025-05-28T19:55:45+00:00","description":"Uriage BARI\u00c9SUN FRAGRANCE-FREE MOISTURIZING CREAM SPF50+","breadcrumb":{"@id":"https:\/\/vitablanca.ma\/produit\/uriage-bariesun-creme-hydratante-sans-parfum-spf50\/#breadcrumb"},"inLanguage":"en-US","potentialAction":[{"@type":"ReadAction","target":["https:\/\/vitablanca.ma\/produit\/uriage-bariesun-creme-hydratante-sans-parfum-spf50\/"]}]},{"@type":"ImageObject","inLanguage":"en-US","@id":"https:\/\/vitablanca.ma\/produit\/uriage-bariesun-creme-hydratante-sans-parfum-spf50\/#primaryimage","url":"https:\/\/vitablanca.ma\/wp-content\/uploads\/2025\/05\/Uriage_BARI_SUN_CR_ME_HYDRATANTE_SANS_PARFUM_SPF50.png","contentUrl":"https:\/\/vitablanca.ma\/wp-content\/uploads\/2025\/05\/Uriage_BARI_SUN_CR_ME_HYDRATANTE_SANS_PARFUM_SPF50.png","width":837,"height":786},{"@type":"BreadcrumbList","@id":"https:\/\/vitablanca.ma\/produit\/uriage-bariesun-creme-hydratante-sans-parfum-spf50\/#breadcrumb","itemListElement":[{"@type":"ListItem","position":1,"name":"Home","item":"https:\/\/vitablanca.ma\/"},{"@type":"ListItem","position":2,"name":"Tous Les Produits","item":"https:\/\/vitablanca.ma\/tous-les-produits\/"},{"@type":"ListItem","position":3,"name":"Uriage BARI\u00c9SUN CR\u00c8ME HYDRATANTE SANS PARFUM SPF50+"}]},{"@type":"WebSite","@id":"https:\/\/vitablanca.ma\/#website","url":"https:\/\/vitablanca.ma\/","name":"VitaBlanca.ma | Food supplements, health &amp; beauty in Morocco","description":"sell premium vitamins and supplements from USA &amp; Canada, New Zealand, Morocco (NOW Foods, Solgar, Manuka). Fast delivery anywhere in Morocco.","publisher":{"@id":"https:\/\/vitablanca.ma\/#organization"},"alternateName":"VitaBlanca.ma","potentialAction":[{"@type":"SearchAction","target":{"@type":"EntryPoint","urlTemplate":"https:\/\/vitablanca.ma\/?s={search_term_string}"},"query-input":{"@type":"PropertyValueSpecification","valueRequired":true,"valueName":"search_term_string"}}],"inLanguage":"en-US"},{"@type":"Organization","@id":"https:\/\/vitablanca.ma\/#organization","name":"VitaBlanca","url":"https:\/\/vitablanca.ma\/","logo":{"@type":"ImageObject","inLanguage":"en-US","@id":"https:\/\/vitablanca.ma\/#\/schema\/logo\/image\/","url":"https:\/\/vitablanca.ma\/wp-content\/uploads\/2025\/05\/cropped-vitablanca.png","contentUrl":"https:\/\/vitablanca.ma\/wp-content\/uploads\/2025\/05\/cropped-vitablanca.png","width":360,"height":67,"caption":"VitaBlanca"},"image":{"@id":"https:\/\/vitablanca.ma\/#\/schema\/logo\/image\/"},"sameAs":["https:\/\/www.facebook.com\/profile.php?id=61576678196717","https:\/\/www.tiktok.com\/@vitablanca.ma","https:\/\/www.instagram.com\/vitablanca.ma\/"]}]}},"jetpack_sharing_enabled":true,"_links":{"self":[{"href":"https:\/\/vitablanca.ma\/en\/wp-json\/wp\/v2\/product\/10225","targetHints":{"allow":["GET"]}}],"collection":[{"href":"https:\/\/vitablanca.ma\/en\/wp-json\/wp\/v2\/product"}],"about":[{"href":"https:\/\/vitablanca.ma\/en\/wp-json\/wp\/v2\/types\/product"}],"wp:featuredmedia":[{"embeddable":true,"href":"https:\/\/vitablanca.ma\/en\/wp-json\/wp\/v2\/media\/10223"}],"wp:attachment":[{"href":"https:\/\/vitablanca.ma\/en\/wp-json\/wp\/v2\/media?parent=10225"}],"wp:term":[{"taxonomy":"product_brand","embeddable":true,"href":"https:\/\/vitablanca.ma\/en\/wp-json\/wp\/v2\/product_brand?post=10225"},{"taxonomy":"product_cat","embeddable":true,"href":"https:\/\/vitablanca.ma\/en\/wp-json\/wp\/v2\/product_cat?post=10225"},{"taxonomy":"product_tag","embeddable":true,"href":"https:\/\/vitablanca.ma\/en\/wp-json\/wp\/v2\/product_tag?post=10225"}],"curies":[{"name":"wp","href":"https:\/\/api.w.org\/{rel}","templated":true}]}}